{"id":6547,"date":"2023-08-16T07:05:44","date_gmt":"2023-08-16T07:05:44","guid":{"rendered":"https:\/\/diligentplug.com\/chems\/?post_type=product&#038;p=6547"},"modified":"2025-02-03T10:45:10","modified_gmt":"2025-02-03T10:45:10","slug":"green-cambodian","status":"publish","type":"product","link":"https:\/\/rckopen.com\/de\/produkt\/gruner-kambodschaner\/","title":{"rendered":"Green Cambodian online kaufen"},"content":{"rendered":"<h2>Green Cambodian online kaufen<\/h2>\n<p><a href=\"https:\/\/rckopen.com\/de\/produkt\/gruner-kambodschaner\/\">Green Cambodian online kaufen<\/a>, <a href=\"https:\/\/en.wikipedia.org\/wiki\/Cambodia\">Cambodjaanse<\/a> Kratom in der gr\u00fcnen Variante. Dieses Kratom hat eine sehr intensive gr\u00fcne Farbe und ist bei K\u00e4ufern sehr beliebt. Es \u00fcberzeugt durch Feinheit, hohe Qualit\u00e4t und nat\u00fcrlich g\u00fcnstige Preise. Je gr\u00f6\u00dfer die Menge, desto niedriger unser Preis pro Kilo<a href=\"https:\/\/rckopen.com\/de\/produkt\/gruner-bentuangie\/\">.<\/a><\/p>\n<table class=\"ecwid-description-table\">\n<tbody>\n<tr>\n<td><u data-redactor-tag=\"u\">Farbe:<\/u><\/td>\n<td>Gr\u00fcn<\/td>\n<\/tr>\n<\/tbody>\n<\/table>\n<table class=\"ecwid-description-table\" style=\"width: 103.68%; height: 462px;\">\n<tbody>\n<tr>\n<td><u data-redactor-tag=\"u\">Die Form:<\/u><\/td>\n<td>Fein gemahlenes Pulver<\/td>\n<\/tr>\n<tr>\n<td><u data-redactor-tag=\"u\">Probe der gleichen Sorte:<\/u><\/td>\n<td>Von 100 Gramm = 10 Gramm der Probe<\/td>\n<\/tr>\n<tr>\n<td><u data-redactor-tag=\"u\">Verpackung:<\/u><\/td>\n<td>Leichter und leichter Doypack<\/td>\n<\/tr>\n<tr>\n<td>Die Verkaufsbedingungen:<\/td>\n<td>Das pflanzliche Farbpigment eignet sich nur zum F\u00e4rben oder Einf\u00e4rben.<br \/>\nDie Farbpigmente d\u00fcrfen nicht in Kontakt mit den Augen kommen. Sollte es dennoch zu einem Augenkontakt kommen, sp\u00fclen Sie die Augen mit klarem Wasser aus. Bei anhaltender Reizung Arzt aufsuchen. Das Farbpigment ist nicht zum Verzehr geeignet, sondern nur zum Einf\u00e4rben von Textilien, Keramik, Kerzen etc. oder f\u00fcr K\u00fcnstler, die sch\u00f6ne Gem\u00e4lde anfertigen m\u00f6chten.<\/p>\n<p>Halten Sie das Farbpigment von Kindern fern! Gr\u00fcnes Kambodscha kaufen<\/td>\n<\/tr>\n<\/tbody>\n<\/table>\n<p><a href=\"https:\/\/rckopen.com\/de\/\">rckopen.com<\/a> bietet Produkte an, die nicht f\u00fcr den menschlichen Verzehr bestimmt sind. Wenn Sie dieses Produkt (unabsichtlich) konsumieren, kann dies schwerwiegende medizinische Folgen haben<a href=\"https:\/\/en.wikipedia.org\/wiki\/Mitragyna_speciosa\">.<\/a><\/p>","protected":false},"excerpt":{"rendered":"<p><strong>Form: <\/strong>Pulver<\/p>\n<p><strong>NMR-Analyse: <\/strong>K.A.<\/p>","protected":false},"featured_media":6557,"comment_status":"open","ping_status":"closed","template":"","meta":{"_joinchat":[]},"product_brand":[],"product_cat":[139],"product_tag":[],"class_list":{"0":"post-6547","1":"product","2":"type-product","3":"status-publish","4":"has-post-thumbnail","6":"product_cat-kratom","8":"first","9":"instock","10":"shipping-taxable","11":"purchasable","12":"product-type-variable"},"yoast_head":"<!-- This site is optimized with the Yoast SEO plugin v26.3 - https:\/\/yoast.com\/wordpress\/plugins\/seo\/ -->\n<title>Green Cambodian online kopen - Green Cambodian online te koop<\/title>\n<meta name=\"description\" content=\"Mis geen enkele kans om Green Cambodian online te kopen bij onze Rckopen. We hebben uitsluitend te maken met Green Cambodian die te koop zijn tegen goedkope tarieven. Wij zijn hier om u te helpen. Bestel nu!\" \/>\n<meta name=\"robots\" content=\"index, follow, max-snippet:-1, max-image-preview:large, max-video-preview:-1\" \/>\n<link rel=\"canonical\" href=\"https:\/\/rckopen.com\/de\/produkt\/gruner-kambodschaner\/\" \/>\n<meta property=\"og:locale\" content=\"de_DE\" \/>\n<meta property=\"og:type\" content=\"article\" \/>\n<meta property=\"og:title\" content=\"Green Cambodian online kopen - Green Cambodian online te koop\" \/>\n<meta property=\"og:description\" content=\"Mis geen enkele kans om Green Cambodian online te kopen bij onze Rckopen. We hebben uitsluitend te maken met Green Cambodian die te koop zijn tegen goedkope tarieven. Wij zijn hier om u te helpen. Bestel nu!\" \/>\n<meta property=\"og:url\" content=\"https:\/\/rckopen.com\/de\/produkt\/gruner-kambodschaner\/\" \/>\n<meta property=\"og:site_name\" content=\"RC Kopen\" \/>\n<meta property=\"article:modified_time\" content=\"2025-02-03T10:45:10+00:00\" \/>\n<meta property=\"og:image\" content=\"https:\/\/rckopen.com\/wp-content\/uploads\/2023\/08\/Green-Cambodian.jpg\" \/>\n\t<meta property=\"og:image:width\" content=\"600\" \/>\n\t<meta property=\"og:image:height\" content=\"600\" \/>\n\t<meta property=\"og:image:type\" content=\"image\/jpeg\" \/>\n<meta name=\"twitter:card\" content=\"summary_large_image\" \/>\n<meta name=\"twitter:label1\" content=\"Gesch\u00e4tzte Lesezeit\" \/>\n\t<meta name=\"twitter:data1\" content=\"1\u00a0Minute\" \/>\n<script type=\"application\/ld+json\" class=\"yoast-schema-graph\">{\"@context\":\"https:\/\/schema.org\",\"@graph\":[{\"@type\":\"WebPage\",\"@id\":\"https:\/\/rckopen.com\/product\/green-cambodian\/\",\"url\":\"https:\/\/rckopen.com\/product\/green-cambodian\/\",\"name\":\"Green Cambodian online kopen - Green Cambodian online te koop\",\"isPartOf\":{\"@id\":\"https:\/\/rckopen.com\/#website\"},\"primaryImageOfPage\":{\"@id\":\"https:\/\/rckopen.com\/product\/green-cambodian\/#primaryimage\"},\"image\":{\"@id\":\"https:\/\/rckopen.com\/product\/green-cambodian\/#primaryimage\"},\"thumbnailUrl\":\"https:\/\/rckopen.com\/wp-content\/uploads\/2023\/08\/Green-Cambodian.jpg\",\"datePublished\":\"2023-08-16T07:05:44+00:00\",\"dateModified\":\"2025-02-03T10:45:10+00:00\",\"description\":\"Mis geen enkele kans om Green Cambodian online te kopen bij onze Rckopen. We hebben uitsluitend te maken met Green Cambodian die te koop zijn tegen goedkope tarieven. Wij zijn hier om u te helpen. Bestel nu!\",\"breadcrumb\":{\"@id\":\"https:\/\/rckopen.com\/product\/green-cambodian\/#breadcrumb\"},\"inLanguage\":\"de-CH\",\"potentialAction\":[{\"@type\":\"ReadAction\",\"target\":[\"https:\/\/rckopen.com\/product\/green-cambodian\/\"]}]},{\"@type\":\"ImageObject\",\"inLanguage\":\"de-CH\",\"@id\":\"https:\/\/rckopen.com\/product\/green-cambodian\/#primaryimage\",\"url\":\"https:\/\/rckopen.com\/wp-content\/uploads\/2023\/08\/Green-Cambodian.jpg\",\"contentUrl\":\"https:\/\/rckopen.com\/wp-content\/uploads\/2023\/08\/Green-Cambodian.jpg\",\"width\":600,\"height\":600,\"caption\":\"Green-Cambodian online kopen\"},{\"@type\":\"BreadcrumbList\",\"@id\":\"https:\/\/rckopen.com\/product\/green-cambodian\/#breadcrumb\",\"itemListElement\":[{\"@type\":\"ListItem\",\"position\":1,\"name\":\"Home\",\"item\":\"https:\/\/rckopen.com\/\"},{\"@type\":\"ListItem\",\"position\":2,\"name\":\"Shop\",\"item\":\"https:\/\/rckopen.com\/shop\/\"},{\"@type\":\"ListItem\",\"position\":3,\"name\":\"Green Cambodian online kopen\"}]},{\"@type\":\"WebSite\",\"@id\":\"https:\/\/rckopen.com\/#website\",\"url\":\"https:\/\/rckopen.com\/\",\"name\":\"RC Kopen\",\"description\":\"Research Chemicals\",\"potentialAction\":[{\"@type\":\"SearchAction\",\"target\":{\"@type\":\"EntryPoint\",\"urlTemplate\":\"https:\/\/rckopen.com\/?s={search_term_string}\"},\"query-input\":{\"@type\":\"PropertyValueSpecification\",\"valueRequired\":true,\"valueName\":\"search_term_string\"}}],\"inLanguage\":\"de-CH\"}]}<\/script>\n<!-- \/ Yoast SEO plugin. -->","yoast_head_json":{"title":"Green Cambodian online kopen - Green Cambodian online te koop","description":"Mis geen enkele kans om Green Cambodian online te kopen bij onze Rckopen. We hebben uitsluitend te maken met Green Cambodian die te koop zijn tegen goedkope tarieven. Wij zijn hier om u te helpen. Bestel nu!","robots":{"index":"index","follow":"follow","max-snippet":"max-snippet:-1","max-image-preview":"max-image-preview:large","max-video-preview":"max-video-preview:-1"},"canonical":"https:\/\/rckopen.com\/de\/produkt\/gruner-kambodschaner\/","og_locale":"de_DE","og_type":"article","og_title":"Green Cambodian online kopen - Green Cambodian online te koop","og_description":"Mis geen enkele kans om Green Cambodian online te kopen bij onze Rckopen. We hebben uitsluitend te maken met Green Cambodian die te koop zijn tegen goedkope tarieven. Wij zijn hier om u te helpen. Bestel nu!","og_url":"https:\/\/rckopen.com\/de\/produkt\/gruner-kambodschaner\/","og_site_name":"RC Kopen","article_modified_time":"2025-02-03T10:45:10+00:00","og_image":[{"width":600,"height":600,"url":"https:\/\/rckopen.com\/wp-content\/uploads\/2023\/08\/Green-Cambodian.jpg","type":"image\/jpeg"}],"twitter_card":"summary_large_image","twitter_misc":{"Gesch\u00e4tzte Lesezeit":"1\u00a0Minute"},"schema":{"@context":"https:\/\/schema.org","@graph":[{"@type":"WebPage","@id":"https:\/\/rckopen.com\/product\/green-cambodian\/","url":"https:\/\/rckopen.com\/product\/green-cambodian\/","name":"Green Cambodian online kopen - Green Cambodian online te koop","isPartOf":{"@id":"https:\/\/rckopen.com\/#website"},"primaryImageOfPage":{"@id":"https:\/\/rckopen.com\/product\/green-cambodian\/#primaryimage"},"image":{"@id":"https:\/\/rckopen.com\/product\/green-cambodian\/#primaryimage"},"thumbnailUrl":"https:\/\/rckopen.com\/wp-content\/uploads\/2023\/08\/Green-Cambodian.jpg","datePublished":"2023-08-16T07:05:44+00:00","dateModified":"2025-02-03T10:45:10+00:00","description":"Mis geen enkele kans om Green Cambodian online te kopen bij onze Rckopen. We hebben uitsluitend te maken met Green Cambodian die te koop zijn tegen goedkope tarieven. Wij zijn hier om u te helpen. Bestel nu!","breadcrumb":{"@id":"https:\/\/rckopen.com\/product\/green-cambodian\/#breadcrumb"},"inLanguage":"de-CH","potentialAction":[{"@type":"ReadAction","target":["https:\/\/rckopen.com\/product\/green-cambodian\/"]}]},{"@type":"ImageObject","inLanguage":"de-CH","@id":"https:\/\/rckopen.com\/product\/green-cambodian\/#primaryimage","url":"https:\/\/rckopen.com\/wp-content\/uploads\/2023\/08\/Green-Cambodian.jpg","contentUrl":"https:\/\/rckopen.com\/wp-content\/uploads\/2023\/08\/Green-Cambodian.jpg","width":600,"height":600,"caption":"Green-Cambodian online kopen"},{"@type":"BreadcrumbList","@id":"https:\/\/rckopen.com\/product\/green-cambodian\/#breadcrumb","itemListElement":[{"@type":"ListItem","position":1,"name":"Home","item":"https:\/\/rckopen.com\/"},{"@type":"ListItem","position":2,"name":"Shop","item":"https:\/\/rckopen.com\/shop\/"},{"@type":"ListItem","position":3,"name":"Green Cambodian online kopen"}]},{"@type":"WebSite","@id":"https:\/\/rckopen.com\/#website","url":"https:\/\/rckopen.com\/","name":"RC Kopen","description":"Research Chemicals","potentialAction":[{"@type":"SearchAction","target":{"@type":"EntryPoint","urlTemplate":"https:\/\/rckopen.com\/?s={search_term_string}"},"query-input":{"@type":"PropertyValueSpecification","valueRequired":true,"valueName":"search_term_string"}}],"inLanguage":"de-CH"}]}},"_links":{"self":[{"href":"https:\/\/rckopen.com\/de\/wp-json\/wp\/v2\/product\/6547","targetHints":{"allow":["GET"]}}],"collection":[{"href":"https:\/\/rckopen.com\/de\/wp-json\/wp\/v2\/product"}],"about":[{"href":"https:\/\/rckopen.com\/de\/wp-json\/wp\/v2\/types\/product"}],"replies":[{"embeddable":true,"href":"https:\/\/rckopen.com\/de\/wp-json\/wp\/v2\/comments?post=6547"}],"wp:featuredmedia":[{"embeddable":true,"href":"https:\/\/rckopen.com\/de\/wp-json\/wp\/v2\/media\/6557"}],"wp:attachment":[{"href":"https:\/\/rckopen.com\/de\/wp-json\/wp\/v2\/media?parent=6547"}],"wp:term":[{"taxonomy":"product_brand","embeddable":true,"href":"https:\/\/rckopen.com\/de\/wp-json\/wp\/v2\/product_brand?post=6547"},{"taxonomy":"product_cat","embeddable":true,"href":"https:\/\/rckopen.com\/de\/wp-json\/wp\/v2\/product_cat?post=6547"},{"taxonomy":"product_tag","embeddable":true,"href":"https:\/\/rckopen.com\/de\/wp-json\/wp\/v2\/product_tag?post=6547"}],"curies":[{"name":"wp","href":"https:\/\/api.w.org\/{rel}","templated":true}]}}