{"id":6550,"date":"2023-08-16T07:07:58","date_gmt":"2023-08-16T07:07:58","guid":{"rendered":"https:\/\/diligentplug.com\/chems\/?post_type=product&#038;p=6550"},"modified":"2025-02-06T06:13:22","modified_gmt":"2025-02-06T06:13:22","slug":"green-jongkong","status":"publish","type":"product","link":"https:\/\/rckopen.com\/de\/produkt\/gruner-jongkong\/","title":{"rendered":"Green Jongkong online kaufen"},"content":{"rendered":"<h2>Green Jongkong online kaufen<\/h2>\n<h3>\u00dcber Green Jongkong<\/h3>\n<p><a href=\"https:\/\/rckopen.com\/de\/produkt\/gruner-jongkong\/\">Gr\u00fcner JongKong<\/a> hat eine unersch\u00fctterliche Potenz und ist unglaublich ausgewogen. Dieses pulverisierte Kratom mit roten Adern ist bekannt f\u00fcr seine angebliche Tiefe und Entspannung. Die beruhigende Sorte, nach der viele Kr\u00e4uterliebhaber gesucht haben, ist Green JongKong. Viele Jahre lang wurde Green JongKong, eine einst seltene Kratom-Sorte, als geheime Sorte in kleinen Mengen geh\u00fctet. Jetzt, da das Geheimnis gel\u00fcftet ist, freuen wir uns, Ihnen Green JongKong Kratom-Pulver vorstellen zu k\u00f6nnen, das f\u00fcr seine herausragende Qualit\u00e4t und unersch\u00fctterliche St\u00e4rke bekannt ist.<\/p>\n<h3>Die Produktion und der Einkauf von Green Jongkong<\/h3>\n<p>Die indonesische Provinz Jongkong ist die Heimat der starken und widerstandsf\u00e4higen Sorte Green JongKong. Genau genommen ist JongKong ein Bezirk in West-Borneo. In Kalimantan Barat werden die Kratom-Pflanzen des Dorfes JongKong gesammelt. Green JongKong wird entlang des Kapuas-Flusstals in West-Kalimantan, Indonesien, angebaut, w\u00e4hrend andere Sorten auf isolierten Farmen auf unfruchtbarem Boden angebaut werden.<\/p>\n<p>Die Farbe, der Anbau und andere Merkmale von Green JongKong unterscheiden es von anderen roten Adern. Nur die riesigen Green JongKong-Bl\u00e4tter mit starken Kernadern und einer lebendigen Farbe werden von unseren Bauern ausgew\u00e4hlt. Kratom-Benutzer lieben den reichen Geschmack und die lebendige Farbe der Green JongKong-Bl\u00e4tter, die mit Matcha-Tee verglichen werden. <a href=\"https:\/\/rckopen.com\/de\/produkt\/gruner-jongkong\/\">RC Kopen<\/a><\/p>\n<p>Im Vergleich zu Pflanzen, die weiter im Landesinneren wachsen, sind Kratompflanzen, die entlang des Kapuas-Flusses angebaut werden, viel friedlicher. Die im Sumpfgebiet des Kapuas Hulu Regency angebauten Kratomsorten sind daf\u00fcr bekannt, dass sie w\u00e4hrend ihres gesamten Lebenszyklus die Mineralien des Kapuas-Flusses nutzen. Zu ihnen geh\u00f6rt Green JongKong.<\/p>\n<p>F\u00fcr ein besseres, haltbareres und intensiveres Produkt ernten wir unsere Green JongKong-Pflanzen, wenn sie am reifsten sind. Egal, wie viel Sie nehmen, Sie werden eine Ver\u00e4nderung feststellen. Diese Sorte hat eine erstaunliche Wirkungsdauer und einen unverwechselbaren K\u00f6rper.<\/p>\n<h3>M\u00f6gliche Vor- und Nachteile von Green JongKong<\/h3>\n<p>Die Vorteile von Green JongKong, wie die Wiederherstellung unterdr\u00fcckter Vorstellungskraft und Gef\u00fchle der Ruhe und Gelassenheit, werden ausf\u00fchrlich diskutiert. Green JongKong-Pulver wird von der Kratom-Community f\u00fcr sein beruhigendes Aroma, seine Freundlichkeit und seine erhebende Wirkung gelobt.<\/p>\n<p>In geringeren Dosen wirkt Green JongKong erhebend und beruhigend; in h\u00f6heren Dosen kann es recht beruhigend wirken. Das seidige Mundgef\u00fchl und die Jasmin-Obert\u00f6ne sind nur zwei der vielen angenehmen Eigenschaften dieser erstaunlichen Sorte. Die Ruhe und Stille von Green JongKong ist vielleicht sein bestes Merkmal.<\/p>\n<p>Das starke Alkaloidprofil dieser starken Sorte tr\u00e4gt zu einem sensibleren, konzentrierteren Erlebnis bei. Ajmalicin, Corynoxin A und B, Mitragynin und mehr als 40 andere Alkaloide, Flavonoide und Terpenoide sind in Green JongKong 7-OH (7-Hydroxymitragynin), Paynanthein, Mitraphyllin und Speciogynin enthalten.<\/p>\n<p>Mitragynin und 7-OH sind in Green JongKong in bemerkenswert hohen Konzentrationen enthalten. Fans \u201elangsamer\u201c Sorten m\u00f6gen den beruhigenden, angenehmen Duft, den diese beiden Alkaloide zusammen erzeugen. Wer jedoch Vollspektrum-Kratom mag, wird es sehr sch\u00e4tzen.<\/p>\n<h3>Green JongKong soll folgende potenzielle Vorteile haben:<\/h3>\n<ul>\n<li>Verbesserte Geselligkeit<\/li>\n<li>Anhaltende Ruhe<\/li>\n<li>leichte Energetisierung<\/li>\n<li>Inspiration, die moderat ist<\/li>\n<li>Ein tiefes Gef\u00fchl des Wohlbefindens<\/li>\n<\/ul>","protected":false},"excerpt":{"rendered":"<p><strong>Form: <\/strong>Pulver<\/p>\n<p><strong>NMR-Analyse: <\/strong>K.A.<\/p>","protected":false},"featured_media":6561,"comment_status":"open","ping_status":"closed","template":"","meta":{"_joinchat":[]},"product_brand":[],"product_cat":[139],"product_tag":[],"class_list":{"0":"post-6550","1":"product","2":"type-product","3":"status-publish","4":"has-post-thumbnail","6":"product_cat-kratom","8":"first","9":"instock","10":"shipping-taxable","11":"purchasable","12":"product-type-variable"},"yoast_head":"<!-- This site is optimized with the Yoast SEO plugin v26.3 - https:\/\/yoast.com\/wordpress\/plugins\/seo\/ -->\n<title>Green Jongkong online kopen - Green Jongkong te koop<\/title>\n<meta name=\"description\" content=\"In onze RC Kopen online winkel hebben we Green Jong Kong te koop. Bij ons koopt u eenvoudig Green Jongkong online van topkwaliteit tegen de beste prijzen. Bestel nu!\" \/>\n<meta name=\"robots\" content=\"index, follow, max-snippet:-1, max-image-preview:large, max-video-preview:-1\" \/>\n<link rel=\"canonical\" href=\"https:\/\/rckopen.com\/de\/produkt\/gruner-jongkong\/\" \/>\n<meta property=\"og:locale\" content=\"de_DE\" \/>\n<meta property=\"og:type\" content=\"article\" \/>\n<meta property=\"og:title\" content=\"Green Jongkong online kopen - Green Jongkong te koop\" \/>\n<meta property=\"og:description\" content=\"In onze RC Kopen online winkel hebben we Green Jong Kong te koop. Bij ons koopt u eenvoudig Green Jongkong online van topkwaliteit tegen de beste prijzen. Bestel nu!\" \/>\n<meta property=\"og:url\" content=\"https:\/\/rckopen.com\/de\/produkt\/gruner-jongkong\/\" \/>\n<meta property=\"og:site_name\" content=\"RC Kopen\" \/>\n<meta property=\"article:modified_time\" content=\"2025-02-06T06:13:22+00:00\" \/>\n<meta property=\"og:image\" content=\"https:\/\/rckopen.com\/wp-content\/uploads\/2023\/08\/Green-Jongkong.jpg\" \/>\n\t<meta property=\"og:image:width\" content=\"600\" \/>\n\t<meta property=\"og:image:height\" content=\"600\" \/>\n\t<meta property=\"og:image:type\" content=\"image\/jpeg\" \/>\n<meta name=\"twitter:card\" content=\"summary_large_image\" \/>\n<meta name=\"twitter:label1\" content=\"Gesch\u00e4tzte Lesezeit\" \/>\n\t<meta name=\"twitter:data1\" content=\"3\u00a0Minuten\" \/>\n<script type=\"application\/ld+json\" class=\"yoast-schema-graph\">{\"@context\":\"https:\/\/schema.org\",\"@graph\":[{\"@type\":\"WebPage\",\"@id\":\"https:\/\/rckopen.com\/product\/green-jongkong\/\",\"url\":\"https:\/\/rckopen.com\/product\/green-jongkong\/\",\"name\":\"Green Jongkong online kopen - Green Jongkong te koop\",\"isPartOf\":{\"@id\":\"https:\/\/rckopen.com\/#website\"},\"primaryImageOfPage\":{\"@id\":\"https:\/\/rckopen.com\/product\/green-jongkong\/#primaryimage\"},\"image\":{\"@id\":\"https:\/\/rckopen.com\/product\/green-jongkong\/#primaryimage\"},\"thumbnailUrl\":\"https:\/\/rckopen.com\/wp-content\/uploads\/2023\/08\/Green-Jongkong.jpg\",\"datePublished\":\"2023-08-16T07:07:58+00:00\",\"dateModified\":\"2025-02-06T06:13:22+00:00\",\"description\":\"In onze RC Kopen online winkel hebben we Green Jong Kong te koop. Bij ons koopt u eenvoudig Green Jongkong online van topkwaliteit tegen de beste prijzen. Bestel nu!\",\"breadcrumb\":{\"@id\":\"https:\/\/rckopen.com\/product\/green-jongkong\/#breadcrumb\"},\"inLanguage\":\"de-CH\",\"potentialAction\":[{\"@type\":\"ReadAction\",\"target\":[\"https:\/\/rckopen.com\/product\/green-jongkong\/\"]}]},{\"@type\":\"ImageObject\",\"inLanguage\":\"de-CH\",\"@id\":\"https:\/\/rckopen.com\/product\/green-jongkong\/#primaryimage\",\"url\":\"https:\/\/rckopen.com\/wp-content\/uploads\/2023\/08\/Green-Jongkong.jpg\",\"contentUrl\":\"https:\/\/rckopen.com\/wp-content\/uploads\/2023\/08\/Green-Jongkong.jpg\",\"width\":600,\"height\":600,\"caption\":\"Green Jongkong online kopen\"},{\"@type\":\"BreadcrumbList\",\"@id\":\"https:\/\/rckopen.com\/product\/green-jongkong\/#breadcrumb\",\"itemListElement\":[{\"@type\":\"ListItem\",\"position\":1,\"name\":\"Home\",\"item\":\"https:\/\/rckopen.com\/\"},{\"@type\":\"ListItem\",\"position\":2,\"name\":\"Shop\",\"item\":\"https:\/\/rckopen.com\/shop\/\"},{\"@type\":\"ListItem\",\"position\":3,\"name\":\"Green Jongkong online kopen\"}]},{\"@type\":\"WebSite\",\"@id\":\"https:\/\/rckopen.com\/#website\",\"url\":\"https:\/\/rckopen.com\/\",\"name\":\"RC Kopen\",\"description\":\"Research Chemicals\",\"potentialAction\":[{\"@type\":\"SearchAction\",\"target\":{\"@type\":\"EntryPoint\",\"urlTemplate\":\"https:\/\/rckopen.com\/?s={search_term_string}\"},\"query-input\":{\"@type\":\"PropertyValueSpecification\",\"valueRequired\":true,\"valueName\":\"search_term_string\"}}],\"inLanguage\":\"de-CH\"}]}<\/script>\n<!-- \/ Yoast SEO plugin. -->","yoast_head_json":{"title":"Green Jongkong online kopen - Green Jongkong te koop","description":"In onze RC Kopen online winkel hebben we Green Jong Kong te koop. Bij ons koopt u eenvoudig Green Jongkong online van topkwaliteit tegen de beste prijzen. Bestel nu!","robots":{"index":"index","follow":"follow","max-snippet":"max-snippet:-1","max-image-preview":"max-image-preview:large","max-video-preview":"max-video-preview:-1"},"canonical":"https:\/\/rckopen.com\/de\/produkt\/gruner-jongkong\/","og_locale":"de_DE","og_type":"article","og_title":"Green Jongkong online kopen - Green Jongkong te koop","og_description":"In onze RC Kopen online winkel hebben we Green Jong Kong te koop. Bij ons koopt u eenvoudig Green Jongkong online van topkwaliteit tegen de beste prijzen. Bestel nu!","og_url":"https:\/\/rckopen.com\/de\/produkt\/gruner-jongkong\/","og_site_name":"RC Kopen","article_modified_time":"2025-02-06T06:13:22+00:00","og_image":[{"width":600,"height":600,"url":"https:\/\/rckopen.com\/wp-content\/uploads\/2023\/08\/Green-Jongkong.jpg","type":"image\/jpeg"}],"twitter_card":"summary_large_image","twitter_misc":{"Gesch\u00e4tzte Lesezeit":"3\u00a0Minuten"},"schema":{"@context":"https:\/\/schema.org","@graph":[{"@type":"WebPage","@id":"https:\/\/rckopen.com\/product\/green-jongkong\/","url":"https:\/\/rckopen.com\/product\/green-jongkong\/","name":"Green Jongkong online kopen - Green Jongkong te koop","isPartOf":{"@id":"https:\/\/rckopen.com\/#website"},"primaryImageOfPage":{"@id":"https:\/\/rckopen.com\/product\/green-jongkong\/#primaryimage"},"image":{"@id":"https:\/\/rckopen.com\/product\/green-jongkong\/#primaryimage"},"thumbnailUrl":"https:\/\/rckopen.com\/wp-content\/uploads\/2023\/08\/Green-Jongkong.jpg","datePublished":"2023-08-16T07:07:58+00:00","dateModified":"2025-02-06T06:13:22+00:00","description":"In onze RC Kopen online winkel hebben we Green Jong Kong te koop. Bij ons koopt u eenvoudig Green Jongkong online van topkwaliteit tegen de beste prijzen. Bestel nu!","breadcrumb":{"@id":"https:\/\/rckopen.com\/product\/green-jongkong\/#breadcrumb"},"inLanguage":"de-CH","potentialAction":[{"@type":"ReadAction","target":["https:\/\/rckopen.com\/product\/green-jongkong\/"]}]},{"@type":"ImageObject","inLanguage":"de-CH","@id":"https:\/\/rckopen.com\/product\/green-jongkong\/#primaryimage","url":"https:\/\/rckopen.com\/wp-content\/uploads\/2023\/08\/Green-Jongkong.jpg","contentUrl":"https:\/\/rckopen.com\/wp-content\/uploads\/2023\/08\/Green-Jongkong.jpg","width":600,"height":600,"caption":"Green Jongkong online kopen"},{"@type":"BreadcrumbList","@id":"https:\/\/rckopen.com\/product\/green-jongkong\/#breadcrumb","itemListElement":[{"@type":"ListItem","position":1,"name":"Home","item":"https:\/\/rckopen.com\/"},{"@type":"ListItem","position":2,"name":"Shop","item":"https:\/\/rckopen.com\/shop\/"},{"@type":"ListItem","position":3,"name":"Green Jongkong online kopen"}]},{"@type":"WebSite","@id":"https:\/\/rckopen.com\/#website","url":"https:\/\/rckopen.com\/","name":"RC Kopen","description":"Research Chemicals","potentialAction":[{"@type":"SearchAction","target":{"@type":"EntryPoint","urlTemplate":"https:\/\/rckopen.com\/?s={search_term_string}"},"query-input":{"@type":"PropertyValueSpecification","valueRequired":true,"valueName":"search_term_string"}}],"inLanguage":"de-CH"}]}},"_links":{"self":[{"href":"https:\/\/rckopen.com\/de\/wp-json\/wp\/v2\/product\/6550","targetHints":{"allow":["GET"]}}],"collection":[{"href":"https:\/\/rckopen.com\/de\/wp-json\/wp\/v2\/product"}],"about":[{"href":"https:\/\/rckopen.com\/de\/wp-json\/wp\/v2\/types\/product"}],"replies":[{"embeddable":true,"href":"https:\/\/rckopen.com\/de\/wp-json\/wp\/v2\/comments?post=6550"}],"wp:featuredmedia":[{"embeddable":true,"href":"https:\/\/rckopen.com\/de\/wp-json\/wp\/v2\/media\/6561"}],"wp:attachment":[{"href":"https:\/\/rckopen.com\/de\/wp-json\/wp\/v2\/media?parent=6550"}],"wp:term":[{"taxonomy":"product_brand","embeddable":true,"href":"https:\/\/rckopen.com\/de\/wp-json\/wp\/v2\/product_brand?post=6550"},{"taxonomy":"product_cat","embeddable":true,"href":"https:\/\/rckopen.com\/de\/wp-json\/wp\/v2\/product_cat?post=6550"},{"taxonomy":"product_tag","embeddable":true,"href":"https:\/\/rckopen.com\/de\/wp-json\/wp\/v2\/product_tag?post=6550"}],"curies":[{"name":"wp","href":"https:\/\/api.w.org\/{rel}","templated":true}]}}