{"id":6551,"date":"2023-08-16T07:09:06","date_gmt":"2023-08-16T07:09:06","guid":{"rendered":"https:\/\/diligentplug.com\/chems\/?post_type=product&#038;p=6551"},"modified":"2025-02-03T07:06:34","modified_gmt":"2025-02-03T07:06:34","slug":"emylcamate","status":"publish","type":"product","link":"https:\/\/rckopen.com\/de\/produkt\/emylcamat\/","title":{"rendered":"Emylcamate online kaufen"},"content":{"rendered":"<h2>Emylcamate online kaufen<\/h2>\n<p><a href=\"https:\/\/rckopen.com\/de\/produkt\/emylcamat\/\">Emylcamaat<\/a> (von Merck als Striatran vertrieben) ist ein Anxiolytikum und Muskelrelaxans. Es wurde 1961 in den USA patentiert (US-Patent 2.972.564) und zur Behandlung von Angst und Anspannung beworben. Es wurde behauptet, es sei dem damaligen Marktf\u00fchrer Meprobamat \u00fcberlegen. Emylcamate wird online nicht mehr verschrieben<a href=\"https:\/\/rckopen.com\/de\/produkt\/gruner-kambodschaner\/\">.<\/a><\/p>\n<p><strong>Allgemeine Informationen<\/strong><br \/>\n<strong>CAS-Nummer:<\/strong> 78-28-4<br \/>\n<strong>Name des Produkts:<\/strong> Emylcamat<br \/>\n<strong>IUPAC-Name:<\/strong> 3-Methylpentan-3-yl-carbamat<br \/>\n<strong>Molekulare Formel:<\/strong> C7H15NO2<br \/>\n<strong>Molekulargewicht:<\/strong> 145,2 g\/mol<br \/>\n<strong>InChI:<\/strong> InChI=1S\/C7H15NO2\/c1-4-7(3,5-2)10-6(8)9\/h4-5H2,1-3H3,(H2,8,9)<br \/>\n<strong>InChI-Schl\u00fcssel:<\/strong> SLWGJZPKHAXZQL-UHFFFAOYSA-N<br \/>\n<strong>WORTE:<\/strong> CCC(C)(CC)OC(=O)N<br \/>\n<strong>L\u00f6slichkeit:<\/strong> L\u00f6slich in DMSO, nicht in Wasser<br \/>\n<strong>Synonyme:<\/strong> Emylcamate; Emilcamato; Emylcamat; Nuncital; Psicoplegil; Restetal; Stratran; Striatan; Striatran; Statran; KABI-925; Kabi-295; tert-Hexylcarbamat; MK-250.<br \/>\n<strong>Kanonische SMILES:<\/strong> CCC(C)(CC)OC(=O)N<\/p>\n<p><strong>Beschreibung<\/strong><\/p>\n<p><a href=\"https:\/\/en.wikipedia.org\/wiki\/Emylcamate\">Emylcamate online kaufen<\/a>Die genaue Masse der Verbindung Emylcamate betr\u00e4gt 145,11028 und die Komplexit\u00e4tsklassifizierung der Verbindung ist unbekannt. Die L\u00f6slichkeit dieser Chemikalie wird als l\u00f6slich in DMSO beschrieben, nicht in Wasser. Die Verbindung wurde dem National Cancer Institute (NCI) zur Pr\u00fcfung und Bewertung vorgelegt und die Nummer des National Service Center (NSC) f\u00fcr Krebschemotherapie lautet 169917. Die Kategorie der Medical Subject Headings (MeSH) ist Chemikalien und Arzneimittel \u2013 Organische Chemikalien \u2013 Carbons\u00e4uren \u2013 Azyklische S\u00e4uren \u2013 Carbamate \u2013 Erg\u00e4nzende Datens\u00e4tze. Es geh\u00f6rt zur ontologischen Kategorie der Carbamatester im ChEBI-Ontologiebaum. Die Lagerbedingungen werden wie folgt beschrieben: Trocken, dunkel und bei 0 \u2013 4 \u00b0C f\u00fcr kurze Zeitr\u00e4ume (Tage bis Wochen) oder -20 \u00b0C f\u00fcr lange Zeitr\u00e4ume (Monate bis Jahre).<a href=\"https:\/\/en.wikipedia.org\/wiki\/Emylcamate\">.<\/a><\/p>\n<p><a href=\"https:\/\/rckopen.com\/de\/\">rckopen.com<\/a> bietet Produkte an, die nicht f\u00fcr den menschlichen Verzehr bestimmt sind. Der (unbeabsichtigte) Verzehr dieses Produkts kann schwerwiegende medizinische Folgen haben.<\/p>","protected":false},"excerpt":{"rendered":"<p><strong>IUPAC-Name: <\/strong>1-Ethyl-1-methylpropylcarbamat<\/p>\n<p><strong>CAS # <\/strong>78-28-4<\/p>\n<p><strong>Form: <\/strong>Pulver<\/p>","protected":false},"featured_media":6562,"comment_status":"open","ping_status":"closed","template":"","meta":{"_joinchat":[]},"product_brand":[],"product_cat":[141],"product_tag":[],"class_list":{"0":"post-6551","1":"product","2":"type-product","3":"status-publish","4":"has-post-thumbnail","6":"product_cat-anderen","8":"first","9":"instock","10":"shipping-taxable","11":"purchasable","12":"product-type-variable"},"yoast_head":"<!-- This site is optimized with the Yoast SEO plugin v26.3 - https:\/\/yoast.com\/wordpress\/plugins\/seo\/ -->\n<title>Emylcamate online kopen - Emylcamate te koop<\/title>\n<meta name=\"description\" content=\"Emylcamate online in onze online RC Kopen-winkel, want we hebben Emylcamate van hoge kwaliteit te koop. Koop de jouwe nu tegen lage tarieven.\" \/>\n<meta name=\"robots\" content=\"index, follow, max-snippet:-1, max-image-preview:large, max-video-preview:-1\" \/>\n<link rel=\"canonical\" href=\"https:\/\/rckopen.com\/de\/produkt\/emylcamat\/\" \/>\n<meta property=\"og:locale\" content=\"de_DE\" \/>\n<meta property=\"og:type\" content=\"article\" \/>\n<meta property=\"og:title\" content=\"Emylcamate online kopen - Emylcamate te koop\" \/>\n<meta property=\"og:description\" content=\"Emylcamate online in onze online RC Kopen-winkel, want we hebben Emylcamate van hoge kwaliteit te koop. Koop de jouwe nu tegen lage tarieven.\" \/>\n<meta property=\"og:url\" content=\"https:\/\/rckopen.com\/de\/produkt\/emylcamat\/\" \/>\n<meta property=\"og:site_name\" content=\"RC Kopen\" \/>\n<meta property=\"article:modified_time\" content=\"2025-02-03T07:06:34+00:00\" \/>\n<meta property=\"og:image\" content=\"https:\/\/rckopen.com\/wp-content\/uploads\/2023\/08\/Emylcamate.jpg\" \/>\n\t<meta property=\"og:image:width\" content=\"600\" \/>\n\t<meta property=\"og:image:height\" content=\"600\" \/>\n\t<meta property=\"og:image:type\" content=\"image\/jpeg\" \/>\n<meta name=\"twitter:card\" content=\"summary_large_image\" \/>\n<meta name=\"twitter:label1\" content=\"Gesch\u00e4tzte Lesezeit\" \/>\n\t<meta name=\"twitter:data1\" content=\"2\u00a0Minuten\" \/>\n<script type=\"application\/ld+json\" class=\"yoast-schema-graph\">{\"@context\":\"https:\/\/schema.org\",\"@graph\":[{\"@type\":\"WebPage\",\"@id\":\"https:\/\/rckopen.com\/product\/emylcamate\/\",\"url\":\"https:\/\/rckopen.com\/product\/emylcamate\/\",\"name\":\"Emylcamate online kopen - Emylcamate te koop\",\"isPartOf\":{\"@id\":\"https:\/\/rckopen.com\/#website\"},\"primaryImageOfPage\":{\"@id\":\"https:\/\/rckopen.com\/product\/emylcamate\/#primaryimage\"},\"image\":{\"@id\":\"https:\/\/rckopen.com\/product\/emylcamate\/#primaryimage\"},\"thumbnailUrl\":\"https:\/\/rckopen.com\/wp-content\/uploads\/2023\/08\/Emylcamate.jpg\",\"datePublished\":\"2023-08-16T07:09:06+00:00\",\"dateModified\":\"2025-02-03T07:06:34+00:00\",\"description\":\"Emylcamate online in onze online RC Kopen-winkel, want we hebben Emylcamate van hoge kwaliteit te koop. Koop de jouwe nu tegen lage tarieven.\",\"breadcrumb\":{\"@id\":\"https:\/\/rckopen.com\/product\/emylcamate\/#breadcrumb\"},\"inLanguage\":\"de-CH\",\"potentialAction\":[{\"@type\":\"ReadAction\",\"target\":[\"https:\/\/rckopen.com\/product\/emylcamate\/\"]}]},{\"@type\":\"ImageObject\",\"inLanguage\":\"de-CH\",\"@id\":\"https:\/\/rckopen.com\/product\/emylcamate\/#primaryimage\",\"url\":\"https:\/\/rckopen.com\/wp-content\/uploads\/2023\/08\/Emylcamate.jpg\",\"contentUrl\":\"https:\/\/rckopen.com\/wp-content\/uploads\/2023\/08\/Emylcamate.jpg\",\"width\":600,\"height\":600,\"caption\":\"Emylcamate online kopen\"},{\"@type\":\"BreadcrumbList\",\"@id\":\"https:\/\/rckopen.com\/product\/emylcamate\/#breadcrumb\",\"itemListElement\":[{\"@type\":\"ListItem\",\"position\":1,\"name\":\"Home\",\"item\":\"https:\/\/rckopen.com\/\"},{\"@type\":\"ListItem\",\"position\":2,\"name\":\"Shop\",\"item\":\"https:\/\/rckopen.com\/shop\/\"},{\"@type\":\"ListItem\",\"position\":3,\"name\":\"Emylcamate online kopen\"}]},{\"@type\":\"WebSite\",\"@id\":\"https:\/\/rckopen.com\/#website\",\"url\":\"https:\/\/rckopen.com\/\",\"name\":\"RC Kopen\",\"description\":\"Research Chemicals\",\"potentialAction\":[{\"@type\":\"SearchAction\",\"target\":{\"@type\":\"EntryPoint\",\"urlTemplate\":\"https:\/\/rckopen.com\/?s={search_term_string}\"},\"query-input\":{\"@type\":\"PropertyValueSpecification\",\"valueRequired\":true,\"valueName\":\"search_term_string\"}}],\"inLanguage\":\"de-CH\"}]}<\/script>\n<!-- \/ Yoast SEO plugin. -->","yoast_head_json":{"title":"Emylcamate online kopen - Emylcamate te koop","description":"Emylcamate online in onze online RC Kopen-winkel, want we hebben Emylcamate van hoge kwaliteit te koop. Koop de jouwe nu tegen lage tarieven.","robots":{"index":"index","follow":"follow","max-snippet":"max-snippet:-1","max-image-preview":"max-image-preview:large","max-video-preview":"max-video-preview:-1"},"canonical":"https:\/\/rckopen.com\/de\/produkt\/emylcamat\/","og_locale":"de_DE","og_type":"article","og_title":"Emylcamate online kopen - Emylcamate te koop","og_description":"Emylcamate online in onze online RC Kopen-winkel, want we hebben Emylcamate van hoge kwaliteit te koop. Koop de jouwe nu tegen lage tarieven.","og_url":"https:\/\/rckopen.com\/de\/produkt\/emylcamat\/","og_site_name":"RC Kopen","article_modified_time":"2025-02-03T07:06:34+00:00","og_image":[{"width":600,"height":600,"url":"https:\/\/rckopen.com\/wp-content\/uploads\/2023\/08\/Emylcamate.jpg","type":"image\/jpeg"}],"twitter_card":"summary_large_image","twitter_misc":{"Gesch\u00e4tzte Lesezeit":"2\u00a0Minuten"},"schema":{"@context":"https:\/\/schema.org","@graph":[{"@type":"WebPage","@id":"https:\/\/rckopen.com\/product\/emylcamate\/","url":"https:\/\/rckopen.com\/product\/emylcamate\/","name":"Emylcamate online kopen - Emylcamate te koop","isPartOf":{"@id":"https:\/\/rckopen.com\/#website"},"primaryImageOfPage":{"@id":"https:\/\/rckopen.com\/product\/emylcamate\/#primaryimage"},"image":{"@id":"https:\/\/rckopen.com\/product\/emylcamate\/#primaryimage"},"thumbnailUrl":"https:\/\/rckopen.com\/wp-content\/uploads\/2023\/08\/Emylcamate.jpg","datePublished":"2023-08-16T07:09:06+00:00","dateModified":"2025-02-03T07:06:34+00:00","description":"Emylcamate online in onze online RC Kopen-winkel, want we hebben Emylcamate van hoge kwaliteit te koop. Koop de jouwe nu tegen lage tarieven.","breadcrumb":{"@id":"https:\/\/rckopen.com\/product\/emylcamate\/#breadcrumb"},"inLanguage":"de-CH","potentialAction":[{"@type":"ReadAction","target":["https:\/\/rckopen.com\/product\/emylcamate\/"]}]},{"@type":"ImageObject","inLanguage":"de-CH","@id":"https:\/\/rckopen.com\/product\/emylcamate\/#primaryimage","url":"https:\/\/rckopen.com\/wp-content\/uploads\/2023\/08\/Emylcamate.jpg","contentUrl":"https:\/\/rckopen.com\/wp-content\/uploads\/2023\/08\/Emylcamate.jpg","width":600,"height":600,"caption":"Emylcamate online kopen"},{"@type":"BreadcrumbList","@id":"https:\/\/rckopen.com\/product\/emylcamate\/#breadcrumb","itemListElement":[{"@type":"ListItem","position":1,"name":"Home","item":"https:\/\/rckopen.com\/"},{"@type":"ListItem","position":2,"name":"Shop","item":"https:\/\/rckopen.com\/shop\/"},{"@type":"ListItem","position":3,"name":"Emylcamate online kopen"}]},{"@type":"WebSite","@id":"https:\/\/rckopen.com\/#website","url":"https:\/\/rckopen.com\/","name":"RC Kopen","description":"Research Chemicals","potentialAction":[{"@type":"SearchAction","target":{"@type":"EntryPoint","urlTemplate":"https:\/\/rckopen.com\/?s={search_term_string}"},"query-input":{"@type":"PropertyValueSpecification","valueRequired":true,"valueName":"search_term_string"}}],"inLanguage":"de-CH"}]}},"_links":{"self":[{"href":"https:\/\/rckopen.com\/de\/wp-json\/wp\/v2\/product\/6551","targetHints":{"allow":["GET"]}}],"collection":[{"href":"https:\/\/rckopen.com\/de\/wp-json\/wp\/v2\/product"}],"about":[{"href":"https:\/\/rckopen.com\/de\/wp-json\/wp\/v2\/types\/product"}],"replies":[{"embeddable":true,"href":"https:\/\/rckopen.com\/de\/wp-json\/wp\/v2\/comments?post=6551"}],"wp:featuredmedia":[{"embeddable":true,"href":"https:\/\/rckopen.com\/de\/wp-json\/wp\/v2\/media\/6562"}],"wp:attachment":[{"href":"https:\/\/rckopen.com\/de\/wp-json\/wp\/v2\/media?parent=6551"}],"wp:term":[{"taxonomy":"product_brand","embeddable":true,"href":"https:\/\/rckopen.com\/de\/wp-json\/wp\/v2\/product_brand?post=6551"},{"taxonomy":"product_cat","embeddable":true,"href":"https:\/\/rckopen.com\/de\/wp-json\/wp\/v2\/product_cat?post=6551"},{"taxonomy":"product_tag","embeddable":true,"href":"https:\/\/rckopen.com\/de\/wp-json\/wp\/v2\/product_tag?post=6551"}],"curies":[{"name":"wp","href":"https:\/\/api.w.org\/{rel}","templated":true}]}}