{"id":6553,"date":"2023-08-16T07:14:10","date_gmt":"2023-08-16T07:14:10","guid":{"rendered":"https:\/\/diligentplug.com\/chems\/?post_type=product&#038;p=6553"},"modified":"2025-02-04T05:21:25","modified_gmt":"2025-02-04T05:21:25","slug":"metodesnitazene-hcl","status":"publish","type":"product","link":"https:\/\/rckopen.com\/de\/produkt\/metodesnitazen-hcl\/","title":{"rendered":"METODESNITAZENE.HCL online kaufen"},"content":{"rendered":"<h2>METODESNITAZENE.HCL online kaufen<\/h2>\n<p><strong>Metodesnitazen HCL online kaufen, METHODESNITAZEN<\/strong> ist ein mit Methonitazen verwandtes Analgetikum, \u00fcber das erstmals 1957 berichtet wurde. Sie hat \u00e4hnliche Wirkungen wie andere Opioide, z. B. Fentanyl. Wegen der starken Abh\u00e4ngigkeit und der potenziell gef\u00e4hrlichen Nebenwirkungen wurde es nie in der Drogentherapie eingesetzt. Dieses Produkt ist f\u00fcr Forschung und forensische Anwendungen bestimmt.<a href=\"https:\/\/en.wikipedia.org\/wiki\/Hydrogen_chloride\">.<\/a><\/p>\n<p>rckopen.com bietet Produkte an, die nicht f\u00fcr den menschlichen Verzehr bestimmt sind. Der (unbeabsichtigte) Verzehr dieses Produkts kann schwerwiegende medizinische Folgen haben mdphp kaufen deutschland<a href=\"https:\/\/rckopen.com\/de\/\">.<\/a><\/p>\n<p>&nbsp;<\/p>\n<p>&nbsp;<\/p>","protected":false},"excerpt":{"rendered":"<h1>METODESNITAZENE kaufen Lieferant<\/h1>\n<p><strong>METHODENNITAZEN<\/strong> ist ein mit Methonitazen verwandtes Analgetikum, \u00fcber das erstmals 1957 berichtet wurde. Sie hat \u00e4hnliche Wirkungen wie andere Opioide, z. B. Fentanyl. Wegen der starken Abh\u00e4ngigkeit und der potenziell gef\u00e4hrlichen Nebenwirkungen wurde es nie in der Drogentherapie eingesetzt. Dieses Produkt ist f\u00fcr die Forschung und forensische Anwendungen bestimmt.<\/p>\n<p><strong>IUPAC-Name: <\/strong>N,N-Diethyl-2-(2-(4-fluorobenzyl)-5-nitro-1H-benzo[d]imidazol-1-yl)ethan-1-amin<\/p>\n<p><strong>Erscheinungsbild<\/strong>: Pulver<\/p>\n<p><strong>Form: <\/strong>HCL<\/p>\n<p><strong>NMR-Analyse:<\/strong> 20H23FN4O2<\/p>","protected":false},"featured_media":6564,"comment_status":"open","ping_status":"closed","template":"","meta":{"_joinchat":[]},"product_brand":[],"product_cat":[141],"product_tag":[193,192],"class_list":{"0":"post-6553","1":"product","2":"type-product","3":"status-publish","4":"has-post-thumbnail","6":"product_cat-anderen","7":"product_tag-bromazolam-poeder","8":"product_tag-kopen-metodesnitazene-leverancier","10":"first","11":"instock","12":"shipping-taxable","13":"purchasable","14":"product-type-variable"},"yoast_head":"<!-- This site is optimized with the Yoast SEO plugin v26.3 - https:\/\/yoast.com\/wordpress\/plugins\/seo\/ -->\n<title>Metodesnitazen HCL online kopen - Metodesnitazen HCL te koop<\/title>\n<meta name=\"description\" content=\"Metodesnitazen HCL te koop is nu eenvoudig verkrijgbaar in onze online winkel. U kunt rechtstreeks verbinding maken met onze RC Kopen-winkel en Metodesnitazen HCL online kopen tegen de beste prijzen.\" \/>\n<meta name=\"robots\" content=\"index, follow, max-snippet:-1, max-image-preview:large, max-video-preview:-1\" \/>\n<link rel=\"canonical\" href=\"https:\/\/rckopen.com\/de\/produkt\/metodesnitazen-hcl\/\" \/>\n<meta property=\"og:locale\" content=\"de_DE\" \/>\n<meta property=\"og:type\" content=\"article\" \/>\n<meta property=\"og:title\" content=\"Metodesnitazen HCL online kopen - Metodesnitazen HCL te koop\" \/>\n<meta property=\"og:description\" content=\"Metodesnitazen HCL te koop is nu eenvoudig verkrijgbaar in onze online winkel. U kunt rechtstreeks verbinding maken met onze RC Kopen-winkel en Metodesnitazen HCL online kopen tegen de beste prijzen.\" \/>\n<meta property=\"og:url\" content=\"https:\/\/rckopen.com\/de\/produkt\/metodesnitazen-hcl\/\" \/>\n<meta property=\"og:site_name\" content=\"RC Kopen\" \/>\n<meta property=\"article:modified_time\" content=\"2025-02-04T05:21:25+00:00\" \/>\n<meta property=\"og:image\" content=\"https:\/\/rckopen.com\/wp-content\/uploads\/2023\/08\/METODESNITAZENE.HCL_.jpg\" \/>\n\t<meta property=\"og:image:width\" content=\"600\" \/>\n\t<meta property=\"og:image:height\" content=\"600\" \/>\n\t<meta property=\"og:image:type\" content=\"image\/jpeg\" \/>\n<meta name=\"twitter:card\" content=\"summary_large_image\" \/>\n<meta name=\"twitter:label1\" content=\"Gesch\u00e4tzte Lesezeit\" \/>\n\t<meta name=\"twitter:data1\" content=\"1\u00a0Minute\" \/>\n<script type=\"application\/ld+json\" class=\"yoast-schema-graph\">{\"@context\":\"https:\/\/schema.org\",\"@graph\":[{\"@type\":\"WebPage\",\"@id\":\"https:\/\/rckopen.com\/product\/metodesnitazene-hcl\/\",\"url\":\"https:\/\/rckopen.com\/product\/metodesnitazene-hcl\/\",\"name\":\"Metodesnitazen HCL online kopen - Metodesnitazen HCL te koop\",\"isPartOf\":{\"@id\":\"https:\/\/rckopen.com\/#website\"},\"primaryImageOfPage\":{\"@id\":\"https:\/\/rckopen.com\/product\/metodesnitazene-hcl\/#primaryimage\"},\"image\":{\"@id\":\"https:\/\/rckopen.com\/product\/metodesnitazene-hcl\/#primaryimage\"},\"thumbnailUrl\":\"https:\/\/rckopen.com\/wp-content\/uploads\/2023\/08\/METODESNITAZENE.HCL_.jpg\",\"datePublished\":\"2023-08-16T07:14:10+00:00\",\"dateModified\":\"2025-02-04T05:21:25+00:00\",\"description\":\"Metodesnitazen HCL te koop is nu eenvoudig verkrijgbaar in onze online winkel. U kunt rechtstreeks verbinding maken met onze RC Kopen-winkel en Metodesnitazen HCL online kopen tegen de beste prijzen.\",\"breadcrumb\":{\"@id\":\"https:\/\/rckopen.com\/product\/metodesnitazene-hcl\/#breadcrumb\"},\"inLanguage\":\"de-CH\",\"potentialAction\":[{\"@type\":\"ReadAction\",\"target\":[\"https:\/\/rckopen.com\/product\/metodesnitazene-hcl\/\"]}]},{\"@type\":\"ImageObject\",\"inLanguage\":\"de-CH\",\"@id\":\"https:\/\/rckopen.com\/product\/metodesnitazene-hcl\/#primaryimage\",\"url\":\"https:\/\/rckopen.com\/wp-content\/uploads\/2023\/08\/METODESNITAZENE.HCL_.jpg\",\"contentUrl\":\"https:\/\/rckopen.com\/wp-content\/uploads\/2023\/08\/METODESNITAZENE.HCL_.jpg\",\"width\":600,\"height\":600,\"caption\":\"Metodesnitazen HCL online kopen\"},{\"@type\":\"BreadcrumbList\",\"@id\":\"https:\/\/rckopen.com\/product\/metodesnitazene-hcl\/#breadcrumb\",\"itemListElement\":[{\"@type\":\"ListItem\",\"position\":1,\"name\":\"Home\",\"item\":\"https:\/\/rckopen.com\/\"},{\"@type\":\"ListItem\",\"position\":2,\"name\":\"Shop\",\"item\":\"https:\/\/rckopen.com\/shop\/\"},{\"@type\":\"ListItem\",\"position\":3,\"name\":\"METODESNITAZENE.HCL online kopen\"}]},{\"@type\":\"WebSite\",\"@id\":\"https:\/\/rckopen.com\/#website\",\"url\":\"https:\/\/rckopen.com\/\",\"name\":\"RC Kopen\",\"description\":\"Research Chemicals\",\"potentialAction\":[{\"@type\":\"SearchAction\",\"target\":{\"@type\":\"EntryPoint\",\"urlTemplate\":\"https:\/\/rckopen.com\/?s={search_term_string}\"},\"query-input\":{\"@type\":\"PropertyValueSpecification\",\"valueRequired\":true,\"valueName\":\"search_term_string\"}}],\"inLanguage\":\"de-CH\"}]}<\/script>\n<!-- \/ Yoast SEO plugin. -->","yoast_head_json":{"title":"Metodesnitazen HCL online kopen - Metodesnitazen HCL te koop","description":"Metodesnitazen HCL te koop is nu eenvoudig verkrijgbaar in onze online winkel. U kunt rechtstreeks verbinding maken met onze RC Kopen-winkel en Metodesnitazen HCL online kopen tegen de beste prijzen.","robots":{"index":"index","follow":"follow","max-snippet":"max-snippet:-1","max-image-preview":"max-image-preview:large","max-video-preview":"max-video-preview:-1"},"canonical":"https:\/\/rckopen.com\/de\/produkt\/metodesnitazen-hcl\/","og_locale":"de_DE","og_type":"article","og_title":"Metodesnitazen HCL online kopen - Metodesnitazen HCL te koop","og_description":"Metodesnitazen HCL te koop is nu eenvoudig verkrijgbaar in onze online winkel. U kunt rechtstreeks verbinding maken met onze RC Kopen-winkel en Metodesnitazen HCL online kopen tegen de beste prijzen.","og_url":"https:\/\/rckopen.com\/de\/produkt\/metodesnitazen-hcl\/","og_site_name":"RC Kopen","article_modified_time":"2025-02-04T05:21:25+00:00","og_image":[{"width":600,"height":600,"url":"https:\/\/rckopen.com\/wp-content\/uploads\/2023\/08\/METODESNITAZENE.HCL_.jpg","type":"image\/jpeg"}],"twitter_card":"summary_large_image","twitter_misc":{"Gesch\u00e4tzte Lesezeit":"1\u00a0Minute"},"schema":{"@context":"https:\/\/schema.org","@graph":[{"@type":"WebPage","@id":"https:\/\/rckopen.com\/product\/metodesnitazene-hcl\/","url":"https:\/\/rckopen.com\/product\/metodesnitazene-hcl\/","name":"Metodesnitazen HCL online kopen - Metodesnitazen HCL te koop","isPartOf":{"@id":"https:\/\/rckopen.com\/#website"},"primaryImageOfPage":{"@id":"https:\/\/rckopen.com\/product\/metodesnitazene-hcl\/#primaryimage"},"image":{"@id":"https:\/\/rckopen.com\/product\/metodesnitazene-hcl\/#primaryimage"},"thumbnailUrl":"https:\/\/rckopen.com\/wp-content\/uploads\/2023\/08\/METODESNITAZENE.HCL_.jpg","datePublished":"2023-08-16T07:14:10+00:00","dateModified":"2025-02-04T05:21:25+00:00","description":"Metodesnitazen HCL te koop is nu eenvoudig verkrijgbaar in onze online winkel. U kunt rechtstreeks verbinding maken met onze RC Kopen-winkel en Metodesnitazen HCL online kopen tegen de beste prijzen.","breadcrumb":{"@id":"https:\/\/rckopen.com\/product\/metodesnitazene-hcl\/#breadcrumb"},"inLanguage":"de-CH","potentialAction":[{"@type":"ReadAction","target":["https:\/\/rckopen.com\/product\/metodesnitazene-hcl\/"]}]},{"@type":"ImageObject","inLanguage":"de-CH","@id":"https:\/\/rckopen.com\/product\/metodesnitazene-hcl\/#primaryimage","url":"https:\/\/rckopen.com\/wp-content\/uploads\/2023\/08\/METODESNITAZENE.HCL_.jpg","contentUrl":"https:\/\/rckopen.com\/wp-content\/uploads\/2023\/08\/METODESNITAZENE.HCL_.jpg","width":600,"height":600,"caption":"Metodesnitazen HCL online kopen"},{"@type":"BreadcrumbList","@id":"https:\/\/rckopen.com\/product\/metodesnitazene-hcl\/#breadcrumb","itemListElement":[{"@type":"ListItem","position":1,"name":"Home","item":"https:\/\/rckopen.com\/"},{"@type":"ListItem","position":2,"name":"Shop","item":"https:\/\/rckopen.com\/shop\/"},{"@type":"ListItem","position":3,"name":"METODESNITAZENE.HCL online kopen"}]},{"@type":"WebSite","@id":"https:\/\/rckopen.com\/#website","url":"https:\/\/rckopen.com\/","name":"RC Kopen","description":"Research Chemicals","potentialAction":[{"@type":"SearchAction","target":{"@type":"EntryPoint","urlTemplate":"https:\/\/rckopen.com\/?s={search_term_string}"},"query-input":{"@type":"PropertyValueSpecification","valueRequired":true,"valueName":"search_term_string"}}],"inLanguage":"de-CH"}]}},"_links":{"self":[{"href":"https:\/\/rckopen.com\/de\/wp-json\/wp\/v2\/product\/6553","targetHints":{"allow":["GET"]}}],"collection":[{"href":"https:\/\/rckopen.com\/de\/wp-json\/wp\/v2\/product"}],"about":[{"href":"https:\/\/rckopen.com\/de\/wp-json\/wp\/v2\/types\/product"}],"replies":[{"embeddable":true,"href":"https:\/\/rckopen.com\/de\/wp-json\/wp\/v2\/comments?post=6553"}],"wp:featuredmedia":[{"embeddable":true,"href":"https:\/\/rckopen.com\/de\/wp-json\/wp\/v2\/media\/6564"}],"wp:attachment":[{"href":"https:\/\/rckopen.com\/de\/wp-json\/wp\/v2\/media?parent=6553"}],"wp:term":[{"taxonomy":"product_brand","embeddable":true,"href":"https:\/\/rckopen.com\/de\/wp-json\/wp\/v2\/product_brand?post=6553"},{"taxonomy":"product_cat","embeddable":true,"href":"https:\/\/rckopen.com\/de\/wp-json\/wp\/v2\/product_cat?post=6553"},{"taxonomy":"product_tag","embeddable":true,"href":"https:\/\/rckopen.com\/de\/wp-json\/wp\/v2\/product_tag?post=6553"}],"curies":[{"name":"wp","href":"https:\/\/api.w.org\/{rel}","templated":true}]}}