{"id":6569,"date":"2023-08-16T09:18:00","date_gmt":"2023-08-16T09:18:00","guid":{"rendered":"https:\/\/diligentplug.com\/chems\/?post_type=product&#038;p=6569"},"modified":"2025-09-16T08:50:53","modified_gmt":"2025-09-16T08:50:53","slug":"flubrotizolam-05mg-bars","status":"publish","type":"product","link":"https:\/\/rckopen.com\/de\/produkt\/flubrotizolam-05mg-riegel\/","title":{"rendered":"FLUBROTIZOLAM 0,5MG Riegel online kaufen"},"content":{"rendered":"<h2>FLUBROTIZOLAM 0,5MG Online Kopen<\/h2>\n<p>FLUBROTIZOLAM 0,5 MG online kaufen Riegel nur hier zu verkaufen<\/p>\n<p>M\u00f6chten Sie <a href=\"https:\/\/rckopen.com\/de\/produkt\/flubrotizolam-05mg-riegel\/\">FLUBROTIZOLAM 0,5MG online<\/a> kaufen? M\u00f6chten Sie wissen, wo Sie problemlos FLUBROTIZOLAMS 0,5 MG-Riegel kaufen k\u00f6nnen? Suchen Sie nicht weiter als rckopen.com! In dieser Kaufberatung erkl\u00e4ren wir Ihnen, wie Sie FLUBROTIZOLAMS 0,5 mg-Riegel bequem von zu Hause aus rezeptfrei bestellen k\u00f6nnen.<\/p>\n<h3>Verst\u00e4ndnis der FLUBROTIZOLAM 0,5MG-Riegel<\/h3>\n<p><a href=\"https:\/\/en.wikipedia.org\/wiki\/Flubromazepam\">FLUBROTIZOLAM<\/a> ist ein starkes Benzodiazepin, das f\u00fcr seine beruhigenden und angstl\u00f6senden Eigenschaften bekannt ist. Es wird h\u00e4ufig zur Behandlung von Angstst\u00f6rungen, Schlaflosigkeit und Panikattacken eingesetzt. FLUBROTIZOLAM 0,5 mg-Riegel sind eine beliebte Form dieses Medikaments und bieten eine bequeme M\u00f6glichkeit, eine genaue Dosierung zu erreichen.<\/p>\n<h3>Warum rckopen.com w\u00e4hlen?<\/h3>\n<p>Wenn es darum geht, Medikamente online zu kaufen, ist es wichtig, eine zuverl\u00e4ssige und vertrauensw\u00fcrdige Quelle zu w\u00e4hlen. Rckopen.com ist eine seri\u00f6se Online-Apotheke, die eine breite Palette von Medikamenten anbietet, darunter auch FLUBROTIZOLAM 0.5MG Riegel zum Verkauf.<\/p>\n<p>Hier sind einige Gr\u00fcnde, warum Sie FLUBROTIZOLAM 0.5MG Riegel bei rckopen.com kaufen sollten:<\/p>\n<p><strong>Gro\u00dfe Auswahl:<\/strong> <a href=\"https:\/\/rckopen.com\/de\/\">Rckopen.com<\/a> bietet eine vielf\u00e4ltige Auswahl an FLUBROTIZOLAMS 0,5 MG-Riegeln zum Verkauf an, sodass Sie genau das finden, was Sie brauchen.<\/p>\n<p><strong>Qualit\u00e4tssicherung:<\/strong> Alle Medikamente, die auf <a href=\"https:\/\/rckopen.com\/de\/\">rckopen.com<\/a> verkauft werden, stammen von namhaften Herstellern und unterliegen strengen Qualit\u00e4tskontrollma\u00dfnahmen.<\/p>\n<p><strong>Leichtigkeit:<\/strong> Mit nur wenigen Klicks k\u00f6nnen Sie FLUBROTIZOLAMS 0,5MG Riegel rezeptfrei bestellen.<\/p>\n<p><a href=\"https:\/\/rckopen.com\/de\/produkt\/fluclotizolam-blotters-1mg\/\">Sichere Bezahlung:<\/a> Rckopen.com bietet ein sicheres Zahlungsportal, um sicherzustellen, dass Ihre pers\u00f6nlichen und finanziellen Daten sicher und vertraulich bleiben.<\/p>\n<h3>Wie kauft man FLUBROTIZOLAM 0.5MG Riegel<\/h3>\n<p>FLUBROTIZOLAM 0.5MG Riegel bei rckopen.com zu kaufen ist einfach. Hier finden Sie eine Schritt-f\u00fcr-Schritt-Anleitung f\u00fcr Ihre Bestellung:<\/p>\n<p>Besuchen Sie rckopen.com: Rufen Sie die Website rckopen.com auf dem Ger\u00e4t Ihrer Wahl auf.<\/p>\n<p>Produkte durchsuchen: Navigieren Sie zum Abschnitt Medikamente und finden Sie FLUBROTIZOLAM 0.5MG Riegel zum Verkauf.<\/p>\n<p>In den Warenkorb legen: W\u00e4hlen Sie die gew\u00fcnschte Anzahl von FLUBROTIZOLAM 0.5MG Riegeln aus und legen Sie sie in Ihren Warenkorb.<\/p>\n<p>Zur Kasse gehen: Gehen Sie zur Kassenseite und geben Sie Ihre Versand- und Zahlungsdaten ein.<\/p>\n<p>Bestellung best\u00e4tigen: \u00dcberpr\u00fcfen Sie die Details Ihrer Bestellung FLUBROTIZOLAM 0.5MG Riegel und best\u00e4tigen Sie den Kauf.<\/p>\n<p>Versand erhalten: Lehnen Sie sich zur\u00fcck und entspannen Sie sich, w\u00e4hrend Ihre Bestellung von FLUBROTIZOLAM 0.5MG Riegeln diskret zu Ihnen nach Hause geliefert wird.<\/p>","protected":false},"excerpt":{"rendered":"<p><strong>IUPAC-Name: <\/strong>4-bromo-7-(2-fluorophenyl)-13-methyl-3-thia-1,8,11,12-tetrazatricyclo[8.3.0.02,6]trideca-2(6),4,7,10,12-pentaene<\/p>\n<p><strong>CAS # <\/strong>57801-95-3<\/p>\n<p><strong>Anderer Name: <\/strong>Fanax<\/p>\n<p><strong>NMR-Analyse: <\/strong>C15H10BrFN4S<\/p>","protected":false},"featured_media":6580,"comment_status":"open","ping_status":"closed","template":"","meta":{"_joinchat":[]},"product_brand":[],"product_cat":[144],"product_tag":[],"class_list":{"0":"post-6569","1":"product","2":"type-product","3":"status-publish","4":"has-post-thumbnail","6":"product_cat-pellets","8":"first","9":"instock","10":"shipping-taxable","11":"purchasable","12":"product-type-variable"},"yoast_head":"<!-- This site is optimized with the Yoast SEO plugin v26.3 - https:\/\/yoast.com\/wordpress\/plugins\/seo\/ -->\n<title>Flubrotizolam 05 mg repen online kopen | RCkopen<\/title>\n<meta name=\"description\" content=\"Onze online winkel heeft Flubrotizolam 05 mg repen van hoge kwaliteit te koop. Als u Flubrotizolam 05 mg repen online wilt kopen, laat het ons dan weten. Wij zullen uw wensen binnenkort invullen!\" \/>\n<meta name=\"robots\" content=\"index, follow, max-snippet:-1, max-image-preview:large, max-video-preview:-1\" \/>\n<link rel=\"canonical\" href=\"https:\/\/rckopen.com\/de\/produkt\/flubrotizolam-05mg-riegel\/\" \/>\n<meta property=\"og:locale\" content=\"de_DE\" \/>\n<meta property=\"og:type\" content=\"article\" \/>\n<meta property=\"og:title\" content=\"Flubrotizolam 05 mg repen online kopen | RCkopen\" \/>\n<meta property=\"og:description\" content=\"Onze online winkel heeft Flubrotizolam 05 mg repen van hoge kwaliteit te koop. Als u Flubrotizolam 05 mg repen online wilt kopen, laat het ons dan weten. Wij zullen uw wensen binnenkort invullen!\" \/>\n<meta property=\"og:url\" content=\"https:\/\/rckopen.com\/de\/produkt\/flubrotizolam-05mg-riegel\/\" \/>\n<meta property=\"og:site_name\" content=\"RC Kopen\" \/>\n<meta property=\"article:modified_time\" content=\"2025-09-16T08:50:53+00:00\" \/>\n<meta property=\"og:image\" content=\"https:\/\/rckopen.com\/wp-content\/uploads\/2023\/08\/FLUBROTIZOLAM-05MG-bars.jpg\" \/>\n\t<meta property=\"og:image:width\" content=\"600\" \/>\n\t<meta property=\"og:image:height\" content=\"600\" \/>\n\t<meta property=\"og:image:type\" content=\"image\/jpeg\" \/>\n<meta name=\"twitter:card\" content=\"summary_large_image\" \/>\n<meta name=\"twitter:label1\" content=\"Gesch\u00e4tzte Lesezeit\" \/>\n\t<meta name=\"twitter:data1\" content=\"2\u00a0Minuten\" \/>\n<script type=\"application\/ld+json\" class=\"yoast-schema-graph\">{\"@context\":\"https:\/\/schema.org\",\"@graph\":[{\"@type\":\"WebPage\",\"@id\":\"https:\/\/rckopen.com\/product\/flubrotizolam-05mg-bars\/\",\"url\":\"https:\/\/rckopen.com\/product\/flubrotizolam-05mg-bars\/\",\"name\":\"Flubrotizolam 05 mg repen online kopen | RCkopen\",\"isPartOf\":{\"@id\":\"https:\/\/rckopen.com\/#website\"},\"primaryImageOfPage\":{\"@id\":\"https:\/\/rckopen.com\/product\/flubrotizolam-05mg-bars\/#primaryimage\"},\"image\":{\"@id\":\"https:\/\/rckopen.com\/product\/flubrotizolam-05mg-bars\/#primaryimage\"},\"thumbnailUrl\":\"https:\/\/rckopen.com\/wp-content\/uploads\/2023\/08\/FLUBROTIZOLAM-05MG-bars.jpg\",\"datePublished\":\"2023-08-16T09:18:00+00:00\",\"dateModified\":\"2025-09-16T08:50:53+00:00\",\"description\":\"Onze online winkel heeft Flubrotizolam 05 mg repen van hoge kwaliteit te koop. Als u Flubrotizolam 05 mg repen online wilt kopen, laat het ons dan weten. Wij zullen uw wensen binnenkort invullen!\",\"breadcrumb\":{\"@id\":\"https:\/\/rckopen.com\/product\/flubrotizolam-05mg-bars\/#breadcrumb\"},\"inLanguage\":\"de-CH\",\"potentialAction\":[{\"@type\":\"ReadAction\",\"target\":[\"https:\/\/rckopen.com\/product\/flubrotizolam-05mg-bars\/\"]}]},{\"@type\":\"ImageObject\",\"inLanguage\":\"de-CH\",\"@id\":\"https:\/\/rckopen.com\/product\/flubrotizolam-05mg-bars\/#primaryimage\",\"url\":\"https:\/\/rckopen.com\/wp-content\/uploads\/2023\/08\/FLUBROTIZOLAM-05MG-bars.jpg\",\"contentUrl\":\"https:\/\/rckopen.com\/wp-content\/uploads\/2023\/08\/FLUBROTIZOLAM-05MG-bars.jpg\",\"width\":600,\"height\":600,\"caption\":\"FLUBROTIZOLAM-0,5MG-bars online kopen\"},{\"@type\":\"BreadcrumbList\",\"@id\":\"https:\/\/rckopen.com\/product\/flubrotizolam-05mg-bars\/#breadcrumb\",\"itemListElement\":[{\"@type\":\"ListItem\",\"position\":1,\"name\":\"Home\",\"item\":\"https:\/\/rckopen.com\/\"},{\"@type\":\"ListItem\",\"position\":2,\"name\":\"Shop\",\"item\":\"https:\/\/rckopen.com\/shop\/\"},{\"@type\":\"ListItem\",\"position\":3,\"name\":\"FLUBROTIZOLAM 0,5MG bars online kopen\"}]},{\"@type\":\"WebSite\",\"@id\":\"https:\/\/rckopen.com\/#website\",\"url\":\"https:\/\/rckopen.com\/\",\"name\":\"RC Kopen\",\"description\":\"Research Chemicals\",\"potentialAction\":[{\"@type\":\"SearchAction\",\"target\":{\"@type\":\"EntryPoint\",\"urlTemplate\":\"https:\/\/rckopen.com\/?s={search_term_string}\"},\"query-input\":{\"@type\":\"PropertyValueSpecification\",\"valueRequired\":true,\"valueName\":\"search_term_string\"}}],\"inLanguage\":\"de-CH\"}]}<\/script>\n<!-- \/ Yoast SEO plugin. -->","yoast_head_json":{"title":"Flubrotizolam 05 mg repen online kopen | RCkopen","description":"Onze online winkel heeft Flubrotizolam 05 mg repen van hoge kwaliteit te koop. Als u Flubrotizolam 05 mg repen online wilt kopen, laat het ons dan weten. Wij zullen uw wensen binnenkort invullen!","robots":{"index":"index","follow":"follow","max-snippet":"max-snippet:-1","max-image-preview":"max-image-preview:large","max-video-preview":"max-video-preview:-1"},"canonical":"https:\/\/rckopen.com\/de\/produkt\/flubrotizolam-05mg-riegel\/","og_locale":"de_DE","og_type":"article","og_title":"Flubrotizolam 05 mg repen online kopen | RCkopen","og_description":"Onze online winkel heeft Flubrotizolam 05 mg repen van hoge kwaliteit te koop. Als u Flubrotizolam 05 mg repen online wilt kopen, laat het ons dan weten. Wij zullen uw wensen binnenkort invullen!","og_url":"https:\/\/rckopen.com\/de\/produkt\/flubrotizolam-05mg-riegel\/","og_site_name":"RC Kopen","article_modified_time":"2025-09-16T08:50:53+00:00","og_image":[{"width":600,"height":600,"url":"https:\/\/rckopen.com\/wp-content\/uploads\/2023\/08\/FLUBROTIZOLAM-05MG-bars.jpg","type":"image\/jpeg"}],"twitter_card":"summary_large_image","twitter_misc":{"Gesch\u00e4tzte Lesezeit":"2\u00a0Minuten"},"schema":{"@context":"https:\/\/schema.org","@graph":[{"@type":"WebPage","@id":"https:\/\/rckopen.com\/product\/flubrotizolam-05mg-bars\/","url":"https:\/\/rckopen.com\/product\/flubrotizolam-05mg-bars\/","name":"Flubrotizolam 05 mg repen online kopen | RCkopen","isPartOf":{"@id":"https:\/\/rckopen.com\/#website"},"primaryImageOfPage":{"@id":"https:\/\/rckopen.com\/product\/flubrotizolam-05mg-bars\/#primaryimage"},"image":{"@id":"https:\/\/rckopen.com\/product\/flubrotizolam-05mg-bars\/#primaryimage"},"thumbnailUrl":"https:\/\/rckopen.com\/wp-content\/uploads\/2023\/08\/FLUBROTIZOLAM-05MG-bars.jpg","datePublished":"2023-08-16T09:18:00+00:00","dateModified":"2025-09-16T08:50:53+00:00","description":"Onze online winkel heeft Flubrotizolam 05 mg repen van hoge kwaliteit te koop. Als u Flubrotizolam 05 mg repen online wilt kopen, laat het ons dan weten. Wij zullen uw wensen binnenkort invullen!","breadcrumb":{"@id":"https:\/\/rckopen.com\/product\/flubrotizolam-05mg-bars\/#breadcrumb"},"inLanguage":"de-CH","potentialAction":[{"@type":"ReadAction","target":["https:\/\/rckopen.com\/product\/flubrotizolam-05mg-bars\/"]}]},{"@type":"ImageObject","inLanguage":"de-CH","@id":"https:\/\/rckopen.com\/product\/flubrotizolam-05mg-bars\/#primaryimage","url":"https:\/\/rckopen.com\/wp-content\/uploads\/2023\/08\/FLUBROTIZOLAM-05MG-bars.jpg","contentUrl":"https:\/\/rckopen.com\/wp-content\/uploads\/2023\/08\/FLUBROTIZOLAM-05MG-bars.jpg","width":600,"height":600,"caption":"FLUBROTIZOLAM-0,5MG-bars online kopen"},{"@type":"BreadcrumbList","@id":"https:\/\/rckopen.com\/product\/flubrotizolam-05mg-bars\/#breadcrumb","itemListElement":[{"@type":"ListItem","position":1,"name":"Home","item":"https:\/\/rckopen.com\/"},{"@type":"ListItem","position":2,"name":"Shop","item":"https:\/\/rckopen.com\/shop\/"},{"@type":"ListItem","position":3,"name":"FLUBROTIZOLAM 0,5MG bars online kopen"}]},{"@type":"WebSite","@id":"https:\/\/rckopen.com\/#website","url":"https:\/\/rckopen.com\/","name":"RC Kopen","description":"Research Chemicals","potentialAction":[{"@type":"SearchAction","target":{"@type":"EntryPoint","urlTemplate":"https:\/\/rckopen.com\/?s={search_term_string}"},"query-input":{"@type":"PropertyValueSpecification","valueRequired":true,"valueName":"search_term_string"}}],"inLanguage":"de-CH"}]}},"_links":{"self":[{"href":"https:\/\/rckopen.com\/de\/wp-json\/wp\/v2\/product\/6569","targetHints":{"allow":["GET"]}}],"collection":[{"href":"https:\/\/rckopen.com\/de\/wp-json\/wp\/v2\/product"}],"about":[{"href":"https:\/\/rckopen.com\/de\/wp-json\/wp\/v2\/types\/product"}],"replies":[{"embeddable":true,"href":"https:\/\/rckopen.com\/de\/wp-json\/wp\/v2\/comments?post=6569"}],"wp:featuredmedia":[{"embeddable":true,"href":"https:\/\/rckopen.com\/de\/wp-json\/wp\/v2\/media\/6580"}],"wp:attachment":[{"href":"https:\/\/rckopen.com\/de\/wp-json\/wp\/v2\/media?parent=6569"}],"wp:term":[{"taxonomy":"product_brand","embeddable":true,"href":"https:\/\/rckopen.com\/de\/wp-json\/wp\/v2\/product_brand?post=6569"},{"taxonomy":"product_cat","embeddable":true,"href":"https:\/\/rckopen.com\/de\/wp-json\/wp\/v2\/product_cat?post=6569"},{"taxonomy":"product_tag","embeddable":true,"href":"https:\/\/rckopen.com\/de\/wp-json\/wp\/v2\/product_tag?post=6569"}],"curies":[{"name":"wp","href":"https:\/\/api.w.org\/{rel}","templated":true}]}}