{"id":6572,"date":"2023-08-16T09:22:52","date_gmt":"2023-08-16T09:22:52","guid":{"rendered":"https:\/\/diligentplug.com\/chems\/?post_type=product&#038;p=6572"},"modified":"2025-09-16T08:19:16","modified_gmt":"2025-09-16T08:19:16","slug":"deschloroetizolam-pellets-5mg","status":"publish","type":"product","link":"https:\/\/rckopen.com\/de\/produkt\/dechloroetizolam-kugelchen-5mg\/","title":{"rendered":"Deschloroetizolam PELLETS 5mg online kaufen"},"content":{"rendered":"<h2>Deschloretizolam PELLETS 5mg online kaufen<\/h2>\n<p>Entdecken Sie die Welt von Deschloroetizolam PELLETS 5 mg: Kaufen Sie smart auf rckopen.com<\/p>\n<p>Suchen Sie <a href=\"https:\/\/rckopen.com\/de\/produkt\/dechloroetizolam-kugelchen-5mg\/\">Deschloroetizolam PELLETS 5 mg<\/a>? Suchen Sie nicht weiter als rckopen.com! Unser Online-Shop f\u00fcr Deschloroetizolam PELLETS 5 mg ist Ihre bevorzugte Anlaufstelle f\u00fcr alles, was mit Deschloroetizolam zu tun hat. Mit nur wenigen Klicks k\u00f6nnen Sie Deschloroetizolam PELLETS 5mg ganz einfach kaufen.<\/p>\n<h3>Wo k\u00f6nnen Sie DCK 20 mg Pellets online kaufen?<\/h3>\n<p>Wenn Sie suchen, wo Sie <a href=\"https:\/\/en.wikipedia.org\/wiki\/Deschloroetizolam\">Deschloroetizolam<\/a> PELLETS 5 mg online kaufen, ist <a href=\"https:\/\/rckopen.com\/de\/\">rckopen.com<\/a> ein renommierter Online-Shop mit einer gro\u00dfen Produktauswahl. Sie bieten qualitativ hochwertige Medikamente zu erschwinglichen Preisen und ihr praktischer Bestellvorgang macht es einfach, die ben\u00f6tigten Medikamente schnell und effizient zu erhalten. Mit seinem schnellen Versand und der diskreten Verpackung ist rckopen.com die perfekte Wahl f\u00fcr alle, die Deschloroetizolam PELLETS 5 mg legal online kaufen m\u00f6chten.<\/p>\n<p><strong>Kein Rezept erforderlich<\/strong><\/p>\n<p>Wenn Sie Deschloroetizolam PELLETS 5 mg online kaufen, ben\u00f6tigen Sie kein Rezept. Dies macht den Vorgang viel einfacher und schneller, da Sie sich nicht die M\u00fche machen m\u00fcssen, ein Rezept von einem Arzt zu bekommen. Dies ist insbesondere f\u00fcr Personen von Vorteil, die das Medikament schnell ben\u00f6tigen oder keinen einfachen Zugang zu einem Arzt haben.<\/p>\n<h3>Deschloretizolam PELLETS 5mg speichern<\/h3>\n<p>Suchen Sie einen zuverl\u00e4ssigen Deschloroetizolam PELLETS 5 mg Shop? Suchen Sie nicht weiter als rckopen.com. Unser Online-Shop ist mit einer breiten Palette von Deschloroetizolam Produkten gef\u00fcllt, einschlie\u00dflich PELLETS 5 mg. Egal, ob Sie ein erfahrener Anwender oder ein Neuling bei Deschloroetizolam sind, wir haben die Produkte, die Ihren Bed\u00fcrfnissen entsprechen. Kaufen Sie mit Vertrauen bei rckopen.com!<\/p>\n<h3>Deschloroetizolam PELLETS 5 mg online kaufen.<\/h3>\n<p>M\u00f6chten Sie Deschloretizolam PELLETS 5 mg online kaufen? Besuchen Sie rckopen.com f\u00fcr unsere hervorragende Auswahl und wettbewerbsf\u00e4higen Preise. Mit unserem sicheren Online-Checkout-Prozess k\u00f6nnen Sie beruhigt einkaufen, da Sie wissen, dass Ihre Daten sicher und gesch\u00fctzt sind.<\/p>\n<p>rckopen.com ist Ihre ultimative Adresse, um Deschloroetizolam PELLETS 5 mg zu bestellen. Wir bieten eine gro\u00dfe Auswahl, wettbewerbsf\u00e4hige Preise und einen problemlosen Bestellvorgang. Erhalten Sie die Produkte, die Sie brauchen, wenn Sie sie brauchen. Warten Sie nicht, besuchen Sie uns jetzt. Kaufen Sie jetzt und kaufen Sie Deschloroetizolam PELLETS 5 mg einfach online bei rckopen.com!<\/p>\n<p>Deschloroetizolam PELLETS 5mg online zu kaufen hat zahlreiche Vorteile, von der Bequemlichkeit \u00fcber die gro\u00dfe Auswahl bis hin zur diskreten Verpackung. Mit seri\u00f6sen Online-Shops wie rckopen.com war es noch nie so einfach, dieses Medikament zu kaufen. Warum also warten? Kaufen Sie Deschloroetizolam PELLETS 5mg noch heute rezeptfrei online und \u00fcberzeugen Sie sich selbst von den Vorteilen!<\/p>","protected":false},"excerpt":{"rendered":"<p><strong>IUPAC-Name: <\/strong>2-ethyl-9-methyl-4-phenyl-6H-thieno[3,2-f][1,2,4]triazolo[4,3-a][1,4]diazepine<\/p>\n<p><strong>Form: <\/strong>rosa K\u00fcgelchen<\/p>","protected":false},"featured_media":6582,"comment_status":"open","ping_status":"closed","template":"","meta":{"_joinchat":[]},"product_brand":[],"product_cat":[144],"product_tag":[],"class_list":{"0":"post-6572","1":"product","2":"type-product","3":"status-publish","4":"has-post-thumbnail","6":"product_cat-pellets","8":"first","9":"instock","10":"shipping-taxable","11":"purchasable","12":"product-type-variable"},"yoast_head":"<!-- This site is optimized with the Yoast SEO plugin v26.3 - https:\/\/yoast.com\/wordpress\/plugins\/seo\/ -->\n<title>Deschloroetizolam Pellets 5mg online kopen | RCkopen<\/title>\n<meta name=\"description\" content=\"Bent u op zoek naar Deschloroetizolam Pellets 5 mg te koop? RC Kopen is een toonaangevende winkel waar u Deschloroetizolam Pellets 5mg online kunt kopen tegen de beste prijs. Bestel nu met discrete verzending!\" \/>\n<meta name=\"robots\" content=\"index, follow, max-snippet:-1, max-image-preview:large, max-video-preview:-1\" \/>\n<link rel=\"canonical\" href=\"https:\/\/rckopen.com\/de\/produkt\/dechloroetizolam-kugelchen-5mg\/\" \/>\n<meta property=\"og:locale\" content=\"de_DE\" \/>\n<meta property=\"og:type\" content=\"article\" \/>\n<meta property=\"og:title\" content=\"Deschloroetizolam Pellets 5mg online kopen | RCkopen\" \/>\n<meta property=\"og:description\" content=\"Bent u op zoek naar Deschloroetizolam Pellets 5 mg te koop? RC Kopen is een toonaangevende winkel waar u Deschloroetizolam Pellets 5mg online kunt kopen tegen de beste prijs. Bestel nu met discrete verzending!\" \/>\n<meta property=\"og:url\" content=\"https:\/\/rckopen.com\/de\/produkt\/dechloroetizolam-kugelchen-5mg\/\" \/>\n<meta property=\"og:site_name\" content=\"RC Kopen\" \/>\n<meta property=\"article:modified_time\" content=\"2025-09-16T08:19:16+00:00\" \/>\n<meta property=\"og:image\" content=\"https:\/\/rckopen.com\/wp-content\/uploads\/2023\/08\/Deschloroetizolam-PELLETS-5mg.jpg\" \/>\n\t<meta property=\"og:image:width\" content=\"600\" \/>\n\t<meta property=\"og:image:height\" content=\"600\" \/>\n\t<meta property=\"og:image:type\" content=\"image\/jpeg\" \/>\n<meta name=\"twitter:card\" content=\"summary_large_image\" \/>\n<meta name=\"twitter:label1\" content=\"Gesch\u00e4tzte Lesezeit\" \/>\n\t<meta name=\"twitter:data1\" content=\"3\u00a0Minuten\" \/>\n<script type=\"application\/ld+json\" class=\"yoast-schema-graph\">{\"@context\":\"https:\/\/schema.org\",\"@graph\":[{\"@type\":\"WebPage\",\"@id\":\"https:\/\/rckopen.com\/product\/deschloroetizolam-pellets-5mg\/\",\"url\":\"https:\/\/rckopen.com\/product\/deschloroetizolam-pellets-5mg\/\",\"name\":\"Deschloroetizolam Pellets 5mg online kopen | RCkopen\",\"isPartOf\":{\"@id\":\"https:\/\/rckopen.com\/#website\"},\"primaryImageOfPage\":{\"@id\":\"https:\/\/rckopen.com\/product\/deschloroetizolam-pellets-5mg\/#primaryimage\"},\"image\":{\"@id\":\"https:\/\/rckopen.com\/product\/deschloroetizolam-pellets-5mg\/#primaryimage\"},\"thumbnailUrl\":\"https:\/\/rckopen.com\/wp-content\/uploads\/2023\/08\/Deschloroetizolam-PELLETS-5mg.jpg\",\"datePublished\":\"2023-08-16T09:22:52+00:00\",\"dateModified\":\"2025-09-16T08:19:16+00:00\",\"description\":\"Bent u op zoek naar Deschloroetizolam Pellets 5 mg te koop? RC Kopen is een toonaangevende winkel waar u Deschloroetizolam Pellets 5mg online kunt kopen tegen de beste prijs. Bestel nu met discrete verzending!\",\"breadcrumb\":{\"@id\":\"https:\/\/rckopen.com\/product\/deschloroetizolam-pellets-5mg\/#breadcrumb\"},\"inLanguage\":\"de-CH\",\"potentialAction\":[{\"@type\":\"ReadAction\",\"target\":[\"https:\/\/rckopen.com\/product\/deschloroetizolam-pellets-5mg\/\"]}]},{\"@type\":\"ImageObject\",\"inLanguage\":\"de-CH\",\"@id\":\"https:\/\/rckopen.com\/product\/deschloroetizolam-pellets-5mg\/#primaryimage\",\"url\":\"https:\/\/rckopen.com\/wp-content\/uploads\/2023\/08\/Deschloroetizolam-PELLETS-5mg.jpg\",\"contentUrl\":\"https:\/\/rckopen.com\/wp-content\/uploads\/2023\/08\/Deschloroetizolam-PELLETS-5mg.jpg\",\"width\":600,\"height\":600,\"caption\":\"Deschloroetizolam-PELLETS-5mg online kopen\"},{\"@type\":\"BreadcrumbList\",\"@id\":\"https:\/\/rckopen.com\/product\/deschloroetizolam-pellets-5mg\/#breadcrumb\",\"itemListElement\":[{\"@type\":\"ListItem\",\"position\":1,\"name\":\"Home\",\"item\":\"https:\/\/rckopen.com\/\"},{\"@type\":\"ListItem\",\"position\":2,\"name\":\"Shop\",\"item\":\"https:\/\/rckopen.com\/shop\/\"},{\"@type\":\"ListItem\",\"position\":3,\"name\":\"Deschloroetizolam PELLETS 5mg online kopen\"}]},{\"@type\":\"WebSite\",\"@id\":\"https:\/\/rckopen.com\/#website\",\"url\":\"https:\/\/rckopen.com\/\",\"name\":\"RC Kopen\",\"description\":\"Research Chemicals\",\"potentialAction\":[{\"@type\":\"SearchAction\",\"target\":{\"@type\":\"EntryPoint\",\"urlTemplate\":\"https:\/\/rckopen.com\/?s={search_term_string}\"},\"query-input\":{\"@type\":\"PropertyValueSpecification\",\"valueRequired\":true,\"valueName\":\"search_term_string\"}}],\"inLanguage\":\"de-CH\"}]}<\/script>\n<!-- \/ Yoast SEO plugin. -->","yoast_head_json":{"title":"Deschloroetizolam Pellets 5mg online kopen | RCkopen","description":"Bent u op zoek naar Deschloroetizolam Pellets 5 mg te koop? RC Kopen is een toonaangevende winkel waar u Deschloroetizolam Pellets 5mg online kunt kopen tegen de beste prijs. Bestel nu met discrete verzending!","robots":{"index":"index","follow":"follow","max-snippet":"max-snippet:-1","max-image-preview":"max-image-preview:large","max-video-preview":"max-video-preview:-1"},"canonical":"https:\/\/rckopen.com\/de\/produkt\/dechloroetizolam-kugelchen-5mg\/","og_locale":"de_DE","og_type":"article","og_title":"Deschloroetizolam Pellets 5mg online kopen | RCkopen","og_description":"Bent u op zoek naar Deschloroetizolam Pellets 5 mg te koop? RC Kopen is een toonaangevende winkel waar u Deschloroetizolam Pellets 5mg online kunt kopen tegen de beste prijs. Bestel nu met discrete verzending!","og_url":"https:\/\/rckopen.com\/de\/produkt\/dechloroetizolam-kugelchen-5mg\/","og_site_name":"RC Kopen","article_modified_time":"2025-09-16T08:19:16+00:00","og_image":[{"width":600,"height":600,"url":"https:\/\/rckopen.com\/wp-content\/uploads\/2023\/08\/Deschloroetizolam-PELLETS-5mg.jpg","type":"image\/jpeg"}],"twitter_card":"summary_large_image","twitter_misc":{"Gesch\u00e4tzte Lesezeit":"3\u00a0Minuten"},"schema":{"@context":"https:\/\/schema.org","@graph":[{"@type":"WebPage","@id":"https:\/\/rckopen.com\/product\/deschloroetizolam-pellets-5mg\/","url":"https:\/\/rckopen.com\/product\/deschloroetizolam-pellets-5mg\/","name":"Deschloroetizolam Pellets 5mg online kopen | RCkopen","isPartOf":{"@id":"https:\/\/rckopen.com\/#website"},"primaryImageOfPage":{"@id":"https:\/\/rckopen.com\/product\/deschloroetizolam-pellets-5mg\/#primaryimage"},"image":{"@id":"https:\/\/rckopen.com\/product\/deschloroetizolam-pellets-5mg\/#primaryimage"},"thumbnailUrl":"https:\/\/rckopen.com\/wp-content\/uploads\/2023\/08\/Deschloroetizolam-PELLETS-5mg.jpg","datePublished":"2023-08-16T09:22:52+00:00","dateModified":"2025-09-16T08:19:16+00:00","description":"Bent u op zoek naar Deschloroetizolam Pellets 5 mg te koop? RC Kopen is een toonaangevende winkel waar u Deschloroetizolam Pellets 5mg online kunt kopen tegen de beste prijs. Bestel nu met discrete verzending!","breadcrumb":{"@id":"https:\/\/rckopen.com\/product\/deschloroetizolam-pellets-5mg\/#breadcrumb"},"inLanguage":"de-CH","potentialAction":[{"@type":"ReadAction","target":["https:\/\/rckopen.com\/product\/deschloroetizolam-pellets-5mg\/"]}]},{"@type":"ImageObject","inLanguage":"de-CH","@id":"https:\/\/rckopen.com\/product\/deschloroetizolam-pellets-5mg\/#primaryimage","url":"https:\/\/rckopen.com\/wp-content\/uploads\/2023\/08\/Deschloroetizolam-PELLETS-5mg.jpg","contentUrl":"https:\/\/rckopen.com\/wp-content\/uploads\/2023\/08\/Deschloroetizolam-PELLETS-5mg.jpg","width":600,"height":600,"caption":"Deschloroetizolam-PELLETS-5mg online kopen"},{"@type":"BreadcrumbList","@id":"https:\/\/rckopen.com\/product\/deschloroetizolam-pellets-5mg\/#breadcrumb","itemListElement":[{"@type":"ListItem","position":1,"name":"Home","item":"https:\/\/rckopen.com\/"},{"@type":"ListItem","position":2,"name":"Shop","item":"https:\/\/rckopen.com\/shop\/"},{"@type":"ListItem","position":3,"name":"Deschloroetizolam PELLETS 5mg online kopen"}]},{"@type":"WebSite","@id":"https:\/\/rckopen.com\/#website","url":"https:\/\/rckopen.com\/","name":"RC Kopen","description":"Research Chemicals","potentialAction":[{"@type":"SearchAction","target":{"@type":"EntryPoint","urlTemplate":"https:\/\/rckopen.com\/?s={search_term_string}"},"query-input":{"@type":"PropertyValueSpecification","valueRequired":true,"valueName":"search_term_string"}}],"inLanguage":"de-CH"}]}},"_links":{"self":[{"href":"https:\/\/rckopen.com\/de\/wp-json\/wp\/v2\/product\/6572","targetHints":{"allow":["GET"]}}],"collection":[{"href":"https:\/\/rckopen.com\/de\/wp-json\/wp\/v2\/product"}],"about":[{"href":"https:\/\/rckopen.com\/de\/wp-json\/wp\/v2\/types\/product"}],"replies":[{"embeddable":true,"href":"https:\/\/rckopen.com\/de\/wp-json\/wp\/v2\/comments?post=6572"}],"wp:featuredmedia":[{"embeddable":true,"href":"https:\/\/rckopen.com\/de\/wp-json\/wp\/v2\/media\/6582"}],"wp:attachment":[{"href":"https:\/\/rckopen.com\/de\/wp-json\/wp\/v2\/media?parent=6572"}],"wp:term":[{"taxonomy":"product_brand","embeddable":true,"href":"https:\/\/rckopen.com\/de\/wp-json\/wp\/v2\/product_brand?post=6572"},{"taxonomy":"product_cat","embeddable":true,"href":"https:\/\/rckopen.com\/de\/wp-json\/wp\/v2\/product_cat?post=6572"},{"taxonomy":"product_tag","embeddable":true,"href":"https:\/\/rckopen.com\/de\/wp-json\/wp\/v2\/product_tag?post=6572"}],"curies":[{"name":"wp","href":"https:\/\/api.w.org\/{rel}","templated":true}]}}