{"id":6574,"date":"2023-08-16T09:28:04","date_gmt":"2023-08-16T09:28:04","guid":{"rendered":"https:\/\/diligentplug.com\/chems\/?post_type=product&#038;p=6574"},"modified":"2025-09-16T08:19:13","modified_gmt":"2025-09-16T08:19:13","slug":"dck-20mg-pellets","status":"publish","type":"product","link":"https:\/\/rckopen.com\/de\/produkt\/dck-20mg-pellets\/","title":{"rendered":"DCK 20mg Pellets online kaufen"},"content":{"rendered":"<h2>DCK 20mg Pellets online kaufen<\/h2>\n<h2>Die Vorteile des Online-Kaufs von DCK 20 mg Pellets<\/h2>\n<p>In der heutigen schnelllebigen Welt ist Bequemlichkeit unerl\u00e4sslich. Dieser Komfort erstreckt sich auch auf die Pharmawelt: Immer mehr Menschen kaufen ihre Medikamente online. Ein Beispiel f\u00fcr ein solches Medikament, das Sie leicht <a href=\"https:\/\/rckopen.com\/de\/produkt\/dck-20mg-pellets\/\">DCK 20 mg-Pellets<\/a> k\u00f6nnen Sie bei uns online kaufen. wo kann man DCK 20 mg Pellets kaufen? Bei rckopen.com sind Sie an der richtigen Adresse.<\/p>\n<h3>Was sind DCK 20 mg Pellets?<\/h3>\n<p><a href=\"https:\/\/en.wikipedia.org\/wiki\/DCK\">DCK<\/a> 20-mg-Pellets sind eine Art dissoziatives An\u00e4sthetikum, das in der wissenschaftlichen Forschung weit verbreitet ist. Sie sind f\u00fcr ihre beruhigende und sedierende Wirkung bekannt und daher bei Forschern beliebt, die sich mit verschiedenen psychischen Erkrankungen befassen. DCK 20 mg-Pellets k\u00f6nnen online von einer seri\u00f6sen Quelle wie rckopen.com erworben werden und sind somit f\u00fcr jeden, der sie ben\u00f6tigt, leicht zug\u00e4nglich.<\/p>\n<h3>Die Vorteile von DCK 20mg Pellets online kaufen bei rckopen.com<\/h3>\n<p>Einer der gr\u00f6\u00dften Vorteile des Online-Kaufs von DCK 20mg Pellets ist die Bequemlichkeit, die er bietet. Anstatt in ein Gesch\u00e4ft zu gehen, um das Medikament zu kaufen, k\u00f6nnen Sie es bequem von zu Hause aus online bestellen. So sparen Sie Zeit und M\u00fche und k\u00f6nnen sich auf andere wichtige Aufgaben konzentrieren.<\/p>\n<h3>Gro\u00dfe Auswahl<\/h3>\n<p>Wenn Sie DCK 20 mg Pellets legal online kaufen, haben Sie Zugriff auf eine gro\u00dfe Produktauswahl. Das bedeutet, dass Sie die Marke und Menge w\u00e4hlen k\u00f6nnen, die Ihren Anforderungen am besten entspricht, und so mehr Kontrolle \u00fcber Ihren Einkauf haben. Dar\u00fcber hinaus gibt es Online-Shops wie <a href=\"https:\/\/rckopen.com\/de\/\">rckopen.com<\/a> verf\u00fcgen oft \u00fcber einen gr\u00f6\u00dferen Lagerbestand als physische Gesch\u00e4fte, wodurch die Wahrscheinlichkeit gr\u00f6\u00dfer ist, dass Sie genau das finden, was Sie suchen.<\/p>\n<h3>24\/7 Verf\u00fcgbarkeit<\/h3>\n<p>Ein weiterer Vorteil des Online-Kaufs von DCK 20mg Pellets im Vereinigten K\u00f6nigreich ist die Tatsache, dass die Online-Shops rund um die Uhr ge\u00f6ffnet sind. Das bedeutet, dass Sie zu jeder Tages- und Nachtzeit eine Bestellung aufgeben k\u00f6nnen, was f\u00fcr Menschen mit einem vollen Terminkalender unglaublich praktisch ist. Egal, ob Sie das Medikament fr\u00fch am Morgen oder sp\u00e4t in der Nacht ben\u00f6tigen, Sie k\u00f6nnen immer finden, was Sie online brauchen.<\/p>\n<h3>Diskrete Verpackung<\/h3>\n<p>Viele Menschen sch\u00e4tzen die diskrete Verpackung, wenn sie DCK 20mg Pellets online bestellen. Dadurch wird sichergestellt, dass Ihre Privatsph\u00e4re gesch\u00fctzt ist, da der Inhalt der Verpackung f\u00fcr niemanden sichtbar ist. Dies ist besonders wichtig f\u00fcr Menschen, die Wert auf ihre Privatsph\u00e4re legen oder die DCK 20mg Pellets bestellen.<\/p>","protected":false},"excerpt":{"rendered":"<p>IUPAC-Name:<br \/>\nForm: Granulat<br \/>\nNMR-Analyse: N\/A<\/p>","protected":false},"featured_media":6585,"comment_status":"open","ping_status":"closed","template":"","meta":{"_joinchat":[]},"product_brand":[],"product_cat":[144],"product_tag":[],"class_list":{"0":"post-6574","1":"product","2":"type-product","3":"status-publish","4":"has-post-thumbnail","6":"product_cat-pellets","8":"first","9":"instock","10":"shipping-taxable","11":"purchasable","12":"product-type-variable"},"yoast_head":"<!-- This site is optimized with the Yoast SEO plugin v26.3 - https:\/\/yoast.com\/wordpress\/plugins\/seo\/ -->\n<title>Koop DCK 20 mg-pellets online - DCK 20 mg-pellets te koop<\/title>\n<meta name=\"description\" content=\"Onze winkel heeft DCK 20mg-pellets van topkwaliteit te koop. U kunt nooit om de kwaliteit van onze producten heen. Als u ze nodig heeft, kunt u DCK 20 mg-pellets meteen online kopen. Bestel nu!\" \/>\n<meta name=\"robots\" content=\"index, follow, max-snippet:-1, max-image-preview:large, max-video-preview:-1\" \/>\n<link rel=\"canonical\" href=\"https:\/\/rckopen.com\/de\/produkt\/dck-20mg-pellets\/\" \/>\n<meta property=\"og:locale\" content=\"de_DE\" \/>\n<meta property=\"og:type\" content=\"article\" \/>\n<meta property=\"og:title\" content=\"Koop DCK 20 mg-pellets online - DCK 20 mg-pellets te koop\" \/>\n<meta property=\"og:description\" content=\"Onze winkel heeft DCK 20mg-pellets van topkwaliteit te koop. U kunt nooit om de kwaliteit van onze producten heen. Als u ze nodig heeft, kunt u DCK 20 mg-pellets meteen online kopen. Bestel nu!\" \/>\n<meta property=\"og:url\" content=\"https:\/\/rckopen.com\/de\/produkt\/dck-20mg-pellets\/\" \/>\n<meta property=\"og:site_name\" content=\"RC Kopen\" \/>\n<meta property=\"article:modified_time\" content=\"2025-09-16T08:19:13+00:00\" \/>\n<meta property=\"og:image\" content=\"https:\/\/rckopen.com\/wp-content\/uploads\/2023\/08\/DCK-20mg-pellets.jpg\" \/>\n\t<meta property=\"og:image:width\" content=\"600\" \/>\n\t<meta property=\"og:image:height\" content=\"600\" \/>\n\t<meta property=\"og:image:type\" content=\"image\/jpeg\" \/>\n<meta name=\"twitter:card\" content=\"summary_large_image\" \/>\n<meta name=\"twitter:label1\" content=\"Gesch\u00e4tzte Lesezeit\" \/>\n\t<meta name=\"twitter:data1\" content=\"3\u00a0Minuten\" \/>\n<script type=\"application\/ld+json\" class=\"yoast-schema-graph\">{\"@context\":\"https:\/\/schema.org\",\"@graph\":[{\"@type\":\"WebPage\",\"@id\":\"https:\/\/rckopen.com\/product\/dck-20mg-pellets\/\",\"url\":\"https:\/\/rckopen.com\/product\/dck-20mg-pellets\/\",\"name\":\"Koop DCK 20 mg-pellets online - DCK 20 mg-pellets te koop\",\"isPartOf\":{\"@id\":\"https:\/\/rckopen.com\/#website\"},\"primaryImageOfPage\":{\"@id\":\"https:\/\/rckopen.com\/product\/dck-20mg-pellets\/#primaryimage\"},\"image\":{\"@id\":\"https:\/\/rckopen.com\/product\/dck-20mg-pellets\/#primaryimage\"},\"thumbnailUrl\":\"https:\/\/rckopen.com\/wp-content\/uploads\/2023\/08\/DCK-20mg-pellets.jpg\",\"datePublished\":\"2023-08-16T09:28:04+00:00\",\"dateModified\":\"2025-09-16T08:19:13+00:00\",\"description\":\"Onze winkel heeft DCK 20mg-pellets van topkwaliteit te koop. U kunt nooit om de kwaliteit van onze producten heen. Als u ze nodig heeft, kunt u DCK 20 mg-pellets meteen online kopen. Bestel nu!\",\"breadcrumb\":{\"@id\":\"https:\/\/rckopen.com\/product\/dck-20mg-pellets\/#breadcrumb\"},\"inLanguage\":\"de-CH\",\"potentialAction\":[{\"@type\":\"ReadAction\",\"target\":[\"https:\/\/rckopen.com\/product\/dck-20mg-pellets\/\"]}]},{\"@type\":\"ImageObject\",\"inLanguage\":\"de-CH\",\"@id\":\"https:\/\/rckopen.com\/product\/dck-20mg-pellets\/#primaryimage\",\"url\":\"https:\/\/rckopen.com\/wp-content\/uploads\/2023\/08\/DCK-20mg-pellets.jpg\",\"contentUrl\":\"https:\/\/rckopen.com\/wp-content\/uploads\/2023\/08\/DCK-20mg-pellets.jpg\",\"width\":600,\"height\":600,\"caption\":\"DCK-20mg-pellets online kopen\"},{\"@type\":\"BreadcrumbList\",\"@id\":\"https:\/\/rckopen.com\/product\/dck-20mg-pellets\/#breadcrumb\",\"itemListElement\":[{\"@type\":\"ListItem\",\"position\":1,\"name\":\"Home\",\"item\":\"https:\/\/rckopen.com\/\"},{\"@type\":\"ListItem\",\"position\":2,\"name\":\"Shop\",\"item\":\"https:\/\/rckopen.com\/shop\/\"},{\"@type\":\"ListItem\",\"position\":3,\"name\":\"DCK 20mg pellets online kopen\"}]},{\"@type\":\"WebSite\",\"@id\":\"https:\/\/rckopen.com\/#website\",\"url\":\"https:\/\/rckopen.com\/\",\"name\":\"RC Kopen\",\"description\":\"Research Chemicals\",\"potentialAction\":[{\"@type\":\"SearchAction\",\"target\":{\"@type\":\"EntryPoint\",\"urlTemplate\":\"https:\/\/rckopen.com\/?s={search_term_string}\"},\"query-input\":{\"@type\":\"PropertyValueSpecification\",\"valueRequired\":true,\"valueName\":\"search_term_string\"}}],\"inLanguage\":\"de-CH\"}]}<\/script>\n<!-- \/ Yoast SEO plugin. -->","yoast_head_json":{"title":"Koop DCK 20 mg-pellets online - DCK 20 mg-pellets te koop","description":"Onze winkel heeft DCK 20mg-pellets van topkwaliteit te koop. U kunt nooit om de kwaliteit van onze producten heen. Als u ze nodig heeft, kunt u DCK 20 mg-pellets meteen online kopen. Bestel nu!","robots":{"index":"index","follow":"follow","max-snippet":"max-snippet:-1","max-image-preview":"max-image-preview:large","max-video-preview":"max-video-preview:-1"},"canonical":"https:\/\/rckopen.com\/de\/produkt\/dck-20mg-pellets\/","og_locale":"de_DE","og_type":"article","og_title":"Koop DCK 20 mg-pellets online - DCK 20 mg-pellets te koop","og_description":"Onze winkel heeft DCK 20mg-pellets van topkwaliteit te koop. U kunt nooit om de kwaliteit van onze producten heen. Als u ze nodig heeft, kunt u DCK 20 mg-pellets meteen online kopen. Bestel nu!","og_url":"https:\/\/rckopen.com\/de\/produkt\/dck-20mg-pellets\/","og_site_name":"RC Kopen","article_modified_time":"2025-09-16T08:19:13+00:00","og_image":[{"width":600,"height":600,"url":"https:\/\/rckopen.com\/wp-content\/uploads\/2023\/08\/DCK-20mg-pellets.jpg","type":"image\/jpeg"}],"twitter_card":"summary_large_image","twitter_misc":{"Gesch\u00e4tzte Lesezeit":"3\u00a0Minuten"},"schema":{"@context":"https:\/\/schema.org","@graph":[{"@type":"WebPage","@id":"https:\/\/rckopen.com\/product\/dck-20mg-pellets\/","url":"https:\/\/rckopen.com\/product\/dck-20mg-pellets\/","name":"Koop DCK 20 mg-pellets online - DCK 20 mg-pellets te koop","isPartOf":{"@id":"https:\/\/rckopen.com\/#website"},"primaryImageOfPage":{"@id":"https:\/\/rckopen.com\/product\/dck-20mg-pellets\/#primaryimage"},"image":{"@id":"https:\/\/rckopen.com\/product\/dck-20mg-pellets\/#primaryimage"},"thumbnailUrl":"https:\/\/rckopen.com\/wp-content\/uploads\/2023\/08\/DCK-20mg-pellets.jpg","datePublished":"2023-08-16T09:28:04+00:00","dateModified":"2025-09-16T08:19:13+00:00","description":"Onze winkel heeft DCK 20mg-pellets van topkwaliteit te koop. U kunt nooit om de kwaliteit van onze producten heen. Als u ze nodig heeft, kunt u DCK 20 mg-pellets meteen online kopen. Bestel nu!","breadcrumb":{"@id":"https:\/\/rckopen.com\/product\/dck-20mg-pellets\/#breadcrumb"},"inLanguage":"de-CH","potentialAction":[{"@type":"ReadAction","target":["https:\/\/rckopen.com\/product\/dck-20mg-pellets\/"]}]},{"@type":"ImageObject","inLanguage":"de-CH","@id":"https:\/\/rckopen.com\/product\/dck-20mg-pellets\/#primaryimage","url":"https:\/\/rckopen.com\/wp-content\/uploads\/2023\/08\/DCK-20mg-pellets.jpg","contentUrl":"https:\/\/rckopen.com\/wp-content\/uploads\/2023\/08\/DCK-20mg-pellets.jpg","width":600,"height":600,"caption":"DCK-20mg-pellets online kopen"},{"@type":"BreadcrumbList","@id":"https:\/\/rckopen.com\/product\/dck-20mg-pellets\/#breadcrumb","itemListElement":[{"@type":"ListItem","position":1,"name":"Home","item":"https:\/\/rckopen.com\/"},{"@type":"ListItem","position":2,"name":"Shop","item":"https:\/\/rckopen.com\/shop\/"},{"@type":"ListItem","position":3,"name":"DCK 20mg pellets online kopen"}]},{"@type":"WebSite","@id":"https:\/\/rckopen.com\/#website","url":"https:\/\/rckopen.com\/","name":"RC Kopen","description":"Research Chemicals","potentialAction":[{"@type":"SearchAction","target":{"@type":"EntryPoint","urlTemplate":"https:\/\/rckopen.com\/?s={search_term_string}"},"query-input":{"@type":"PropertyValueSpecification","valueRequired":true,"valueName":"search_term_string"}}],"inLanguage":"de-CH"}]}},"_links":{"self":[{"href":"https:\/\/rckopen.com\/de\/wp-json\/wp\/v2\/product\/6574","targetHints":{"allow":["GET"]}}],"collection":[{"href":"https:\/\/rckopen.com\/de\/wp-json\/wp\/v2\/product"}],"about":[{"href":"https:\/\/rckopen.com\/de\/wp-json\/wp\/v2\/types\/product"}],"replies":[{"embeddable":true,"href":"https:\/\/rckopen.com\/de\/wp-json\/wp\/v2\/comments?post=6574"}],"wp:featuredmedia":[{"embeddable":true,"href":"https:\/\/rckopen.com\/de\/wp-json\/wp\/v2\/media\/6585"}],"wp:attachment":[{"href":"https:\/\/rckopen.com\/de\/wp-json\/wp\/v2\/media?parent=6574"}],"wp:term":[{"taxonomy":"product_brand","embeddable":true,"href":"https:\/\/rckopen.com\/de\/wp-json\/wp\/v2\/product_brand?post=6574"},{"taxonomy":"product_cat","embeddable":true,"href":"https:\/\/rckopen.com\/de\/wp-json\/wp\/v2\/product_cat?post=6574"},{"taxonomy":"product_tag","embeddable":true,"href":"https:\/\/rckopen.com\/de\/wp-json\/wp\/v2\/product_tag?post=6574"}],"curies":[{"name":"wp","href":"https:\/\/api.w.org\/{rel}","templated":true}]}}