{"id":6575,"date":"2023-08-16T09:30:53","date_gmt":"2023-08-16T09:30:53","guid":{"rendered":"https:\/\/diligentplug.com\/chems\/?post_type=product&#038;p=6575"},"modified":"2025-09-16T08:19:10","modified_gmt":"2025-09-16T08:19:10","slug":"o-pce-10mg-pellets","status":"publish","type":"product","link":"https:\/\/rckopen.com\/de\/produkt\/o-pce-10mg-pellets\/","title":{"rendered":"O-PCE 10mg Pellets online kaufen"},"content":{"rendered":"<h2>Waarom rckopen.com de beste bron is voor O-PCE 10 mg-pellets online kopen<\/h2>\n<p>In der Welt der Forschungschemikalien kann es eine schwierige Aufgabe sein, eine zuverl\u00e4ssige Quelle zu finden. Bei der gro\u00dfen Auswahl kann es schwierig sein, zu wissen, wem man vertrauen kann. Es gibt jedoch eine Website, die sich als die beste Quelle f\u00fcr die Bestellung von O-PCE 10mg Pellets herausstellt: rckopen.com.<\/p>\n<h3>Was zeichnet rckopen.com aus?<\/h3>\n<p>Rckopen.com hat sich aus mehreren Gr\u00fcnden schnell als erste Anlaufstelle f\u00fcr O-PCE 10 mg-Pellets etabliert. Erstens bieten sie eine gro\u00dfe Auswahl an hochwertigen Produkten an, darunter auch O-DSMT-Pellets 30 mg zum Verkauf. Ihre Produkte stammen von renommierten Herstellern und werden strengen Tests unterzogen, um Reinheit und Wirksamkeit sicherzustellen.<\/p>\n<h3>Bequemlichkeit und Einfachheit beim Kauf<\/h3>\n<p>Wenn es um den Kauf von Forschungschemikalien geht, ist Bequemlichkeit der Schl\u00fcssel. Rckopen.com macht den Prozess einfach und problemlos. Mit nur wenigen Klicks k\u00f6nnen Sie eine Bestellung aufgeben, wo Sie O-DSMT Pellets 30 mg kaufen k\u00f6nnen und wo Sie O-DSMT Pellets 30 mg ohne Rezept bestellen k\u00f6nnen. Ihre Website ist benutzerfreundlich und sicher, so dass es einfach ist, durch ihre Produkte zu st\u00f6bern und einen Kauf zu t\u00e4tigen.<\/p>\n<h3>Gro\u00dfartiger Kundenservice<\/h3>\n<p>Eines der Dinge, die rckopen.com von anderen Online-Verk\u00e4ufern unterscheidet, ist ihr Engagement f\u00fcr die Kundenzufriedenheit. Ihr Team von freundlichen und sachkundigen Vertretern ist immer bereit, Ihnen bei Fragen oder Kommentaren zu helfen. Egal, ob Sie Hilfe bei einer Bestellung ben\u00f6tigen oder einfach nur weitere Informationen \u00fcber die Produkte w\u00fcnschen, sie sind f\u00fcr Sie da.<\/p>\n<h3>Konkurrenzf\u00e4hige Preise<\/h3>\n<p>Wenn es um chemische Forschung geht, spielt der Preis immer eine Rolle. Rckopen.com bietet O-DSMT Pellets 30 mg zu wettbewerbsf\u00e4higen Preisen an, so dass es f\u00fcr Forscher mit jedem Budget erschwinglich ist. Au\u00dferdem gibt es regelm\u00e4\u00dfig Sonderangebote und Rabatte, so dass Sie bei Ihrem Kauf noch mehr sparen k\u00f6nnen.<\/p>\n<h3>Schneller und diskreter Versand<\/h3>\n<p>Ein weiterer Grund, warum rckopen.com die beste Quelle ist, um O-PCE 10mg Pellets zu bestellen, ist der blitzschnelle Versand. Sobald Sie eine Bestellung aufgegeben haben, k\u00f6nnen Sie sich darauf verlassen, dass Ihr Paket schnell und diskret geliefert wird. Sie nehmen den Datenschutz ernst und sorgen daf\u00fcr, dass alle Bestellungen sicher verpackt und mit \u00e4u\u00dferster Diskretion versendet werden.<\/p>\n<p>Wenn Sie auf der Suche nach O-PCE 10 mg Pellets sind, ist rckopen.com die beste Quelle f\u00fcr den Kauf von O-DSMT Pellets 30 mg zum Verkauf. Die gro\u00dfe Auswahl, der bequeme Bestellvorgang, der ausgezeichnete Kundenservice, die wettbewerbsf\u00e4higen Preise und der schnelle Versand machen deutlich, warum rckopen.com schnell zu einem vertrauensw\u00fcrdigen Namen in der Welt der Forschungschemikalien geworden ist. Bestellen Sie noch heute bei rckopen.com und erleben Sie den Unterschied selbst!<\/p>","protected":false},"excerpt":{"rendered":"<p><strong>IUPAC-Name:<\/strong><\/p>\n<p><strong>Form: <\/strong>Pellets<\/p>\n<p><strong>NMR-Analyse: <\/strong>K.A.<\/p>","protected":false},"featured_media":6586,"comment_status":"open","ping_status":"closed","template":"","meta":{"_joinchat":[]},"product_brand":[],"product_cat":[144],"product_tag":[],"class_list":{"0":"post-6575","1":"product","2":"type-product","3":"status-publish","4":"has-post-thumbnail","6":"product_cat-pellets","8":"first","9":"instock","10":"shipping-taxable","11":"purchasable","12":"product-type-variable"},"yoast_head":"<!-- This site is optimized with the Yoast SEO plugin v26.3 - https:\/\/yoast.com\/wordpress\/plugins\/seo\/ -->\n<title>O Pce 10 mg-pellets online kopen - O Pce 10 mg-pellets te koop<\/title>\n<meta name=\"description\" content=\"Op zoek naar hoogwaardige O Pce 10mg-pellets die u online kunt kopen? RC kopen is een toonaangevende winkel waar u O Pce 10mg Pellets te koop tegen de beste prijs. Bestel nu met discrete verzending!\" \/>\n<meta name=\"robots\" content=\"index, follow, max-snippet:-1, max-image-preview:large, max-video-preview:-1\" \/>\n<link rel=\"canonical\" href=\"https:\/\/rckopen.com\/de\/produkt\/o-pce-10mg-pellets\/\" \/>\n<meta property=\"og:locale\" content=\"de_DE\" \/>\n<meta property=\"og:type\" content=\"article\" \/>\n<meta property=\"og:title\" content=\"O Pce 10 mg-pellets online kopen - O Pce 10 mg-pellets te koop\" \/>\n<meta property=\"og:description\" content=\"Op zoek naar hoogwaardige O Pce 10mg-pellets die u online kunt kopen? RC kopen is een toonaangevende winkel waar u O Pce 10mg Pellets te koop tegen de beste prijs. Bestel nu met discrete verzending!\" \/>\n<meta property=\"og:url\" content=\"https:\/\/rckopen.com\/de\/produkt\/o-pce-10mg-pellets\/\" \/>\n<meta property=\"og:site_name\" content=\"RC Kopen\" \/>\n<meta property=\"article:modified_time\" content=\"2025-09-16T08:19:10+00:00\" \/>\n<meta property=\"og:image\" content=\"https:\/\/rckopen.com\/wp-content\/uploads\/2023\/08\/O-PCE-10mg-pellets.jpg\" \/>\n\t<meta property=\"og:image:width\" content=\"600\" \/>\n\t<meta property=\"og:image:height\" content=\"600\" \/>\n\t<meta property=\"og:image:type\" content=\"image\/jpeg\" \/>\n<meta name=\"twitter:card\" content=\"summary_large_image\" \/>\n<meta name=\"twitter:label1\" content=\"Gesch\u00e4tzte Lesezeit\" \/>\n\t<meta name=\"twitter:data1\" content=\"3\u00a0Minuten\" \/>\n<script type=\"application\/ld+json\" class=\"yoast-schema-graph\">{\"@context\":\"https:\/\/schema.org\",\"@graph\":[{\"@type\":\"WebPage\",\"@id\":\"https:\/\/rckopen.com\/product\/o-pce-10mg-pellets\/\",\"url\":\"https:\/\/rckopen.com\/product\/o-pce-10mg-pellets\/\",\"name\":\"O Pce 10 mg-pellets online kopen - O Pce 10 mg-pellets te koop\",\"isPartOf\":{\"@id\":\"https:\/\/rckopen.com\/#website\"},\"primaryImageOfPage\":{\"@id\":\"https:\/\/rckopen.com\/product\/o-pce-10mg-pellets\/#primaryimage\"},\"image\":{\"@id\":\"https:\/\/rckopen.com\/product\/o-pce-10mg-pellets\/#primaryimage\"},\"thumbnailUrl\":\"https:\/\/rckopen.com\/wp-content\/uploads\/2023\/08\/O-PCE-10mg-pellets.jpg\",\"datePublished\":\"2023-08-16T09:30:53+00:00\",\"dateModified\":\"2025-09-16T08:19:10+00:00\",\"description\":\"Op zoek naar hoogwaardige O Pce 10mg-pellets die u online kunt kopen? RC kopen is een toonaangevende winkel waar u O Pce 10mg Pellets te koop tegen de beste prijs. Bestel nu met discrete verzending!\",\"breadcrumb\":{\"@id\":\"https:\/\/rckopen.com\/product\/o-pce-10mg-pellets\/#breadcrumb\"},\"inLanguage\":\"de-CH\",\"potentialAction\":[{\"@type\":\"ReadAction\",\"target\":[\"https:\/\/rckopen.com\/product\/o-pce-10mg-pellets\/\"]}]},{\"@type\":\"ImageObject\",\"inLanguage\":\"de-CH\",\"@id\":\"https:\/\/rckopen.com\/product\/o-pce-10mg-pellets\/#primaryimage\",\"url\":\"https:\/\/rckopen.com\/wp-content\/uploads\/2023\/08\/O-PCE-10mg-pellets.jpg\",\"contentUrl\":\"https:\/\/rckopen.com\/wp-content\/uploads\/2023\/08\/O-PCE-10mg-pellets.jpg\",\"width\":600,\"height\":600,\"caption\":\"O-PCE-10mg-pellets online kopen\"},{\"@type\":\"BreadcrumbList\",\"@id\":\"https:\/\/rckopen.com\/product\/o-pce-10mg-pellets\/#breadcrumb\",\"itemListElement\":[{\"@type\":\"ListItem\",\"position\":1,\"name\":\"Home\",\"item\":\"https:\/\/rckopen.com\/\"},{\"@type\":\"ListItem\",\"position\":2,\"name\":\"Shop\",\"item\":\"https:\/\/rckopen.com\/shop\/\"},{\"@type\":\"ListItem\",\"position\":3,\"name\":\"O-PCE 10mg pellets online kopen\"}]},{\"@type\":\"WebSite\",\"@id\":\"https:\/\/rckopen.com\/#website\",\"url\":\"https:\/\/rckopen.com\/\",\"name\":\"RC Kopen\",\"description\":\"Research Chemicals\",\"potentialAction\":[{\"@type\":\"SearchAction\",\"target\":{\"@type\":\"EntryPoint\",\"urlTemplate\":\"https:\/\/rckopen.com\/?s={search_term_string}\"},\"query-input\":{\"@type\":\"PropertyValueSpecification\",\"valueRequired\":true,\"valueName\":\"search_term_string\"}}],\"inLanguage\":\"de-CH\"}]}<\/script>\n<!-- \/ Yoast SEO plugin. -->","yoast_head_json":{"title":"O Pce 10 mg-pellets online kopen - O Pce 10 mg-pellets te koop","description":"Op zoek naar hoogwaardige O Pce 10mg-pellets die u online kunt kopen? RC kopen is een toonaangevende winkel waar u O Pce 10mg Pellets te koop tegen de beste prijs. Bestel nu met discrete verzending!","robots":{"index":"index","follow":"follow","max-snippet":"max-snippet:-1","max-image-preview":"max-image-preview:large","max-video-preview":"max-video-preview:-1"},"canonical":"https:\/\/rckopen.com\/de\/produkt\/o-pce-10mg-pellets\/","og_locale":"de_DE","og_type":"article","og_title":"O Pce 10 mg-pellets online kopen - O Pce 10 mg-pellets te koop","og_description":"Op zoek naar hoogwaardige O Pce 10mg-pellets die u online kunt kopen? RC kopen is een toonaangevende winkel waar u O Pce 10mg Pellets te koop tegen de beste prijs. Bestel nu met discrete verzending!","og_url":"https:\/\/rckopen.com\/de\/produkt\/o-pce-10mg-pellets\/","og_site_name":"RC Kopen","article_modified_time":"2025-09-16T08:19:10+00:00","og_image":[{"width":600,"height":600,"url":"https:\/\/rckopen.com\/wp-content\/uploads\/2023\/08\/O-PCE-10mg-pellets.jpg","type":"image\/jpeg"}],"twitter_card":"summary_large_image","twitter_misc":{"Gesch\u00e4tzte Lesezeit":"3\u00a0Minuten"},"schema":{"@context":"https:\/\/schema.org","@graph":[{"@type":"WebPage","@id":"https:\/\/rckopen.com\/product\/o-pce-10mg-pellets\/","url":"https:\/\/rckopen.com\/product\/o-pce-10mg-pellets\/","name":"O Pce 10 mg-pellets online kopen - O Pce 10 mg-pellets te koop","isPartOf":{"@id":"https:\/\/rckopen.com\/#website"},"primaryImageOfPage":{"@id":"https:\/\/rckopen.com\/product\/o-pce-10mg-pellets\/#primaryimage"},"image":{"@id":"https:\/\/rckopen.com\/product\/o-pce-10mg-pellets\/#primaryimage"},"thumbnailUrl":"https:\/\/rckopen.com\/wp-content\/uploads\/2023\/08\/O-PCE-10mg-pellets.jpg","datePublished":"2023-08-16T09:30:53+00:00","dateModified":"2025-09-16T08:19:10+00:00","description":"Op zoek naar hoogwaardige O Pce 10mg-pellets die u online kunt kopen? RC kopen is een toonaangevende winkel waar u O Pce 10mg Pellets te koop tegen de beste prijs. Bestel nu met discrete verzending!","breadcrumb":{"@id":"https:\/\/rckopen.com\/product\/o-pce-10mg-pellets\/#breadcrumb"},"inLanguage":"de-CH","potentialAction":[{"@type":"ReadAction","target":["https:\/\/rckopen.com\/product\/o-pce-10mg-pellets\/"]}]},{"@type":"ImageObject","inLanguage":"de-CH","@id":"https:\/\/rckopen.com\/product\/o-pce-10mg-pellets\/#primaryimage","url":"https:\/\/rckopen.com\/wp-content\/uploads\/2023\/08\/O-PCE-10mg-pellets.jpg","contentUrl":"https:\/\/rckopen.com\/wp-content\/uploads\/2023\/08\/O-PCE-10mg-pellets.jpg","width":600,"height":600,"caption":"O-PCE-10mg-pellets online kopen"},{"@type":"BreadcrumbList","@id":"https:\/\/rckopen.com\/product\/o-pce-10mg-pellets\/#breadcrumb","itemListElement":[{"@type":"ListItem","position":1,"name":"Home","item":"https:\/\/rckopen.com\/"},{"@type":"ListItem","position":2,"name":"Shop","item":"https:\/\/rckopen.com\/shop\/"},{"@type":"ListItem","position":3,"name":"O-PCE 10mg pellets online kopen"}]},{"@type":"WebSite","@id":"https:\/\/rckopen.com\/#website","url":"https:\/\/rckopen.com\/","name":"RC Kopen","description":"Research Chemicals","potentialAction":[{"@type":"SearchAction","target":{"@type":"EntryPoint","urlTemplate":"https:\/\/rckopen.com\/?s={search_term_string}"},"query-input":{"@type":"PropertyValueSpecification","valueRequired":true,"valueName":"search_term_string"}}],"inLanguage":"de-CH"}]}},"_links":{"self":[{"href":"https:\/\/rckopen.com\/de\/wp-json\/wp\/v2\/product\/6575","targetHints":{"allow":["GET"]}}],"collection":[{"href":"https:\/\/rckopen.com\/de\/wp-json\/wp\/v2\/product"}],"about":[{"href":"https:\/\/rckopen.com\/de\/wp-json\/wp\/v2\/types\/product"}],"replies":[{"embeddable":true,"href":"https:\/\/rckopen.com\/de\/wp-json\/wp\/v2\/comments?post=6575"}],"wp:featuredmedia":[{"embeddable":true,"href":"https:\/\/rckopen.com\/de\/wp-json\/wp\/v2\/media\/6586"}],"wp:attachment":[{"href":"https:\/\/rckopen.com\/de\/wp-json\/wp\/v2\/media?parent=6575"}],"wp:term":[{"taxonomy":"product_brand","embeddable":true,"href":"https:\/\/rckopen.com\/de\/wp-json\/wp\/v2\/product_brand?post=6575"},{"taxonomy":"product_cat","embeddable":true,"href":"https:\/\/rckopen.com\/de\/wp-json\/wp\/v2\/product_cat?post=6575"},{"taxonomy":"product_tag","embeddable":true,"href":"https:\/\/rckopen.com\/de\/wp-json\/wp\/v2\/product_tag?post=6575"}],"curies":[{"name":"wp","href":"https:\/\/api.w.org\/{rel}","templated":true}]}}