{"id":6593,"date":"2023-08-16T10:05:49","date_gmt":"2023-08-16T10:05:49","guid":{"rendered":"https:\/\/diligentplug.com\/chems\/?post_type=product&#038;p=6593"},"modified":"2025-09-16T09:10:12","modified_gmt":"2025-09-16T09:10:12","slug":"norflurazepam-pellets-5mg","status":"publish","type":"product","link":"https:\/\/rckopen.com\/de\/produkt\/norflurazepam-tabletten-5mg\/","title":{"rendered":"Norflurazepam-Pellets 5 mg online kaufen"},"content":{"rendered":"<h2>Norflurazepam-pellets 5 mg online kopen<br \/>\nWaarom rckopen.com uw favoriete bron is voor Norflurazepam-pellets 5 mg online kopen<\/h2>\n<p>Sie m\u00f6chten Norflurazepam 5 mg online kaufen? Suchen Sie nicht weiter als rckopen.com! Unser Online-Shop ist das ultimative Ziel f\u00fcr Menschen, die qualitativ hochwertige Norflurazepam pellets 5 mg kaufen m\u00f6chten. Finden Sie heraus, warum rckopen.com Ihre bevorzugte Wahl sein sollte, wenn es um den Kauf von Norflurazepam pellets 5 mg geht.<\/p>\n<h3>Bequemer Bestellvorgang<\/h3>\n<p>Auf rckopen.com haben wir den Kaufprozess von Norflurazepam pellets 5 mg einfach und leicht gemacht. Mit nur wenigen Klicks k\u00f6nnen Sie die gew\u00fcnschten Norflurazepam-Tabletten 5 mg bestellen, ohne dass Sie ein Rezept ben\u00f6tigen. Unsere benutzerfreundliche Website macht es einfach zu navigieren und genau das zu finden, was Sie suchen.<\/p>\n<h3>Hochwertige Produkte<\/h3>\n<p>Wenn Sie Norflurazepam-Pellets 5 mg von rckopen.com kaufen, k\u00f6nnen Sie sicher sein, dass Sie die hochwertigsten Produkte auf dem Markt erhalten. Wir kaufen unsere Norflurazepam-Pellets 5 mg online von renommierten Herstellern, um sicherzustellen, dass Sie ein sicheres und wirksames Produkt erhalten.<\/p>\n<h3>Konkurrenzf\u00e4hige Preise<\/h3>\n<p>Wir von rckopen.com glauben, dass jeder Zugang zu erschwinglichen Norflurazepam Pellets 5 mg haben sollte. Deshalb bieten wir wettbewerbsf\u00e4hige Preise f\u00fcr alle unsere Produkte. Sie k\u00f6nnen Norflurazepam pellets 5 mg ohne Rezept zu einem erschwinglichen Preis bestellen.<\/p>\n<h3>Sicheres Auschecken<\/h3>\n<p>Ihre Sicherheit hat bei rckopen.com oberste Priorit\u00e4t. Wenn Sie Norflurazepam Pellets 5 mg bei uns kaufen, k\u00f6nnen Sie darauf vertrauen, dass Ihre pers\u00f6nlichen Daten sicher aufbewahrt werden. Unser Checkout-Prozess ist verschl\u00fcsselt, um Ihre Daten vor m\u00f6glichen Bedrohungen zu sch\u00fctzen.<\/p>\n<h3>Schneller und diskreter Versand<\/h3>\n<p>Wir verstehen, dass Sie, wenn Sie Norflurazepam pellets 5 mg online bestellen, wollen, dass Ihr Paket schnell und diskret ankommt. Deshalb bieten wir einen schnellen und diskreten Versand aller Bestellungen. Ihre Bestellung Norflurazepam pellets 5 mg wird in k\u00fcrzester Zeit zu Ihnen nach Hause geliefert werden, ohne dass jemand wei\u00df, was drin ist.<\/p>\n<h3>Garantie der Kundenzufriedenheit<\/h3>\n<p>Bei rckopen.com bem\u00fchen wir uns, die Kundenzufriedenheit bei jedem Kauf zu gew\u00e4hrleisten. Wenn Sie aus irgendeinem Grund nicht vollst\u00e4ndig mit Ihrer Bestellung Norflurazepam Pellets 5 mg zufrieden sind, bieten wir eine Geld-zur\u00fcck-Garantie. Ihr Gl\u00fcck ist unsere Priorit\u00e4t.<\/p>\n<h3>Kaufen Sie noch heute bei rckopen.com ein!<\/h3>\n<p>Verschwenden Sie Ihre Zeit nicht mit der Suche nach Norflurazepam 5 mg Pellets. rckopen.com ist Ihr One-Stop-Shop f\u00fcr alle Ihre Bed\u00fcrfnisse. Mit unserem bequemen Bestellprozess, hochwertigen Produkten, wettbewerbsf\u00e4higen Preisen, sicherer Kasse, schnellem Versand und Kundenzufriedenheitsgarantie gibt es keinen Grund, woanders zu suchen.<br \/>\nWarum also warten? Besuchen Sie rckopen.com heute und kaufen Sie Norflurazepam 5 mg Pellets mit Vertrauen!<\/p>","protected":false},"excerpt":{"rendered":"<p><strong>NMR-Analyse: <\/strong>K.A.<\/p>","protected":false},"featured_media":6604,"comment_status":"open","ping_status":"closed","template":"","meta":{"_joinchat":[]},"product_brand":[],"product_cat":[144],"product_tag":[],"class_list":{"0":"post-6593","1":"product","2":"type-product","3":"status-publish","4":"has-post-thumbnail","6":"product_cat-pellets","8":"first","9":"instock","10":"shipping-taxable","11":"purchasable","12":"product-type-variable"},"yoast_head":"<!-- This site is optimized with the Yoast SEO plugin v26.3 - https:\/\/yoast.com\/wordpress\/plugins\/seo\/ -->\n<title>Norflurazepam-pellets 5 mg online kopen | RC Kopen<\/title>\n<meta name=\"description\" content=\"Het is de beste tijd om onze Rckopen-winkel te bezoeken en Norflurazepam Pellets 5 mg online te kopen. We hebben Norflurazepam-pellets 5 mg hier te koop. Ontmoet ons online en plaats vandaag nog uw bestelling.\" \/>\n<meta name=\"robots\" content=\"index, follow, max-snippet:-1, max-image-preview:large, max-video-preview:-1\" \/>\n<link rel=\"canonical\" href=\"https:\/\/rckopen.com\/de\/produkt\/norflurazepam-tabletten-5mg\/\" \/>\n<meta property=\"og:locale\" content=\"de_DE\" \/>\n<meta property=\"og:type\" content=\"article\" \/>\n<meta property=\"og:title\" content=\"Norflurazepam-pellets 5 mg online kopen | RC Kopen\" \/>\n<meta property=\"og:description\" content=\"Het is de beste tijd om onze Rckopen-winkel te bezoeken en Norflurazepam Pellets 5 mg online te kopen. We hebben Norflurazepam-pellets 5 mg hier te koop. Ontmoet ons online en plaats vandaag nog uw bestelling.\" \/>\n<meta property=\"og:url\" content=\"https:\/\/rckopen.com\/de\/produkt\/norflurazepam-tabletten-5mg\/\" \/>\n<meta property=\"og:site_name\" content=\"RC Kopen\" \/>\n<meta property=\"article:modified_time\" content=\"2025-09-16T09:10:12+00:00\" \/>\n<meta property=\"og:image\" content=\"https:\/\/rckopen.com\/wp-content\/uploads\/2023\/08\/Norflurazepam-pellets-5mg.jpg\" \/>\n\t<meta property=\"og:image:width\" content=\"600\" \/>\n\t<meta property=\"og:image:height\" content=\"600\" \/>\n\t<meta property=\"og:image:type\" content=\"image\/jpeg\" \/>\n<meta name=\"twitter:card\" content=\"summary_large_image\" \/>\n<meta name=\"twitter:label1\" content=\"Gesch\u00e4tzte Lesezeit\" \/>\n\t<meta name=\"twitter:data1\" content=\"3\u00a0Minuten\" \/>\n<script type=\"application\/ld+json\" class=\"yoast-schema-graph\">{\"@context\":\"https:\/\/schema.org\",\"@graph\":[{\"@type\":\"WebPage\",\"@id\":\"https:\/\/rckopen.com\/product\/norflurazepam-pellets-5mg\/\",\"url\":\"https:\/\/rckopen.com\/product\/norflurazepam-pellets-5mg\/\",\"name\":\"Norflurazepam-pellets 5 mg online kopen | RC Kopen\",\"isPartOf\":{\"@id\":\"https:\/\/rckopen.com\/#website\"},\"primaryImageOfPage\":{\"@id\":\"https:\/\/rckopen.com\/product\/norflurazepam-pellets-5mg\/#primaryimage\"},\"image\":{\"@id\":\"https:\/\/rckopen.com\/product\/norflurazepam-pellets-5mg\/#primaryimage\"},\"thumbnailUrl\":\"https:\/\/rckopen.com\/wp-content\/uploads\/2023\/08\/Norflurazepam-pellets-5mg.jpg\",\"datePublished\":\"2023-08-16T10:05:49+00:00\",\"dateModified\":\"2025-09-16T09:10:12+00:00\",\"description\":\"Het is de beste tijd om onze Rckopen-winkel te bezoeken en Norflurazepam Pellets 5 mg online te kopen. We hebben Norflurazepam-pellets 5 mg hier te koop. Ontmoet ons online en plaats vandaag nog uw bestelling.\",\"breadcrumb\":{\"@id\":\"https:\/\/rckopen.com\/product\/norflurazepam-pellets-5mg\/#breadcrumb\"},\"inLanguage\":\"de-CH\",\"potentialAction\":[{\"@type\":\"ReadAction\",\"target\":[\"https:\/\/rckopen.com\/product\/norflurazepam-pellets-5mg\/\"]}]},{\"@type\":\"ImageObject\",\"inLanguage\":\"de-CH\",\"@id\":\"https:\/\/rckopen.com\/product\/norflurazepam-pellets-5mg\/#primaryimage\",\"url\":\"https:\/\/rckopen.com\/wp-content\/uploads\/2023\/08\/Norflurazepam-pellets-5mg.jpg\",\"contentUrl\":\"https:\/\/rckopen.com\/wp-content\/uploads\/2023\/08\/Norflurazepam-pellets-5mg.jpg\",\"width\":600,\"height\":600,\"caption\":\"Norflurazepam-pellets-5mg online kopen\"},{\"@type\":\"BreadcrumbList\",\"@id\":\"https:\/\/rckopen.com\/product\/norflurazepam-pellets-5mg\/#breadcrumb\",\"itemListElement\":[{\"@type\":\"ListItem\",\"position\":1,\"name\":\"Home\",\"item\":\"https:\/\/rckopen.com\/\"},{\"@type\":\"ListItem\",\"position\":2,\"name\":\"Shop\",\"item\":\"https:\/\/rckopen.com\/shop\/\"},{\"@type\":\"ListItem\",\"position\":3,\"name\":\"Norflurazepam pellets 5mg online kopen\"}]},{\"@type\":\"WebSite\",\"@id\":\"https:\/\/rckopen.com\/#website\",\"url\":\"https:\/\/rckopen.com\/\",\"name\":\"RC Kopen\",\"description\":\"Research Chemicals\",\"potentialAction\":[{\"@type\":\"SearchAction\",\"target\":{\"@type\":\"EntryPoint\",\"urlTemplate\":\"https:\/\/rckopen.com\/?s={search_term_string}\"},\"query-input\":{\"@type\":\"PropertyValueSpecification\",\"valueRequired\":true,\"valueName\":\"search_term_string\"}}],\"inLanguage\":\"de-CH\"}]}<\/script>\n<!-- \/ Yoast SEO plugin. -->","yoast_head_json":{"title":"Norflurazepam-pellets 5 mg online kopen | RC Kopen","description":"Het is de beste tijd om onze Rckopen-winkel te bezoeken en Norflurazepam Pellets 5 mg online te kopen. We hebben Norflurazepam-pellets 5 mg hier te koop. Ontmoet ons online en plaats vandaag nog uw bestelling.","robots":{"index":"index","follow":"follow","max-snippet":"max-snippet:-1","max-image-preview":"max-image-preview:large","max-video-preview":"max-video-preview:-1"},"canonical":"https:\/\/rckopen.com\/de\/produkt\/norflurazepam-tabletten-5mg\/","og_locale":"de_DE","og_type":"article","og_title":"Norflurazepam-pellets 5 mg online kopen | RC Kopen","og_description":"Het is de beste tijd om onze Rckopen-winkel te bezoeken en Norflurazepam Pellets 5 mg online te kopen. We hebben Norflurazepam-pellets 5 mg hier te koop. Ontmoet ons online en plaats vandaag nog uw bestelling.","og_url":"https:\/\/rckopen.com\/de\/produkt\/norflurazepam-tabletten-5mg\/","og_site_name":"RC Kopen","article_modified_time":"2025-09-16T09:10:12+00:00","og_image":[{"width":600,"height":600,"url":"https:\/\/rckopen.com\/wp-content\/uploads\/2023\/08\/Norflurazepam-pellets-5mg.jpg","type":"image\/jpeg"}],"twitter_card":"summary_large_image","twitter_misc":{"Gesch\u00e4tzte Lesezeit":"3\u00a0Minuten"},"schema":{"@context":"https:\/\/schema.org","@graph":[{"@type":"WebPage","@id":"https:\/\/rckopen.com\/product\/norflurazepam-pellets-5mg\/","url":"https:\/\/rckopen.com\/product\/norflurazepam-pellets-5mg\/","name":"Norflurazepam-pellets 5 mg online kopen | RC Kopen","isPartOf":{"@id":"https:\/\/rckopen.com\/#website"},"primaryImageOfPage":{"@id":"https:\/\/rckopen.com\/product\/norflurazepam-pellets-5mg\/#primaryimage"},"image":{"@id":"https:\/\/rckopen.com\/product\/norflurazepam-pellets-5mg\/#primaryimage"},"thumbnailUrl":"https:\/\/rckopen.com\/wp-content\/uploads\/2023\/08\/Norflurazepam-pellets-5mg.jpg","datePublished":"2023-08-16T10:05:49+00:00","dateModified":"2025-09-16T09:10:12+00:00","description":"Het is de beste tijd om onze Rckopen-winkel te bezoeken en Norflurazepam Pellets 5 mg online te kopen. We hebben Norflurazepam-pellets 5 mg hier te koop. Ontmoet ons online en plaats vandaag nog uw bestelling.","breadcrumb":{"@id":"https:\/\/rckopen.com\/product\/norflurazepam-pellets-5mg\/#breadcrumb"},"inLanguage":"de-CH","potentialAction":[{"@type":"ReadAction","target":["https:\/\/rckopen.com\/product\/norflurazepam-pellets-5mg\/"]}]},{"@type":"ImageObject","inLanguage":"de-CH","@id":"https:\/\/rckopen.com\/product\/norflurazepam-pellets-5mg\/#primaryimage","url":"https:\/\/rckopen.com\/wp-content\/uploads\/2023\/08\/Norflurazepam-pellets-5mg.jpg","contentUrl":"https:\/\/rckopen.com\/wp-content\/uploads\/2023\/08\/Norflurazepam-pellets-5mg.jpg","width":600,"height":600,"caption":"Norflurazepam-pellets-5mg online kopen"},{"@type":"BreadcrumbList","@id":"https:\/\/rckopen.com\/product\/norflurazepam-pellets-5mg\/#breadcrumb","itemListElement":[{"@type":"ListItem","position":1,"name":"Home","item":"https:\/\/rckopen.com\/"},{"@type":"ListItem","position":2,"name":"Shop","item":"https:\/\/rckopen.com\/shop\/"},{"@type":"ListItem","position":3,"name":"Norflurazepam pellets 5mg online kopen"}]},{"@type":"WebSite","@id":"https:\/\/rckopen.com\/#website","url":"https:\/\/rckopen.com\/","name":"RC Kopen","description":"Research Chemicals","potentialAction":[{"@type":"SearchAction","target":{"@type":"EntryPoint","urlTemplate":"https:\/\/rckopen.com\/?s={search_term_string}"},"query-input":{"@type":"PropertyValueSpecification","valueRequired":true,"valueName":"search_term_string"}}],"inLanguage":"de-CH"}]}},"_links":{"self":[{"href":"https:\/\/rckopen.com\/de\/wp-json\/wp\/v2\/product\/6593","targetHints":{"allow":["GET"]}}],"collection":[{"href":"https:\/\/rckopen.com\/de\/wp-json\/wp\/v2\/product"}],"about":[{"href":"https:\/\/rckopen.com\/de\/wp-json\/wp\/v2\/types\/product"}],"replies":[{"embeddable":true,"href":"https:\/\/rckopen.com\/de\/wp-json\/wp\/v2\/comments?post=6593"}],"wp:featuredmedia":[{"embeddable":true,"href":"https:\/\/rckopen.com\/de\/wp-json\/wp\/v2\/media\/6604"}],"wp:attachment":[{"href":"https:\/\/rckopen.com\/de\/wp-json\/wp\/v2\/media?parent=6593"}],"wp:term":[{"taxonomy":"product_brand","embeddable":true,"href":"https:\/\/rckopen.com\/de\/wp-json\/wp\/v2\/product_brand?post=6593"},{"taxonomy":"product_cat","embeddable":true,"href":"https:\/\/rckopen.com\/de\/wp-json\/wp\/v2\/product_cat?post=6593"},{"taxonomy":"product_tag","embeddable":true,"href":"https:\/\/rckopen.com\/de\/wp-json\/wp\/v2\/product_tag?post=6593"}],"curies":[{"name":"wp","href":"https:\/\/api.w.org\/{rel}","templated":true}]}}