{"id":6609,"date":"2023-08-16T10:33:46","date_gmt":"2023-08-16T10:33:46","guid":{"rendered":"https:\/\/diligentplug.com\/chems\/?post_type=product&#038;p=6609"},"modified":"2025-09-16T09:10:53","modified_gmt":"2025-09-16T09:10:53","slug":"pyrazolam-pellets-3mg","status":"publish","type":"product","link":"https:\/\/rckopen.com\/de\/produkt\/pyrazolam-kugelchen-3mg\/","title":{"rendered":"Pyrazolam-Pellets 3 mg online kaufen"},"content":{"rendered":"<h2>De kwaliteit en het gemak van Pyrazolam Pellets 3mg online kopen op rckopen.com<\/h2>\n<p>Sie m\u00f6chten Pyrazolpellets 3 mg online kaufen? Suchen Sie nicht weiter als rckopen.com! Wir bieten Ihnen qualitativ hochwertige Pyrazolpellets 3mg zum Kauf an, ohne dass Sie ein Rezept ben\u00f6tigen. Unser Online-Shop hat es sich zur Aufgabe gemacht, seinen Kunden erstklassige Produkte und einen tadellosen Service zu bieten. Lesen Sie weiter, um mehr \u00fcber die Qualit\u00e4t und den Komfort des Kaufs von Pyrazolpellets 3mg bei rckopen.com zu erfahren.<\/p>\n<h3>Warum sollten Sie sich f\u00fcr Pyrazolam-Pellets 3 mg entscheiden?<\/h3>\n<p>Pyrazolam Pellets 3 mg sind eine beliebte Wahl f\u00fcr Menschen, die Linderung von Angst und Stress suchen. Sie sind eine bequeme und wirksame M\u00f6glichkeit, die Symptome zu kontrollieren, ohne dass eine h\u00e4ufige Dosierung erforderlich ist. Jede Tablette enth\u00e4lt eine genaue Dosis Pyrazolam, die eine einfache und genaue Verabreichung erm\u00f6glicht.<\/p>\n<h3>Die Vorteile des Kaufs bei rckopen.com<\/h3>\n<p>Wenn Sie Pyrazol Pellets 3 mg bei rckopen.com bestellen, k\u00f6nnen Sie sicher sein, dass Sie ein hochwertiges Produkt erhalten. Unsere Pellets werden nach den h\u00f6chsten Standards und Qualit\u00e4tskontrollma\u00dfnahmen hergestellt, um Reinheit und Potenz zu gew\u00e4hrleisten. Dar\u00fcber hinaus bietet unser Online-Shop ein nahtloses Einkaufserlebnis, mit schneller Lieferung und diskreter Verpackung f\u00fcr Ihren Komfort.<\/p>\n<h3>So kaufen Sie Pyrazolam-Pellets 3 mg<\/h3>\n<p>Sie fragen sich, wo Sie Pyrazol-Pellets 3 mg kaufen k\u00f6nnen? Dann sind Sie bei rckopen.com an der richtigen Adresse! Unser Online-Shop bietet Ihnen einen unkomplizierten Bestellvorgang, der es Ihnen erm\u00f6glicht, mit nur wenigen Klicks Pyrazol-Pellets 3 mg zu kaufen. Legen Sie einfach die gew\u00fcnschte Menge in Ihren Warenkorb, geben Sie Ihre Versanddaten ein und gehen Sie zur Kasse. So einfach geht's!<\/p>\n<h3>Bestellung ohne Rezept<\/h3>\n<p>Wir von rckopen.com glauben, dass der Zugang zu Qualit\u00e4tsprodukten einfach und leicht sein sollte. Deshalb bieten wir Pyrazol Pellets 3 mg zum Verkauf ohne Rezept an. Geben Sie einfach Ihre Bestellung auf und wir k\u00fcmmern uns um den Rest. Unser sicheres und verschl\u00fcsseltes Zahlungsverfahren gew\u00e4hrleistet, dass Ihre Daten sicher und gesch\u00fctzt sind.<\/p>\n<h3>Der rckopen.com Unterschied<\/h3>\n<p>Was unterscheidet rckopen.com von anderen Online-Pyrazolampellets 3mg Shops? Wir sind bestrebt, unseren Kunden von Anfang bis Ende ein hervorragendes Einkaufserlebnis zu bieten. Unser fachkundiges Kundenservice-Team ist bereit, alle Ihre Fragen oder Kommentare zu beantworten, so dass Sie sich bei Ihrem Kauf sicher sein k\u00f6nnen. Mit schnellem Versand und diskreter Verpackung k\u00f6nnen Sie darauf vertrauen, dass rckopen.com Ihre Bestellung schnell und sicher liefert.<\/p>\n<p>Wenn Sie Pyrazol Pellets 3 mg online in Gro\u00dfbritannien kaufen m\u00f6chten, sind Sie bei rckopen.com genau richtig. Unser Engagement f\u00fcr Qualit\u00e4t und Kundenzufriedenheit hebt uns von der Konkurrenz ab. Mit einer einfachen Bestellung, schnellem Versand und erstklassigen Produkten ist rckopen.com Ihr One-Stop-Shop f\u00fcr alle Ihre Pyrazolam-Pellets Bed\u00fcrfnisse. Bestellen Sie noch heute Pyrazolam Pellets 3mg und \u00fcberzeugen Sie sich selbst von der Qualit\u00e4t und dem Komfort von rckopen.com!<\/p>","protected":false},"excerpt":{"rendered":"<p><strong>Form: <\/strong>Pellets<\/p>\n<p><strong>NMR-Analyse: <\/strong>K.A.<\/p>","protected":false},"featured_media":6627,"comment_status":"open","ping_status":"closed","template":"","meta":{"_joinchat":[]},"product_brand":[],"product_cat":[144],"product_tag":[],"class_list":{"0":"post-6609","1":"product","2":"type-product","3":"status-publish","4":"has-post-thumbnail","6":"product_cat-pellets","8":"first","9":"instock","10":"shipping-taxable","11":"purchasable","12":"product-type-variable"},"yoast_head":"<!-- This site is optimized with the Yoast SEO plugin v26.3 - https:\/\/yoast.com\/wordpress\/plugins\/seo\/ -->\n<title>Pyrazolam-pellets 3MG online kopen - Pyrazolam-pellets te koop<\/title>\n<meta name=\"description\" content=\"Onze winkel heeft Pyrazolam Pellets 3 mg van topkwaliteit te koop. U kunt nooit om de kwaliteit van onze producten heen. Als u het nodig heeft, koop dan meteen Pyrazolam Pellets 3 mg online. Bestel nu!\" \/>\n<meta name=\"robots\" content=\"index, follow, max-snippet:-1, max-image-preview:large, max-video-preview:-1\" \/>\n<link rel=\"canonical\" href=\"https:\/\/rckopen.com\/de\/produkt\/pyrazolam-kugelchen-3mg\/\" \/>\n<meta property=\"og:locale\" content=\"de_DE\" \/>\n<meta property=\"og:type\" content=\"article\" \/>\n<meta property=\"og:title\" content=\"Pyrazolam-pellets 3MG online kopen - Pyrazolam-pellets te koop\" \/>\n<meta property=\"og:description\" content=\"Onze winkel heeft Pyrazolam Pellets 3 mg van topkwaliteit te koop. U kunt nooit om de kwaliteit van onze producten heen. Als u het nodig heeft, koop dan meteen Pyrazolam Pellets 3 mg online. Bestel nu!\" \/>\n<meta property=\"og:url\" content=\"https:\/\/rckopen.com\/de\/produkt\/pyrazolam-kugelchen-3mg\/\" \/>\n<meta property=\"og:site_name\" content=\"RC Kopen\" \/>\n<meta property=\"article:modified_time\" content=\"2025-09-16T09:10:53+00:00\" \/>\n<meta property=\"og:image\" content=\"https:\/\/rckopen.com\/wp-content\/uploads\/2023\/08\/pyrazolam-pellets-3mg.jpg\" \/>\n\t<meta property=\"og:image:width\" content=\"600\" \/>\n\t<meta property=\"og:image:height\" content=\"600\" \/>\n\t<meta property=\"og:image:type\" content=\"image\/jpeg\" \/>\n<meta name=\"twitter:card\" content=\"summary_large_image\" \/>\n<meta name=\"twitter:label1\" content=\"Gesch\u00e4tzte Lesezeit\" \/>\n\t<meta name=\"twitter:data1\" content=\"3\u00a0Minuten\" \/>\n<script type=\"application\/ld+json\" class=\"yoast-schema-graph\">{\"@context\":\"https:\/\/schema.org\",\"@graph\":[{\"@type\":\"WebPage\",\"@id\":\"https:\/\/rckopen.com\/product\/pyrazolam-pellets-3mg\/\",\"url\":\"https:\/\/rckopen.com\/product\/pyrazolam-pellets-3mg\/\",\"name\":\"Pyrazolam-pellets 3MG online kopen - Pyrazolam-pellets te koop\",\"isPartOf\":{\"@id\":\"https:\/\/rckopen.com\/#website\"},\"primaryImageOfPage\":{\"@id\":\"https:\/\/rckopen.com\/product\/pyrazolam-pellets-3mg\/#primaryimage\"},\"image\":{\"@id\":\"https:\/\/rckopen.com\/product\/pyrazolam-pellets-3mg\/#primaryimage\"},\"thumbnailUrl\":\"https:\/\/rckopen.com\/wp-content\/uploads\/2023\/08\/pyrazolam-pellets-3mg.jpg\",\"datePublished\":\"2023-08-16T10:33:46+00:00\",\"dateModified\":\"2025-09-16T09:10:53+00:00\",\"description\":\"Onze winkel heeft Pyrazolam Pellets 3 mg van topkwaliteit te koop. U kunt nooit om de kwaliteit van onze producten heen. Als u het nodig heeft, koop dan meteen Pyrazolam Pellets 3 mg online. Bestel nu!\",\"breadcrumb\":{\"@id\":\"https:\/\/rckopen.com\/product\/pyrazolam-pellets-3mg\/#breadcrumb\"},\"inLanguage\":\"de-CH\",\"potentialAction\":[{\"@type\":\"ReadAction\",\"target\":[\"https:\/\/rckopen.com\/product\/pyrazolam-pellets-3mg\/\"]}]},{\"@type\":\"ImageObject\",\"inLanguage\":\"de-CH\",\"@id\":\"https:\/\/rckopen.com\/product\/pyrazolam-pellets-3mg\/#primaryimage\",\"url\":\"https:\/\/rckopen.com\/wp-content\/uploads\/2023\/08\/pyrazolam-pellets-3mg.jpg\",\"contentUrl\":\"https:\/\/rckopen.com\/wp-content\/uploads\/2023\/08\/pyrazolam-pellets-3mg.jpg\",\"width\":600,\"height\":600,\"caption\":\"pyrazolam-pellets-3mg online kopen\"},{\"@type\":\"BreadcrumbList\",\"@id\":\"https:\/\/rckopen.com\/product\/pyrazolam-pellets-3mg\/#breadcrumb\",\"itemListElement\":[{\"@type\":\"ListItem\",\"position\":1,\"name\":\"Home\",\"item\":\"https:\/\/rckopen.com\/\"},{\"@type\":\"ListItem\",\"position\":2,\"name\":\"Shop\",\"item\":\"https:\/\/rckopen.com\/shop\/\"},{\"@type\":\"ListItem\",\"position\":3,\"name\":\"pyrazolam pellets 3mg online kopen\"}]},{\"@type\":\"WebSite\",\"@id\":\"https:\/\/rckopen.com\/#website\",\"url\":\"https:\/\/rckopen.com\/\",\"name\":\"RC Kopen\",\"description\":\"Research Chemicals\",\"potentialAction\":[{\"@type\":\"SearchAction\",\"target\":{\"@type\":\"EntryPoint\",\"urlTemplate\":\"https:\/\/rckopen.com\/?s={search_term_string}\"},\"query-input\":{\"@type\":\"PropertyValueSpecification\",\"valueRequired\":true,\"valueName\":\"search_term_string\"}}],\"inLanguage\":\"de-CH\"}]}<\/script>\n<!-- \/ Yoast SEO plugin. -->","yoast_head_json":{"title":"Pyrazolam-pellets 3MG online kopen - Pyrazolam-pellets te koop","description":"Onze winkel heeft Pyrazolam Pellets 3 mg van topkwaliteit te koop. U kunt nooit om de kwaliteit van onze producten heen. Als u het nodig heeft, koop dan meteen Pyrazolam Pellets 3 mg online. Bestel nu!","robots":{"index":"index","follow":"follow","max-snippet":"max-snippet:-1","max-image-preview":"max-image-preview:large","max-video-preview":"max-video-preview:-1"},"canonical":"https:\/\/rckopen.com\/de\/produkt\/pyrazolam-kugelchen-3mg\/","og_locale":"de_DE","og_type":"article","og_title":"Pyrazolam-pellets 3MG online kopen - Pyrazolam-pellets te koop","og_description":"Onze winkel heeft Pyrazolam Pellets 3 mg van topkwaliteit te koop. U kunt nooit om de kwaliteit van onze producten heen. Als u het nodig heeft, koop dan meteen Pyrazolam Pellets 3 mg online. Bestel nu!","og_url":"https:\/\/rckopen.com\/de\/produkt\/pyrazolam-kugelchen-3mg\/","og_site_name":"RC Kopen","article_modified_time":"2025-09-16T09:10:53+00:00","og_image":[{"width":600,"height":600,"url":"https:\/\/rckopen.com\/wp-content\/uploads\/2023\/08\/pyrazolam-pellets-3mg.jpg","type":"image\/jpeg"}],"twitter_card":"summary_large_image","twitter_misc":{"Gesch\u00e4tzte Lesezeit":"3\u00a0Minuten"},"schema":{"@context":"https:\/\/schema.org","@graph":[{"@type":"WebPage","@id":"https:\/\/rckopen.com\/product\/pyrazolam-pellets-3mg\/","url":"https:\/\/rckopen.com\/product\/pyrazolam-pellets-3mg\/","name":"Pyrazolam-pellets 3MG online kopen - Pyrazolam-pellets te koop","isPartOf":{"@id":"https:\/\/rckopen.com\/#website"},"primaryImageOfPage":{"@id":"https:\/\/rckopen.com\/product\/pyrazolam-pellets-3mg\/#primaryimage"},"image":{"@id":"https:\/\/rckopen.com\/product\/pyrazolam-pellets-3mg\/#primaryimage"},"thumbnailUrl":"https:\/\/rckopen.com\/wp-content\/uploads\/2023\/08\/pyrazolam-pellets-3mg.jpg","datePublished":"2023-08-16T10:33:46+00:00","dateModified":"2025-09-16T09:10:53+00:00","description":"Onze winkel heeft Pyrazolam Pellets 3 mg van topkwaliteit te koop. U kunt nooit om de kwaliteit van onze producten heen. Als u het nodig heeft, koop dan meteen Pyrazolam Pellets 3 mg online. Bestel nu!","breadcrumb":{"@id":"https:\/\/rckopen.com\/product\/pyrazolam-pellets-3mg\/#breadcrumb"},"inLanguage":"de-CH","potentialAction":[{"@type":"ReadAction","target":["https:\/\/rckopen.com\/product\/pyrazolam-pellets-3mg\/"]}]},{"@type":"ImageObject","inLanguage":"de-CH","@id":"https:\/\/rckopen.com\/product\/pyrazolam-pellets-3mg\/#primaryimage","url":"https:\/\/rckopen.com\/wp-content\/uploads\/2023\/08\/pyrazolam-pellets-3mg.jpg","contentUrl":"https:\/\/rckopen.com\/wp-content\/uploads\/2023\/08\/pyrazolam-pellets-3mg.jpg","width":600,"height":600,"caption":"pyrazolam-pellets-3mg online kopen"},{"@type":"BreadcrumbList","@id":"https:\/\/rckopen.com\/product\/pyrazolam-pellets-3mg\/#breadcrumb","itemListElement":[{"@type":"ListItem","position":1,"name":"Home","item":"https:\/\/rckopen.com\/"},{"@type":"ListItem","position":2,"name":"Shop","item":"https:\/\/rckopen.com\/shop\/"},{"@type":"ListItem","position":3,"name":"pyrazolam pellets 3mg online kopen"}]},{"@type":"WebSite","@id":"https:\/\/rckopen.com\/#website","url":"https:\/\/rckopen.com\/","name":"RC Kopen","description":"Research Chemicals","potentialAction":[{"@type":"SearchAction","target":{"@type":"EntryPoint","urlTemplate":"https:\/\/rckopen.com\/?s={search_term_string}"},"query-input":{"@type":"PropertyValueSpecification","valueRequired":true,"valueName":"search_term_string"}}],"inLanguage":"de-CH"}]}},"_links":{"self":[{"href":"https:\/\/rckopen.com\/de\/wp-json\/wp\/v2\/product\/6609","targetHints":{"allow":["GET"]}}],"collection":[{"href":"https:\/\/rckopen.com\/de\/wp-json\/wp\/v2\/product"}],"about":[{"href":"https:\/\/rckopen.com\/de\/wp-json\/wp\/v2\/types\/product"}],"replies":[{"embeddable":true,"href":"https:\/\/rckopen.com\/de\/wp-json\/wp\/v2\/comments?post=6609"}],"wp:featuredmedia":[{"embeddable":true,"href":"https:\/\/rckopen.com\/de\/wp-json\/wp\/v2\/media\/6627"}],"wp:attachment":[{"href":"https:\/\/rckopen.com\/de\/wp-json\/wp\/v2\/media?parent=6609"}],"wp:term":[{"taxonomy":"product_brand","embeddable":true,"href":"https:\/\/rckopen.com\/de\/wp-json\/wp\/v2\/product_brand?post=6609"},{"taxonomy":"product_cat","embeddable":true,"href":"https:\/\/rckopen.com\/de\/wp-json\/wp\/v2\/product_cat?post=6609"},{"taxonomy":"product_tag","embeddable":true,"href":"https:\/\/rckopen.com\/de\/wp-json\/wp\/v2\/product_tag?post=6609"}],"curies":[{"name":"wp","href":"https:\/\/api.w.org\/{rel}","templated":true}]}}