{"id":6625,"date":"2023-08-17T06:00:16","date_gmt":"2023-08-17T06:00:16","guid":{"rendered":"https:\/\/diligentplug.com\/chems\/?post_type=product&#038;p=6625"},"modified":"2025-09-16T09:06:40","modified_gmt":"2025-09-16T09:06:40","slug":"5-meo-mipt-pellets-15mg","status":"publish","type":"product","link":"https:\/\/rckopen.com\/de\/produkt\/5-meo-mipt-kugelchen-15mg\/","title":{"rendered":"5-MeO-MiPT Pellets 15mg online kaufen"},"content":{"rendered":"<h2>5-MeO-MiPT-pellets 15 mg online kopen<br \/>\nWaarom het online kopen van 5-MeO-MiPT-pellets 15 mg online kopen de slimme keuze voor u is<\/h2>\n<p>Suchen Sie nach einer zuverl\u00e4ssigen Quelle, um 5-MeO-MiPT-Pellets 15 mg online zu kaufen? Suchen Sie nicht weiter als rckopen.com! Mit einer gro\u00dfen Auswahl an qualitativ hochwertigen Produkten und unschlagbarem Kundenservice ist der Kauf Ihrer 5-MeO-MiPT-Pellets 15 mg bei rckopen.com die kluge Wahl f\u00fcr Sie. In diesem Artikel besprechen wir die Vorteile des legalen Kaufs von 5-MeO-MiPT-Pellets 15 mg und warum rckopen.com der beste Ort f\u00fcr Ihren Kauf ist.<\/p>\n<h3>Bequemlichkeit und Zug\u00e4nglichkeit<\/h3>\n<p>Wenn Sie 5-MeO-MiPT Pellets 15mg online kaufen, k\u00f6nnen Sie bequem von zu Hause aus zu jeder Tages- und Nachtzeit einkaufen. Sie m\u00fcssen nicht zu einem Ladengesch\u00e4ft fahren oder in langen Warteschlangen warten \u2013 durchsuchen Sie einfach die Website rckopen.com, legen Sie die gew\u00fcnschten Produkte in Ihren Einkaufswagen und gehen Sie bequem zur Kasse. Mit nur wenigen Klicks ist Ihre Bestellung auf dem Weg zu Ihnen nach Hause.<\/p>\n<h3>Gro\u00dfe Auswahl an Produkten<\/h3>\n<p>Rckopen.com bietet eine breite Palette von Produkten zur Auswahl, einschlie\u00dflich 5-MeO-MiPT Pellets 15 mg. Ob Sie ein Anf\u00e4nger oder ein erfahrener Enthusiast sind, Sie werden alles, was Sie brauchen, auf ihrer Website finden. Mit detaillierten Produktbeschreibungen und Kundenrezensionen k\u00f6nnen Sie eine fundierte Entscheidung treffen, bevor Sie 5-MeO-MiPT pellets 15 mg bestellen.<\/p>\n<h3>Qualit\u00e4t und Reinheit<\/h3>\n<p>Wenn Sie rezeptfreie 5-MeO-MiPT Pellets 15mg bei rckopen.com bestellen, k\u00f6nnen Sie sicher sein, dass Sie ein hochwertiges Produkt erhalten. Rckopen.com bezieht seine Produkte von seri\u00f6sen Herstellern und f\u00fchrt gr\u00fcndliche Qualit\u00e4tskontrollen durch, um die Reinheit und Potenz sicherzustellen. Sie k\u00f6nnen sicher sein, dass Sie das bestm\u00f6gliche Produkt erhalten, wenn Sie bei rckopen.com kaufen.<\/p>\n<h3>Diskrete Verpackung und Versand<\/h3>\n<p>Bei rckopen.com hat Ihre Privatsph\u00e4re h\u00f6chste Priorit\u00e4t. Alle Bestellungen werden in einer diskreten Verpackung verschickt, um Ihre Vertraulichkeit zu sch\u00fctzen. Egal, ob Sie 5-MeO-MiPT pellets 15 mg f\u00fcr den pers\u00f6nlichen Gebrauch oder als Geschenk bestellen, Sie k\u00f6nnen sicher sein, dass Ihre Bestellung von 5-MeO-MiPT pellets 15 mg sicher ankommen wird. Mit schnellen und zuverl\u00e4ssigen Versandoptionen k\u00f6nnen Sie sich darauf verlassen, dass Ihre Bestellung p\u00fcnktlich geliefert wird.<\/p>\n<p>Jetzt 5-MeO-MiPT-Pellets 15 mg ohne Rezept online bei rckopen.com kaufen, ist die kluge Entscheidung f\u00fcr Sie. Mit dem Komfort des Online-Shoppings, einer gro\u00dfen Produktauswahl, Qualit\u00e4tssicherung, diskreter Verpackung, g\u00fcnstigen Preisen und au\u00dfergew\u00f6hnlichem Kundensupport bietet rckopen.com alles, was Sie f\u00fcr ein erfolgreiches Einkaufserlebnis brauchen. Z\u00f6gern Sie nicht \u2013 besuchen Sie rckopen.com noch heute, um 5-MeO-MiPT-Pellets 15 mg legal zu kaufen und entdecken Sie die Vorteile selbst!<\/p>","protected":false},"excerpt":{"rendered":"<p><strong>IUPAC-Name:<\/strong><\/p>\n<p><strong>CAS # <\/strong>96096-55-8<\/p>\n<p><strong>Erscheinungsbild: <\/strong>Gr\u00fcn<\/p>\n<p><strong>Form: <\/strong>Pellets<\/p>\n<p><strong>NMR-Analyse: <\/strong>C15H22N2O<\/p>","protected":false},"featured_media":6645,"comment_status":"open","ping_status":"closed","template":"","meta":{"_joinchat":[]},"product_brand":[],"product_cat":[144],"product_tag":[],"class_list":{"0":"post-6625","1":"product","2":"type-product","3":"status-publish","4":"has-post-thumbnail","6":"product_cat-pellets","8":"first","9":"instock","10":"shipping-taxable","11":"purchasable","12":"product-type-variable"},"yoast_head":"<!-- This site is optimized with the Yoast SEO plugin v26.3 - https:\/\/yoast.com\/wordpress\/plugins\/seo\/ -->\n<title>5 Meo Mipt-pellets 15 mg te koop - 5 Meo Mipt-pellets 15 mg kopen<\/title>\n<meta name=\"description\" content=\"5 Meo Mipt Pellets 15mg te koop bij een van de beste online winkels RC Kopen. Wij helpen u bij het online kopen van 5 Meo Mipt-pellets 15 mg van hoge kwaliteit. Wacht niet langer met bestellen en profiteer van de nieuwste kortingen!\" \/>\n<meta name=\"robots\" content=\"index, follow, max-snippet:-1, max-image-preview:large, max-video-preview:-1\" \/>\n<link rel=\"canonical\" href=\"https:\/\/rckopen.com\/de\/produkt\/5-meo-mipt-kugelchen-15mg\/\" \/>\n<meta property=\"og:locale\" content=\"de_DE\" \/>\n<meta property=\"og:type\" content=\"article\" \/>\n<meta property=\"og:title\" content=\"5 Meo Mipt-pellets 15 mg te koop - 5 Meo Mipt-pellets 15 mg kopen\" \/>\n<meta property=\"og:description\" content=\"5 Meo Mipt Pellets 15mg te koop bij een van de beste online winkels RC Kopen. Wij helpen u bij het online kopen van 5 Meo Mipt-pellets 15 mg van hoge kwaliteit. Wacht niet langer met bestellen en profiteer van de nieuwste kortingen!\" \/>\n<meta property=\"og:url\" content=\"https:\/\/rckopen.com\/de\/produkt\/5-meo-mipt-kugelchen-15mg\/\" \/>\n<meta property=\"og:site_name\" content=\"RC Kopen\" \/>\n<meta property=\"article:modified_time\" content=\"2025-09-16T09:06:40+00:00\" \/>\n<meta property=\"og:image\" content=\"https:\/\/rckopen.com\/wp-content\/uploads\/2023\/08\/5-MeO-MiPT-pellets.jpg\" \/>\n\t<meta property=\"og:image:width\" content=\"600\" \/>\n\t<meta property=\"og:image:height\" content=\"600\" \/>\n\t<meta property=\"og:image:type\" content=\"image\/jpeg\" \/>\n<meta name=\"twitter:card\" content=\"summary_large_image\" \/>\n<meta name=\"twitter:label1\" content=\"Gesch\u00e4tzte Lesezeit\" \/>\n\t<meta name=\"twitter:data1\" content=\"3\u00a0Minuten\" \/>\n<script type=\"application\/ld+json\" class=\"yoast-schema-graph\">{\"@context\":\"https:\/\/schema.org\",\"@graph\":[{\"@type\":\"WebPage\",\"@id\":\"https:\/\/rckopen.com\/product\/5-meo-mipt-pellets-15mg\/\",\"url\":\"https:\/\/rckopen.com\/product\/5-meo-mipt-pellets-15mg\/\",\"name\":\"5 Meo Mipt-pellets 15 mg te koop - 5 Meo Mipt-pellets 15 mg kopen\",\"isPartOf\":{\"@id\":\"https:\/\/rckopen.com\/#website\"},\"primaryImageOfPage\":{\"@id\":\"https:\/\/rckopen.com\/product\/5-meo-mipt-pellets-15mg\/#primaryimage\"},\"image\":{\"@id\":\"https:\/\/rckopen.com\/product\/5-meo-mipt-pellets-15mg\/#primaryimage\"},\"thumbnailUrl\":\"https:\/\/rckopen.com\/wp-content\/uploads\/2023\/08\/5-MeO-MiPT-pellets.jpg\",\"datePublished\":\"2023-08-17T06:00:16+00:00\",\"dateModified\":\"2025-09-16T09:06:40+00:00\",\"description\":\"5 Meo Mipt Pellets 15mg te koop bij een van de beste online winkels RC Kopen. Wij helpen u bij het online kopen van 5 Meo Mipt-pellets 15 mg van hoge kwaliteit. Wacht niet langer met bestellen en profiteer van de nieuwste kortingen!\",\"breadcrumb\":{\"@id\":\"https:\/\/rckopen.com\/product\/5-meo-mipt-pellets-15mg\/#breadcrumb\"},\"inLanguage\":\"de-CH\",\"potentialAction\":[{\"@type\":\"ReadAction\",\"target\":[\"https:\/\/rckopen.com\/product\/5-meo-mipt-pellets-15mg\/\"]}]},{\"@type\":\"ImageObject\",\"inLanguage\":\"de-CH\",\"@id\":\"https:\/\/rckopen.com\/product\/5-meo-mipt-pellets-15mg\/#primaryimage\",\"url\":\"https:\/\/rckopen.com\/wp-content\/uploads\/2023\/08\/5-MeO-MiPT-pellets.jpg\",\"contentUrl\":\"https:\/\/rckopen.com\/wp-content\/uploads\/2023\/08\/5-MeO-MiPT-pellets.jpg\",\"width\":600,\"height\":600,\"caption\":\"5-MeO-MiPT-pellets online kopen\"},{\"@type\":\"BreadcrumbList\",\"@id\":\"https:\/\/rckopen.com\/product\/5-meo-mipt-pellets-15mg\/#breadcrumb\",\"itemListElement\":[{\"@type\":\"ListItem\",\"position\":1,\"name\":\"Home\",\"item\":\"https:\/\/rckopen.com\/\"},{\"@type\":\"ListItem\",\"position\":2,\"name\":\"Shop\",\"item\":\"https:\/\/rckopen.com\/shop\/\"},{\"@type\":\"ListItem\",\"position\":3,\"name\":\"5-MeO-MiPT pellets 15mg online kopen\"}]},{\"@type\":\"WebSite\",\"@id\":\"https:\/\/rckopen.com\/#website\",\"url\":\"https:\/\/rckopen.com\/\",\"name\":\"RC Kopen\",\"description\":\"Research Chemicals\",\"potentialAction\":[{\"@type\":\"SearchAction\",\"target\":{\"@type\":\"EntryPoint\",\"urlTemplate\":\"https:\/\/rckopen.com\/?s={search_term_string}\"},\"query-input\":{\"@type\":\"PropertyValueSpecification\",\"valueRequired\":true,\"valueName\":\"search_term_string\"}}],\"inLanguage\":\"de-CH\"}]}<\/script>\n<!-- \/ Yoast SEO plugin. -->","yoast_head_json":{"title":"5 Meo Mipt-pellets 15 mg te koop - 5 Meo Mipt-pellets 15 mg kopen","description":"5 Meo Mipt Pellets 15mg te koop bij een van de beste online winkels RC Kopen. Wij helpen u bij het online kopen van 5 Meo Mipt-pellets 15 mg van hoge kwaliteit. Wacht niet langer met bestellen en profiteer van de nieuwste kortingen!","robots":{"index":"index","follow":"follow","max-snippet":"max-snippet:-1","max-image-preview":"max-image-preview:large","max-video-preview":"max-video-preview:-1"},"canonical":"https:\/\/rckopen.com\/de\/produkt\/5-meo-mipt-kugelchen-15mg\/","og_locale":"de_DE","og_type":"article","og_title":"5 Meo Mipt-pellets 15 mg te koop - 5 Meo Mipt-pellets 15 mg kopen","og_description":"5 Meo Mipt Pellets 15mg te koop bij een van de beste online winkels RC Kopen. Wij helpen u bij het online kopen van 5 Meo Mipt-pellets 15 mg van hoge kwaliteit. Wacht niet langer met bestellen en profiteer van de nieuwste kortingen!","og_url":"https:\/\/rckopen.com\/de\/produkt\/5-meo-mipt-kugelchen-15mg\/","og_site_name":"RC Kopen","article_modified_time":"2025-09-16T09:06:40+00:00","og_image":[{"width":600,"height":600,"url":"https:\/\/rckopen.com\/wp-content\/uploads\/2023\/08\/5-MeO-MiPT-pellets.jpg","type":"image\/jpeg"}],"twitter_card":"summary_large_image","twitter_misc":{"Gesch\u00e4tzte Lesezeit":"3\u00a0Minuten"},"schema":{"@context":"https:\/\/schema.org","@graph":[{"@type":"WebPage","@id":"https:\/\/rckopen.com\/product\/5-meo-mipt-pellets-15mg\/","url":"https:\/\/rckopen.com\/product\/5-meo-mipt-pellets-15mg\/","name":"5 Meo Mipt-pellets 15 mg te koop - 5 Meo Mipt-pellets 15 mg kopen","isPartOf":{"@id":"https:\/\/rckopen.com\/#website"},"primaryImageOfPage":{"@id":"https:\/\/rckopen.com\/product\/5-meo-mipt-pellets-15mg\/#primaryimage"},"image":{"@id":"https:\/\/rckopen.com\/product\/5-meo-mipt-pellets-15mg\/#primaryimage"},"thumbnailUrl":"https:\/\/rckopen.com\/wp-content\/uploads\/2023\/08\/5-MeO-MiPT-pellets.jpg","datePublished":"2023-08-17T06:00:16+00:00","dateModified":"2025-09-16T09:06:40+00:00","description":"5 Meo Mipt Pellets 15mg te koop bij een van de beste online winkels RC Kopen. Wij helpen u bij het online kopen van 5 Meo Mipt-pellets 15 mg van hoge kwaliteit. Wacht niet langer met bestellen en profiteer van de nieuwste kortingen!","breadcrumb":{"@id":"https:\/\/rckopen.com\/product\/5-meo-mipt-pellets-15mg\/#breadcrumb"},"inLanguage":"de-CH","potentialAction":[{"@type":"ReadAction","target":["https:\/\/rckopen.com\/product\/5-meo-mipt-pellets-15mg\/"]}]},{"@type":"ImageObject","inLanguage":"de-CH","@id":"https:\/\/rckopen.com\/product\/5-meo-mipt-pellets-15mg\/#primaryimage","url":"https:\/\/rckopen.com\/wp-content\/uploads\/2023\/08\/5-MeO-MiPT-pellets.jpg","contentUrl":"https:\/\/rckopen.com\/wp-content\/uploads\/2023\/08\/5-MeO-MiPT-pellets.jpg","width":600,"height":600,"caption":"5-MeO-MiPT-pellets online kopen"},{"@type":"BreadcrumbList","@id":"https:\/\/rckopen.com\/product\/5-meo-mipt-pellets-15mg\/#breadcrumb","itemListElement":[{"@type":"ListItem","position":1,"name":"Home","item":"https:\/\/rckopen.com\/"},{"@type":"ListItem","position":2,"name":"Shop","item":"https:\/\/rckopen.com\/shop\/"},{"@type":"ListItem","position":3,"name":"5-MeO-MiPT pellets 15mg online kopen"}]},{"@type":"WebSite","@id":"https:\/\/rckopen.com\/#website","url":"https:\/\/rckopen.com\/","name":"RC Kopen","description":"Research Chemicals","potentialAction":[{"@type":"SearchAction","target":{"@type":"EntryPoint","urlTemplate":"https:\/\/rckopen.com\/?s={search_term_string}"},"query-input":{"@type":"PropertyValueSpecification","valueRequired":true,"valueName":"search_term_string"}}],"inLanguage":"de-CH"}]}},"_links":{"self":[{"href":"https:\/\/rckopen.com\/de\/wp-json\/wp\/v2\/product\/6625","targetHints":{"allow":["GET"]}}],"collection":[{"href":"https:\/\/rckopen.com\/de\/wp-json\/wp\/v2\/product"}],"about":[{"href":"https:\/\/rckopen.com\/de\/wp-json\/wp\/v2\/types\/product"}],"replies":[{"embeddable":true,"href":"https:\/\/rckopen.com\/de\/wp-json\/wp\/v2\/comments?post=6625"}],"wp:featuredmedia":[{"embeddable":true,"href":"https:\/\/rckopen.com\/de\/wp-json\/wp\/v2\/media\/6645"}],"wp:attachment":[{"href":"https:\/\/rckopen.com\/de\/wp-json\/wp\/v2\/media?parent=6625"}],"wp:term":[{"taxonomy":"product_brand","embeddable":true,"href":"https:\/\/rckopen.com\/de\/wp-json\/wp\/v2\/product_brand?post=6625"},{"taxonomy":"product_cat","embeddable":true,"href":"https:\/\/rckopen.com\/de\/wp-json\/wp\/v2\/product_cat?post=6625"},{"taxonomy":"product_tag","embeddable":true,"href":"https:\/\/rckopen.com\/de\/wp-json\/wp\/v2\/product_tag?post=6625"}],"curies":[{"name":"wp","href":"https:\/\/api.w.org\/{rel}","templated":true}]}}