{"id":6649,"date":"2023-08-17T06:30:34","date_gmt":"2023-08-17T06:30:34","guid":{"rendered":"https:\/\/diligentplug.com\/chems\/?post_type=product&#038;p=6649"},"modified":"2025-09-16T09:04:16","modified_gmt":"2025-09-16T09:04:16","slug":"4-ho-mipt-pellets-20mg","status":"publish","type":"product","link":"https:\/\/rckopen.com\/de\/produkt\/4-ho-mipt-pellets-20mg\/","title":{"rendered":"4-HO-MIPT Pellets 20 mg online kaufen"},"content":{"rendered":"<h2><strong>Insidergeheimen voor het online vinden van authentieke 4-HO-MIPT-pellets 20 mg online kopen<\/strong><\/h2>\n<p>Wenn Sie online auf die Suche nach echten <a href=\"https:\/\/rckopen.com\/de\/produkt\/4-ho-mipt-pellets-20mg\/\">4-HO-MIPT-Pellets 20 mg<\/a>, vertrouw dan op insidertips om authenticiteit en veiligheid te garanderen. Ontdek gerenommeerde leveranciers zoals RCKopen, bekend om hun transparantie en kwaliteitsborging. Door prioriteit te geven aan de reputatie van leveranciers, productinformatie, klantenondersteuning en wettelijke naleving, beschermt u uw aankoopervaring. RCKopen valt op door hun streven naar uitmuntendheid en biedt een betrouwbare bron voor onderzoekschemicali\u00ebn.<\/p>\n<p>Mit ihren umfassenden Produktdetails, ihrem reaktionsschnellen Support und der Einhaltung gesetzlicher Standards, <a href=\"https:\/\/rckopen.com\/de\/\">Rckopen.com<\/a> erweist sich als vertrauensw\u00fcrdige Wahl. Navigieren Sie mit der Gewissheit durch den Online-Markt, dass Sie 4-HO-MIPT-Pellets 20 mg online von einem seri\u00f6sen Anbieter wie RCKopen kaufen.<\/p>\n<h3>Spitze der Form<\/h3>\n<p>Om <a href=\"https:\/\/en.wikipedia.org\/wiki\/4-MeO-MiPT\">4-HO-MIPT<\/a>-Pellets 20mg authentisch online kaufen, Sie bevorzugen seri\u00f6se Anbieter mit transparenter Qualit\u00e4tssicherung, sicheren Zahlungsarten und diskreter Verpackung. Suchen Sie nach Empfehlungen der Community, pr\u00fcfen Sie die Einhaltung gesetzlicher Vorschriften und seien Sie bei verd\u00e4chtig niedrigen Preisen oder extravaganten Behauptungen vorsichtig. Geben Sie Ihrer pers\u00f6nlichen Sicherheit h\u00f6chste Priorit\u00e4t, informieren Sie sich \u00fcber m\u00f6gliche Risiken und treffen Sie fundierte Entscheidungen.<\/p>\n<h3>Spitze der Form<\/h3>\n<h3>4-HO-MIPT-Pellets 20 mg zu verkaufen: Eine Zusammenfassung<\/h3>\n<p>Bei der Online-Suche nach authentischen 4-HO-MIPT-Pellets 20 mg kann es schwierig sein, sich in der Vielzahl der Anbieter zurechtzufinden. Wenn Sie jedoch strategisch vorgehen und wichtige Faktoren ber\u00fccksichtigen, k\u00f6nnen Sie Ihre Chancen erh\u00f6hen, einen zuverl\u00e4ssigen Shop f\u00fcr 4-HO-MIPT-Pellets 20 mg zu finden.<\/p>\n<p>RCKopen ist Ihr One-Stop-Shop f\u00fcr den Online-Kauf von 4-HO-MIPT-Pellets 20 mg. Mit unserem einfachen Bestellvorgang, unseren legalen Produkten und unserem erstklassigen Kundenservice sind wir die bevorzugte Wahl von Forschern auf der ganzen Welt. Besuchen Sie noch heute unsere Website und bestellen Sie 4-HO-MIPT-Pellets 20 mg ganz einfach online im vertrauensw\u00fcrdigen Shop von RCKopen!<\/p>\n<p>Dank Anbietern wie rckopen.com war es noch nie so einfach, 4-HO-MIPT-Pellets 20 mg online zu kaufen. Mit erschwinglichen Preisen, au\u00dfergew\u00f6hnlichem Kundenservice und hochwertigen Produkten ist rckopen.com Ihr One-Stop-Shop f\u00fcr alle Ihre Anforderungen an Forschungschemikalien. Worauf also warten? Kaufen Sie 4-HO-MIPT-Pellets 20 mg noch heute bei rckopen.com und erleben Sie den Komfort des Online-Shoppings vom Feinsten!<\/p>\n<h3>Warten Sie nicht, kaufen Sie jetzt ein!<\/h3>\n<p>Egal, ob Sie ein erfahrener Forscher oder ein neugieriger Enthusiast sind, bei RCKopen k\u00f6nnen Sie 4-HO-MIPT-Pellets (20\u00a0mg) legal online kaufen. Dank unseres Engagements f\u00fcr Qualit\u00e4t, Komfort und Kundenzufriedenheit k\u00f6nnen Sie beruhigt einkaufen, denn Sie wissen, dass Sie das Beste vom Besten bekommen. Bestellen Sie jetzt und erleben Sie den RCKopen-Unterschied selbst!<\/p>\n<p>Verpassen Sie nicht die Chance, mit rckopen.com die Welt der Forschungschemikalien zu erkunden. Kaufen Sie 4-HO-MIPT-Pellets 20 mg ohne Rezept online und entdecken Sie die endlosen M\u00f6glichkeiten, die auf Sie warten.<br \/>\nDenken Sie daran, wenn Sie Preise vergleichen und g\u00fcnstige 4-HO-MET-Pellets 20 mg online finden m\u00f6chten, sind Sie bei rckopen.com an der richtigen Adresse. Viel Spa\u00df beim Einkaufen!<\/p>","protected":false},"excerpt":{"rendered":"<p><strong>IUPAC-Name: <\/strong>3-(2-[Isopropyl(methyl)amino]ethyl)-1H-indol-4-ol<\/p>\n<p><strong>Anderer Name: <\/strong>4-Hydroxy-N-methyl-N-isopropyltryptamin<\/p>\n<p><strong>Form: <\/strong>Pellets<\/p>\n<p><strong>NMR-Analyse: <\/strong>K.A.<\/p>","protected":false},"featured_media":6675,"comment_status":"open","ping_status":"closed","template":"","meta":{"_joinchat":[]},"product_brand":[],"product_cat":[144],"product_tag":[],"class_list":{"0":"post-6649","1":"product","2":"type-product","3":"status-publish","4":"has-post-thumbnail","6":"product_cat-pellets","8":"first","9":"instock","10":"shipping-taxable","11":"purchasable","12":"product-type-variable"},"yoast_head":"<!-- This site is optimized with the Yoast SEO plugin v26.3 - https:\/\/yoast.com\/wordpress\/plugins\/seo\/ -->\n<title>4-HO-MIPT-Pellets-20MG online kopen - 4-HO-MIPT-Pellets-20MG<\/title>\n<meta name=\"description\" content=\"Wilt u 4-ho-mipt-pellets-20mg online kopen tegen een redelijke prijs? Bezoek onze gerenommeerde RC kopen online winkel en vandaag nog 4-ho-mipt-pellets-20mg te koop. Plaats nu een bestelling en ontvang de beste prijs in onze winkel.\" \/>\n<meta name=\"robots\" content=\"index, follow, max-snippet:-1, max-image-preview:large, max-video-preview:-1\" \/>\n<link rel=\"canonical\" href=\"https:\/\/rckopen.com\/de\/produkt\/4-ho-mipt-pellets-20mg\/\" \/>\n<meta property=\"og:locale\" content=\"de_DE\" \/>\n<meta property=\"og:type\" content=\"article\" \/>\n<meta property=\"og:title\" content=\"4-HO-MIPT-Pellets-20MG online kopen - 4-HO-MIPT-Pellets-20MG\" \/>\n<meta property=\"og:description\" content=\"Wilt u 4-ho-mipt-pellets-20mg online kopen tegen een redelijke prijs? Bezoek onze gerenommeerde RC kopen online winkel en vandaag nog 4-ho-mipt-pellets-20mg te koop. Plaats nu een bestelling en ontvang de beste prijs in onze winkel.\" \/>\n<meta property=\"og:url\" content=\"https:\/\/rckopen.com\/de\/produkt\/4-ho-mipt-pellets-20mg\/\" \/>\n<meta property=\"og:site_name\" content=\"RC Kopen\" \/>\n<meta property=\"article:modified_time\" content=\"2025-09-16T09:04:16+00:00\" \/>\n<meta property=\"og:image\" content=\"https:\/\/rckopen.com\/wp-content\/uploads\/2023\/08\/4-HO-MIPT-pellets-20mg.jpg\" \/>\n\t<meta property=\"og:image:width\" content=\"600\" \/>\n\t<meta property=\"og:image:height\" content=\"600\" \/>\n\t<meta property=\"og:image:type\" content=\"image\/jpeg\" \/>\n<meta name=\"twitter:card\" content=\"summary_large_image\" \/>\n<meta name=\"twitter:label1\" content=\"Gesch\u00e4tzte Lesezeit\" \/>\n\t<meta name=\"twitter:data1\" content=\"3\u00a0Minuten\" \/>\n<script type=\"application\/ld+json\" class=\"yoast-schema-graph\">{\"@context\":\"https:\/\/schema.org\",\"@graph\":[{\"@type\":\"WebPage\",\"@id\":\"https:\/\/rckopen.com\/product\/4-ho-mipt-pellets-20mg\/\",\"url\":\"https:\/\/rckopen.com\/product\/4-ho-mipt-pellets-20mg\/\",\"name\":\"4-HO-MIPT-Pellets-20MG online kopen - 4-HO-MIPT-Pellets-20MG\",\"isPartOf\":{\"@id\":\"https:\/\/rckopen.com\/#website\"},\"primaryImageOfPage\":{\"@id\":\"https:\/\/rckopen.com\/product\/4-ho-mipt-pellets-20mg\/#primaryimage\"},\"image\":{\"@id\":\"https:\/\/rckopen.com\/product\/4-ho-mipt-pellets-20mg\/#primaryimage\"},\"thumbnailUrl\":\"https:\/\/rckopen.com\/wp-content\/uploads\/2023\/08\/4-HO-MIPT-pellets-20mg.jpg\",\"datePublished\":\"2023-08-17T06:30:34+00:00\",\"dateModified\":\"2025-09-16T09:04:16+00:00\",\"description\":\"Wilt u 4-ho-mipt-pellets-20mg online kopen tegen een redelijke prijs? Bezoek onze gerenommeerde RC kopen online winkel en vandaag nog 4-ho-mipt-pellets-20mg te koop. Plaats nu een bestelling en ontvang de beste prijs in onze winkel.\",\"breadcrumb\":{\"@id\":\"https:\/\/rckopen.com\/product\/4-ho-mipt-pellets-20mg\/#breadcrumb\"},\"inLanguage\":\"de-CH\",\"potentialAction\":[{\"@type\":\"ReadAction\",\"target\":[\"https:\/\/rckopen.com\/product\/4-ho-mipt-pellets-20mg\/\"]}]},{\"@type\":\"ImageObject\",\"inLanguage\":\"de-CH\",\"@id\":\"https:\/\/rckopen.com\/product\/4-ho-mipt-pellets-20mg\/#primaryimage\",\"url\":\"https:\/\/rckopen.com\/wp-content\/uploads\/2023\/08\/4-HO-MIPT-pellets-20mg.jpg\",\"contentUrl\":\"https:\/\/rckopen.com\/wp-content\/uploads\/2023\/08\/4-HO-MIPT-pellets-20mg.jpg\",\"width\":600,\"height\":600,\"caption\":\"4-HO-MIPT-pellets-20mg online kopen\"},{\"@type\":\"BreadcrumbList\",\"@id\":\"https:\/\/rckopen.com\/product\/4-ho-mipt-pellets-20mg\/#breadcrumb\",\"itemListElement\":[{\"@type\":\"ListItem\",\"position\":1,\"name\":\"Home\",\"item\":\"https:\/\/rckopen.com\/\"},{\"@type\":\"ListItem\",\"position\":2,\"name\":\"Shop\",\"item\":\"https:\/\/rckopen.com\/shop\/\"},{\"@type\":\"ListItem\",\"position\":3,\"name\":\"4-HO-MIPT pellets 20mg online kopen\"}]},{\"@type\":\"WebSite\",\"@id\":\"https:\/\/rckopen.com\/#website\",\"url\":\"https:\/\/rckopen.com\/\",\"name\":\"RC Kopen\",\"description\":\"Research Chemicals\",\"potentialAction\":[{\"@type\":\"SearchAction\",\"target\":{\"@type\":\"EntryPoint\",\"urlTemplate\":\"https:\/\/rckopen.com\/?s={search_term_string}\"},\"query-input\":{\"@type\":\"PropertyValueSpecification\",\"valueRequired\":true,\"valueName\":\"search_term_string\"}}],\"inLanguage\":\"de-CH\"}]}<\/script>\n<!-- \/ Yoast SEO plugin. -->","yoast_head_json":{"title":"4-HO-MIPT-Pellets-20MG online kopen - 4-HO-MIPT-Pellets-20MG","description":"Wilt u 4-ho-mipt-pellets-20mg online kopen tegen een redelijke prijs? Bezoek onze gerenommeerde RC kopen online winkel en vandaag nog 4-ho-mipt-pellets-20mg te koop. Plaats nu een bestelling en ontvang de beste prijs in onze winkel.","robots":{"index":"index","follow":"follow","max-snippet":"max-snippet:-1","max-image-preview":"max-image-preview:large","max-video-preview":"max-video-preview:-1"},"canonical":"https:\/\/rckopen.com\/de\/produkt\/4-ho-mipt-pellets-20mg\/","og_locale":"de_DE","og_type":"article","og_title":"4-HO-MIPT-Pellets-20MG online kopen - 4-HO-MIPT-Pellets-20MG","og_description":"Wilt u 4-ho-mipt-pellets-20mg online kopen tegen een redelijke prijs? Bezoek onze gerenommeerde RC kopen online winkel en vandaag nog 4-ho-mipt-pellets-20mg te koop. Plaats nu een bestelling en ontvang de beste prijs in onze winkel.","og_url":"https:\/\/rckopen.com\/de\/produkt\/4-ho-mipt-pellets-20mg\/","og_site_name":"RC Kopen","article_modified_time":"2025-09-16T09:04:16+00:00","og_image":[{"width":600,"height":600,"url":"https:\/\/rckopen.com\/wp-content\/uploads\/2023\/08\/4-HO-MIPT-pellets-20mg.jpg","type":"image\/jpeg"}],"twitter_card":"summary_large_image","twitter_misc":{"Gesch\u00e4tzte Lesezeit":"3\u00a0Minuten"},"schema":{"@context":"https:\/\/schema.org","@graph":[{"@type":"WebPage","@id":"https:\/\/rckopen.com\/product\/4-ho-mipt-pellets-20mg\/","url":"https:\/\/rckopen.com\/product\/4-ho-mipt-pellets-20mg\/","name":"4-HO-MIPT-Pellets-20MG online kopen - 4-HO-MIPT-Pellets-20MG","isPartOf":{"@id":"https:\/\/rckopen.com\/#website"},"primaryImageOfPage":{"@id":"https:\/\/rckopen.com\/product\/4-ho-mipt-pellets-20mg\/#primaryimage"},"image":{"@id":"https:\/\/rckopen.com\/product\/4-ho-mipt-pellets-20mg\/#primaryimage"},"thumbnailUrl":"https:\/\/rckopen.com\/wp-content\/uploads\/2023\/08\/4-HO-MIPT-pellets-20mg.jpg","datePublished":"2023-08-17T06:30:34+00:00","dateModified":"2025-09-16T09:04:16+00:00","description":"Wilt u 4-ho-mipt-pellets-20mg online kopen tegen een redelijke prijs? Bezoek onze gerenommeerde RC kopen online winkel en vandaag nog 4-ho-mipt-pellets-20mg te koop. Plaats nu een bestelling en ontvang de beste prijs in onze winkel.","breadcrumb":{"@id":"https:\/\/rckopen.com\/product\/4-ho-mipt-pellets-20mg\/#breadcrumb"},"inLanguage":"de-CH","potentialAction":[{"@type":"ReadAction","target":["https:\/\/rckopen.com\/product\/4-ho-mipt-pellets-20mg\/"]}]},{"@type":"ImageObject","inLanguage":"de-CH","@id":"https:\/\/rckopen.com\/product\/4-ho-mipt-pellets-20mg\/#primaryimage","url":"https:\/\/rckopen.com\/wp-content\/uploads\/2023\/08\/4-HO-MIPT-pellets-20mg.jpg","contentUrl":"https:\/\/rckopen.com\/wp-content\/uploads\/2023\/08\/4-HO-MIPT-pellets-20mg.jpg","width":600,"height":600,"caption":"4-HO-MIPT-pellets-20mg online kopen"},{"@type":"BreadcrumbList","@id":"https:\/\/rckopen.com\/product\/4-ho-mipt-pellets-20mg\/#breadcrumb","itemListElement":[{"@type":"ListItem","position":1,"name":"Home","item":"https:\/\/rckopen.com\/"},{"@type":"ListItem","position":2,"name":"Shop","item":"https:\/\/rckopen.com\/shop\/"},{"@type":"ListItem","position":3,"name":"4-HO-MIPT pellets 20mg online kopen"}]},{"@type":"WebSite","@id":"https:\/\/rckopen.com\/#website","url":"https:\/\/rckopen.com\/","name":"RC Kopen","description":"Research Chemicals","potentialAction":[{"@type":"SearchAction","target":{"@type":"EntryPoint","urlTemplate":"https:\/\/rckopen.com\/?s={search_term_string}"},"query-input":{"@type":"PropertyValueSpecification","valueRequired":true,"valueName":"search_term_string"}}],"inLanguage":"de-CH"}]}},"_links":{"self":[{"href":"https:\/\/rckopen.com\/de\/wp-json\/wp\/v2\/product\/6649","targetHints":{"allow":["GET"]}}],"collection":[{"href":"https:\/\/rckopen.com\/de\/wp-json\/wp\/v2\/product"}],"about":[{"href":"https:\/\/rckopen.com\/de\/wp-json\/wp\/v2\/types\/product"}],"replies":[{"embeddable":true,"href":"https:\/\/rckopen.com\/de\/wp-json\/wp\/v2\/comments?post=6649"}],"wp:featuredmedia":[{"embeddable":true,"href":"https:\/\/rckopen.com\/de\/wp-json\/wp\/v2\/media\/6675"}],"wp:attachment":[{"href":"https:\/\/rckopen.com\/de\/wp-json\/wp\/v2\/media?parent=6649"}],"wp:term":[{"taxonomy":"product_brand","embeddable":true,"href":"https:\/\/rckopen.com\/de\/wp-json\/wp\/v2\/product_brand?post=6649"},{"taxonomy":"product_cat","embeddable":true,"href":"https:\/\/rckopen.com\/de\/wp-json\/wp\/v2\/product_cat?post=6649"},{"taxonomy":"product_tag","embeddable":true,"href":"https:\/\/rckopen.com\/de\/wp-json\/wp\/v2\/product_tag?post=6649"}],"curies":[{"name":"wp","href":"https:\/\/api.w.org\/{rel}","templated":true}]}}