{"id":6652,"date":"2023-08-17T06:37:39","date_gmt":"2023-08-17T06:37:39","guid":{"rendered":"https:\/\/diligentplug.com\/chems\/?post_type=product&#038;p=6652"},"modified":"2025-02-03T05:42:48","modified_gmt":"2025-02-03T05:42:48","slug":"bk-2c-b-hcl","status":"publish","type":"product","link":"https:\/\/rckopen.com\/de\/produkt\/bk-2c-b-hcl\/","title":{"rendered":"bk-2C-B HCL online kaufen"},"content":{"rendered":"<h2>bk-2C-B HCL online kaufen<\/h2>\n<p><a href=\"https:\/\/rckopen.com\/de\/produkt\/bk-2c-b-hcl\/\">BK 2C-B-HCL online kaufen<\/a>, \u03b2k-2C-B (Bk-2C-B; 2-Amino-1-(4-brom-2,5-dimethoxyphenyl)ethan1-on) ist eine neuartige psychedelische Verbindung. Es ist das strukturelle Beta(\u03b2)-Keton-Analogon von 2C-B, einer psychedelischen Droge der 2C-Familie. Es wird als Freizeitdroge verwendet und normalerweise oral eingenommen. \u03b2k-2C-B ist in Kanada, Deutschland, der Schweiz und dem Vereinigten K\u00f6nigreich eine kontrollierte Substanz.<\/p>\n<h2><strong>Allgemeine Informationen \u00fcber bk-2C-B HCL<\/strong><\/h2>\n<p><a href=\"https:\/\/en.wikipedia.org\/wiki\/%CE%92k-2C-B\">bk-2C-B HCL<\/a> ist eine Chemikalie aus der Planzenforschung, genauer gesagt eine Cathinon-Variante der kontrollierten Substanz 2C-B (2,5-Dimethoxy-4-bromphenethylamin), die erstmals von Alexander Shulgin beschrieben wurde. Es ist nicht bekannt, wer bk-2C-B erstmals synthetisierte, aber es war bereits Mitte 2013 als Chemikalie f\u00fcr die Sportforschung erh\u00e4ltlich.<a href=\"https:\/\/rckopen.com\/de\/produkt\/25-nboh\/\">.<\/a><\/p>\n<p>Im Laufe der Jahre sind einige Artikel erschienen, die analytische Charakterisierungen der Substanz enth\u00fcllten. Sie wird auf Websites angeboten und als halluzinogene synthetische Substanz bezeichnet<a href=\"https:\/\/en.wikipedia.org\/wiki\/%CE%92k-2C-B\">.<\/a><\/p>\n<p>Seit dem 12. Oktober 2016 ist bk-2C-B in Kanada eine kontrollierte Substanz (Zeitplan III). Es ist auch in Deutschland, der Schweiz und dem Vereinigten K\u00f6nigreich illegal.<\/p>\n<h3>Chemische Zusammensetzung von bk-2C-B HCL<\/h3>\n<p>Seine \u00fcbliche Bezeichnung ist 2-Amino-1-(4-bromo-2,5-dimethoxyphenyl)-ethanon, Monohydrochlorid, und seine subatomare Gleichung lautet C10H12BrNO3 - HCl.<\/p>\n<p>Bk-2C-B ist ein substituiertes Phenethylamin. Es weist Methoxysubstituenten an R2 und R5 und Brom an R4 auf. An der Beta-(\u03b2)-Position der hilfreichen Amingruppe, die mit dem Alpha-(\u03b1)-Kohlenstoff assoziiert ist, ist eine Ketongruppe vorhanden, so dass der Name darauf hinweist, dass es sich um eine prim\u00e4re Form von 2C-B handelt. Wegen seiner hilfreichen Ansammlung von Ketonen wird es oft als substituiertes Cathinon bezeichnet.<\/p>\n<h3>Pharmakologie bk-2C-B HCL<\/h3>\n<p>Bk-2C-B wirkt wahrscheinlich als 5-HT2A-Halb-Agonist. Es wird vermutet, dass seine psychedelischen Wirkungen auf seine Funktionsf\u00e4higkeit an 5-HT2A-Rezeptoren zur\u00fcckzuf\u00fchren sind. Die Aufgabe dieser Verbindungen und die Art und Weise, wie sie die psychedelische Erfahrung ausl\u00f6sen, ist jedoch nach wie vor nicht klar.<\/p>\n<p>Bk-2C-B oder Beta-Keto-2C-B ist ein Subbed-Phenethylamin, bei dem ein Phenylring \u00fcber eine Ethylkette an eine Aminogruppe (NH2) gebunden ist. Bk-2C-B beinhaltet das Design von 2C-B, das mit einem Ketonb\u00fcndel an den Beta-Kohlenstoff der Struktur (R1) gebunden ist. Dar\u00fcber hinaus enth\u00e4lt bk-2C-B Methoxygruppen CH3O, die an die Kohlenstoffatome R2 und R5 gebunden sind, und ein Brommolek\u00fcl, das an den Kohlenstoff R4 des Phenylrings gebunden ist.<\/p>\n<p>Bk-2C-B geh\u00f6rt zur Gruppe der 2C-Phenethylamine, die an den Positionen 2-5 des Benzolrings Methoxygruppen enthalten.<\/p>\n<h3>Hochwertiges bk-2C-B HCL<\/h3>\n<p><a href=\"https:\/\/rckopen.com\/de\/\">rckopen.com<\/a> verf\u00fcgt \u00fcber langj\u00e4hrige Erfahrung in der Entwicklung von Forschungschemikalien. Dadurch k\u00f6nnen wir die h\u00f6chste Qualit\u00e4t dieser Forschungschemikalien garantieren. Das chemische Forschungsteam verkauft bk-2C-B HCL. Forschungschemikalien, einschlie\u00dflich bk-2C-B HCLs, erf\u00fcllen alle Sicherheitsanforderungen. Forschungschemikalien werden sorgf\u00e4ltig verteilt und an einem k\u00fchlen, trockenen Ort gelagert.<\/p>\n<p>Alle Produkte werden regelm\u00e4\u00dfig auf Qualit\u00e4t, Reinheit und Sicherheit gepr\u00fcft. Lagern Sie bk-2C-B HCL immer bei Raumtemperatur und au\u00dferhalb der Reichweite von Kindern und Haustieren. Unser bk-2C-B HCL ist nicht f\u00fcr den pers\u00f6nlichen Gebrauch bestimmt. Es ist nur f\u00fcr Forschungszwecke bestimmt.<\/p>\n<p>Bei der Untersuchung dieser Forschungschemikalie sollte sie nicht mit Alkohol oder Forschungschemikalien gemischt werden!<\/p>\n<p>Alle unsere Produkte haben einen fairen Preis!<\/p>\n<p>Laboruntersuchung von bk-2C-B HCL mit Ergebnissen.<\/p>\n<p>macht erneut Fortschritte bei der umfassenden Erf\u00fcllung der Kundenw\u00fcnsche. Mehrere Umfragen haben gezeigt, dass die Kunden vor dem Kauf von synthetischen Forschungschemikalien so viele Daten wie erwartet anfordern. Au\u00dferdem ver\u00f6ffentlichen wir alle Laborergebnisse zu jeder Forschungschemikalie in einem PDF-Dokument.<\/p>\n<p>Unser bk-2C-B HCL-Pulver erf\u00fcllt durchweg die Anforderungen an die aktiven Inhaltsstoffe und ist f\u00fcr jedermann klar erkennbar.<\/p>\n<p>Wir verteilen alle Laborergebnisse zu jeder Forschungschemikalie auf einem PDF-Dokument.<\/p>\n<h3>Sicher bestellen bei bk-2C-B HCL.<\/h3>\n<p>RC Kopen Designer Forschungschemikalien sind von ausgezeichneter Qualit\u00e4t und haben einen fairen Preis. Deshalb garantieren wir Ihnen, wenn Sie Ihre Forschungschemikalien bei RC Kopen anfordern, dass wir Ihre Anfrage schnell und sicher zu Ihnen nach Hause liefern, denn der Verkauf von Forschungschemikalien ist bei RC Kopen immer verf\u00fcgbar.<\/p>\n<p>Das Anfordern von synthetischen Forschungssubstanzen mit Bitcoin oder Bank\u00fcberweisung ist bei RC Kopen ganz einfach.<\/p>\n<p>Wir versenden Pulver f\u00fcr Forschungschemikalien noch am selben Werktag, wenn die Zahlung vor 15:00 Uhr MESZ eingeht.<\/p>\n<p>Wir liefern keine Artikel an Privatpersonen. BK 2C-B-HCL online kaufen \u2013 BK 2C-B-HCL zu verkaufen | RC K\u00e4ufer unter 18 Jahren!<\/p>\n<p>Der Verkauf von Forschungschemikalien erfolgt ausschlie\u00dflich zu Forschungszwecken.<\/p>\n<h3>Diskreter Versand von Forschungschemikalien.<\/h3>\n<p>RC Kopen verpackt Ihre Bestellung sicher und gesch\u00fctzt, um einen ordnungsgem\u00e4\u00dfen Transport zu gew\u00e4hrleisten. Au\u00dferdem verpacken wir v\u00f6llig unauff\u00e4llig, und nichts ist auf der Au\u00dfenseite von dem, was drin sein k\u00f6nnte gezeigt.<\/p>\n<h3><strong>Vorsichtsma\u00dfnahmen<\/strong><\/h3>\n<ul>\n<li>Kaufen Sie bk-2C-B HCL die richtige individuelle Schutzausr\u00fcstung wie Schutzbrille und Handschuhe. Reinigen und pflegen Sie sie richtig. Befolgen Sie beim Umgang mit Forschungschemikalien sichere Systeme und nehmen Sie keine Abk\u00fcrzungen.<\/li>\n<li>Wenn die Studiensubstanz mit den Augen in Ber\u00fchrung kommt, sind diese gut auszusp\u00fclen und die Kontaktlinsen, falls erforderlich, herauszunehmen.<\/li>\n<li>Verwenden Sie bei der Verwendung dieser Chemikalien eine Maske, damit sie beim Atmen nicht in den K\u00f6rper gelangen.<\/li>\n<li>Wie in den unterst\u00fctzten Methoden angegeben, sind gef\u00e4hrliche Stoffe sicher zu handhaben, zu lagern und zu entsorgen. Gie\u00dfen Sie sie niemals in die Kanalisation oder in Kan\u00e4le.<\/li>\n<li>Lagern Sie Forschungschemikalien ordnungsgem\u00e4\u00df, wie es ihre Bezeichnung angibt. Entflammbare Chemikalien sollten in ausgezeichnetem, trockenem Cannabis gelagert werden, fern von Intensit\u00e4t und Tageslicht. Einige Kunststoffe, wie z. B. S\u00e4uren, sollten separat gelagert werden.<\/li>\n<li>RC Buy wird zu Forschungszwecken angeboten; der Verzehr ist streng verboten.<\/li>\n<\/ul>","protected":false},"excerpt":{"rendered":"<p><strong>IUPAC-Name:<\/strong><\/p>\n<p>2-Amino-1-(4-bromo-2,5-dimethoxyphenyl)-ethanon, Monohydrochlorid<\/p>\n<p><strong>CAS #<\/strong><\/p>\n<p>807631-09-0<\/p>\n<p><strong>Anderer Name:<\/strong><\/p>\n<p>bk-4-Brom-2,5-dimethoxyphenethylamin<\/p>\n<p><strong>Erscheinungsbild:<\/strong><\/p>\n<p>Pulver<\/p>\n<p><strong>Form:<\/strong><\/p>\n<p>HCL<\/p>\n<p><strong>NMR-Analyse:<\/strong><\/p>\n<p>C10H12BrNO3<\/p>","protected":false},"featured_media":6680,"comment_status":"open","ping_status":"closed","template":"","meta":{"_joinchat":[]},"product_brand":[],"product_cat":[145],"product_tag":[],"class_list":{"0":"post-6652","1":"product","2":"type-product","3":"status-publish","4":"has-post-thumbnail","6":"product_cat-fenethylamine-derivaten","8":"first","9":"instock","10":"shipping-taxable","11":"purchasable","12":"product-type-variable"},"yoast_head":"<!-- This site is optimized with the Yoast SEO plugin v26.3 - https:\/\/yoast.com\/wordpress\/plugins\/seo\/ -->\n<title>BK 2C-B-HCL online kopen - BK 2C-B-HCL te koop | RC Kopen<\/title>\n<meta name=\"description\" content=\"Uw bestelling voor bk 2c-b-hcl te koop is onze verantwoordelijkheid. Wij zullen uw bestelling voor de aankoop van bk 2c-b-hcl in overweging nemen en u binnen korte tijd bereiken. Plaats nu bulkbestellingen!\" \/>\n<meta name=\"robots\" content=\"index, follow, max-snippet:-1, max-image-preview:large, max-video-preview:-1\" \/>\n<link rel=\"canonical\" href=\"https:\/\/rckopen.com\/de\/produkt\/bk-2c-b-hcl\/\" \/>\n<meta property=\"og:locale\" content=\"de_DE\" \/>\n<meta property=\"og:type\" content=\"article\" \/>\n<meta property=\"og:title\" content=\"BK 2C-B-HCL online kopen - BK 2C-B-HCL te koop | RC Kopen\" \/>\n<meta property=\"og:description\" content=\"Uw bestelling voor bk 2c-b-hcl te koop is onze verantwoordelijkheid. Wij zullen uw bestelling voor de aankoop van bk 2c-b-hcl in overweging nemen en u binnen korte tijd bereiken. Plaats nu bulkbestellingen!\" \/>\n<meta property=\"og:url\" content=\"https:\/\/rckopen.com\/de\/produkt\/bk-2c-b-hcl\/\" \/>\n<meta property=\"og:site_name\" content=\"RC Kopen\" \/>\n<meta property=\"article:modified_time\" content=\"2025-02-03T05:42:48+00:00\" \/>\n<meta property=\"og:image\" content=\"https:\/\/rckopen.com\/wp-content\/uploads\/2023\/08\/bk-2C-B-HCL.jpg\" \/>\n\t<meta property=\"og:image:width\" content=\"600\" \/>\n\t<meta property=\"og:image:height\" content=\"600\" \/>\n\t<meta property=\"og:image:type\" content=\"image\/jpeg\" \/>\n<meta name=\"twitter:card\" content=\"summary_large_image\" \/>\n<meta name=\"twitter:label1\" content=\"Gesch\u00e4tzte Lesezeit\" \/>\n\t<meta name=\"twitter:data1\" content=\"4\u00a0Minuten\" \/>\n<script type=\"application\/ld+json\" class=\"yoast-schema-graph\">{\"@context\":\"https:\/\/schema.org\",\"@graph\":[{\"@type\":\"WebPage\",\"@id\":\"https:\/\/rckopen.com\/product\/bk-2c-b-hcl\/\",\"url\":\"https:\/\/rckopen.com\/product\/bk-2c-b-hcl\/\",\"name\":\"BK 2C-B-HCL online kopen - BK 2C-B-HCL te koop | RC Kopen\",\"isPartOf\":{\"@id\":\"https:\/\/rckopen.com\/#website\"},\"primaryImageOfPage\":{\"@id\":\"https:\/\/rckopen.com\/product\/bk-2c-b-hcl\/#primaryimage\"},\"image\":{\"@id\":\"https:\/\/rckopen.com\/product\/bk-2c-b-hcl\/#primaryimage\"},\"thumbnailUrl\":\"https:\/\/rckopen.com\/wp-content\/uploads\/2023\/08\/bk-2C-B-HCL.jpg\",\"datePublished\":\"2023-08-17T06:37:39+00:00\",\"dateModified\":\"2025-02-03T05:42:48+00:00\",\"description\":\"Uw bestelling voor bk 2c-b-hcl te koop is onze verantwoordelijkheid. Wij zullen uw bestelling voor de aankoop van bk 2c-b-hcl in overweging nemen en u binnen korte tijd bereiken. Plaats nu bulkbestellingen!\",\"breadcrumb\":{\"@id\":\"https:\/\/rckopen.com\/product\/bk-2c-b-hcl\/#breadcrumb\"},\"inLanguage\":\"de-CH\",\"potentialAction\":[{\"@type\":\"ReadAction\",\"target\":[\"https:\/\/rckopen.com\/product\/bk-2c-b-hcl\/\"]}]},{\"@type\":\"ImageObject\",\"inLanguage\":\"de-CH\",\"@id\":\"https:\/\/rckopen.com\/product\/bk-2c-b-hcl\/#primaryimage\",\"url\":\"https:\/\/rckopen.com\/wp-content\/uploads\/2023\/08\/bk-2C-B-HCL.jpg\",\"contentUrl\":\"https:\/\/rckopen.com\/wp-content\/uploads\/2023\/08\/bk-2C-B-HCL.jpg\",\"width\":600,\"height\":600,\"caption\":\"bk-2C-B-HCL online kopen\"},{\"@type\":\"BreadcrumbList\",\"@id\":\"https:\/\/rckopen.com\/product\/bk-2c-b-hcl\/#breadcrumb\",\"itemListElement\":[{\"@type\":\"ListItem\",\"position\":1,\"name\":\"Home\",\"item\":\"https:\/\/rckopen.com\/\"},{\"@type\":\"ListItem\",\"position\":2,\"name\":\"Shop\",\"item\":\"https:\/\/rckopen.com\/shop\/\"},{\"@type\":\"ListItem\",\"position\":3,\"name\":\"bk-2C-B HCL online kopen\"}]},{\"@type\":\"WebSite\",\"@id\":\"https:\/\/rckopen.com\/#website\",\"url\":\"https:\/\/rckopen.com\/\",\"name\":\"RC Kopen\",\"description\":\"Research Chemicals\",\"potentialAction\":[{\"@type\":\"SearchAction\",\"target\":{\"@type\":\"EntryPoint\",\"urlTemplate\":\"https:\/\/rckopen.com\/?s={search_term_string}\"},\"query-input\":{\"@type\":\"PropertyValueSpecification\",\"valueRequired\":true,\"valueName\":\"search_term_string\"}}],\"inLanguage\":\"de-CH\"}]}<\/script>\n<!-- \/ Yoast SEO plugin. -->","yoast_head_json":{"title":"BK 2C-B-HCL online kopen - BK 2C-B-HCL te koop | RC Kopen","description":"Uw bestelling voor bk 2c-b-hcl te koop is onze verantwoordelijkheid. Wij zullen uw bestelling voor de aankoop van bk 2c-b-hcl in overweging nemen en u binnen korte tijd bereiken. Plaats nu bulkbestellingen!","robots":{"index":"index","follow":"follow","max-snippet":"max-snippet:-1","max-image-preview":"max-image-preview:large","max-video-preview":"max-video-preview:-1"},"canonical":"https:\/\/rckopen.com\/de\/produkt\/bk-2c-b-hcl\/","og_locale":"de_DE","og_type":"article","og_title":"BK 2C-B-HCL online kopen - BK 2C-B-HCL te koop | RC Kopen","og_description":"Uw bestelling voor bk 2c-b-hcl te koop is onze verantwoordelijkheid. Wij zullen uw bestelling voor de aankoop van bk 2c-b-hcl in overweging nemen en u binnen korte tijd bereiken. Plaats nu bulkbestellingen!","og_url":"https:\/\/rckopen.com\/de\/produkt\/bk-2c-b-hcl\/","og_site_name":"RC Kopen","article_modified_time":"2025-02-03T05:42:48+00:00","og_image":[{"width":600,"height":600,"url":"https:\/\/rckopen.com\/wp-content\/uploads\/2023\/08\/bk-2C-B-HCL.jpg","type":"image\/jpeg"}],"twitter_card":"summary_large_image","twitter_misc":{"Gesch\u00e4tzte Lesezeit":"4\u00a0Minuten"},"schema":{"@context":"https:\/\/schema.org","@graph":[{"@type":"WebPage","@id":"https:\/\/rckopen.com\/product\/bk-2c-b-hcl\/","url":"https:\/\/rckopen.com\/product\/bk-2c-b-hcl\/","name":"BK 2C-B-HCL online kopen - BK 2C-B-HCL te koop | RC Kopen","isPartOf":{"@id":"https:\/\/rckopen.com\/#website"},"primaryImageOfPage":{"@id":"https:\/\/rckopen.com\/product\/bk-2c-b-hcl\/#primaryimage"},"image":{"@id":"https:\/\/rckopen.com\/product\/bk-2c-b-hcl\/#primaryimage"},"thumbnailUrl":"https:\/\/rckopen.com\/wp-content\/uploads\/2023\/08\/bk-2C-B-HCL.jpg","datePublished":"2023-08-17T06:37:39+00:00","dateModified":"2025-02-03T05:42:48+00:00","description":"Uw bestelling voor bk 2c-b-hcl te koop is onze verantwoordelijkheid. Wij zullen uw bestelling voor de aankoop van bk 2c-b-hcl in overweging nemen en u binnen korte tijd bereiken. Plaats nu bulkbestellingen!","breadcrumb":{"@id":"https:\/\/rckopen.com\/product\/bk-2c-b-hcl\/#breadcrumb"},"inLanguage":"de-CH","potentialAction":[{"@type":"ReadAction","target":["https:\/\/rckopen.com\/product\/bk-2c-b-hcl\/"]}]},{"@type":"ImageObject","inLanguage":"de-CH","@id":"https:\/\/rckopen.com\/product\/bk-2c-b-hcl\/#primaryimage","url":"https:\/\/rckopen.com\/wp-content\/uploads\/2023\/08\/bk-2C-B-HCL.jpg","contentUrl":"https:\/\/rckopen.com\/wp-content\/uploads\/2023\/08\/bk-2C-B-HCL.jpg","width":600,"height":600,"caption":"bk-2C-B-HCL online kopen"},{"@type":"BreadcrumbList","@id":"https:\/\/rckopen.com\/product\/bk-2c-b-hcl\/#breadcrumb","itemListElement":[{"@type":"ListItem","position":1,"name":"Home","item":"https:\/\/rckopen.com\/"},{"@type":"ListItem","position":2,"name":"Shop","item":"https:\/\/rckopen.com\/shop\/"},{"@type":"ListItem","position":3,"name":"bk-2C-B HCL online kopen"}]},{"@type":"WebSite","@id":"https:\/\/rckopen.com\/#website","url":"https:\/\/rckopen.com\/","name":"RC Kopen","description":"Research Chemicals","potentialAction":[{"@type":"SearchAction","target":{"@type":"EntryPoint","urlTemplate":"https:\/\/rckopen.com\/?s={search_term_string}"},"query-input":{"@type":"PropertyValueSpecification","valueRequired":true,"valueName":"search_term_string"}}],"inLanguage":"de-CH"}]}},"_links":{"self":[{"href":"https:\/\/rckopen.com\/de\/wp-json\/wp\/v2\/product\/6652","targetHints":{"allow":["GET"]}}],"collection":[{"href":"https:\/\/rckopen.com\/de\/wp-json\/wp\/v2\/product"}],"about":[{"href":"https:\/\/rckopen.com\/de\/wp-json\/wp\/v2\/types\/product"}],"replies":[{"embeddable":true,"href":"https:\/\/rckopen.com\/de\/wp-json\/wp\/v2\/comments?post=6652"}],"wp:featuredmedia":[{"embeddable":true,"href":"https:\/\/rckopen.com\/de\/wp-json\/wp\/v2\/media\/6680"}],"wp:attachment":[{"href":"https:\/\/rckopen.com\/de\/wp-json\/wp\/v2\/media?parent=6652"}],"wp:term":[{"taxonomy":"product_brand","embeddable":true,"href":"https:\/\/rckopen.com\/de\/wp-json\/wp\/v2\/product_brand?post=6652"},{"taxonomy":"product_cat","embeddable":true,"href":"https:\/\/rckopen.com\/de\/wp-json\/wp\/v2\/product_cat?post=6652"},{"taxonomy":"product_tag","embeddable":true,"href":"https:\/\/rckopen.com\/de\/wp-json\/wp\/v2\/product_tag?post=6652"}],"curies":[{"name":"wp","href":"https:\/\/api.w.org\/{rel}","templated":true}]}}