{"id":6690,"date":"2023-08-18T05:33:37","date_gmt":"2023-08-18T05:33:37","guid":{"rendered":"https:\/\/diligentplug.com\/chems\/?post_type=product&#038;p=6690"},"modified":"2025-02-04T05:37:00","modified_gmt":"2025-02-04T05:37:00","slug":"koop-nb-5-meo-dalt-oxalaat","status":"publish","type":"product","link":"https:\/\/rckopen.com\/de\/produkt\/nb-5-meo-dalt-oxalat-kaufen\/","title":{"rendered":"NB-5-MeO-DALT (Oxalat) online kaufen"},"content":{"rendered":"<div data-content-type=\"row\" data-appearance=\"contained\" data-element=\"main\">\n<div data-enable-parallax=\"0\" data-parallax-speed=\"0.5\" data-background-images=\"{}\" data-background-type=\"image\" data-video-loop=\"true\" data-video-play-only-visible=\"true\" data-video-lazy-load=\"true\" data-video-fallback-src=\"\" data-element=\"inner\" data-pb-style=\"JQ9K6EH\">\n<div data-content-type=\"text\" data-appearance=\"default\" data-element=\"main\"><\/div>\n<\/div>\n<\/div>\n<div data-content-type=\"row\" data-appearance=\"contained\" data-element=\"main\">\n<div data-enable-parallax=\"0\" data-parallax-speed=\"0.5\" data-background-images=\"{}\" data-background-type=\"image\" data-video-loop=\"true\" data-video-play-only-visible=\"true\" data-video-lazy-load=\"true\" data-video-fallback-src=\"\" data-element=\"inner\" data-pb-style=\"MT5GKQX\">\n<div data-content-type=\"text\" data-appearance=\"default\" data-element=\"main\">\n<h2>Wo kann man NB-5-MeO-DALT (Oxalat) sicher online kaufen?<\/h2>\n<p>M\u00f6chten Sie NB-5-MeO-DALT (Oxalat) sicher online kaufen? Dann sind Sie bei uns genau richtig! Bei RCKopen bieten wir eine zuverl\u00e4ssige Plattform, um NB-5-MeO-DALT (Oxalat) und andere Forschungschemikalien mit Leichtigkeit und Vertrauen zu kaufen. Egal, ob Sie Forscher, Wissenschaftler oder Enthusiast sind, wir bieten Ihnen ein nahtloses Kauferlebnis, das Sie w\u00e4hrend des gesamten Prozesses beruhigt.<\/p>\n<h2>Warum RCKopen w\u00e4hlen?<\/h2>\n<p>RCKopen ist Ihre vertrauensw\u00fcrdige Quelle f\u00fcr den Verkauf von NB-5-MeO-DALT (Oxalat) und einer breiten Palette von Forschungschemikalien. Das ist der Grund, warum Kunden uns bevorzugen:<br \/>\nHochwertige Produkte: Wir legen Wert auf Qualit\u00e4t und Reinheit und bieten nur die besten NB-5-MeO-DALT (Oxalat) zum Verkauf an. Jedes Produkt wird strengen Tests unterzogen, um die h\u00f6chsten Industriestandards zu erf\u00fcllen.<\/p>\n<p>Sichere Transaktionen: Ihre Sicherheit ist unsere oberste Priorit\u00e4t. Wir verwenden fortschrittliche Verschl\u00fcsselungstechnologie, um Ihre pers\u00f6nlichen Daten zu sch\u00fctzen und sichere Transaktionen zu gew\u00e4hrleisten, wenn Sie NB-5-MeO-DALT (Oxalat) bei uns bestellen.<\/p>\n<p>Legal und konform: Alle unsere Produkte stammen aus legalen Quellen und sind konform. Wenn Sie NB-5-MeO-DALT (Oxalat) bei RCKopen kaufen, k\u00f6nnen Sie sicher sein, dass Sie es \u00fcber legale Kan\u00e4le erhalten.<\/p>\n<p>Diskrete Verpackung: Wir wissen, wie wichtig die Privatsph\u00e4re ist. Deshalb verpacken wir alle Bestellungen diskret, um Ihre Vertraulichkeit zu sch\u00fctzen. Ihr NB-5-MeO-DALT (Oxalat) wird sicher und unversehrt bei Ihnen ankommen, ohne unerw\u00fcnschte Aufmerksamkeit zu erregen.<\/p>\n<p>Schnelle Lieferung: Mit unserem effizienten Versandservice k\u00f6nnen Sie sicher sein, dass Ihr NB-5-MeO-DALT (Oxalat) Sie rechtzeitig erreicht. Wir sind bestrebt, Bestellungen schnell zu bearbeiten und zu versenden, damit Sie schnell mit Ihrer Forschung beginnen k\u00f6nnen.<\/p>\n<h3>NB-5-MeO-DALT (Oxalat) online kaufen in Gro\u00dfbritannien<\/h3>\n<p>Suchen Sie eine zuverl\u00e4ssige Quelle, um NB-5-MeO-DALT (Oxalat) in Gro\u00dfbritannien zu kaufen? Suchen Sie nicht weiter als RCKopen. Wir beliefern Kunden in ganz Gro\u00dfbritannien und bieten eine schnelle und problemlose Lieferung zu Ihnen nach Hause. Kaufen Sie NB-5-MeO-DALT (oxalate) legal und sicher von Ihrem Sessel aus mit RCKopen.<\/p>\n<h3>NB-5-MeO-DALT (Oxalat) ohne Rezept bestellen<\/h3>\n<p>Bei RCKopen glauben wir an Zug\u00e4nglichkeit und Bequemlichkeit. Deshalb bieten wir NB-5-MeO-DALT (oxalate) zum Verkauf an, ohne dass Sie ein Rezept ben\u00f6tigen. St\u00f6bern Sie einfach auf unserer Website, geben Sie Ihre Bestellung auf und erhalten Sie ganz einfach die gew\u00fcnschte Forschungssubstanz. Wir machen den Online-Kauf von NB-5-MeO-DALT (Oxalat) zu einer nahtlosen Erfahrung f\u00fcr alle unsere Kunden.<\/p>\n<h3>Entdecken Sie unseren NB-5-MeO-DALT (Oxalat) Shop<\/h3>\n<p>M\u00f6chten Sie NB-5-MeO-DALT (Oxalat) online kaufen? Besuchen Sie unseren Shop auf rckopen und st\u00f6bern Sie in unserer umfangreichen Sammlung von Forschungschemikalien. Mit unserer benutzerfreundlichen Oberfl\u00e4che und sicheren Zahlungsoptionen war der Kauf von NB-5-MeO-DALT (Oxalat) noch nie so einfach.<\/p>\n<h3>Erleben Sie den Komfort des Online-Einkaufs bei RCKopen noch heute!<\/h3>\n<p>Wenn es darum geht, NB-5-MeO-DALT (Oxalat) sicher und zuverl\u00e4ssig online zu kaufen, ist rckopen Ihr zuverl\u00e4ssiger Partner. Mit unserem Engagement f\u00fcr Qualit\u00e4t, Legalit\u00e4t und Kundenzufriedenheit garantieren wir Ihnen ein reibungsloses Einkaufserlebnis f\u00fcr Ihren gesamten Bedarf an Forschungschemikalien. Bestellen Sie NB-5-MeO-DALT (oxalate) noch heute bei rckopen und beginnen Sie Ihre wissenschaftliche Forschung mit Vertrauen.<\/p>\n<\/div>\n<\/div>\n<\/div>","protected":false},"excerpt":{"rendered":"<p>Waar kunt u NB-5-MeO-DALT (oxalaat) veilig online kopen Wilt u NB-5-MeO-DALT (oxalaat) veilig online kopen? U bent bij ons aan het juiste adres! Bij RCKopen bieden we een betrouwbaar platform om met gemak en vertrouwen NB-5-MeO-DALT (oxalaat) in Groot-Brittanni\u00eb en andere onderzoekschemicali\u00ebn te kopen. Of u nu een onderzoeker, wetenschapper<\/p>","protected":false},"featured_media":6891,"comment_status":"open","ping_status":"closed","template":"","meta":{"_joinchat":[]},"product_brand":[],"product_cat":[149],"product_tag":[],"class_list":{"0":"post-6690","1":"product","2":"type-product","3":"status-publish","4":"has-post-thumbnail","6":"product_cat-tryptaminen","8":"first","9":"instock","10":"shipping-taxable","11":"purchasable","12":"product-type-variable"},"yoast_head":"<!-- This site is optimized with the Yoast SEO plugin v26.3 - https:\/\/yoast.com\/wordpress\/plugins\/seo\/ -->\n<title>NB 5 Meo Dalt Oxalaat online kopen - NB 5 Meo Dalt for Sale<\/title>\n<meta name=\"description\" content=\"Aan uw vereiste om NB 5 Meo Dalt Oxalaat te kopen, kunt u voldoen in onze online RC Koop-winkel, aangezien we hier NB 5 Meo Dalt te koop hebben. Plaats uw bestelling en ontvang elke dag betaalbare aanbiedingen.\" \/>\n<meta name=\"robots\" content=\"index, follow, max-snippet:-1, max-image-preview:large, max-video-preview:-1\" \/>\n<link rel=\"canonical\" href=\"https:\/\/rckopen.com\/de\/produkt\/nb-5-meo-dalt-oxalat-kaufen\/\" \/>\n<meta property=\"og:locale\" content=\"de_DE\" \/>\n<meta property=\"og:type\" content=\"article\" \/>\n<meta property=\"og:title\" content=\"NB 5 Meo Dalt Oxalaat online kopen - NB 5 Meo Dalt for Sale\" \/>\n<meta property=\"og:description\" content=\"Aan uw vereiste om NB 5 Meo Dalt Oxalaat te kopen, kunt u voldoen in onze online RC Koop-winkel, aangezien we hier NB 5 Meo Dalt te koop hebben. Plaats uw bestelling en ontvang elke dag betaalbare aanbiedingen.\" \/>\n<meta property=\"og:url\" content=\"https:\/\/rckopen.com\/de\/produkt\/nb-5-meo-dalt-oxalat-kaufen\/\" \/>\n<meta property=\"og:site_name\" content=\"RC Kopen\" \/>\n<meta property=\"article:modified_time\" content=\"2025-02-04T05:37:00+00:00\" \/>\n<meta property=\"og:image\" content=\"https:\/\/rckopen.com\/wp-content\/uploads\/2023\/08\/NB-5-MeO-DALT-oxalate.jpg\" \/>\n\t<meta property=\"og:image:width\" content=\"600\" \/>\n\t<meta property=\"og:image:height\" content=\"600\" \/>\n\t<meta property=\"og:image:type\" content=\"image\/jpeg\" \/>\n<meta name=\"twitter:card\" content=\"summary_large_image\" \/>\n<meta name=\"twitter:label1\" content=\"Gesch\u00e4tzte Lesezeit\" \/>\n\t<meta name=\"twitter:data1\" content=\"3\u00a0Minuten\" \/>\n<script type=\"application\/ld+json\" class=\"yoast-schema-graph\">{\"@context\":\"https:\/\/schema.org\",\"@graph\":[{\"@type\":\"WebPage\",\"@id\":\"https:\/\/rckopen.com\/product\/koop-nb-5-meo-dalt-oxalaat\/\",\"url\":\"https:\/\/rckopen.com\/product\/koop-nb-5-meo-dalt-oxalaat\/\",\"name\":\"NB 5 Meo Dalt Oxalaat online kopen - NB 5 Meo Dalt for Sale\",\"isPartOf\":{\"@id\":\"https:\/\/rckopen.com\/#website\"},\"primaryImageOfPage\":{\"@id\":\"https:\/\/rckopen.com\/product\/koop-nb-5-meo-dalt-oxalaat\/#primaryimage\"},\"image\":{\"@id\":\"https:\/\/rckopen.com\/product\/koop-nb-5-meo-dalt-oxalaat\/#primaryimage\"},\"thumbnailUrl\":\"https:\/\/rckopen.com\/wp-content\/uploads\/2023\/08\/NB-5-MeO-DALT-oxalate.jpg\",\"datePublished\":\"2023-08-18T05:33:37+00:00\",\"dateModified\":\"2025-02-04T05:37:00+00:00\",\"description\":\"Aan uw vereiste om NB 5 Meo Dalt Oxalaat te kopen, kunt u voldoen in onze online RC Koop-winkel, aangezien we hier NB 5 Meo Dalt te koop hebben. Plaats uw bestelling en ontvang elke dag betaalbare aanbiedingen.\",\"breadcrumb\":{\"@id\":\"https:\/\/rckopen.com\/product\/koop-nb-5-meo-dalt-oxalaat\/#breadcrumb\"},\"inLanguage\":\"de-CH\",\"potentialAction\":[{\"@type\":\"ReadAction\",\"target\":[\"https:\/\/rckopen.com\/product\/koop-nb-5-meo-dalt-oxalaat\/\"]}]},{\"@type\":\"ImageObject\",\"inLanguage\":\"de-CH\",\"@id\":\"https:\/\/rckopen.com\/product\/koop-nb-5-meo-dalt-oxalaat\/#primaryimage\",\"url\":\"https:\/\/rckopen.com\/wp-content\/uploads\/2023\/08\/NB-5-MeO-DALT-oxalate.jpg\",\"contentUrl\":\"https:\/\/rckopen.com\/wp-content\/uploads\/2023\/08\/NB-5-MeO-DALT-oxalate.jpg\",\"width\":600,\"height\":600,\"caption\":\"NB-5-MeO-DALT-(oxalate) online kopen\"},{\"@type\":\"BreadcrumbList\",\"@id\":\"https:\/\/rckopen.com\/product\/koop-nb-5-meo-dalt-oxalaat\/#breadcrumb\",\"itemListElement\":[{\"@type\":\"ListItem\",\"position\":1,\"name\":\"Home\",\"item\":\"https:\/\/rckopen.com\/\"},{\"@type\":\"ListItem\",\"position\":2,\"name\":\"Shop\",\"item\":\"https:\/\/rckopen.com\/shop\/\"},{\"@type\":\"ListItem\",\"position\":3,\"name\":\"NB-5-MeO-DALT (oxalate) online kopen\"}]},{\"@type\":\"WebSite\",\"@id\":\"https:\/\/rckopen.com\/#website\",\"url\":\"https:\/\/rckopen.com\/\",\"name\":\"RC Kopen\",\"description\":\"Research Chemicals\",\"potentialAction\":[{\"@type\":\"SearchAction\",\"target\":{\"@type\":\"EntryPoint\",\"urlTemplate\":\"https:\/\/rckopen.com\/?s={search_term_string}\"},\"query-input\":{\"@type\":\"PropertyValueSpecification\",\"valueRequired\":true,\"valueName\":\"search_term_string\"}}],\"inLanguage\":\"de-CH\"}]}<\/script>\n<!-- \/ Yoast SEO plugin. -->","yoast_head_json":{"title":"NB 5 Meo Dalt Oxalaat online kopen - NB 5 Meo Dalt for Sale","description":"Aan uw vereiste om NB 5 Meo Dalt Oxalaat te kopen, kunt u voldoen in onze online RC Koop-winkel, aangezien we hier NB 5 Meo Dalt te koop hebben. Plaats uw bestelling en ontvang elke dag betaalbare aanbiedingen.","robots":{"index":"index","follow":"follow","max-snippet":"max-snippet:-1","max-image-preview":"max-image-preview:large","max-video-preview":"max-video-preview:-1"},"canonical":"https:\/\/rckopen.com\/de\/produkt\/nb-5-meo-dalt-oxalat-kaufen\/","og_locale":"de_DE","og_type":"article","og_title":"NB 5 Meo Dalt Oxalaat online kopen - NB 5 Meo Dalt for Sale","og_description":"Aan uw vereiste om NB 5 Meo Dalt Oxalaat te kopen, kunt u voldoen in onze online RC Koop-winkel, aangezien we hier NB 5 Meo Dalt te koop hebben. Plaats uw bestelling en ontvang elke dag betaalbare aanbiedingen.","og_url":"https:\/\/rckopen.com\/de\/produkt\/nb-5-meo-dalt-oxalat-kaufen\/","og_site_name":"RC Kopen","article_modified_time":"2025-02-04T05:37:00+00:00","og_image":[{"width":600,"height":600,"url":"https:\/\/rckopen.com\/wp-content\/uploads\/2023\/08\/NB-5-MeO-DALT-oxalate.jpg","type":"image\/jpeg"}],"twitter_card":"summary_large_image","twitter_misc":{"Gesch\u00e4tzte Lesezeit":"3\u00a0Minuten"},"schema":{"@context":"https:\/\/schema.org","@graph":[{"@type":"WebPage","@id":"https:\/\/rckopen.com\/product\/koop-nb-5-meo-dalt-oxalaat\/","url":"https:\/\/rckopen.com\/product\/koop-nb-5-meo-dalt-oxalaat\/","name":"NB 5 Meo Dalt Oxalaat online kopen - NB 5 Meo Dalt for Sale","isPartOf":{"@id":"https:\/\/rckopen.com\/#website"},"primaryImageOfPage":{"@id":"https:\/\/rckopen.com\/product\/koop-nb-5-meo-dalt-oxalaat\/#primaryimage"},"image":{"@id":"https:\/\/rckopen.com\/product\/koop-nb-5-meo-dalt-oxalaat\/#primaryimage"},"thumbnailUrl":"https:\/\/rckopen.com\/wp-content\/uploads\/2023\/08\/NB-5-MeO-DALT-oxalate.jpg","datePublished":"2023-08-18T05:33:37+00:00","dateModified":"2025-02-04T05:37:00+00:00","description":"Aan uw vereiste om NB 5 Meo Dalt Oxalaat te kopen, kunt u voldoen in onze online RC Koop-winkel, aangezien we hier NB 5 Meo Dalt te koop hebben. Plaats uw bestelling en ontvang elke dag betaalbare aanbiedingen.","breadcrumb":{"@id":"https:\/\/rckopen.com\/product\/koop-nb-5-meo-dalt-oxalaat\/#breadcrumb"},"inLanguage":"de-CH","potentialAction":[{"@type":"ReadAction","target":["https:\/\/rckopen.com\/product\/koop-nb-5-meo-dalt-oxalaat\/"]}]},{"@type":"ImageObject","inLanguage":"de-CH","@id":"https:\/\/rckopen.com\/product\/koop-nb-5-meo-dalt-oxalaat\/#primaryimage","url":"https:\/\/rckopen.com\/wp-content\/uploads\/2023\/08\/NB-5-MeO-DALT-oxalate.jpg","contentUrl":"https:\/\/rckopen.com\/wp-content\/uploads\/2023\/08\/NB-5-MeO-DALT-oxalate.jpg","width":600,"height":600,"caption":"NB-5-MeO-DALT-(oxalate) online kopen"},{"@type":"BreadcrumbList","@id":"https:\/\/rckopen.com\/product\/koop-nb-5-meo-dalt-oxalaat\/#breadcrumb","itemListElement":[{"@type":"ListItem","position":1,"name":"Home","item":"https:\/\/rckopen.com\/"},{"@type":"ListItem","position":2,"name":"Shop","item":"https:\/\/rckopen.com\/shop\/"},{"@type":"ListItem","position":3,"name":"NB-5-MeO-DALT (oxalate) online kopen"}]},{"@type":"WebSite","@id":"https:\/\/rckopen.com\/#website","url":"https:\/\/rckopen.com\/","name":"RC Kopen","description":"Research Chemicals","potentialAction":[{"@type":"SearchAction","target":{"@type":"EntryPoint","urlTemplate":"https:\/\/rckopen.com\/?s={search_term_string}"},"query-input":{"@type":"PropertyValueSpecification","valueRequired":true,"valueName":"search_term_string"}}],"inLanguage":"de-CH"}]}},"_links":{"self":[{"href":"https:\/\/rckopen.com\/de\/wp-json\/wp\/v2\/product\/6690","targetHints":{"allow":["GET"]}}],"collection":[{"href":"https:\/\/rckopen.com\/de\/wp-json\/wp\/v2\/product"}],"about":[{"href":"https:\/\/rckopen.com\/de\/wp-json\/wp\/v2\/types\/product"}],"replies":[{"embeddable":true,"href":"https:\/\/rckopen.com\/de\/wp-json\/wp\/v2\/comments?post=6690"}],"wp:featuredmedia":[{"embeddable":true,"href":"https:\/\/rckopen.com\/de\/wp-json\/wp\/v2\/media\/6891"}],"wp:attachment":[{"href":"https:\/\/rckopen.com\/de\/wp-json\/wp\/v2\/media?parent=6690"}],"wp:term":[{"taxonomy":"product_brand","embeddable":true,"href":"https:\/\/rckopen.com\/de\/wp-json\/wp\/v2\/product_brand?post=6690"},{"taxonomy":"product_cat","embeddable":true,"href":"https:\/\/rckopen.com\/de\/wp-json\/wp\/v2\/product_cat?post=6690"},{"taxonomy":"product_tag","embeddable":true,"href":"https:\/\/rckopen.com\/de\/wp-json\/wp\/v2\/product_tag?post=6690"}],"curies":[{"name":"wp","href":"https:\/\/api.w.org\/{rel}","templated":true}]}}