{"id":6692,"date":"2023-08-17T10:28:13","date_gmt":"2023-08-17T10:28:13","guid":{"rendered":"https:\/\/diligentplug.com\/chems\/?post_type=product&#038;p=6692"},"modified":"2025-01-31T09:51:38","modified_gmt":"2025-01-31T09:51:38","slug":"5-bromo-dmt-fumarate","status":"publish","type":"product","link":"https:\/\/rckopen.com\/de\/produkt\/5-brom-dmt-fumarat\/","title":{"rendered":"5-Brom-DMT-FUMARATE online kaufen"},"content":{"rendered":"<h2>Ontgrendel nieuwe ervaringen met 5-CL-DMT online kopen.FUMARATE: uw toegangspoort tot verkenning<\/h2>\n<p>Sind Sie bereit, sich auf eine au\u00dfergew\u00f6hnliche Entdeckungs- und Erkundungsreise zu begeben? Suchen Sie nicht weiter als rckopen.com! Wir sind Ihr erstes Ziel f\u00fcr <a href=\"https:\/\/rckopen.com\/de\/produkt\/5-brom-dmt-fumarat\/\">5-CL-DMT FUMARATE<\/a> auf Bestellung, eine Komposition, die neue Erfahrungs- und Erkenntnisbereiche zu er\u00f6ffnen verspricht.<\/p>\n<h3>Wo kann man 5-CL-DMT .FUMARATE kaufen: Ihre vertrauensw\u00fcrdige Quelle<\/h3>\n<p>Es kann schwierig sein, eine zuverl\u00e4ssige Quelle f\u00fcr den Kauf von 5-CL-DMT .FUMARATE zu finden, aber rckopen.com macht es einfach. Als vertrauensw\u00fcrdiger Lieferant von Forschungschemikalien sind wir stolz darauf, unseren Kunden nur Verbindungen h\u00f6chster Qualit\u00e4t anzubieten. Wenn Sie bei uns kaufen, k\u00f6nnen Sie sicher sein, dass Sie ein Produkt erhalten, das den strengsten Standards hinsichtlich Reinheit und Wirksamkeit entspricht.<\/p>\n<p>Erleben Sie den Unterschied: Bestellen Sie noch heute <a href=\"https:\/\/en.wikipedia.org\/wiki\/5-Bromo-DMT\">5-CL-DMT .FUMARAT<\/a><br \/>\nSind Sie bereit, den Sprung zu wagen und die Tiefen Ihres Bewusstseins mit 5-CL-DMT .FUMARATE zu erkunden? Die Bestellung bei rckopen.com ist schnell, einfach und sicher. St\u00f6bern Sie in unserem Sortiment, legen Sie die gew\u00fcnschten Produkte in Ihren Warenkorb und gehen Sie zur Kasse. Mit diskreter Verpackung und schneller Lieferung kann Ihre Reise zum legalen Kauf von 5-CL-DMT .FUMARATE schneller beginnen, als Sie denken.<\/p>\n<h3>5-CL-DMT .FUMARATE kaufen legal und sicher<\/h3>\n<p>Besorgt \u00fcber die Rechtm\u00e4\u00dfigkeit des Kaufs von 5-CL-DMT .FUMARATE? Sie k\u00f6nnen sicher sein, dass, wenn Sie <a href=\"https:\/\/rckopen.com\/de\/\">RCKOopen.com<\/a> Wenn Sie einen Kauf t\u00e4tigen, handeln Sie auf legale und verantwortungsvolle Weise. Wir halten uns strikt an alle relevanten Vorschriften und Richtlinien und stellen sicher, dass Ihr Kauf sowohl sicher als auch legal ist.<\/p>\n<h3>Erschlie\u00dfen Sie grenzenlose M\u00f6glichkeiten: Entdecken Sie unseren 5-CL-DMT .FUMARATE Store<\/h3>\n<p>Sind Sie bereit, Ihr n\u00e4chstes Abenteuer zu beginnen? Besuchen Sie noch heute unseren 5-CL-DMT .FUMARATE Shop und entdecken Sie eine Welt voller M\u00f6glichkeiten. Ob Sie Ihr Bewusstsein erweitern, Ihre Kreativit\u00e4t steigern oder einfach das Leben aus einer neuen Perspektive erleben wollen, rckopen.com hat alles, was Sie daf\u00fcr brauchen.<\/p>\n<h3>5-CL-DMT online.FUMARATE kaufen in Gro\u00dfbritannien und im Ausland<\/h3>\n<p>Mit Sitz in Gro\u00dfbritannien, ist rckopen.com Ihre bevorzugte Quelle, um 5-CL-DMT .FUMARATE in Gro\u00dfbritannien zu kaufen. Mit schnellem Versand und wettbewerbsf\u00e4higen Preisen machen wir es den Einwohnern Gro\u00dfbritanniens leicht, an diese bemerkenswerte Substanz zu gelangen. Aber unsere Reichweite reicht weit \u00fcber die Grenzen Gro\u00dfbritanniens hinaus - wir sind stolz darauf, Kunden aus der ganzen Welt zu bedienen und 5-CL-DMT .FUMARATE an Enthusiasten \u00fcberall zu liefern.<\/p>\n<h3>Kein Rezept erforderlich: Kaufen Sie problemlos 5-CL-DMT .FUMARATE<\/h3>\n<p>Verabschieden Sie sich von der l\u00e4stigen Beschaffung eines Rezepts: Bei rckopen.com k\u00f6nnen Sie 5-CL-DMT .FUMARATE ohne unn\u00f6tige B\u00fcrokratie kaufen. Der Zugang zu transformativen Substanzen sollte einfach und unkompliziert sein. Aus diesem Grund haben wir den Kaufprozess f\u00fcr Sie vereinfacht.<\/p>\n<h3>Ihre Reise beginnt hier: Entdecken Sie 5-CL-DMT .FUMARATE mit rckopen.com<\/h3>\n<p>Sind Sie bereit, neue Dimensionen des Bewusstseins und der Erfahrung zu erschlie\u00dfen? Warten Sie nicht l\u00e4nger - besuchen Sie rckopen.com noch heute und beginnen Sie Ihre Reise mit 5-CL-DMT .FUMARATE zum Verkauf. Mit unserem Engagement f\u00fcr Qualit\u00e4t, Sicherheit und Kundenzufriedenheit sind wir Ihr zuverl\u00e4ssiger Partner bei der Erforschung und Entdeckung.<\/p>","protected":false},"excerpt":{"rendered":"<p><strong>IUPAC-Name: <\/strong>2-(5-Bromo-1H-indol-3-yl)-N,N-dimethylethan-1-amine<\/p>\n<p><strong>CAS # <\/strong>17274-65-6<\/p>\n<p><strong>Anderer Name: <\/strong>5-Brom-N,N-dimethyltryptamin<\/p>\n<p><strong>Form: <\/strong>Pulver<\/p>\n<p><strong>NMR-Analyse: <\/strong>C12H15BrN2<\/p>\n<p><strong>IUPAC-Name: <\/strong>2-(5-Bromo-1H-indol-3-yl)-N,N-dimethylethan-1-amine<\/p>\n<p><strong>CAS # <\/strong>17274-65-6<\/p>\n<p><strong>Anderer Name: <\/strong>5-Brom-N,N-dimethyltryptamin<\/p>\n<p><strong>Form: <\/strong>Pulver<\/p>\n<p><strong>NMR-Analyse: <\/strong>C12H15BrN2<\/p>","protected":false},"featured_media":6857,"comment_status":"open","ping_status":"closed","template":"","meta":{"_joinchat":[]},"product_brand":[],"product_cat":[149],"product_tag":[],"class_list":{"0":"post-6692","1":"product","2":"type-product","3":"status-publish","4":"has-post-thumbnail","6":"product_cat-tryptaminen","8":"first","9":"instock","10":"shipping-taxable","11":"purchasable","12":"product-type-variable"},"yoast_head":"<!-- This site is optimized with the Yoast SEO plugin v26.3 - https:\/\/yoast.com\/wordpress\/plugins\/seo\/ -->\n<title>5-Bromo-DMT-Fumarate online kopen - 5-Bromo-DMT te koop<\/title>\n<meta name=\"description\" content=\"Onze winkel heeft de topkwaliteit 5-Bromo-DMT-Fumaraat te koop. U kunt nooit om de kwaliteit van onze producten heen. Als u dat nodig heeft, kunt u 5-Bromo-DMT-Fumaraat meteen online kopen. Bestel nu!\" \/>\n<meta name=\"robots\" content=\"index, follow, max-snippet:-1, max-image-preview:large, max-video-preview:-1\" \/>\n<link rel=\"canonical\" href=\"https:\/\/rckopen.com\/de\/produkt\/5-brom-dmt-fumarat\/\" \/>\n<meta property=\"og:locale\" content=\"de_DE\" \/>\n<meta property=\"og:type\" content=\"article\" \/>\n<meta property=\"og:title\" content=\"5-Bromo-DMT-Fumarate online kopen - 5-Bromo-DMT te koop\" \/>\n<meta property=\"og:description\" content=\"Onze winkel heeft de topkwaliteit 5-Bromo-DMT-Fumaraat te koop. U kunt nooit om de kwaliteit van onze producten heen. Als u dat nodig heeft, kunt u 5-Bromo-DMT-Fumaraat meteen online kopen. Bestel nu!\" \/>\n<meta property=\"og:url\" content=\"https:\/\/rckopen.com\/de\/produkt\/5-brom-dmt-fumarat\/\" \/>\n<meta property=\"og:site_name\" content=\"RC Kopen\" \/>\n<meta property=\"article:modified_time\" content=\"2025-01-31T09:51:38+00:00\" \/>\n<meta property=\"og:image\" content=\"https:\/\/rckopen.com\/wp-content\/uploads\/2023\/08\/5-Bromo-DMT-.FUMARATE.jpg\" \/>\n\t<meta property=\"og:image:width\" content=\"600\" \/>\n\t<meta property=\"og:image:height\" content=\"600\" \/>\n\t<meta property=\"og:image:type\" content=\"image\/jpeg\" \/>\n<meta name=\"twitter:card\" content=\"summary_large_image\" \/>\n<meta name=\"twitter:label1\" content=\"Gesch\u00e4tzte Lesezeit\" \/>\n\t<meta name=\"twitter:data1\" content=\"3\u00a0Minuten\" \/>\n<script type=\"application\/ld+json\" class=\"yoast-schema-graph\">{\"@context\":\"https:\/\/schema.org\",\"@graph\":[{\"@type\":\"WebPage\",\"@id\":\"https:\/\/rckopen.com\/product\/5-bromo-dmt-fumarate\/\",\"url\":\"https:\/\/rckopen.com\/product\/5-bromo-dmt-fumarate\/\",\"name\":\"5-Bromo-DMT-Fumarate online kopen - 5-Bromo-DMT te koop\",\"isPartOf\":{\"@id\":\"https:\/\/rckopen.com\/#website\"},\"primaryImageOfPage\":{\"@id\":\"https:\/\/rckopen.com\/product\/5-bromo-dmt-fumarate\/#primaryimage\"},\"image\":{\"@id\":\"https:\/\/rckopen.com\/product\/5-bromo-dmt-fumarate\/#primaryimage\"},\"thumbnailUrl\":\"https:\/\/rckopen.com\/wp-content\/uploads\/2023\/08\/5-Bromo-DMT-.FUMARATE.jpg\",\"datePublished\":\"2023-08-17T10:28:13+00:00\",\"dateModified\":\"2025-01-31T09:51:38+00:00\",\"description\":\"Onze winkel heeft de topkwaliteit 5-Bromo-DMT-Fumaraat te koop. U kunt nooit om de kwaliteit van onze producten heen. Als u dat nodig heeft, kunt u 5-Bromo-DMT-Fumaraat meteen online kopen. Bestel nu!\",\"breadcrumb\":{\"@id\":\"https:\/\/rckopen.com\/product\/5-bromo-dmt-fumarate\/#breadcrumb\"},\"inLanguage\":\"de-CH\",\"potentialAction\":[{\"@type\":\"ReadAction\",\"target\":[\"https:\/\/rckopen.com\/product\/5-bromo-dmt-fumarate\/\"]}]},{\"@type\":\"ImageObject\",\"inLanguage\":\"de-CH\",\"@id\":\"https:\/\/rckopen.com\/product\/5-bromo-dmt-fumarate\/#primaryimage\",\"url\":\"https:\/\/rckopen.com\/wp-content\/uploads\/2023\/08\/5-Bromo-DMT-.FUMARATE.jpg\",\"contentUrl\":\"https:\/\/rckopen.com\/wp-content\/uploads\/2023\/08\/5-Bromo-DMT-.FUMARATE.jpg\",\"width\":600,\"height\":600,\"caption\":\"5-Bromo-DMT-.FUMARATE online kopen\"},{\"@type\":\"BreadcrumbList\",\"@id\":\"https:\/\/rckopen.com\/product\/5-bromo-dmt-fumarate\/#breadcrumb\",\"itemListElement\":[{\"@type\":\"ListItem\",\"position\":1,\"name\":\"Home\",\"item\":\"https:\/\/rckopen.com\/\"},{\"@type\":\"ListItem\",\"position\":2,\"name\":\"Shop\",\"item\":\"https:\/\/rckopen.com\/shop\/\"},{\"@type\":\"ListItem\",\"position\":3,\"name\":\"5-Bromo-DMT FUMARATE online kopen\"}]},{\"@type\":\"WebSite\",\"@id\":\"https:\/\/rckopen.com\/#website\",\"url\":\"https:\/\/rckopen.com\/\",\"name\":\"RC Kopen\",\"description\":\"Research Chemicals\",\"potentialAction\":[{\"@type\":\"SearchAction\",\"target\":{\"@type\":\"EntryPoint\",\"urlTemplate\":\"https:\/\/rckopen.com\/?s={search_term_string}\"},\"query-input\":{\"@type\":\"PropertyValueSpecification\",\"valueRequired\":true,\"valueName\":\"search_term_string\"}}],\"inLanguage\":\"de-CH\"}]}<\/script>\n<!-- \/ Yoast SEO plugin. -->","yoast_head_json":{"title":"5-Bromo-DMT-Fumarate online kopen - 5-Bromo-DMT te koop","description":"Onze winkel heeft de topkwaliteit 5-Bromo-DMT-Fumaraat te koop. U kunt nooit om de kwaliteit van onze producten heen. Als u dat nodig heeft, kunt u 5-Bromo-DMT-Fumaraat meteen online kopen. Bestel nu!","robots":{"index":"index","follow":"follow","max-snippet":"max-snippet:-1","max-image-preview":"max-image-preview:large","max-video-preview":"max-video-preview:-1"},"canonical":"https:\/\/rckopen.com\/de\/produkt\/5-brom-dmt-fumarat\/","og_locale":"de_DE","og_type":"article","og_title":"5-Bromo-DMT-Fumarate online kopen - 5-Bromo-DMT te koop","og_description":"Onze winkel heeft de topkwaliteit 5-Bromo-DMT-Fumaraat te koop. U kunt nooit om de kwaliteit van onze producten heen. Als u dat nodig heeft, kunt u 5-Bromo-DMT-Fumaraat meteen online kopen. Bestel nu!","og_url":"https:\/\/rckopen.com\/de\/produkt\/5-brom-dmt-fumarat\/","og_site_name":"RC Kopen","article_modified_time":"2025-01-31T09:51:38+00:00","og_image":[{"width":600,"height":600,"url":"https:\/\/rckopen.com\/wp-content\/uploads\/2023\/08\/5-Bromo-DMT-.FUMARATE.jpg","type":"image\/jpeg"}],"twitter_card":"summary_large_image","twitter_misc":{"Gesch\u00e4tzte Lesezeit":"3\u00a0Minuten"},"schema":{"@context":"https:\/\/schema.org","@graph":[{"@type":"WebPage","@id":"https:\/\/rckopen.com\/product\/5-bromo-dmt-fumarate\/","url":"https:\/\/rckopen.com\/product\/5-bromo-dmt-fumarate\/","name":"5-Bromo-DMT-Fumarate online kopen - 5-Bromo-DMT te koop","isPartOf":{"@id":"https:\/\/rckopen.com\/#website"},"primaryImageOfPage":{"@id":"https:\/\/rckopen.com\/product\/5-bromo-dmt-fumarate\/#primaryimage"},"image":{"@id":"https:\/\/rckopen.com\/product\/5-bromo-dmt-fumarate\/#primaryimage"},"thumbnailUrl":"https:\/\/rckopen.com\/wp-content\/uploads\/2023\/08\/5-Bromo-DMT-.FUMARATE.jpg","datePublished":"2023-08-17T10:28:13+00:00","dateModified":"2025-01-31T09:51:38+00:00","description":"Onze winkel heeft de topkwaliteit 5-Bromo-DMT-Fumaraat te koop. U kunt nooit om de kwaliteit van onze producten heen. Als u dat nodig heeft, kunt u 5-Bromo-DMT-Fumaraat meteen online kopen. Bestel nu!","breadcrumb":{"@id":"https:\/\/rckopen.com\/product\/5-bromo-dmt-fumarate\/#breadcrumb"},"inLanguage":"de-CH","potentialAction":[{"@type":"ReadAction","target":["https:\/\/rckopen.com\/product\/5-bromo-dmt-fumarate\/"]}]},{"@type":"ImageObject","inLanguage":"de-CH","@id":"https:\/\/rckopen.com\/product\/5-bromo-dmt-fumarate\/#primaryimage","url":"https:\/\/rckopen.com\/wp-content\/uploads\/2023\/08\/5-Bromo-DMT-.FUMARATE.jpg","contentUrl":"https:\/\/rckopen.com\/wp-content\/uploads\/2023\/08\/5-Bromo-DMT-.FUMARATE.jpg","width":600,"height":600,"caption":"5-Bromo-DMT-.FUMARATE online kopen"},{"@type":"BreadcrumbList","@id":"https:\/\/rckopen.com\/product\/5-bromo-dmt-fumarate\/#breadcrumb","itemListElement":[{"@type":"ListItem","position":1,"name":"Home","item":"https:\/\/rckopen.com\/"},{"@type":"ListItem","position":2,"name":"Shop","item":"https:\/\/rckopen.com\/shop\/"},{"@type":"ListItem","position":3,"name":"5-Bromo-DMT FUMARATE online kopen"}]},{"@type":"WebSite","@id":"https:\/\/rckopen.com\/#website","url":"https:\/\/rckopen.com\/","name":"RC Kopen","description":"Research Chemicals","potentialAction":[{"@type":"SearchAction","target":{"@type":"EntryPoint","urlTemplate":"https:\/\/rckopen.com\/?s={search_term_string}"},"query-input":{"@type":"PropertyValueSpecification","valueRequired":true,"valueName":"search_term_string"}}],"inLanguage":"de-CH"}]}},"_links":{"self":[{"href":"https:\/\/rckopen.com\/de\/wp-json\/wp\/v2\/product\/6692","targetHints":{"allow":["GET"]}}],"collection":[{"href":"https:\/\/rckopen.com\/de\/wp-json\/wp\/v2\/product"}],"about":[{"href":"https:\/\/rckopen.com\/de\/wp-json\/wp\/v2\/types\/product"}],"replies":[{"embeddable":true,"href":"https:\/\/rckopen.com\/de\/wp-json\/wp\/v2\/comments?post=6692"}],"wp:featuredmedia":[{"embeddable":true,"href":"https:\/\/rckopen.com\/de\/wp-json\/wp\/v2\/media\/6857"}],"wp:attachment":[{"href":"https:\/\/rckopen.com\/de\/wp-json\/wp\/v2\/media?parent=6692"}],"wp:term":[{"taxonomy":"product_brand","embeddable":true,"href":"https:\/\/rckopen.com\/de\/wp-json\/wp\/v2\/product_brand?post=6692"},{"taxonomy":"product_cat","embeddable":true,"href":"https:\/\/rckopen.com\/de\/wp-json\/wp\/v2\/product_cat?post=6692"},{"taxonomy":"product_tag","embeddable":true,"href":"https:\/\/rckopen.com\/de\/wp-json\/wp\/v2\/product_tag?post=6692"}],"curies":[{"name":"wp","href":"https:\/\/api.w.org\/{rel}","templated":true}]}}