{"id":6693,"date":"2023-08-17T10:29:58","date_gmt":"2023-08-17T10:29:58","guid":{"rendered":"https:\/\/diligentplug.com\/chems\/?post_type=product&#038;p=6693"},"modified":"2025-01-31T09:54:47","modified_gmt":"2025-01-31T09:54:47","slug":"5-cl-dmt-fumarate","status":"publish","type":"product","link":"https:\/\/rckopen.com\/de\/produkt\/5-cl-dmt-fumarate\/","title":{"rendered":"5-CL-DMT .FUMARATE online kaufen"},"content":{"rendered":"<h2>Erschlie\u00dfen Sie neue Erfahrungen mit 5-CL-DMT .FUMARATE: Ihr Tor zur Entdeckung<\/h2>\n<p>Sind Sie bereit, sich auf eine au\u00dfergew\u00f6hnliche Entdeckungs- und Erkundungsreise zu begeben? Suchen Sie nicht weiter als rckopen.com! Wir sind Ihr erstes Ziel f\u00fcr <a href=\"https:\/\/rckopen.com\/de\/produkt\/5-cl-dmt-fumarate\/\">5-CL-DMT .FUMARAT<\/a> auf Bestellung, eine Komposition, die neue Erfahrungs- und Erkenntnisbereiche zu er\u00f6ffnen verspricht.<\/p>\n<h3>Wo kann man 5-CL-DMT online kaufen? .FUMARATE: Ihre vertrauensw\u00fcrdige Quelle<\/h3>\n<p>Es kann schwierig sein, online eine zuverl\u00e4ssige Quelle f\u00fcr den Kauf von 5-CL-DMT .FUMARATE zu finden, aber rckopen.com macht es einfach. Als vertrauensw\u00fcrdiger Lieferant von Forschungschemikalien sind wir stolz darauf, unseren Kunden nur Verbindungen h\u00f6chster Qualit\u00e4t anzubieten. Wenn Sie bei uns kaufen, k\u00f6nnen Sie sicher sein, dass Sie ein Produkt erhalten, das den strengsten Standards hinsichtlich Reinheit und Wirksamkeit entspricht.<\/p>\n<h3>Erleben Sie den Unterschied: Bestellen Sie noch heute 5-CL-DMT .FUMARATE<\/h3>\n<p>Sind Sie bereit, den Sprung zu wagen und die Tiefen Ihres Bewusstseins mit 5-CL-DMT .FUMARATE zu erkunden? Die Bestellung bei rckopen.com ist schnell, einfach und sicher. St\u00f6bern Sie in unserem Sortiment, legen Sie die gew\u00fcnschten Produkte in Ihren Warenkorb und gehen Sie zur Kasse. Mit diskreter Verpackung und schneller Lieferung kann Ihre Reise zum legalen Kauf von 5-CL-DMT .FUMARATE schneller beginnen, als Sie denken.<\/p>\n<h3>5-CL-DMT .FUMARATE kaufen legal und sicher online<\/h3>\n<p>Sind Sie besorgt \u00fcber die Legalit\u00e4t des Kaufs von 5-CL-DMT .FUMARATE? Wenn Sie bei rckopen.com kaufen, k\u00f6nnen Sie sicher sein, dass Sie dies legal und verantwortungsvoll tun. Wir halten uns strikt an alle relevanten Vorschriften und Richtlinien und sorgen daf\u00fcr, dass Ihr Kauf sicher und legitim ist.<\/p>\n<h3>Erschlie\u00dfen Sie grenzenlose M\u00f6glichkeiten: Entdecken Sie unseren 5-CL-DMT .FUMARATE Store<\/h3>\n<p>Sind Sie bereit, Ihr n\u00e4chstes Abenteuer zu beginnen? Besuchen Sie noch heute unseren 5-CL-DMT .FUMARATE Shop und entdecken Sie eine Welt voller M\u00f6glichkeiten. Ob Sie Ihr Bewusstsein erweitern, Ihre Kreativit\u00e4t steigern oder einfach das Leben aus einer neuen Perspektive erleben wollen, rckopen.com hat alles, was Sie daf\u00fcr brauchen.<\/p>\n<h3>5-CL-DMT .FUMARATE online kaufen in Gro\u00dfbritannien und im Ausland<\/h3>\n<p>Befindet es sich in Gro\u00dfbritannien? rckopen.com ist Ihre bevorzugte Quelle f\u00fcr <a href=\"https:\/\/en.wikipedia.org\/wiki\/5-Bromo-DMT\">5-CL-DMT .FUMARAT<\/a> im Vereinigten K\u00f6nigreich erh\u00e4ltlich. Mit schnellem Versand und wettbewerbsf\u00e4higen Preisen erleichtern wir Einwohnern des Vereinigten K\u00f6nigreichs den Zugang zu diesem bemerkenswerten Komplex. Doch unser Einflussbereich reicht weit \u00fcber die Grenzen des Vereinigten K\u00f6nigreichs hinaus \u2013 wir sind stolz darauf, Kunden aus aller Welt zu bedienen und Enthusiasten \u00fcberall auf der Welt mit 5-CL-DMT-FUMARATE zu versorgen.<\/p>\n<h3>Kein Rezept erforderlich: Kaufen Sie problemlos 5-CL-DMT .FUMARATE<\/h3>\n<p>Verabschieden Sie sich von der l\u00e4stigen Beschaffung eines Rezepts: Bei rckopen.com k\u00f6nnen Sie 5-CL-DMT .FUMARATE ohne unn\u00f6tige B\u00fcrokratie kaufen. Der Zugang zu transformativen Substanzen sollte einfach und unkompliziert sein. Aus diesem Grund haben wir den Kaufprozess f\u00fcr Sie vereinfacht. <a href=\"https:\/\/rckopen.com\/de\/\">RCKOopen.com<\/a><\/p>\n<h3>Ihre Reise beginnt hier: Entdecken Sie 5-CL-DMT .FUMARATE mit rckopen.com<\/h3>\n<p>Sind Sie bereit, neue Dimensionen des Bewusstseins und der Erfahrung zu erschlie\u00dfen? Warten Sie nicht l\u00e4nger - besuchen Sie rckopen.com noch heute und beginnen Sie Ihre Reise mit 5-CL-DMT .FUMARATE zum Verkauf. Mit unserem Engagement f\u00fcr Qualit\u00e4t, Sicherheit und Kundenzufriedenheit sind wir Ihr zuverl\u00e4ssiger Partner bei der Erforschung und Entdeckung.<\/p>\n<p><a style=\"font-size: 1rem;\" href=\"https:\/\/en.wikipedia.org\/wiki\/4-HO-MPT\">.<\/a><\/p>","protected":false},"excerpt":{"rendered":"<p><strong>IUPAC-Name: <\/strong>2-(5-Chlor-1H-indol-3-yl)-N,N-dimethylethan-1-amin Synonyme: 5-CL-N,N-dimethyltryptamin<\/p>\n<p><strong>Form: <\/strong>Pulver<\/p>\n<p><strong>NMR-Analyse: <\/strong>C12H15ClN2<\/p>","protected":false},"featured_media":6858,"comment_status":"open","ping_status":"closed","template":"","meta":{"_joinchat":[]},"product_brand":[],"product_cat":[149],"product_tag":[],"class_list":{"0":"post-6693","1":"product","2":"type-product","3":"status-publish","4":"has-post-thumbnail","6":"product_cat-tryptaminen","8":"first","9":"instock","10":"shipping-taxable","11":"purchasable","12":"product-type-variable"},"yoast_head":"<!-- This site is optimized with the Yoast SEO plugin v26.3 - https:\/\/yoast.com\/wordpress\/plugins\/seo\/ -->\n<title>5CL-DMT-fumaraat online kopen - 5CL-DMT-fumaraat te koop<\/title>\n<meta name=\"description\" content=\"5CL-DMT-fumaraat online kopen? RC Kopen is een toonaangevende winkel waar je 5cl-DMT fumaraat te koop tegen de beste prijs. Bestel 5cl-DMT\" \/>\n<meta name=\"robots\" content=\"index, follow, max-snippet:-1, max-image-preview:large, max-video-preview:-1\" \/>\n<link rel=\"canonical\" href=\"https:\/\/rckopen.com\/de\/produkt\/5-cl-dmt-fumarate\/\" \/>\n<meta property=\"og:locale\" content=\"de_DE\" \/>\n<meta property=\"og:type\" content=\"article\" \/>\n<meta property=\"og:title\" content=\"5CL-DMT-fumaraat online kopen - 5CL-DMT-fumaraat te koop\" \/>\n<meta property=\"og:description\" content=\"5CL-DMT-fumaraat online kopen? RC Kopen is een toonaangevende winkel waar je 5cl-DMT fumaraat te koop tegen de beste prijs. Bestel 5cl-DMT\" \/>\n<meta property=\"og:url\" content=\"https:\/\/rckopen.com\/de\/produkt\/5-cl-dmt-fumarate\/\" \/>\n<meta property=\"og:site_name\" content=\"RC Kopen\" \/>\n<meta property=\"article:modified_time\" content=\"2025-01-31T09:54:47+00:00\" \/>\n<meta property=\"og:image\" content=\"https:\/\/rckopen.com\/wp-content\/uploads\/2023\/08\/5-CL-DMT-.FUMARATE.jpg\" \/>\n\t<meta property=\"og:image:width\" content=\"600\" \/>\n\t<meta property=\"og:image:height\" content=\"600\" \/>\n\t<meta property=\"og:image:type\" content=\"image\/jpeg\" \/>\n<meta name=\"twitter:card\" content=\"summary_large_image\" \/>\n<meta name=\"twitter:label1\" content=\"Gesch\u00e4tzte Lesezeit\" \/>\n\t<meta name=\"twitter:data1\" content=\"3\u00a0Minuten\" \/>\n<script type=\"application\/ld+json\" class=\"yoast-schema-graph\">{\"@context\":\"https:\/\/schema.org\",\"@graph\":[{\"@type\":\"WebPage\",\"@id\":\"https:\/\/rckopen.com\/product\/5-cl-dmt-fumarate\/\",\"url\":\"https:\/\/rckopen.com\/product\/5-cl-dmt-fumarate\/\",\"name\":\"5CL-DMT-fumaraat online kopen - 5CL-DMT-fumaraat te koop\",\"isPartOf\":{\"@id\":\"https:\/\/rckopen.com\/#website\"},\"primaryImageOfPage\":{\"@id\":\"https:\/\/rckopen.com\/product\/5-cl-dmt-fumarate\/#primaryimage\"},\"image\":{\"@id\":\"https:\/\/rckopen.com\/product\/5-cl-dmt-fumarate\/#primaryimage\"},\"thumbnailUrl\":\"https:\/\/rckopen.com\/wp-content\/uploads\/2023\/08\/5-CL-DMT-.FUMARATE.jpg\",\"datePublished\":\"2023-08-17T10:29:58+00:00\",\"dateModified\":\"2025-01-31T09:54:47+00:00\",\"description\":\"5CL-DMT-fumaraat online kopen? RC Kopen is een toonaangevende winkel waar je 5cl-DMT fumaraat te koop tegen de beste prijs. Bestel 5cl-DMT\",\"breadcrumb\":{\"@id\":\"https:\/\/rckopen.com\/product\/5-cl-dmt-fumarate\/#breadcrumb\"},\"inLanguage\":\"de-CH\",\"potentialAction\":[{\"@type\":\"ReadAction\",\"target\":[\"https:\/\/rckopen.com\/product\/5-cl-dmt-fumarate\/\"]}]},{\"@type\":\"ImageObject\",\"inLanguage\":\"de-CH\",\"@id\":\"https:\/\/rckopen.com\/product\/5-cl-dmt-fumarate\/#primaryimage\",\"url\":\"https:\/\/rckopen.com\/wp-content\/uploads\/2023\/08\/5-CL-DMT-.FUMARATE.jpg\",\"contentUrl\":\"https:\/\/rckopen.com\/wp-content\/uploads\/2023\/08\/5-CL-DMT-.FUMARATE.jpg\",\"width\":600,\"height\":600,\"caption\":\"5-CL-DMT-.FUMARATE online kopen\"},{\"@type\":\"BreadcrumbList\",\"@id\":\"https:\/\/rckopen.com\/product\/5-cl-dmt-fumarate\/#breadcrumb\",\"itemListElement\":[{\"@type\":\"ListItem\",\"position\":1,\"name\":\"Home\",\"item\":\"https:\/\/rckopen.com\/\"},{\"@type\":\"ListItem\",\"position\":2,\"name\":\"Shop\",\"item\":\"https:\/\/rckopen.com\/shop\/\"},{\"@type\":\"ListItem\",\"position\":3,\"name\":\"5-CL-DMT .FUMARATE online kopen\"}]},{\"@type\":\"WebSite\",\"@id\":\"https:\/\/rckopen.com\/#website\",\"url\":\"https:\/\/rckopen.com\/\",\"name\":\"RC Kopen\",\"description\":\"Research Chemicals\",\"potentialAction\":[{\"@type\":\"SearchAction\",\"target\":{\"@type\":\"EntryPoint\",\"urlTemplate\":\"https:\/\/rckopen.com\/?s={search_term_string}\"},\"query-input\":{\"@type\":\"PropertyValueSpecification\",\"valueRequired\":true,\"valueName\":\"search_term_string\"}}],\"inLanguage\":\"de-CH\"}]}<\/script>\n<!-- \/ Yoast SEO plugin. -->","yoast_head_json":{"title":"5CL-DMT-fumaraat online kopen - 5CL-DMT-fumaraat te koop","description":"5CL-DMT-fumaraat online kopen? RC Kopen is een toonaangevende winkel waar je 5cl-DMT fumaraat te koop tegen de beste prijs. Bestel 5cl-DMT","robots":{"index":"index","follow":"follow","max-snippet":"max-snippet:-1","max-image-preview":"max-image-preview:large","max-video-preview":"max-video-preview:-1"},"canonical":"https:\/\/rckopen.com\/de\/produkt\/5-cl-dmt-fumarate\/","og_locale":"de_DE","og_type":"article","og_title":"5CL-DMT-fumaraat online kopen - 5CL-DMT-fumaraat te koop","og_description":"5CL-DMT-fumaraat online kopen? RC Kopen is een toonaangevende winkel waar je 5cl-DMT fumaraat te koop tegen de beste prijs. Bestel 5cl-DMT","og_url":"https:\/\/rckopen.com\/de\/produkt\/5-cl-dmt-fumarate\/","og_site_name":"RC Kopen","article_modified_time":"2025-01-31T09:54:47+00:00","og_image":[{"width":600,"height":600,"url":"https:\/\/rckopen.com\/wp-content\/uploads\/2023\/08\/5-CL-DMT-.FUMARATE.jpg","type":"image\/jpeg"}],"twitter_card":"summary_large_image","twitter_misc":{"Gesch\u00e4tzte Lesezeit":"3\u00a0Minuten"},"schema":{"@context":"https:\/\/schema.org","@graph":[{"@type":"WebPage","@id":"https:\/\/rckopen.com\/product\/5-cl-dmt-fumarate\/","url":"https:\/\/rckopen.com\/product\/5-cl-dmt-fumarate\/","name":"5CL-DMT-fumaraat online kopen - 5CL-DMT-fumaraat te koop","isPartOf":{"@id":"https:\/\/rckopen.com\/#website"},"primaryImageOfPage":{"@id":"https:\/\/rckopen.com\/product\/5-cl-dmt-fumarate\/#primaryimage"},"image":{"@id":"https:\/\/rckopen.com\/product\/5-cl-dmt-fumarate\/#primaryimage"},"thumbnailUrl":"https:\/\/rckopen.com\/wp-content\/uploads\/2023\/08\/5-CL-DMT-.FUMARATE.jpg","datePublished":"2023-08-17T10:29:58+00:00","dateModified":"2025-01-31T09:54:47+00:00","description":"5CL-DMT-fumaraat online kopen? RC Kopen is een toonaangevende winkel waar je 5cl-DMT fumaraat te koop tegen de beste prijs. Bestel 5cl-DMT","breadcrumb":{"@id":"https:\/\/rckopen.com\/product\/5-cl-dmt-fumarate\/#breadcrumb"},"inLanguage":"de-CH","potentialAction":[{"@type":"ReadAction","target":["https:\/\/rckopen.com\/product\/5-cl-dmt-fumarate\/"]}]},{"@type":"ImageObject","inLanguage":"de-CH","@id":"https:\/\/rckopen.com\/product\/5-cl-dmt-fumarate\/#primaryimage","url":"https:\/\/rckopen.com\/wp-content\/uploads\/2023\/08\/5-CL-DMT-.FUMARATE.jpg","contentUrl":"https:\/\/rckopen.com\/wp-content\/uploads\/2023\/08\/5-CL-DMT-.FUMARATE.jpg","width":600,"height":600,"caption":"5-CL-DMT-.FUMARATE online kopen"},{"@type":"BreadcrumbList","@id":"https:\/\/rckopen.com\/product\/5-cl-dmt-fumarate\/#breadcrumb","itemListElement":[{"@type":"ListItem","position":1,"name":"Home","item":"https:\/\/rckopen.com\/"},{"@type":"ListItem","position":2,"name":"Shop","item":"https:\/\/rckopen.com\/shop\/"},{"@type":"ListItem","position":3,"name":"5-CL-DMT .FUMARATE online kopen"}]},{"@type":"WebSite","@id":"https:\/\/rckopen.com\/#website","url":"https:\/\/rckopen.com\/","name":"RC Kopen","description":"Research Chemicals","potentialAction":[{"@type":"SearchAction","target":{"@type":"EntryPoint","urlTemplate":"https:\/\/rckopen.com\/?s={search_term_string}"},"query-input":{"@type":"PropertyValueSpecification","valueRequired":true,"valueName":"search_term_string"}}],"inLanguage":"de-CH"}]}},"_links":{"self":[{"href":"https:\/\/rckopen.com\/de\/wp-json\/wp\/v2\/product\/6693","targetHints":{"allow":["GET"]}}],"collection":[{"href":"https:\/\/rckopen.com\/de\/wp-json\/wp\/v2\/product"}],"about":[{"href":"https:\/\/rckopen.com\/de\/wp-json\/wp\/v2\/types\/product"}],"replies":[{"embeddable":true,"href":"https:\/\/rckopen.com\/de\/wp-json\/wp\/v2\/comments?post=6693"}],"wp:featuredmedia":[{"embeddable":true,"href":"https:\/\/rckopen.com\/de\/wp-json\/wp\/v2\/media\/6858"}],"wp:attachment":[{"href":"https:\/\/rckopen.com\/de\/wp-json\/wp\/v2\/media?parent=6693"}],"wp:term":[{"taxonomy":"product_brand","embeddable":true,"href":"https:\/\/rckopen.com\/de\/wp-json\/wp\/v2\/product_brand?post=6693"},{"taxonomy":"product_cat","embeddable":true,"href":"https:\/\/rckopen.com\/de\/wp-json\/wp\/v2\/product_cat?post=6693"},{"taxonomy":"product_tag","embeddable":true,"href":"https:\/\/rckopen.com\/de\/wp-json\/wp\/v2\/product_tag?post=6693"}],"curies":[{"name":"wp","href":"https:\/\/api.w.org\/{rel}","templated":true}]}}