{"id":6698,"date":"2023-08-17T10:38:30","date_gmt":"2023-08-17T10:38:30","guid":{"rendered":"https:\/\/diligentplug.com\/chems\/?post_type=product&#038;p=6698"},"modified":"2025-02-01T08:35:55","modified_gmt":"2025-02-01T08:35:55","slug":"5-meo-dmt-freebase","status":"publish","type":"product","link":"https:\/\/rckopen.com\/de\/produkt\/5-meo-dmt-freebase\/","title":{"rendered":"5-MeO-DMT Freebase online kaufen"},"content":{"rendered":"<h2>rckopen.com bietet Produkte an, die nicht f\u00fcr den menschlichen Verzehr bestimmt sind.<br \/>\n<strong>Allgemeine Informationen zu 5-MeO-DMT freebase Online Kaufen<\/strong><\/h2>\n<p><a href=\"https:\/\/rckopen.com\/de\/produkt\/5-meo-dmt-freebase\/\">5-Meo-DMT<\/a> Freebase ist ein psychedelisches Forschungschemikal aus der Tryptamin-Klasse und vier- bis zehnmal wirksamer als sein bekannterer Cousin DMT (N,N-Dimethyltryptamin).<\/p>\n<p>Es scheint in einer Vielzahl von B\u00e4umen und Str\u00e4uchern aufgesp\u00fcrt zu werden, h\u00e4ufig in der N\u00e4he von DMT und Bufotenin (5-HO-DMT), sowie in einer Froschart. 5-Meo-DMT freebase kann ebenfalls synthetisch hergestellt werden.<\/p>\n<p>In Mittel- und S\u00fcdamerika <a href=\"https:\/\/en.wikipedia.org\/wiki\/5-MeO-DMT\">5-MeO-DMT<\/a> Freebase wird am h\u00e4ufigsten aus Anadenanthera peregrine und Virola theiodora gewonnen \u2013 die beiden werden im Allgemeinen zur Herstellung von psychoaktivem Schnupftabak gesammelt.<\/p>\n<p>Es findet sich auch in dem glatten wei\u00dfen Gift des Sonoran-W\u00fcstenfrosches, der im S\u00fcdwesten der USA und im Nordwesten Mexikos heimisch ist. Die Ernte des Giftes hat die Population dieser von Natur aus empfindlichen Art unter Druck gesetzt. Sie ist jetzt in einigen US-Bundesstaaten als gef\u00e4hrdet oder lokal gef\u00e4hrdet eingestuft. Es wird empfohlen, nach anderen Quellen f\u00fcr 5-MeO DMT zu suchen, z. B. nach synthetischen oder aus Pflanzen gewonnenen Versionen.<\/p>\n<h3><strong>Chemische Zusammensetzung von 5-MeO-DMT freebase<\/strong><\/h3>\n<p>2-(5-Methoxy-1H-indol-3-yl)- N,N-dimethylethanamin (5-Methoxy-N,N-dimethyltryptamin, abgek\u00fcrzt 5-MeO-DMT) ist ein Tryptaminalkaloid, ein s\u00fc\u00dflich riechender Ether und ein terti\u00e4res Amin mit einer subatomaren Masse von 218,298 g\/mol und der chemischen Formel C<sub>13<\/sub>H<sub>18<\/sub>N<sub>2<\/sub>O. Als freie Base ist 5-MeO-DMT ein wei\u00dfer, starker Stoff mit einem Verfl\u00fcssigungspunkt von 69,5 \u00b0C. Seine Wasserl\u00f6slichkeit betr\u00e4gt &gt;32,7 \u03bcg\/ml.<\/p>\n<h3><strong>Pharmakologie 5-MeO-DMT Forschungschemikalie<\/strong><\/h3>\n<p>Wie die anderen Tryptamine hat auch 5-MeO-DMT freebase buy eine \u00e4hnliche Grundstruktur wie DMT, weist aber ein Methoxyb\u00fcndel in der R5-Position auf. Es wirkt grunds\u00e4tzlich als Serotonin (5-HT)-Rezeptor-Agonist, mit einer spezifisch einschr\u00e4nkenden Vorliebe f\u00fcr den 5-HT1A-Rezeptor-Subtyp. Es bindet an 5-HT2A und folgt Aminrezeptoren, wobei es m\u00f6glicherweise halluzinogene Wirkungen \u00fcber letztere vermittelt. Die Wiederaufnahmehemmung von Neurotransmittern, z. B. Noradrenalin und Dopamin, wird zus\u00e4tzlich mit der F\u00e4higkeit von 5-MeO-DMT in Verbindung gebracht.<\/p>\n<h3><strong>Hochwertiges 5-MeO-DMT online kaufen<\/strong><\/h3>\n<p>Rc Kopen verf\u00fcgt \u00fcber langj\u00e4hrige Erfahrung in der Forschungschemikalien-Designbranche, wodurch wir die h\u00f6chste Qualit\u00e4t dieser Forschungschemikalien gew\u00e4hrleisten k\u00f6nnen. Das Forschungschemikalienteam verkauft 5-MeO-DMT-Freebases. Forschungschemikalien, einschlie\u00dflich 5-MeO-DMT-Freebases, erf\u00fcllen alle Sicherheitsanforderungen. Forschungschemikalien werden sorgf\u00e4ltig verteilt und an einem k\u00fchlen, trockenen Ort gelagert.<\/p>\n<p>Alle Produkte werden regelm\u00e4\u00dfig auf Qualit\u00e4t, Reinheit und Sicherheit gepr\u00fcft. Bewahre 5-MeO-DMT freebase immer bei Raumtemperatur und au\u00dferhalb der Reichweite von Kindern und Haustieren auf. Unser 5-MeO-DMT freebase ist nicht f\u00fcr den pers\u00f6nlichen Gebrauch bestimmt. Sie ist nur f\u00fcr Forschungszwecke bestimmt.<\/p>\n<p>Bei der Erforschung dieser Forschungschemikalie darf sie nicht mit Alkohol oder Forschungschemikalien vermischt werden!<\/p>\n<p>Alle unsere Produkte haben einen fairen Preis!<\/p>\n<h3><strong>Im Labor getestete freie 5-MeO-DMT-Base mit Ergebnissen.<\/strong><\/h3>\n<p>Remakes bem\u00fcht sich um die allgemeine Erf\u00fcllung der Kundenw\u00fcnsche. Verschiedene Untersuchungen haben gezeigt, dass die Kunden vor dem Kauf von synthetischen Forschungschemikalien so viele Daten wie erwartet anfordern. Dar\u00fcber hinaus ver\u00f6ffentlichen wir alle Laborergebnisse zu jeder Pr\u00fcfsubstanz in einem PDF-Dokument.<\/p>\n<p>Unsere 5-MeO-DMT-Freebase entspricht konsequent den Wirkstoffen und ist f\u00fcr jedermann ohne weiteres erkennbar.<\/p>\n<p>Wir verteilen alle Laborergebnisse zu jeder Forschungschemikalie auf einem PDF-Dokument.<\/p>\n<h3><strong>Sicher bestellen bei 5-MeO-DMT freebase.<\/strong><\/h3>\n<p>Rc Kopen Designer-Forschungschemikalien sind von ausgezeichneter Qualit\u00e4t und haben einen fairen Preis. Wenn Sie also Ihre <strong>5-MeO-DMT freebase\u00a0<\/strong>Bei Rc Kopen garantieren wir, dass wir Ihre Bestellung schnell und sicher zu Ihnen nach Hause liefern.<\/p>\n<p>Das Anfordern synthetischer Forschungsverbindungen mit Bitcoin oder Bank\u00fcberweisung ist bei Rc Kopen unkompliziert.<\/p>\n<p>Wir versenden 5-MeO-DMT freebase noch am selben Werktag, wenn die Zahlung vor 14:00 Uhr MESZ eingegangen ist. Wir versenden normalerweise nicht am Samstag, Sonntag oder an nationalen\/internationalen Feiertagen<strong>. <a href=\"https:\/\/rckopen.com\/de\/\">RCKOopen.com<\/a><\/strong><\/p>\n<h3><strong>Diskreter Versand von Forschungschemikalien.<\/strong><\/h3>\n<p>Obwohl Designer-Forschungschemikalien online legal erh\u00e4ltlich sind, liefern wir bei Rc Kopen \u00e4u\u00dferst sicher und kosteng\u00fcnstig. Dar\u00fcber hinaus verpacken wir perfekt diskret, sodass von au\u00dfen nichts davon zu sehen ist, was sich darin befinden k\u00f6nnte.<\/p>\n<p>Wir versenden Bestellungen \u00fcber 500 Euro mit Track and Follow, damit Sie Ihr Paket nach und nach verfolgen k\u00f6nnen. Wir versenden Bestellungen \u00fcber 500 Euro mit dem zug\u00e4nglichen Weg.<\/p>\n<p>Wir liefern keine Artikel an Personen unter 18 Jahren!<\/p>\n<h3><strong>Vorsichtsma\u00dfnahmen<\/strong><\/h3>\n<ul>\n<li>Kaufen Sie die 5-MeO-DMT-Forschungschemikalie mit der entsprechenden individuellen Schutzausr\u00fcstung wie Schutzbrille und Handschuhe. Reinigen und pflegen Sie sie angemessen. Befolgen Sie beim Umgang mit Forschungschemikalien sichere Systeme und nehmen Sie keine Abk\u00fcrzungen.<\/li>\n<li>Wenn die Forschungschemikalie mit den Augen in Ber\u00fchrung kommt, sp\u00fclen Sie sie gut aus und entfernen Sie Kontaktlinsen, falls dies notwendig ist.<\/li>\n<li>Versuchen Sie, bei der Verwendung dieser Chemikalien eine Maske zu tragen, damit sie beim Atmen nicht in Ihr Inneres gelangen k\u00f6nnen.<\/li>\n<li>Wie bei den unterst\u00fctzten Methoden angegeben, sind gef\u00e4hrliche Stoffe sicher zu handhaben, zu lagern und zu entsorgen. Sch\u00fctten Sie sie niemals in die Kanalisation oder in Kan\u00e4le.<\/li>\n<li>Lagern Sie Forschungschemikalien entsprechend den Angaben auf ihren Namen. Entflammbare Chemikalien sollten in ausgezeichnetem, trockenem Cannabis gelagert werden, fern von Intensit\u00e4t und Tageslicht. Einige synthetische Stoffe, wie z. B. S\u00e4uren, sollten unabh\u00e4ngig voneinander aufbewahrt werden.<\/li>\n<li>Rc Kopen wird zu Forschungszwecken angeboten; der Verzehr durch Menschen ist strengstens untersagt.<\/li>\n<\/ul>","protected":false},"excerpt":{"rendered":"<p><strong>IUPAC-Name: <\/strong>2-(5-Methoxy-1H-indol-3-yl)-N,N-dimethylethanamin<\/p>\n<p><strong>CAS # <\/strong>1019-45-0<\/p>\n<p><strong>Anderer Name: <\/strong>5-Methoxy-N,N-dimethyltryptamin<\/p>\n<p><strong>Erscheinungsbild: <\/strong>Pulver<\/p>\n<p><strong>Form: <\/strong>freebase<\/p>\n<p><strong>NMR-Analyse: <\/strong>C13H18N2O<\/p>","protected":false},"featured_media":6880,"comment_status":"open","ping_status":"closed","template":"","meta":{"_joinchat":[]},"product_brand":[],"product_cat":[149],"product_tag":[],"class_list":{"0":"post-6698","1":"product","2":"type-product","3":"status-publish","4":"has-post-thumbnail","6":"product_cat-tryptaminen","8":"first","9":"instock","10":"shipping-taxable","11":"purchasable","12":"product-type-variable"},"yoast_head":"<!-- This site is optimized with the Yoast SEO plugin v26.3 - https:\/\/yoast.com\/wordpress\/plugins\/seo\/ -->\n<title>5 Meo Dmt FreeBase online kopen - 5 Meo Dmt FreeBase te koop<\/title>\n<meta name=\"description\" content=\"Als u 5 Meo Dmt FreeBase online kopen, heeft RCkopen een hoogwaardige 5 Meo Dmt FreeBase te koop. Wij helpen u 5 Meo Dmt FreeBase online te kopen tegen goedkope tarieven. Plaats vandaag nog een bestelling!\" \/>\n<meta name=\"robots\" content=\"index, follow, max-snippet:-1, max-image-preview:large, max-video-preview:-1\" \/>\n<link rel=\"canonical\" href=\"https:\/\/rckopen.com\/de\/produkt\/5-meo-dmt-freebase\/\" \/>\n<meta property=\"og:locale\" content=\"de_DE\" \/>\n<meta property=\"og:type\" content=\"article\" \/>\n<meta property=\"og:title\" content=\"5 Meo Dmt FreeBase online kopen - 5 Meo Dmt FreeBase te koop\" \/>\n<meta property=\"og:description\" content=\"Als u 5 Meo Dmt FreeBase online kopen, heeft RCkopen een hoogwaardige 5 Meo Dmt FreeBase te koop. Wij helpen u 5 Meo Dmt FreeBase online te kopen tegen goedkope tarieven. Plaats vandaag nog een bestelling!\" \/>\n<meta property=\"og:url\" content=\"https:\/\/rckopen.com\/de\/produkt\/5-meo-dmt-freebase\/\" \/>\n<meta property=\"og:site_name\" content=\"RC Kopen\" \/>\n<meta property=\"article:modified_time\" content=\"2025-02-01T08:35:55+00:00\" \/>\n<meta property=\"og:image\" content=\"https:\/\/rckopen.com\/wp-content\/uploads\/2023\/08\/5-MeO-DMT-freebase.jpg\" \/>\n\t<meta property=\"og:image:width\" content=\"600\" \/>\n\t<meta property=\"og:image:height\" content=\"600\" \/>\n\t<meta property=\"og:image:type\" content=\"image\/jpeg\" \/>\n<meta name=\"twitter:card\" content=\"summary_large_image\" \/>\n<meta name=\"twitter:label1\" content=\"Gesch\u00e4tzte Lesezeit\" \/>\n\t<meta name=\"twitter:data1\" content=\"4\u00a0Minuten\" \/>\n<script type=\"application\/ld+json\" class=\"yoast-schema-graph\">{\"@context\":\"https:\/\/schema.org\",\"@graph\":[{\"@type\":\"WebPage\",\"@id\":\"https:\/\/rckopen.com\/product\/5-meo-dmt-freebase\/\",\"url\":\"https:\/\/rckopen.com\/product\/5-meo-dmt-freebase\/\",\"name\":\"5 Meo Dmt FreeBase online kopen - 5 Meo Dmt FreeBase te koop\",\"isPartOf\":{\"@id\":\"https:\/\/rckopen.com\/#website\"},\"primaryImageOfPage\":{\"@id\":\"https:\/\/rckopen.com\/product\/5-meo-dmt-freebase\/#primaryimage\"},\"image\":{\"@id\":\"https:\/\/rckopen.com\/product\/5-meo-dmt-freebase\/#primaryimage\"},\"thumbnailUrl\":\"https:\/\/rckopen.com\/wp-content\/uploads\/2023\/08\/5-MeO-DMT-freebase.jpg\",\"datePublished\":\"2023-08-17T10:38:30+00:00\",\"dateModified\":\"2025-02-01T08:35:55+00:00\",\"description\":\"Als u 5 Meo Dmt FreeBase online kopen, heeft RCkopen een hoogwaardige 5 Meo Dmt FreeBase te koop. Wij helpen u 5 Meo Dmt FreeBase online te kopen tegen goedkope tarieven. Plaats vandaag nog een bestelling!\",\"breadcrumb\":{\"@id\":\"https:\/\/rckopen.com\/product\/5-meo-dmt-freebase\/#breadcrumb\"},\"inLanguage\":\"de-CH\",\"potentialAction\":[{\"@type\":\"ReadAction\",\"target\":[\"https:\/\/rckopen.com\/product\/5-meo-dmt-freebase\/\"]}]},{\"@type\":\"ImageObject\",\"inLanguage\":\"de-CH\",\"@id\":\"https:\/\/rckopen.com\/product\/5-meo-dmt-freebase\/#primaryimage\",\"url\":\"https:\/\/rckopen.com\/wp-content\/uploads\/2023\/08\/5-MeO-DMT-freebase.jpg\",\"contentUrl\":\"https:\/\/rckopen.com\/wp-content\/uploads\/2023\/08\/5-MeO-DMT-freebase.jpg\",\"width\":600,\"height\":600,\"caption\":\"5-MeO-DMT-freebase online kopen\"},{\"@type\":\"BreadcrumbList\",\"@id\":\"https:\/\/rckopen.com\/product\/5-meo-dmt-freebase\/#breadcrumb\",\"itemListElement\":[{\"@type\":\"ListItem\",\"position\":1,\"name\":\"Home\",\"item\":\"https:\/\/rckopen.com\/\"},{\"@type\":\"ListItem\",\"position\":2,\"name\":\"Shop\",\"item\":\"https:\/\/rckopen.com\/shop\/\"},{\"@type\":\"ListItem\",\"position\":3,\"name\":\"5-MeO-DMT freebase Online Kopen\"}]},{\"@type\":\"WebSite\",\"@id\":\"https:\/\/rckopen.com\/#website\",\"url\":\"https:\/\/rckopen.com\/\",\"name\":\"RC Kopen\",\"description\":\"Research Chemicals\",\"potentialAction\":[{\"@type\":\"SearchAction\",\"target\":{\"@type\":\"EntryPoint\",\"urlTemplate\":\"https:\/\/rckopen.com\/?s={search_term_string}\"},\"query-input\":{\"@type\":\"PropertyValueSpecification\",\"valueRequired\":true,\"valueName\":\"search_term_string\"}}],\"inLanguage\":\"de-CH\"}]}<\/script>\n<!-- \/ Yoast SEO plugin. -->","yoast_head_json":{"title":"5 Meo Dmt FreeBase online kopen - 5 Meo Dmt FreeBase te koop","description":"Als u 5 Meo Dmt FreeBase online kopen, heeft RCkopen een hoogwaardige 5 Meo Dmt FreeBase te koop. Wij helpen u 5 Meo Dmt FreeBase online te kopen tegen goedkope tarieven. Plaats vandaag nog een bestelling!","robots":{"index":"index","follow":"follow","max-snippet":"max-snippet:-1","max-image-preview":"max-image-preview:large","max-video-preview":"max-video-preview:-1"},"canonical":"https:\/\/rckopen.com\/de\/produkt\/5-meo-dmt-freebase\/","og_locale":"de_DE","og_type":"article","og_title":"5 Meo Dmt FreeBase online kopen - 5 Meo Dmt FreeBase te koop","og_description":"Als u 5 Meo Dmt FreeBase online kopen, heeft RCkopen een hoogwaardige 5 Meo Dmt FreeBase te koop. Wij helpen u 5 Meo Dmt FreeBase online te kopen tegen goedkope tarieven. Plaats vandaag nog een bestelling!","og_url":"https:\/\/rckopen.com\/de\/produkt\/5-meo-dmt-freebase\/","og_site_name":"RC Kopen","article_modified_time":"2025-02-01T08:35:55+00:00","og_image":[{"width":600,"height":600,"url":"https:\/\/rckopen.com\/wp-content\/uploads\/2023\/08\/5-MeO-DMT-freebase.jpg","type":"image\/jpeg"}],"twitter_card":"summary_large_image","twitter_misc":{"Gesch\u00e4tzte Lesezeit":"4\u00a0Minuten"},"schema":{"@context":"https:\/\/schema.org","@graph":[{"@type":"WebPage","@id":"https:\/\/rckopen.com\/product\/5-meo-dmt-freebase\/","url":"https:\/\/rckopen.com\/product\/5-meo-dmt-freebase\/","name":"5 Meo Dmt FreeBase online kopen - 5 Meo Dmt FreeBase te koop","isPartOf":{"@id":"https:\/\/rckopen.com\/#website"},"primaryImageOfPage":{"@id":"https:\/\/rckopen.com\/product\/5-meo-dmt-freebase\/#primaryimage"},"image":{"@id":"https:\/\/rckopen.com\/product\/5-meo-dmt-freebase\/#primaryimage"},"thumbnailUrl":"https:\/\/rckopen.com\/wp-content\/uploads\/2023\/08\/5-MeO-DMT-freebase.jpg","datePublished":"2023-08-17T10:38:30+00:00","dateModified":"2025-02-01T08:35:55+00:00","description":"Als u 5 Meo Dmt FreeBase online kopen, heeft RCkopen een hoogwaardige 5 Meo Dmt FreeBase te koop. Wij helpen u 5 Meo Dmt FreeBase online te kopen tegen goedkope tarieven. Plaats vandaag nog een bestelling!","breadcrumb":{"@id":"https:\/\/rckopen.com\/product\/5-meo-dmt-freebase\/#breadcrumb"},"inLanguage":"de-CH","potentialAction":[{"@type":"ReadAction","target":["https:\/\/rckopen.com\/product\/5-meo-dmt-freebase\/"]}]},{"@type":"ImageObject","inLanguage":"de-CH","@id":"https:\/\/rckopen.com\/product\/5-meo-dmt-freebase\/#primaryimage","url":"https:\/\/rckopen.com\/wp-content\/uploads\/2023\/08\/5-MeO-DMT-freebase.jpg","contentUrl":"https:\/\/rckopen.com\/wp-content\/uploads\/2023\/08\/5-MeO-DMT-freebase.jpg","width":600,"height":600,"caption":"5-MeO-DMT-freebase online kopen"},{"@type":"BreadcrumbList","@id":"https:\/\/rckopen.com\/product\/5-meo-dmt-freebase\/#breadcrumb","itemListElement":[{"@type":"ListItem","position":1,"name":"Home","item":"https:\/\/rckopen.com\/"},{"@type":"ListItem","position":2,"name":"Shop","item":"https:\/\/rckopen.com\/shop\/"},{"@type":"ListItem","position":3,"name":"5-MeO-DMT freebase Online Kopen"}]},{"@type":"WebSite","@id":"https:\/\/rckopen.com\/#website","url":"https:\/\/rckopen.com\/","name":"RC Kopen","description":"Research Chemicals","potentialAction":[{"@type":"SearchAction","target":{"@type":"EntryPoint","urlTemplate":"https:\/\/rckopen.com\/?s={search_term_string}"},"query-input":{"@type":"PropertyValueSpecification","valueRequired":true,"valueName":"search_term_string"}}],"inLanguage":"de-CH"}]}},"_links":{"self":[{"href":"https:\/\/rckopen.com\/de\/wp-json\/wp\/v2\/product\/6698","targetHints":{"allow":["GET"]}}],"collection":[{"href":"https:\/\/rckopen.com\/de\/wp-json\/wp\/v2\/product"}],"about":[{"href":"https:\/\/rckopen.com\/de\/wp-json\/wp\/v2\/types\/product"}],"replies":[{"embeddable":true,"href":"https:\/\/rckopen.com\/de\/wp-json\/wp\/v2\/comments?post=6698"}],"wp:featuredmedia":[{"embeddable":true,"href":"https:\/\/rckopen.com\/de\/wp-json\/wp\/v2\/media\/6880"}],"wp:attachment":[{"href":"https:\/\/rckopen.com\/de\/wp-json\/wp\/v2\/media?parent=6698"}],"wp:term":[{"taxonomy":"product_brand","embeddable":true,"href":"https:\/\/rckopen.com\/de\/wp-json\/wp\/v2\/product_brand?post=6698"},{"taxonomy":"product_cat","embeddable":true,"href":"https:\/\/rckopen.com\/de\/wp-json\/wp\/v2\/product_cat?post=6698"},{"taxonomy":"product_tag","embeddable":true,"href":"https:\/\/rckopen.com\/de\/wp-json\/wp\/v2\/product_tag?post=6698"}],"curies":[{"name":"wp","href":"https:\/\/api.w.org\/{rel}","templated":true}]}}