{"id":6699,"date":"2023-08-17T10:40:02","date_gmt":"2023-08-17T10:40:02","guid":{"rendered":"https:\/\/diligentplug.com\/chems\/?post_type=product&#038;p=6699"},"modified":"2025-02-03T07:08:42","modified_gmt":"2025-02-03T07:08:42","slug":"ept","status":"publish","type":"product","link":"https:\/\/rckopen.com\/de\/produkt\/ept\/","title":{"rendered":"EPT online kaufen"},"content":{"rendered":"<h2>De opties verkennen: waar u EPT online kopen kunt vinden<\/h2>\n<p>Suchen Sie <a href=\"https:\/\/rckopen.com\/de\/produkt\/ept\/\">EPT<\/a> und m\u00f6chten zuverl\u00e4ssige Quellen finden und dieses wichtige Produkt problemlos kaufen? Suchen Sie nicht weiter! Egal ob Sie EPT kaufen m\u00f6chten, sich fragen, wo Sie EPT finden oder EPT legal bestellen m\u00f6chten, wir haben die L\u00f6sung f\u00fcr Sie. Wir von Rckopen.com sind stolz darauf, Ihre Anlaufstelle f\u00fcr alles rund um die EPT zu sein. Mit unserer benutzerfreundlichen Plattform und unserem Engagement f\u00fcr Qualit\u00e4t machen wir den Online-Kauf von EPT zu einem nahtlosen Erlebnis.<\/p>\n<h3>Wo man EPT zum Verkauf findet<\/h3>\n<p>Feststellung von <a href=\"https:\/\/en.wikipedia.org\/wiki\/EPT\">EPT<\/a> zum Verkauf sollte keine Herausforderung sein. Deshalb haben wir es uns zur Aufgabe gemacht, eine praktische L\u00f6sung bereitzustellen. Bei Rckopen.com bieten wir eine vielf\u00e4ltige Palette an EPT-Produkten, die Ihren Anforderungen entsprechen. Egal ob Sie eine spezielle Formulierung oder Dosierung ben\u00f6tigen, in unserer umfangreichen Auswahl finden Sie garantiert genau das, was Sie suchen.<\/p>\n<h3>EPT einfach und legal bestellen<\/h3>\n<p>Wenn es darum geht, EPT zu kaufen, sind Legalit\u00e4t und Bequemlichkeit von gr\u00f6\u00dfter Bedeutung. Bei Rckopen.com legen wir Wert auf beides. Dank unseres einfachen Bestellprozesses k\u00f6nnen Sie EPT einfach und ohne Rezept kaufen. Dank unserer Verpflichtung zur Einhaltung der Vorschriften k\u00f6nnen Sie sich au\u00dferdem darauf verlassen, dass jeder Kauf legal und fair ist.<\/p>\n<h3>Entdecken Sie unseren EPT-Shop<\/h3>\n<p>Willkommen in unserem EPT-Shop, Ihrem One-Stop-Shop f\u00fcr alle Ihre EPT-Bed\u00fcrfnisse. Von hochwertigen Produkten bis hin zu au\u00dfergew\u00f6hnlichem Kundenservice haben wir alles, was Sie brauchen, um Ihren Einkauf zu einem Kinderspiel zu machen. St\u00f6bern Sie in unserem umfangreichen Angebot, geben Sie Ihre Bestellung vertrauensvoll auf und erleben Sie den Komfort des Online-Kaufs von rezeptfreien EPT, nur bei Rckopen.com.<\/p>\n<p>EPT online kaufen UK<\/p>\n<p>F\u00fcr Kunden in Gro\u00dfbritannien war der Online-Kauf von EPT noch nie so einfach. Von <a href=\"https:\/\/rckopen.com\/de\/\">rckopen.com<\/a>\u00a0Sie k\u00f6nnen EPT legal bequem von zu Hause aus kaufen und es sich direkt an die Haust\u00fcr liefern lassen. Unser effizienter Versand gew\u00e4hrleistet eine schnelle Lieferung, sodass Sie sofort von den Vorteilen von EPT profitieren k\u00f6nnen.<\/p>\n<h3>Warum Rckopen.com w\u00e4hlen?<\/h3>\n<p>Warum sollten Sie sich bei so vielen M\u00f6glichkeiten f\u00fcr Rckopen.com entscheiden, wenn Sie eine EPT ben\u00f6tigen? Die Antwort ist einfach: Wir streben nach Exzellenz. Von unserem Engagement f\u00fcr Qualit\u00e4tsprodukte bis hin zu unserem au\u00dfergew\u00f6hnlichen Kundenservice tun wir alles, um Ihre Zufriedenheit zu gew\u00e4hrleisten. Wenn Sie EPT bei Rckopen.com kaufen, kaufen Sie nicht nur ein Produkt - Sie investieren in Ihren Seelenfrieden.<\/p>\n<p>Wenn es darum geht, EPT online zu finden und zu kaufen, ist Rckopen.com die richtige Adresse f\u00fcr Sie. Mit unserer gro\u00dfen Auswahl, dem einfachen Bestellvorgang und unserem Engagement f\u00fcr Legalit\u00e4t und Qualit\u00e4t sind wir Ihr zuverl\u00e4ssiger Partner. Warum also warten? St\u00f6bern Sie noch heute in unserem EPT-Shop und erleben Sie den Komfort des Einkaufs bei Rckopen.com.<\/p>","protected":false},"excerpt":{"rendered":"<p><strong>IUPAC-Name: <\/strong>3-[2-(Ethyl(propyl)amino)ethyl]-1H-indol<\/p>\n<p><strong>Anderer Name: <\/strong>N-Ethyl-N-propyltryptamin<\/p>\n<p><strong>Erscheinungsbild: <\/strong>Pulver<\/p>\n<p><strong>Form: <\/strong>Fumarat<\/p>\n<p><strong>NMR-Analyse: <\/strong>K.A.<\/p>","protected":false},"featured_media":6885,"comment_status":"open","ping_status":"closed","template":"","meta":{"_joinchat":[]},"product_brand":[],"product_cat":[149],"product_tag":[],"class_list":{"0":"post-6699","1":"product","2":"type-product","3":"status-publish","4":"has-post-thumbnail","6":"product_cat-tryptaminen","8":"first","9":"instock","10":"shipping-taxable","11":"purchasable","12":"product-type-variable"},"yoast_head":"<!-- This site is optimized with the Yoast SEO plugin v26.3 - https:\/\/yoast.com\/wordpress\/plugins\/seo\/ -->\n<title>EPT online kopen - EPT online te koop<\/title>\n<meta name=\"description\" content=\"Als u EPT online wilt kopen, heeft RCKopen een hoogwaardige EPT te koop. Wij helpen u om EPT online tegen goedkope tarieven te kopen. Plaats vandaag nog een bestelling!\" \/>\n<meta name=\"robots\" content=\"index, follow, max-snippet:-1, max-image-preview:large, max-video-preview:-1\" \/>\n<link rel=\"canonical\" href=\"https:\/\/rckopen.com\/de\/produkt\/ept\/\" \/>\n<meta property=\"og:locale\" content=\"de_DE\" \/>\n<meta property=\"og:type\" content=\"article\" \/>\n<meta property=\"og:title\" content=\"EPT online kopen - EPT online te koop\" \/>\n<meta property=\"og:description\" content=\"Als u EPT online wilt kopen, heeft RCKopen een hoogwaardige EPT te koop. Wij helpen u om EPT online tegen goedkope tarieven te kopen. Plaats vandaag nog een bestelling!\" \/>\n<meta property=\"og:url\" content=\"https:\/\/rckopen.com\/de\/produkt\/ept\/\" \/>\n<meta property=\"og:site_name\" content=\"RC Kopen\" \/>\n<meta property=\"article:modified_time\" content=\"2025-02-03T07:08:42+00:00\" \/>\n<meta property=\"og:image\" content=\"https:\/\/rckopen.com\/wp-content\/uploads\/2023\/08\/EPT.jpg\" \/>\n\t<meta property=\"og:image:width\" content=\"600\" \/>\n\t<meta property=\"og:image:height\" content=\"600\" \/>\n\t<meta property=\"og:image:type\" content=\"image\/jpeg\" \/>\n<meta name=\"twitter:card\" content=\"summary_large_image\" \/>\n<meta name=\"twitter:label1\" content=\"Gesch\u00e4tzte Lesezeit\" \/>\n\t<meta name=\"twitter:data1\" content=\"3\u00a0Minuten\" \/>\n<script type=\"application\/ld+json\" class=\"yoast-schema-graph\">{\"@context\":\"https:\/\/schema.org\",\"@graph\":[{\"@type\":\"WebPage\",\"@id\":\"https:\/\/rckopen.com\/product\/ept\/\",\"url\":\"https:\/\/rckopen.com\/product\/ept\/\",\"name\":\"EPT online kopen - EPT online te koop\",\"isPartOf\":{\"@id\":\"https:\/\/rckopen.com\/#website\"},\"primaryImageOfPage\":{\"@id\":\"https:\/\/rckopen.com\/product\/ept\/#primaryimage\"},\"image\":{\"@id\":\"https:\/\/rckopen.com\/product\/ept\/#primaryimage\"},\"thumbnailUrl\":\"https:\/\/rckopen.com\/wp-content\/uploads\/2023\/08\/EPT.jpg\",\"datePublished\":\"2023-08-17T10:40:02+00:00\",\"dateModified\":\"2025-02-03T07:08:42+00:00\",\"description\":\"Als u EPT online wilt kopen, heeft RCKopen een hoogwaardige EPT te koop. Wij helpen u om EPT online tegen goedkope tarieven te kopen. Plaats vandaag nog een bestelling!\",\"breadcrumb\":{\"@id\":\"https:\/\/rckopen.com\/product\/ept\/#breadcrumb\"},\"inLanguage\":\"de-CH\",\"potentialAction\":[{\"@type\":\"ReadAction\",\"target\":[\"https:\/\/rckopen.com\/product\/ept\/\"]}]},{\"@type\":\"ImageObject\",\"inLanguage\":\"de-CH\",\"@id\":\"https:\/\/rckopen.com\/product\/ept\/#primaryimage\",\"url\":\"https:\/\/rckopen.com\/wp-content\/uploads\/2023\/08\/EPT.jpg\",\"contentUrl\":\"https:\/\/rckopen.com\/wp-content\/uploads\/2023\/08\/EPT.jpg\",\"width\":600,\"height\":600,\"caption\":\"EPT online kopen\"},{\"@type\":\"BreadcrumbList\",\"@id\":\"https:\/\/rckopen.com\/product\/ept\/#breadcrumb\",\"itemListElement\":[{\"@type\":\"ListItem\",\"position\":1,\"name\":\"Home\",\"item\":\"https:\/\/rckopen.com\/\"},{\"@type\":\"ListItem\",\"position\":2,\"name\":\"Shop\",\"item\":\"https:\/\/rckopen.com\/shop\/\"},{\"@type\":\"ListItem\",\"position\":3,\"name\":\"EPT online kopen\"}]},{\"@type\":\"WebSite\",\"@id\":\"https:\/\/rckopen.com\/#website\",\"url\":\"https:\/\/rckopen.com\/\",\"name\":\"RC Kopen\",\"description\":\"Research Chemicals\",\"potentialAction\":[{\"@type\":\"SearchAction\",\"target\":{\"@type\":\"EntryPoint\",\"urlTemplate\":\"https:\/\/rckopen.com\/?s={search_term_string}\"},\"query-input\":{\"@type\":\"PropertyValueSpecification\",\"valueRequired\":true,\"valueName\":\"search_term_string\"}}],\"inLanguage\":\"de-CH\"}]}<\/script>\n<!-- \/ Yoast SEO plugin. -->","yoast_head_json":{"title":"EPT online kopen - EPT online te koop","description":"Als u EPT online wilt kopen, heeft RCKopen een hoogwaardige EPT te koop. Wij helpen u om EPT online tegen goedkope tarieven te kopen. Plaats vandaag nog een bestelling!","robots":{"index":"index","follow":"follow","max-snippet":"max-snippet:-1","max-image-preview":"max-image-preview:large","max-video-preview":"max-video-preview:-1"},"canonical":"https:\/\/rckopen.com\/de\/produkt\/ept\/","og_locale":"de_DE","og_type":"article","og_title":"EPT online kopen - EPT online te koop","og_description":"Als u EPT online wilt kopen, heeft RCKopen een hoogwaardige EPT te koop. Wij helpen u om EPT online tegen goedkope tarieven te kopen. Plaats vandaag nog een bestelling!","og_url":"https:\/\/rckopen.com\/de\/produkt\/ept\/","og_site_name":"RC Kopen","article_modified_time":"2025-02-03T07:08:42+00:00","og_image":[{"width":600,"height":600,"url":"https:\/\/rckopen.com\/wp-content\/uploads\/2023\/08\/EPT.jpg","type":"image\/jpeg"}],"twitter_card":"summary_large_image","twitter_misc":{"Gesch\u00e4tzte Lesezeit":"3\u00a0Minuten"},"schema":{"@context":"https:\/\/schema.org","@graph":[{"@type":"WebPage","@id":"https:\/\/rckopen.com\/product\/ept\/","url":"https:\/\/rckopen.com\/product\/ept\/","name":"EPT online kopen - EPT online te koop","isPartOf":{"@id":"https:\/\/rckopen.com\/#website"},"primaryImageOfPage":{"@id":"https:\/\/rckopen.com\/product\/ept\/#primaryimage"},"image":{"@id":"https:\/\/rckopen.com\/product\/ept\/#primaryimage"},"thumbnailUrl":"https:\/\/rckopen.com\/wp-content\/uploads\/2023\/08\/EPT.jpg","datePublished":"2023-08-17T10:40:02+00:00","dateModified":"2025-02-03T07:08:42+00:00","description":"Als u EPT online wilt kopen, heeft RCKopen een hoogwaardige EPT te koop. Wij helpen u om EPT online tegen goedkope tarieven te kopen. Plaats vandaag nog een bestelling!","breadcrumb":{"@id":"https:\/\/rckopen.com\/product\/ept\/#breadcrumb"},"inLanguage":"de-CH","potentialAction":[{"@type":"ReadAction","target":["https:\/\/rckopen.com\/product\/ept\/"]}]},{"@type":"ImageObject","inLanguage":"de-CH","@id":"https:\/\/rckopen.com\/product\/ept\/#primaryimage","url":"https:\/\/rckopen.com\/wp-content\/uploads\/2023\/08\/EPT.jpg","contentUrl":"https:\/\/rckopen.com\/wp-content\/uploads\/2023\/08\/EPT.jpg","width":600,"height":600,"caption":"EPT online kopen"},{"@type":"BreadcrumbList","@id":"https:\/\/rckopen.com\/product\/ept\/#breadcrumb","itemListElement":[{"@type":"ListItem","position":1,"name":"Home","item":"https:\/\/rckopen.com\/"},{"@type":"ListItem","position":2,"name":"Shop","item":"https:\/\/rckopen.com\/shop\/"},{"@type":"ListItem","position":3,"name":"EPT online kopen"}]},{"@type":"WebSite","@id":"https:\/\/rckopen.com\/#website","url":"https:\/\/rckopen.com\/","name":"RC Kopen","description":"Research Chemicals","potentialAction":[{"@type":"SearchAction","target":{"@type":"EntryPoint","urlTemplate":"https:\/\/rckopen.com\/?s={search_term_string}"},"query-input":{"@type":"PropertyValueSpecification","valueRequired":true,"valueName":"search_term_string"}}],"inLanguage":"de-CH"}]}},"_links":{"self":[{"href":"https:\/\/rckopen.com\/de\/wp-json\/wp\/v2\/product\/6699","targetHints":{"allow":["GET"]}}],"collection":[{"href":"https:\/\/rckopen.com\/de\/wp-json\/wp\/v2\/product"}],"about":[{"href":"https:\/\/rckopen.com\/de\/wp-json\/wp\/v2\/types\/product"}],"replies":[{"embeddable":true,"href":"https:\/\/rckopen.com\/de\/wp-json\/wp\/v2\/comments?post=6699"}],"wp:featuredmedia":[{"embeddable":true,"href":"https:\/\/rckopen.com\/de\/wp-json\/wp\/v2\/media\/6885"}],"wp:attachment":[{"href":"https:\/\/rckopen.com\/de\/wp-json\/wp\/v2\/media?parent=6699"}],"wp:term":[{"taxonomy":"product_brand","embeddable":true,"href":"https:\/\/rckopen.com\/de\/wp-json\/wp\/v2\/product_brand?post=6699"},{"taxonomy":"product_cat","embeddable":true,"href":"https:\/\/rckopen.com\/de\/wp-json\/wp\/v2\/product_cat?post=6699"},{"taxonomy":"product_tag","embeddable":true,"href":"https:\/\/rckopen.com\/de\/wp-json\/wp\/v2\/product_tag?post=6699"}],"curies":[{"name":"wp","href":"https:\/\/api.w.org\/{rel}","templated":true}]}}