{"id":6753,"date":"2023-08-17T10:56:53","date_gmt":"2023-08-17T10:56:53","guid":{"rendered":"https:\/\/diligentplug.com\/chems\/?post_type=product&#038;p=6753"},"modified":"2025-02-03T06:58:59","modified_gmt":"2025-02-03T06:58:59","slug":"dpt-hcl","status":"publish","type":"product","link":"https:\/\/rckopen.com\/de\/produkt\/dpt-hcl\/","title":{"rendered":"DPT HCL online kaufen"},"content":{"rendered":"<h2>Die Vorteile des Online-Kaufs von DPT HCL: Alles, was Sie wissen m\u00fcssen<\/h2>\n<p>Im Bereich der psychoaktiven Substanzen unterscheidet man <a href=\"https:\/\/rckopen.com\/de\/produkt\/dpt-hcl\/\">DPT HCL<\/a> besticht durch seine einzigartigen Eigenschaften und Wirkungen. F\u00fcr diejenigen, die die M\u00f6glichkeiten erkunden m\u00f6chten, bietet der Online-Kauf von DPT HCL zahlreiche Vorteile. Werfen wir einen Blick darauf, warum der Online-Kauf von DPT HCL bahnbrechend sein kann und wie Rckopen.com Enthusiasten ein nahtloses Erlebnis bietet.<\/p>\n<h3>Bequemlichkeit und Zug\u00e4nglichkeit<\/h3>\n<p>Wo Sie <a href=\"https:\/\/en.wikipedia.org\/wiki\/Dipropyltryptamine\">DPT HCL<\/a> Wenn Sie online kaufen, profitieren Sie von einem unvergleichlichen Komfort. Vorbei sind die Zeiten, in denen Sie unerm\u00fcdlich nach einem Ladengesch\u00e4ft suchen mussten, das diesen bestimmten Stoff vorr\u00e4tig hat. Mit nur wenigen Klicks k\u00f6nnen Sie jederzeit und \u00fcberall auf Rckopen.com zugreifen. Diese Verf\u00fcgbarkeit ist insbesondere f\u00fcr Personen von Vorteil, die in Regionen leben, in denen DPT HCL in den \u00f6rtlichen Gesch\u00e4ften m\u00f6glicherweise nicht ohne weiteres erh\u00e4ltlich ist.<\/p>\n<h3>Diskrete Verpackung<\/h3>\n<p>Beim Kauf von Substanzen wie DPT HCL ist der Datenschutz von gr\u00f6\u00dfter Bedeutung. Biene <a href=\"https:\/\/rckopen.com\/de\/\">rckopen.com<\/a> Sie k\u00f6nnen sicher sein, dass Ihre Bestellung diskret verpackt wird und kein Hinweis auf den Inhalt vorliegt. Diese diskrete Verpackung sorgt daf\u00fcr, dass Sie sich w\u00e4hrend des gesamten Kaufvorgangs keine Sorgen machen m\u00fcssen.<\/p>\n<h3>Sichere Transaktionen<\/h3>\n<p>Bedenken hinsichtlich der Sicherheit beim legalen Kauf von DPT HCL sind berechtigt. Allerdings stehen f\u00fcr Rckopen.com Sicherheit und Legalit\u00e4t bei allen Transaktionen an erster Stelle. Wir halten uns strikt an die Vorschriften und geben Ihnen die Gewissheit, dass Ihr Kauf sowohl legal als auch sicher ist.<\/p>\n<h3>Weltweiter Versand<\/h3>\n<p>Unabh\u00e4ngig von Ihrem Standort bietet Rckopen.com einen weltweiten Versand. Egal, ob Sie in den Niederlanden oder in einem anderen Teil der Welt wohnen, Sie k\u00f6nnen DPT HCL bestellen und zu Ihnen nach Hause liefern lassen. Unser effizienter Versandprozess sorgt f\u00fcr eine p\u00fcnktliche Lieferung, sodass Sie Ihre psychedelische Reise ohne Verz\u00f6gerung beginnen k\u00f6nnen.<\/p>\n<h3>Legitime Quelle<\/h3>\n<p>Wenn Sie DPT HCL bei Rckopen.com kaufen, kaufen Sie von einer seri\u00f6sen Quelle. Wir legen Wert auf Qualit\u00e4t und Authentizit\u00e4t und beziehen unsere Produkte von seri\u00f6sen Lieferanten. Dadurch wird sichergestellt, dass Sie einen authentischen DPT HCL-Shop erhalten, der strenge Qualit\u00e4tsstandards erf\u00fcllt.<\/p>\n<p>Der Online-Kauf von DPT HCL auf Niederl\u00e4ndisch bietet zahlreiche Vorteile, von Bequemlichkeit und Zug\u00e4nglichkeit bis hin zu diskreter Verpackung und fachkundiger Beratung. Mit Rckopen.com k\u00f6nnen Sie Ihre psychedelische Reise voller Zuversicht beginnen, da Sie wissen, dass Sie bei einer vertrauensw\u00fcrdigen Quelle kaufen. Entdecken Sie noch heute unsere Kollektion und entfesseln Sie das transformative Potenzial von DPT HCL. Besuchen Sie Rckopen.com, um DPT HCL legal und sicher zu kaufen, ohne dass Sie ein Rezept ben\u00f6tigen.<\/p>","protected":false},"excerpt":{"rendered":"<p><strong>IUPAC-Name: <\/strong>N-[2-(1H-indol-3-yl)]ethyl-N-propylpropan-1-amine<\/p>\n<p><strong>CAS # <\/strong>61-52-9<\/p>\n<p><strong>Anderer Name: <\/strong>N,N-Dipropyltryptamin<\/p>\n<p><strong>Erscheinungsbild: <\/strong>Pulver<\/p>\n<p><strong>Form: <\/strong>hcl<\/p>\n<p><strong>NMR-Analyse: <\/strong>C16H24N2<\/p>","protected":false},"featured_media":6902,"comment_status":"open","ping_status":"closed","template":"","meta":{"_joinchat":[]},"product_brand":[],"product_cat":[149],"product_tag":[],"class_list":{"0":"post-6753","1":"product","2":"type-product","3":"status-publish","4":"has-post-thumbnail","6":"product_cat-tryptaminen","8":"first","9":"instock","10":"shipping-taxable","11":"purchasable","12":"product-type-variable"},"yoast_head":"<!-- This site is optimized with the Yoast SEO plugin v26.3 - https:\/\/yoast.com\/wordpress\/plugins\/seo\/ -->\n<title>DPT HCL online kopen - DPT HCL te koop<\/title>\n<meta name=\"description\" content=\"Onze winkel heeft de topkwaliteit DPT HCL te koop. U kunt nooit om de kwaliteit van onze producten heen. Als u het nodig heeft, DPT HCL dan meteen online kopen. Bestel nu in onze online winkel voor een goede nachtrust en kalmte.\" \/>\n<meta name=\"robots\" content=\"index, follow, max-snippet:-1, max-image-preview:large, max-video-preview:-1\" \/>\n<link rel=\"canonical\" href=\"https:\/\/rckopen.com\/de\/produkt\/dpt-hcl\/\" \/>\n<meta property=\"og:locale\" content=\"de_DE\" \/>\n<meta property=\"og:type\" content=\"article\" \/>\n<meta property=\"og:title\" content=\"DPT HCL online kopen - DPT HCL te koop\" \/>\n<meta property=\"og:description\" content=\"Onze winkel heeft de topkwaliteit DPT HCL te koop. U kunt nooit om de kwaliteit van onze producten heen. Als u het nodig heeft, DPT HCL dan meteen online kopen. Bestel nu in onze online winkel voor een goede nachtrust en kalmte.\" \/>\n<meta property=\"og:url\" content=\"https:\/\/rckopen.com\/de\/produkt\/dpt-hcl\/\" \/>\n<meta property=\"og:site_name\" content=\"RC Kopen\" \/>\n<meta property=\"article:modified_time\" content=\"2025-02-03T06:58:59+00:00\" \/>\n<meta property=\"og:image\" content=\"https:\/\/rckopen.com\/wp-content\/uploads\/2023\/08\/DPT-HCL.jpg\" \/>\n\t<meta property=\"og:image:width\" content=\"600\" \/>\n\t<meta property=\"og:image:height\" content=\"600\" \/>\n\t<meta property=\"og:image:type\" content=\"image\/jpeg\" \/>\n<meta name=\"twitter:card\" content=\"summary_large_image\" \/>\n<meta name=\"twitter:label1\" content=\"Gesch\u00e4tzte Lesezeit\" \/>\n\t<meta name=\"twitter:data1\" content=\"2\u00a0Minuten\" \/>\n<script type=\"application\/ld+json\" class=\"yoast-schema-graph\">{\"@context\":\"https:\/\/schema.org\",\"@graph\":[{\"@type\":\"WebPage\",\"@id\":\"https:\/\/rckopen.com\/product\/dpt-hcl\/\",\"url\":\"https:\/\/rckopen.com\/product\/dpt-hcl\/\",\"name\":\"DPT HCL online kopen - DPT HCL te koop\",\"isPartOf\":{\"@id\":\"https:\/\/rckopen.com\/#website\"},\"primaryImageOfPage\":{\"@id\":\"https:\/\/rckopen.com\/product\/dpt-hcl\/#primaryimage\"},\"image\":{\"@id\":\"https:\/\/rckopen.com\/product\/dpt-hcl\/#primaryimage\"},\"thumbnailUrl\":\"https:\/\/rckopen.com\/wp-content\/uploads\/2023\/08\/DPT-HCL.jpg\",\"datePublished\":\"2023-08-17T10:56:53+00:00\",\"dateModified\":\"2025-02-03T06:58:59+00:00\",\"description\":\"Onze winkel heeft de topkwaliteit DPT HCL te koop. U kunt nooit om de kwaliteit van onze producten heen. Als u het nodig heeft, DPT HCL dan meteen online kopen. Bestel nu in onze online winkel voor een goede nachtrust en kalmte.\",\"breadcrumb\":{\"@id\":\"https:\/\/rckopen.com\/product\/dpt-hcl\/#breadcrumb\"},\"inLanguage\":\"de-CH\",\"potentialAction\":[{\"@type\":\"ReadAction\",\"target\":[\"https:\/\/rckopen.com\/product\/dpt-hcl\/\"]}]},{\"@type\":\"ImageObject\",\"inLanguage\":\"de-CH\",\"@id\":\"https:\/\/rckopen.com\/product\/dpt-hcl\/#primaryimage\",\"url\":\"https:\/\/rckopen.com\/wp-content\/uploads\/2023\/08\/DPT-HCL.jpg\",\"contentUrl\":\"https:\/\/rckopen.com\/wp-content\/uploads\/2023\/08\/DPT-HCL.jpg\",\"width\":600,\"height\":600,\"caption\":\"DPT-HCL online kopen\"},{\"@type\":\"BreadcrumbList\",\"@id\":\"https:\/\/rckopen.com\/product\/dpt-hcl\/#breadcrumb\",\"itemListElement\":[{\"@type\":\"ListItem\",\"position\":1,\"name\":\"Home\",\"item\":\"https:\/\/rckopen.com\/\"},{\"@type\":\"ListItem\",\"position\":2,\"name\":\"Shop\",\"item\":\"https:\/\/rckopen.com\/shop\/\"},{\"@type\":\"ListItem\",\"position\":3,\"name\":\"DPT HCL online kopen\"}]},{\"@type\":\"WebSite\",\"@id\":\"https:\/\/rckopen.com\/#website\",\"url\":\"https:\/\/rckopen.com\/\",\"name\":\"RC Kopen\",\"description\":\"Research Chemicals\",\"potentialAction\":[{\"@type\":\"SearchAction\",\"target\":{\"@type\":\"EntryPoint\",\"urlTemplate\":\"https:\/\/rckopen.com\/?s={search_term_string}\"},\"query-input\":{\"@type\":\"PropertyValueSpecification\",\"valueRequired\":true,\"valueName\":\"search_term_string\"}}],\"inLanguage\":\"de-CH\"}]}<\/script>\n<!-- \/ Yoast SEO plugin. -->","yoast_head_json":{"title":"DPT HCL online kopen - DPT HCL te koop","description":"Onze winkel heeft de topkwaliteit DPT HCL te koop. U kunt nooit om de kwaliteit van onze producten heen. Als u het nodig heeft, DPT HCL dan meteen online kopen. Bestel nu in onze online winkel voor een goede nachtrust en kalmte.","robots":{"index":"index","follow":"follow","max-snippet":"max-snippet:-1","max-image-preview":"max-image-preview:large","max-video-preview":"max-video-preview:-1"},"canonical":"https:\/\/rckopen.com\/de\/produkt\/dpt-hcl\/","og_locale":"de_DE","og_type":"article","og_title":"DPT HCL online kopen - DPT HCL te koop","og_description":"Onze winkel heeft de topkwaliteit DPT HCL te koop. U kunt nooit om de kwaliteit van onze producten heen. Als u het nodig heeft, DPT HCL dan meteen online kopen. Bestel nu in onze online winkel voor een goede nachtrust en kalmte.","og_url":"https:\/\/rckopen.com\/de\/produkt\/dpt-hcl\/","og_site_name":"RC Kopen","article_modified_time":"2025-02-03T06:58:59+00:00","og_image":[{"width":600,"height":600,"url":"https:\/\/rckopen.com\/wp-content\/uploads\/2023\/08\/DPT-HCL.jpg","type":"image\/jpeg"}],"twitter_card":"summary_large_image","twitter_misc":{"Gesch\u00e4tzte Lesezeit":"2\u00a0Minuten"},"schema":{"@context":"https:\/\/schema.org","@graph":[{"@type":"WebPage","@id":"https:\/\/rckopen.com\/product\/dpt-hcl\/","url":"https:\/\/rckopen.com\/product\/dpt-hcl\/","name":"DPT HCL online kopen - DPT HCL te koop","isPartOf":{"@id":"https:\/\/rckopen.com\/#website"},"primaryImageOfPage":{"@id":"https:\/\/rckopen.com\/product\/dpt-hcl\/#primaryimage"},"image":{"@id":"https:\/\/rckopen.com\/product\/dpt-hcl\/#primaryimage"},"thumbnailUrl":"https:\/\/rckopen.com\/wp-content\/uploads\/2023\/08\/DPT-HCL.jpg","datePublished":"2023-08-17T10:56:53+00:00","dateModified":"2025-02-03T06:58:59+00:00","description":"Onze winkel heeft de topkwaliteit DPT HCL te koop. U kunt nooit om de kwaliteit van onze producten heen. Als u het nodig heeft, DPT HCL dan meteen online kopen. Bestel nu in onze online winkel voor een goede nachtrust en kalmte.","breadcrumb":{"@id":"https:\/\/rckopen.com\/product\/dpt-hcl\/#breadcrumb"},"inLanguage":"de-CH","potentialAction":[{"@type":"ReadAction","target":["https:\/\/rckopen.com\/product\/dpt-hcl\/"]}]},{"@type":"ImageObject","inLanguage":"de-CH","@id":"https:\/\/rckopen.com\/product\/dpt-hcl\/#primaryimage","url":"https:\/\/rckopen.com\/wp-content\/uploads\/2023\/08\/DPT-HCL.jpg","contentUrl":"https:\/\/rckopen.com\/wp-content\/uploads\/2023\/08\/DPT-HCL.jpg","width":600,"height":600,"caption":"DPT-HCL online kopen"},{"@type":"BreadcrumbList","@id":"https:\/\/rckopen.com\/product\/dpt-hcl\/#breadcrumb","itemListElement":[{"@type":"ListItem","position":1,"name":"Home","item":"https:\/\/rckopen.com\/"},{"@type":"ListItem","position":2,"name":"Shop","item":"https:\/\/rckopen.com\/shop\/"},{"@type":"ListItem","position":3,"name":"DPT HCL online kopen"}]},{"@type":"WebSite","@id":"https:\/\/rckopen.com\/#website","url":"https:\/\/rckopen.com\/","name":"RC Kopen","description":"Research Chemicals","potentialAction":[{"@type":"SearchAction","target":{"@type":"EntryPoint","urlTemplate":"https:\/\/rckopen.com\/?s={search_term_string}"},"query-input":{"@type":"PropertyValueSpecification","valueRequired":true,"valueName":"search_term_string"}}],"inLanguage":"de-CH"}]}},"_links":{"self":[{"href":"https:\/\/rckopen.com\/de\/wp-json\/wp\/v2\/product\/6753","targetHints":{"allow":["GET"]}}],"collection":[{"href":"https:\/\/rckopen.com\/de\/wp-json\/wp\/v2\/product"}],"about":[{"href":"https:\/\/rckopen.com\/de\/wp-json\/wp\/v2\/types\/product"}],"replies":[{"embeddable":true,"href":"https:\/\/rckopen.com\/de\/wp-json\/wp\/v2\/comments?post=6753"}],"wp:featuredmedia":[{"embeddable":true,"href":"https:\/\/rckopen.com\/de\/wp-json\/wp\/v2\/media\/6902"}],"wp:attachment":[{"href":"https:\/\/rckopen.com\/de\/wp-json\/wp\/v2\/media?parent=6753"}],"wp:term":[{"taxonomy":"product_brand","embeddable":true,"href":"https:\/\/rckopen.com\/de\/wp-json\/wp\/v2\/product_brand?post=6753"},{"taxonomy":"product_cat","embeddable":true,"href":"https:\/\/rckopen.com\/de\/wp-json\/wp\/v2\/product_cat?post=6753"},{"taxonomy":"product_tag","embeddable":true,"href":"https:\/\/rckopen.com\/de\/wp-json\/wp\/v2\/product_tag?post=6753"}],"curies":[{"name":"wp","href":"https:\/\/api.w.org\/{rel}","templated":true}]}}