{"id":6757,"date":"2023-08-17T11:01:22","date_gmt":"2023-08-17T11:01:22","guid":{"rendered":"https:\/\/diligentplug.com\/chems\/?post_type=product&#038;p=6757"},"modified":"2025-02-04T05:18:12","modified_gmt":"2025-02-04T05:18:12","slug":"met-fumarate","status":"publish","type":"product","link":"https:\/\/rckopen.com\/de\/produkt\/mit-fumarat\/","title":{"rendered":"MET Fumarat online kaufen"},"content":{"rendered":"<h2>Ontdek de beste deals voor MET Fumarate online kopen<\/h2>\n<p>M\u00f6chten Sie MET-Fumarat online kaufen? Sie wissen nicht genau, wo Sie die besten Angebote finden oder ob Sie es legal ohne Rezept kaufen k\u00f6nnen? Suchen Sie nicht weiter! Bei rckopen.com sind wir bestrebt, Ihnen MET-Fumarat h\u00f6chster Qualit\u00e4t zu wettbewerbsf\u00e4higen Preisen anzubieten.<\/p>\n<h3>Deshalb sollten Sie uns f\u00fcr Ihren gesamten Bedarf an MET-Fumarat w\u00e4hlen:<br \/>\nWarum MET Fumarat von rckopen.com w\u00e4hlen?<\/h3>\n<p>Wir von rckopen.com wissen, wie wichtig Qualit\u00e4t und Legalit\u00e4t sind, wenn Sie MET Fumarat kaufen m\u00f6chten. Deshalb stellen wir sicher, dass alle unsere Produkte von seri\u00f6sen Lieferanten stammen und den gesetzlichen Anforderungen entsprechen. Wenn Sie MET Fumarat bei uns kaufen, k\u00f6nnen Sie sich darauf verlassen, dass Sie ein Originalprodukt erhalten, das den h\u00f6chsten Qualit\u00e4ts- und Sicherheitsstandards entspricht.<\/p>\n<h3>MET Fumarat bequem online kaufen<\/h3>\n<p>In unserem Online-Shop war der Kauf von MET-Fumarat schon immer eine Herausforderung. Egal, ob Sie in Gro\u00dfbritannien oder anderswo sind, Sie k\u00f6nnen MET-Fumarat bequem von zu Hause aus mit nur wenigen Klicks bestellen. Sie m\u00fcssen nicht mehr mehrere Gesch\u00e4fte aufsuchen oder in langen Warteschlangen warten: Besuchen Sie unsere Website, geben Sie Ihre Bestellung auf und wir k\u00fcmmern uns um den Rest.<\/p>\n<h3>Konkurrenzf\u00e4hige Preise und Sonderangebote<\/h3>\n<p>Jeder sollte Zugang zu erschwinglichen Medikamenten haben. Deshalb bieten wir wettbewerbsf\u00e4hige Preise f\u00fcr alle unsere Produkte. Achten Sie auf unsere Sonderangebote und Rabatte, um noch mehr bei Ihrem Einkauf von MET Fumarat zu sparen.<\/p>\n<h3>Schneller und diskreter Versand<\/h3>\n<p>Wir wissen, wie wichtig der Schutz der Privatsph\u00e4re ist, wenn es darum geht, Medikamente online zu kaufen. Deshalb bieten wir einen schnellen und diskreten Versand f\u00fcr alle Bestellungen an. Ihre Bestellung von MET Fumarate wird sicher verpackt und direkt zu Ihnen nach Hause geliefert, so dass die Vertraulichkeit bei jedem Schritt gew\u00e4hrleistet ist.<\/p>\n<h3>Garantie der Kundenzufriedenheit<\/h3>\n<p>Ihre Zufriedenheit ist unsere oberste Priorit\u00e4t. Wenn Sie aus irgendeinem Grund nicht vollst\u00e4ndig mit Ihrem MET Fumarat Kauf zufrieden sind, wenden Sie sich bitte an unser freundliches Kundenservice-Team, und wir werden alles tun, was wir k\u00f6nnen, um es richtig zu machen.<\/p>\n<h3>Bestellen Sie MET Fumarat noch heute!<\/h3>\n<p>Lassen Sie sich durch die M\u00fche, MET-Fumarat zum Verkauf zu finden, nicht davon abhalten, die Hilfe zu bekommen, die Sie brauchen. Bestellen Sie noch heute bei rckopen.com und erleben Sie den bequemen Online-Kauf von MET-Fumarat. Mit unseren wettbewerbsf\u00e4higen Preisen, dem schnellen Versand und unserem Engagement f\u00fcr Qualit\u00e4t werden Sie nirgendwo sonst einen besseren Ort finden, um MET-Fumarat online zu kaufen.<\/p>","protected":false},"excerpt":{"rendered":"<p><strong>IUPAC-Name: <\/strong>Ethyl-(2-(1H-Indol-3-yl)-ethyl)methylamin<\/p>\n<p><strong>CAS # <\/strong>5599-69-9<\/p>\n<p><strong>Anderer Name: <\/strong>N-Ethyl-N-Methyltryptamin<\/p>\n<p><strong>Form: <\/strong>Fumarat<\/p>\n<p><strong>NMR-Analyse: <\/strong>C13H18N2<\/p>","protected":false},"featured_media":0,"comment_status":"open","ping_status":"closed","template":"","meta":{"_joinchat":[]},"product_brand":[],"product_cat":[149],"product_tag":[],"class_list":{"0":"post-6757","1":"product","2":"type-product","3":"status-publish","5":"product_cat-tryptaminen","7":"first","8":"instock","9":"shipping-taxable","10":"purchasable","11":"product-type-variable"},"yoast_head":"<!-- This site is optimized with the Yoast SEO plugin v26.3 - https:\/\/yoast.com\/wordpress\/plugins\/seo\/ -->\n<title>MET-Fumarate online kopen - MET-Fumarate online te koop<\/title>\n<meta name=\"description\" content=\"Als u MET Fumaraat online zonder recept wilt kopen, is rckopen.com de beste plaats om MET Fumaraat online kopen, MET Fumaraat te koop en MET Fumaraat online tegen de beste prijs te kopen. Bestel nu!\" \/>\n<meta name=\"robots\" content=\"index, follow, max-snippet:-1, max-image-preview:large, max-video-preview:-1\" \/>\n<link rel=\"canonical\" href=\"https:\/\/rckopen.com\/de\/produkt\/mit-fumarat\/\" \/>\n<meta property=\"og:locale\" content=\"de_DE\" \/>\n<meta property=\"og:type\" content=\"article\" \/>\n<meta property=\"og:title\" content=\"MET-Fumarate online kopen - MET-Fumarate online te koop\" \/>\n<meta property=\"og:description\" content=\"Als u MET Fumaraat online zonder recept wilt kopen, is rckopen.com de beste plaats om MET Fumaraat online kopen, MET Fumaraat te koop en MET Fumaraat online tegen de beste prijs te kopen. Bestel nu!\" \/>\n<meta property=\"og:url\" content=\"https:\/\/rckopen.com\/de\/produkt\/mit-fumarat\/\" \/>\n<meta property=\"og:site_name\" content=\"RC Kopen\" \/>\n<meta property=\"article:modified_time\" content=\"2025-02-04T05:18:12+00:00\" \/>\n<meta name=\"twitter:card\" content=\"summary_large_image\" \/>\n<meta name=\"twitter:label1\" content=\"Gesch\u00e4tzte Lesezeit\" \/>\n\t<meta name=\"twitter:data1\" content=\"2\u00a0Minuten\" \/>\n<script type=\"application\/ld+json\" class=\"yoast-schema-graph\">{\"@context\":\"https:\/\/schema.org\",\"@graph\":[{\"@type\":\"WebPage\",\"@id\":\"https:\/\/rckopen.com\/product\/met-fumarate\/\",\"url\":\"https:\/\/rckopen.com\/product\/met-fumarate\/\",\"name\":\"MET-Fumarate online kopen - MET-Fumarate online te koop\",\"isPartOf\":{\"@id\":\"https:\/\/rckopen.com\/#website\"},\"datePublished\":\"2023-08-17T11:01:22+00:00\",\"dateModified\":\"2025-02-04T05:18:12+00:00\",\"description\":\"Als u MET Fumaraat online zonder recept wilt kopen, is rckopen.com de beste plaats om MET Fumaraat online kopen, MET Fumaraat te koop en MET Fumaraat online tegen de beste prijs te kopen. Bestel nu!\",\"breadcrumb\":{\"@id\":\"https:\/\/rckopen.com\/product\/met-fumarate\/#breadcrumb\"},\"inLanguage\":\"de-CH\",\"potentialAction\":[{\"@type\":\"ReadAction\",\"target\":[\"https:\/\/rckopen.com\/product\/met-fumarate\/\"]}]},{\"@type\":\"BreadcrumbList\",\"@id\":\"https:\/\/rckopen.com\/product\/met-fumarate\/#breadcrumb\",\"itemListElement\":[{\"@type\":\"ListItem\",\"position\":1,\"name\":\"Home\",\"item\":\"https:\/\/rckopen.com\/\"},{\"@type\":\"ListItem\",\"position\":2,\"name\":\"Shop\",\"item\":\"https:\/\/rckopen.com\/shop\/\"},{\"@type\":\"ListItem\",\"position\":3,\"name\":\"MET Fumarate online Kopen\"}]},{\"@type\":\"WebSite\",\"@id\":\"https:\/\/rckopen.com\/#website\",\"url\":\"https:\/\/rckopen.com\/\",\"name\":\"RC Kopen\",\"description\":\"Research Chemicals\",\"potentialAction\":[{\"@type\":\"SearchAction\",\"target\":{\"@type\":\"EntryPoint\",\"urlTemplate\":\"https:\/\/rckopen.com\/?s={search_term_string}\"},\"query-input\":{\"@type\":\"PropertyValueSpecification\",\"valueRequired\":true,\"valueName\":\"search_term_string\"}}],\"inLanguage\":\"de-CH\"}]}<\/script>\n<!-- \/ Yoast SEO plugin. -->","yoast_head_json":{"title":"MET-Fumarate online kopen - MET-Fumarate online te koop","description":"Als u MET Fumaraat online zonder recept wilt kopen, is rckopen.com de beste plaats om MET Fumaraat online kopen, MET Fumaraat te koop en MET Fumaraat online tegen de beste prijs te kopen. Bestel nu!","robots":{"index":"index","follow":"follow","max-snippet":"max-snippet:-1","max-image-preview":"max-image-preview:large","max-video-preview":"max-video-preview:-1"},"canonical":"https:\/\/rckopen.com\/de\/produkt\/mit-fumarat\/","og_locale":"de_DE","og_type":"article","og_title":"MET-Fumarate online kopen - MET-Fumarate online te koop","og_description":"Als u MET Fumaraat online zonder recept wilt kopen, is rckopen.com de beste plaats om MET Fumaraat online kopen, MET Fumaraat te koop en MET Fumaraat online tegen de beste prijs te kopen. Bestel nu!","og_url":"https:\/\/rckopen.com\/de\/produkt\/mit-fumarat\/","og_site_name":"RC Kopen","article_modified_time":"2025-02-04T05:18:12+00:00","twitter_card":"summary_large_image","twitter_misc":{"Gesch\u00e4tzte Lesezeit":"2\u00a0Minuten"},"schema":{"@context":"https:\/\/schema.org","@graph":[{"@type":"WebPage","@id":"https:\/\/rckopen.com\/product\/met-fumarate\/","url":"https:\/\/rckopen.com\/product\/met-fumarate\/","name":"MET-Fumarate online kopen - MET-Fumarate online te koop","isPartOf":{"@id":"https:\/\/rckopen.com\/#website"},"datePublished":"2023-08-17T11:01:22+00:00","dateModified":"2025-02-04T05:18:12+00:00","description":"Als u MET Fumaraat online zonder recept wilt kopen, is rckopen.com de beste plaats om MET Fumaraat online kopen, MET Fumaraat te koop en MET Fumaraat online tegen de beste prijs te kopen. Bestel nu!","breadcrumb":{"@id":"https:\/\/rckopen.com\/product\/met-fumarate\/#breadcrumb"},"inLanguage":"de-CH","potentialAction":[{"@type":"ReadAction","target":["https:\/\/rckopen.com\/product\/met-fumarate\/"]}]},{"@type":"BreadcrumbList","@id":"https:\/\/rckopen.com\/product\/met-fumarate\/#breadcrumb","itemListElement":[{"@type":"ListItem","position":1,"name":"Home","item":"https:\/\/rckopen.com\/"},{"@type":"ListItem","position":2,"name":"Shop","item":"https:\/\/rckopen.com\/shop\/"},{"@type":"ListItem","position":3,"name":"MET Fumarate online Kopen"}]},{"@type":"WebSite","@id":"https:\/\/rckopen.com\/#website","url":"https:\/\/rckopen.com\/","name":"RC Kopen","description":"Research Chemicals","potentialAction":[{"@type":"SearchAction","target":{"@type":"EntryPoint","urlTemplate":"https:\/\/rckopen.com\/?s={search_term_string}"},"query-input":{"@type":"PropertyValueSpecification","valueRequired":true,"valueName":"search_term_string"}}],"inLanguage":"de-CH"}]}},"_links":{"self":[{"href":"https:\/\/rckopen.com\/de\/wp-json\/wp\/v2\/product\/6757","targetHints":{"allow":["GET"]}}],"collection":[{"href":"https:\/\/rckopen.com\/de\/wp-json\/wp\/v2\/product"}],"about":[{"href":"https:\/\/rckopen.com\/de\/wp-json\/wp\/v2\/types\/product"}],"replies":[{"embeddable":true,"href":"https:\/\/rckopen.com\/de\/wp-json\/wp\/v2\/comments?post=6757"}],"wp:attachment":[{"href":"https:\/\/rckopen.com\/de\/wp-json\/wp\/v2\/media?parent=6757"}],"wp:term":[{"taxonomy":"product_brand","embeddable":true,"href":"https:\/\/rckopen.com\/de\/wp-json\/wp\/v2\/product_brand?post=6757"},{"taxonomy":"product_cat","embeddable":true,"href":"https:\/\/rckopen.com\/de\/wp-json\/wp\/v2\/product_cat?post=6757"},{"taxonomy":"product_tag","embeddable":true,"href":"https:\/\/rckopen.com\/de\/wp-json\/wp\/v2\/product_tag?post=6757"}],"curies":[{"name":"wp","href":"https:\/\/api.w.org\/{rel}","templated":true}]}}