{"id":6771,"date":"2023-08-17T11:07:31","date_gmt":"2023-08-17T11:07:31","guid":{"rendered":"https:\/\/diligentplug.com\/chems\/?post_type=product&#038;p=6771"},"modified":"2025-01-31T05:24:05","modified_gmt":"2025-01-31T05:24:05","slug":"4-ho-ept","status":"publish","type":"product","link":"https:\/\/rckopen.com\/de\/produkt\/4-ho-ept\/","title":{"rendered":"4-HO-EPT online kaufen"},"content":{"rendered":"<h2>Ontdek de beste plek om 4-HO-EPT online kopen \u2013 RCKopen<\/h2>\n<p>Willkommen bei <a href=\"https:\/\/rckopen.com\/de\/\">Rckopen.com<\/a>, Ihre erste Adresse f\u00fcr den Kauf <a href=\"https:\/\/rckopen.com\/de\/produkt\/4-ho-ept\/\">4-HO-EPT<\/a> und andere Forschungschemikalien. Egal, ob Sie ein akademischer Forscher, ein Chemie-Enthusiast oder ein Fachmann auf diesem Gebiet sind, wir bieten Ihnen eine sichere Plattform f\u00fcr den einfachen Erwerb von hochwertigem 4-HO-EPT.<\/p>\n<h3>Warum sollten Sie RCKopen f\u00fcr Ihre 4-HO-EPT-Anforderungen w\u00e4hlen?<\/h3>\n<p>Bei RCKopen sind wir stolz darauf, erstklassige <a href=\"https:\/\/en.wikipedia.org\/wiki\/4-HO-EPT\">4-HO-EPT<\/a> zum Verkauf anbieten und au\u00dfergew\u00f6hnlichen Kundenservice bieten. Das zeichnet uns aus:<br \/>\nVielfalt: Entdecken Sie unsere gro\u00dfe Auswahl an Forschungschemikalien, bestellen Sie 4-HO-EPT, um sicherzustellen, dass Sie die Verbindungen finden, die Sie f\u00fcr Ihre Studien oder Experimente ben\u00f6tigen.<\/p>\n<p>Qualit\u00e4tssicherung: Wir beziehen unser 4-HO-EPT von renommierten Lieferanten und gew\u00e4hrleisten so die Reinheit und Authentizit\u00e4t jedes von uns angebotenen Produkts.<br \/>\nGesetzliche Konformit\u00e4t: Sie k\u00f6nnen sicher sein, dass Sie 4-HO-EPT legal erwerben, wenn Sie es bei uns kaufen. Wir halten uns an alle Vorschriften und Richtlinien und sorgen f\u00fcr einen reibungslosen und konformen Kaufprozess.<\/p>\n<p>Sichere Transaktionen: Ihre Sicherheit hat f\u00fcr uns Priorit\u00e4t. Mit verschl\u00fcsselten Zahlungsgateways und sicheren Checkout-Prozessen k\u00f6nnen Sie 4-HO-EPT vertrauensvoll bei uns kaufen.<\/p>\n<p>Wo k\u00f6nnen Sie 4-HO-EPT ohne Rezept kaufen? Suchen Sie nicht weiter!<br \/>\nWondering where to buy 4-HO-EPT without a prescription? RCKopen has you covered. Through our platform, you can order 4-HO-EPT hassle-free, without the need for a prescription. Simply browse through our website, add the desired products to the cart and proceed to checkout - it's that simple.<\/p>\n<h3>Erleben Sie bequemes Einkaufen f\u00fcr 4-HO-EPT online kaufen<\/h3>\n<p>Vergessen Sie den Aufwand, auf der Suche nach 4-HO-EPT mehrere Gesch\u00e4fte abzuklappern. Mit RCKopen k\u00f6nnen Sie 4-HO-EPT bequem von Ihrem Sessel aus online kaufen. Unsere benutzerfreundliche Oberfl\u00e4che macht das St\u00f6bern und Kaufen zum Kinderspiel und spart Ihnen Zeit und M\u00fche.<\/p>\n<h3>4-HO-EPT legal online kaufen in Gro\u00dfbritannien und im Ausland<\/h3>\n<p>F\u00fcr Kunden in Gro\u00dfbritannien und im Ausland bietet RCKopen eine bequeme L\u00f6sung zum legalen Kauf von 4-HO-EPT. Egal, ob Sie an der Universit\u00e4t oder in der Industrie forschen, unsere Plattform garantiert den Zugang zu 4-HO-EPT in \u00dcbereinstimmung mit den geltenden Gesetzen und Vorschriften.<\/p>\n<h3>Bereit, loszulegen? Kaufen Sie 4-HO-EPT noch heute online!<\/h3>\n<p>Warten Sie nicht l\u00e4nger und kaufen Sie 4-HO-EPT in Gro\u00dfbritannien f\u00fcr Ihre Forschungsbem\u00fchungen. Erkunden Sie unsere Website, st\u00f6bern Sie in unserem Produktsortiment und geben Sie noch heute Ihre Bestellung auf. Mit schnellem Versand und zuverl\u00e4ssigem Service ist RCKopen Ihr bevorzugtes Ziel f\u00fcr den Online-Kauf von 4-HO-EPT. Sch\u00f6pfen Sie mit RCKopen das Potenzial Ihrer Forschung aus.<\/p>","protected":false},"excerpt":{"rendered":"<p><strong>IUPAC-Name: <\/strong>3-{2-[Ethyl(propyl)amino]ethyl}-1H-indol-4-ol<\/p>\n<p><strong>CAS # <\/strong>K.A.<\/p>\n<p><strong>Anderer Name: <\/strong>4-Hydroxy-N-ethyl-N-propyltryptamin<\/p>\n<p><strong>Erscheinungsbild: <\/strong>Pulver<\/p>\n<p><strong>Form: <\/strong>Fumarat<\/p>\n<p><strong>NMR-Analyse: <\/strong>C15H22N2O<\/p>","protected":false},"featured_media":6948,"comment_status":"open","ping_status":"closed","template":"","meta":{"_joinchat":[]},"product_brand":[],"product_cat":[149],"product_tag":[],"class_list":{"0":"post-6771","1":"product","2":"type-product","3":"status-publish","4":"has-post-thumbnail","6":"product_cat-tryptaminen","8":"first","9":"instock","10":"shipping-taxable","11":"purchasable","12":"product-type-variable"},"yoast_head":"<!-- This site is optimized with the Yoast SEO plugin v26.3 - https:\/\/yoast.com\/wordpress\/plugins\/seo\/ -->\n<title>4-Ho-EPT online kopen - 4-Ho-EPT te koop | RC Kopen<\/title>\n<meta name=\"description\" content=\"In onze RC Kopen online winkel hebben we 4-Ho-EPT te koop. 4-Ho-EPT kunt u bij ons eenvoudig online kopen van topkwaliteit tegen de beste prijzen. Bestel nu!\" \/>\n<meta name=\"robots\" content=\"index, follow, max-snippet:-1, max-image-preview:large, max-video-preview:-1\" \/>\n<link rel=\"canonical\" href=\"https:\/\/rckopen.com\/de\/produkt\/4-ho-ept\/\" \/>\n<meta property=\"og:locale\" content=\"de_DE\" \/>\n<meta property=\"og:type\" content=\"article\" \/>\n<meta property=\"og:title\" content=\"4-Ho-EPT online kopen - 4-Ho-EPT te koop | RC Kopen\" \/>\n<meta property=\"og:description\" content=\"In onze RC Kopen online winkel hebben we 4-Ho-EPT te koop. 4-Ho-EPT kunt u bij ons eenvoudig online kopen van topkwaliteit tegen de beste prijzen. Bestel nu!\" \/>\n<meta property=\"og:url\" content=\"https:\/\/rckopen.com\/de\/produkt\/4-ho-ept\/\" \/>\n<meta property=\"og:site_name\" content=\"RC Kopen\" \/>\n<meta property=\"article:modified_time\" content=\"2025-01-31T05:24:05+00:00\" \/>\n<meta property=\"og:image\" content=\"https:\/\/rckopen.com\/wp-content\/uploads\/2023\/08\/4-HO-EPT.jpg\" \/>\n\t<meta property=\"og:image:width\" content=\"600\" \/>\n\t<meta property=\"og:image:height\" content=\"600\" \/>\n\t<meta property=\"og:image:type\" content=\"image\/jpeg\" \/>\n<meta name=\"twitter:card\" content=\"summary_large_image\" \/>\n<meta name=\"twitter:label1\" content=\"Gesch\u00e4tzte Lesezeit\" \/>\n\t<meta name=\"twitter:data1\" content=\"2\u00a0Minuten\" \/>\n<script type=\"application\/ld+json\" class=\"yoast-schema-graph\">{\"@context\":\"https:\/\/schema.org\",\"@graph\":[{\"@type\":\"WebPage\",\"@id\":\"https:\/\/rckopen.com\/product\/4-ho-ept\/\",\"url\":\"https:\/\/rckopen.com\/product\/4-ho-ept\/\",\"name\":\"4-Ho-EPT online kopen - 4-Ho-EPT te koop | RC Kopen\",\"isPartOf\":{\"@id\":\"https:\/\/rckopen.com\/#website\"},\"primaryImageOfPage\":{\"@id\":\"https:\/\/rckopen.com\/product\/4-ho-ept\/#primaryimage\"},\"image\":{\"@id\":\"https:\/\/rckopen.com\/product\/4-ho-ept\/#primaryimage\"},\"thumbnailUrl\":\"https:\/\/rckopen.com\/wp-content\/uploads\/2023\/08\/4-HO-EPT.jpg\",\"datePublished\":\"2023-08-17T11:07:31+00:00\",\"dateModified\":\"2025-01-31T05:24:05+00:00\",\"description\":\"In onze RC Kopen online winkel hebben we 4-Ho-EPT te koop. 4-Ho-EPT kunt u bij ons eenvoudig online kopen van topkwaliteit tegen de beste prijzen. Bestel nu!\",\"breadcrumb\":{\"@id\":\"https:\/\/rckopen.com\/product\/4-ho-ept\/#breadcrumb\"},\"inLanguage\":\"de-CH\",\"potentialAction\":[{\"@type\":\"ReadAction\",\"target\":[\"https:\/\/rckopen.com\/product\/4-ho-ept\/\"]}]},{\"@type\":\"ImageObject\",\"inLanguage\":\"de-CH\",\"@id\":\"https:\/\/rckopen.com\/product\/4-ho-ept\/#primaryimage\",\"url\":\"https:\/\/rckopen.com\/wp-content\/uploads\/2023\/08\/4-HO-EPT.jpg\",\"contentUrl\":\"https:\/\/rckopen.com\/wp-content\/uploads\/2023\/08\/4-HO-EPT.jpg\",\"width\":600,\"height\":600,\"caption\":\"4-HO-EPT online kopen\"},{\"@type\":\"BreadcrumbList\",\"@id\":\"https:\/\/rckopen.com\/product\/4-ho-ept\/#breadcrumb\",\"itemListElement\":[{\"@type\":\"ListItem\",\"position\":1,\"name\":\"Home\",\"item\":\"https:\/\/rckopen.com\/\"},{\"@type\":\"ListItem\",\"position\":2,\"name\":\"Shop\",\"item\":\"https:\/\/rckopen.com\/shop\/\"},{\"@type\":\"ListItem\",\"position\":3,\"name\":\"4-HO-EPT online kopen\"}]},{\"@type\":\"WebSite\",\"@id\":\"https:\/\/rckopen.com\/#website\",\"url\":\"https:\/\/rckopen.com\/\",\"name\":\"RC Kopen\",\"description\":\"Research Chemicals\",\"potentialAction\":[{\"@type\":\"SearchAction\",\"target\":{\"@type\":\"EntryPoint\",\"urlTemplate\":\"https:\/\/rckopen.com\/?s={search_term_string}\"},\"query-input\":{\"@type\":\"PropertyValueSpecification\",\"valueRequired\":true,\"valueName\":\"search_term_string\"}}],\"inLanguage\":\"de-CH\"}]}<\/script>\n<!-- \/ Yoast SEO plugin. -->","yoast_head_json":{"title":"4-Ho-EPT online kopen - 4-Ho-EPT te koop | RC Kopen","description":"In onze RC Kopen online winkel hebben we 4-Ho-EPT te koop. 4-Ho-EPT kunt u bij ons eenvoudig online kopen van topkwaliteit tegen de beste prijzen. Bestel nu!","robots":{"index":"index","follow":"follow","max-snippet":"max-snippet:-1","max-image-preview":"max-image-preview:large","max-video-preview":"max-video-preview:-1"},"canonical":"https:\/\/rckopen.com\/de\/produkt\/4-ho-ept\/","og_locale":"de_DE","og_type":"article","og_title":"4-Ho-EPT online kopen - 4-Ho-EPT te koop | RC Kopen","og_description":"In onze RC Kopen online winkel hebben we 4-Ho-EPT te koop. 4-Ho-EPT kunt u bij ons eenvoudig online kopen van topkwaliteit tegen de beste prijzen. Bestel nu!","og_url":"https:\/\/rckopen.com\/de\/produkt\/4-ho-ept\/","og_site_name":"RC Kopen","article_modified_time":"2025-01-31T05:24:05+00:00","og_image":[{"width":600,"height":600,"url":"https:\/\/rckopen.com\/wp-content\/uploads\/2023\/08\/4-HO-EPT.jpg","type":"image\/jpeg"}],"twitter_card":"summary_large_image","twitter_misc":{"Gesch\u00e4tzte Lesezeit":"2\u00a0Minuten"},"schema":{"@context":"https:\/\/schema.org","@graph":[{"@type":"WebPage","@id":"https:\/\/rckopen.com\/product\/4-ho-ept\/","url":"https:\/\/rckopen.com\/product\/4-ho-ept\/","name":"4-Ho-EPT online kopen - 4-Ho-EPT te koop | RC Kopen","isPartOf":{"@id":"https:\/\/rckopen.com\/#website"},"primaryImageOfPage":{"@id":"https:\/\/rckopen.com\/product\/4-ho-ept\/#primaryimage"},"image":{"@id":"https:\/\/rckopen.com\/product\/4-ho-ept\/#primaryimage"},"thumbnailUrl":"https:\/\/rckopen.com\/wp-content\/uploads\/2023\/08\/4-HO-EPT.jpg","datePublished":"2023-08-17T11:07:31+00:00","dateModified":"2025-01-31T05:24:05+00:00","description":"In onze RC Kopen online winkel hebben we 4-Ho-EPT te koop. 4-Ho-EPT kunt u bij ons eenvoudig online kopen van topkwaliteit tegen de beste prijzen. Bestel nu!","breadcrumb":{"@id":"https:\/\/rckopen.com\/product\/4-ho-ept\/#breadcrumb"},"inLanguage":"de-CH","potentialAction":[{"@type":"ReadAction","target":["https:\/\/rckopen.com\/product\/4-ho-ept\/"]}]},{"@type":"ImageObject","inLanguage":"de-CH","@id":"https:\/\/rckopen.com\/product\/4-ho-ept\/#primaryimage","url":"https:\/\/rckopen.com\/wp-content\/uploads\/2023\/08\/4-HO-EPT.jpg","contentUrl":"https:\/\/rckopen.com\/wp-content\/uploads\/2023\/08\/4-HO-EPT.jpg","width":600,"height":600,"caption":"4-HO-EPT online kopen"},{"@type":"BreadcrumbList","@id":"https:\/\/rckopen.com\/product\/4-ho-ept\/#breadcrumb","itemListElement":[{"@type":"ListItem","position":1,"name":"Home","item":"https:\/\/rckopen.com\/"},{"@type":"ListItem","position":2,"name":"Shop","item":"https:\/\/rckopen.com\/shop\/"},{"@type":"ListItem","position":3,"name":"4-HO-EPT online kopen"}]},{"@type":"WebSite","@id":"https:\/\/rckopen.com\/#website","url":"https:\/\/rckopen.com\/","name":"RC Kopen","description":"Research Chemicals","potentialAction":[{"@type":"SearchAction","target":{"@type":"EntryPoint","urlTemplate":"https:\/\/rckopen.com\/?s={search_term_string}"},"query-input":{"@type":"PropertyValueSpecification","valueRequired":true,"valueName":"search_term_string"}}],"inLanguage":"de-CH"}]}},"_links":{"self":[{"href":"https:\/\/rckopen.com\/de\/wp-json\/wp\/v2\/product\/6771","targetHints":{"allow":["GET"]}}],"collection":[{"href":"https:\/\/rckopen.com\/de\/wp-json\/wp\/v2\/product"}],"about":[{"href":"https:\/\/rckopen.com\/de\/wp-json\/wp\/v2\/types\/product"}],"replies":[{"embeddable":true,"href":"https:\/\/rckopen.com\/de\/wp-json\/wp\/v2\/comments?post=6771"}],"wp:featuredmedia":[{"embeddable":true,"href":"https:\/\/rckopen.com\/de\/wp-json\/wp\/v2\/media\/6948"}],"wp:attachment":[{"href":"https:\/\/rckopen.com\/de\/wp-json\/wp\/v2\/media?parent=6771"}],"wp:term":[{"taxonomy":"product_brand","embeddable":true,"href":"https:\/\/rckopen.com\/de\/wp-json\/wp\/v2\/product_brand?post=6771"},{"taxonomy":"product_cat","embeddable":true,"href":"https:\/\/rckopen.com\/de\/wp-json\/wp\/v2\/product_cat?post=6771"},{"taxonomy":"product_tag","embeddable":true,"href":"https:\/\/rckopen.com\/de\/wp-json\/wp\/v2\/product_tag?post=6771"}],"curies":[{"name":"wp","href":"https:\/\/api.w.org\/{rel}","templated":true}]}}