{"id":6800,"date":"2023-08-17T11:50:21","date_gmt":"2023-08-17T11:50:21","guid":{"rendered":"https:\/\/diligentplug.com\/chems\/?post_type=product&#038;p=6800"},"modified":"2025-01-31T04:47:50","modified_gmt":"2025-01-31T04:47:50","slug":"4-aco-dpt","status":"publish","type":"product","link":"https:\/\/rckopen.com\/de\/produkt\/4-aco-dpt\/","title":{"rendered":"4-ACO-DPT online kaufen"},"content":{"rendered":"<h2>4-ACO-DPT online kaufen<\/h2>\n<p>Entdecken Sie das ultimative Ziel f\u00fcr 4-AcO-DPT Pulver: Narcomeds.com<\/p>\n<p>Erleben Sie den Komfort des Einkaufens <a href=\"https:\/\/rckopen.com\/de\/produkt\/4-aco-dpt\/\">4-AcO-DPT<\/a> Erleben Sie den Komfort des Kaufs von 4-AcO-DPT Powder auf Narcomeds.com! Mit einem einfachen und sicheren Bestellvorgang k\u00f6nnen Sie 4-AcO-DPT Powder problemlos kaufen. \u00dcber unsere benutzerfreundliche Website k\u00f6nnen Sie m\u00fchelos Ihr gew\u00fcnschtes Produkt finden und bestellen. Ob Sie ein Forscher oder ein Enthusiast sind, wir sind f\u00fcr Sie da. Verabschieden Sie sich vom Stress der Suche nach 4-AcO-DPT Powder und begr\u00fc\u00dfen Sie die Bequemlichkeit bei Narcomeds.com. Bestellen Sie jetzt und erleben Sie die Bequemlichkeit des Kaufs von 4-AcO-DPT Pulver h\u00f6chster Qualit\u00e4t online!<\/p>\n<p>Biene <a href=\"https:\/\/rckopen.com\/de\/\">RCKopen<\/a> Wir bieten eine nahtlose Online-Plattform, die es Ihnen erm\u00f6glicht, <a href=\"https:\/\/en.wikipedia.org\/wiki\/4-AcO-DPT\">4-AcO-DPT<\/a>-powder. Our user-friendly interface ensures a smooth shopping experience, whether you are a first-time buyer or a returning customer.<\/p>\n<p>Wo Qualit\u00e4t und Komfort zusammenkommen<br \/>\nWo k\u00f6nnen Sie 4-AcO-DPT-Pulver von h\u00f6chster Qualit\u00e4t kaufen? Suchen Sie nicht weiter. Narcomeds.com bietet hochwertiges 4-AcO-DPT-Pulver, das strenge Qualit\u00e4tsstandards erf\u00fcllt. Mit nur wenigen Klicks k\u00f6nnen Sie sich das gew\u00fcnschte Produkt bis an Ihre Haust\u00fcr liefern lassen.<\/p>\n<h3>4-AcO-DPT-Pulver zum Verkauf finden<\/h3>\n<p>Sie suchen nach 4-AcO-DPT Pulver zum Verkauf? Ihre Suche endet hier. Narcomeds.com ist Ihre Anlaufstelle f\u00fcr authentische Produkte zu wettbewerbsf\u00e4higen Preisen. Wir legen gro\u00dfen Wert auf Kundenzufriedenheit und bem\u00fchen uns, das beste Preis-Leistungs-Verh\u00e4ltnis zu bieten.<\/p>\n<p>Nahtloser Bestellvorgang<br \/>\nM\u00f6chten Sie 4-AcO-DPT-Pulver bestellen? Unser \u00fcbersichtlicher Bestellvorgang macht es schnell und einfach. St\u00f6bern Sie in unserem umfangreichen Sortiment, legen Sie die gew\u00fcnschten Artikel in Ihren Warenkorb und gehen Sie zur Kasse. Mit sicheren Zahlungsoptionen und diskreter Verpackung ist Ihre Privatsph\u00e4re unsere Priorit\u00e4t.<\/p>\n<p>Seri\u00f6se und zuverl\u00e4ssige Quelle<br \/>\nSie k\u00f6nnen sicher sein, dass Sie es mit einer legitimen und zuverl\u00e4ssigen Quelle zu tun haben, wenn Sie 4-AcO-DPT Pulver legal bei Narcomeds.com kaufen. Wir halten uns an alle gesetzlichen Vorschriften und garantieren unseren Kunden ein sicheres und gesetzeskonformes Einkaufserlebnis.<\/p>\n<h3>Ihr vertrauensw\u00fcrdiger 4-AcO-DPT Pulver-Shop<\/h3>\n<p>Narcomeds.com ist Ihr 4-AcO-DPT-Pulver-Shop aus einer Hand. Ob in Deutschland oder anderswo, wir bieten weltweiten Versand f\u00fcr Ihre Bequemlichkeit. Erleben Sie den Komfort des Online-Shoppings mit der Zuverl\u00e4ssigkeit eines vertrauensw\u00fcrdigen Lieferanten.<\/p>\n<h3>Bequemlichkeit ohne Kompromisse<\/h3>\n<p>Vergessen Sie den \u00c4rger, ein Rezept zu bekommen, wenn Sie 4-AcO-DPT Powder ohne Rezept von Narcomeds.com kaufen. Wir legen gro\u00dfen Wert auf Zug\u00e4nglichkeit und Bequemlichkeit, damit Sie ohne unn\u00f6tige Hindernisse auf die Produkte zugreifen k\u00f6nnen, die Sie ben\u00f6tigen.<\/p>\n<p>Erleben Sie Komfort und Qualit\u00e4t bei RcKopen.com<br \/>\nMit Rckopen.com war der Kauf von 4-AcO-DPT-Pulver noch nie so einfach. Entdecken Sie unsere gro\u00dfe Auswahl, geben Sie Ihre Bestellung vertrauensvoll auf und freuen Sie sich \u00fcber die diskrete Lieferung bis an Ihre Haust\u00fcr. Vertrauen Sie bei all Ihren 4-AcO-DPT-Pulveranforderungen auf Rckopen.com und erleben Sie Komfort ohne Kompromisse.<\/p>","protected":false},"excerpt":{"rendered":"<p><strong>IUPAC-Name: <\/strong>[3-[2-(Dipropylamino)ethyl]-1H-indol-4-yl]-acetat<\/p>\n<p><strong>CAS # <\/strong>1445751-75-6<\/p>\n<p><strong>Anderer Name: <\/strong>4-Acetoxy-N,N-dipropyltryptamin<\/p>\n<p><strong>Form: <\/strong>Fumarat<\/p>\n<p><strong>NMR-Analyse: <\/strong>C18H26N2O2<\/p>","protected":false},"featured_media":7658,"comment_status":"open","ping_status":"closed","template":"","meta":{"_joinchat":[]},"product_brand":[],"product_cat":[149],"product_tag":[],"class_list":{"0":"post-6800","1":"product","2":"type-product","3":"status-publish","4":"has-post-thumbnail","6":"product_cat-tryptaminen","8":"first","9":"instock","10":"shipping-taxable","11":"purchasable","12":"product-type-variable"},"yoast_head":"<!-- This site is optimized with the Yoast SEO plugin v26.3 - https:\/\/yoast.com\/wordpress\/plugins\/seo\/ -->\n<title>4-Aco-Dpt online kopen - 4-Aco-Dpt online | RC Kopen<\/title>\n<meta name=\"description\" content=\"Onze RC kopen online winkel heeft hoogwaardige 4-Aco-Dpt te koop. Bent u bereid om 4-Aco-Dpt online kopen, laat het ons dan weten. Wij zullen uw wensen binnenkort invullen!\" \/>\n<meta name=\"robots\" content=\"index, follow, max-snippet:-1, max-image-preview:large, max-video-preview:-1\" \/>\n<link rel=\"canonical\" href=\"https:\/\/rckopen.com\/de\/produkt\/4-aco-dpt\/\" \/>\n<meta property=\"og:locale\" content=\"de_DE\" \/>\n<meta property=\"og:type\" content=\"article\" \/>\n<meta property=\"og:title\" content=\"4-Aco-Dpt online kopen - 4-Aco-Dpt online | RC Kopen\" \/>\n<meta property=\"og:description\" content=\"Onze RC kopen online winkel heeft hoogwaardige 4-Aco-Dpt te koop. Bent u bereid om 4-Aco-Dpt online kopen, laat het ons dan weten. Wij zullen uw wensen binnenkort invullen!\" \/>\n<meta property=\"og:url\" content=\"https:\/\/rckopen.com\/de\/produkt\/4-aco-dpt\/\" \/>\n<meta property=\"og:site_name\" content=\"RC Kopen\" \/>\n<meta property=\"article:modified_time\" content=\"2025-01-31T04:47:50+00:00\" \/>\n<meta property=\"og:image\" content=\"https:\/\/rckopen.com\/wp-content\/uploads\/2023\/08\/4-ACO-DPT-1.jpg\" \/>\n\t<meta property=\"og:image:width\" content=\"600\" \/>\n\t<meta property=\"og:image:height\" content=\"600\" \/>\n\t<meta property=\"og:image:type\" content=\"image\/jpeg\" \/>\n<meta name=\"twitter:card\" content=\"summary_large_image\" \/>\n<meta name=\"twitter:label1\" content=\"Gesch\u00e4tzte Lesezeit\" \/>\n\t<meta name=\"twitter:data1\" content=\"3\u00a0Minuten\" \/>\n<script type=\"application\/ld+json\" class=\"yoast-schema-graph\">{\"@context\":\"https:\/\/schema.org\",\"@graph\":[{\"@type\":\"WebPage\",\"@id\":\"https:\/\/rckopen.com\/product\/4-aco-dpt\/\",\"url\":\"https:\/\/rckopen.com\/product\/4-aco-dpt\/\",\"name\":\"4-Aco-Dpt online kopen - 4-Aco-Dpt online | RC Kopen\",\"isPartOf\":{\"@id\":\"https:\/\/rckopen.com\/#website\"},\"primaryImageOfPage\":{\"@id\":\"https:\/\/rckopen.com\/product\/4-aco-dpt\/#primaryimage\"},\"image\":{\"@id\":\"https:\/\/rckopen.com\/product\/4-aco-dpt\/#primaryimage\"},\"thumbnailUrl\":\"https:\/\/rckopen.com\/wp-content\/uploads\/2023\/08\/4-ACO-DPT-1.jpg\",\"datePublished\":\"2023-08-17T11:50:21+00:00\",\"dateModified\":\"2025-01-31T04:47:50+00:00\",\"description\":\"Onze RC kopen online winkel heeft hoogwaardige 4-Aco-Dpt te koop. Bent u bereid om 4-Aco-Dpt online kopen, laat het ons dan weten. Wij zullen uw wensen binnenkort invullen!\",\"breadcrumb\":{\"@id\":\"https:\/\/rckopen.com\/product\/4-aco-dpt\/#breadcrumb\"},\"inLanguage\":\"de-CH\",\"potentialAction\":[{\"@type\":\"ReadAction\",\"target\":[\"https:\/\/rckopen.com\/product\/4-aco-dpt\/\"]}]},{\"@type\":\"ImageObject\",\"inLanguage\":\"de-CH\",\"@id\":\"https:\/\/rckopen.com\/product\/4-aco-dpt\/#primaryimage\",\"url\":\"https:\/\/rckopen.com\/wp-content\/uploads\/2023\/08\/4-ACO-DPT-1.jpg\",\"contentUrl\":\"https:\/\/rckopen.com\/wp-content\/uploads\/2023\/08\/4-ACO-DPT-1.jpg\",\"width\":600,\"height\":600,\"caption\":\"4-ACO-DPT online kopen\"},{\"@type\":\"BreadcrumbList\",\"@id\":\"https:\/\/rckopen.com\/product\/4-aco-dpt\/#breadcrumb\",\"itemListElement\":[{\"@type\":\"ListItem\",\"position\":1,\"name\":\"Home\",\"item\":\"https:\/\/rckopen.com\/\"},{\"@type\":\"ListItem\",\"position\":2,\"name\":\"Shop\",\"item\":\"https:\/\/rckopen.com\/shop\/\"},{\"@type\":\"ListItem\",\"position\":3,\"name\":\"4-ACO-DPT online kopen\"}]},{\"@type\":\"WebSite\",\"@id\":\"https:\/\/rckopen.com\/#website\",\"url\":\"https:\/\/rckopen.com\/\",\"name\":\"RC Kopen\",\"description\":\"Research Chemicals\",\"potentialAction\":[{\"@type\":\"SearchAction\",\"target\":{\"@type\":\"EntryPoint\",\"urlTemplate\":\"https:\/\/rckopen.com\/?s={search_term_string}\"},\"query-input\":{\"@type\":\"PropertyValueSpecification\",\"valueRequired\":true,\"valueName\":\"search_term_string\"}}],\"inLanguage\":\"de-CH\"}]}<\/script>\n<!-- \/ Yoast SEO plugin. -->","yoast_head_json":{"title":"4-Aco-Dpt online kopen - 4-Aco-Dpt online | RC Kopen","description":"Onze RC kopen online winkel heeft hoogwaardige 4-Aco-Dpt te koop. Bent u bereid om 4-Aco-Dpt online kopen, laat het ons dan weten. Wij zullen uw wensen binnenkort invullen!","robots":{"index":"index","follow":"follow","max-snippet":"max-snippet:-1","max-image-preview":"max-image-preview:large","max-video-preview":"max-video-preview:-1"},"canonical":"https:\/\/rckopen.com\/de\/produkt\/4-aco-dpt\/","og_locale":"de_DE","og_type":"article","og_title":"4-Aco-Dpt online kopen - 4-Aco-Dpt online | RC Kopen","og_description":"Onze RC kopen online winkel heeft hoogwaardige 4-Aco-Dpt te koop. Bent u bereid om 4-Aco-Dpt online kopen, laat het ons dan weten. Wij zullen uw wensen binnenkort invullen!","og_url":"https:\/\/rckopen.com\/de\/produkt\/4-aco-dpt\/","og_site_name":"RC Kopen","article_modified_time":"2025-01-31T04:47:50+00:00","og_image":[{"width":600,"height":600,"url":"https:\/\/rckopen.com\/wp-content\/uploads\/2023\/08\/4-ACO-DPT-1.jpg","type":"image\/jpeg"}],"twitter_card":"summary_large_image","twitter_misc":{"Gesch\u00e4tzte Lesezeit":"3\u00a0Minuten"},"schema":{"@context":"https:\/\/schema.org","@graph":[{"@type":"WebPage","@id":"https:\/\/rckopen.com\/product\/4-aco-dpt\/","url":"https:\/\/rckopen.com\/product\/4-aco-dpt\/","name":"4-Aco-Dpt online kopen - 4-Aco-Dpt online | RC Kopen","isPartOf":{"@id":"https:\/\/rckopen.com\/#website"},"primaryImageOfPage":{"@id":"https:\/\/rckopen.com\/product\/4-aco-dpt\/#primaryimage"},"image":{"@id":"https:\/\/rckopen.com\/product\/4-aco-dpt\/#primaryimage"},"thumbnailUrl":"https:\/\/rckopen.com\/wp-content\/uploads\/2023\/08\/4-ACO-DPT-1.jpg","datePublished":"2023-08-17T11:50:21+00:00","dateModified":"2025-01-31T04:47:50+00:00","description":"Onze RC kopen online winkel heeft hoogwaardige 4-Aco-Dpt te koop. Bent u bereid om 4-Aco-Dpt online kopen, laat het ons dan weten. Wij zullen uw wensen binnenkort invullen!","breadcrumb":{"@id":"https:\/\/rckopen.com\/product\/4-aco-dpt\/#breadcrumb"},"inLanguage":"de-CH","potentialAction":[{"@type":"ReadAction","target":["https:\/\/rckopen.com\/product\/4-aco-dpt\/"]}]},{"@type":"ImageObject","inLanguage":"de-CH","@id":"https:\/\/rckopen.com\/product\/4-aco-dpt\/#primaryimage","url":"https:\/\/rckopen.com\/wp-content\/uploads\/2023\/08\/4-ACO-DPT-1.jpg","contentUrl":"https:\/\/rckopen.com\/wp-content\/uploads\/2023\/08\/4-ACO-DPT-1.jpg","width":600,"height":600,"caption":"4-ACO-DPT online kopen"},{"@type":"BreadcrumbList","@id":"https:\/\/rckopen.com\/product\/4-aco-dpt\/#breadcrumb","itemListElement":[{"@type":"ListItem","position":1,"name":"Home","item":"https:\/\/rckopen.com\/"},{"@type":"ListItem","position":2,"name":"Shop","item":"https:\/\/rckopen.com\/shop\/"},{"@type":"ListItem","position":3,"name":"4-ACO-DPT online kopen"}]},{"@type":"WebSite","@id":"https:\/\/rckopen.com\/#website","url":"https:\/\/rckopen.com\/","name":"RC Kopen","description":"Research Chemicals","potentialAction":[{"@type":"SearchAction","target":{"@type":"EntryPoint","urlTemplate":"https:\/\/rckopen.com\/?s={search_term_string}"},"query-input":{"@type":"PropertyValueSpecification","valueRequired":true,"valueName":"search_term_string"}}],"inLanguage":"de-CH"}]}},"_links":{"self":[{"href":"https:\/\/rckopen.com\/de\/wp-json\/wp\/v2\/product\/6800","targetHints":{"allow":["GET"]}}],"collection":[{"href":"https:\/\/rckopen.com\/de\/wp-json\/wp\/v2\/product"}],"about":[{"href":"https:\/\/rckopen.com\/de\/wp-json\/wp\/v2\/types\/product"}],"replies":[{"embeddable":true,"href":"https:\/\/rckopen.com\/de\/wp-json\/wp\/v2\/comments?post=6800"}],"wp:featuredmedia":[{"embeddable":true,"href":"https:\/\/rckopen.com\/de\/wp-json\/wp\/v2\/media\/7658"}],"wp:attachment":[{"href":"https:\/\/rckopen.com\/de\/wp-json\/wp\/v2\/media?parent=6800"}],"wp:term":[{"taxonomy":"product_brand","embeddable":true,"href":"https:\/\/rckopen.com\/de\/wp-json\/wp\/v2\/product_brand?post=6800"},{"taxonomy":"product_cat","embeddable":true,"href":"https:\/\/rckopen.com\/de\/wp-json\/wp\/v2\/product_cat?post=6800"},{"taxonomy":"product_tag","embeddable":true,"href":"https:\/\/rckopen.com\/de\/wp-json\/wp\/v2\/product_tag?post=6800"}],"curies":[{"name":"wp","href":"https:\/\/api.w.org\/{rel}","templated":true}]}}