{"id":6993,"date":"2023-08-18T08:08:58","date_gmt":"2023-08-18T08:08:58","guid":{"rendered":"https:\/\/diligentplug.com\/chems\/?post_type=product&#038;p=6993"},"modified":"2025-02-07T07:28:11","modified_gmt":"2025-02-07T07:28:11","slug":"koop-4-ho-met","status":"publish","type":"product","link":"https:\/\/rckopen.com\/de\/produkt\/kaufen-4-ho-mit-3\/","title":{"rendered":"4-HO-MET online kaufen"},"content":{"rendered":"<h2>4-HO-MET online kaufen<\/h2>\n<h2>Voordelen van het kopen van 4-HO-MET online kopen bij RCKopen<\/h2>\n<p>Suchen Sie <a href=\"https:\/\/rckopen.com\/de\/produkt\/kaufen-4-ho-mit-3\/\">4-HO-MET online kaufen<\/a> von h\u00f6chster Qualit\u00e4t? Suchen Sie nicht weiter als RCKopen, Ihre ultimative Adresse f\u00fcr den Bezug dieses begehrten Stoffes. Deshalb ist es eine kluge Entscheidung, 4-HO-MET bei uns zu bestellen:<\/p>\n<h3>Gro\u00dfe Auswahl<\/h3>\n<p>Biene <a href=\"https:\/\/rckopen.com\/de\/\">RCKopen<\/a> Wir bieten eine gro\u00dfe Auswahl an Forschungschemikalien, einschlie\u00dflich 4-HO-MET, zum Onlinekauf an, damit Sie Zugriff auf die Produkte haben, die Sie f\u00fcr Ihre Experimente und Forschungen ben\u00f6tigen.<\/p>\n<h3>H\u00f6chste Qualit\u00e4tsgarantie<\/h3>\n<p>Wenn Sie <a href=\"https:\/\/en.wikipedia.org\/wiki\/4-HO-MET\">4-HO-MET online kaufen\u00a0<\/a> Wenn Sie bei uns kaufen, k\u00f6nnen Sie sicher sein, dass Sie ein Produkt von h\u00f6chster Qualit\u00e4t erhalten. Unsere strengen Qualit\u00e4tskontrollma\u00dfnahmen gew\u00e4hrleisten Reinheit und Wirksamkeit und erf\u00fcllen die Standards von Forschern und Wissenschaftlern auf der ganzen Welt.<\/p>\n<h3>Einhaltung der Rechtsvorschriften<\/h3>\n<p>Bei RCKopen zu bestellen bedeutet, 4-HO-MET legal zu kaufen. Wir halten uns streng an die Vorschriften und Richtlinien und stellen sicher, dass alle Transaktionen mit dem Gesetz \u00fcbereinstimmen.<\/p>\n<h3>Sicherer und diskreter Versand<\/h3>\n<p>Ihre Privatsph\u00e4re und Sicherheit haben f\u00fcr uns h\u00f6chste Priorit\u00e4t. Wir bieten sichere und diskrete Versandoptionen f\u00fcr alle Bestellungen, damit Sie sich w\u00e4hrend des Lieferprozesses keine Sorgen machen m\u00fcssen.<\/p>\n<h3>Bequemer Bestellvorgang<\/h3>\n<p>Mit unserer benutzerfreundlichen Website ist das Kaufen von 4-HO-MET schnell und einfach. St\u00f6bern Sie einfach in unserem Angebot, legen Sie die gew\u00fcnschten Produkte in den Warenkorb und gehen Sie zur Kasse - so einfach ist das!<\/p>\n<h3>Schnelle Lieferung<\/h3>\n<p>Wir wissen, wie wichtig eine p\u00fcnktliche Lieferung ist, deshalb bem\u00fchen wir uns, Bestellungen schnell zu versenden. Erleben Sie schnelle Lieferzeiten, wenn Sie Buy 4-HO-MET bei RCKopen bestellen.<\/p>\n<h3>Vertrauensw\u00fcrdiger Ruf<\/h3>\n<p>RCKopen hat sich in der chemischen Forschungsgemeinschaft einen guten Ruf f\u00fcr Zuverl\u00e4ssigkeit und Professionalit\u00e4t erworben. Unz\u00e4hlige Forscher und Wissenschaftler verlassen sich auf uns, wenn es um die Versorgung mit Chemikalien geht.<\/p>\n<h3>Ausgezeichnete Kundenbetreuung<\/h3>\n<p>Haben Sie Fragen oder ben\u00f6tigen Sie Hilfe? Unser engagiertes Kundendienstteam ist bereit, Ihnen zu helfen. Wenden Sie sich jederzeit an uns, um schnelle und hilfreiche Unterst\u00fctzung bei Ihren Fragen zu erhalten.<\/p>\n<h3>Globale Verf\u00fcgbarkeit<\/h3>\n<p>Egal, ob Sie in Gro\u00dfbritannien oder irgendwo sonst auf der Welt sind, RCKopen macht es einfach, 4-HO-MET ohne Rezept zu kaufen. Genie\u00dfen Sie die problemlose Bestellung und Lieferung, wo auch immer Sie sind.<\/p>\n<h3>4-HO-MET vertrauensvoll online kaufen<\/h3>\n<p>Geben Sie sich nicht mit minderwertigen Forschungschemikalien zufrieden \u2013 entscheiden Sie sich f\u00fcr RCKopen und kaufen Sie 4-HO-MET in Top-Qualit\u00e4t und genie\u00dfen Sie ein reibungsloses Einkaufserlebnis. Bestellen Sie jetzt und erfahren Sie, warum Forscher uns bei all ihren Chemikalienanforderungen vertrauen. Bereit, 4-HO-MET zu kaufen? Besuchen Sie RCKopen noch heute!<\/p>","protected":false},"excerpt":{"rendered":"<h6>IUPAC-Name:<\/h6>\n<p>3-(2-(Ethyl(methyl)amino)ethyl)-1H-indol-4-ol<\/p>","protected":false},"featured_media":6999,"comment_status":"open","ping_status":"closed","template":"","meta":{"_joinchat":[]},"product_brand":[],"product_cat":[149],"product_tag":[],"class_list":{"0":"post-6993","1":"product","2":"type-product","3":"status-publish","4":"has-post-thumbnail","6":"product_cat-tryptaminen","8":"first","9":"instock","10":"shipping-taxable","11":"purchasable","12":"product-type-variable"},"yoast_head":"<!-- This site is optimized with the Yoast SEO plugin v26.3 - https:\/\/yoast.com\/wordpress\/plugins\/seo\/ -->\n<title>4-HO-MET online kopen - 4-HO-MET te koop<\/title>\n<meta name=\"description\" content=\"4-HO-MET te koop is nu eenvoudig verkrijgbaar in onze online winkel. U kunt rechtstreeks verbinding maken met onze RC-koopwinkel en 4-HO-MET online kopen tegen de beste prijzen.\" \/>\n<meta name=\"robots\" content=\"index, follow, max-snippet:-1, max-image-preview:large, max-video-preview:-1\" \/>\n<link rel=\"canonical\" href=\"https:\/\/rckopen.com\/de\/produkt\/kaufen-4-ho-mit-3\/\" \/>\n<meta property=\"og:locale\" content=\"de_DE\" \/>\n<meta property=\"og:type\" content=\"article\" \/>\n<meta property=\"og:title\" content=\"4-HO-MET online kopen - 4-HO-MET te koop\" \/>\n<meta property=\"og:description\" content=\"4-HO-MET te koop is nu eenvoudig verkrijgbaar in onze online winkel. U kunt rechtstreeks verbinding maken met onze RC-koopwinkel en 4-HO-MET online kopen tegen de beste prijzen.\" \/>\n<meta property=\"og:url\" content=\"https:\/\/rckopen.com\/de\/produkt\/kaufen-4-ho-mit-3\/\" \/>\n<meta property=\"og:site_name\" content=\"RC Kopen\" \/>\n<meta property=\"article:modified_time\" content=\"2025-02-07T07:28:11+00:00\" \/>\n<meta property=\"og:image\" content=\"https:\/\/rckopen.com\/wp-content\/uploads\/2023\/08\/4-HO-MET.jpg\" \/>\n\t<meta property=\"og:image:width\" content=\"600\" \/>\n\t<meta property=\"og:image:height\" content=\"600\" \/>\n\t<meta property=\"og:image:type\" content=\"image\/jpeg\" \/>\n<meta name=\"twitter:card\" content=\"summary_large_image\" \/>\n<meta name=\"twitter:label1\" content=\"Gesch\u00e4tzte Lesezeit\" \/>\n\t<meta name=\"twitter:data1\" content=\"2\u00a0Minuten\" \/>\n<script type=\"application\/ld+json\" class=\"yoast-schema-graph\">{\"@context\":\"https:\/\/schema.org\",\"@graph\":[{\"@type\":\"WebPage\",\"@id\":\"https:\/\/rckopen.com\/product\/koop-4-ho-met\/\",\"url\":\"https:\/\/rckopen.com\/product\/koop-4-ho-met\/\",\"name\":\"4-HO-MET online kopen - 4-HO-MET te koop\",\"isPartOf\":{\"@id\":\"https:\/\/rckopen.com\/#website\"},\"primaryImageOfPage\":{\"@id\":\"https:\/\/rckopen.com\/product\/koop-4-ho-met\/#primaryimage\"},\"image\":{\"@id\":\"https:\/\/rckopen.com\/product\/koop-4-ho-met\/#primaryimage\"},\"thumbnailUrl\":\"https:\/\/rckopen.com\/wp-content\/uploads\/2023\/08\/4-HO-MET.jpg\",\"datePublished\":\"2023-08-18T08:08:58+00:00\",\"dateModified\":\"2025-02-07T07:28:11+00:00\",\"description\":\"4-HO-MET te koop is nu eenvoudig verkrijgbaar in onze online winkel. U kunt rechtstreeks verbinding maken met onze RC-koopwinkel en 4-HO-MET online kopen tegen de beste prijzen.\",\"breadcrumb\":{\"@id\":\"https:\/\/rckopen.com\/product\/koop-4-ho-met\/#breadcrumb\"},\"inLanguage\":\"de-CH\",\"potentialAction\":[{\"@type\":\"ReadAction\",\"target\":[\"https:\/\/rckopen.com\/product\/koop-4-ho-met\/\"]}]},{\"@type\":\"ImageObject\",\"inLanguage\":\"de-CH\",\"@id\":\"https:\/\/rckopen.com\/product\/koop-4-ho-met\/#primaryimage\",\"url\":\"https:\/\/rckopen.com\/wp-content\/uploads\/2023\/08\/4-HO-MET.jpg\",\"contentUrl\":\"https:\/\/rckopen.com\/wp-content\/uploads\/2023\/08\/4-HO-MET.jpg\",\"width\":600,\"height\":600,\"caption\":\"4-HO-MET online kopen\"},{\"@type\":\"BreadcrumbList\",\"@id\":\"https:\/\/rckopen.com\/product\/koop-4-ho-met\/#breadcrumb\",\"itemListElement\":[{\"@type\":\"ListItem\",\"position\":1,\"name\":\"Home\",\"item\":\"https:\/\/rckopen.com\/\"},{\"@type\":\"ListItem\",\"position\":2,\"name\":\"Shop\",\"item\":\"https:\/\/rckopen.com\/shop\/\"},{\"@type\":\"ListItem\",\"position\":3,\"name\":\"4-HO-MET online kopen\"}]},{\"@type\":\"WebSite\",\"@id\":\"https:\/\/rckopen.com\/#website\",\"url\":\"https:\/\/rckopen.com\/\",\"name\":\"RC Kopen\",\"description\":\"Research Chemicals\",\"potentialAction\":[{\"@type\":\"SearchAction\",\"target\":{\"@type\":\"EntryPoint\",\"urlTemplate\":\"https:\/\/rckopen.com\/?s={search_term_string}\"},\"query-input\":{\"@type\":\"PropertyValueSpecification\",\"valueRequired\":true,\"valueName\":\"search_term_string\"}}],\"inLanguage\":\"de-CH\"}]}<\/script>\n<!-- \/ Yoast SEO plugin. -->","yoast_head_json":{"title":"4-HO-MET online kopen - 4-HO-MET te koop","description":"4-HO-MET te koop is nu eenvoudig verkrijgbaar in onze online winkel. U kunt rechtstreeks verbinding maken met onze RC-koopwinkel en 4-HO-MET online kopen tegen de beste prijzen.","robots":{"index":"index","follow":"follow","max-snippet":"max-snippet:-1","max-image-preview":"max-image-preview:large","max-video-preview":"max-video-preview:-1"},"canonical":"https:\/\/rckopen.com\/de\/produkt\/kaufen-4-ho-mit-3\/","og_locale":"de_DE","og_type":"article","og_title":"4-HO-MET online kopen - 4-HO-MET te koop","og_description":"4-HO-MET te koop is nu eenvoudig verkrijgbaar in onze online winkel. U kunt rechtstreeks verbinding maken met onze RC-koopwinkel en 4-HO-MET online kopen tegen de beste prijzen.","og_url":"https:\/\/rckopen.com\/de\/produkt\/kaufen-4-ho-mit-3\/","og_site_name":"RC Kopen","article_modified_time":"2025-02-07T07:28:11+00:00","og_image":[{"width":600,"height":600,"url":"https:\/\/rckopen.com\/wp-content\/uploads\/2023\/08\/4-HO-MET.jpg","type":"image\/jpeg"}],"twitter_card":"summary_large_image","twitter_misc":{"Gesch\u00e4tzte Lesezeit":"2\u00a0Minuten"},"schema":{"@context":"https:\/\/schema.org","@graph":[{"@type":"WebPage","@id":"https:\/\/rckopen.com\/product\/koop-4-ho-met\/","url":"https:\/\/rckopen.com\/product\/koop-4-ho-met\/","name":"4-HO-MET online kopen - 4-HO-MET te koop","isPartOf":{"@id":"https:\/\/rckopen.com\/#website"},"primaryImageOfPage":{"@id":"https:\/\/rckopen.com\/product\/koop-4-ho-met\/#primaryimage"},"image":{"@id":"https:\/\/rckopen.com\/product\/koop-4-ho-met\/#primaryimage"},"thumbnailUrl":"https:\/\/rckopen.com\/wp-content\/uploads\/2023\/08\/4-HO-MET.jpg","datePublished":"2023-08-18T08:08:58+00:00","dateModified":"2025-02-07T07:28:11+00:00","description":"4-HO-MET te koop is nu eenvoudig verkrijgbaar in onze online winkel. U kunt rechtstreeks verbinding maken met onze RC-koopwinkel en 4-HO-MET online kopen tegen de beste prijzen.","breadcrumb":{"@id":"https:\/\/rckopen.com\/product\/koop-4-ho-met\/#breadcrumb"},"inLanguage":"de-CH","potentialAction":[{"@type":"ReadAction","target":["https:\/\/rckopen.com\/product\/koop-4-ho-met\/"]}]},{"@type":"ImageObject","inLanguage":"de-CH","@id":"https:\/\/rckopen.com\/product\/koop-4-ho-met\/#primaryimage","url":"https:\/\/rckopen.com\/wp-content\/uploads\/2023\/08\/4-HO-MET.jpg","contentUrl":"https:\/\/rckopen.com\/wp-content\/uploads\/2023\/08\/4-HO-MET.jpg","width":600,"height":600,"caption":"4-HO-MET online kopen"},{"@type":"BreadcrumbList","@id":"https:\/\/rckopen.com\/product\/koop-4-ho-met\/#breadcrumb","itemListElement":[{"@type":"ListItem","position":1,"name":"Home","item":"https:\/\/rckopen.com\/"},{"@type":"ListItem","position":2,"name":"Shop","item":"https:\/\/rckopen.com\/shop\/"},{"@type":"ListItem","position":3,"name":"4-HO-MET online kopen"}]},{"@type":"WebSite","@id":"https:\/\/rckopen.com\/#website","url":"https:\/\/rckopen.com\/","name":"RC Kopen","description":"Research Chemicals","potentialAction":[{"@type":"SearchAction","target":{"@type":"EntryPoint","urlTemplate":"https:\/\/rckopen.com\/?s={search_term_string}"},"query-input":{"@type":"PropertyValueSpecification","valueRequired":true,"valueName":"search_term_string"}}],"inLanguage":"de-CH"}]}},"_links":{"self":[{"href":"https:\/\/rckopen.com\/de\/wp-json\/wp\/v2\/product\/6993","targetHints":{"allow":["GET"]}}],"collection":[{"href":"https:\/\/rckopen.com\/de\/wp-json\/wp\/v2\/product"}],"about":[{"href":"https:\/\/rckopen.com\/de\/wp-json\/wp\/v2\/types\/product"}],"replies":[{"embeddable":true,"href":"https:\/\/rckopen.com\/de\/wp-json\/wp\/v2\/comments?post=6993"}],"wp:featuredmedia":[{"embeddable":true,"href":"https:\/\/rckopen.com\/de\/wp-json\/wp\/v2\/media\/6999"}],"wp:attachment":[{"href":"https:\/\/rckopen.com\/de\/wp-json\/wp\/v2\/media?parent=6993"}],"wp:term":[{"taxonomy":"product_brand","embeddable":true,"href":"https:\/\/rckopen.com\/de\/wp-json\/wp\/v2\/product_brand?post=6993"},{"taxonomy":"product_cat","embeddable":true,"href":"https:\/\/rckopen.com\/de\/wp-json\/wp\/v2\/product_cat?post=6993"},{"taxonomy":"product_tag","embeddable":true,"href":"https:\/\/rckopen.com\/de\/wp-json\/wp\/v2\/product_tag?post=6993"}],"curies":[{"name":"wp","href":"https:\/\/api.w.org\/{rel}","templated":true}]}}