{"id":8152,"date":"2024-04-15T16:42:14","date_gmt":"2024-04-15T16:42:14","guid":{"rendered":"https:\/\/rckopen.com\/?post_type=product&#038;p=8152"},"modified":"2025-02-04T04:23:08","modified_gmt":"2025-02-04T04:23:08","slug":"koop-caluanie-muelear-oxidize-online","status":"publish","type":"product","link":"https:\/\/rckopen.com\/de\/produkt\/koop-caluanie-muelear-oxidize-online\/","title":{"rendered":"Caluanie Muelear Oxidize online kaufen"},"content":{"rendered":"<h2 style=\"text-align: justify;\">Caluanie Muelear Oxidize online kaufen<\/h2>\n<p style=\"text-align: justify;\"><a href=\"https:\/\/rckopen.com\/de\/produkt\/koop-caluanie-muelear-oxidize-online\/\">Caluanie Muelear Oxidize online kaufen<\/a>Das chemische Produkt Caluanie ist eine hellbraune, viskose Fl\u00fcssigkeit, die durch Transmogrifikation einer rohen Palm\u00f6ll\u00f6sung gewonnen wird. Rohes Caluanie wird zu 99 % in der Oxidize-Pasteurize-Anlage von Muelear erzeugt und ist eine ausgezeichnete Chemikalie mit potenziellem Anwendungsgebiet weltweit, vor allem in der zentralisierten chemischen Fertigungsindustrie.<\/p>\n<p style=\"text-align: justify;\">Caluanie wird in der Chemie- und Farbenindustrie h\u00e4ufig als hygroskopisches Mittel verwendet und findet breite Anwendung in den Beschichtungs-, Farben-, Kunststoff- und Druckfarbenindustrien. Kaufen Sie 100 % reine Caluanie-Chemikalien aus einer zuverl\u00e4ssigen Quelle. <a href=\"https:\/\/rckopen.com\/de\/\">RCKopen<\/a><\/p>\n<p style=\"text-align: justify;\">Caluaine ist eine br\u00e4unliche, viskose Fl\u00fcssigkeit, die durch Oxidieren von Metalloxiden entsteht. Es wird als schweres Wasser bezeichnet, da es mehr schwere Wasserstoffatome als normale Wasserstoffatome enth\u00e4lt. Caluaine Oxidieren von Metalloxiden ist daf\u00fcr ausgelegt, Metalloxide aufzul\u00f6sen und zu verbrennen, ohne dabei Wechselwirkungen mit anderen Chemikalien zu verursachen.<\/p>\n<p style=\"text-align: justify;\">Diese klare, farblose Fl\u00fcssigkeit wurde im Labor getestet, um zu best\u00e4tigen, dass die manuelle Handhabung keine negativen Auswirkungen hat. Sie k\u00f6nnen Caluaine in unserem Shop kaufen und sich auf seine Reinheit und Sicherheit verlassen. Beim Kauf im Gro\u00dfhandel k\u00f6nnen Sie erhebliche Einsparungen erzielen!<\/p>\n<p style=\"text-align: justify;\">Caluanie Muelear Oxidize ist f\u00fcr verschiedene Anwendungen erh\u00e4ltlich<\/p>\n<p style=\"text-align: justify;\">Im industriellen Bereich werden Chemikalien in vielf\u00e4ltiger Weise eingesetzt. Caluaine Muelear <a href=\"https:\/\/en.wikipedia.org\/wiki\/Oxidizing_acid\">Oxidize<\/a> ist ein begehrtes Produkt in der Metall- und Chemieverarbeitungsindustrie. Zu den Hauptanwendungen geh\u00f6ren:<\/p>\n<p style=\"text-align: justify;\">Metallbeschlagverarbeitung<br \/>\nFleckentfernung<br \/>\nEmulgieren<br \/>\nVeredelung von Edel- und Halbedelsteinen<br \/>\nChemisches Mahlen von Metallen<br \/>\nEntfernung von Stoffen, die andere Chemikalien nicht entfernen k\u00f6nnen<\/p>\n<p style=\"text-align: justify;\">Diese Verbindung ist sowohl f\u00fcr den Laborgebrauch als auch f\u00fcr die industrielle Anwendung geeignet. Caluanie Muelear Oxidize wird von wissenschaftlichen Instituten und Personen verkauft, die sich auf Oxidationsmittel und schweres Wasser spezialisiert haben. Vermeiden Sie den Missbrauch dieses Produkts, da es zu Vergiftungen f\u00fchren kann. Um Gefahren zu verringern, sollten Facharbeiter in der Industrie entsprechend geschult werden.<\/p>\n<p style=\"text-align: justify;\">Die Arbeit mit diesen Verbindungen erfordert ein grundlegendes Verst\u00e4ndnis der Sicherheitsanforderungen f\u00fcr den Umgang und die Lagerung von Chemikalien. Um ein Verschlucken oder Hautkontakt zu vermeiden, sollte Schutzkleidung getragen werden. Wir tun unser Bestes, um sicherzustellen, dass die Qualit\u00e4t unsererseits nicht beeintr\u00e4chtigt wird, Sie sollten jedoch bei der Verwendung dieses Produkts vorsichtig sein.<\/p>\n<h2 style=\"text-align: justify;\">Wij bieden Caluanie Muelear Oxidize online kopen aan<\/h2>\n<p style=\"text-align: justify;\">Produkt: Caluanie Muelear Oxidize (Roh-Caluanie, 99 % wird aus Muelear Oxidise erzeugt), Caluanie (Oxidatives Verteilungsthermostat, schweres Wasser):<\/p>\n<p style=\"text-align: justify;\">Dieses Produkt wird zum Schleifen und Bearbeiten von Edelmetallen und Halbedelsteinen verwendet. Es wird zur Bearbeitung von Edel- und Halbedelsteinen sowie zum Zerkleinern von Metallen in der chemischen Industrie eingesetzt. Caluanie Mulear Oxide online USA<\/p>\n<h3 style=\"text-align: justify;\">Was macht uns zum f\u00fchrenden Hersteller von Caluanie Muelear Oxidize?<\/h3>\n<p style=\"text-align: justify;\">Das Problem bei den meisten Chemikalien besteht heute darin, dass sie in unterschiedlichen Konzentrationen erh\u00e4ltlich sind. Angesichts des harten Wettbewerbs ist die Qualit\u00e4t eines der dringendsten Probleme. Produktionseinheiten mit geringem Volumen nutzen Kostensenkungsstrategien, um durch den Verkauf minderwertiger Waren ihre Gewinne zu maximieren. Caluanie Chemicals LTD geh\u00f6rt nicht zu ihnen.<\/p>\n<p style=\"text-align: justify;\">Wenn es um die Sicherstellung von Qualit\u00e4t und die Schaffung von Wert geht, sind wir mit Leidenschaft dabei, noch einen Schritt weiterzugehen. Laborgepr\u00fcftes Caluanie Muelear Oxidize ist bei uns zu unschlagbaren Preisen erh\u00e4ltlich. Dar\u00fcber hinaus setzen wir uns f\u00fcr die Sicherheit unserer Kunden ein und bieten entsprechende Beratung. Unsere Dienstleistungen k\u00f6nnen auf spezifische Bed\u00fcrfnisse zugeschnitten werden und Sie k\u00f6nnen uns jederzeit kontaktieren, wenn Sie Fragen oder Anmerkungen haben.<\/p>\n<p style=\"text-align: justify;\">Verf\u00fcgbare Packungen: 5 l und Gro\u00dfpackungen ab 20 l, 50 l, 100 l oder nach Wunsch des K\u00e4ufers.<\/p>","protected":false},"excerpt":{"rendered":"<p>Wir bieten Caluanie Muelear Oxidize zum Verkauf an. Produkt: Caluanie Muelear Oxidize (rohes Caluanie 99% wird aus Muelear Oxidise erzeugt) Caluanie (Oxidative Partitionierung Thermostat, schweres Wasser): Kanister Preis (1pc) -5 L.<\/p>\n<p>Wir sind ein zuverl\u00e4ssiger Lieferant und erzielen 100% Erfolge in allen L\u00e4ndern.<\/p>\n<p>Schweres Wasser ver\u00e4ndert die Eigenschaften des Metalls und macht es spr\u00f6de. Aber sobald das schwere Wasser verdampft, kehrt das Metall in seinen vorherigen Zustand zur\u00fcck<\/p>","protected":false},"featured_media":8159,"comment_status":"open","ping_status":"closed","template":"","meta":{"_joinchat":[]},"product_brand":[],"product_cat":[194],"product_tag":[],"class_list":{"0":"post-8152","1":"product","2":"type-product","3":"status-publish","4":"has-post-thumbnail","6":"product_cat-liquid-mercury","8":"first","9":"instock","10":"shipping-taxable","11":"purchasable","12":"product-type-variable"},"yoast_head":"<!-- This site is optimized with the Yoast SEO plugin v26.3 - https:\/\/yoast.com\/wordpress\/plugins\/seo\/ -->\n<title>Caluanie Muelear Oxidize online kopen @ Rckopen<\/title>\n<meta name=\"description\" content=\"caluanie muelear oxidize te koop is nu eenvoudig verkrijgbaar in onze online winkel. U kunt rechtstreeks verbinding maken met onze RC-koopwinkel en caluanie muelear oxidize online kopen tegen de beste prijzen.\" \/>\n<meta name=\"robots\" content=\"index, follow, max-snippet:-1, max-image-preview:large, max-video-preview:-1\" \/>\n<link rel=\"canonical\" href=\"https:\/\/rckopen.com\/de\/produkt\/koop-caluanie-muelear-oxidize-online\/\" \/>\n<meta property=\"og:locale\" content=\"de_DE\" \/>\n<meta property=\"og:type\" content=\"article\" \/>\n<meta property=\"og:title\" content=\"Caluanie Muelear Oxidize online kopen @ Rckopen\" \/>\n<meta property=\"og:description\" content=\"caluanie muelear oxidize te koop is nu eenvoudig verkrijgbaar in onze online winkel. U kunt rechtstreeks verbinding maken met onze RC-koopwinkel en caluanie muelear oxidize online kopen tegen de beste prijzen.\" \/>\n<meta property=\"og:url\" content=\"https:\/\/rckopen.com\/de\/produkt\/koop-caluanie-muelear-oxidize-online\/\" \/>\n<meta property=\"og:site_name\" content=\"RC Kopen\" \/>\n<meta property=\"article:modified_time\" content=\"2025-02-04T04:23:08+00:00\" \/>\n<meta property=\"og:image\" content=\"https:\/\/rckopen.com\/wp-content\/uploads\/2024\/04\/caluanie-muelear-oxidize.jpg\" \/>\n\t<meta property=\"og:image:width\" content=\"600\" \/>\n\t<meta property=\"og:image:height\" content=\"600\" \/>\n\t<meta property=\"og:image:type\" content=\"image\/jpeg\" \/>\n<meta name=\"twitter:card\" content=\"summary_large_image\" \/>\n<meta name=\"twitter:label1\" content=\"Gesch\u00e4tzte Lesezeit\" \/>\n\t<meta name=\"twitter:data1\" content=\"3\u00a0Minuten\" \/>\n<script type=\"application\/ld+json\" class=\"yoast-schema-graph\">{\"@context\":\"https:\/\/schema.org\",\"@graph\":[{\"@type\":\"WebPage\",\"@id\":\"https:\/\/rckopen.com\/product\/koop-caluanie-muelear-oxidize-online\/\",\"url\":\"https:\/\/rckopen.com\/product\/koop-caluanie-muelear-oxidize-online\/\",\"name\":\"Caluanie Muelear Oxidize online kopen @ Rckopen\",\"isPartOf\":{\"@id\":\"https:\/\/rckopen.com\/#website\"},\"primaryImageOfPage\":{\"@id\":\"https:\/\/rckopen.com\/product\/koop-caluanie-muelear-oxidize-online\/#primaryimage\"},\"image\":{\"@id\":\"https:\/\/rckopen.com\/product\/koop-caluanie-muelear-oxidize-online\/#primaryimage\"},\"thumbnailUrl\":\"https:\/\/rckopen.com\/wp-content\/uploads\/2024\/04\/caluanie-muelear-oxidize.jpg\",\"datePublished\":\"2024-04-15T16:42:14+00:00\",\"dateModified\":\"2025-02-04T04:23:08+00:00\",\"description\":\"caluanie muelear oxidize te koop is nu eenvoudig verkrijgbaar in onze online winkel. U kunt rechtstreeks verbinding maken met onze RC-koopwinkel en caluanie muelear oxidize online kopen tegen de beste prijzen.\",\"breadcrumb\":{\"@id\":\"https:\/\/rckopen.com\/product\/koop-caluanie-muelear-oxidize-online\/#breadcrumb\"},\"inLanguage\":\"de-CH\",\"potentialAction\":[{\"@type\":\"ReadAction\",\"target\":[\"https:\/\/rckopen.com\/product\/koop-caluanie-muelear-oxidize-online\/\"]}]},{\"@type\":\"ImageObject\",\"inLanguage\":\"de-CH\",\"@id\":\"https:\/\/rckopen.com\/product\/koop-caluanie-muelear-oxidize-online\/#primaryimage\",\"url\":\"https:\/\/rckopen.com\/wp-content\/uploads\/2024\/04\/caluanie-muelear-oxidize.jpg\",\"contentUrl\":\"https:\/\/rckopen.com\/wp-content\/uploads\/2024\/04\/caluanie-muelear-oxidize.jpg\",\"width\":600,\"height\":600,\"caption\":\"Caluanie Muelear Oxidize online kopen\"},{\"@type\":\"BreadcrumbList\",\"@id\":\"https:\/\/rckopen.com\/product\/koop-caluanie-muelear-oxidize-online\/#breadcrumb\",\"itemListElement\":[{\"@type\":\"ListItem\",\"position\":1,\"name\":\"Home\",\"item\":\"https:\/\/rckopen.com\/\"},{\"@type\":\"ListItem\",\"position\":2,\"name\":\"Shop\",\"item\":\"https:\/\/rckopen.com\/shop\/\"},{\"@type\":\"ListItem\",\"position\":3,\"name\":\"Caluanie Muelear Oxidize online kopen\"}]},{\"@type\":\"WebSite\",\"@id\":\"https:\/\/rckopen.com\/#website\",\"url\":\"https:\/\/rckopen.com\/\",\"name\":\"RC Kopen\",\"description\":\"Research Chemicals\",\"potentialAction\":[{\"@type\":\"SearchAction\",\"target\":{\"@type\":\"EntryPoint\",\"urlTemplate\":\"https:\/\/rckopen.com\/?s={search_term_string}\"},\"query-input\":{\"@type\":\"PropertyValueSpecification\",\"valueRequired\":true,\"valueName\":\"search_term_string\"}}],\"inLanguage\":\"de-CH\"}]}<\/script>\n<!-- \/ Yoast SEO plugin. -->","yoast_head_json":{"title":"Caluanie Muelear Oxidize online kopen @ Rckopen","description":"caluanie muelear oxidize te koop is nu eenvoudig verkrijgbaar in onze online winkel. U kunt rechtstreeks verbinding maken met onze RC-koopwinkel en caluanie muelear oxidize online kopen tegen de beste prijzen.","robots":{"index":"index","follow":"follow","max-snippet":"max-snippet:-1","max-image-preview":"max-image-preview:large","max-video-preview":"max-video-preview:-1"},"canonical":"https:\/\/rckopen.com\/de\/produkt\/koop-caluanie-muelear-oxidize-online\/","og_locale":"de_DE","og_type":"article","og_title":"Caluanie Muelear Oxidize online kopen @ Rckopen","og_description":"caluanie muelear oxidize te koop is nu eenvoudig verkrijgbaar in onze online winkel. U kunt rechtstreeks verbinding maken met onze RC-koopwinkel en caluanie muelear oxidize online kopen tegen de beste prijzen.","og_url":"https:\/\/rckopen.com\/de\/produkt\/koop-caluanie-muelear-oxidize-online\/","og_site_name":"RC Kopen","article_modified_time":"2025-02-04T04:23:08+00:00","og_image":[{"width":600,"height":600,"url":"https:\/\/rckopen.com\/wp-content\/uploads\/2024\/04\/caluanie-muelear-oxidize.jpg","type":"image\/jpeg"}],"twitter_card":"summary_large_image","twitter_misc":{"Gesch\u00e4tzte Lesezeit":"3\u00a0Minuten"},"schema":{"@context":"https:\/\/schema.org","@graph":[{"@type":"WebPage","@id":"https:\/\/rckopen.com\/product\/koop-caluanie-muelear-oxidize-online\/","url":"https:\/\/rckopen.com\/product\/koop-caluanie-muelear-oxidize-online\/","name":"Caluanie Muelear Oxidize online kopen @ Rckopen","isPartOf":{"@id":"https:\/\/rckopen.com\/#website"},"primaryImageOfPage":{"@id":"https:\/\/rckopen.com\/product\/koop-caluanie-muelear-oxidize-online\/#primaryimage"},"image":{"@id":"https:\/\/rckopen.com\/product\/koop-caluanie-muelear-oxidize-online\/#primaryimage"},"thumbnailUrl":"https:\/\/rckopen.com\/wp-content\/uploads\/2024\/04\/caluanie-muelear-oxidize.jpg","datePublished":"2024-04-15T16:42:14+00:00","dateModified":"2025-02-04T04:23:08+00:00","description":"caluanie muelear oxidize te koop is nu eenvoudig verkrijgbaar in onze online winkel. U kunt rechtstreeks verbinding maken met onze RC-koopwinkel en caluanie muelear oxidize online kopen tegen de beste prijzen.","breadcrumb":{"@id":"https:\/\/rckopen.com\/product\/koop-caluanie-muelear-oxidize-online\/#breadcrumb"},"inLanguage":"de-CH","potentialAction":[{"@type":"ReadAction","target":["https:\/\/rckopen.com\/product\/koop-caluanie-muelear-oxidize-online\/"]}]},{"@type":"ImageObject","inLanguage":"de-CH","@id":"https:\/\/rckopen.com\/product\/koop-caluanie-muelear-oxidize-online\/#primaryimage","url":"https:\/\/rckopen.com\/wp-content\/uploads\/2024\/04\/caluanie-muelear-oxidize.jpg","contentUrl":"https:\/\/rckopen.com\/wp-content\/uploads\/2024\/04\/caluanie-muelear-oxidize.jpg","width":600,"height":600,"caption":"Caluanie Muelear Oxidize online kopen"},{"@type":"BreadcrumbList","@id":"https:\/\/rckopen.com\/product\/koop-caluanie-muelear-oxidize-online\/#breadcrumb","itemListElement":[{"@type":"ListItem","position":1,"name":"Home","item":"https:\/\/rckopen.com\/"},{"@type":"ListItem","position":2,"name":"Shop","item":"https:\/\/rckopen.com\/shop\/"},{"@type":"ListItem","position":3,"name":"Caluanie Muelear Oxidize online kopen"}]},{"@type":"WebSite","@id":"https:\/\/rckopen.com\/#website","url":"https:\/\/rckopen.com\/","name":"RC Kopen","description":"Research Chemicals","potentialAction":[{"@type":"SearchAction","target":{"@type":"EntryPoint","urlTemplate":"https:\/\/rckopen.com\/?s={search_term_string}"},"query-input":{"@type":"PropertyValueSpecification","valueRequired":true,"valueName":"search_term_string"}}],"inLanguage":"de-CH"}]}},"_links":{"self":[{"href":"https:\/\/rckopen.com\/de\/wp-json\/wp\/v2\/product\/8152","targetHints":{"allow":["GET"]}}],"collection":[{"href":"https:\/\/rckopen.com\/de\/wp-json\/wp\/v2\/product"}],"about":[{"href":"https:\/\/rckopen.com\/de\/wp-json\/wp\/v2\/types\/product"}],"replies":[{"embeddable":true,"href":"https:\/\/rckopen.com\/de\/wp-json\/wp\/v2\/comments?post=8152"}],"wp:featuredmedia":[{"embeddable":true,"href":"https:\/\/rckopen.com\/de\/wp-json\/wp\/v2\/media\/8159"}],"wp:attachment":[{"href":"https:\/\/rckopen.com\/de\/wp-json\/wp\/v2\/media?parent=8152"}],"wp:term":[{"taxonomy":"product_brand","embeddable":true,"href":"https:\/\/rckopen.com\/de\/wp-json\/wp\/v2\/product_brand?post=8152"},{"taxonomy":"product_cat","embeddable":true,"href":"https:\/\/rckopen.com\/de\/wp-json\/wp\/v2\/product_cat?post=8152"},{"taxonomy":"product_tag","embeddable":true,"href":"https:\/\/rckopen.com\/de\/wp-json\/wp\/v2\/product_tag?post=8152"}],"curies":[{"name":"wp","href":"https:\/\/api.w.org\/{rel}","templated":true}]}}