{"id":6228,"date":"2023-08-14T06:52:51","date_gmt":"2023-08-14T06:52:51","guid":{"rendered":"https:\/\/diligentplug.com\/chems\/?post_type=product&#038;p=6228"},"modified":"2025-01-31T08:50:37","modified_gmt":"2025-01-31T08:50:37","slug":"4f-mar","status":"publish","type":"product","link":"https:\/\/rckopen.com\/el\/\u03c0\u03c1\u03bf\u03ca\u03cc\u03bd\/4f-mar\/","title":{"rendered":"4F-MAR \u0391\u03b3\u03bf\u03c1\u03ac\u03c3\u03c4\u03b5 \u03b7\u03bb\u03b5\u03ba\u03c4\u03c1\u03bf\u03bd\u03b9\u03ba\u03ac"},"content":{"rendered":"<h2>4F-MAR POEDER INFORMATIE Online Kopen<\/h2>\n<p><a href=\"https:\/\/rckopen.com\/el\/\u03c0\u03c1\u03bf\u03ca\u03cc\u03bd\/4f-mar\/\">\u03a0\u03c9\u03bb\u03b5\u03af\u03c4\u03b1\u03b9 4F-MAR<\/a>, \u0397 \u03c3\u03ba\u03cc\u03bd\u03b7 4F-MAR, <em>4F<\/em>-\u039c\u03b5\u03b8\u03c5\u03bb\u03c6\u03b1\u03b9\u03bd\u03b9\u03b4\u03ac\u03c4\u03b7. \u03b4\u03b9\u03b1\u03c4\u03af\u03b8\u03b5\u03c4\u03b1\u03b9 \u03bc\u03cc\u03bd\u03bf \u03b3\u03b9\u03b1 \u03b5\u03c1\u03b5\u03c5\u03bd\u03b7\u03c4\u03b9\u03ba\u03bf\u03cd\u03c2 \u03c3\u03ba\u03bf\u03c0\u03bf\u03cd\u03c2. \u0395\u03ba\u03c4\u03cc\u03c2 \u03b1\u03c0\u03cc \u03c4\u03bf RC Kopen \u03bc\u03c0\u03bf\u03c1\u03b5\u03af\u03c4\u03b5 \u03bd\u03b1 \u03c0\u03b1\u03c1\u03b1\u03b3\u03b3\u03b5\u03af\u03bb\u03b5\u03c4\u03b5 \u03b1\u03be\u03b5\u03c3\u03bf\u03c5\u03ac\u03c1 \u03b3\u03b9\u03b1 \u03c4\u03b7\u03bd \u03ad\u03c1\u03b5\u03c5\u03bd\u03ac \u03c3\u03b1\u03c2, \u03cc\u03c0\u03c9\u03c2: \u03ac\u03b4\u03b5\u03b9\u03b5\u03c2 \u03ba\u03ac\u03c8\u03bf\u03c5\u03bb\u03b5\u03c2 \u03c3\u03b5 \u03b4\u03b9\u03b1\u03c6\u03bf\u03c1\u03b5\u03c4\u03b9\u03ba\u03ac \u03bc\u03b5\u03b3\u03ad\u03b8\u03b7, \u03b6\u03c5\u03b3\u03b1\u03c1\u03b9\u03ac \u03ba\u03b1\u03b9 \u03ba\u03bb\u03b5\u03af\u03c3\u03b9\u03bc\u03bf \u03c3\u03b1\u03ba\u03bf\u03c5\u03bb\u03ce\u03bd <a href=\"https:\/\/rckopen.com\/el\/\">RCKOpen.com<\/a><\/p>\n<h3>\u0394\u0397\u039b\u038f\u03a3\u0395\u0399\u03a3 \u0395\u03a0\u0399\u039a\u0399\u039d\u0394\u03a5\u039d\u038c\u03a4\u0397\u03a4\u0391\u03a3 4F-MAR \u03a3\u039a\u038c\u039d\u0397<a href=\"https:\/\/rckopen.com\/el\/\u03c0\u03c1\u03bf\u03ca\u03cc\u03bd\/4-fma\/\">:<\/a><\/h3>\n<ul>\n<li>\u039c\u03c0\u03bf\u03c1\u03b5\u03af \u03bd\u03b1 \u03c0\u03c1\u03bf\u03ba\u03b1\u03bb\u03ad\u03c3\u03b5\u03b9 \u03b5\u03c1\u03b5\u03b8\u03b9\u03c3\u03bc\u03cc \u03c4\u03c9\u03bd \u03b1\u03bd\u03b1\u03c0\u03bd\u03b5\u03c5\u03c3\u03c4\u03b9\u03ba\u03ce\u03bd \u03bf\u03b4\u03ce\u03bd \u03ba\u03b1\u03b9 \u03b5\u03c1\u03b5\u03b8\u03b9\u03c3\u03bc\u03cc \u03c4\u03c9\u03bd \u03bc\u03b1\u03c4\u03b9\u03ce\u03bd. \u03a0\u03bf\u03c4\u03ad \u03bc\u03b7\u03bd \u03b1\u03c0\u03bf\u03c1\u03c1\u03af\u03c0\u03c4\u03b5\u03c4\u03b5 \u03c7\u03b7\u03bc\u03b9\u03ba\u03ad\u03c2 \u03bf\u03c5\u03c3\u03af\u03b5\u03c2 \u03c4\u03b7\u03c2 \u03ad\u03c1\u03b5\u03c5\u03bd\u03b1\u03c2 \u03c3\u03c4\u03bf \u03c0\u03b5\u03c1\u03b9\u03b2\u03ac\u03bb\u03bb\u03bf\u03bd.<\/li>\n<\/ul>\n<h3>\u03a3\u03a5\u03a3\u03a4\u0386\u03a3\u0395\u0399\u03a3 \u0391\u03a3\u03a6\u0391\u039b\u0395\u038a\u0391\u03a3 4F-MAR \u03a3\u039a\u038c\u039d\u0397:<\/h3>\n<p>\u03a3\u0395 \u03a0\u0395\u03a1\u038a\u03a0\u03a4\u03a9\u03a3\u0397 \u0395\u03a0\u0391\u03a6\u0389\u03a3 \u039c\u0395 \u03a4\u0391 \u039c\u0386\u03a4\u0399\u0391: \u039e\u03b5\u03c0\u03bb\u03cd\u03bd\u03b5\u03c4\u03b5 \u03b1\u03c0\u03b1\u03bb\u03ac \u03bc\u03b5 \u03bd\u03b5\u03c1\u03cc \u03b3\u03b9\u03b1 \u03c4\u03bf\u03c5\u03bb\u03ac\u03c7\u03b9\u03c3\u03c4\u03bf\u03bd 10 \u03ad\u03c9\u03c2 15 \u03bb\u03b5\u03c0\u03c4\u03ac, \u03b1\u03c6\u03b1\u03b9\u03c1\u03ad\u03c3\u03c4\u03b5 \u03c4\u03bf\u03c5\u03c2 \u03c6\u03b1\u03ba\u03bf\u03cd\u03c2 \u03b5\u03c0\u03b1\u03c6\u03ae\u03c2 \u03b5\u03ac\u03bd \u03b5\u03af\u03bd\u03b1\u03b9 \u03b1\u03c0\u03b1\u03c1\u03b1\u03af\u03c4\u03b7\u03c4\u03bf. \u03a3\u03b5 \u03c0\u03b5\u03c1\u03af\u03c0\u03c4\u03c9\u03c3\u03b7 \u03b5\u03c0\u03b1\u03c6\u03ae\u03c2 \u03bc\u03b5 \u03c4\u03bf \u03b4\u03ad\u03c1\u03bc\u03b1: \u039e\u03b5\u03c0\u03bb\u03cd\u03bd\u03b5\u03c4\u03b5 \u03bc\u03b5 \u03bd\u03b5\u03c1\u03cc, \u03b5\u03ac\u03bd \u03b5\u03af\u03bd\u03b1\u03b9 \u03b4\u03c5\u03bd\u03b1\u03c4\u03cc\u03bd \u03ba\u03b1\u03b9 \u03bc\u03b5 \u03c3\u03b1\u03c0\u03bf\u03cd\u03bd\u03b9. \u03a3\u03b5 \u03c0\u03b5\u03c1\u03af\u03c0\u03c4\u03c9\u03c3\u03b7 \u03b5\u03b9\u03c3\u03c0\u03bd\u03bf\u03ae\u03c2: \u03a0\u03ac\u03c1\u03c4\u03b5 \u03ba\u03b1\u03b8\u03b1\u03c1\u03cc \u03b1\u03ad\u03c1\u03b1 \u03ba\u03b1\u03b9 \u03c5\u03b9\u03bf\u03b8\u03b5\u03c4\u03ae\u03c3\u03c4\u03b5 \u03bc\u03b9\u03b1 \u03b8\u03ad\u03c3\u03b7 \u03c0\u03bf\u03c5 \u03c0\u03c1\u03bf\u03ac\u03b3\u03b5\u03b9 \u03c4\u03b7\u03bd \u03b1\u03bd\u03b1\u03c0\u03bd\u03bf\u03ae.<\/p>\n<ul>\n<li>\u03a4\u03bf\u03c5 <a href=\"https:\/\/en.wikipedia.org\/wiki\/4%27-Fluoro-4-methylaminorex\">4F-MAR<\/a> Ne tegye ki a port h\u0151forr\u00e1soknak. T\u00e1rolja sz\u00e1raz helyen, szobah\u0151m\u00e9rs\u00e9kleten, \u00e9s j\u00f3 ed\u00e9nyben, gyermekekt\u0151l elz\u00e1rva t\u00e1rolja. A 4F-MAR por j\u00f3 stabilit\u00e1sa a fenti k\u00f6r\u00fclm\u00e9nyek k\u00f6z\u00f6tt ak\u00e1r 2 \u00e9vig is eltarthat<a href=\"https:\/\/en.wikipedia.org\/w\/index.php?search=4F-MAR+&amp;title=Special%3ASearch&amp;ns0=1\">.<\/a><\/li>\n<\/ul>\n<h4>\u03a0\u03bf\u03cd \u03bc\u03c0\u03bf\u03c1\u03ce \u03bd\u03b1 \u03b1\u03b3\u03bf\u03c1\u03ac\u03c3\u03c9 \u03c4\u03bf 4F-MAR freebase;<\/h4>\n<p>\u039c\u03c0\u03bf\u03c1\u03b5\u03af\u03c4\u03b5 \u03bd\u03b1 \u03b1\u03b3\u03bf\u03c1\u03ac\u03c3\u03b5\u03c4\u03b5 \u03b5\u03c1\u03b5\u03c5\u03bd\u03b7\u03c4\u03b9\u03ba\u03ac \u03c7\u03b7\u03bc\u03b9\u03ba\u03ac, \u03c3\u03c5\u03bc\u03c0\u03b5\u03c1\u03b9\u03bb\u03b1\u03bc\u03b2\u03b1\u03bd\u03bf\u03bc\u03ad\u03bd\u03b7\u03c2 \u03c4\u03b7\u03c2 \u03b4\u03c9\u03c1\u03b5\u03ac\u03bd \u03b2\u03ac\u03c3\u03b7\u03c2 4F-MAR, \u03b1\u03c0\u03cc \u03c4\u03bf\u03bd \u03b9\u03c3\u03c4\u03cc\u03c4\u03bf\u03c0\u03cc \u03bc\u03b1\u03c2, RareChems. \u038c\u03bb\u03b1 \u03c4\u03b1 \u03b5\u03c1\u03b5\u03c5\u03bd\u03b7\u03c4\u03b9\u03ba\u03ac \u03bc\u03b1\u03c2 \u03c7\u03b7\u03bc\u03b9\u03ba\u03ac \u03b5\u03bb\u03ad\u03b3\u03c7\u03bf\u03bd\u03c4\u03b1\u03b9 \u03ba\u03b1\u03b9 \u03b1\u03bd\u03b1\u03bb\u03cd\u03bf\u03bd\u03c4\u03b1\u03b9 \u03c0\u03c1\u03b9\u03bd \u03b4\u03b9\u03b1\u03c4\u03b5\u03b8\u03bf\u03cd\u03bd \u03c0\u03c1\u03bf\u03c2 \u03c0\u03ce\u03bb\u03b7\u03c3\u03b7. \u0395\u03af\u03bd\u03b1\u03b9 \u03bf \u03bc\u03cc\u03bd\u03bf\u03c2 \u03c4\u03c1\u03cc\u03c0\u03bf\u03c2 \u03b3\u03b9\u03b1 \u03bd\u03b1 \u03c3\u03c5\u03bd\u03b4\u03ad\u03c3\u03b5\u03c4\u03b5 \u03c4\u03b7\u03bd \u03ba\u03bf\u03c1\u03c5\u03c6\u03b1\u03af\u03b1\u03c2 \u03c0\u03bf\u03b9\u03cc\u03c4\u03b7\u03c4\u03b1\u03c2 \u03b4\u03c9\u03c1\u03b5\u03ac\u03bd \u03b2\u03ac\u03c3\u03b7 \u03bc\u03b1\u03c2 4F-MAR. \u0395\u03ac\u03bd \u03c7\u03c1\u03b5\u03b9\u03ac\u03b6\u03b5\u03c3\u03c4\u03b5 \u03c4\u03b1 \u03b1\u03c0\u03bf\u03c4\u03b5\u03bb\u03ad\u03c3\u03bc\u03b1\u03c4\u03b1 \u03ae \u03c0\u03b5\u03c1\u03b1\u03b9\u03c4\u03ad\u03c1\u03c9 \u03b2\u03bf\u03ae\u03b8\u03b5\u03b9\u03b1, \u03bc\u03b7 \u03b4\u03b9\u03c3\u03c4\u03ac\u03c3\u03b5\u03c4\u03b5 \u03bd\u03b1 \u03b5\u03c0\u03b9\u03ba\u03bf\u03b9\u03bd\u03c9\u03bd\u03ae\u03c3\u03b5\u03c4\u03b5 \u03bc\u03b1\u03b6\u03af \u03bc\u03b1\u03c2. \u03a4\u03bf 4F-MAR freebase \u03b5\u03af\u03bd\u03b1\u03b9 \u03b4\u03b9\u03b1\u03b8\u03ad\u03c3\u03b9\u03bc\u03bf \u03bc\u03cc\u03bd\u03bf \u03c3\u03b5 \u03bc\u03bf\u03c1\u03c6\u03ae \u03c3\u03ba\u03cc\u03bd\u03b7\u03c2, \u03b1\u03bb\u03bb\u03ac \u03b4\u03b9\u03b1\u03b8\u03ad\u03c4\u03bf\u03c5\u03bc\u03b5 \u03c0\u03c1\u03bf\u03c2 \u03c0\u03ce\u03bb\u03b7\u03c3\u03b7 \u03ba\u03ac\u03c0\u03bf\u03b9\u03b1 \u03ac\u03bb\u03bb\u03b1 \u03b5\u03c1\u03b5\u03c5\u03bd\u03b7\u03c4\u03b9\u03ba\u03ac \u03c7\u03b7\u03bc\u03b9\u03ba\u03ac \u03c3\u03b5 \u03bc\u03bf\u03c1\u03c6\u03ae blotter \u03ba\u03b1\u03b9 pellet 4F-MAR.<\/p>","protected":false},"excerpt":{"rendered":"<p>\u039f\u03bd\u03bf\u03bc\u03b1\u03c3\u03af\u03b1 IUPAC: 5-(4-\u03c6\u03b8\u03bf\u03c1\u03bf\u03c6\u03b1\u03b9\u03bd\u03c5\u03bb)-4-\u03bc\u03b5\u03b8\u03c5\u03bb-4,5-\u03b4\u03b9\u03c5\u03b4\u03c1\u03bf\u03bf\u03be\u03b1\u03b6\u03bf\u03bb-2-\u03b1\u03bc\u03af\u03bd\u03b7<\/p>\n<p>\u0386\u03bb\u03bb\u03bf \u03cc\u03bd\u03bf\u03bc\u03b1: 4-Fluoro-4-methylaminorex<\/p>","protected":false},"featured_media":6247,"comment_status":"open","ping_status":"closed","template":"","meta":{"_joinchat":[]},"product_brand":[],"product_cat":[127],"product_tag":[],"class_list":{"0":"post-6228","1":"product","2":"type-product","3":"status-publish","4":"has-post-thumbnail","6":"product_cat-amfetamine","8":"first","9":"instock","10":"shipping-taxable","11":"purchasable","12":"product-type-variable"},"yoast_head":"<!-- This site is optimized with the Yoast SEO plugin v26.3 - https:\/\/yoast.com\/wordpress\/plugins\/seo\/ -->\n<title>4F-MAR Online Kopen - 4F-MAR te koop - 4F-MAR kopen<\/title>\n<meta name=\"description\" content=\",Als u 4F-MAR online wilt kopen, kan onze online rc kopen-winkel u helpen. We hebben hier 4F-MAR te koop tegen de beste tarieven.\" \/>\n<meta name=\"robots\" content=\"index, follow, max-snippet:-1, max-image-preview:large, max-video-preview:-1\" \/>\n<link rel=\"canonical\" href=\"https:\/\/rckopen.com\/el\/\u03c0\u03c1\u03bf\u03ca\u03cc\u03bd\/4f-mar\/\" \/>\n<meta property=\"og:locale\" content=\"el_GR\" \/>\n<meta property=\"og:type\" content=\"article\" \/>\n<meta property=\"og:title\" content=\"4F-MAR Online Kopen - 4F-MAR te koop - 4F-MAR kopen\" \/>\n<meta property=\"og:description\" content=\",Als u 4F-MAR online wilt kopen, kan onze online rc kopen-winkel u helpen. We hebben hier 4F-MAR te koop tegen de beste tarieven.\" \/>\n<meta property=\"og:url\" content=\"https:\/\/rckopen.com\/el\/\u03c0\u03c1\u03bf\u03ca\u03cc\u03bd\/4f-mar\/\" \/>\n<meta property=\"og:site_name\" content=\"RC Kopen\" \/>\n<meta property=\"article:modified_time\" content=\"2025-01-31T08:50:37+00:00\" \/>\n<meta property=\"og:image\" content=\"https:\/\/rckopen.com\/wp-content\/uploads\/2023\/08\/4f-mar.jpg\" \/>\n\t<meta property=\"og:image:width\" content=\"600\" \/>\n\t<meta property=\"og:image:height\" content=\"600\" \/>\n\t<meta property=\"og:image:type\" content=\"image\/jpeg\" \/>\n<meta name=\"twitter:card\" content=\"summary_large_image\" \/>\n<meta name=\"twitter:label1\" content=\"\u0395\u03ba\u03c4\u03b9\u03bc\u03ce\u03bc\u03b5\u03bd\u03bf\u03c2 \u03c7\u03c1\u03cc\u03bd\u03bf\u03c2 \u03b1\u03bd\u03ac\u03b3\u03bd\u03c9\u03c3\u03b7\u03c2\" \/>\n\t<meta name=\"twitter:data1\" content=\"2 \u03bb\u03b5\u03c0\u03c4\u03ac\" \/>\n<script type=\"application\/ld+json\" class=\"yoast-schema-graph\">{\"@context\":\"https:\/\/schema.org\",\"@graph\":[{\"@type\":\"WebPage\",\"@id\":\"https:\/\/rckopen.com\/product\/4f-mar\/\",\"url\":\"https:\/\/rckopen.com\/product\/4f-mar\/\",\"name\":\"4F-MAR Online Kopen - 4F-MAR te koop - 4F-MAR kopen\",\"isPartOf\":{\"@id\":\"https:\/\/rckopen.com\/#website\"},\"primaryImageOfPage\":{\"@id\":\"https:\/\/rckopen.com\/product\/4f-mar\/#primaryimage\"},\"image\":{\"@id\":\"https:\/\/rckopen.com\/product\/4f-mar\/#primaryimage\"},\"thumbnailUrl\":\"https:\/\/rckopen.com\/wp-content\/uploads\/2023\/08\/4f-mar.jpg\",\"datePublished\":\"2023-08-14T06:52:51+00:00\",\"dateModified\":\"2025-01-31T08:50:37+00:00\",\"description\":\",Als u 4F-MAR online wilt kopen, kan onze online rc kopen-winkel u helpen. We hebben hier 4F-MAR te koop tegen de beste tarieven.\",\"breadcrumb\":{\"@id\":\"https:\/\/rckopen.com\/product\/4f-mar\/#breadcrumb\"},\"inLanguage\":\"el\",\"potentialAction\":[{\"@type\":\"ReadAction\",\"target\":[\"https:\/\/rckopen.com\/product\/4f-mar\/\"]}]},{\"@type\":\"ImageObject\",\"inLanguage\":\"el\",\"@id\":\"https:\/\/rckopen.com\/product\/4f-mar\/#primaryimage\",\"url\":\"https:\/\/rckopen.com\/wp-content\/uploads\/2023\/08\/4f-mar.jpg\",\"contentUrl\":\"https:\/\/rckopen.com\/wp-content\/uploads\/2023\/08\/4f-mar.jpg\",\"width\":600,\"height\":600,\"caption\":\"4F-MAR Online Kopen\"},{\"@type\":\"BreadcrumbList\",\"@id\":\"https:\/\/rckopen.com\/product\/4f-mar\/#breadcrumb\",\"itemListElement\":[{\"@type\":\"ListItem\",\"position\":1,\"name\":\"Home\",\"item\":\"https:\/\/rckopen.com\/\"},{\"@type\":\"ListItem\",\"position\":2,\"name\":\"Shop\",\"item\":\"https:\/\/rckopen.com\/shop\/\"},{\"@type\":\"ListItem\",\"position\":3,\"name\":\"4F-MAR Online Kopen\"}]},{\"@type\":\"WebSite\",\"@id\":\"https:\/\/rckopen.com\/#website\",\"url\":\"https:\/\/rckopen.com\/\",\"name\":\"RC Kopen\",\"description\":\"Research Chemicals\",\"potentialAction\":[{\"@type\":\"SearchAction\",\"target\":{\"@type\":\"EntryPoint\",\"urlTemplate\":\"https:\/\/rckopen.com\/?s={search_term_string}\"},\"query-input\":{\"@type\":\"PropertyValueSpecification\",\"valueRequired\":true,\"valueName\":\"search_term_string\"}}],\"inLanguage\":\"el\"}]}<\/script>\n<!-- \/ Yoast SEO plugin. -->","yoast_head_json":{"title":"4F-MAR Online Kopen - 4F-MAR te koop - 4F-MAR kopen","description":",Als u 4F-MAR online wilt kopen, kan onze online rc kopen-winkel u helpen. We hebben hier 4F-MAR te koop tegen de beste tarieven.","robots":{"index":"index","follow":"follow","max-snippet":"max-snippet:-1","max-image-preview":"max-image-preview:large","max-video-preview":"max-video-preview:-1"},"canonical":"https:\/\/rckopen.com\/el\/\u03c0\u03c1\u03bf\u03ca\u03cc\u03bd\/4f-mar\/","og_locale":"el_GR","og_type":"article","og_title":"4F-MAR Online Kopen - 4F-MAR te koop - 4F-MAR kopen","og_description":",Als u 4F-MAR online wilt kopen, kan onze online rc kopen-winkel u helpen. We hebben hier 4F-MAR te koop tegen de beste tarieven.","og_url":"https:\/\/rckopen.com\/el\/\u03c0\u03c1\u03bf\u03ca\u03cc\u03bd\/4f-mar\/","og_site_name":"RC Kopen","article_modified_time":"2025-01-31T08:50:37+00:00","og_image":[{"width":600,"height":600,"url":"https:\/\/rckopen.com\/wp-content\/uploads\/2023\/08\/4f-mar.jpg","type":"image\/jpeg"}],"twitter_card":"summary_large_image","twitter_misc":{"\u0395\u03ba\u03c4\u03b9\u03bc\u03ce\u03bc\u03b5\u03bd\u03bf\u03c2 \u03c7\u03c1\u03cc\u03bd\u03bf\u03c2 \u03b1\u03bd\u03ac\u03b3\u03bd\u03c9\u03c3\u03b7\u03c2":"2 \u03bb\u03b5\u03c0\u03c4\u03ac"},"schema":{"@context":"https:\/\/schema.org","@graph":[{"@type":"WebPage","@id":"https:\/\/rckopen.com\/product\/4f-mar\/","url":"https:\/\/rckopen.com\/product\/4f-mar\/","name":"4F-MAR Online Kopen - 4F-MAR te koop - 4F-MAR kopen","isPartOf":{"@id":"https:\/\/rckopen.com\/#website"},"primaryImageOfPage":{"@id":"https:\/\/rckopen.com\/product\/4f-mar\/#primaryimage"},"image":{"@id":"https:\/\/rckopen.com\/product\/4f-mar\/#primaryimage"},"thumbnailUrl":"https:\/\/rckopen.com\/wp-content\/uploads\/2023\/08\/4f-mar.jpg","datePublished":"2023-08-14T06:52:51+00:00","dateModified":"2025-01-31T08:50:37+00:00","description":",Als u 4F-MAR online wilt kopen, kan onze online rc kopen-winkel u helpen. We hebben hier 4F-MAR te koop tegen de beste tarieven.","breadcrumb":{"@id":"https:\/\/rckopen.com\/product\/4f-mar\/#breadcrumb"},"inLanguage":"el","potentialAction":[{"@type":"ReadAction","target":["https:\/\/rckopen.com\/product\/4f-mar\/"]}]},{"@type":"ImageObject","inLanguage":"el","@id":"https:\/\/rckopen.com\/product\/4f-mar\/#primaryimage","url":"https:\/\/rckopen.com\/wp-content\/uploads\/2023\/08\/4f-mar.jpg","contentUrl":"https:\/\/rckopen.com\/wp-content\/uploads\/2023\/08\/4f-mar.jpg","width":600,"height":600,"caption":"4F-MAR Online Kopen"},{"@type":"BreadcrumbList","@id":"https:\/\/rckopen.com\/product\/4f-mar\/#breadcrumb","itemListElement":[{"@type":"ListItem","position":1,"name":"Home","item":"https:\/\/rckopen.com\/"},{"@type":"ListItem","position":2,"name":"Shop","item":"https:\/\/rckopen.com\/shop\/"},{"@type":"ListItem","position":3,"name":"4F-MAR Online Kopen"}]},{"@type":"WebSite","@id":"https:\/\/rckopen.com\/#website","url":"https:\/\/rckopen.com\/","name":"RC Kopen","description":"Research Chemicals","potentialAction":[{"@type":"SearchAction","target":{"@type":"EntryPoint","urlTemplate":"https:\/\/rckopen.com\/?s={search_term_string}"},"query-input":{"@type":"PropertyValueSpecification","valueRequired":true,"valueName":"search_term_string"}}],"inLanguage":"el"}]}},"_links":{"self":[{"href":"https:\/\/rckopen.com\/el\/wp-json\/wp\/v2\/product\/6228","targetHints":{"allow":["GET"]}}],"collection":[{"href":"https:\/\/rckopen.com\/el\/wp-json\/wp\/v2\/product"}],"about":[{"href":"https:\/\/rckopen.com\/el\/wp-json\/wp\/v2\/types\/product"}],"replies":[{"embeddable":true,"href":"https:\/\/rckopen.com\/el\/wp-json\/wp\/v2\/comments?post=6228"}],"wp:featuredmedia":[{"embeddable":true,"href":"https:\/\/rckopen.com\/el\/wp-json\/wp\/v2\/media\/6247"}],"wp:attachment":[{"href":"https:\/\/rckopen.com\/el\/wp-json\/wp\/v2\/media?parent=6228"}],"wp:term":[{"taxonomy":"product_brand","embeddable":true,"href":"https:\/\/rckopen.com\/el\/wp-json\/wp\/v2\/product_brand?post=6228"},{"taxonomy":"product_cat","embeddable":true,"href":"https:\/\/rckopen.com\/el\/wp-json\/wp\/v2\/product_cat?post=6228"},{"taxonomy":"product_tag","embeddable":true,"href":"https:\/\/rckopen.com\/el\/wp-json\/wp\/v2\/product_tag?post=6228"}],"curies":[{"name":"wp","href":"https:\/\/api.w.org\/{rel}","templated":true}]}}