{"id":6620,"date":"2023-08-17T05:45:44","date_gmt":"2023-08-17T05:45:44","guid":{"rendered":"https:\/\/diligentplug.com\/chems\/?post_type=product&#038;p=6620"},"modified":"2025-09-16T09:05:18","modified_gmt":"2025-09-16T09:05:18","slug":"5-mapb-pellets-50mg","status":"publish","type":"product","link":"https:\/\/rckopen.com\/el\/\u03c0\u03c1\u03bf\u03ca\u03cc\u03bd\/5-mapb-pellets-50mg\/","title":{"rendered":"\u0391\u03b3\u03bf\u03c1\u03ac\u03c3\u03c4\u03b5 5-MAPB pellets 50mg online"},"content":{"rendered":"<h2>5-MAPB-pellets 50 mg online kopen<\/h2>\n<h3>\u039a\u03b1\u03bb\u03cd\u03c4\u03b5\u03c1\u03bf\u03b9 \u03b4\u03b9\u03b1\u03b4\u03b9\u03ba\u03c4\u03c5\u03b1\u03ba\u03bf\u03af \u03c0\u03c9\u03bb\u03b7\u03c4\u03ad\u03c2 \u03bb\u03b9\u03b1\u03bd\u03b9\u03ba\u03ae\u03c2 \u03b3\u03b9\u03b1 5-MAPB pellets 50 mg: \u039c\u03b9\u03b1 \u03b5\u03c0\u03b9\u03c3\u03ba\u03cc\u03c0\u03b7\u03c3\u03b7<\/h3>\n<p>\u03a3\u03b5 \u03b1\u03c5\u03c4\u03cc \u03c4\u03bf \u03ac\u03c1\u03b8\u03c1\u03bf \u03b8\u03b1 \u03c3\u03c5\u03b6\u03b7\u03c4\u03ae\u03c3\u03bf\u03c5\u03bc\u03b5 \u03c4\u03bf\u03c5\u03c2 \u03ba\u03b1\u03bb\u03cd\u03c4\u03b5\u03c1\u03bf\u03c5\u03c2 \u03b4\u03b9\u03b1\u03b4\u03b9\u03ba\u03c4\u03c5\u03b1\u03ba\u03bf\u03cd\u03c2 \u03bb\u03b9\u03b1\u03bd\u03bf\u03c0\u03c9\u03bb\u03b7\u03c4\u03ad\u03c2 \u03cc\u03c0\u03bf\u03c5 \u03bc\u03c0\u03bf\u03c1\u03b5\u03af\u03c4\u03b5 \u03bd\u03b1 \u03b1\u03b3\u03bf\u03c1\u03ac\u03c3\u03b5\u03c4\u03b5 \u03c3\u03c6\u03b1\u03b9\u03c1\u03af\u03b4\u03b9\u03b1 5-MAPB 50 mg. \u0395\u03ac\u03bd \u03b5\u03c3\u03b5\u03af\u03c2 <a href=\"https:\/\/rckopen.com\/el\/\u03c0\u03c1\u03bf\u03ca\u03cc\u03bd\/5-mapb-pellets-50mg\/\">5-MAPB \u03c0\u03b1\u03c3\u03c4\u03af\u03bb\u03b9\u03b5\u03c2 50 mg<\/a> \u0395\u03ac\u03bd \u03b8\u03ad\u03bb\u03b5\u03c4\u03b5 \u03bd\u03b1 \u03c0\u03b1\u03c1\u03b1\u03b3\u03b3\u03b5\u03af\u03bb\u03b5\u03c4\u03b5 \u03c7\u03c9\u03c1\u03af\u03c2 \u03b9\u03b1\u03c4\u03c1\u03b9\u03ba\u03ae \u03c3\u03c5\u03bd\u03c4\u03b1\u03b3\u03ae, \u03b1\u03c5\u03c4\u03ac \u03c4\u03b1 \u03b7\u03bb\u03b5\u03ba\u03c4\u03c1\u03bf\u03bd\u03b9\u03ba\u03ac \u03ba\u03b1\u03c4\u03b1\u03c3\u03c4\u03ae\u03bc\u03b1\u03c4\u03b1 \u03c0\u03c1\u03bf\u03c3\u03c6\u03ad\u03c1\u03bf\u03c5\u03bd \u03ad\u03bd\u03b1\u03bd \u03b2\u03bf\u03bb\u03b9\u03ba\u03cc \u03c4\u03c1\u03cc\u03c0\u03bf \u03b3\u03b9\u03b1 \u03bd\u03b1 \u03c4\u03b1 \u03b1\u03b3\u03bf\u03c1\u03ac\u03c3\u03b5\u03c4\u03b5 \u03bc\u03b5 \u03b1\u03c3\u03c6\u03ac\u03bb\u03b5\u03b9\u03b1.<\/p>\n<h3>\u0393\u03b9\u03b1\u03c4\u03af \u03bf\u03b9 \u03ad\u03bc\u03c0\u03bf\u03c1\u03bf\u03b9 \u03bb\u03b9\u03b1\u03bd\u03b9\u03ba\u03ae\u03c2 \u03b5\u03c0\u03b9\u03bb\u03ad\u03b3\u03bf\u03c5\u03bd \u03bd\u03b1 \u03b1\u03b3\u03bf\u03c1\u03ac\u03c3\u03bf\u03c5\u03bd \u03c3\u03c6\u03b1\u03b9\u03c1\u03af\u03b4\u03b9\u03b1 5-MAPB 50 mg online;<\/h3>\n<p>\u0397 \u03b1\u03b3\u03bf\u03c1\u03ac \u03c3\u03c6\u03b1\u03b9\u03c1\u03b9\u03b4\u03af\u03c9\u03bd 5-MAPB 50 mg online \u03bc\u03c0\u03bf\u03c1\u03b5\u03af \u03bd\u03b1 \u03b5\u03af\u03bd\u03b1\u03b9 \u03ad\u03bd\u03b1\u03c2 \u03b2\u03bf\u03bb\u03b9\u03ba\u03cc\u03c2 \u03ba\u03b1\u03b9 \u03b4\u03b9\u03b1\u03ba\u03c1\u03b9\u03c4\u03b9\u03ba\u03cc\u03c2 \u03c4\u03c1\u03cc\u03c0\u03bf\u03c2 \u03b3\u03b9\u03b1 \u03bd\u03b1 \u03b1\u03c0\u03bf\u03ba\u03c4\u03ae\u03c3\u03b5\u03c4\u03b5 \u03b1\u03c5\u03c4\u03ac \u03c4\u03b1 \u03c0\u03c1\u03bf\u03ca\u03cc\u03bd\u03c4\u03b1. <a href=\"https:\/\/rckopen.com\/el\/\">RCKOpen.com<\/a>. \u039f\u03b9 \u03b4\u03b9\u03b1\u03b4\u03b9\u03ba\u03c4\u03c5\u03b1\u03ba\u03bf\u03af \u03ad\u03bc\u03c0\u03bf\u03c1\u03bf\u03b9 \u03bb\u03b9\u03b1\u03bd\u03b9\u03ba\u03ae\u03c2 \u03c0\u03c1\u03bf\u03c3\u03c6\u03ad\u03c1\u03bf\u03c5\u03bd \u03bc\u03b5\u03b3\u03ac\u03bb\u03b7 \u03c0\u03bf\u03b9\u03ba\u03b9\u03bb\u03af\u03b1 \u03c0\u03c1\u03bf\u03ca\u03cc\u03bd\u03c4\u03c9\u03bd \u03ba\u03b1\u03b9 \u03b1\u03bd\u03c4\u03b1\u03b3\u03c9\u03bd\u03b9\u03c3\u03c4\u03b9\u03ba\u03ad\u03c2 \u03c4\u03b9\u03bc\u03ad\u03c2. \u039c\u03c0\u03bf\u03c1\u03b5\u03af\u03c4\u03b5 \u03b5\u03cd\u03ba\u03bf\u03bb\u03b1 \u03bd\u03b1 \u03c3\u03c5\u03b3\u03ba\u03c1\u03af\u03bd\u03b5\u03c4\u03b5 \u03b4\u03b9\u03b1\u03c6\u03bf\u03c1\u03b5\u03c4\u03b9\u03ba\u03ad\u03c2 \u03bc\u03ac\u03c1\u03ba\u03b5\u03c2 \u03ba\u03b1\u03b9 \u03bd\u03b1 \u03b4\u03b9\u03b1\u03b2\u03ac\u03c3\u03b5\u03c4\u03b5 \u03ba\u03c1\u03b9\u03c4\u03b9\u03ba\u03ad\u03c2 \u03b1\u03c0\u03cc \u03ac\u03bb\u03bb\u03bf\u03c5\u03c2 \u03c0\u03b5\u03bb\u03ac\u03c4\u03b5\u03c2 \u03c0\u03c1\u03b9\u03bd \u03ba\u03ac\u03bd\u03b5\u03c4\u03b5 \u03bc\u03b9\u03b1 \u03b1\u03b3\u03bf\u03c1\u03ac.<\/p>\n<h3>\u03a0\u03bf\u03cd \u03bd\u03b1 \u03b1\u03b3\u03bf\u03c1\u03ac\u03c3\u03c9 \u03c3\u03c6\u03b1\u03b9\u03c1\u03af\u03b4\u03b9\u03b1 3-FA 50 mg online;<\/h3>\n<p>\u038c\u03c4\u03b1\u03bd \u03c8\u03ac\u03c7\u03bd\u03b5\u03c4\u03b5 \u03b3\u03b9\u03b1 \u03c4\u03bf \u03ba\u03b1\u03bb\u03cd\u03c4\u03b5\u03c1\u03bf \u03bc\u03ad\u03c1\u03bf\u03c2 \u03b3\u03b9\u03b1 <a href=\"https:\/\/en.wikipedia.org\/wiki\/5-MAPB\">5-MAPB<\/a>-pellets 50mg \u03c0\u03c1\u03bf\u03c2 \u03c0\u03ce\u03bb\u03b7\u03c3\u03b7, \u03b5\u03af\u03bd\u03b1\u03b9 \u03b1\u03c0\u03b1\u03c1\u03b1\u03af\u03c4\u03b7\u03c4\u03bf \u03bd\u03b1 \u03b5\u03c0\u03b9\u03bb\u03ad\u03be\u03b5\u03c4\u03b5 \u03ad\u03bd\u03b1\u03bd \u03b1\u03be\u03b9\u03cc\u03c0\u03b9\u03c3\u03c4\u03bf \u03b4\u03b9\u03b1\u03b4\u03b9\u03ba\u03c4\u03c5\u03b1\u03ba\u03cc \u03c0\u03c9\u03bb\u03b7\u03c4\u03ae. \u03a4\u03bf Rckopen.com \u03b5\u03af\u03bd\u03b1\u03b9 \u03ad\u03bd\u03b1 \u03b1\u03c0\u03cc \u03c4\u03b1 \u03ba\u03b1\u03bb\u03cd\u03c4\u03b5\u03c1\u03b1 \u03b7\u03bb\u03b5\u03ba\u03c4\u03c1\u03bf\u03bd\u03b9\u03ba\u03ac \u03ba\u03b1\u03c4\u03b1\u03c3\u03c4\u03ae\u03bc\u03b1\u03c4\u03b1 \u03c0\u03bf\u03c5 \u03c0\u03c1\u03bf\u03c3\u03c6\u03ad\u03c1\u03b5\u03b9 \u03c0\u03c1\u03bf\u03c2 \u03c0\u03ce\u03bb\u03b7\u03c3\u03b7 \u03c0\u03bf\u03b9\u03ba\u03b9\u03bb\u03af\u03b1 \u03c3\u03c6\u03b1\u03b9\u03c1\u03b9\u03b4\u03af\u03c9\u03bd 5-MAPB 50 mg. \u03a0\u03b1\u03c1\u03ad\u03c7\u03bf\u03c5\u03bd \u03c0\u03c1\u03bf\u03ca\u03cc\u03bd\u03c4\u03b1 \u03c5\u03c8\u03b7\u03bb\u03ae\u03c2 \u03c0\u03bf\u03b9\u03cc\u03c4\u03b7\u03c4\u03b1\u03c2 \u03ba\u03b1\u03b9 \u03b5\u03be\u03b1\u03c3\u03c6\u03b1\u03bb\u03af\u03b6\u03bf\u03c5\u03bd \u03bc\u03b9\u03b1 \u03b1\u03c3\u03c6\u03b1\u03bb\u03ae \u03b5\u03bc\u03c0\u03b5\u03b9\u03c1\u03af\u03b1 \u03b1\u03b3\u03bf\u03c1\u03ce\u03bd \u03b3\u03b9\u03b1 \u03c4\u03bf\u03c5\u03c2 \u03c0\u03b5\u03bb\u03ac\u03c4\u03b5\u03c2 \u03c4\u03bf\u03c5\u03c2.<\/p>\n<h3>\u039f\u03c6\u03ad\u03bb\u03b7 \u03b1\u03c0\u03cc \u03c4\u03b7\u03bd \u03b1\u03b3\u03bf\u03c1\u03ac pellets 5-MAPB 50 mg \u03b1\u03c0\u03cc \u03c4\u03bf Rckopen.com<\/h3>\n<p>\u03a0\u03c1\u03bf\u03ca\u03cc\u03bd\u03c4\u03b1 \u03c5\u03c8\u03b7\u03bb\u03ae\u03c2 \u03c0\u03bf\u03b9\u03cc\u03c4\u03b7\u03c4\u03b1\u03c2: \u03a4\u03bf Rckopen.com \u03c0\u03c1\u03bf\u03c3\u03c6\u03ad\u03c1\u03b5\u03b9 \u03c5\u03c8\u03b7\u03bb\u03ae\u03c2 \u03c0\u03bf\u03b9\u03cc\u03c4\u03b7\u03c4\u03b1\u03c2 \u03c0\u03ad\u03bb\u03bb\u03b5\u03c4 5-MAPB 50 mg \u03c0\u03bf\u03c5 \u03ba\u03b1\u03c4\u03b1\u03c3\u03ba\u03b5\u03c5\u03ac\u03b6\u03bf\u03bd\u03c4\u03b1\u03b9 \u03bc\u03b5 \u03c4\u03b1 \u03c5\u03c8\u03b7\u03bb\u03cc\u03c4\u03b5\u03c1\u03b1 \u03c0\u03c1\u03cc\u03c4\u03c5\u03c0\u03b1.<\/p>\n<p>\u0391\u03c3\u03c6\u03b1\u03bb\u03b5\u03af\u03c2 \u0395\u03c0\u03b9\u03bb\u03bf\u03b3\u03ad\u03c2 \u03a0\u03bb\u03b7\u03c1\u03c9\u03bc\u03ae\u03c2: \u039c\u03c0\u03bf\u03c1\u03b5\u03af\u03c4\u03b5 \u03bd\u03b1 \u03b1\u03b3\u03bf\u03c1\u03ac\u03c3\u03b5\u03c4\u03b5 5-MAPB Pellets 50 mg \u03c3\u03c4\u03bf \u0397\u03bd\u03c9\u03bc\u03ad\u03bd\u03bf \u0392\u03b1\u03c3\u03af\u03bb\u03b5\u03b9\u03bf \u03bc\u03b5 \u03c3\u03b9\u03b3\u03bf\u03c5\u03c1\u03b9\u03ac \u03b1\u03c0\u03cc \u03c4\u03bf Rckopen.com, \u03ba\u03b1\u03b8\u03ce\u03c2 \u03c0\u03c1\u03bf\u03c3\u03c6\u03ad\u03c1\u03bf\u03c5\u03bd \u03b1\u03c3\u03c6\u03b1\u03bb\u03b5\u03af\u03c2 \u03b5\u03c0\u03b9\u03bb\u03bf\u03b3\u03ad\u03c2 \u03c0\u03bb\u03b7\u03c1\u03c9\u03bc\u03ae\u03c2 \u03b3\u03b9\u03b1 \u03c4\u03b7\u03bd \u03c0\u03c1\u03bf\u03c3\u03c4\u03b1\u03c3\u03af\u03b1 \u03c4\u03c9\u03bd \u03c0\u03c1\u03bf\u03c3\u03c9\u03c0\u03b9\u03ba\u03ce\u03bd \u03c3\u03b1\u03c2 \u03c0\u03bb\u03b7\u03c1\u03bf\u03c6\u03bf\u03c1\u03b9\u03ce\u03bd.<\/p>\n<p>\u0393\u03c1\u03ae\u03b3\u03bf\u03c1\u03b7 \u03b1\u03c0\u03bf\u03c3\u03c4\u03bf\u03bb\u03ae: \u03a4\u03bf Rckopen.com \u03b5\u03b3\u03b3\u03c5\u03ac\u03c4\u03b1\u03b9 \u03b3\u03c1\u03ae\u03b3\u03bf\u03c1\u03b7 \u03c0\u03b1\u03c1\u03ac\u03b4\u03bf\u03c3\u03b7 \u03c4\u03b7\u03c2 \u03c0\u03b1\u03c1\u03b1\u03b3\u03b3\u03b5\u03bb\u03af\u03b1\u03c2 \u03c3\u03b1\u03c2, \u03ce\u03c3\u03c4\u03b5 \u03bd\u03b1 \u03bc\u03c0\u03bf\u03c1\u03b5\u03af\u03c4\u03b5 \u03bd\u03b1 \u03b1\u03c0\u03bf\u03bb\u03b1\u03cd\u03c3\u03b5\u03c4\u03b5 \u03c4\u03b1 \u03bf\u03c6\u03ad\u03bb\u03b7 \u03c4\u03b7\u03c2 \u03c0\u03b1\u03c1\u03b1\u03b3\u03b3\u03b5\u03bb\u03af\u03b1\u03c2 5-MAPB Pellets 50 mg \u03c4\u03bf \u03c3\u03c5\u03bd\u03c4\u03bf\u03bc\u03cc\u03c4\u03b5\u03c1\u03bf \u03b4\u03c5\u03bd\u03b1\u03c4\u03cc.<\/p>\n<p>\u0395\u03b3\u03b3\u03cd\u03b7\u03c3\u03b7 \u03b9\u03ba\u03b1\u03bd\u03bf\u03c0\u03bf\u03af\u03b7\u03c3\u03b7\u03c2 \u03c0\u03b5\u03bb\u03b1\u03c4\u03ce\u03bd: \u0395\u03ac\u03bd \u03b4\u03b5\u03bd \u03b5\u03af\u03c3\u03c4\u03b5 \u03b9\u03ba\u03b1\u03bd\u03bf\u03c0\u03bf\u03b9\u03b7\u03bc\u03ad\u03bd\u03bf\u03b9 \u03bc\u03b5 \u03c4\u03b7\u03bd \u03b1\u03b3\u03bf\u03c1\u03ac \u03c3\u03b1\u03c2, \u03c4\u03bf Rckopen.com \u03c0\u03c1\u03bf\u03c3\u03c6\u03ad\u03c1\u03b5\u03b9 \u03bc\u03b9\u03b1 \u0395\u03b3\u03b3\u03cd\u03b7\u03c3\u03b7 \u0399\u03ba\u03b1\u03bd\u03bf\u03c0\u03bf\u03af\u03b7\u03c3\u03b7\u03c2 \u03a0\u03b5\u03bb\u03b1\u03c4\u03ce\u03bd \u03b3\u03b9\u03b1 \u03bd\u03b1 \u03b4\u03b9\u03b1\u03c3\u03c6\u03b1\u03bb\u03af\u03c3\u03b5\u03b9 \u03cc\u03c4\u03b9 \u03b5\u03af\u03c3\u03c4\u03b5 \u03b9\u03ba\u03b1\u03bd\u03bf\u03c0\u03bf\u03b9\u03b7\u03bc\u03ad\u03bd\u03bf\u03b9 \u03bc\u03b5 \u03c4\u03b7\u03bd \u03c0\u03b1\u03c1\u03b1\u03b3\u03b3\u03b5\u03bb\u03af\u03b1 \u03c3\u03b1\u03c2.<\/p>\n<h3>Jak si mohu objednat pelety 5-MAPB 50 mg bez l\u00e9ka\u0159sk\u00e9ho p\u0159edpisu?<\/h3>\n<p>Az 5-MAPB 50 mg-os pellet v\u00e9ny n\u00e9lk\u00fcl t\u00f6rt\u00e9n\u0151 v\u00e1s\u00e1rl\u00e1sa egyszer\u0171 \u00e9s k\u00e9nyelmes, ha az Rckopen.com oldalon v\u00e1s\u00e1rol. B\u00f6ng\u00e9szheti a weboldalt, kiv\u00e1laszthatja a k\u00edv\u00e1nt term\u00e9keket \u00e9s tov\u00e1bbl\u00e9phet a p\u00e9nzt\u00e1rhoz. N\u00e9h\u00e1ny kattint\u00e1ssal az 5-MAPB 50 mg-os pelletet pillanatok alatt h\u00e1zhoz sz\u00e1ll\u00edthatja.<br \/>\n\u0391\u03bd \u03c8\u03ac\u03c7\u03bd\u03b5\u03c4\u03b5 \u03b3\u03b9\u03b1 \u03c4\u03bf\u03c5\u03c2 \u03ba\u03b1\u03bb\u03cd\u03c4\u03b5\u03c1\u03bf\u03c5\u03c2 \u03b4\u03b9\u03b1\u03b4\u03b9\u03ba\u03c4\u03c5\u03b1\u03ba\u03bf\u03cd\u03c2 \u03bb\u03b9\u03b1\u03bd\u03bf\u03c0\u03c9\u03bb\u03b7\u03c4\u03ad\u03c2 \u03b3\u03b9\u03b1 \u03bd\u03b1 \u03b1\u03b3\u03bf\u03c1\u03ac\u03c3\u03b5\u03c4\u03b5 \u03bd\u03cc\u03bc\u03b9\u03bc\u03b1 \u03c3\u03c6\u03b1\u03b9\u03c1\u03af\u03b4\u03b9\u03b1 5-MAPB 50 mg, \u03c4\u03bf Rckopen.com \u03b5\u03af\u03bd\u03b1\u03b9 \u03b7 \u03ba\u03b1\u03bb\u03cd\u03c4\u03b5\u03c1\u03b7 \u03b5\u03c0\u03b9\u03bb\u03bf\u03b3\u03ae. \u039c\u03b5 \u03c4\u03b1 \u03c0\u03c1\u03bf\u03ca\u03cc\u03bd\u03c4\u03b1 \u03c5\u03c8\u03b7\u03bb\u03ae\u03c2 \u03c0\u03bf\u03b9\u03cc\u03c4\u03b7\u03c4\u03b1\u03c2, \u03c4\u03b9\u03c2 \u03b1\u03c3\u03c6\u03b1\u03bb\u03b5\u03af\u03c2 \u03b5\u03c0\u03b9\u03bb\u03bf\u03b3\u03ad\u03c2 \u03c0\u03bb\u03b7\u03c1\u03c9\u03bc\u03ae\u03c2, \u03c4\u03b7 \u03b3\u03c1\u03ae\u03b3\u03bf\u03c1\u03b7 \u03b1\u03c0\u03bf\u03c3\u03c4\u03bf\u03bb\u03ae \u03ba\u03b1\u03b9 \u03c4\u03b7\u03bd \u03b5\u03b3\u03b3\u03cd\u03b7\u03c3\u03b7 \u03b9\u03ba\u03b1\u03bd\u03bf\u03c0\u03bf\u03af\u03b7\u03c3\u03b7\u03c2 \u03c0\u03b5\u03bb\u03b1\u03c4\u03ce\u03bd, \u03bc\u03c0\u03bf\u03c1\u03b5\u03af\u03c4\u03b5 \u03bd\u03b1 \u03b5\u03bc\u03c0\u03b9\u03c3\u03c4\u03b5\u03c5\u03c4\u03b5\u03af\u03c4\u03b5 \u03c4\u03bf Rckopen.com \u03b3\u03b9\u03b1 \u03bd\u03b1 \u03c3\u03b1\u03c2 \u03c0\u03c1\u03bf\u03c3\u03c6\u03ad\u03c1\u03b5\u03b9 \u03c4\u03b7\u03bd \u03ba\u03b1\u03bb\u03cd\u03c4\u03b5\u03c1\u03b7 \u03b5\u03bc\u03c0\u03b5\u03b9\u03c1\u03af\u03b1 \u03b1\u03b3\u03bf\u03c1\u03ce\u03bd \u03b3\u03b9\u03b1 \u03c4\u03b9\u03c2 \u03b1\u03bd\u03ac\u03b3\u03ba\u03b5\u03c2 \u03c3\u03b1\u03c2 \u03c3\u03b5 \u03c0\u03ad\u03bb\u03bb\u03b5\u03c4 50mg 5-MAPB. \u0393\u03b9\u03b1\u03c4\u03af \u03bb\u03bf\u03b9\u03c0\u03cc\u03bd \u03bd\u03b1 \u03c0\u03b5\u03c1\u03b9\u03bc\u03ad\u03bd\u03b5\u03c4\u03b5; \u0391\u03b3\u03bf\u03c1\u03ac\u03c3\u03c4\u03b5 5-MAPB pellets 50mg online \u03c3\u03ae\u03bc\u03b5\u03c1\u03b1 \u03c3\u03c4\u03bf Rckopen.com!<\/p>","protected":false},"excerpt":{"rendered":"<p><strong>IUPAC-Name: <\/strong>(1-(\u03b2\u03b5\u03bd\u03b6\u03bf\u03c6\u03bf\u03c5\u03c1\u03b1\u03bd-5-\u03c5\u03bb)-N-\u03bc\u03b5\u03b8\u03c5\u03bb\u03bf\u03c0\u03c1\u03bf\u03c0\u03b1\u03bd-2-\u03b1\u03bc\u03af\u03bd\u03b7)<\/p>\n<p><strong>CAS # <\/strong>1354631-77-8<\/p>\n<p><strong>\u0395\u03bc\u03c6\u03ac\u03bd\u03b9\u03c3\u03b7: <\/strong>\u03c1\u03bf\u03b6 \u03c3\u03c6\u03b1\u03b9\u03c1\u03af\u03b4\u03b9\u03b1<\/p>\n<p><strong>\u039c\u03bf\u03c1\u03c6\u03ae: <\/strong>\u03c3\u03c6\u03b1\u03b9\u03c1\u03af\u03b4\u03b9\u03b1<\/p>\n<p><strong>\u0391\u03bd\u03ac\u03bb\u03c5\u03c3\u03b7 NMR: <\/strong>C12H15NO<\/p>","protected":false},"featured_media":6644,"comment_status":"open","ping_status":"closed","template":"","meta":{"_joinchat":[]},"product_brand":[],"product_cat":[144],"product_tag":[],"class_list":{"0":"post-6620","1":"product","2":"type-product","3":"status-publish","4":"has-post-thumbnail","6":"product_cat-pellets","8":"first","9":"instock","10":"shipping-taxable","11":"purchasable","12":"product-type-variable"},"yoast_head":"<!-- This site is optimized with the Yoast SEO plugin v26.3 - https:\/\/yoast.com\/wordpress\/plugins\/seo\/ -->\n<title>5-Mapb-pellets 50 mg online kopen - 5-Mapb-pellets 50 mg te koop<\/title>\n<meta name=\"description\" content=\"Als u 5-Mapb Pelltes 50 mg leuk vindt en op zoek bent naar een betrouwbare online winkel, koop dan hier. We hebben 5-Mapb Pelltes 50 mg van hoge kwaliteit te koop en u kunt 5-Mapb Pelltes 50 mg vandaag nog online kopen tegen een betaalbare prijs. Bestel nu!\" \/>\n<meta name=\"robots\" content=\"index, follow, max-snippet:-1, max-image-preview:large, max-video-preview:-1\" \/>\n<link rel=\"canonical\" href=\"https:\/\/rckopen.com\/el\/\u03c0\u03c1\u03bf\u03ca\u03cc\u03bd\/5-mapb-pellets-50mg\/\" \/>\n<meta property=\"og:locale\" content=\"el_GR\" \/>\n<meta property=\"og:type\" content=\"article\" \/>\n<meta property=\"og:title\" content=\"5-Mapb-pellets 50 mg online kopen - 5-Mapb-pellets 50 mg te koop\" \/>\n<meta property=\"og:description\" content=\"Als u 5-Mapb Pelltes 50 mg leuk vindt en op zoek bent naar een betrouwbare online winkel, koop dan hier. We hebben 5-Mapb Pelltes 50 mg van hoge kwaliteit te koop en u kunt 5-Mapb Pelltes 50 mg vandaag nog online kopen tegen een betaalbare prijs. Bestel nu!\" \/>\n<meta property=\"og:url\" content=\"https:\/\/rckopen.com\/el\/\u03c0\u03c1\u03bf\u03ca\u03cc\u03bd\/5-mapb-pellets-50mg\/\" \/>\n<meta property=\"og:site_name\" content=\"RC Kopen\" \/>\n<meta property=\"article:modified_time\" content=\"2025-09-16T09:05:18+00:00\" \/>\n<meta property=\"og:image\" content=\"https:\/\/rckopen.com\/wp-content\/uploads\/2023\/08\/5-MAPB-pellets-50mg.jpg\" \/>\n\t<meta property=\"og:image:width\" content=\"600\" \/>\n\t<meta property=\"og:image:height\" content=\"600\" \/>\n\t<meta property=\"og:image:type\" content=\"image\/jpeg\" \/>\n<meta name=\"twitter:card\" content=\"summary_large_image\" \/>\n<meta name=\"twitter:label1\" content=\"\u0395\u03ba\u03c4\u03b9\u03bc\u03ce\u03bc\u03b5\u03bd\u03bf\u03c2 \u03c7\u03c1\u03cc\u03bd\u03bf\u03c2 \u03b1\u03bd\u03ac\u03b3\u03bd\u03c9\u03c3\u03b7\u03c2\" \/>\n\t<meta name=\"twitter:data1\" content=\"2 \u03bb\u03b5\u03c0\u03c4\u03ac\" \/>\n<script type=\"application\/ld+json\" class=\"yoast-schema-graph\">{\"@context\":\"https:\/\/schema.org\",\"@graph\":[{\"@type\":\"WebPage\",\"@id\":\"https:\/\/rckopen.com\/product\/5-mapb-pellets-50mg\/\",\"url\":\"https:\/\/rckopen.com\/product\/5-mapb-pellets-50mg\/\",\"name\":\"5-Mapb-pellets 50 mg online kopen - 5-Mapb-pellets 50 mg te koop\",\"isPartOf\":{\"@id\":\"https:\/\/rckopen.com\/#website\"},\"primaryImageOfPage\":{\"@id\":\"https:\/\/rckopen.com\/product\/5-mapb-pellets-50mg\/#primaryimage\"},\"image\":{\"@id\":\"https:\/\/rckopen.com\/product\/5-mapb-pellets-50mg\/#primaryimage\"},\"thumbnailUrl\":\"https:\/\/rckopen.com\/wp-content\/uploads\/2023\/08\/5-MAPB-pellets-50mg.jpg\",\"datePublished\":\"2023-08-17T05:45:44+00:00\",\"dateModified\":\"2025-09-16T09:05:18+00:00\",\"description\":\"Als u 5-Mapb Pelltes 50 mg leuk vindt en op zoek bent naar een betrouwbare online winkel, koop dan hier. We hebben 5-Mapb Pelltes 50 mg van hoge kwaliteit te koop en u kunt 5-Mapb Pelltes 50 mg vandaag nog online kopen tegen een betaalbare prijs. Bestel nu!\",\"breadcrumb\":{\"@id\":\"https:\/\/rckopen.com\/product\/5-mapb-pellets-50mg\/#breadcrumb\"},\"inLanguage\":\"el\",\"potentialAction\":[{\"@type\":\"ReadAction\",\"target\":[\"https:\/\/rckopen.com\/product\/5-mapb-pellets-50mg\/\"]}]},{\"@type\":\"ImageObject\",\"inLanguage\":\"el\",\"@id\":\"https:\/\/rckopen.com\/product\/5-mapb-pellets-50mg\/#primaryimage\",\"url\":\"https:\/\/rckopen.com\/wp-content\/uploads\/2023\/08\/5-MAPB-pellets-50mg.jpg\",\"contentUrl\":\"https:\/\/rckopen.com\/wp-content\/uploads\/2023\/08\/5-MAPB-pellets-50mg.jpg\",\"width\":600,\"height\":600,\"caption\":\"5-MAPB-pellets-50mg online kopen\"},{\"@type\":\"BreadcrumbList\",\"@id\":\"https:\/\/rckopen.com\/product\/5-mapb-pellets-50mg\/#breadcrumb\",\"itemListElement\":[{\"@type\":\"ListItem\",\"position\":1,\"name\":\"Home\",\"item\":\"https:\/\/rckopen.com\/\"},{\"@type\":\"ListItem\",\"position\":2,\"name\":\"Shop\",\"item\":\"https:\/\/rckopen.com\/shop\/\"},{\"@type\":\"ListItem\",\"position\":3,\"name\":\"5-MAPB pellets 50mg online kopen\"}]},{\"@type\":\"WebSite\",\"@id\":\"https:\/\/rckopen.com\/#website\",\"url\":\"https:\/\/rckopen.com\/\",\"name\":\"RC Kopen\",\"description\":\"Research Chemicals\",\"potentialAction\":[{\"@type\":\"SearchAction\",\"target\":{\"@type\":\"EntryPoint\",\"urlTemplate\":\"https:\/\/rckopen.com\/?s={search_term_string}\"},\"query-input\":{\"@type\":\"PropertyValueSpecification\",\"valueRequired\":true,\"valueName\":\"search_term_string\"}}],\"inLanguage\":\"el\"}]}<\/script>\n<!-- \/ Yoast SEO plugin. -->","yoast_head_json":{"title":"5-Mapb-pellets 50 mg online kopen - 5-Mapb-pellets 50 mg te koop","description":"Als u 5-Mapb Pelltes 50 mg leuk vindt en op zoek bent naar een betrouwbare online winkel, koop dan hier. We hebben 5-Mapb Pelltes 50 mg van hoge kwaliteit te koop en u kunt 5-Mapb Pelltes 50 mg vandaag nog online kopen tegen een betaalbare prijs. Bestel nu!","robots":{"index":"index","follow":"follow","max-snippet":"max-snippet:-1","max-image-preview":"max-image-preview:large","max-video-preview":"max-video-preview:-1"},"canonical":"https:\/\/rckopen.com\/el\/\u03c0\u03c1\u03bf\u03ca\u03cc\u03bd\/5-mapb-pellets-50mg\/","og_locale":"el_GR","og_type":"article","og_title":"5-Mapb-pellets 50 mg online kopen - 5-Mapb-pellets 50 mg te koop","og_description":"Als u 5-Mapb Pelltes 50 mg leuk vindt en op zoek bent naar een betrouwbare online winkel, koop dan hier. We hebben 5-Mapb Pelltes 50 mg van hoge kwaliteit te koop en u kunt 5-Mapb Pelltes 50 mg vandaag nog online kopen tegen een betaalbare prijs. Bestel nu!","og_url":"https:\/\/rckopen.com\/el\/\u03c0\u03c1\u03bf\u03ca\u03cc\u03bd\/5-mapb-pellets-50mg\/","og_site_name":"RC Kopen","article_modified_time":"2025-09-16T09:05:18+00:00","og_image":[{"width":600,"height":600,"url":"https:\/\/rckopen.com\/wp-content\/uploads\/2023\/08\/5-MAPB-pellets-50mg.jpg","type":"image\/jpeg"}],"twitter_card":"summary_large_image","twitter_misc":{"\u0395\u03ba\u03c4\u03b9\u03bc\u03ce\u03bc\u03b5\u03bd\u03bf\u03c2 \u03c7\u03c1\u03cc\u03bd\u03bf\u03c2 \u03b1\u03bd\u03ac\u03b3\u03bd\u03c9\u03c3\u03b7\u03c2":"2 \u03bb\u03b5\u03c0\u03c4\u03ac"},"schema":{"@context":"https:\/\/schema.org","@graph":[{"@type":"WebPage","@id":"https:\/\/rckopen.com\/product\/5-mapb-pellets-50mg\/","url":"https:\/\/rckopen.com\/product\/5-mapb-pellets-50mg\/","name":"5-Mapb-pellets 50 mg online kopen - 5-Mapb-pellets 50 mg te koop","isPartOf":{"@id":"https:\/\/rckopen.com\/#website"},"primaryImageOfPage":{"@id":"https:\/\/rckopen.com\/product\/5-mapb-pellets-50mg\/#primaryimage"},"image":{"@id":"https:\/\/rckopen.com\/product\/5-mapb-pellets-50mg\/#primaryimage"},"thumbnailUrl":"https:\/\/rckopen.com\/wp-content\/uploads\/2023\/08\/5-MAPB-pellets-50mg.jpg","datePublished":"2023-08-17T05:45:44+00:00","dateModified":"2025-09-16T09:05:18+00:00","description":"Als u 5-Mapb Pelltes 50 mg leuk vindt en op zoek bent naar een betrouwbare online winkel, koop dan hier. We hebben 5-Mapb Pelltes 50 mg van hoge kwaliteit te koop en u kunt 5-Mapb Pelltes 50 mg vandaag nog online kopen tegen een betaalbare prijs. Bestel nu!","breadcrumb":{"@id":"https:\/\/rckopen.com\/product\/5-mapb-pellets-50mg\/#breadcrumb"},"inLanguage":"el","potentialAction":[{"@type":"ReadAction","target":["https:\/\/rckopen.com\/product\/5-mapb-pellets-50mg\/"]}]},{"@type":"ImageObject","inLanguage":"el","@id":"https:\/\/rckopen.com\/product\/5-mapb-pellets-50mg\/#primaryimage","url":"https:\/\/rckopen.com\/wp-content\/uploads\/2023\/08\/5-MAPB-pellets-50mg.jpg","contentUrl":"https:\/\/rckopen.com\/wp-content\/uploads\/2023\/08\/5-MAPB-pellets-50mg.jpg","width":600,"height":600,"caption":"5-MAPB-pellets-50mg online kopen"},{"@type":"BreadcrumbList","@id":"https:\/\/rckopen.com\/product\/5-mapb-pellets-50mg\/#breadcrumb","itemListElement":[{"@type":"ListItem","position":1,"name":"Home","item":"https:\/\/rckopen.com\/"},{"@type":"ListItem","position":2,"name":"Shop","item":"https:\/\/rckopen.com\/shop\/"},{"@type":"ListItem","position":3,"name":"5-MAPB pellets 50mg online kopen"}]},{"@type":"WebSite","@id":"https:\/\/rckopen.com\/#website","url":"https:\/\/rckopen.com\/","name":"RC Kopen","description":"Research Chemicals","potentialAction":[{"@type":"SearchAction","target":{"@type":"EntryPoint","urlTemplate":"https:\/\/rckopen.com\/?s={search_term_string}"},"query-input":{"@type":"PropertyValueSpecification","valueRequired":true,"valueName":"search_term_string"}}],"inLanguage":"el"}]}},"_links":{"self":[{"href":"https:\/\/rckopen.com\/el\/wp-json\/wp\/v2\/product\/6620","targetHints":{"allow":["GET"]}}],"collection":[{"href":"https:\/\/rckopen.com\/el\/wp-json\/wp\/v2\/product"}],"about":[{"href":"https:\/\/rckopen.com\/el\/wp-json\/wp\/v2\/types\/product"}],"replies":[{"embeddable":true,"href":"https:\/\/rckopen.com\/el\/wp-json\/wp\/v2\/comments?post=6620"}],"wp:featuredmedia":[{"embeddable":true,"href":"https:\/\/rckopen.com\/el\/wp-json\/wp\/v2\/media\/6644"}],"wp:attachment":[{"href":"https:\/\/rckopen.com\/el\/wp-json\/wp\/v2\/media?parent=6620"}],"wp:term":[{"taxonomy":"product_brand","embeddable":true,"href":"https:\/\/rckopen.com\/el\/wp-json\/wp\/v2\/product_brand?post=6620"},{"taxonomy":"product_cat","embeddable":true,"href":"https:\/\/rckopen.com\/el\/wp-json\/wp\/v2\/product_cat?post=6620"},{"taxonomy":"product_tag","embeddable":true,"href":"https:\/\/rckopen.com\/el\/wp-json\/wp\/v2\/product_tag?post=6620"}],"curies":[{"name":"wp","href":"https:\/\/api.w.org\/{rel}","templated":true}]}}