{"id":6660,"date":"2023-08-17T07:34:21","date_gmt":"2023-08-17T07:34:21","guid":{"rendered":"https:\/\/diligentplug.com\/chems\/?post_type=product&#038;p=6660"},"modified":"2025-02-03T06:50:59","modified_gmt":"2025-02-03T06:50:59","slug":"desoxypipradrol","status":"publish","type":"product","link":"https:\/\/rckopen.com\/el\/\u03c0\u03c1\u03bf\u03ca\u03cc\u03bd\/deoxypipradrol\/","title":{"rendered":"\u0391\u03b3\u03bf\u03c1\u03ac\u03c3\u03c4\u03b5 Desoxypipradrol online"},"content":{"rendered":"<h2>\u0391\u03b3\u03bf\u03c1\u03ac\u03c3\u03c4\u03b5 Desoxypipradrol online<\/h2>\n<h2>Welkom bij RCKopen: uw bestemming voor desoxypipradrol<\/h2>\n<p>\u0398\u03ad\u03bb\u03b5\u03c4\u03b5 <a href=\"https:\/\/rckopen.com\/el\/\u03c0\u03c1\u03bf\u03ca\u03cc\u03bd\/deoxypipradrol\/\">\u0391\u03b3\u03bf\u03c1\u03ac\u03c3\u03c4\u03b5 Desoxypipradrol online<\/a>? \u039c\u03b7\u03bd \u03c8\u03ac\u03c7\u03bd\u03b5\u03c4\u03b5 \u03c0\u03ad\u03c1\u03b1 \u200b\u200b\u03b1\u03c0\u03cc \u03c4\u03bf RCKopen! \u0395\u03af\u03bc\u03b1\u03c3\u03c4\u03b5 \u03b7 \u03b2\u03b1\u03c3\u03b9\u03ba\u03ae \u03c3\u03b1\u03c2 \u03c0\u03b7\u03b3\u03ae \u03b3\u03b9\u03b1 Desoxypipradrol \u03c5\u03c8\u03b7\u03bb\u03ae\u03c2 \u03c0\u03bf\u03b9\u03cc\u03c4\u03b7\u03c4\u03b1\u03c2 \u03ba\u03b1\u03b9 \u03bc\u03b9\u03b1 \u03b1\u03be\u03b9\u03cc\u03c0\u03b9\u03c3\u03c4\u03b7 \u03c0\u03bb\u03b1\u03c4\u03c6\u03cc\u03c1\u03bc\u03b1 \u03b3\u03b9\u03b1 \u03c4\u03b7\u03bd \u03b1\u03b3\u03bf\u03c1\u03ac \u03b1\u03c5\u03c4\u03bf\u03cd \u03c4\u03bf\u03c5 \u03c6\u03b1\u03c1\u03bc\u03ac\u03ba\u03bf\u03c5 \u03bd\u03cc\u03bc\u03b9\u03bc\u03b1 \u03ba\u03b1\u03b9 \u03c7\u03c9\u03c1\u03af\u03c2 \u03c0\u03c1\u03bf\u03b2\u03bb\u03ae\u03bc\u03b1\u03c4\u03b1.<\/p>\n<h3>\u0393\u03b9\u03b1\u03c4\u03af \u03bd\u03b1 \u03b5\u03c0\u03b9\u03bb\u03ad\u03be\u03b5\u03c4\u03b5 \u03c4\u03bf RCCopen \u03b3\u03b9\u03b1 \u03b4\u03b5\u03c3\u03bf\u03be\u03c5\u03c0\u03b9\u03c0\u03c1\u03b1\u03b4\u03c1\u03cc\u03bb\u03b7;<\/h3>\n<p>\u039c\u03ad\u03bb\u03b9\u03c3\u03c3\u03b1 <a href=\"https:\/\/rckopen.com\/el\/\">rckopen.com<\/a> \u03b4\u03af\u03bd\u03bf\u03c5\u03bc\u03b5 \u03c0\u03c1\u03bf\u03c4\u03b5\u03c1\u03b1\u03b9\u03cc\u03c4\u03b7\u03c4\u03b1 \u03c3\u03c4\u03b7\u03bd \u03c0\u03bf\u03b9\u03cc\u03c4\u03b7\u03c4\u03b1, \u03c4\u03b7 \u03bd\u03bf\u03bc\u03b9\u03bc\u03cc\u03c4\u03b7\u03c4\u03b1 \u03ba\u03b1\u03b9 \u03c4\u03b7\u03bd \u03b9\u03ba\u03b1\u03bd\u03bf\u03c0\u03bf\u03af\u03b7\u03c3\u03b7 \u03c4\u03c9\u03bd \u03c0\u03b5\u03bb\u03b1\u03c4\u03ce\u03bd. \u0393\u03b9' \u03b1\u03c5\u03c4\u03cc \u03c0\u03c1\u03ad\u03c0\u03b5\u03b9 \u03bd\u03b1 \u03bc\u03b1\u03c2 \u03b5\u03c0\u03b9\u03bb\u03ad\u03be\u03b5\u03c4\u03b5:<\/p>\n<h3>Desoxypipradrol \u03ba\u03bf\u03c1\u03c5\u03c6\u03b1\u03af\u03b1\u03c2 \u03c0\u03bf\u03b9\u03cc\u03c4\u03b7\u03c4\u03b1\u03c2<\/h3>\n<p>\u03a0\u03b1\u03c1\u03b1\u03b3\u03b3\u03b5\u03af\u03bb\u03b5\u03c4\u03b5 \u03c4\u03b1 \u03c0\u03c1\u03bf\u03ca\u03cc\u03bd\u03c4\u03b1 Desoxypipradrol \u03b5\u03af\u03bd\u03b1\u03b9 \u03c5\u03c8\u03b7\u03bb\u03ae\u03c2 \u03c0\u03bf\u03b9\u03cc\u03c4\u03b7\u03c4\u03b1\u03c2 \u03ba\u03b1\u03b9 \u03b5\u03b3\u03b3\u03c5\u03ce\u03bd\u03c4\u03b1\u03b9 \u03ba\u03b1\u03b8\u03b1\u03c1\u03cc\u03c4\u03b7\u03c4\u03b1 \u03ba\u03b1\u03b9 \u03b1\u03c0\u03bf\u03c4\u03b5\u03bb\u03b5\u03c3\u03bc\u03b1\u03c4\u03b9\u03ba\u03cc\u03c4\u03b7\u03c4\u03b1. \u039a\u03b1\u03c4\u03b1\u03bd\u03bf\u03bf\u03cd\u03bc\u03b5 \u03c4\u03b7 \u03c3\u03b7\u03bc\u03b1\u03c3\u03af\u03b1 \u03c4\u03b7\u03c2 \u03c0\u03bf\u03b9\u03cc\u03c4\u03b7\u03c4\u03b1\u03c2 \u03cc\u03c4\u03b1\u03bd \u03c0\u03c1\u03cc\u03ba\u03b5\u03b9\u03c4\u03b1\u03b9 \u03b3\u03b9\u03b1 \u03c4\u03b7\u03bd \u03ad\u03c1\u03b5\u03c5\u03bd\u03b1 \u03c7\u03b7\u03bc\u03b9\u03ba\u03ce\u03bd \u03bf\u03c5\u03c3\u03b9\u03ce\u03bd, \u03b3\u03b9' \u03b1\u03c5\u03c4\u03cc \u03c0\u03c1\u03bf\u03bc\u03b7\u03b8\u03b5\u03cd\u03bf\u03c5\u03bc\u03b5 \u03c4\u03bf Desoxypipradrol \u03bc\u03b1\u03c2 \u03c0\u03c1\u03bf\u03c2 \u03c0\u03ce\u03bb\u03b7\u03c3\u03b7 \u03b1\u03c0\u03cc \u03b1\u03be\u03b9\u03cc\u03c0\u03b9\u03c3\u03c4\u03bf\u03c5\u03c2 \u03c0\u03c1\u03bf\u03bc\u03b7\u03b8\u03b5\u03c5\u03c4\u03ad\u03c2.<\/p>\n<h3>1.\u5408\u6cd5\u5408\u89c4<\/h3>\n<p>\u03a0\u03b9\u03c3\u03c4\u03b5\u03cd\u03bf\u03c5\u03bc\u03b5 \u03cc\u03c4\u03b9 \u03bb\u03b5\u03b9\u03c4\u03bf\u03c5\u03c1\u03b3\u03bf\u03cd\u03bc\u03b5 \u03b5\u03bd\u03c4\u03cc\u03c2 \u03c4\u03c9\u03bd \u03bf\u03c1\u03af\u03c9\u03bd \u03c4\u03bf\u03c5 \u03bd\u03cc\u03bc\u03bf\u03c5. \u038c\u03c4\u03b1\u03bd \u03b5\u03c3\u03cd <a href=\"https:\/\/en.wikipedia.org\/wiki\/Desoxypipradrol\">Desoxypipradrol<\/a> Ha leg\u00e1lisan v\u00e1s\u00e1rol az RCKopen-t\u0151l, biztos lehet benne, hogy v\u00e1s\u00e1rl\u00e1sa leg\u00e1lis \u00e9s megfelel az el\u0151\u00edr\u00e1soknak. Szigor\u00faan betartunk minden jogszab\u00e1lyi el\u0151\u00edr\u00e1st, \u00edgy nyugodt sz\u00edvvel dolgozhat.<\/p>\n<h3>\u0391\u03c0\u03bb\u03ae \u03b4\u03b9\u03b1\u03b4\u03b9\u03ba\u03b1\u03c3\u03af\u03b1 \u03c0\u03b1\u03c1\u03b1\u03b3\u03b3\u03b5\u03bb\u03af\u03b1\u03c2<\/h3>\n<p>\u0397 \u03c0\u03b1\u03c1\u03b1\u03b3\u03b3\u03b5\u03bb\u03af\u03b1 Desoxipipradrol \u03b1\u03c0\u03cc \u03c4\u03bf RCKopen \u03b5\u03af\u03bd\u03b1\u03b9 \u03b5\u03cd\u03ba\u03bf\u03bb\u03b7 \u03ba\u03b1\u03b9 \u03b1\u03c0\u03bb\u03ae. \u039c\u03b5 \u03bb\u03af\u03b3\u03b1 \u03bc\u03cc\u03bd\u03bf \u03ba\u03bb\u03b9\u03ba, \u03bc\u03c0\u03bf\u03c1\u03b5\u03af\u03c4\u03b5 \u03bd\u03b1 \u03ba\u03ac\u03bd\u03b5\u03c4\u03b5 \u03c4\u03b7\u03bd \u03c0\u03b1\u03c1\u03b1\u03b3\u03b3\u03b5\u03bb\u03af\u03b1 \u03c3\u03b1\u03c2 \u03ba\u03b1\u03b9 \u03bd\u03b1 \u03c4\u03b7\u03bd \u03c0\u03b1\u03c1\u03b1\u03bb\u03ac\u03b2\u03b5\u03c4\u03b5 \u03c3\u03c4\u03bf \u03c3\u03c0\u03af\u03c4\u03b9 \u03c3\u03b1\u03c2. \u03a0\u03b5\u03af\u03c4\u03b5 \u03b1\u03bd\u03c4\u03af\u03bf \u03c3\u03c4\u03b7\u03bd \u03c4\u03b1\u03bb\u03b1\u03b9\u03c0\u03c9\u03c1\u03af\u03b1 \u03c4\u03b7\u03c2 \u03c0\u03bb\u03bf\u03ae\u03b3\u03b7\u03c3\u03b7\u03c2 \u03c3\u03b5 \u03c0\u03b5\u03c1\u03af\u03c0\u03bb\u03bf\u03ba\u03b5\u03c2 \u03b4\u03b9\u03b1\u03b4\u03b9\u03ba\u03b1\u03c3\u03af\u03b5\u03c2 \u03c0\u03b1\u03c1\u03b1\u03b3\u03b3\u03b5\u03bb\u03b9\u03ce\u03bd.<\/p>\n<h3>\u03a0\u03ce\u03c2 \u03bd\u03b1 \u03b1\u03b3\u03bf\u03c1\u03ac\u03c3\u03b5\u03c4\u03b5 desoxypipradrol \u03c3\u03c4\u03bf Kopen<\/h3>\n<p>\u0395\u03af\u03c3\u03c4\u03b5 \u03ad\u03c4\u03bf\u03b9\u03bc\u03bf\u03b9 \u03bd\u03b1 \u03ba\u03ac\u03bd\u03b5\u03c4\u03b5 \u03bc\u03b9\u03b1 \u03b1\u03b3\u03bf\u03c1\u03ac; \u0394\u03b5\u03af\u03c4\u03b5 \u03c0\u03ce\u03c2 \u03bc\u03c0\u03bf\u03c1\u03b5\u03af\u03c4\u03b5 \u03bd\u03b1 \u03b1\u03b3\u03bf\u03c1\u03ac\u03c3\u03b5\u03c4\u03b5 Desoxypipradrol \u03c3\u03c4\u03bf \u0397\u03bd\u03c9\u03bc\u03ad\u03bd\u03bf \u0392\u03b1\u03c3\u03af\u03bb\u03b5\u03b9\u03bf \u03b1\u03c0\u03cc \u03c4\u03bf RCKopen:<\/p>\n<p>\u03a0\u03b5\u03c1\u03b9\u03b7\u03b3\u03b7\u03b8\u03b5\u03af\u03c4\u03b5 \u03c3\u03c4\u03b7\u03bd \u03b5\u03c0\u03b9\u03bb\u03bf\u03b3\u03ae \u03bc\u03b1\u03c2: \u0395\u03be\u03b5\u03c1\u03b5\u03c5\u03bd\u03ae\u03c3\u03c4\u03b5 \u03c4\u03b7 \u03b3\u03ba\u03ac\u03bc\u03b1 \u03c4\u03c9\u03bd \u03c0\u03c1\u03bf\u03ca\u03cc\u03bd\u03c4\u03c9\u03bd Desoxypipradrol \u03c0\u03bf\u03c5 \u03b4\u03b9\u03b1\u03c4\u03af\u03b8\u03b5\u03bd\u03c4\u03b1\u03b9 \u03c3\u03c4\u03bf\u03bd \u03b9\u03c3\u03c4\u03cc\u03c4\u03bf\u03c0\u03cc \u03bc\u03b1\u03c2.<br \/>\nVoeg toe aan winkelwagen: Selecteer het Desoxypipradrol-product dat u wilt kopen en voeg het toe aan uw winkelwagen.<br \/>\n\u03a4\u03b1\u03bc\u03b5\u03af\u03bf: \u03a0\u03c1\u03bf\u03c7\u03c9\u03c1\u03ae\u03c3\u03c4\u03b5 \u03c3\u03c4\u03bf \u03c4\u03b1\u03bc\u03b5\u03af\u03bf \u03ba\u03b1\u03b9 \u03b1\u03ba\u03bf\u03bb\u03bf\u03c5\u03b8\u03ae\u03c3\u03c4\u03b5 \u03c4\u03b1 \u03b1\u03c0\u03bb\u03ac \u03b2\u03ae\u03bc\u03b1\u03c4\u03b1 \u03b3\u03b9\u03b1 \u03bd\u03b1 \u03bf\u03bb\u03bf\u03ba\u03bb\u03b7\u03c1\u03ce\u03c3\u03b5\u03c4\u03b5 \u03c4\u03b7\u03bd \u03c0\u03b1\u03c1\u03b1\u03b3\u03b3\u03b5\u03bb\u03af\u03b1 \u03c3\u03b1\u03c2. \u0393\u03b9\u03b1 \u03c4\u03b7 \u03b4\u03b9\u03b5\u03c5\u03ba\u03cc\u03bb\u03c5\u03bd\u03c3\u03ae \u03c3\u03b1\u03c2, \u03b4\u03b5\u03c7\u03cc\u03bc\u03b1\u03c3\u03c4\u03b5 \u03b4\u03b9\u03ac\u03c6\u03bf\u03c1\u03bf\u03c5\u03c2 \u03c4\u03c1\u03cc\u03c0\u03bf\u03c5\u03c2 \u03c0\u03bb\u03b7\u03c1\u03c9\u03bc\u03ae\u03c2.<br \/>\n\u039b\u03ac\u03b2\u03b5\u03c4\u03b5 \u03c4\u03b7\u03bd \u03c0\u03b1\u03c1\u03b1\u03b3\u03b3\u03b5\u03bb\u03af\u03b1 \u03c3\u03b1\u03c2: \u039a\u03b1\u03b8\u03af\u03c3\u03c4\u03b5 \u03b1\u03bd\u03b1\u03c0\u03b1\u03c5\u03c4\u03b9\u03ba\u03ac \u03ba\u03b1\u03b9 \u03c7\u03b1\u03bb\u03b1\u03c1\u03ce\u03c3\u03c4\u03b5 \u03b5\u03bd\u03ce \u03b5\u03c4\u03bf\u03b9\u03bc\u03ac\u03b6\u03bf\u03c5\u03bc\u03b5 \u03ba\u03b1\u03b9 \u03b1\u03c0\u03bf\u03c3\u03c4\u03ad\u03bb\u03bb\u03bf\u03c5\u03bc\u03b5 \u03c4\u03bf Desoxypipradrol \u03c3\u03b1\u03c2 \u03b1\u03c0\u03b5\u03c5\u03b8\u03b5\u03af\u03b1\u03c2 \u03c3\u03b5 \u03b5\u03c3\u03ac\u03c2. \u0397 \u03b4\u03b9\u03b1\u03b4\u03b9\u03ba\u03b1\u03c3\u03af\u03b1 \u03b1\u03c0\u03bf\u03c3\u03c4\u03bf\u03bb\u03ae\u03c2 \u03bc\u03b1\u03c2 \u03b5\u03af\u03bd\u03b1\u03b9 \u03b3\u03c1\u03ae\u03b3\u03bf\u03c1\u03b7 \u03ba\u03b1\u03b9 \u03b1\u03be\u03b9\u03cc\u03c0\u03b9\u03c3\u03c4\u03b7 \u03ba\u03b1\u03b9 \u03b5\u03b3\u03b3\u03c5\u03ac\u03c4\u03b1\u03b9 \u03c4\u03b7\u03bd \u03ad\u03b3\u03ba\u03b1\u03b9\u03c1\u03b7 \u03c0\u03b1\u03c1\u03ac\u03b4\u03bf\u03c3\u03b7.<\/p>\n<h3>\u03a0\u03bf\u03cd \u03bc\u03c0\u03bf\u03c1\u03b5\u03af\u03c4\u03b5 \u03bd\u03b1 \u03b1\u03b3\u03bf\u03c1\u03ac\u03c3\u03b5\u03c4\u03b5 Desoxypipradrol \u03bd\u03cc\u03bc\u03b9\u03bc\u03b1 \u03c3\u03c4\u03bf \u03b4\u03b9\u03b1\u03b4\u03af\u03ba\u03c4\u03c5\u03bf;<\/h3>\n<p>\u03a8\u03ac\u03c7\u03bd\u03b5\u03c4\u03b5 \u03b3\u03b9\u03b1 \u03bc\u03b9\u03b1 \u03b1\u03be\u03b9\u03cc\u03c0\u03b9\u03c3\u03c4\u03b7 \u03c0\u03b7\u03b3\u03ae \u03b3\u03b9\u03b1 \u03bd\u03b1 \u03b1\u03b3\u03bf\u03c1\u03ac\u03c3\u03b5\u03c4\u03b5 Desoxypipradrol \u03bd\u03cc\u03bc\u03b9\u03bc\u03b1; \u03a4\u03bf RCKopen \u03b5\u03af\u03bd\u03b1\u03b9 \u03b7 \u03b1\u03c0\u03ac\u03bd\u03c4\u03b7\u03c3\u03ae \u03c3\u03b1\u03c2. \u0398\u03ad\u03bb\u03bf\u03c5\u03bc\u03b5 \u03bd\u03b1 \u03c0\u03b1\u03c1\u03ad\u03c7\u03bf\u03c5\u03bc\u03b5 \u03c3\u03c4\u03bf\u03c5\u03c2 \u03c0\u03b5\u03bb\u03ac\u03c4\u03b5\u03c2 \u03bc\u03b9\u03b1 \u03bd\u03cc\u03bc\u03b9\u03bc\u03b7 \u03ba\u03b1\u03b9 \u03b1\u03be\u03b9\u03cc\u03c0\u03b9\u03c3\u03c4\u03b7 \u03c0\u03bb\u03b1\u03c4\u03c6\u03cc\u03c1\u03bc\u03b1 \u03b3\u03b9\u03b1 \u03bd\u03b1 \u03b1\u03b3\u03bf\u03c1\u03ac\u03c3\u03bf\u03c5\u03bd Desoxypipradrol \u03c7\u03c9\u03c1\u03af\u03c2 \u03bd\u03b1 \u03b1\u03c0\u03b1\u03b9\u03c4\u03b5\u03af\u03c4\u03b1\u03b9 \u03b9\u03b1\u03c4\u03c1\u03b9\u03ba\u03ae \u03c3\u03c5\u03bd\u03c4\u03b1\u03b3\u03ae.<\/p>\n<h3>\u039e\u03b5\u03ba\u03b9\u03bd\u03ae\u03c3\u03c4\u03b5 \u03bc\u03b5 \u03c4\u03bf RCKopen \u03c3\u03ae\u03bc\u03b5\u03c1\u03b1!<\/h3>\n<p>\u0395\u03af\u03c3\u03c4\u03b5 \u03ad\u03c4\u03bf\u03b9\u03bc\u03bf\u03b9 \u03bd\u03b1 \u03c0\u03b1\u03c1\u03b1\u03b3\u03b3\u03b5\u03af\u03bb\u03b5\u03c4\u03b5 Desoxypipradrol; \u0395\u03c0\u03b9\u03c3\u03ba\u03b5\u03c6\u03c4\u03b5\u03af\u03c4\u03b5 \u03c4\u03bf RCKopen \u03c4\u03ce\u03c1\u03b1 \u03ba\u03b1\u03b9 \u03b6\u03ae\u03c3\u03c4\u03b5 \u03c4\u03b7\u03bd \u03b5\u03c5\u03ba\u03bf\u03bb\u03af\u03b1 \u03b1\u03b3\u03bf\u03c1\u03ac\u03c2 Desoxypipradrol \u03c7\u03c9\u03c1\u03af\u03c2 \u03b9\u03b1\u03c4\u03c1\u03b9\u03ba\u03ae \u03c3\u03c5\u03bd\u03c4\u03b1\u03b3\u03ae \u03ba\u03b1\u03b9 \u03c7\u03c9\u03c1\u03af\u03c2 \u03c0\u03c1\u03bf\u03b2\u03bb\u03ae\u03bc\u03b1\u03c4\u03b1. \u0397 \u03b9\u03ba\u03b1\u03bd\u03bf\u03c0\u03bf\u03af\u03b7\u03c3\u03ae \u03c3\u03b1\u03c2 \u03b5\u03af\u03bd\u03b1\u03b9 \u03c0\u03c1\u03bf\u03c4\u03b5\u03c1\u03b1\u03b9\u03cc\u03c4\u03b7\u03c4\u03ac \u03bc\u03b1\u03c2 \u03ba\u03b1\u03b9 \u03b5\u03af\u03bc\u03b1\u03c3\u03c4\u03b5 \u03b5\u03b4\u03ce \u03b3\u03b9\u03b1 \u03bd\u03b1 \u03ba\u03b1\u03bb\u03cd\u03c8\u03bf\u03c5\u03bc\u03b5 \u03cc\u03bb\u03b5\u03c2 \u03c4\u03b9\u03c2 \u03b1\u03bd\u03ac\u03b3\u03ba\u03b5\u03c2 \u03c3\u03b1\u03c2 \u03b3\u03b9\u03b1 Desoxypipradrol.<\/p>","protected":false},"excerpt":{"rendered":"<p>IUPAC-\u039f\u03bd\u03bf\u03bc\u03b1\u03c3\u03af\u03b1: 2-\u03b2\u03b5\u03bd\u03b6\u03c5\u03b4\u03c1\u03c5\u03bb\u03bf\u03c0\u03b9\u03c0\u03b5\u03c1\u03b9\u03b4\u03af\u03bd\u03b7<br \/>\nCAS # 519-74-4<br \/>\n\u0395\u03bc\u03c6\u03ac\u03bd\u03b9\u03c3\u03b7: \u03c3\u03ba\u03cc\u03bd\u03b7<br \/>\n\u0391\u03bd\u03ac\u03bb\u03c5\u03c3\u03b7 NMR: C18H21N<\/p>","protected":false},"featured_media":6685,"comment_status":"open","ping_status":"closed","template":"","meta":{"_joinchat":[]},"product_brand":[],"product_cat":[147],"product_tag":[],"class_list":{"0":"post-6660","1":"product","2":"type-product","3":"status-publish","4":"has-post-thumbnail","6":"product_cat-piperidinen","8":"first","9":"instock","10":"shipping-taxable","11":"purchasable","12":"product-type-variable"},"yoast_head":"<!-- This site is optimized with the Yoast SEO plugin v26.3 - https:\/\/yoast.com\/wordpress\/plugins\/seo\/ -->\n<title>Desoxypipradrol online kopen- Desoxypipradrol online te koop<\/title>\n<meta name=\"description\" content=\"Als u Desoxypipradrol online zonder recept wilt kopen, is rckopen.com de beste plaats om Desoxypipradrol online te kopen, Desoxypipradrol te koop en Desoxypipradrol online tegen de beste prijs. Bestel nu!\" \/>\n<meta name=\"robots\" content=\"index, follow, max-snippet:-1, max-image-preview:large, max-video-preview:-1\" \/>\n<link rel=\"canonical\" href=\"https:\/\/rckopen.com\/el\/\u03c0\u03c1\u03bf\u03ca\u03cc\u03bd\/deoxypipradrol\/\" \/>\n<meta property=\"og:locale\" content=\"el_GR\" \/>\n<meta property=\"og:type\" content=\"article\" \/>\n<meta property=\"og:title\" content=\"Desoxypipradrol online kopen- Desoxypipradrol online te koop\" \/>\n<meta property=\"og:description\" content=\"Als u Desoxypipradrol online zonder recept wilt kopen, is rckopen.com de beste plaats om Desoxypipradrol online te kopen, Desoxypipradrol te koop en Desoxypipradrol online tegen de beste prijs. Bestel nu!\" \/>\n<meta property=\"og:url\" content=\"https:\/\/rckopen.com\/el\/\u03c0\u03c1\u03bf\u03ca\u03cc\u03bd\/deoxypipradrol\/\" \/>\n<meta property=\"og:site_name\" content=\"RC Kopen\" \/>\n<meta property=\"article:modified_time\" content=\"2025-02-03T06:50:59+00:00\" \/>\n<meta property=\"og:image\" content=\"https:\/\/rckopen.com\/wp-content\/uploads\/2023\/08\/desoxypipradrol.jpg\" \/>\n\t<meta property=\"og:image:width\" content=\"600\" \/>\n\t<meta property=\"og:image:height\" content=\"600\" \/>\n\t<meta property=\"og:image:type\" content=\"image\/jpeg\" \/>\n<meta name=\"twitter:card\" content=\"summary_large_image\" \/>\n<meta name=\"twitter:label1\" content=\"\u0395\u03ba\u03c4\u03b9\u03bc\u03ce\u03bc\u03b5\u03bd\u03bf\u03c2 \u03c7\u03c1\u03cc\u03bd\u03bf\u03c2 \u03b1\u03bd\u03ac\u03b3\u03bd\u03c9\u03c3\u03b7\u03c2\" \/>\n\t<meta name=\"twitter:data1\" content=\"2 \u03bb\u03b5\u03c0\u03c4\u03ac\" \/>\n<script type=\"application\/ld+json\" class=\"yoast-schema-graph\">{\"@context\":\"https:\/\/schema.org\",\"@graph\":[{\"@type\":\"WebPage\",\"@id\":\"https:\/\/rckopen.com\/product\/desoxypipradrol\/\",\"url\":\"https:\/\/rckopen.com\/product\/desoxypipradrol\/\",\"name\":\"Desoxypipradrol online kopen- Desoxypipradrol online te koop\",\"isPartOf\":{\"@id\":\"https:\/\/rckopen.com\/#website\"},\"primaryImageOfPage\":{\"@id\":\"https:\/\/rckopen.com\/product\/desoxypipradrol\/#primaryimage\"},\"image\":{\"@id\":\"https:\/\/rckopen.com\/product\/desoxypipradrol\/#primaryimage\"},\"thumbnailUrl\":\"https:\/\/rckopen.com\/wp-content\/uploads\/2023\/08\/desoxypipradrol.jpg\",\"datePublished\":\"2023-08-17T07:34:21+00:00\",\"dateModified\":\"2025-02-03T06:50:59+00:00\",\"description\":\"Als u Desoxypipradrol online zonder recept wilt kopen, is rckopen.com de beste plaats om Desoxypipradrol online te kopen, Desoxypipradrol te koop en Desoxypipradrol online tegen de beste prijs. Bestel nu!\",\"breadcrumb\":{\"@id\":\"https:\/\/rckopen.com\/product\/desoxypipradrol\/#breadcrumb\"},\"inLanguage\":\"el\",\"potentialAction\":[{\"@type\":\"ReadAction\",\"target\":[\"https:\/\/rckopen.com\/product\/desoxypipradrol\/\"]}]},{\"@type\":\"ImageObject\",\"inLanguage\":\"el\",\"@id\":\"https:\/\/rckopen.com\/product\/desoxypipradrol\/#primaryimage\",\"url\":\"https:\/\/rckopen.com\/wp-content\/uploads\/2023\/08\/desoxypipradrol.jpg\",\"contentUrl\":\"https:\/\/rckopen.com\/wp-content\/uploads\/2023\/08\/desoxypipradrol.jpg\",\"width\":600,\"height\":600,\"caption\":\"Desoxypipradrol online kopen\"},{\"@type\":\"BreadcrumbList\",\"@id\":\"https:\/\/rckopen.com\/product\/desoxypipradrol\/#breadcrumb\",\"itemListElement\":[{\"@type\":\"ListItem\",\"position\":1,\"name\":\"Home\",\"item\":\"https:\/\/rckopen.com\/\"},{\"@type\":\"ListItem\",\"position\":2,\"name\":\"Shop\",\"item\":\"https:\/\/rckopen.com\/shop\/\"},{\"@type\":\"ListItem\",\"position\":3,\"name\":\"Desoxypipradrol online kopen\"}]},{\"@type\":\"WebSite\",\"@id\":\"https:\/\/rckopen.com\/#website\",\"url\":\"https:\/\/rckopen.com\/\",\"name\":\"RC Kopen\",\"description\":\"Research Chemicals\",\"potentialAction\":[{\"@type\":\"SearchAction\",\"target\":{\"@type\":\"EntryPoint\",\"urlTemplate\":\"https:\/\/rckopen.com\/?s={search_term_string}\"},\"query-input\":{\"@type\":\"PropertyValueSpecification\",\"valueRequired\":true,\"valueName\":\"search_term_string\"}}],\"inLanguage\":\"el\"}]}<\/script>\n<!-- \/ Yoast SEO plugin. -->","yoast_head_json":{"title":"Desoxypipradrol online kopen- Desoxypipradrol online te koop","description":"Als u Desoxypipradrol online zonder recept wilt kopen, is rckopen.com de beste plaats om Desoxypipradrol online te kopen, Desoxypipradrol te koop en Desoxypipradrol online tegen de beste prijs. Bestel nu!","robots":{"index":"index","follow":"follow","max-snippet":"max-snippet:-1","max-image-preview":"max-image-preview:large","max-video-preview":"max-video-preview:-1"},"canonical":"https:\/\/rckopen.com\/el\/\u03c0\u03c1\u03bf\u03ca\u03cc\u03bd\/deoxypipradrol\/","og_locale":"el_GR","og_type":"article","og_title":"Desoxypipradrol online kopen- Desoxypipradrol online te koop","og_description":"Als u Desoxypipradrol online zonder recept wilt kopen, is rckopen.com de beste plaats om Desoxypipradrol online te kopen, Desoxypipradrol te koop en Desoxypipradrol online tegen de beste prijs. Bestel nu!","og_url":"https:\/\/rckopen.com\/el\/\u03c0\u03c1\u03bf\u03ca\u03cc\u03bd\/deoxypipradrol\/","og_site_name":"RC Kopen","article_modified_time":"2025-02-03T06:50:59+00:00","og_image":[{"width":600,"height":600,"url":"https:\/\/rckopen.com\/wp-content\/uploads\/2023\/08\/desoxypipradrol.jpg","type":"image\/jpeg"}],"twitter_card":"summary_large_image","twitter_misc":{"\u0395\u03ba\u03c4\u03b9\u03bc\u03ce\u03bc\u03b5\u03bd\u03bf\u03c2 \u03c7\u03c1\u03cc\u03bd\u03bf\u03c2 \u03b1\u03bd\u03ac\u03b3\u03bd\u03c9\u03c3\u03b7\u03c2":"2 \u03bb\u03b5\u03c0\u03c4\u03ac"},"schema":{"@context":"https:\/\/schema.org","@graph":[{"@type":"WebPage","@id":"https:\/\/rckopen.com\/product\/desoxypipradrol\/","url":"https:\/\/rckopen.com\/product\/desoxypipradrol\/","name":"Desoxypipradrol online kopen- Desoxypipradrol online te koop","isPartOf":{"@id":"https:\/\/rckopen.com\/#website"},"primaryImageOfPage":{"@id":"https:\/\/rckopen.com\/product\/desoxypipradrol\/#primaryimage"},"image":{"@id":"https:\/\/rckopen.com\/product\/desoxypipradrol\/#primaryimage"},"thumbnailUrl":"https:\/\/rckopen.com\/wp-content\/uploads\/2023\/08\/desoxypipradrol.jpg","datePublished":"2023-08-17T07:34:21+00:00","dateModified":"2025-02-03T06:50:59+00:00","description":"Als u Desoxypipradrol online zonder recept wilt kopen, is rckopen.com de beste plaats om Desoxypipradrol online te kopen, Desoxypipradrol te koop en Desoxypipradrol online tegen de beste prijs. Bestel nu!","breadcrumb":{"@id":"https:\/\/rckopen.com\/product\/desoxypipradrol\/#breadcrumb"},"inLanguage":"el","potentialAction":[{"@type":"ReadAction","target":["https:\/\/rckopen.com\/product\/desoxypipradrol\/"]}]},{"@type":"ImageObject","inLanguage":"el","@id":"https:\/\/rckopen.com\/product\/desoxypipradrol\/#primaryimage","url":"https:\/\/rckopen.com\/wp-content\/uploads\/2023\/08\/desoxypipradrol.jpg","contentUrl":"https:\/\/rckopen.com\/wp-content\/uploads\/2023\/08\/desoxypipradrol.jpg","width":600,"height":600,"caption":"Desoxypipradrol online kopen"},{"@type":"BreadcrumbList","@id":"https:\/\/rckopen.com\/product\/desoxypipradrol\/#breadcrumb","itemListElement":[{"@type":"ListItem","position":1,"name":"Home","item":"https:\/\/rckopen.com\/"},{"@type":"ListItem","position":2,"name":"Shop","item":"https:\/\/rckopen.com\/shop\/"},{"@type":"ListItem","position":3,"name":"Desoxypipradrol online kopen"}]},{"@type":"WebSite","@id":"https:\/\/rckopen.com\/#website","url":"https:\/\/rckopen.com\/","name":"RC Kopen","description":"Research Chemicals","potentialAction":[{"@type":"SearchAction","target":{"@type":"EntryPoint","urlTemplate":"https:\/\/rckopen.com\/?s={search_term_string}"},"query-input":{"@type":"PropertyValueSpecification","valueRequired":true,"valueName":"search_term_string"}}],"inLanguage":"el"}]}},"_links":{"self":[{"href":"https:\/\/rckopen.com\/el\/wp-json\/wp\/v2\/product\/6660","targetHints":{"allow":["GET"]}}],"collection":[{"href":"https:\/\/rckopen.com\/el\/wp-json\/wp\/v2\/product"}],"about":[{"href":"https:\/\/rckopen.com\/el\/wp-json\/wp\/v2\/types\/product"}],"replies":[{"embeddable":true,"href":"https:\/\/rckopen.com\/el\/wp-json\/wp\/v2\/comments?post=6660"}],"wp:featuredmedia":[{"embeddable":true,"href":"https:\/\/rckopen.com\/el\/wp-json\/wp\/v2\/media\/6685"}],"wp:attachment":[{"href":"https:\/\/rckopen.com\/el\/wp-json\/wp\/v2\/media?parent=6660"}],"wp:term":[{"taxonomy":"product_brand","embeddable":true,"href":"https:\/\/rckopen.com\/el\/wp-json\/wp\/v2\/product_brand?post=6660"},{"taxonomy":"product_cat","embeddable":true,"href":"https:\/\/rckopen.com\/el\/wp-json\/wp\/v2\/product_cat?post=6660"},{"taxonomy":"product_tag","embeddable":true,"href":"https:\/\/rckopen.com\/el\/wp-json\/wp\/v2\/product_tag?post=6660"}],"curies":[{"name":"wp","href":"https:\/\/api.w.org\/{rel}","templated":true}]}}