{"id":6751,"date":"2023-08-17T10:53:13","date_gmt":"2023-08-17T10:53:13","guid":{"rendered":"https:\/\/diligentplug.com\/chems\/?post_type=product&#038;p=6751"},"modified":"2025-09-16T09:27:39","modified_gmt":"2025-09-16T09:27:39","slug":"4-aco-malt","status":"publish","type":"product","link":"https:\/\/rckopen.com\/el\/\u03c0\u03c1\u03bf\u03ca\u03cc\u03bd\/4-\u03b2\u03cd\u03bd\u03b7-aco\/","title":{"rendered":"\u0391\u03b3\u03bf\u03c1\u03ac\u03c3\u03c4\u03b5 4-ACO-MALT online"},"content":{"rendered":"<h2>4-ACO-MOUT online kopen<\/h2>\n<p><a href=\"https:\/\/rckopen.com\/el\/\u03c0\u03c1\u03bf\u03ca\u03cc\u03bd\/4-\u03b2\u03cd\u03bd\u03b7-aco\/\">\u0391\u03b3\u03bf\u03c1\u03ac\u03c3\u03c4\u03b5 4-ACO-MALT online<\/a> \u03c3\u03c4\u03b7\u03bd \u03ba\u03b1\u03bb\u03cd\u03c4\u03b5\u03c1\u03b7 \u03c4\u03b9\u03bc\u03ae \u2013 Narcomeds<br \/>\n\u039a\u03b1\u03bb\u03ce\u03c2 \u03ae\u03c1\u03b8\u03b1\u03c4\u03b5 \u03c3\u03c4\u03bf Narcomeds, \u03c4\u03bf\u03bd \u03ba\u03b1\u03bb\u03cd\u03c4\u03b5\u03c1\u03bf \u03c0\u03c1\u03bf\u03bf\u03c1\u03b9\u03c3\u03bc\u03cc \u03b3\u03b9\u03b1 \u03bd\u03b1 \u03b1\u03b3\u03bf\u03c1\u03ac\u03c3\u03b5\u03c4\u03b5 \u03c7\u03c9\u03c1\u03af\u03c2 \u03c0\u03c1\u03bf\u03b2\u03bb\u03ae\u03bc\u03b1\u03c4\u03b1 \u03c4\u03bf 4-ACO-MALT online. \u03a0\u03c1\u03bf\u03c3\u03c6\u03ad\u03c1\u03bf\u03c5\u03bc\u03b5 \u03c4\u03b7\u03bd \u03ba\u03bf\u03c1\u03c5\u03c6\u03b1\u03af\u03b1 \u03c0\u03bf\u03b9\u03cc\u03c4\u03b7\u03c4\u03b1 4-ACO-MALT \u03c0\u03c1\u03bf\u03c2 \u03c0\u03ce\u03bb\u03b7\u03c3\u03b7 \u03c3\u03c4\u03b9\u03c2 \u03ba\u03b1\u03bb\u03cd\u03c4\u03b5\u03c1\u03b5\u03c2 \u03c4\u03b9\u03bc\u03ad\u03c2, \u03b5\u03be\u03b1\u03c3\u03c6\u03b1\u03bb\u03af\u03b6\u03bf\u03bd\u03c4\u03b1\u03c2 \u03c4\u03b7\u03bd \u03b9\u03ba\u03b1\u03bd\u03bf\u03c0\u03bf\u03af\u03b7\u03c3\u03b7 \u03ba\u03b1\u03b9 \u03c4\u03b7\u03bd \u03b5\u03c5\u03ba\u03bf\u03bb\u03af\u03b1 \u03c4\u03c9\u03bd \u03c0\u03b5\u03bb\u03b1\u03c4\u03ce\u03bd.<br \/>\n\u0398\u03ad\u03bb\u03b5\u03c4\u03b5 \u03bd\u03b1 \u03c0\u03b1\u03c1\u03b1\u03b3\u03b3\u03b5\u03af\u03bb\u03b5\u03c4\u03b5 4-ACO-MALT \u03b1\u03bb\u03bb\u03ac \u03c7\u03c1\u03b5\u03b9\u03ac\u03b6\u03b5\u03c3\u03c4\u03b5 \u03b2\u03bf\u03ae\u03b8\u03b5\u03b9\u03b1 \u03b3\u03b9\u03b1 \u03bd\u03b1 \u03b2\u03c1\u03b5\u03af\u03c4\u03b5 \u03bc\u03b9\u03b1 \u03b1\u03be\u03b9\u03cc\u03c0\u03b9\u03c3\u03c4\u03b7 \u03c0\u03b7\u03b3\u03ae; \u039c\u03b7\u03bd \u03ba\u03bf\u03b9\u03c4\u03ac\u03be\u03b5\u03c4\u03b5 \u03c0\u03b5\u03c1\u03b9\u03c3\u03c3\u03cc\u03c4\u03b5\u03c1\u03bf \u03b1\u03c0\u03cc \u03c4\u03bf Narcomeds. \u0395\u03b9\u03b4\u03b9\u03ba\u03b5\u03c5\u03cc\u03bc\u03b1\u03c3\u03c4\u03b5 \u03c3\u03c4\u03b7\u03bd \u03c0\u03b1\u03c1\u03bf\u03c7\u03ae \u03bc\u03b9\u03b1\u03c2 \u03b1\u03c0\u03c1\u03cc\u03c3\u03ba\u03bf\u03c0\u03c4\u03b7\u03c2 \u03b1\u03b3\u03bf\u03c1\u03b1\u03c3\u03c4\u03b9\u03ba\u03ae\u03c2 \u03b5\u03bc\u03c0\u03b5\u03b9\u03c1\u03af\u03b1\u03c2 \u03b3\u03b9\u03b1 \u03cc\u03c3\u03bf\u03c5\u03c2 \u03b5\u03c0\u03b9\u03b8\u03c5\u03bc\u03bf\u03cd\u03bd \u03bd\u03b1 \u03b1\u03b3\u03bf\u03c1\u03ac\u03c3\u03bf\u03c5\u03bd 4-ACO-MALT \u03bd\u03cc\u03bc\u03b9\u03bc\u03b1 \u03ba\u03b1\u03b9 \u03c7\u03c9\u03c1\u03af\u03c2 \u03b1\u03c0\u03b1\u03b9\u03c4\u03ae\u03c3\u03b5\u03b9\u03c2 \u03c3\u03c5\u03bd\u03c4\u03b1\u03b3\u03bf\u03b3\u03c1\u03ac\u03c6\u03b7\u03c3\u03b7\u03c2.<br \/>\n\u0395\u03c0\u03c9\u03c6\u03b5\u03bb\u03b7\u03b8\u03b5\u03af\u03c4\u03b5 \u03b1\u03c0\u03cc \u03c4\u03b7\u03bd \u03b1\u03be\u03b9\u03bf\u03c0\u03b9\u03c3\u03c4\u03af\u03b1, \u03c4\u03b7 \u03b3\u03bd\u03b7\u03c3\u03b9\u03cc\u03c4\u03b7\u03c4\u03b1 \u03ba\u03b1\u03b9 \u03c4\u03b7\u03bd \u03c0\u03b5\u03bb\u03b1\u03c4\u03bf\u03ba\u03b5\u03bd\u03c4\u03c1\u03b9\u03ba\u03ae \u03b5\u03be\u03c5\u03c0\u03b7\u03c1\u03ad\u03c4\u03b7\u03c3\u03b7 \u03c4\u03bf\u03c5 Narcomeds.com \u03cc\u03c4\u03b1\u03bd \u03b1\u03b3\u03bf\u03c1\u03ac\u03b6\u03b5\u03c4\u03b5 \u03c4\u03bf 4-ACO-MALT \u03c3\u03c4\u03b7 \u0393\u03b5\u03c1\u03bc\u03b1\u03bd\u03af\u03b1.<\/p>\n<h3>4-ACO-MALT \u03c0\u03c1\u03bf\u03c2 \u03c0\u03ce\u03bb\u03b7\u03c3\u03b7: \u03c0\u03c1\u03bf\u03ca\u03cc\u03bd\u03c4\u03b1 \u03bc\u03b5 \u03b5\u03b3\u03b3\u03cd\u03b7\u03c3\u03b7 \u03c0\u03bf\u03b9\u03cc\u03c4\u03b7\u03c4\u03b1\u03c2:<\/h3>\n<p>\u038c\u03c4\u03b1\u03bd \u03c8\u03ac\u03c7\u03bd\u03b5\u03b9\u03c2 <a href=\"https:\/\/en.wikipedia.org\/wiki\/4-HO-MALT\">4-ACO-MALT<\/a> \u03c0\u03c1\u03bf\u03c2 \u03c0\u03ce\u03bb\u03b7\u03c3\u03b7 \u03ba\u03b1\u03b9, \u03c3\u03c4\u03b7 \u03c3\u03c5\u03bd\u03ad\u03c7\u03b5\u03b9\u03b1, \u03b4\u03ce\u03c3\u03c4\u03b5 \u03c0\u03c1\u03bf\u03c4\u03b5\u03c1\u03b1\u03b9\u03cc\u03c4\u03b7\u03c4\u03b1 \u03c3\u03b5 \u03b1\u03be\u03b9\u03cc\u03c0\u03b9\u03c3\u03c4\u03b5\u03c2 \u03c0\u03bb\u03b1\u03c4\u03c6\u03cc\u03c1\u03bc\u03b5\u03c2 \u03cc\u03c0\u03c9\u03c2 \u03c4\u03bf Narcomeds.com \u03b3\u03b9\u03b1 \u03b4\u03b9\u03b1\u03c3\u03c6\u03ac\u03bb\u03b9\u03c3\u03b7 \u03c0\u03bf\u03b9\u03cc\u03c4\u03b7\u03c4\u03b1\u03c2 \u03ba\u03b1\u03b9 \u03b1\u03c5\u03b8\u03b5\u03bd\u03c4\u03b9\u03ba\u03cc\u03c4\u03b7\u03c4\u03b1. \u0391\u03c0\u03bf\u03bb\u03b1\u03cd\u03c3\u03c4\u03b5 \u03c4\u03b7\u03bd \u03b5\u03c5\u03ba\u03bf\u03bb\u03af\u03b1 \u03c4\u03c9\u03bd online \u03b1\u03b3\u03bf\u03c1\u03ce\u03bd \u03c3\u03b5 \u03c3\u03c5\u03bd\u03b4\u03c5\u03b1\u03c3\u03bc\u03cc \u03bc\u03b5 \u03c4\u03b7 \u03b4\u03b9\u03b1\u03c3\u03c6\u03ac\u03bb\u03b9\u03c3\u03b7 \u03c4\u03c9\u03bd premium \u03c0\u03c1\u03bf\u03ca\u03cc\u03bd\u03c4\u03c9\u03bd 4-ACO-MALT \u03bc\u03b5 \u03c4\u03bf Narcomeds.com. \u0391\u03b3\u03bf\u03c1\u03ac\u03c3\u03c4\u03b5 \u03c4\u03bf \u03c0\u03bf\u03b9\u03ba\u03af\u03bb\u03bf \u03b1\u03c0\u03cc\u03b8\u03b5\u03bc\u03b1 \u03c4\u03bf\u03c5 \u03ba\u03b1\u03c4\u03b1\u03c3\u03c4\u03ae\u03bc\u03b1\u03c4\u03bf\u03c2 4-ACO-MALT \u03c4\u03bf\u03c5 Narcomeds.com \u03b3\u03b9\u03b1 \u03b4\u03b9\u03b1\u03c6\u03bf\u03c1\u03b5\u03c4\u03b9\u03ba\u03ad\u03c2 \u03c0\u03bf\u03c3\u03cc\u03c4\u03b7\u03c4\u03b5\u03c2 \u03ba\u03b1\u03b9 \u03b5\u03c0\u03b9\u03bb\u03bf\u03b3\u03ad\u03c2 \u03c3\u03c5\u03c3\u03ba\u03b5\u03c5\u03b1\u03c3\u03af\u03b1\u03c2 \u03c0\u03bf\u03c5 \u03c4\u03b1\u03b9\u03c1\u03b9\u03ac\u03b6\u03bf\u03c5\u03bd \u03c3\u03c4\u03b9\u03c2 \u03b1\u03bd\u03ac\u03b3\u03ba\u03b5\u03c2 \u03c3\u03b1\u03c2.<\/p>\n<h3>\u03a0\u03b1\u03c1\u03b1\u03b3\u03b3\u03b5\u03af\u03bb\u03b5\u03c4\u03b5 \u03b5\u03cd\u03ba\u03bf\u03bb\u03b1 \u03c4\u03bf 4-ACO-MALT:<\/h3>\n<p>\u0397 \u03c0\u03bb\u03bf\u03ae\u03b3\u03b7\u03c3\u03b7 \u03c3\u03c4\u03b7 \u03b4\u03b9\u03b1\u03b4\u03b9\u03ba\u03b1\u03c3\u03af\u03b1 \u03c0\u03b1\u03c1\u03b1\u03b3\u03b3\u03b5\u03bb\u03af\u03b1\u03c2 \u03c4\u03bf\u03c5 4-ACO-MALT \u03b8\u03b1 \u03c0\u03c1\u03ad\u03c0\u03b5\u03b9 \u03bd\u03b1 \u03b5\u03af\u03bd\u03b1\u03b9 \u03b5\u03cd\u03ba\u03bf\u03bb\u03b7. \u03a4\u03bf Narcomeds.com \u03c0\u03c1\u03bf\u03c3\u03c6\u03ad\u03c1\u03b5\u03b9 \u03bc\u03b9\u03b1 \u03c6\u03b9\u03bb\u03b9\u03ba\u03ae \u03c0\u03c1\u03bf\u03c2 \u03c4\u03bf \u03c7\u03c1\u03ae\u03c3\u03c4\u03b7 \u03b4\u03b9\u03b5\u03c0\u03b1\u03c6\u03ae \u03b3\u03b9\u03b1 \u03b1\u03c0\u03c1\u03cc\u03c3\u03ba\u03bf\u03c0\u03c4\u03b5\u03c2 \u03c3\u03c5\u03bd\u03b1\u03bb\u03bb\u03b1\u03b3\u03ad\u03c2.<\/p>\n<p>\u03a3\u03c4\u03b7 Narcomed, \u03ba\u03b1\u03c4\u03b1\u03bd\u03bf\u03bf\u03cd\u03bc\u03b5 \u03c4\u03b7 \u03c3\u03b7\u03bc\u03b1\u03c3\u03af\u03b1 \u03c4\u03b7\u03c2 \u03c0\u03bf\u03b9\u03cc\u03c4\u03b7\u03c4\u03b1\u03c2 \u03ba\u03b1\u03b9 \u03c4\u03b7\u03c2 \u03bd\u03bf\u03bc\u03b9\u03bc\u03cc\u03c4\u03b7\u03c4\u03b1\u03c2 \u03ba\u03b1\u03c4\u03ac \u03c4\u03b7\u03bd \u03b1\u03b3\u03bf\u03c1\u03ac \u03b5\u03c1\u03b5\u03c5\u03bd\u03b7\u03c4\u03b9\u03ba\u03ce\u03bd \u03c7\u03b7\u03bc\u03b9\u03ba\u03ce\u03bd \u03bf\u03c5\u03c3\u03b9\u03ce\u03bd \u03cc\u03c0\u03c9\u03c2 \u03c4\u03bf 4-ACO-MALT. \u0391\u03c5\u03c4\u03cc\u03c2 \u03b5\u03af\u03bd\u03b1\u03b9 \u03bf \u03bb\u03cc\u03b3\u03bf\u03c2 \u03b3\u03b9\u03b1 \u03c4\u03bf\u03bd \u03bf\u03c0\u03bf\u03af\u03bf \u03ad\u03c7\u03bf\u03c5\u03bc\u03b5 \u03ba\u03b1\u03b8\u03b9\u03b5\u03c1\u03c9\u03b8\u03b5\u03af \u03c9\u03c2 \u03b1\u03be\u03b9\u03cc\u03c0\u03b9\u03c3\u03c4\u03bf \u03ba\u03b1\u03c4\u03ac\u03c3\u03c4\u03b7\u03bc\u03b1 4-ACO-MALT, \u03ce\u03c3\u03c4\u03b5 \u03bf\u03b9 \u03c0\u03b5\u03bb\u03ac\u03c4\u03b5\u03c2 \u03bc\u03b1\u03c2 \u03bd\u03b1 \u03bc\u03c0\u03bf\u03c1\u03bf\u03cd\u03bd \u03bd\u03b1 \u03b1\u03b3\u03bf\u03c1\u03ac\u03b6\u03bf\u03c5\u03bd \u03bc\u03b5 \u03b5\u03bc\u03c0\u03b9\u03c3\u03c4\u03bf\u03c3\u03cd\u03bd\u03b7.<\/p>\n<p>\u0395\u03af\u03c4\u03b5 \u03b2\u03c1\u03af\u03c3\u03ba\u03b5\u03c3\u03c4\u03b5 \u03c3\u03c4\u03b7 \u0393\u03b5\u03c1\u03bc\u03b1\u03bd\u03af\u03b1 \u03b5\u03af\u03c4\u03b5 \u03c3\u03b5 \u03ac\u03bb\u03bb\u03bf \u03bc\u03ad\u03c1\u03bf\u03c2 \u03c4\u03bf\u03c5 \u03ba\u03cc\u03c3\u03bc\u03bf\u03c5, \u03c4\u03bf Narcomeds \u03c0\u03c1\u03bf\u03c3\u03c6\u03ad\u03c1\u03b5\u03b9 \u03c0\u03b1\u03b3\u03ba\u03cc\u03c3\u03bc\u03b9\u03b1 \u03b1\u03c0\u03bf\u03c3\u03c4\u03bf\u03bb\u03ae, \u03b4\u03b9\u03b5\u03c5\u03ba\u03bf\u03bb\u03cd\u03bd\u03bf\u03bd\u03c4\u03b1\u03c2 \u03c4\u03bf\u03c5\u03c2 \u03c0\u03b5\u03bb\u03ac\u03c4\u03b5\u03c2 \u03bd\u03b1 \u03b1\u03b3\u03bf\u03c1\u03ac\u03c3\u03bf\u03c5\u03bd \u03c4\u03bf 4-ACO-MALT \u03bf\u03c0\u03bf\u03c5\u03b4\u03ae\u03c0\u03bf\u03c4\u03b5. <a href=\"https:\/\/rckopen.com\/el\/\">RCKopen<\/a><\/p>\n<p>\u0391\u03b3\u03bf\u03c1\u03ac\u03c3\u03c4\u03b5 \u03bd\u03cc\u03bc\u03b9\u03bc\u03b1 \u03c4\u03bf 4-ACO-MALT: \u03c3\u03c5\u03bc\u03bc\u03cc\u03c1\u03c6\u03c9\u03c3\u03b7 \u03ba\u03b1\u03b9 \u03b1\u03c3\u03c6\u03ac\u03bb\u03b5\u03b9\u03b1:<br \/>\n\u0394\u03b9\u03b1\u03c3\u03c6\u03b1\u03bb\u03af\u03c3\u03c4\u03b5 \u03c4\u03b7 \u03bd\u03bf\u03bc\u03b9\u03bc\u03cc\u03c4\u03b7\u03c4\u03b1 \u03ba\u03b1\u03b9 \u03c4\u03b7\u03bd \u03b1\u03c3\u03c6\u03ac\u03bb\u03b5\u03b9\u03b1 \u03cc\u03c4\u03b1\u03bd \u03b1\u03b3\u03bf\u03c1\u03ac\u03b6\u03b5\u03c4\u03b5 \u03bd\u03cc\u03bc\u03b9\u03bc\u03b1 \u03c4\u03bf 4-ACO-MALT. \u03a4\u03bf Narcomeds.com \u03c4\u03b7\u03c1\u03b5\u03af \u03cc\u03bb\u03bf\u03c5\u03c2 \u03c4\u03bf\u03c5\u03c2 \u03ba\u03b1\u03bd\u03bf\u03bd\u03b9\u03c3\u03bc\u03bf\u03cd\u03c2 \u03b3\u03b9\u03b1 \u03bc\u03b9\u03b1 \u03b1\u03c3\u03c6\u03b1\u03bb\u03ae \u03b5\u03bc\u03c0\u03b5\u03b9\u03c1\u03af\u03b1 \u03b1\u03b3\u03bf\u03c1\u03ac\u03c2.<\/p>\n<h3>\u03a0\u03bf\u03cd \u03bc\u03c0\u03bf\u03c1\u03ce \u03bd\u03b1 \u03b1\u03b3\u03bf\u03c1\u03ac\u03c3\u03c9 4-ACO-MALT online;<\/h3>\n<p>\u0397 \u03b4\u03ad\u03c3\u03bc\u03b5\u03c5\u03c3\u03ae \u03bc\u03b1\u03c2 \u03b3\u03b9\u03b1 \u03c4\u03b7\u03bd \u03b9\u03ba\u03b1\u03bd\u03bf\u03c0\u03bf\u03af\u03b7\u03c3\u03b7 \u03c4\u03c9\u03bd \u03c0\u03b5\u03bb\u03b1\u03c4\u03ce\u03bd \u03b5\u03ba\u03c4\u03b5\u03af\u03bd\u03b5\u03c4\u03b1\u03b9 \u03c0\u03ad\u03c1\u03b1 \u03b1\u03c0\u03cc \u03c4\u03b1 \u03c3\u03cd\u03bd\u03bf\u03c1\u03b1 \u03ba\u03b1\u03b9 \u03b5\u03be\u03b1\u03c3\u03c6\u03b1\u03bb\u03af\u03b6\u03b5\u03b9 \u03bc\u03b9\u03b1 \u03bf\u03bc\u03b1\u03bb\u03ae \u03ba\u03b1\u03b9 \u03b1\u03c3\u03c6\u03b1\u03bb\u03ae \u03b4\u03b9\u03b1\u03b4\u03b9\u03ba\u03b1\u03c3\u03af\u03b1 \u03c3\u03c5\u03bd\u03b1\u03bb\u03bb\u03b1\u03b3\u03ae\u03c2.<br \/>\nMi\u00e9rt v\u00e1lassza az Rckopen.com webhelyet a 4-ACO-MALT v\u00e1s\u00e1rl\u00e1s\u00e1hoz? Mindenekel\u0151tt az \u00fcgyfelek biztons\u00e1g\u00e1t \u00e9s el\u00e9gedetts\u00e9g\u00e9t helyezz\u00fck el\u0151t\u00e9rbe. Term\u00e9keink szigor\u00fa min\u0151s\u00e9gellen\u0151rz\u00e9sen esnek \u00e1t a tisztas\u00e1g \u00e9s a hat\u00e9konys\u00e1g biztos\u00edt\u00e1sa \u00e9rdek\u00e9ben. Emellett diszkr\u00e9t csomagol\u00e1sunk gondoskodik a mag\u00e1n\u00e9let v\u00e9delm\u00e9r\u0151l minden l\u00e9p\u00e9sn\u00e9l.<\/p>\n<p>\u0396\u03ae\u03c3\u03c4\u03b5 \u03c4\u03b7\u03bd \u03b5\u03c5\u03ba\u03bf\u03bb\u03af\u03b1 \u03c4\u03c9\u03bd online \u03b1\u03b3\u03bf\u03c1\u03ce\u03bd \u03b3\u03b9\u03b1 \u03c4\u03bf 4-ACO-MALT \u03c3\u03c4\u03bf Narcomeds. \u0397 \u03c6\u03b9\u03bb\u03b9\u03ba\u03ae \u03c0\u03c1\u03bf\u03c2 \u03c4\u03bf \u03c7\u03c1\u03ae\u03c3\u03c4\u03b7 \u03b9\u03c3\u03c4\u03bf\u03c3\u03b5\u03bb\u03af\u03b4\u03b1 \u03bc\u03b1\u03c2 \u03ba\u03b1\u03b9 \u03bf\u03b9 \u03b1\u03c3\u03c6\u03b1\u03bb\u03b5\u03af\u03c2 \u03b5\u03c0\u03b9\u03bb\u03bf\u03b3\u03ad\u03c2 \u03c0\u03bb\u03b7\u03c1\u03c9\u03bc\u03ae\u03c2 \u03ba\u03b1\u03b8\u03b9\u03c3\u03c4\u03bf\u03cd\u03bd \u03c4\u03b7\u03bd \u03c0\u03b1\u03c1\u03b1\u03b3\u03b3\u03b5\u03bb\u03af\u03b1 \u03c3\u03b1\u03c2 \u03c3\u03c4\u03bf 4-ACO-MALT \u03b5\u03cd\u03ba\u03bf\u03bb\u03b7 \u03bc\u03b5 \u03bb\u03af\u03b3\u03b1 \u03bc\u03cc\u03bd\u03bf \u03ba\u03bb\u03b9\u03ba.<br \/>\n\u0395\u03be\u03bf\u03b9\u03ba\u03bf\u03bd\u03bf\u03bc\u03ae\u03c3\u03c4\u03b5 \u03c7\u03c1\u03cc\u03bd\u03bf \u03b1\u03bd\u03b1\u03b6\u03b7\u03c4\u03ce\u03bd\u03c4\u03b1\u03c2 \u03b1\u03be\u03b9\u03cc\u03c0\u03b9\u03c3\u03c4\u03b5\u03c2 \u03c0\u03b7\u03b3\u03ad\u03c2 \u03b3\u03b9\u03b1 \u03bd\u03b1 \u03b1\u03b3\u03bf\u03c1\u03ac\u03c3\u03b5\u03c4\u03b5 4-ACO-MALT. \u0395\u03bc\u03c0\u03b9\u03c3\u03c4\u03b5\u03c5\u03c4\u03b5\u03af\u03c4\u03b5 \u03c4\u03bf Narcomed \u03b3\u03b9\u03b1 \u03cc\u03bb\u03b5\u03c2 \u03c4\u03b9\u03c2 \u03b1\u03bd\u03ac\u03b3\u03ba\u03b5\u03c2 \u03c3\u03b1\u03c2 \u03b3\u03b9\u03b1 \u03c7\u03b7\u03bc\u03b9\u03ba\u03ae \u03ad\u03c1\u03b5\u03c5\u03bd\u03b1 \u03ba\u03b1\u03b9 \u03b1\u03c0\u03bf\u03bb\u03b1\u03cd\u03c3\u03c4\u03b5 \u03bc\u03b9\u03b1 \u03b1\u03c0\u03c1\u03cc\u03c3\u03ba\u03bf\u03c0\u03c4\u03b7 \u03b5\u03bc\u03c0\u03b5\u03b9\u03c1\u03af\u03b1 \u03b1\u03b3\u03bf\u03c1\u03ce\u03bd \u03b1\u03c0\u03cc \u03c4\u03b7\u03bd \u03b1\u03c1\u03c7\u03ae \u03bc\u03ad\u03c7\u03c1\u03b9 \u03c4\u03bf \u03c4\u03ad\u03bb\u03bf\u03c2. \u03a0\u03b1\u03c1\u03b1\u03b3\u03b3\u03b5\u03af\u03bb\u03b5\u03c4\u03b5 \u03c4\u03ce\u03c1\u03b1 \u03ba\u03b1\u03b9 \u03b1\u03bd\u03b1\u03ba\u03b1\u03bb\u03cd\u03c8\u03c4\u03b5 \u03b3\u03b9\u03b1\u03c4\u03af \u03c0\u03c1\u03bf\u03c4\u03b9\u03bc\u03bf\u03cd\u03bc\u03b5 \u03bd\u03b1 \u03b1\u03b3\u03bf\u03c1\u03ac\u03b6\u03bf\u03c5\u03bc\u03b5 4-ACO-MALT online.<\/p>","protected":false},"excerpt":{"rendered":"<p><strong>IUPAC-Name: <\/strong>3-(2-(2-(\u03b1\u03bb\u03bb\u03c5\u03bb(\u03bc\u03b5\u03b8\u03c5\u03bb)\u03b1\u03bc\u03b9\u03bd\u03bf)\u03b1\u03b9\u03b8\u03c5\u03bb)-1\u0397-\u03b9\u03bd\u03b4\u03bf\u03bb-4-\u03c5\u03bb\u03bf \u03bf\u03be\u03b9\u03ba\u03cc \u03ac\u03bb\u03b1\u03c2<\/p>\n<p><strong>\u0386\u03bb\u03bb\u03bf \u03cc\u03bd\u03bf\u03bc\u03b1: <\/strong>4-Acetoxy-MALT<\/p>\n<p><strong>\u0391\u03bd\u03ac\u03bb\u03c5\u03c3\u03b7 NMR: <\/strong>C16H20N2O2<\/p>","protected":false},"featured_media":6893,"comment_status":"open","ping_status":"closed","template":"","meta":{"_joinchat":[]},"product_brand":[],"product_cat":[149],"product_tag":[],"class_list":{"0":"post-6751","1":"product","2":"type-product","3":"status-publish","4":"has-post-thumbnail","6":"product_cat-tryptaminen","8":"first","9":"instock","10":"shipping-taxable","11":"purchasable","12":"product-type-variable"},"yoast_head":"<!-- This site is optimized with the Yoast SEO plugin v26.3 - https:\/\/yoast.com\/wordpress\/plugins\/seo\/ -->\n<title>4-ACO-Malt online kopen- 4-ACO-Malt online te koop<\/title>\n<meta name=\"description\" content=\"U kunt 4-ACO-Malt online kopen tegen de beste prijzen via onze online Rc kopen. We hebben goedkope en hoogwaardige 4-ACO-Malt te koop en bieden wereldwijde levering. U kunt overal en altijd bestellen.\" \/>\n<meta name=\"robots\" content=\"index, follow, max-snippet:-1, max-image-preview:large, max-video-preview:-1\" \/>\n<link rel=\"canonical\" href=\"https:\/\/rckopen.com\/el\/\u03c0\u03c1\u03bf\u03ca\u03cc\u03bd\/4-\u03b2\u03cd\u03bd\u03b7-aco\/\" \/>\n<meta property=\"og:locale\" content=\"el_GR\" \/>\n<meta property=\"og:type\" content=\"article\" \/>\n<meta property=\"og:title\" content=\"4-ACO-Malt online kopen- 4-ACO-Malt online te koop\" \/>\n<meta property=\"og:description\" content=\"U kunt 4-ACO-Malt online kopen tegen de beste prijzen via onze online Rc kopen. We hebben goedkope en hoogwaardige 4-ACO-Malt te koop en bieden wereldwijde levering. U kunt overal en altijd bestellen.\" \/>\n<meta property=\"og:url\" content=\"https:\/\/rckopen.com\/el\/\u03c0\u03c1\u03bf\u03ca\u03cc\u03bd\/4-\u03b2\u03cd\u03bd\u03b7-aco\/\" \/>\n<meta property=\"og:site_name\" content=\"RC Kopen\" \/>\n<meta property=\"article:modified_time\" content=\"2025-09-16T09:27:39+00:00\" \/>\n<meta property=\"og:image\" content=\"https:\/\/rckopen.com\/wp-content\/uploads\/2023\/08\/4-ACO-MALT.jpg\" \/>\n\t<meta property=\"og:image:width\" content=\"600\" \/>\n\t<meta property=\"og:image:height\" content=\"600\" \/>\n\t<meta property=\"og:image:type\" content=\"image\/jpeg\" \/>\n<meta name=\"twitter:card\" content=\"summary_large_image\" \/>\n<meta name=\"twitter:label1\" content=\"\u0395\u03ba\u03c4\u03b9\u03bc\u03ce\u03bc\u03b5\u03bd\u03bf\u03c2 \u03c7\u03c1\u03cc\u03bd\u03bf\u03c2 \u03b1\u03bd\u03ac\u03b3\u03bd\u03c9\u03c3\u03b7\u03c2\" \/>\n\t<meta name=\"twitter:data1\" content=\"3 \u03bb\u03b5\u03c0\u03c4\u03ac\" \/>\n<script type=\"application\/ld+json\" class=\"yoast-schema-graph\">{\"@context\":\"https:\/\/schema.org\",\"@graph\":[{\"@type\":\"WebPage\",\"@id\":\"https:\/\/rckopen.com\/product\/4-aco-malt\/\",\"url\":\"https:\/\/rckopen.com\/product\/4-aco-malt\/\",\"name\":\"4-ACO-Malt online kopen- 4-ACO-Malt online te koop\",\"isPartOf\":{\"@id\":\"https:\/\/rckopen.com\/#website\"},\"primaryImageOfPage\":{\"@id\":\"https:\/\/rckopen.com\/product\/4-aco-malt\/#primaryimage\"},\"image\":{\"@id\":\"https:\/\/rckopen.com\/product\/4-aco-malt\/#primaryimage\"},\"thumbnailUrl\":\"https:\/\/rckopen.com\/wp-content\/uploads\/2023\/08\/4-ACO-MALT.jpg\",\"datePublished\":\"2023-08-17T10:53:13+00:00\",\"dateModified\":\"2025-09-16T09:27:39+00:00\",\"description\":\"U kunt 4-ACO-Malt online kopen tegen de beste prijzen via onze online Rc kopen. We hebben goedkope en hoogwaardige 4-ACO-Malt te koop en bieden wereldwijde levering. U kunt overal en altijd bestellen.\",\"breadcrumb\":{\"@id\":\"https:\/\/rckopen.com\/product\/4-aco-malt\/#breadcrumb\"},\"inLanguage\":\"el\",\"potentialAction\":[{\"@type\":\"ReadAction\",\"target\":[\"https:\/\/rckopen.com\/product\/4-aco-malt\/\"]}]},{\"@type\":\"ImageObject\",\"inLanguage\":\"el\",\"@id\":\"https:\/\/rckopen.com\/product\/4-aco-malt\/#primaryimage\",\"url\":\"https:\/\/rckopen.com\/wp-content\/uploads\/2023\/08\/4-ACO-MALT.jpg\",\"contentUrl\":\"https:\/\/rckopen.com\/wp-content\/uploads\/2023\/08\/4-ACO-MALT.jpg\",\"width\":600,\"height\":600,\"caption\":\"4-ACO-MALT online kopen\"},{\"@type\":\"BreadcrumbList\",\"@id\":\"https:\/\/rckopen.com\/product\/4-aco-malt\/#breadcrumb\",\"itemListElement\":[{\"@type\":\"ListItem\",\"position\":1,\"name\":\"Home\",\"item\":\"https:\/\/rckopen.com\/\"},{\"@type\":\"ListItem\",\"position\":2,\"name\":\"Shop\",\"item\":\"https:\/\/rckopen.com\/shop\/\"},{\"@type\":\"ListItem\",\"position\":3,\"name\":\"4-ACO-MALT online kopen\"}]},{\"@type\":\"WebSite\",\"@id\":\"https:\/\/rckopen.com\/#website\",\"url\":\"https:\/\/rckopen.com\/\",\"name\":\"RC Kopen\",\"description\":\"Research Chemicals\",\"potentialAction\":[{\"@type\":\"SearchAction\",\"target\":{\"@type\":\"EntryPoint\",\"urlTemplate\":\"https:\/\/rckopen.com\/?s={search_term_string}\"},\"query-input\":{\"@type\":\"PropertyValueSpecification\",\"valueRequired\":true,\"valueName\":\"search_term_string\"}}],\"inLanguage\":\"el\"}]}<\/script>\n<!-- \/ Yoast SEO plugin. -->","yoast_head_json":{"title":"4-ACO-Malt online kopen- 4-ACO-Malt online te koop","description":"U kunt 4-ACO-Malt online kopen tegen de beste prijzen via onze online Rc kopen. We hebben goedkope en hoogwaardige 4-ACO-Malt te koop en bieden wereldwijde levering. U kunt overal en altijd bestellen.","robots":{"index":"index","follow":"follow","max-snippet":"max-snippet:-1","max-image-preview":"max-image-preview:large","max-video-preview":"max-video-preview:-1"},"canonical":"https:\/\/rckopen.com\/el\/\u03c0\u03c1\u03bf\u03ca\u03cc\u03bd\/4-\u03b2\u03cd\u03bd\u03b7-aco\/","og_locale":"el_GR","og_type":"article","og_title":"4-ACO-Malt online kopen- 4-ACO-Malt online te koop","og_description":"U kunt 4-ACO-Malt online kopen tegen de beste prijzen via onze online Rc kopen. We hebben goedkope en hoogwaardige 4-ACO-Malt te koop en bieden wereldwijde levering. U kunt overal en altijd bestellen.","og_url":"https:\/\/rckopen.com\/el\/\u03c0\u03c1\u03bf\u03ca\u03cc\u03bd\/4-\u03b2\u03cd\u03bd\u03b7-aco\/","og_site_name":"RC Kopen","article_modified_time":"2025-09-16T09:27:39+00:00","og_image":[{"width":600,"height":600,"url":"https:\/\/rckopen.com\/wp-content\/uploads\/2023\/08\/4-ACO-MALT.jpg","type":"image\/jpeg"}],"twitter_card":"summary_large_image","twitter_misc":{"\u0395\u03ba\u03c4\u03b9\u03bc\u03ce\u03bc\u03b5\u03bd\u03bf\u03c2 \u03c7\u03c1\u03cc\u03bd\u03bf\u03c2 \u03b1\u03bd\u03ac\u03b3\u03bd\u03c9\u03c3\u03b7\u03c2":"3 \u03bb\u03b5\u03c0\u03c4\u03ac"},"schema":{"@context":"https:\/\/schema.org","@graph":[{"@type":"WebPage","@id":"https:\/\/rckopen.com\/product\/4-aco-malt\/","url":"https:\/\/rckopen.com\/product\/4-aco-malt\/","name":"4-ACO-Malt online kopen- 4-ACO-Malt online te koop","isPartOf":{"@id":"https:\/\/rckopen.com\/#website"},"primaryImageOfPage":{"@id":"https:\/\/rckopen.com\/product\/4-aco-malt\/#primaryimage"},"image":{"@id":"https:\/\/rckopen.com\/product\/4-aco-malt\/#primaryimage"},"thumbnailUrl":"https:\/\/rckopen.com\/wp-content\/uploads\/2023\/08\/4-ACO-MALT.jpg","datePublished":"2023-08-17T10:53:13+00:00","dateModified":"2025-09-16T09:27:39+00:00","description":"U kunt 4-ACO-Malt online kopen tegen de beste prijzen via onze online Rc kopen. We hebben goedkope en hoogwaardige 4-ACO-Malt te koop en bieden wereldwijde levering. U kunt overal en altijd bestellen.","breadcrumb":{"@id":"https:\/\/rckopen.com\/product\/4-aco-malt\/#breadcrumb"},"inLanguage":"el","potentialAction":[{"@type":"ReadAction","target":["https:\/\/rckopen.com\/product\/4-aco-malt\/"]}]},{"@type":"ImageObject","inLanguage":"el","@id":"https:\/\/rckopen.com\/product\/4-aco-malt\/#primaryimage","url":"https:\/\/rckopen.com\/wp-content\/uploads\/2023\/08\/4-ACO-MALT.jpg","contentUrl":"https:\/\/rckopen.com\/wp-content\/uploads\/2023\/08\/4-ACO-MALT.jpg","width":600,"height":600,"caption":"4-ACO-MALT online kopen"},{"@type":"BreadcrumbList","@id":"https:\/\/rckopen.com\/product\/4-aco-malt\/#breadcrumb","itemListElement":[{"@type":"ListItem","position":1,"name":"Home","item":"https:\/\/rckopen.com\/"},{"@type":"ListItem","position":2,"name":"Shop","item":"https:\/\/rckopen.com\/shop\/"},{"@type":"ListItem","position":3,"name":"4-ACO-MALT online kopen"}]},{"@type":"WebSite","@id":"https:\/\/rckopen.com\/#website","url":"https:\/\/rckopen.com\/","name":"RC Kopen","description":"Research Chemicals","potentialAction":[{"@type":"SearchAction","target":{"@type":"EntryPoint","urlTemplate":"https:\/\/rckopen.com\/?s={search_term_string}"},"query-input":{"@type":"PropertyValueSpecification","valueRequired":true,"valueName":"search_term_string"}}],"inLanguage":"el"}]}},"_links":{"self":[{"href":"https:\/\/rckopen.com\/el\/wp-json\/wp\/v2\/product\/6751","targetHints":{"allow":["GET"]}}],"collection":[{"href":"https:\/\/rckopen.com\/el\/wp-json\/wp\/v2\/product"}],"about":[{"href":"https:\/\/rckopen.com\/el\/wp-json\/wp\/v2\/types\/product"}],"replies":[{"embeddable":true,"href":"https:\/\/rckopen.com\/el\/wp-json\/wp\/v2\/comments?post=6751"}],"wp:featuredmedia":[{"embeddable":true,"href":"https:\/\/rckopen.com\/el\/wp-json\/wp\/v2\/media\/6893"}],"wp:attachment":[{"href":"https:\/\/rckopen.com\/el\/wp-json\/wp\/v2\/media?parent=6751"}],"wp:term":[{"taxonomy":"product_brand","embeddable":true,"href":"https:\/\/rckopen.com\/el\/wp-json\/wp\/v2\/product_brand?post=6751"},{"taxonomy":"product_cat","embeddable":true,"href":"https:\/\/rckopen.com\/el\/wp-json\/wp\/v2\/product_cat?post=6751"},{"taxonomy":"product_tag","embeddable":true,"href":"https:\/\/rckopen.com\/el\/wp-json\/wp\/v2\/product_tag?post=6751"}],"curies":[{"name":"wp","href":"https:\/\/api.w.org\/{rel}","templated":true}]}}