{"id":6772,"date":"2023-08-17T11:08:31","date_gmt":"2023-08-17T11:08:31","guid":{"rendered":"https:\/\/diligentplug.com\/chems\/?post_type=product&#038;p=6772"},"modified":"2025-01-31T05:22:13","modified_gmt":"2025-01-31T05:22:13","slug":"4-ho-dpt","status":"publish","type":"product","link":"https:\/\/rckopen.com\/el\/\u03c0\u03c1\u03bf\u03ca\u03cc\u03bd\/4-ho-dpt\/","title":{"rendered":"\u0391\u03b3\u03bf\u03c1\u03ac\u03c3\u03c4\u03b5 4-HO-DPT online"},"content":{"rendered":"<h2>Ontdek de ultieme bestemming voor 4-HO-DPT online kopen liefhebbers &#8211; RCKopen<\/h2>\n<p>\u039a\u03b1\u03bb\u03ce\u03c2 \u03bf\u03c1\u03af\u03c3\u03b1\u03c4\u03b5 \u03c3\u03c4\u03bf <a href=\"https:\/\/rckopen.com\/el\/\">Rckopen.com<\/a>, \u03bf \u03bd\u03bf\u03cd\u03bc\u03b5\u03c1\u03bf \u03ad\u03bd\u03b1 \u03c0\u03c1\u03bf\u03bf\u03c1\u03b9\u03c3\u03bc\u03cc\u03c2 \u03c3\u03b1\u03c2 \u03b3\u03b9\u03b1 \u03b1\u03b3\u03bf\u03c1\u03ac <a href=\"https:\/\/rckopen.com\/el\/\u03c0\u03c1\u03bf\u03ca\u03cc\u03bd\/4-ho-dpt\/\">4-HO-DPT<\/a> \u03c0\u03c1\u03bf\u03c2 \u03c0\u03ce\u03bb\u03b7\u03c3\u03b7 \u03ba\u03b1\u03b9 \u03ac\u03bb\u03bb\u03b1 \u03ba\u03bf\u03c1\u03c5\u03c6\u03b1\u03af\u03b1\u03c2 \u03c0\u03bf\u03b9\u03cc\u03c4\u03b7\u03c4\u03b1\u03c2 \u03b5\u03c1\u03b5\u03c5\u03bd\u03b7\u03c4\u03b9\u03ba\u03ac \u03c7\u03b7\u03bc\u03b9\u03ba\u03ac. \u03a0\u03b1\u03c1\u03ad\u03c7\u03bf\u03c5\u03bc\u03b5 \u03bc\u03b9\u03b1 \u03b1\u03c0\u03c1\u03cc\u03c3\u03ba\u03bf\u03c0\u03c4\u03b7 \u03b4\u03b9\u03b1\u03b4\u03b9\u03ba\u03c4\u03c5\u03b1\u03ba\u03ae \u03c0\u03bb\u03b1\u03c4\u03c6\u03cc\u03c1\u03bc\u03b1 \u03cc\u03c0\u03bf\u03c5 \u03bf\u03b9 \u03bb\u03ac\u03c4\u03c1\u03b5\u03b9\u03c2 \u03cc\u03c0\u03c9\u03c2 \u03b5\u03c3\u03b5\u03af\u03c2 \u03bc\u03c0\u03bf\u03c1\u03bf\u03cd\u03bd \u03b5\u03cd\u03ba\u03bf\u03bb\u03b1 \u03bd\u03b1 \u03ad\u03c7\u03bf\u03c5\u03bd \u03c0\u03c1\u03cc\u03c3\u03b2\u03b1\u03c3\u03b7 \u03c3\u03b5 \u03ad\u03bd\u03b1 \u03b5\u03c5\u03c1\u03cd \u03c6\u03ac\u03c3\u03bc\u03b1 \u03c0\u03c1\u03bf\u03ca\u03cc\u03bd\u03c4\u03c9\u03bd \u03b3\u03b9\u03b1 \u03bd\u03b1 \u03c5\u03c0\u03bf\u03c3\u03c4\u03b7\u03c1\u03af\u03be\u03bf\u03c5\u03bd \u03c4\u03b9\u03c2 \u03b5\u03c1\u03b5\u03c5\u03bd\u03b7\u03c4\u03b9\u03ba\u03ad\u03c2 \u03c3\u03b1\u03c2 \u03c0\u03c1\u03bf\u03c3\u03c0\u03ac\u03b8\u03b5\u03b9\u03b5\u03c2.<\/p>\n<h3>\u0397 \u03b1\u03be\u03b9\u03cc\u03c0\u03b9\u03c3\u03c4\u03b7 \u03c0\u03b7\u03b3\u03ae \u03c3\u03b1\u03c2 \u03b3\u03b9\u03b1 \u03c0\u03c1\u03bf\u03ca\u03cc\u03bd\u03c4\u03b1 4-HO-DPT<\/h3>\n<p>\u039a\u03b1\u03bb\u03ce\u03c2 \u03ae\u03c1\u03b8\u03b1\u03c4\u03b5 \u03c3\u03c4\u03bf RCKopen, \u03cc\u03c0\u03bf\u03c5 \u03b8\u03b1 \u03b2\u03c1\u03b5\u03af\u03c4\u03b5 \u03bc\u03b9\u03b1 \u03b1\u03be\u03b9\u03cc\u03c0\u03b9\u03c3\u03c4\u03b7 \u03ba\u03b1\u03b9 \u03b1\u03be\u03b9\u03cc\u03c0\u03b9\u03c3\u03c4\u03b7 \u03c0\u03b7\u03b3\u03ae \u03b3\u03b9\u03b1 \u03bd\u03b1 \u03b1\u03b3\u03bf\u03c1\u03ac\u03c3\u03b5\u03c4\u03b5 4-HO-DPT online. \u0395\u03af\u03bc\u03b1\u03c3\u03c4\u03b5 \u03c0\u03b5\u03c1\u03ae\u03c6\u03b1\u03bd\u03bf\u03b9 \u03c0\u03bf\u03c5 \u03b5\u03af\u03bc\u03b1\u03c3\u03c4\u03b5 \u03bf \u03c0\u03c1\u03bf\u03c4\u03b9\u03bc\u03ce\u03bc\u03b5\u03bd\u03bf\u03c2 \u03c0\u03c1\u03bf\u03bf\u03c1\u03b9\u03c3\u03bc\u03cc\u03c2 \u03c3\u03b1\u03c2 \u03b3\u03b9\u03b1 \u03c7\u03b7\u03bc\u03b9\u03ba\u03ac \u03ad\u03c1\u03b5\u03c5\u03bd\u03b1\u03c2 \u03ba\u03bf\u03c1\u03c5\u03c6\u03b1\u03af\u03b1\u03c2 \u03c0\u03bf\u03b9\u03cc\u03c4\u03b7\u03c4\u03b1\u03c2. \u039c\u03b5 \u03c4\u03b7 \u03b4\u03ad\u03c3\u03bc\u03b5\u03c5\u03c3\u03ae \u03bc\u03b1\u03c2 \u03c3\u03c4\u03b7\u03bd \u03c0\u03bf\u03b9\u03cc\u03c4\u03b7\u03c4\u03b1, \u03c4\u03b7 \u03c3\u03c5\u03bc\u03bc\u03cc\u03c1\u03c6\u03c9\u03c3\u03b7 \u03ba\u03b1\u03b9 \u03c4\u03b7\u03bd \u03b9\u03ba\u03b1\u03bd\u03bf\u03c0\u03bf\u03af\u03b7\u03c3\u03b7 \u03c4\u03c9\u03bd \u03c0\u03b5\u03bb\u03b1\u03c4\u03ce\u03bd, \u03bc\u03c0\u03bf\u03c1\u03b5\u03af\u03c4\u03b5 \u03bd\u03b1 \u03bc\u03b1\u03c2 \u03b5\u03bc\u03c0\u03b9\u03c3\u03c4\u03b5\u03c5\u03c4\u03b5\u03af\u03c4\u03b5 \u03b3\u03b9\u03b1 \u03bd\u03b1 \u03c3\u03b1\u03c2 \u03c0\u03b1\u03c1\u03ad\u03c7\u03bf\u03c5\u03bc\u03b5 <a href=\"https:\/\/en.wikipedia.org\/wiki\/4-HO-DPT\">4-HO-DPT<\/a>-\u03c0\u03b1\u03c1\u03ad\u03c7\u03b5\u03c4\u03b5 \u03c0\u03c1\u03bf\u03ca\u03cc\u03bd\u03c4\u03b1 \u03c0\u03bf\u03c5 \u03c7\u03c1\u03b5\u03b9\u03ac\u03b6\u03b5\u03c3\u03c4\u03b5 \u03b3\u03b9\u03b1 \u03c4\u03b9\u03c2 \u03b5\u03c1\u03b5\u03c5\u03bd\u03b7\u03c4\u03b9\u03ba\u03ad\u03c2 \u03c3\u03b1\u03c2 \u03c0\u03c1\u03bf\u03c3\u03c0\u03ac\u03b8\u03b5\u03b9\u03b5\u03c2. \u0391\u03bd\u03b1\u03ba\u03b1\u03bb\u03cd\u03c8\u03c4\u03b5 \u03c4\u03b7\u03bd \u03c0\u03bb\u03b1\u03c4\u03c6\u03cc\u03c1\u03bc\u03b1 \u03bc\u03b1\u03c2 \u03c3\u03ae\u03bc\u03b5\u03c1\u03b1 \u03ba\u03b1\u03b9 \u03b6\u03ae\u03c3\u03c4\u03b5 \u03c4\u03b7 \u03b4\u03b9\u03b1\u03c6\u03bf\u03c1\u03ac \u03bc\u03b5\u03c4\u03b1\u03be\u03cd \u03c4\u03c9\u03bd \u03b1\u03b3\u03bf\u03c1\u03ce\u03bd \u03b1\u03c0\u03cc \u03ad\u03bd\u03b1\u03bd \u03b1\u03be\u03b9\u03cc\u03c0\u03b9\u03c3\u03c4\u03bf \u03c0\u03c1\u03bf\u03bc\u03b7\u03b8\u03b5\u03c5\u03c4\u03ae.<\/p>\n<h3>\u0395\u03be\u03b1\u03c3\u03c6\u03b1\u03bb\u03af\u03c3\u03c4\u03b5 \u03c4\u03b7\u03bd \u03c0\u03b1\u03c1\u03ac\u03b4\u03bf\u03c3\u03b7 \u03c4\u03bf\u03c5 4-HO-DPT \u03b1\u03b3\u03bf\u03c1\u03ac\u03c3\u03c4\u03b5 online<\/h3>\n<p>K\u00edv\u00e1ncsi arra, hogy hol v\u00e1s\u00e1rolhat 4-HO-DPT-t online? Ne keressen tov\u00e1bb. Az RCKopenn\u00e9l meg\u00e9rtj\u00fck a k\u00e9nyelem \u00e9s a megb\u00edzhat\u00f3s\u00e1g fontoss\u00e1g\u00e1t a kutat\u00e1si vegyszerek beszerz\u00e9sekor. Ez\u00e9rt k\u00edn\u00e1lunk probl\u00e9mamentes online v\u00e1s\u00e1rl\u00e1si \u00e9lm\u00e9nyt, \u00edgy magabiztosan v\u00e1s\u00e1rolhat 4-HO-DPT-t online.<\/p>\n<p>\u0391\u03bd\u03b1\u03ba\u03b1\u03bb\u03cd\u03c8\u03c4\u03b5 \u03c4\u03b7 \u03bc\u03b5\u03b3\u03ac\u03bb\u03b7 \u03bc\u03b1\u03c2 \u03c0\u03bf\u03b9\u03ba\u03b9\u03bb\u03af\u03b1<br \/>\n\u0395\u03af\u03c4\u03b5 \u03b5\u03af\u03c3\u03c4\u03b5 \u03ad\u03bc\u03c0\u03b5\u03b9\u03c1\u03bf\u03c2 \u03b5\u03c1\u03b5\u03c5\u03bd\u03b7\u03c4\u03ae\u03c2 \u03b5\u03af\u03c4\u03b5 \u03bc\u03cc\u03bb\u03b9\u03c2 \u03b1\u03c1\u03c7\u03af\u03b6\u03b5\u03c4\u03b5, \u03c4\u03bf \u03ba\u03b1\u03c4\u03ac\u03c3\u03c4\u03b7\u03bc\u03ac \u03bc\u03b1\u03c2 4-HO-DPT \u03c0\u03c1\u03bf\u03c3\u03c6\u03ad\u03c1\u03b5\u03b9 \u03ad\u03bd\u03b1 \u03b5\u03c5\u03c1\u03cd \u03c6\u03ac\u03c3\u03bc\u03b1 \u03b5\u03c0\u03b9\u03bb\u03bf\u03b3\u03ce\u03bd \u03c0\u03bf\u03c5 \u03b1\u03bd\u03c4\u03b1\u03c0\u03bf\u03ba\u03c1\u03af\u03bd\u03bf\u03bd\u03c4\u03b1\u03b9 \u03c3\u03c4\u03b9\u03c2 \u03c3\u03c5\u03b3\u03ba\u03b5\u03ba\u03c1\u03b9\u03bc\u03ad\u03bd\u03b5\u03c2 \u03b1\u03bd\u03ac\u03b3\u03ba\u03b5\u03c2 \u03c3\u03b1\u03c2. \u0391\u03c0\u03cc \u03c4\u03bf 4-HO-DPT \u03c0\u03c1\u03bf\u03c2 \u03c0\u03ce\u03bb\u03b7\u03c3\u03b7 \u03ad\u03c9\u03c2 \u03ac\u03bb\u03bb\u03b1 \u03c3\u03c5\u03bd\u03b1\u03c6\u03ae \u03c0\u03c1\u03bf\u03ca\u03cc\u03bd\u03c4\u03b1, \u03c0\u03c1\u03bf\u03c3\u03c0\u03b1\u03b8\u03bf\u03cd\u03bc\u03b5 \u03bd\u03b1 \u03b4\u03b9\u03b1\u03c4\u03b7\u03c1\u03bf\u03cd\u03bc\u03b5 \u03ad\u03bd\u03b1 \u03c0\u03bf\u03b9\u03ba\u03af\u03bb\u03bf \u03b1\u03c0\u03cc\u03b8\u03b5\u03bc\u03b1 \u03b3\u03b9\u03b1 \u03bd\u03b1 \u03b9\u03ba\u03b1\u03bd\u03bf\u03c0\u03bf\u03b9\u03bf\u03cd\u03bc\u03b5 \u03c4\u03b9\u03c2 \u03b1\u03c0\u03b1\u03b9\u03c4\u03ae\u03c3\u03b5\u03b9\u03c2 \u03c4\u03c9\u03bd \u03b1\u03be\u03b9\u03cc\u03bb\u03bf\u03b3\u03c9\u03bd \u03c0\u03b5\u03bb\u03b1\u03c4\u03ce\u03bd \u03bc\u03b1\u03c2.<\/p>\n<p>\u039d\u03cc\u03bc\u03b9\u03bc\u03bf \u03ba\u03b1\u03b9 \u03b1\u03be\u03b9\u03cc\u03c0\u03b9\u03c3\u03c4\u03bf<br \/>\n\u039c\u03c0\u03bf\u03c1\u03b5\u03af\u03c4\u03b5 \u03bd\u03b1 \u03b5\u03af\u03c3\u03c4\u03b5 \u03c3\u03af\u03b3\u03bf\u03c5\u03c1\u03bf\u03b9 \u03cc\u03c4\u03b9 \u03cc\u03c4\u03b1\u03bd \u03c0\u03b1\u03c1\u03b1\u03b3\u03b3\u03ad\u03bb\u03bd\u03b5\u03c4\u03b5 \u03c4\u03bf 4-HO-DPT \u03b1\u03c0\u03cc \u03c4\u03b7\u03bd RCKopen, \u03b5\u03c0\u03b9\u03bb\u03ad\u03b3\u03b5\u03c4\u03b5 \u03bc\u03b9\u03b1 \u03b1\u03be\u03b9\u03cc\u03c0\u03b9\u03c3\u03c4\u03b7 \u03c0\u03b7\u03b3\u03ae \u03c0\u03bf\u03c5 \u03b4\u03b5\u03c3\u03bc\u03b5\u03cd\u03b5\u03c4\u03b1\u03b9 \u03b3\u03b9\u03b1 \u03c4\u03b7\u03bd \u03c0\u03bf\u03b9\u03cc\u03c4\u03b7\u03c4\u03b1 \u03ba\u03b1\u03b9 \u03c4\u03b7 \u03c3\u03c5\u03bc\u03bc\u03cc\u03c1\u03c6\u03c9\u03c3\u03b7. \u039b\u03b5\u03b9\u03c4\u03bf\u03c5\u03c1\u03b3\u03bf\u03cd\u03bc\u03b5 \u03b5\u03bd\u03c4\u03cc\u03c2 \u03c4\u03c9\u03bd \u03bd\u03cc\u03bc\u03b9\u03bc\u03c9\u03bd \u03bf\u03c1\u03af\u03c9\u03bd \u03ba\u03b1\u03b9 \u03b4\u03b9\u03b1\u03c3\u03c6\u03b1\u03bb\u03af\u03b6\u03bf\u03c5\u03bc\u03b5 \u03cc\u03c4\u03b9 \u03bc\u03c0\u03bf\u03c1\u03b5\u03af\u03c4\u03b5 \u03bd\u03b1 \u03b1\u03b3\u03bf\u03c1\u03ac\u03c3\u03b5\u03c4\u03b5 \u03c4\u03bf 4-HO-DPT \u03bd\u03cc\u03bc\u03b9\u03bc\u03b1 \u03c7\u03c9\u03c1\u03af\u03c2 \u03bd\u03b1 \u03b1\u03bd\u03b7\u03c3\u03c5\u03c7\u03b5\u03af\u03c4\u03b5.<\/p>\n<p>\u03a0\u03b1\u03b3\u03ba\u03cc\u03c3\u03bc\u03b9\u03b1 \u03b5\u03bc\u03b2\u03ad\u03bb\u03b5\u03b9\u03b1, \u03c4\u03bf\u03c0\u03b9\u03ba\u03ae \u03b5\u03be\u03c5\u03c0\u03b7\u03c1\u03ad\u03c4\u03b7\u03c3\u03b7<br \/>\n\u039c\u03b5 \u03ad\u03b4\u03c1\u03b1 \u03c4\u03bf \u0397\u03bd\u03c9\u03bc\u03ad\u03bd\u03bf \u0392\u03b1\u03c3\u03af\u03bb\u03b5\u03b9\u03bf, \u03c4\u03bf RCKopen \u03bb\u03b5\u03b9\u03c4\u03bf\u03c5\u03c1\u03b3\u03b5\u03af \u03c9\u03c2 \u03b2\u03bf\u03bb\u03b9\u03ba\u03cc\u03c2 \u03ba\u03cc\u03bc\u03b2\u03bf\u03c2 \u03b3\u03b9\u03b1 \u03b5\u03c1\u03b5\u03c5\u03bd\u03b7\u03c4\u03ad\u03c2 \u03c3\u03b5 \u03cc\u03bb\u03bf \u03c4\u03bf\u03bd \u03ba\u03cc\u03c3\u03bc\u03bf. \u0395\u03af\u03c4\u03b5 \u03b2\u03c1\u03af\u03c3\u03ba\u03b5\u03c3\u03c4\u03b5 \u03c3\u03c4\u03bf \u0397\u03bd\u03c9\u03bc\u03ad\u03bd\u03bf \u0392\u03b1\u03c3\u03af\u03bb\u03b5\u03b9\u03bf \u03b5\u03af\u03c4\u03b5 \u03c3\u03c4\u03bf \u03b5\u03be\u03c9\u03c4\u03b5\u03c1\u03b9\u03ba\u03cc, \u03b7 \u03c0\u03bb\u03b1\u03c4\u03c6\u03cc\u03c1\u03bc\u03b1 \u03bc\u03b1\u03c2 \u03c3\u03b1\u03c2 \u03b5\u03c0\u03b9\u03c4\u03c1\u03ad\u03c0\u03b5\u03b9 \u03bd\u03b1 \u03b1\u03b3\u03bf\u03c1\u03ac\u03c3\u03b5\u03c4\u03b5 \u03c4\u03bf 4-HO-DPT \u03c3\u03c4\u03bf \u0397\u03bd\u03c9\u03bc\u03ad\u03bd\u03bf \u0392\u03b1\u03c3\u03af\u03bb\u03b5\u03b9\u03bf \u03ba\u03b1\u03b9 \u03bd\u03b1 \u03c4\u03bf \u03c0\u03b1\u03c1\u03b1\u03b4\u03ce\u03c3\u03b5\u03c4\u03b5 \u03b1\u03c0\u03b5\u03c5\u03b8\u03b5\u03af\u03b1\u03c2 \u03c3\u03c4\u03bf \u03c3\u03c0\u03af\u03c4\u03b9 \u03c3\u03b1\u03c2.<\/p>\n<p>\u03a0\u03c1\u03bf\u03c3\u03b2\u03ac\u03c3\u03b9\u03bc\u03bf \u03b3\u03b9\u03b1 \u03cc\u03bb\u03bf\u03c5\u03c2<br \/>\n\u03a3\u03c4\u03b7\u03bd RCKopen, \u03b4\u03af\u03bd\u03bf\u03c5\u03bc\u03b5 \u03c0\u03c1\u03bf\u03c4\u03b5\u03c1\u03b1\u03b9\u03cc\u03c4\u03b7\u03c4\u03b1 \u03c3\u03c4\u03b7\u03bd \u03c0\u03c1\u03bf\u03c3\u03b2\u03b1\u03c3\u03b9\u03bc\u03cc\u03c4\u03b7\u03c4\u03b1. \u0394\u03b5\u03bd \u03c7\u03c1\u03b5\u03b9\u03ac\u03b6\u03b5\u03c3\u03c4\u03b5 \u03b9\u03b1\u03c4\u03c1\u03b9\u03ba\u03ae \u03c3\u03c5\u03bd\u03c4\u03b1\u03b3\u03ae \u03b3\u03b9\u03b1 \u03bd\u03b1 \u03b1\u03b3\u03bf\u03c1\u03ac\u03c3\u03b5\u03c4\u03b5 \u03c4\u03bf 4-HO-DPT \u03c7\u03c9\u03c1\u03af\u03c2 \u03b9\u03b1\u03c4\u03c1\u03b9\u03ba\u03ae \u03c3\u03c5\u03bd\u03c4\u03b1\u03b3\u03ae \u03bc\u03ad\u03c3\u03c9 \u03c4\u03b7\u03c2 \u03c0\u03bb\u03b1\u03c4\u03c6\u03cc\u03c1\u03bc\u03b1\u03c2 \u03bc\u03b1\u03c2. \u03a0\u03b9\u03c3\u03c4\u03b5\u03cd\u03bf\u03c5\u03bc\u03b5 \u03c3\u03c4\u03b7\u03bd \u03b5\u03bd\u03b4\u03c5\u03bd\u03ac\u03bc\u03c9\u03c3\u03b7 \u03c4\u03c9\u03bd \u03b5\u03c1\u03b5\u03c5\u03bd\u03b7\u03c4\u03ce\u03bd \u03ba\u03b1\u03b9 \u03c3\u03c4\u03b7\u03bd \u03b5\u03cd\u03ba\u03bf\u03bb\u03b7 \u03b4\u03b9\u03b5\u03c5\u03ba\u03cc\u03bb\u03c5\u03bd\u03c3\u03b7 \u03c4\u03c9\u03bd \u03c0\u03c1\u03bf\u03c3\u03c0\u03b1\u03b8\u03b5\u03b9\u03ce\u03bd \u03c4\u03bf\u03c5\u03c2.<\/p>\n<p>\u0392\u03b5\u03bb\u03c4\u03b9\u03ce\u03c3\u03c4\u03b5 \u03c4\u03b7\u03bd \u03ad\u03c1\u03b5\u03c5\u03bd\u03ac \u03c3\u03b1\u03c2 \u03bc\u03b5 \u03c4\u03bf RCKopen<br \/>\n\u0392\u03b5\u03bb\u03c4\u03b9\u03ce\u03c3\u03c4\u03b5 \u03c4\u03b7\u03bd \u03b5\u03c1\u03b5\u03c5\u03bd\u03b7\u03c4\u03b9\u03ba\u03ae \u03c3\u03b1\u03c2 \u03b5\u03bc\u03c0\u03b5\u03b9\u03c1\u03af\u03b1 \u03bc\u03b5 \u03c4\u03bf RCKopen, \u03c4\u03bf\u03bd \u03b1\u03c0\u03cc\u03bb\u03c5\u03c4\u03bf \u03c0\u03c1\u03bf\u03bf\u03c1\u03b9\u03c3\u03bc\u03cc \u03c3\u03b1\u03c2 \u03b3\u03b9\u03b1 \u03c4\u03bf 4-HO-DPT \u03ba\u03b1\u03b9 \u03c0\u03bf\u03bb\u03bb\u03ac \u03ac\u03bb\u03bb\u03b1. \u0395\u03be\u03b5\u03c1\u03b5\u03c5\u03bd\u03ae\u03c3\u03c4\u03b5 \u03c4\u03bf\u03bd \u03c6\u03b9\u03bb\u03b9\u03ba\u03cc \u03c0\u03c1\u03bf\u03c2 \u03c4\u03bf \u03c7\u03c1\u03ae\u03c3\u03c4\u03b7 \u03b9\u03c3\u03c4\u03cc\u03c4\u03bf\u03c0\u03cc \u03bc\u03b1\u03c2 \u03c3\u03ae\u03bc\u03b5\u03c1\u03b1 \u03ba\u03b1\u03b9 \u03be\u03b5\u03ba\u03b9\u03bd\u03ae\u03c3\u03c4\u03b5 \u03c4\u03b7\u03bd \u03b5\u03be\u03b5\u03c1\u03b5\u03cd\u03bd\u03b7\u03c3\u03ae \u03c3\u03b1\u03c2 \u03bc\u03b5 \u03b1\u03c5\u03c4\u03bf\u03c0\u03b5\u03c0\u03bf\u03af\u03b8\u03b7\u03c3\u03b7. \u039e\u03b5\u03ba\u03bb\u03b5\u03b9\u03b4\u03ce\u03c3\u03c4\u03b5 \u03c4\u03b9\u03c2 \u03b4\u03c5\u03bd\u03b1\u03c4\u03cc\u03c4\u03b7\u03c4\u03b5\u03c2 \u03ba\u03b1\u03b9 \u03b5\u03bd\u03b9\u03c3\u03c7\u03cd\u03c3\u03c4\u03b5 \u03c4\u03b7\u03bd \u03b5\u03c0\u03b9\u03c3\u03c4\u03b7\u03bc\u03bf\u03bd\u03b9\u03ba\u03ae \u03c3\u03b1\u03c2 \u03b5\u03be\u03b5\u03c1\u03b5\u03cd\u03bd\u03b7\u03c3\u03b7 \u03bc\u03b5 \u03c4\u03b1 \u03ba\u03bf\u03c1\u03c5\u03c6\u03b1\u03af\u03b1 \u03c0\u03c1\u03bf\u03ca\u03cc\u03bd\u03c4\u03b1 \u03bc\u03b1\u03c2 \u03ba\u03b1\u03b9 \u03c4\u03b7\u03bd \u03b5\u03be\u03b1\u03b9\u03c1\u03b5\u03c4\u03b9\u03ba\u03ae \u03b5\u03be\u03c5\u03c0\u03b7\u03c1\u03ad\u03c4\u03b7\u03c3\u03b7.<\/p>","protected":false},"excerpt":{"rendered":"<p><strong>IUPAC-Name: <\/strong>4-\u03c5\u03b4\u03c1\u03bf\u03be\u03c5-N,N-\u03b4\u03b9\u03c0\u03c1\u03bf\u03c0\u03c5\u03bb\u03bf\u03c4\u03c1\u03c5\u03c0\u03c4\u03b1\u03bc\u03af\u03bd\u03b7<\/p>\n<p><strong>\u0395\u03bc\u03c6\u03ac\u03bd\u03b9\u03c3\u03b7: <\/strong>\u03c3\u03ba\u03cc\u03bd\u03b7<\/p>\n<p><strong>\u0391\u03bd\u03ac\u03bb\u03c5\u03c3\u03b7 NMR: <\/strong>N\/A<\/p>","protected":false},"featured_media":6949,"comment_status":"open","ping_status":"closed","template":"","meta":{"_joinchat":[]},"product_brand":[],"product_cat":[149],"product_tag":[],"class_list":{"0":"post-6772","1":"product","2":"type-product","3":"status-publish","4":"has-post-thumbnail","6":"product_cat-tryptaminen","8":"first","9":"instock","10":"shipping-taxable","11":"purchasable","12":"product-type-variable"},"yoast_head":"<!-- This site is optimized with the Yoast SEO plugin v26.3 - https:\/\/yoast.com\/wordpress\/plugins\/seo\/ -->\n<title>4-HO-DPT online kopen - 4-HO-DPT online te koop | RC kopen<\/title>\n<meta name=\"description\" content=\"Als je gepassioneerd bent door 4-ho-dpt, dan is onze winkel de beste plek om 4-ho-dpt online kopen. U kunt 4-ho-dpt te koop hebben tegen de laagste prijs. Bestel nu en ontvang hem binnenkort!\" \/>\n<meta name=\"robots\" content=\"index, follow, max-snippet:-1, max-image-preview:large, max-video-preview:-1\" \/>\n<link rel=\"canonical\" href=\"https:\/\/rckopen.com\/el\/\u03c0\u03c1\u03bf\u03ca\u03cc\u03bd\/4-ho-dpt\/\" \/>\n<meta property=\"og:locale\" content=\"el_GR\" \/>\n<meta property=\"og:type\" content=\"article\" \/>\n<meta property=\"og:title\" content=\"4-HO-DPT online kopen - 4-HO-DPT online te koop | RC kopen\" \/>\n<meta property=\"og:description\" content=\"Als je gepassioneerd bent door 4-ho-dpt, dan is onze winkel de beste plek om 4-ho-dpt online kopen. U kunt 4-ho-dpt te koop hebben tegen de laagste prijs. Bestel nu en ontvang hem binnenkort!\" \/>\n<meta property=\"og:url\" content=\"https:\/\/rckopen.com\/el\/\u03c0\u03c1\u03bf\u03ca\u03cc\u03bd\/4-ho-dpt\/\" \/>\n<meta property=\"og:site_name\" content=\"RC Kopen\" \/>\n<meta property=\"article:modified_time\" content=\"2025-01-31T05:22:13+00:00\" \/>\n<meta property=\"og:image\" content=\"https:\/\/rckopen.com\/wp-content\/uploads\/2023\/08\/4-HO-DPT.jpg\" \/>\n\t<meta property=\"og:image:width\" content=\"600\" \/>\n\t<meta property=\"og:image:height\" content=\"600\" \/>\n\t<meta property=\"og:image:type\" content=\"image\/jpeg\" \/>\n<meta name=\"twitter:card\" content=\"summary_large_image\" \/>\n<meta name=\"twitter:label1\" content=\"\u0395\u03ba\u03c4\u03b9\u03bc\u03ce\u03bc\u03b5\u03bd\u03bf\u03c2 \u03c7\u03c1\u03cc\u03bd\u03bf\u03c2 \u03b1\u03bd\u03ac\u03b3\u03bd\u03c9\u03c3\u03b7\u03c2\" \/>\n\t<meta name=\"twitter:data1\" content=\"2 \u03bb\u03b5\u03c0\u03c4\u03ac\" \/>\n<script type=\"application\/ld+json\" class=\"yoast-schema-graph\">{\"@context\":\"https:\/\/schema.org\",\"@graph\":[{\"@type\":\"WebPage\",\"@id\":\"https:\/\/rckopen.com\/product\/4-ho-dpt\/\",\"url\":\"https:\/\/rckopen.com\/product\/4-ho-dpt\/\",\"name\":\"4-HO-DPT online kopen - 4-HO-DPT online te koop | RC kopen\",\"isPartOf\":{\"@id\":\"https:\/\/rckopen.com\/#website\"},\"primaryImageOfPage\":{\"@id\":\"https:\/\/rckopen.com\/product\/4-ho-dpt\/#primaryimage\"},\"image\":{\"@id\":\"https:\/\/rckopen.com\/product\/4-ho-dpt\/#primaryimage\"},\"thumbnailUrl\":\"https:\/\/rckopen.com\/wp-content\/uploads\/2023\/08\/4-HO-DPT.jpg\",\"datePublished\":\"2023-08-17T11:08:31+00:00\",\"dateModified\":\"2025-01-31T05:22:13+00:00\",\"description\":\"Als je gepassioneerd bent door 4-ho-dpt, dan is onze winkel de beste plek om 4-ho-dpt online kopen. U kunt 4-ho-dpt te koop hebben tegen de laagste prijs. Bestel nu en ontvang hem binnenkort!\",\"breadcrumb\":{\"@id\":\"https:\/\/rckopen.com\/product\/4-ho-dpt\/#breadcrumb\"},\"inLanguage\":\"el\",\"potentialAction\":[{\"@type\":\"ReadAction\",\"target\":[\"https:\/\/rckopen.com\/product\/4-ho-dpt\/\"]}]},{\"@type\":\"ImageObject\",\"inLanguage\":\"el\",\"@id\":\"https:\/\/rckopen.com\/product\/4-ho-dpt\/#primaryimage\",\"url\":\"https:\/\/rckopen.com\/wp-content\/uploads\/2023\/08\/4-HO-DPT.jpg\",\"contentUrl\":\"https:\/\/rckopen.com\/wp-content\/uploads\/2023\/08\/4-HO-DPT.jpg\",\"width\":600,\"height\":600,\"caption\":\"4-HO-DPT online kopen\"},{\"@type\":\"BreadcrumbList\",\"@id\":\"https:\/\/rckopen.com\/product\/4-ho-dpt\/#breadcrumb\",\"itemListElement\":[{\"@type\":\"ListItem\",\"position\":1,\"name\":\"Home\",\"item\":\"https:\/\/rckopen.com\/\"},{\"@type\":\"ListItem\",\"position\":2,\"name\":\"Shop\",\"item\":\"https:\/\/rckopen.com\/shop\/\"},{\"@type\":\"ListItem\",\"position\":3,\"name\":\"4-HO-DPT online kopen\"}]},{\"@type\":\"WebSite\",\"@id\":\"https:\/\/rckopen.com\/#website\",\"url\":\"https:\/\/rckopen.com\/\",\"name\":\"RC Kopen\",\"description\":\"Research Chemicals\",\"potentialAction\":[{\"@type\":\"SearchAction\",\"target\":{\"@type\":\"EntryPoint\",\"urlTemplate\":\"https:\/\/rckopen.com\/?s={search_term_string}\"},\"query-input\":{\"@type\":\"PropertyValueSpecification\",\"valueRequired\":true,\"valueName\":\"search_term_string\"}}],\"inLanguage\":\"el\"}]}<\/script>\n<!-- \/ Yoast SEO plugin. -->","yoast_head_json":{"title":"4-HO-DPT online kopen - 4-HO-DPT online te koop | RC kopen","description":"Als je gepassioneerd bent door 4-ho-dpt, dan is onze winkel de beste plek om 4-ho-dpt online kopen. U kunt 4-ho-dpt te koop hebben tegen de laagste prijs. Bestel nu en ontvang hem binnenkort!","robots":{"index":"index","follow":"follow","max-snippet":"max-snippet:-1","max-image-preview":"max-image-preview:large","max-video-preview":"max-video-preview:-1"},"canonical":"https:\/\/rckopen.com\/el\/\u03c0\u03c1\u03bf\u03ca\u03cc\u03bd\/4-ho-dpt\/","og_locale":"el_GR","og_type":"article","og_title":"4-HO-DPT online kopen - 4-HO-DPT online te koop | RC kopen","og_description":"Als je gepassioneerd bent door 4-ho-dpt, dan is onze winkel de beste plek om 4-ho-dpt online kopen. U kunt 4-ho-dpt te koop hebben tegen de laagste prijs. Bestel nu en ontvang hem binnenkort!","og_url":"https:\/\/rckopen.com\/el\/\u03c0\u03c1\u03bf\u03ca\u03cc\u03bd\/4-ho-dpt\/","og_site_name":"RC Kopen","article_modified_time":"2025-01-31T05:22:13+00:00","og_image":[{"width":600,"height":600,"url":"https:\/\/rckopen.com\/wp-content\/uploads\/2023\/08\/4-HO-DPT.jpg","type":"image\/jpeg"}],"twitter_card":"summary_large_image","twitter_misc":{"\u0395\u03ba\u03c4\u03b9\u03bc\u03ce\u03bc\u03b5\u03bd\u03bf\u03c2 \u03c7\u03c1\u03cc\u03bd\u03bf\u03c2 \u03b1\u03bd\u03ac\u03b3\u03bd\u03c9\u03c3\u03b7\u03c2":"2 \u03bb\u03b5\u03c0\u03c4\u03ac"},"schema":{"@context":"https:\/\/schema.org","@graph":[{"@type":"WebPage","@id":"https:\/\/rckopen.com\/product\/4-ho-dpt\/","url":"https:\/\/rckopen.com\/product\/4-ho-dpt\/","name":"4-HO-DPT online kopen - 4-HO-DPT online te koop | RC kopen","isPartOf":{"@id":"https:\/\/rckopen.com\/#website"},"primaryImageOfPage":{"@id":"https:\/\/rckopen.com\/product\/4-ho-dpt\/#primaryimage"},"image":{"@id":"https:\/\/rckopen.com\/product\/4-ho-dpt\/#primaryimage"},"thumbnailUrl":"https:\/\/rckopen.com\/wp-content\/uploads\/2023\/08\/4-HO-DPT.jpg","datePublished":"2023-08-17T11:08:31+00:00","dateModified":"2025-01-31T05:22:13+00:00","description":"Als je gepassioneerd bent door 4-ho-dpt, dan is onze winkel de beste plek om 4-ho-dpt online kopen. U kunt 4-ho-dpt te koop hebben tegen de laagste prijs. Bestel nu en ontvang hem binnenkort!","breadcrumb":{"@id":"https:\/\/rckopen.com\/product\/4-ho-dpt\/#breadcrumb"},"inLanguage":"el","potentialAction":[{"@type":"ReadAction","target":["https:\/\/rckopen.com\/product\/4-ho-dpt\/"]}]},{"@type":"ImageObject","inLanguage":"el","@id":"https:\/\/rckopen.com\/product\/4-ho-dpt\/#primaryimage","url":"https:\/\/rckopen.com\/wp-content\/uploads\/2023\/08\/4-HO-DPT.jpg","contentUrl":"https:\/\/rckopen.com\/wp-content\/uploads\/2023\/08\/4-HO-DPT.jpg","width":600,"height":600,"caption":"4-HO-DPT online kopen"},{"@type":"BreadcrumbList","@id":"https:\/\/rckopen.com\/product\/4-ho-dpt\/#breadcrumb","itemListElement":[{"@type":"ListItem","position":1,"name":"Home","item":"https:\/\/rckopen.com\/"},{"@type":"ListItem","position":2,"name":"Shop","item":"https:\/\/rckopen.com\/shop\/"},{"@type":"ListItem","position":3,"name":"4-HO-DPT online kopen"}]},{"@type":"WebSite","@id":"https:\/\/rckopen.com\/#website","url":"https:\/\/rckopen.com\/","name":"RC Kopen","description":"Research Chemicals","potentialAction":[{"@type":"SearchAction","target":{"@type":"EntryPoint","urlTemplate":"https:\/\/rckopen.com\/?s={search_term_string}"},"query-input":{"@type":"PropertyValueSpecification","valueRequired":true,"valueName":"search_term_string"}}],"inLanguage":"el"}]}},"_links":{"self":[{"href":"https:\/\/rckopen.com\/el\/wp-json\/wp\/v2\/product\/6772","targetHints":{"allow":["GET"]}}],"collection":[{"href":"https:\/\/rckopen.com\/el\/wp-json\/wp\/v2\/product"}],"about":[{"href":"https:\/\/rckopen.com\/el\/wp-json\/wp\/v2\/types\/product"}],"replies":[{"embeddable":true,"href":"https:\/\/rckopen.com\/el\/wp-json\/wp\/v2\/comments?post=6772"}],"wp:featuredmedia":[{"embeddable":true,"href":"https:\/\/rckopen.com\/el\/wp-json\/wp\/v2\/media\/6949"}],"wp:attachment":[{"href":"https:\/\/rckopen.com\/el\/wp-json\/wp\/v2\/media?parent=6772"}],"wp:term":[{"taxonomy":"product_brand","embeddable":true,"href":"https:\/\/rckopen.com\/el\/wp-json\/wp\/v2\/product_brand?post=6772"},{"taxonomy":"product_cat","embeddable":true,"href":"https:\/\/rckopen.com\/el\/wp-json\/wp\/v2\/product_cat?post=6772"},{"taxonomy":"product_tag","embeddable":true,"href":"https:\/\/rckopen.com\/el\/wp-json\/wp\/v2\/product_tag?post=6772"}],"curies":[{"name":"wp","href":"https:\/\/api.w.org\/{rel}","templated":true}]}}