{"id":6800,"date":"2023-08-17T11:50:21","date_gmt":"2023-08-17T11:50:21","guid":{"rendered":"https:\/\/diligentplug.com\/chems\/?post_type=product&#038;p=6800"},"modified":"2025-01-31T04:47:50","modified_gmt":"2025-01-31T04:47:50","slug":"4-aco-dpt","status":"publish","type":"product","link":"https:\/\/rckopen.com\/el\/\u03c0\u03c1\u03bf\u03ca\u03cc\u03bd\/4-aco-dpt\/","title":{"rendered":"V\u00e1s\u00e1roljon 4-ACO-DPT-t online"},"content":{"rendered":"<h2>V\u00e1s\u00e1roljon 4-ACO-DPT-t online<\/h2>\n<p>\u039f \u03b1\u03c0\u03cc\u03bb\u03c5\u03c4\u03bf\u03c2 \u03c0\u03c1\u03bf\u03bf\u03c1\u03b9\u03c3\u03bc\u03cc\u03c2 \u03b3\u03b9\u03b1 \u03bd\u03b1 \u03b1\u03bd\u03b1\u03ba\u03b1\u03bb\u03cd\u03c8\u03b5\u03c4\u03b5 \u03c4\u03b7 \u03c3\u03ba\u03cc\u03bd\u03b7 4-AcO-DPT: Narcomeds.com<\/p>\n<p>\u0396\u03ae\u03c3\u03c4\u03b5 \u03c4\u03b7\u03bd \u03ac\u03bd\u03b5\u03c3\u03b7 \u03c4\u03b7\u03c2 \u03b1\u03b3\u03bf\u03c1\u03ac\u03c2 <a href=\"https:\/\/rckopen.com\/el\/\u03c0\u03c1\u03bf\u03ca\u03cc\u03bd\/4-aco-dpt\/\">4-AcO-DPT<\/a> \u0396\u03ae\u03c3\u03c4\u03b5 \u03c4\u03b7\u03bd \u03ac\u03bd\u03b5\u03c3\u03b7 \u03c4\u03b7\u03c2 \u03b1\u03b3\u03bf\u03c1\u03ac\u03c2 \u03c3\u03ba\u03cc\u03bd\u03b7\u03c2 4-AcO-DPT \u03c3\u03c4\u03bf Narcomeds.com! \u039c\u03b5 \u03bc\u03b9\u03b1 \u03b1\u03c0\u03bb\u03ae \u03ba\u03b1\u03b9 \u03b1\u03c3\u03c6\u03b1\u03bb\u03ae \u03b4\u03b9\u03b1\u03b4\u03b9\u03ba\u03b1\u03c3\u03af\u03b1 \u03c0\u03b1\u03c1\u03b1\u03b3\u03b3\u03b5\u03bb\u03af\u03b1\u03c2, \u03bc\u03c0\u03bf\u03c1\u03b5\u03af\u03c4\u03b5 \u03bd\u03b1 \u03b1\u03b3\u03bf\u03c1\u03ac\u03c3\u03b5\u03c4\u03b5 \u03c3\u03ba\u03cc\u03bd\u03b7 4-AcO-DPT \u03c7\u03c9\u03c1\u03af\u03c2 \u03ba\u03b1\u03bc\u03af\u03b1 \u03c4\u03b1\u03bb\u03b1\u03b9\u03c0\u03c9\u03c1\u03af\u03b1. \u039c\u03ad\u03c3\u03c9 \u03c4\u03bf\u03c5 \u03c6\u03b9\u03bb\u03b9\u03ba\u03bf\u03cd \u03c0\u03c1\u03bf\u03c2 \u03c4\u03bf\u03bd \u03c7\u03c1\u03ae\u03c3\u03c4\u03b7 \u03b9\u03c3\u03c4\u03cc\u03c4\u03bf\u03c0\u03bf\u03cd \u03bc\u03b1\u03c2, \u03bc\u03c0\u03bf\u03c1\u03b5\u03af\u03c4\u03b5 \u03b5\u03cd\u03ba\u03bf\u03bb\u03b1 \u03bd\u03b1 \u03b2\u03c1\u03b5\u03af\u03c4\u03b5 \u03ba\u03b1\u03b9 \u03bd\u03b1 \u03c0\u03b1\u03c1\u03b1\u03b3\u03b3\u03b5\u03af\u03bb\u03b5\u03c4\u03b5 \u03c4\u03bf \u03c0\u03c1\u03bf\u03ca\u03cc\u03bd \u03c0\u03bf\u03c5 \u03b8\u03ad\u03bb\u03b5\u03c4\u03b5. \u0395\u03af\u03c4\u03b5 \u03b5\u03af\u03c3\u03c4\u03b5 \u03b5\u03c1\u03b5\u03c5\u03bd\u03b7\u03c4\u03ae\u03c2 \u03b5\u03af\u03c4\u03b5 \u03bb\u03ac\u03c4\u03c1\u03b7\u03c2, \u03b5\u03af\u03bc\u03b1\u03c3\u03c4\u03b5 \u03b5\u03b4\u03ce \u03b3\u03b9\u03b1 \u03b5\u03c3\u03ac\u03c2. \u03a0\u03b5\u03af\u03c4\u03b5 \u03b1\u03bd\u03c4\u03af\u03bf \u03c3\u03c4\u03bf \u03ac\u03b3\u03c7\u03bf\u03c2 \u03c4\u03b7\u03c2 \u03b1\u03bd\u03b1\u03b6\u03ae\u03c4\u03b7\u03c3\u03b7\u03c2 \u03c3\u03ba\u03cc\u03bd\u03b7\u03c2 4-AcO-DPT \u03ba\u03b1\u03b9 \u03b3\u03b5\u03b9\u03b1 \u03c3\u03c4\u03b7\u03bd \u03b5\u03c5\u03ba\u03bf\u03bb\u03af\u03b1 \u03c3\u03c4\u03bf Narcomeds.com. \u03a0\u03b1\u03c1\u03b1\u03b3\u03b3\u03b5\u03af\u03bb\u03c4\u03b5 \u03c4\u03ce\u03c1\u03b1 \u03ba\u03b1\u03b9 \u03b6\u03ae\u03c3\u03c4\u03b5 \u03c4\u03b7\u03bd \u03ac\u03bd\u03b5\u03c3\u03b7 \u03c4\u03b7\u03c2 \u03b1\u03b3\u03bf\u03c1\u03ac\u03c2 \u03c3\u03ba\u03cc\u03bd\u03b7\u03c2 4-AcO-DPT \u03ba\u03bf\u03c1\u03c5\u03c6\u03b1\u03af\u03b1\u03c2 \u03c0\u03bf\u03b9\u03cc\u03c4\u03b7\u03c4\u03b1\u03c2 online!<\/p>\n<p>\u039c\u03ad\u03bb\u03b9\u03c3\u03c3\u03b1 <a href=\"https:\/\/rckopen.com\/el\/\">RCKopen<\/a> \u03c0\u03c1\u03bf\u03c3\u03c6\u03ad\u03c1\u03bf\u03c5\u03bc\u03b5 \u03bc\u03b9\u03b1 \u03b1\u03c0\u03c1\u03cc\u03c3\u03ba\u03bf\u03c0\u03c4\u03b7 \u03b4\u03b9\u03b1\u03b4\u03b9\u03ba\u03c4\u03c5\u03b1\u03ba\u03ae \u03c0\u03bb\u03b1\u03c4\u03c6\u03cc\u03c1\u03bc\u03b1 \u03c0\u03bf\u03c5 \u03c3\u03b1\u03c2 \u03b5\u03c0\u03b9\u03c4\u03c1\u03ad\u03c0\u03b5\u03b9 <a href=\"https:\/\/en.wikipedia.org\/wiki\/4-AcO-DPT\">4-AcO-DPT<\/a>- \u03c3\u03ba\u03cc\u03bd\u03b7 \u03c0\u03bf\u03c5 \u03bc\u03c0\u03bf\u03c1\u03b5\u03af\u03c4\u03b5 \u03bd\u03b1 \u03b1\u03b3\u03bf\u03c1\u03ac\u03c3\u03b5\u03c4\u03b5. \u0397 \u03c6\u03b9\u03bb\u03b9\u03ba\u03ae \u03c0\u03c1\u03bf\u03c2 \u03c4\u03bf\u03bd \u03c7\u03c1\u03ae\u03c3\u03c4\u03b7 \u03b4\u03b9\u03b5\u03c0\u03b1\u03c6\u03ae \u03bc\u03b1\u03c2 \u03b5\u03be\u03b1\u03c3\u03c6\u03b1\u03bb\u03af\u03b6\u03b5\u03b9 \u03bc\u03b9\u03b1 \u03bf\u03bc\u03b1\u03bb\u03ae \u03b5\u03bc\u03c0\u03b5\u03b9\u03c1\u03af\u03b1 \u03b1\u03b3\u03bf\u03c1\u03ce\u03bd \u03b5\u03af\u03c4\u03b5 \u03b5\u03af\u03c3\u03c4\u03b5 \u03b1\u03b3\u03bf\u03c1\u03b1\u03c3\u03c4\u03ae\u03c2 \u03b3\u03b9\u03b1 \u03c0\u03c1\u03ce\u03c4\u03b7 \u03c6\u03bf\u03c1\u03ac \u03b5\u03af\u03c4\u03b5 \u03c0\u03b5\u03bb\u03ac\u03c4\u03b7\u03c2 \u03c0\u03bf\u03c5 \u03b5\u03c0\u03b9\u03c3\u03c4\u03c1\u03ad\u03c6\u03b5\u03c4\u03b5.<\/p>\n<p>\u039f \u03c4\u03ad\u03bb\u03b5\u03b9\u03bf\u03c2 \u03c3\u03c5\u03bd\u03b4\u03c5\u03b1\u03c3\u03bc\u03cc\u03c2 \u03c0\u03bf\u03b9\u03cc\u03c4\u03b7\u03c4\u03b1\u03c2 \u03ba\u03b1\u03b9 \u03ac\u03bd\u03b5\u03c3\u03b7\u03c2<br \/>\n\u03a0\u03bf\u03cd \u03bc\u03c0\u03bf\u03c1\u03b5\u03af\u03c4\u03b5 \u03bd\u03b1 \u03b1\u03b3\u03bf\u03c1\u03ac\u03c3\u03b5\u03c4\u03b5 \u03c3\u03ba\u03cc\u03bd\u03b7 4-AcO-DPT \u03c5\u03c8\u03b7\u03bb\u03ae\u03c2 \u03c0\u03bf\u03b9\u03cc\u03c4\u03b7\u03c4\u03b1\u03c2; \u039c\u03b7\u03bd \u03c8\u03ac\u03c7\u03bd\u03b5\u03c4\u03b5 \u03ac\u03bb\u03bb\u03bf. \u03a4\u03bf Narcomeds.com \u03c0\u03c1\u03bf\u03c3\u03c6\u03ad\u03c1\u03b5\u03b9 \u03c5\u03c8\u03b7\u03bb\u03ae\u03c2 \u03c0\u03bf\u03b9\u03cc\u03c4\u03b7\u03c4\u03b1\u03c2 \u03c0\u03bf\u03cd\u03b4\u03c1\u03b1 4-AcO-DPT \u03c0\u03bf\u03c5 \u03c0\u03bb\u03b7\u03c1\u03bf\u03af \u03b1\u03c5\u03c3\u03c4\u03b7\u03c1\u03ac \u03c0\u03c1\u03cc\u03c4\u03c5\u03c0\u03b1 \u03c0\u03bf\u03b9\u03cc\u03c4\u03b7\u03c4\u03b1\u03c2. \u039c\u03b5 \u03bb\u03af\u03b3\u03b1 \u03bc\u03cc\u03bd\u03bf \u03ba\u03bb\u03b9\u03ba, \u03bc\u03c0\u03bf\u03c1\u03b5\u03af\u03c4\u03b5 \u03bd\u03b1 \u03c0\u03b1\u03c1\u03b1\u03bb\u03ac\u03b2\u03b5\u03c4\u03b5 \u03c4\u03bf \u03b5\u03c0\u03b9\u03b8\u03c5\u03bc\u03b7\u03c4\u03cc \u03c0\u03c1\u03bf\u03ca\u03cc\u03bd \u03c3\u03c4\u03b7\u03bd \u03c0\u03cc\u03c1\u03c4\u03b1 \u03c3\u03b1\u03c2.<\/p>\n<h3>\u0392\u03c1\u03b5\u03af\u03c4\u03b5 \u03c0\u03bf\u03cd\u03b4\u03c1\u03b1 4-AcO-DPT \u03c0\u03c1\u03bf\u03c2 \u03c0\u03ce\u03bb\u03b7\u03c3\u03b7<\/h3>\n<p>\u03a8\u03ac\u03c7\u03bd\u03b5\u03c4\u03b5 \u03b3\u03b9\u03b1 \u03c0\u03bf\u03cd\u03b4\u03c1\u03b1 4-AcO-DPT \u03c0\u03c1\u03bf\u03c2 \u03c0\u03ce\u03bb\u03b7\u03c3\u03b7; \u0397 \u03b1\u03bd\u03b1\u03b6\u03ae\u03c4\u03b7\u03c3\u03ae \u03c3\u03b1\u03c2 \u03c4\u03b5\u03bb\u03b5\u03b9\u03ce\u03bd\u03b5\u03b9 \u03b5\u03b4\u03ce. \u03a4\u03bf Narcomeds.com \u03b5\u03af\u03bd\u03b1\u03b9 \u03bf \u03c0\u03c1\u03bf\u03bf\u03c1\u03b9\u03c3\u03bc\u03cc\u03c2 \u03c3\u03b1\u03c2 \u03b3\u03b9\u03b1 \u03b1\u03c5\u03b8\u03b5\u03bd\u03c4\u03b9\u03ba\u03ac \u03c0\u03c1\u03bf\u03ca\u03cc\u03bd\u03c4\u03b1 \u03c3\u03b5 \u03b1\u03bd\u03c4\u03b1\u03b3\u03c9\u03bd\u03b9\u03c3\u03c4\u03b9\u03ba\u03ad\u03c2 \u03c4\u03b9\u03bc\u03ad\u03c2. \u0394\u03af\u03bd\u03bf\u03c5\u03bc\u03b5 \u03c0\u03c1\u03bf\u03c4\u03b5\u03c1\u03b1\u03b9\u03cc\u03c4\u03b7\u03c4\u03b1 \u03c3\u03c4\u03b7\u03bd \u03b9\u03ba\u03b1\u03bd\u03bf\u03c0\u03bf\u03af\u03b7\u03c3\u03b7 \u03c4\u03c9\u03bd \u03c0\u03b5\u03bb\u03b1\u03c4\u03ce\u03bd \u03ba\u03b1\u03b9 \u03c0\u03c1\u03bf\u03c3\u03c0\u03b1\u03b8\u03bf\u03cd\u03bc\u03b5 \u03bd\u03b1 \u03c0\u03b1\u03c1\u03ad\u03c7\u03bf\u03c5\u03bc\u03b5 \u03c4\u03b7\u03bd \u03ba\u03b1\u03bb\u03cd\u03c4\u03b5\u03c1\u03b7 \u03c3\u03c7\u03ad\u03c3\u03b7 \u03c0\u03bf\u03b9\u03cc\u03c4\u03b7\u03c4\u03b1\u03c2\/\u03c4\u03b9\u03bc\u03ae\u03c2.<\/p>\n<p>\u0391\u03c0\u03c1\u03cc\u03c3\u03ba\u03bf\u03c0\u03c4\u03b7 \u03b4\u03b9\u03b1\u03b4\u03b9\u03ba\u03b1\u03c3\u03af\u03b1 \u03c0\u03b1\u03c1\u03b1\u03b3\u03b3\u03b5\u03bb\u03af\u03b1\u03c2<br \/>\n\u0395\u03af\u03c3\u03c4\u03b5 \u03ad\u03c4\u03bf\u03b9\u03bc\u03bf\u03b9 \u03bd\u03b1 \u03c0\u03b1\u03c1\u03b1\u03b3\u03b3\u03b5\u03af\u03bb\u03b5\u03c4\u03b5 \u03c3\u03ba\u03cc\u03bd\u03b7 4-AcO-DPT; \u0397 \u03be\u03b5\u03ba\u03ac\u03b8\u03b1\u03c1\u03b7 \u03b4\u03b9\u03b1\u03b4\u03b9\u03ba\u03b1\u03c3\u03af\u03b1 \u03c0\u03b1\u03c1\u03b1\u03b3\u03b3\u03b5\u03bb\u03af\u03b1\u03c2 \u03bc\u03b1\u03c2 \u03c4\u03b7\u03bd \u03ba\u03b1\u03b8\u03b9\u03c3\u03c4\u03ac \u03b3\u03c1\u03ae\u03b3\u03bf\u03c1\u03b7 \u03ba\u03b1\u03b9 \u03b5\u03cd\u03ba\u03bf\u03bb\u03b7. \u03a0\u03b5\u03c1\u03b9\u03b7\u03b3\u03b7\u03b8\u03b5\u03af\u03c4\u03b5 \u03c3\u03c4\u03b7 \u03bc\u03b5\u03b3\u03ac\u03bb\u03b7 \u03b3\u03ba\u03ac\u03bc\u03b1 \u03bc\u03b1\u03c2, \u03c0\u03c1\u03bf\u03c3\u03b8\u03ad\u03c3\u03c4\u03b5 \u03c4\u03b1 \u03c0\u03c1\u03bf\u03ca\u03cc\u03bd\u03c4\u03b1 \u03c0\u03bf\u03c5 \u03b5\u03c0\u03b9\u03b8\u03c5\u03bc\u03b5\u03af\u03c4\u03b5 \u03c3\u03c4\u03bf \u03ba\u03b1\u03bb\u03ac\u03b8\u03b9 \u03c3\u03b1\u03c2 \u03ba\u03b1\u03b9 \u03c0\u03c1\u03bf\u03c7\u03c9\u03c1\u03ae\u03c3\u03c4\u03b5 \u03c3\u03c4\u03bf \u03c4\u03b1\u03bc\u03b5\u03af\u03bf. \u039c\u03b5 \u03b1\u03c3\u03c6\u03b1\u03bb\u03b5\u03af\u03c2 \u03b5\u03c0\u03b9\u03bb\u03bf\u03b3\u03ad\u03c2 \u03c0\u03bb\u03b7\u03c1\u03c9\u03bc\u03ae\u03c2 \u03ba\u03b1\u03b9 \u03b4\u03b9\u03b1\u03ba\u03c1\u03b9\u03c4\u03b9\u03ba\u03ae \u03c3\u03c5\u03c3\u03ba\u03b5\u03c5\u03b1\u03c3\u03af\u03b1, \u03c4\u03bf \u03b1\u03c0\u03cc\u03c1\u03c1\u03b7\u03c4\u03cc \u03c3\u03b1\u03c2 \u03b5\u03af\u03bd\u03b1\u03b9 \u03b7 \u03c0\u03c1\u03bf\u03c4\u03b5\u03c1\u03b1\u03b9\u03cc\u03c4\u03b7\u03c4\u03ac \u03bc\u03b1\u03c2.<\/p>\n<p>\u039d\u03cc\u03bc\u03b9\u03bc\u03b7 \u03ba\u03b1\u03b9 \u03b1\u03be\u03b9\u03cc\u03c0\u03b9\u03c3\u03c4\u03b7 \u03c0\u03b7\u03b3\u03ae<br \/>\nU kunt er zeker van zijn dat wanneer u 4-AcO-DPT-poeder legaal bij Narcomeds.com koopt, u te maken heeft met een legitieme en betrouwbare bron. We houden ons aan alle wettelijke voorschriften en garanderen onze klanten een veilige en conforme winkelervaring.<\/p>\n<h3>\u03a4\u03bf \u03b1\u03be\u03b9\u03cc\u03c0\u03b9\u03c3\u03c4\u03bf \u03ba\u03b1\u03c4\u03ac\u03c3\u03c4\u03b7\u03bc\u03b1 \u03c0\u03bf\u03cd\u03b4\u03c1\u03b1\u03c2 4-AcO-DPT<\/h3>\n<p>\u03a4\u03bf Narcomeds.com \u03b5\u03af\u03bd\u03b1\u03b9 \u03c4\u03bf \u03b5\u03bd\u03b9\u03b1\u03af\u03bf \u03ba\u03b1\u03c4\u03ac\u03c3\u03c4\u03b7\u03bc\u03b1 \u03c0\u03bf\u03cd\u03b4\u03c1\u03b1\u03c2 4-AcO-DPT. \u0395\u03af\u03c4\u03b5 \u03c3\u03c4\u03b7 \u0393\u03b5\u03c1\u03bc\u03b1\u03bd\u03af\u03b1 \u03b5\u03af\u03c4\u03b5 \u03b1\u03bb\u03bb\u03bf\u03cd, \u03c0\u03c1\u03bf\u03c3\u03c6\u03ad\u03c1\u03bf\u03c5\u03bc\u03b5 \u03b1\u03c0\u03bf\u03c3\u03c4\u03bf\u03bb\u03ae \u03c3\u03b5 \u03cc\u03bb\u03bf \u03c4\u03bf\u03bd \u03ba\u03cc\u03c3\u03bc\u03bf \u03b3\u03b9\u03b1 \u03c4\u03b7\u03bd \u03b5\u03be\u03c5\u03c0\u03b7\u03c1\u03ad\u03c4\u03b7\u03c3\u03ae \u03c3\u03b1\u03c2. \u0396\u03ae\u03c3\u03c4\u03b5 \u03c4\u03b7\u03bd \u03b5\u03c5\u03ba\u03bf\u03bb\u03af\u03b1 \u03c4\u03c9\u03bd \u03b7\u03bb\u03b5\u03ba\u03c4\u03c1\u03bf\u03bd\u03b9\u03ba\u03ce\u03bd \u03b1\u03b3\u03bf\u03c1\u03ce\u03bd \u03bc\u03b5 \u03c4\u03b7\u03bd \u03b1\u03be\u03b9\u03bf\u03c0\u03b9\u03c3\u03c4\u03af\u03b1 \u03b5\u03bd\u03cc\u03c2 \u03b1\u03be\u03b9\u03cc\u03c0\u03b9\u03c3\u03c4\u03bf\u03c5 \u03c0\u03c1\u03bf\u03bc\u03b7\u03b8\u03b5\u03c5\u03c4\u03ae.<\/p>\n<h3>\u0395\u03c5\u03ba\u03bf\u03bb\u03af\u03b1 \u03c7\u03c9\u03c1\u03af\u03c2 \u03c3\u03c5\u03bc\u03b2\u03b9\u03b2\u03b1\u03c3\u03bc\u03bf\u03cd\u03c2<\/h3>\n<p>\u039e\u03b5\u03c7\u03ac\u03c3\u03c4\u03b5 \u03c4\u03b7\u03bd \u03c4\u03b1\u03bb\u03b1\u03b9\u03c0\u03c9\u03c1\u03af\u03b1 \u03bd\u03b1 \u03c0\u03ac\u03c1\u03b5\u03c4\u03b5 \u03bc\u03b9\u03b1 \u03c3\u03c5\u03bd\u03c4\u03b1\u03b3\u03ae \u03cc\u03c4\u03b1\u03bd \u03b1\u03b3\u03bf\u03c1\u03ac\u03b6\u03b5\u03c4\u03b5 \u03c3\u03ba\u03cc\u03bd\u03b7 4-AcO-DPT \u03c7\u03c9\u03c1\u03af\u03c2 \u03c3\u03c5\u03bd\u03c4\u03b1\u03b3\u03ae \u03b1\u03c0\u03cc \u03c4\u03bf Narcomeds.com. \u0394\u03af\u03bd\u03bf\u03c5\u03bc\u03b5 \u03c0\u03c1\u03bf\u03c4\u03b5\u03c1\u03b1\u03b9\u03cc\u03c4\u03b7\u03c4\u03b1 \u03c3\u03c4\u03b7\u03bd \u03c0\u03c1\u03bf\u03c3\u03b2\u03b1\u03c3\u03b9\u03bc\u03cc\u03c4\u03b7\u03c4\u03b1 \u03ba\u03b1\u03b9 \u03c4\u03b7\u03bd \u03b5\u03c5\u03ba\u03bf\u03bb\u03af\u03b1, \u03ce\u03c3\u03c4\u03b5 \u03bd\u03b1 \u03ad\u03c7\u03b5\u03c4\u03b5 \u03c0\u03c1\u03cc\u03c3\u03b2\u03b1\u03c3\u03b7 \u03c3\u03c4\u03b1 \u03c0\u03c1\u03bf\u03ca\u03cc\u03bd\u03c4\u03b1 \u03c0\u03bf\u03c5 \u03c7\u03c1\u03b5\u03b9\u03ac\u03b6\u03b5\u03c3\u03c4\u03b5 \u03c7\u03c9\u03c1\u03af\u03c2 \u03c0\u03b5\u03c1\u03b9\u03c4\u03c4\u03ac \u03b5\u03bc\u03c0\u03cc\u03b4\u03b9\u03b1.<\/p>\n<p>\u0396\u03ae\u03c3\u03c4\u03b5 \u03c4\u03b7\u03bd \u03ac\u03bd\u03b5\u03c3\u03b7 \u03ba\u03b1\u03b9 \u03c4\u03b7\u03bd \u03c0\u03bf\u03b9\u03cc\u03c4\u03b7\u03c4\u03b1 \u03c3\u03c4\u03bf RcKopen.com<br \/>\n\u039c\u03b5 \u03c4\u03bf Rckopen.com, \u03b7 \u03b1\u03b3\u03bf\u03c1\u03ac \u03c3\u03ba\u03cc\u03bd\u03b7\u03c2 4-AcO-DPT \u03b4\u03b5\u03bd \u03ae\u03c4\u03b1\u03bd \u03c0\u03bf\u03c4\u03ad \u03c0\u03b9\u03bf \u03b5\u03cd\u03ba\u03bf\u03bb\u03b7. \u0391\u03bd\u03b1\u03ba\u03b1\u03bb\u03cd\u03c8\u03c4\u03b5 \u03c4\u03b7 \u03bc\u03b5\u03b3\u03ac\u03bb\u03b7 \u03c0\u03bf\u03b9\u03ba\u03b9\u03bb\u03af\u03b1 \u03bc\u03b1\u03c2, \u03ba\u03ac\u03bd\u03c4\u03b5 \u03c4\u03b7\u03bd \u03c0\u03b1\u03c1\u03b1\u03b3\u03b3\u03b5\u03bb\u03af\u03b1 \u03c3\u03b1\u03c2 \u03bc\u03b5 \u03c3\u03b9\u03b3\u03bf\u03c5\u03c1\u03b9\u03ac \u03ba\u03b1\u03b9 \u03b1\u03c0\u03bf\u03bb\u03b1\u03cd\u03c3\u03c4\u03b5 \u03b4\u03b9\u03b1\u03ba\u03c1\u03b9\u03c4\u03b9\u03ba\u03ae \u03b1\u03c0\u03bf\u03c3\u03c4\u03bf\u03bb\u03ae \u03c3\u03c4\u03b7\u03bd \u03c0\u03cc\u03c1\u03c4\u03b1 \u03c3\u03b1\u03c2. \u0395\u03bc\u03c0\u03b9\u03c3\u03c4\u03b5\u03c5\u03c4\u03b5\u03af\u03c4\u03b5 \u03c4\u03bf Rckopen.com \u03b3\u03b9\u03b1 \u03cc\u03bb\u03b5\u03c2 \u03c4\u03b9\u03c2 \u03b1\u03bd\u03ac\u03b3\u03ba\u03b5\u03c2 \u03c3\u03b1\u03c2 \u03c3\u03b5 \u03c3\u03ba\u03cc\u03bd\u03b7 4-AcO-DPT \u03ba\u03b1\u03b9 \u03b1\u03c0\u03bf\u03bb\u03b1\u03cd\u03c3\u03c4\u03b5 \u03c4\u03b7\u03bd \u03b5\u03c5\u03ba\u03bf\u03bb\u03af\u03b1 \u03c7\u03c9\u03c1\u03af\u03c2 \u03c3\u03c5\u03bc\u03b2\u03b9\u03b2\u03b1\u03c3\u03bc\u03bf\u03cd\u03c2.<\/p>","protected":false},"excerpt":{"rendered":"<p><strong>IUPAC-Name: <\/strong>[3-[2-(\u03b4\u03b9\u03c0\u03c1\u03bf\u03c0\u03c5\u03bb\u03b1\u03bc\u03b9\u03bd\u03bf)\u03b1\u03b9\u03b8\u03c5\u03bb]-1\u0397-\u03b9\u03bd\u03b4\u03bf\u03bb-4-\u03c5\u03bb] \u03bf\u03be\u03b9\u03ba\u03cc\u03c2 \u03b5\u03c3\u03c4\u03ad\u03c1\u03b1\u03c2<\/p>\n<p><strong>CAS # <\/strong>1445751-75-6<\/p>\n<p><strong>\u0386\u03bb\u03bb\u03bf \u03cc\u03bd\u03bf\u03bc\u03b1: <\/strong>4-\u0391\u03ba\u03b5\u03c4\u03bf\u03be\u03c5-N,N-\u03b4\u03b9\u03c0\u03c1\u03bf\u03c0\u03c5\u03bb\u03bf\u03c4\u03c1\u03c5\u03c0\u03c4\u03b1\u03bc\u03af\u03bd\u03b7<\/p>\n<p><strong>\u039c\u03bf\u03c1\u03c6\u03ae: <\/strong>\u03c6\u03bf\u03c5\u03bc\u03b1\u03c1\u03b9\u03ba\u03cc<\/p>\n<p><strong>\u0391\u03bd\u03ac\u03bb\u03c5\u03c3\u03b7 NMR: <\/strong>C18H26N2O2<\/p>","protected":false},"featured_media":7658,"comment_status":"open","ping_status":"closed","template":"","meta":{"_joinchat":[]},"product_brand":[],"product_cat":[149],"product_tag":[],"class_list":{"0":"post-6800","1":"product","2":"type-product","3":"status-publish","4":"has-post-thumbnail","6":"product_cat-tryptaminen","8":"first","9":"instock","10":"shipping-taxable","11":"purchasable","12":"product-type-variable"},"yoast_head":"<!-- This site is optimized with the Yoast SEO plugin v26.3 - https:\/\/yoast.com\/wordpress\/plugins\/seo\/ -->\n<title>4-Aco-Dpt online kopen - 4-Aco-Dpt online | RC Kopen<\/title>\n<meta name=\"description\" content=\"Onze RC kopen online winkel heeft hoogwaardige 4-Aco-Dpt te koop. Bent u bereid om 4-Aco-Dpt online kopen, laat het ons dan weten. Wij zullen uw wensen binnenkort invullen!\" \/>\n<meta name=\"robots\" content=\"index, follow, max-snippet:-1, max-image-preview:large, max-video-preview:-1\" \/>\n<link rel=\"canonical\" href=\"https:\/\/rckopen.com\/el\/\u03c0\u03c1\u03bf\u03ca\u03cc\u03bd\/4-aco-dpt\/\" \/>\n<meta property=\"og:locale\" content=\"el_GR\" \/>\n<meta property=\"og:type\" content=\"article\" \/>\n<meta property=\"og:title\" content=\"4-Aco-Dpt online kopen - 4-Aco-Dpt online | RC Kopen\" \/>\n<meta property=\"og:description\" content=\"Onze RC kopen online winkel heeft hoogwaardige 4-Aco-Dpt te koop. Bent u bereid om 4-Aco-Dpt online kopen, laat het ons dan weten. Wij zullen uw wensen binnenkort invullen!\" \/>\n<meta property=\"og:url\" content=\"https:\/\/rckopen.com\/el\/\u03c0\u03c1\u03bf\u03ca\u03cc\u03bd\/4-aco-dpt\/\" \/>\n<meta property=\"og:site_name\" content=\"RC Kopen\" \/>\n<meta property=\"article:modified_time\" content=\"2025-01-31T04:47:50+00:00\" \/>\n<meta property=\"og:image\" content=\"https:\/\/rckopen.com\/wp-content\/uploads\/2023\/08\/4-ACO-DPT-1.jpg\" \/>\n\t<meta property=\"og:image:width\" content=\"600\" \/>\n\t<meta property=\"og:image:height\" content=\"600\" \/>\n\t<meta property=\"og:image:type\" content=\"image\/jpeg\" \/>\n<meta name=\"twitter:card\" content=\"summary_large_image\" \/>\n<meta name=\"twitter:label1\" content=\"\u0395\u03ba\u03c4\u03b9\u03bc\u03ce\u03bc\u03b5\u03bd\u03bf\u03c2 \u03c7\u03c1\u03cc\u03bd\u03bf\u03c2 \u03b1\u03bd\u03ac\u03b3\u03bd\u03c9\u03c3\u03b7\u03c2\" \/>\n\t<meta name=\"twitter:data1\" content=\"3 \u03bb\u03b5\u03c0\u03c4\u03ac\" \/>\n<script type=\"application\/ld+json\" class=\"yoast-schema-graph\">{\"@context\":\"https:\/\/schema.org\",\"@graph\":[{\"@type\":\"WebPage\",\"@id\":\"https:\/\/rckopen.com\/product\/4-aco-dpt\/\",\"url\":\"https:\/\/rckopen.com\/product\/4-aco-dpt\/\",\"name\":\"4-Aco-Dpt online kopen - 4-Aco-Dpt online | RC Kopen\",\"isPartOf\":{\"@id\":\"https:\/\/rckopen.com\/#website\"},\"primaryImageOfPage\":{\"@id\":\"https:\/\/rckopen.com\/product\/4-aco-dpt\/#primaryimage\"},\"image\":{\"@id\":\"https:\/\/rckopen.com\/product\/4-aco-dpt\/#primaryimage\"},\"thumbnailUrl\":\"https:\/\/rckopen.com\/wp-content\/uploads\/2023\/08\/4-ACO-DPT-1.jpg\",\"datePublished\":\"2023-08-17T11:50:21+00:00\",\"dateModified\":\"2025-01-31T04:47:50+00:00\",\"description\":\"Onze RC kopen online winkel heeft hoogwaardige 4-Aco-Dpt te koop. Bent u bereid om 4-Aco-Dpt online kopen, laat het ons dan weten. Wij zullen uw wensen binnenkort invullen!\",\"breadcrumb\":{\"@id\":\"https:\/\/rckopen.com\/product\/4-aco-dpt\/#breadcrumb\"},\"inLanguage\":\"el\",\"potentialAction\":[{\"@type\":\"ReadAction\",\"target\":[\"https:\/\/rckopen.com\/product\/4-aco-dpt\/\"]}]},{\"@type\":\"ImageObject\",\"inLanguage\":\"el\",\"@id\":\"https:\/\/rckopen.com\/product\/4-aco-dpt\/#primaryimage\",\"url\":\"https:\/\/rckopen.com\/wp-content\/uploads\/2023\/08\/4-ACO-DPT-1.jpg\",\"contentUrl\":\"https:\/\/rckopen.com\/wp-content\/uploads\/2023\/08\/4-ACO-DPT-1.jpg\",\"width\":600,\"height\":600,\"caption\":\"4-ACO-DPT online kopen\"},{\"@type\":\"BreadcrumbList\",\"@id\":\"https:\/\/rckopen.com\/product\/4-aco-dpt\/#breadcrumb\",\"itemListElement\":[{\"@type\":\"ListItem\",\"position\":1,\"name\":\"Home\",\"item\":\"https:\/\/rckopen.com\/\"},{\"@type\":\"ListItem\",\"position\":2,\"name\":\"Shop\",\"item\":\"https:\/\/rckopen.com\/shop\/\"},{\"@type\":\"ListItem\",\"position\":3,\"name\":\"4-ACO-DPT online kopen\"}]},{\"@type\":\"WebSite\",\"@id\":\"https:\/\/rckopen.com\/#website\",\"url\":\"https:\/\/rckopen.com\/\",\"name\":\"RC Kopen\",\"description\":\"Research Chemicals\",\"potentialAction\":[{\"@type\":\"SearchAction\",\"target\":{\"@type\":\"EntryPoint\",\"urlTemplate\":\"https:\/\/rckopen.com\/?s={search_term_string}\"},\"query-input\":{\"@type\":\"PropertyValueSpecification\",\"valueRequired\":true,\"valueName\":\"search_term_string\"}}],\"inLanguage\":\"el\"}]}<\/script>\n<!-- \/ Yoast SEO plugin. -->","yoast_head_json":{"title":"4-Aco-Dpt online kopen - 4-Aco-Dpt online | RC Kopen","description":"Onze RC kopen online winkel heeft hoogwaardige 4-Aco-Dpt te koop. Bent u bereid om 4-Aco-Dpt online kopen, laat het ons dan weten. Wij zullen uw wensen binnenkort invullen!","robots":{"index":"index","follow":"follow","max-snippet":"max-snippet:-1","max-image-preview":"max-image-preview:large","max-video-preview":"max-video-preview:-1"},"canonical":"https:\/\/rckopen.com\/el\/\u03c0\u03c1\u03bf\u03ca\u03cc\u03bd\/4-aco-dpt\/","og_locale":"el_GR","og_type":"article","og_title":"4-Aco-Dpt online kopen - 4-Aco-Dpt online | RC Kopen","og_description":"Onze RC kopen online winkel heeft hoogwaardige 4-Aco-Dpt te koop. Bent u bereid om 4-Aco-Dpt online kopen, laat het ons dan weten. Wij zullen uw wensen binnenkort invullen!","og_url":"https:\/\/rckopen.com\/el\/\u03c0\u03c1\u03bf\u03ca\u03cc\u03bd\/4-aco-dpt\/","og_site_name":"RC Kopen","article_modified_time":"2025-01-31T04:47:50+00:00","og_image":[{"width":600,"height":600,"url":"https:\/\/rckopen.com\/wp-content\/uploads\/2023\/08\/4-ACO-DPT-1.jpg","type":"image\/jpeg"}],"twitter_card":"summary_large_image","twitter_misc":{"\u0395\u03ba\u03c4\u03b9\u03bc\u03ce\u03bc\u03b5\u03bd\u03bf\u03c2 \u03c7\u03c1\u03cc\u03bd\u03bf\u03c2 \u03b1\u03bd\u03ac\u03b3\u03bd\u03c9\u03c3\u03b7\u03c2":"3 \u03bb\u03b5\u03c0\u03c4\u03ac"},"schema":{"@context":"https:\/\/schema.org","@graph":[{"@type":"WebPage","@id":"https:\/\/rckopen.com\/product\/4-aco-dpt\/","url":"https:\/\/rckopen.com\/product\/4-aco-dpt\/","name":"4-Aco-Dpt online kopen - 4-Aco-Dpt online | RC Kopen","isPartOf":{"@id":"https:\/\/rckopen.com\/#website"},"primaryImageOfPage":{"@id":"https:\/\/rckopen.com\/product\/4-aco-dpt\/#primaryimage"},"image":{"@id":"https:\/\/rckopen.com\/product\/4-aco-dpt\/#primaryimage"},"thumbnailUrl":"https:\/\/rckopen.com\/wp-content\/uploads\/2023\/08\/4-ACO-DPT-1.jpg","datePublished":"2023-08-17T11:50:21+00:00","dateModified":"2025-01-31T04:47:50+00:00","description":"Onze RC kopen online winkel heeft hoogwaardige 4-Aco-Dpt te koop. Bent u bereid om 4-Aco-Dpt online kopen, laat het ons dan weten. Wij zullen uw wensen binnenkort invullen!","breadcrumb":{"@id":"https:\/\/rckopen.com\/product\/4-aco-dpt\/#breadcrumb"},"inLanguage":"el","potentialAction":[{"@type":"ReadAction","target":["https:\/\/rckopen.com\/product\/4-aco-dpt\/"]}]},{"@type":"ImageObject","inLanguage":"el","@id":"https:\/\/rckopen.com\/product\/4-aco-dpt\/#primaryimage","url":"https:\/\/rckopen.com\/wp-content\/uploads\/2023\/08\/4-ACO-DPT-1.jpg","contentUrl":"https:\/\/rckopen.com\/wp-content\/uploads\/2023\/08\/4-ACO-DPT-1.jpg","width":600,"height":600,"caption":"4-ACO-DPT online kopen"},{"@type":"BreadcrumbList","@id":"https:\/\/rckopen.com\/product\/4-aco-dpt\/#breadcrumb","itemListElement":[{"@type":"ListItem","position":1,"name":"Home","item":"https:\/\/rckopen.com\/"},{"@type":"ListItem","position":2,"name":"Shop","item":"https:\/\/rckopen.com\/shop\/"},{"@type":"ListItem","position":3,"name":"4-ACO-DPT online kopen"}]},{"@type":"WebSite","@id":"https:\/\/rckopen.com\/#website","url":"https:\/\/rckopen.com\/","name":"RC Kopen","description":"Research Chemicals","potentialAction":[{"@type":"SearchAction","target":{"@type":"EntryPoint","urlTemplate":"https:\/\/rckopen.com\/?s={search_term_string}"},"query-input":{"@type":"PropertyValueSpecification","valueRequired":true,"valueName":"search_term_string"}}],"inLanguage":"el"}]}},"_links":{"self":[{"href":"https:\/\/rckopen.com\/el\/wp-json\/wp\/v2\/product\/6800","targetHints":{"allow":["GET"]}}],"collection":[{"href":"https:\/\/rckopen.com\/el\/wp-json\/wp\/v2\/product"}],"about":[{"href":"https:\/\/rckopen.com\/el\/wp-json\/wp\/v2\/types\/product"}],"replies":[{"embeddable":true,"href":"https:\/\/rckopen.com\/el\/wp-json\/wp\/v2\/comments?post=6800"}],"wp:featuredmedia":[{"embeddable":true,"href":"https:\/\/rckopen.com\/el\/wp-json\/wp\/v2\/media\/7658"}],"wp:attachment":[{"href":"https:\/\/rckopen.com\/el\/wp-json\/wp\/v2\/media?parent=6800"}],"wp:term":[{"taxonomy":"product_brand","embeddable":true,"href":"https:\/\/rckopen.com\/el\/wp-json\/wp\/v2\/product_brand?post=6800"},{"taxonomy":"product_cat","embeddable":true,"href":"https:\/\/rckopen.com\/el\/wp-json\/wp\/v2\/product_cat?post=6800"},{"taxonomy":"product_tag","embeddable":true,"href":"https:\/\/rckopen.com\/el\/wp-json\/wp\/v2\/product_tag?post=6800"}],"curies":[{"name":"wp","href":"https:\/\/api.w.org\/{rel}","templated":true}]}}