{"id":6803,"date":"2023-08-17T11:54:31","date_gmt":"2023-08-17T11:54:31","guid":{"rendered":"https:\/\/diligentplug.com\/chems\/?post_type=product&#038;p=6803"},"modified":"2025-01-31T04:53:51","modified_gmt":"2025-01-31T04:53:51","slug":"koop-4-aco-met","status":"publish","type":"product","link":"https:\/\/rckopen.com\/el\/\u03c0\u03c1\u03bf\u03ca\u03cc\u03bd\/koop-4-aco-met\/","title":{"rendered":"\u5728\u7ebf\u8d2d\u4e70 4-ACO-MET"},"content":{"rendered":"<h2>Rckopen.com: Belangrijkste redenen voor Trusted 4-ACO-MET online kopen winkel<\/h2>\n<p>\u039c\u03ad\u03bb\u03b9\u03c3\u03c3\u03b1 <a href=\"https:\/\/rckopen.com\/el\/\">RCKopen<\/a> \u03c0\u03c1\u03bf\u03c3\u03c6\u03ad\u03c1\u03bf\u03c5\u03bc\u03b5 \u03c4\u03b7\u03bd \u03ba\u03b1\u03bb\u03cd\u03c4\u03b5\u03c1\u03b7 \u03c4\u03b9\u03bc\u03ae \u03b3\u03b9\u03b1 <a href=\"https:\/\/rckopen.com\/el\/\u03c0\u03c1\u03bf\u03ca\u03cc\u03bd\/koop-4-aco-met\/\">4-ACO-MET<\/a>, \u03b5\u03be\u03b1\u03c3\u03c6\u03b1\u03bb\u03af\u03b6\u03bf\u03bd\u03c4\u03b1\u03c2 \u03c0\u03c1\u03bf\u03c3\u03b9\u03c4\u03ad\u03c2 \u03c4\u03b9\u03bc\u03ad\u03c2 \u03ba\u03b1\u03b9 \u03c0\u03bf\u03b9\u03cc\u03c4\u03b7\u03c4\u03b1 \u03b3\u03b9\u03b1 \u03c4\u03bf\u03c5\u03c2 \u03c0\u03b5\u03bb\u03ac\u03c4\u03b5\u03c2 \u03bc\u03b1\u03c2. \u0397 \u03b4\u03b9\u03b1\u03b4\u03b9\u03ba\u03c4\u03c5\u03b1\u03ba\u03ae \u03bc\u03b1\u03c2 \u03c0\u03bb\u03b1\u03c4\u03c6\u03cc\u03c1\u03bc\u03b1 \u03c0\u03c1\u03bf\u03c3\u03c6\u03ad\u03c1\u03b5\u03b9 \u03ad\u03bd\u03b1\u03bd \u03b2\u03bf\u03bb\u03b9\u03ba\u03cc \u03ba\u03b1\u03b9 \u03b1\u03c3\u03c6\u03b1\u03bb\u03ae \u03c4\u03c1\u03cc\u03c0\u03bf \u03b1\u03b3\u03bf\u03c1\u03ac\u03c2 \u03b1\u03c5\u03c4\u03ae\u03c2 \u03c4\u03b7\u03c2 \u03b5\u03c1\u03b5\u03c5\u03bd\u03b7\u03c4\u03b9\u03ba\u03ae\u03c2 \u03bf\u03c5\u03c3\u03af\u03b1\u03c2, \u03ce\u03c3\u03c4\u03b5 \u03bd\u03b1 \u03bc\u03c0\u03bf\u03c1\u03b5\u03af\u03c4\u03b5 \u03bd\u03b1 \u03b5\u03be\u03b5\u03c1\u03b5\u03c5\u03bd\u03ae\u03c3\u03b5\u03c4\u03b5 \u03c4\u03b9\u03c2 \u03b9\u03b4\u03b9\u03cc\u03c4\u03b7\u03c4\u03b5\u03c2 \u03ba\u03b1\u03b9 \u03c4\u03b1 \u03bf\u03c6\u03ad\u03bb\u03b7 \u03c4\u03b7\u03c2 \u03b1\u03c0\u03cc \u03c4\u03b7\u03bd \u03ac\u03bd\u03b5\u03c3\u03b7 \u03c4\u03bf\u03c5 \u03c3\u03c0\u03b9\u03c4\u03b9\u03bf\u03cd \u03c3\u03b1\u03c2.<\/p>\n<p>\u03a0\u03bf\u03cd \u03bc\u03c0\u03bf\u03c1\u03b5\u03af\u03c4\u03b5 \u03bd\u03b1 \u03b1\u03b3\u03bf\u03c1\u03ac\u03c3\u03b5\u03c4\u03b5 \u03c4\u03bf 4-ACO-MET online; \u0391\u03bd\u03b1\u03c1\u03c9\u03c4\u03b9\u03ad\u03c3\u03b1\u03b9 \u03c0\u03bf\u03c5 \u03b5\u03af\u03c3\u03b1\u03b9 <a href=\"https:\/\/en.wikipedia.org\/wiki\/4-AcO-MET\">4-ACO-MET<\/a> lehet v\u00e1s\u00e1rolni? Ne keressen tov\u00e1bb, mint az Rckopen.com. B\u00fcszk\u00e9k vagyunk arra, hogy a kutat\u00e1si vegyi anyagok j\u00f3 h\u00edr\u0171 forr\u00e1sai vagyunk, \u00e9s az \u00d6n ig\u00e9nyeinek megfelel\u0151 term\u00e9kek sz\u00e9les v\u00e1laszt\u00e9k\u00e1t k\u00edn\u00e1ljuk. K\u00f6nnyen haszn\u00e1lhat\u00f3 weboldalunknak \u00e9s megb\u00edzhat\u00f3 sz\u00e1ll\u00edt\u00e1sunknak k\u00f6sz\u00f6nhet\u0151en minden, a vegyi anyagokkal kapcsolatos kutat\u00e1si ig\u00e9ny\u00e9ben megb\u00edzhat r\u00e1nk.<\/p>\n<h3>4-ACO-MET \u03c0\u03c1\u03bf\u03c2 \u03c0\u03ce\u03bb\u03b7\u03c3\u03b7: \u03a8\u03ac\u03c7\u03bd\u03b5\u03c4\u03b5 \u03b3\u03b9\u03b1 4-ACO-MET \u03c0\u03c1\u03bf\u03c2 \u03c0\u03ce\u03bb\u03b7\u03c3\u03b7;<\/h3>\n<p>\u03a4\u03bf Rckopen.com \u03c3\u03b1\u03c2 \u03ba\u03b1\u03bb\u03cd\u03c0\u03c4\u03b5\u03b9. \u03a4\u03bf \u03ba\u03b1\u03c4\u03ac\u03c3\u03c4\u03b7\u03bc\u03ac \u03bc\u03b1\u03c2 \u03c0\u03c1\u03bf\u03c3\u03c6\u03ad\u03c1\u03b5\u03b9 \u03b1\u03c5\u03c4\u03ae \u03c4\u03b7\u03bd \u03ad\u03bd\u03c9\u03c3\u03b7, \u03b3\u03bd\u03c9\u03c3\u03c4\u03ae \u03b3\u03b9\u03b1 \u03c4\u03b9\u03c2 \u03c8\u03c5\u03c7\u03b5\u03b4\u03b5\u03bb\u03b9\u03ba\u03ad\u03c2 \u03c4\u03b7\u03c2 \u03b9\u03b4\u03b9\u03cc\u03c4\u03b7\u03c4\u03b5\u03c2, \u03c3\u03b5 \u03b1\u03bd\u03c4\u03b1\u03b3\u03c9\u03bd\u03b9\u03c3\u03c4\u03b9\u03ba\u03ad\u03c2 \u03c4\u03b9\u03bc\u03ad\u03c2. \u0395\u03af\u03c4\u03b5 \u03b5\u03af\u03c3\u03c4\u03b5 \u03b5\u03c1\u03b5\u03c5\u03bd\u03b7\u03c4\u03ae\u03c2 \u03b5\u03af\u03c4\u03b5 \u03b5\u03bd\u03b8\u03bf\u03c5\u03c3\u03b9\u03ce\u03b4\u03b7\u03c2, \u03bc\u03c0\u03bf\u03c1\u03b5\u03af\u03c4\u03b5 \u03bd\u03b1 \u03bc\u03b1\u03c2 \u03b5\u03bc\u03c0\u03b9\u03c3\u03c4\u03b5\u03c5\u03c4\u03b5\u03af\u03c4\u03b5 \u03c4\u03b7\u03bd \u03c0\u03b1\u03c1\u03ac\u03b4\u03bf\u03c3\u03b7 \u03b1\u03c5\u03b8\u03b5\u03bd\u03c4\u03b9\u03ba\u03ce\u03bd \u03c0\u03c1\u03bf\u03ca\u03cc\u03bd\u03c4\u03c9\u03bd \u03c0\u03bf\u03c5 \u03b1\u03bd\u03c4\u03b1\u03c0\u03bf\u03ba\u03c1\u03af\u03bd\u03bf\u03bd\u03c4\u03b1\u03b9 \u03c3\u03c4\u03b9\u03c2 \u03c0\u03c1\u03bf\u03c3\u03b4\u03bf\u03ba\u03af\u03b5\u03c2 \u03c3\u03b1\u03c2.<\/p>\n<p>\u03a0\u03b1\u03c1\u03b1\u03b3\u03b3\u03b5\u03bb\u03af\u03b1 4-ACO-MET: \u0395\u03af\u03c3\u03c4\u03b5 \u03ad\u03c4\u03bf\u03b9\u03bc\u03bf\u03b9 \u03bd\u03b1 \u03ba\u03ac\u03bd\u03b5\u03c4\u03b5 \u03c4\u03b7\u03bd \u03c0\u03b1\u03c1\u03b1\u03b3\u03b3\u03b5\u03bb\u03af\u03b1 \u03c3\u03b1\u03c2; \u03a4\u03bf Rckopen.com \u03b4\u03b9\u03b5\u03c5\u03ba\u03bf\u03bb\u03cd\u03bd\u03b5\u03b9 \u03c4\u03b7\u03bd \u03b1\u03b3\u03bf\u03c1\u03ac 4-ACO-MET \u03bd\u03cc\u03bc\u03b9\u03bc\u03b1 \u03ba\u03b1\u03b9 \u03bc\u03b5 \u03b1\u03c3\u03c6\u03ac\u03bb\u03b5\u03b9\u03b1. \u03a0\u03b5\u03c1\u03b9\u03b7\u03b3\u03b7\u03b8\u03b5\u03af\u03c4\u03b5 \u03c3\u03c4\u03b7\u03bd \u03b9\u03c3\u03c4\u03bf\u03c3\u03b5\u03bb\u03af\u03b4\u03b1 \u03bc\u03b1\u03c2, \u03b5\u03c0\u03b9\u03bb\u03ad\u03be\u03c4\u03b5 \u03c4\u03b7\u03bd \u03c0\u03bf\u03c3\u03cc\u03c4\u03b7\u03c4\u03b1 \u03c0\u03bf\u03c5 \u03b8\u03ad\u03bb\u03b5\u03c4\u03b5 \u03ba\u03b1\u03b9 \u03c0\u03c1\u03bf\u03c7\u03c9\u03c1\u03ae\u03c3\u03c4\u03b5 \u03c3\u03c4\u03bf \u03c4\u03b1\u03bc\u03b5\u03af\u03bf. \u03a7\u03ac\u03c1\u03b7 \u03c3\u03c4\u03b7\u03bd \u03b1\u03c0\u03bb\u03bf\u03c0\u03bf\u03b9\u03b7\u03bc\u03ad\u03bd\u03b7 \u03b4\u03b9\u03b1\u03b4\u03b9\u03ba\u03b1\u03c3\u03af\u03b1 \u03c0\u03b1\u03c1\u03b1\u03b3\u03b3\u03b5\u03bb\u03b9\u03ce\u03bd \u03ba\u03b1\u03b9 \u03c4\u03b7 \u03b4\u03b9\u03b1\u03ba\u03c1\u03b9\u03c4\u03b9\u03ba\u03ae \u03bc\u03b1\u03c2 \u03c3\u03c5\u03c3\u03ba\u03b5\u03c5\u03b1\u03c3\u03af\u03b1, \u03b8\u03b1 \u03bb\u03ac\u03b2\u03b5\u03c4\u03b5 \u03c4\u03bf \u03c0\u03c1\u03bf\u03ca\u03cc\u03bd \u03c3\u03b1\u03c2 \u03b3\u03c1\u03ae\u03b3\u03bf\u03c1\u03b1 \u03ba\u03b1\u03b9 \u03bc\u03b5 \u03b7\u03c1\u03b5\u03bc\u03af\u03b1.<\/p>\n<p>\u0391\u03b3\u03bf\u03c1\u03ac\u03c3\u03c4\u03b5 4-ACO-MET Online \u039d\u03bf\u03bc\u03b9\u03ba\u03ac: \u039a\u03b1\u03c4\u03b1\u03bd\u03bf\u03bf\u03cd\u03bc\u03b5 \u03c4\u03b7 \u03c3\u03b7\u03bc\u03b1\u03c3\u03af\u03b1 \u03c4\u03b7\u03c2 \u03bd\u03bf\u03bc\u03b9\u03bc\u03cc\u03c4\u03b7\u03c4\u03b1\u03c2 \u03ba\u03b1\u03b9 \u03c4\u03b7\u03c2 \u03c3\u03c5\u03bc\u03bc\u03cc\u03c1\u03c6\u03c9\u03c3\u03b7\u03c2 \u03ba\u03b1\u03c4\u03ac \u03c4\u03b7\u03bd \u03b1\u03b3\u03bf\u03c1\u03ac \u03c7\u03b7\u03bc\u03b9\u03ba\u03ce\u03bd \u03bf\u03c5\u03c3\u03b9\u03ce\u03bd \u03b3\u03b9\u03b1 \u03ad\u03c1\u03b5\u03c5\u03bd\u03b1. \u0395\u03c0\u03bf\u03bc\u03ad\u03bd\u03c9\u03c2, \u03c4\u03bf Rckopen.com \u03b4\u03b9\u03b1\u03c3\u03c6\u03b1\u03bb\u03af\u03b6\u03b5\u03b9 \u03cc\u03c4\u03b9 \u03cc\u03bb\u03b5\u03c2 \u03bf\u03b9 \u03c3\u03c5\u03bd\u03b1\u03bb\u03bb\u03b1\u03b3\u03ad\u03c2 \u03c0\u03c1\u03b1\u03b3\u03bc\u03b1\u03c4\u03bf\u03c0\u03bf\u03b9\u03bf\u03cd\u03bd\u03c4\u03b1\u03b9 \u03c3\u03cd\u03bc\u03c6\u03c9\u03bd\u03b1 \u03bc\u03b5 \u03c4\u03bf\u03c5\u03c2 \u03b9\u03c3\u03c7\u03cd\u03bf\u03bd\u03c4\u03b5\u03c2 \u03bd\u03cc\u03bc\u03bf\u03c5\u03c2 \u03ba\u03b1\u03b9 \u03ba\u03b1\u03bd\u03bf\u03bd\u03b9\u03c3\u03bc\u03bf\u03cd\u03c2. \u038c\u03c4\u03b1\u03bd \u03b1\u03b3\u03bf\u03c1\u03ac\u03b6\u03b5\u03c4\u03b5 4-ACO-MET \u03b1\u03c0\u03cc \u03b5\u03bc\u03ac\u03c2, \u03bc\u03c0\u03bf\u03c1\u03b5\u03af\u03c4\u03b5 \u03bd\u03b1 \u03b5\u03af\u03c3\u03c4\u03b5 \u03c3\u03af\u03b3\u03bf\u03c5\u03c1\u03bf\u03b9 \u03cc\u03c4\u03b9 \u03c4\u03bf \u03b1\u03c0\u03bf\u03ba\u03c4\u03ac\u03c4\u03b5 \u03bc\u03b5 \u03bd\u03cc\u03bc\u03b9\u03bc\u03bf \u03ba\u03b1\u03b9 \u03c5\u03c0\u03b5\u03cd\u03b8\u03c5\u03bd\u03bf \u03c4\u03c1\u03cc\u03c0\u03bf.<\/p>\n<p>\u039a\u03b1\u03c4\u03ac\u03c3\u03c4\u03b7\u03bc\u03b1 4-ACO-MET: \u03a9\u03c2 \u03c4\u03bf \u03b1\u03be\u03b9\u03cc\u03c0\u03b9\u03c3\u03c4\u03bf \u03ba\u03b1\u03c4\u03ac\u03c3\u03c4\u03b7\u03bc\u03ac \u03c3\u03b1\u03c2 4-ACO-MET, \u03b2\u03ac\u03b6\u03bf\u03c5\u03bc\u03b5 \u03c0\u03ac\u03bd\u03c9 \u03b1\u03c0\u03cc \u03cc\u03bb\u03b1 \u03c4\u03b7\u03bd \u03b9\u03ba\u03b1\u03bd\u03bf\u03c0\u03bf\u03af\u03b7\u03c3\u03b7 \u03c4\u03c9\u03bd \u03c0\u03b5\u03bb\u03b1\u03c4\u03ce\u03bd \u03bc\u03b1\u03c2 \u03ba\u03b1\u03b9 \u03c4\u03b7\u03bd \u03c0\u03bf\u03b9\u03cc\u03c4\u03b7\u03c4\u03b1 \u03c4\u03c9\u03bd \u03c0\u03c1\u03bf\u03ca\u03cc\u03bd\u03c4\u03c9\u03bd \u03bc\u03b1\u03c2. \u0397 \u03b4\u03ad\u03c3\u03bc\u03b5\u03c5\u03c3\u03ae \u03bc\u03b1\u03c2 \u03b3\u03b9\u03b1 \u03c4\u03b7\u03bd \u03b1\u03c1\u03b9\u03c3\u03c4\u03b5\u03af\u03b1 \u03bc\u03b1\u03c2 \u03bf\u03b4\u03b7\u03b3\u03b5\u03af \u03bd\u03b1 \u03c0\u03c1\u03bf\u03bc\u03b7\u03b8\u03b5\u03cd\u03bf\u03c5\u03bc\u03b5 \u03c4\u03b1 \u03c7\u03b7\u03bc\u03b9\u03ba\u03ac \u03bc\u03b1\u03c2 \u03b1\u03c0\u03cc \u03b1\u03be\u03b9\u03cc\u03c0\u03b9\u03c3\u03c4\u03bf\u03c5\u03c2 \u03c0\u03c1\u03bf\u03bc\u03b7\u03b8\u03b5\u03c5\u03c4\u03ad\u03c2 \u03ba\u03b1\u03b9 \u03bd\u03b1 \u03b4\u03b9\u03b1\u03c4\u03b7\u03c1\u03bf\u03cd\u03bc\u03b5 \u03b1\u03c5\u03c3\u03c4\u03b7\u03c1\u03ac \u03c0\u03c1\u03cc\u03c4\u03c5\u03c0\u03b1 \u03c0\u03bf\u03b9\u03bf\u03c4\u03b9\u03ba\u03bf\u03cd \u03b5\u03bb\u03ad\u03b3\u03c7\u03bf\u03c5. \u038c\u03c4\u03b1\u03bd \u03c8\u03c9\u03bd\u03af\u03b6\u03b5\u03c4\u03b5 \u03b1\u03c0\u03cc \u03b5\u03bc\u03ac\u03c2, \u03bc\u03c0\u03bf\u03c1\u03b5\u03af\u03c4\u03b5 \u03bd\u03b1 \u03b5\u03af\u03c3\u03c4\u03b5 \u03c3\u03af\u03b3\u03bf\u03c5\u03c1\u03bf\u03b9 \u03cc\u03c4\u03b9 \u03c0\u03b1\u03af\u03c1\u03bd\u03b5\u03c4\u03b5 \u03bc\u03cc\u03bd\u03bf \u03c4\u03bf \u03ba\u03b1\u03bb\u03cd\u03c4\u03b5\u03c1\u03bf.<\/p>\n<h3>\u0391\u03bd\u03b1\u03ba\u03b1\u03bb\u03cd\u03c8\u03c4\u03b5 \u03c4\u03b7\u03bd \u03c0\u03c1\u03bf\u03c3\u03c6\u03bf\u03c1\u03ac \u03bc\u03b1\u03c2: \u03a0\u03b1\u03c1\u03b1\u03b3\u03b3\u03b5\u03af\u03bb\u03b5\u03c4\u03b5 \u03b5\u03c0\u03af\u03c3\u03b7\u03c2 4-ACO-MET \u03b1\u03c0\u03cc<\/h3>\n<p>\u03a4\u03bf Rckopen.com \u03c0\u03c1\u03bf\u03c3\u03c6\u03ad\u03c1\u03b5\u03b9 \u03ad\u03bd\u03b1 \u03b5\u03c5\u03c1\u03cd \u03c6\u03ac\u03c3\u03bc\u03b1 \u03b5\u03c1\u03b5\u03c5\u03bd\u03b7\u03c4\u03b9\u03ba\u03ce\u03bd \u03c7\u03b7\u03bc\u03b9\u03ba\u03ce\u03bd \u03c0\u03c1\u03bf\u03c2 \u03c0\u03ce\u03bb\u03b7\u03c3\u03b7. \u0395\u03af\u03c4\u03b5 \u03b5\u03bd\u03b4\u03b9\u03b1\u03c6\u03ad\u03c1\u03b5\u03c3\u03c4\u03b5 \u03b3\u03b9\u03b1 \u03c8\u03c5\u03c7\u03b5\u03b4\u03b5\u03bb\u03b9\u03ba\u03ac, \u03b4\u03b9\u03b5\u03b3\u03b5\u03c1\u03c4\u03b9\u03ba\u03ac \u03ae \u03bd\u03bf\u03bf\u03c4\u03c1\u03bf\u03c0\u03b9\u03ba\u03ac, \u03c4\u03bf \u03ba\u03b1\u03c4\u03ac\u03c3\u03c4\u03b7\u03bc\u03ac \u03bc\u03b1\u03c2 \u03ad\u03c7\u03b5\u03b9 \u03ba\u03ac\u03c4\u03b9 \u03b3\u03b9\u03b1 \u03cc\u03bb\u03bf\u03c5\u03c2. \u0395\u03be\u03b5\u03c1\u03b5\u03c5\u03bd\u03ae\u03c3\u03c4\u03b5 \u03c4\u03b7\u03bd \u03c0\u03c1\u03bf\u03c3\u03c6\u03bf\u03c1\u03ac \u03bc\u03b1\u03c2 \u03c3\u03ae\u03bc\u03b5\u03c1\u03b1 \u03ba\u03b1\u03b9 \u03b1\u03bd\u03b1\u03ba\u03b1\u03bb\u03cd\u03c8\u03c4\u03b5 \u03c0\u03c1\u03bf\u03ca\u03cc\u03bd\u03c4\u03b1 \u03c5\u03c8\u03b7\u03bb\u03ae\u03c2 \u03c0\u03bf\u03b9\u03cc\u03c4\u03b7\u03c4\u03b1\u03c2 \u03b3\u03b9\u03b1 \u03c4\u03b9\u03c2 \u03b5\u03c1\u03b5\u03c5\u03bd\u03b7\u03c4\u03b9\u03ba\u03ad\u03c2 \u03c3\u03b1\u03c2 \u03b1\u03bd\u03ac\u03b3\u03ba\u03b5\u03c2.<\/p>\n<p>\u0395\u03be\u03c5\u03c0\u03b7\u03c1\u03ad\u03c4\u03b7\u03c3\u03b7 \u03c0\u03b5\u03bb\u03b1\u03c4\u03ce\u03bd: \u0391\u03b3\u03bf\u03c1\u03ac\u03c3\u03c4\u03b5 4-ACO-MET \u03c7\u03c9\u03c1\u03af\u03c2 \u03b9\u03b1\u03c4\u03c1\u03b9\u03ba\u03ae \u03c3\u03c5\u03bd\u03c4\u03b1\u03b3\u03ae \u03c3\u03c4\u03bf Rckopen.com, \u03b4\u03af\u03bd\u03bf\u03c5\u03bc\u03b5 \u03c0\u03c1\u03bf\u03c4\u03b5\u03c1\u03b1\u03b9\u03cc\u03c4\u03b7\u03c4\u03b1 \u03c3\u03c4\u03b7\u03bd \u03b9\u03ba\u03b1\u03bd\u03bf\u03c0\u03bf\u03af\u03b7\u03c3\u03b7 \u03c4\u03c9\u03bd \u03c0\u03b5\u03bb\u03b1\u03c4\u03ce\u03bd. \u0397 \u03b1\u03c6\u03bf\u03c3\u03b9\u03c9\u03bc\u03ad\u03bd\u03b7 \u03bf\u03bc\u03ac\u03b4\u03b1 \u03b5\u03be\u03c5\u03c0\u03b7\u03c1\u03ad\u03c4\u03b7\u03c3\u03b7\u03c2 \u03c0\u03b5\u03bb\u03b1\u03c4\u03ce\u03bd \u03bc\u03b1\u03c2 \u03b5\u03af\u03bd\u03b1\u03b9 \u03ad\u03c4\u03bf\u03b9\u03bc\u03b7 \u03bd\u03b1 \u03c3\u03b1\u03c2 \u03b2\u03bf\u03b7\u03b8\u03ae\u03c3\u03b5\u03b9 \u03bc\u03b5 \u03bf\u03c0\u03bf\u03b9\u03b5\u03c3\u03b4\u03ae\u03c0\u03bf\u03c4\u03b5 \u03b5\u03c1\u03c9\u03c4\u03ae\u03c3\u03b5\u03b9\u03c2 \u03ae \u03b1\u03bd\u03b7\u03c3\u03c5\u03c7\u03af\u03b5\u03c2 \u03ad\u03c7\u03b5\u03c4\u03b5. \u0395\u03af\u03c4\u03b5 \u03c7\u03c1\u03b5\u03b9\u03ac\u03b6\u03b5\u03c3\u03c4\u03b5 \u03b2\u03bf\u03ae\u03b8\u03b5\u03b9\u03b1 \u03b3\u03b9\u03b1 \u03c4\u03b7\u03bd \u03c0\u03b1\u03c1\u03b1\u03b3\u03b3\u03b5\u03bb\u03af\u03b1 \u03c3\u03b1\u03c2 \u03b5\u03af\u03c4\u03b5 \u03c7\u03c1\u03b5\u03b9\u03ac\u03b6\u03b5\u03c3\u03c4\u03b5 \u03b2\u03bf\u03ae\u03b8\u03b5\u03b9\u03b1 \u03bc\u03b5\u03c4\u03ac \u03c4\u03b7\u03bd \u03b1\u03b3\u03bf\u03c1\u03ac \u03c3\u03b1\u03c2, \u03b5\u03af\u03bc\u03b1\u03c3\u03c4\u03b5 \u03b5\u03b4\u03ce \u03b3\u03b9\u03b1 \u03bd\u03b1 \u03c3\u03b1\u03c2 \u03b2\u03bf\u03b7\u03b8\u03ae\u03c3\u03bf\u03c5\u03bc\u03b5. \u0395\u03c0\u03b9\u03ba\u03bf\u03b9\u03bd\u03c9\u03bd\u03ae\u03c3\u03c4\u03b5 \u03bc\u03b1\u03b6\u03af \u03bc\u03b1\u03c2 \u03bf\u03c0\u03bf\u03b9\u03b1\u03b4\u03ae\u03c0\u03bf\u03c4\u03b5 \u03c3\u03c4\u03b9\u03b3\u03bc\u03ae \u03b3\u03b9\u03b1 \u03b3\u03c1\u03ae\u03b3\u03bf\u03c1\u03b7 \u03ba\u03b1\u03b9 \u03b5\u03c0\u03b1\u03b3\u03b3\u03b5\u03bb\u03bc\u03b1\u03c4\u03b9\u03ba\u03ae \u03c5\u03c0\u03bf\u03c3\u03c4\u03ae\u03c1\u03b9\u03be\u03b7.<\/p>\n<p>\u0391\u03c3\u03c6\u03b1\u03bb\u03b5\u03af\u03c2 \u03b5\u03c0\u03b9\u03bb\u03bf\u03b3\u03ad\u03c2 \u03c0\u03bb\u03b7\u03c1\u03c9\u03bc\u03ae\u03c2: \u039c\u03c0\u03bf\u03c1\u03b5\u03af\u03c4\u03b5 \u03bd\u03b1 \u03b5\u03af\u03c3\u03c4\u03b5 \u03b2\u03ad\u03b2\u03b1\u03b9\u03bf\u03b9 \u03cc\u03c4\u03b9 \u03bf\u03b9 \u03b7\u03bb\u03b5\u03ba\u03c4\u03c1\u03bf\u03bd\u03b9\u03ba\u03ad\u03c2 \u03c3\u03b1\u03c2 \u03c3\u03c5\u03bd\u03b1\u03bb\u03bb\u03b1\u03b3\u03ad\u03c2 \u03b5\u03af\u03bd\u03b1\u03b9 \u03b1\u03c3\u03c6\u03b1\u03bb\u03b5\u03af\u03c2 \u03cc\u03c4\u03b1\u03bd \u03ba\u03ac\u03bd\u03b5\u03c4\u03b5 \u03b1\u03b3\u03bf\u03c1\u03ad\u03c2 \u03c3\u03c4\u03bf Rckopen.com. \u03a0\u03c1\u03bf\u03c3\u03c6\u03ad\u03c1\u03bf\u03c5\u03bc\u03b5 \u03bc\u03b9\u03b1 \u03c0\u03bf\u03b9\u03ba\u03b9\u03bb\u03af\u03b1 \u03b5\u03c0\u03b9\u03bb\u03bf\u03b3\u03ce\u03bd \u03c0\u03bb\u03b7\u03c1\u03c9\u03bc\u03ae\u03c2, \u03c3\u03c5\u03bc\u03c0\u03b5\u03c1\u03b9\u03bb\u03b1\u03bc\u03b2\u03b1\u03bd\u03bf\u03bc\u03ad\u03bd\u03c9\u03bd \u03ba\u03c1\u03c5\u03c0\u03c4\u03bf\u03b3\u03c1\u03b1\u03c6\u03b7\u03bc\u03ad\u03bd\u03c9\u03bd \u03c0\u03c5\u03bb\u03ce\u03bd \u03c0\u03bb\u03b7\u03c1\u03c9\u03bc\u03ae\u03c2, \u03b3\u03b9\u03b1 \u03c4\u03b7\u03bd \u03c0\u03c1\u03bf\u03c3\u03c4\u03b1\u03c3\u03af\u03b1 \u03c4\u03c9\u03bd \u03c0\u03c1\u03bf\u03c3\u03c9\u03c0\u03b9\u03ba\u03ce\u03bd \u03ba\u03b1\u03b9 \u03bf\u03b9\u03ba\u03bf\u03bd\u03bf\u03bc\u03b9\u03ba\u03ce\u03bd \u03c3\u03b1\u03c2 \u03c0\u03bb\u03b7\u03c1\u03bf\u03c6\u03bf\u03c1\u03b9\u03ce\u03bd. \u0391\u03b3\u03bf\u03c1\u03ac\u03c3\u03c4\u03b5 \u03bc\u03b5 \u03c3\u03b9\u03b3\u03bf\u03c5\u03c1\u03b9\u03ac \u03b3\u03bd\u03c9\u03c1\u03af\u03b6\u03bf\u03bd\u03c4\u03b1\u03c2 \u03cc\u03c4\u03b9 \u03c4\u03bf \u03b1\u03c0\u03cc\u03c1\u03c1\u03b7\u03c4\u03bf \u03ba\u03b1\u03b9 \u03b7 \u03b1\u03c3\u03c6\u03ac\u03bb\u03b5\u03b9\u03ac \u03c3\u03b1\u03c2 \u03b5\u03af\u03bd\u03b1\u03b9 \u03bf\u03b9 \u03ba\u03bf\u03c1\u03c5\u03c6\u03b1\u03af\u03b5\u03c2 \u03c0\u03c1\u03bf\u03c4\u03b5\u03c1\u03b1\u03b9\u03cc\u03c4\u03b7\u03c4\u03ad\u03c2 \u03bc\u03b1\u03c2.<\/p>","protected":false},"excerpt":{"rendered":"<p><strong>IUPAC-Name: <\/strong>3-(2-\u03b1\u03b9\u03b8\u03c5\u03bb(\u03bc\u03b5\u03b8\u03c5\u03bb)\u03b1\u03bc\u03b9\u03bd\u03bf\u03b1\u03b9\u03b8\u03c5\u03bb)-1\u0397-\u03b9\u03bd\u03b4\u03bf\u03bb-4-\u03c5\u03bb\u03bf \u03bf\u03be\u03b9\u03ba\u03cc\u03c2 \u03b5\u03c3\u03c4\u03ad\u03c1\u03b1\u03c2<\/p>\n<p><strong>CAS # <\/strong>246-87-2<\/p>\n<p><strong>\u0395\u03bc\u03c6\u03ac\u03bd\u03b9\u03c3\u03b7: <\/strong>\u03c3\u03ba\u03cc\u03bd\u03b7<\/p>\n<p><strong>\u039c\u03bf\u03c1\u03c6\u03ae: <\/strong>\u03c6\u03bf\u03c5\u03bc\u03b1\u03c1\u03b9\u03ba\u03cc<\/p>\n<p><strong>\u0391\u03bd\u03ac\u03bb\u03c5\u03c3\u03b7 NMR: <\/strong>C15H20N2O2<\/p>","protected":false},"featured_media":7662,"comment_status":"open","ping_status":"closed","template":"","meta":{"_joinchat":[]},"product_brand":[],"product_cat":[149],"product_tag":[],"class_list":{"0":"post-6803","1":"product","2":"type-product","3":"status-publish","4":"has-post-thumbnail","6":"product_cat-tryptaminen","8":"first","9":"instock","10":"shipping-taxable","11":"purchasable","12":"product-type-variable"},"yoast_head":"<!-- This site is optimized with the Yoast SEO plugin v26.3 - https:\/\/yoast.com\/wordpress\/plugins\/seo\/ -->\n<title>Koop 4-ACO-MET - 4-ACO-MET te koop - Bestel 4-ACO-MET<\/title>\n<meta name=\"description\" content=\"Bij het kopen kunt u 4-Aco-Met goedkoop kopen. Wij werken uitsluitend met A-kwaliteit producten. Koop 4-Aco-Met nu online 4-Aco-Met te koop\" \/>\n<meta name=\"robots\" content=\"index, follow, max-snippet:-1, max-image-preview:large, max-video-preview:-1\" \/>\n<link rel=\"canonical\" href=\"https:\/\/rckopen.com\/el\/\u03c0\u03c1\u03bf\u03ca\u03cc\u03bd\/koop-4-aco-met\/\" \/>\n<meta property=\"og:locale\" content=\"el_GR\" \/>\n<meta property=\"og:type\" content=\"article\" \/>\n<meta property=\"og:title\" content=\"Koop 4-ACO-MET - 4-ACO-MET te koop - Bestel 4-ACO-MET\" \/>\n<meta property=\"og:description\" content=\"Bij het kopen kunt u 4-Aco-Met goedkoop kopen. Wij werken uitsluitend met A-kwaliteit producten. Koop 4-Aco-Met nu online 4-Aco-Met te koop\" \/>\n<meta property=\"og:url\" content=\"https:\/\/rckopen.com\/el\/\u03c0\u03c1\u03bf\u03ca\u03cc\u03bd\/koop-4-aco-met\/\" \/>\n<meta property=\"og:site_name\" content=\"RC Kopen\" \/>\n<meta property=\"article:modified_time\" content=\"2025-01-31T04:53:51+00:00\" \/>\n<meta property=\"og:image\" content=\"https:\/\/rckopen.com\/wp-content\/uploads\/2023\/08\/4-ACO-MET.jpg\" \/>\n\t<meta property=\"og:image:width\" content=\"600\" \/>\n\t<meta property=\"og:image:height\" content=\"600\" \/>\n\t<meta property=\"og:image:type\" content=\"image\/jpeg\" \/>\n<meta name=\"twitter:card\" content=\"summary_large_image\" \/>\n<meta name=\"twitter:label1\" content=\"\u0395\u03ba\u03c4\u03b9\u03bc\u03ce\u03bc\u03b5\u03bd\u03bf\u03c2 \u03c7\u03c1\u03cc\u03bd\u03bf\u03c2 \u03b1\u03bd\u03ac\u03b3\u03bd\u03c9\u03c3\u03b7\u03c2\" \/>\n\t<meta name=\"twitter:data1\" content=\"3 \u03bb\u03b5\u03c0\u03c4\u03ac\" \/>\n<script type=\"application\/ld+json\" class=\"yoast-schema-graph\">{\"@context\":\"https:\/\/schema.org\",\"@graph\":[{\"@type\":\"WebPage\",\"@id\":\"https:\/\/rckopen.com\/product\/koop-4-aco-met\/\",\"url\":\"https:\/\/rckopen.com\/product\/koop-4-aco-met\/\",\"name\":\"Koop 4-ACO-MET - 4-ACO-MET te koop - Bestel 4-ACO-MET\",\"isPartOf\":{\"@id\":\"https:\/\/rckopen.com\/#website\"},\"primaryImageOfPage\":{\"@id\":\"https:\/\/rckopen.com\/product\/koop-4-aco-met\/#primaryimage\"},\"image\":{\"@id\":\"https:\/\/rckopen.com\/product\/koop-4-aco-met\/#primaryimage\"},\"thumbnailUrl\":\"https:\/\/rckopen.com\/wp-content\/uploads\/2023\/08\/4-ACO-MET.jpg\",\"datePublished\":\"2023-08-17T11:54:31+00:00\",\"dateModified\":\"2025-01-31T04:53:51+00:00\",\"description\":\"Bij het kopen kunt u 4-Aco-Met goedkoop kopen. Wij werken uitsluitend met A-kwaliteit producten. Koop 4-Aco-Met nu online 4-Aco-Met te koop\",\"breadcrumb\":{\"@id\":\"https:\/\/rckopen.com\/product\/koop-4-aco-met\/#breadcrumb\"},\"inLanguage\":\"el\",\"potentialAction\":[{\"@type\":\"ReadAction\",\"target\":[\"https:\/\/rckopen.com\/product\/koop-4-aco-met\/\"]}]},{\"@type\":\"ImageObject\",\"inLanguage\":\"el\",\"@id\":\"https:\/\/rckopen.com\/product\/koop-4-aco-met\/#primaryimage\",\"url\":\"https:\/\/rckopen.com\/wp-content\/uploads\/2023\/08\/4-ACO-MET.jpg\",\"contentUrl\":\"https:\/\/rckopen.com\/wp-content\/uploads\/2023\/08\/4-ACO-MET.jpg\",\"width\":600,\"height\":600,\"caption\":\"4-ACO-MET online kopen\"},{\"@type\":\"BreadcrumbList\",\"@id\":\"https:\/\/rckopen.com\/product\/koop-4-aco-met\/#breadcrumb\",\"itemListElement\":[{\"@type\":\"ListItem\",\"position\":1,\"name\":\"Home\",\"item\":\"https:\/\/rckopen.com\/\"},{\"@type\":\"ListItem\",\"position\":2,\"name\":\"Shop\",\"item\":\"https:\/\/rckopen.com\/shop\/\"},{\"@type\":\"ListItem\",\"position\":3,\"name\":\"4-ACO-MET online kopen\"}]},{\"@type\":\"WebSite\",\"@id\":\"https:\/\/rckopen.com\/#website\",\"url\":\"https:\/\/rckopen.com\/\",\"name\":\"RC Kopen\",\"description\":\"Research Chemicals\",\"potentialAction\":[{\"@type\":\"SearchAction\",\"target\":{\"@type\":\"EntryPoint\",\"urlTemplate\":\"https:\/\/rckopen.com\/?s={search_term_string}\"},\"query-input\":{\"@type\":\"PropertyValueSpecification\",\"valueRequired\":true,\"valueName\":\"search_term_string\"}}],\"inLanguage\":\"el\"}]}<\/script>\n<!-- \/ Yoast SEO plugin. -->","yoast_head_json":{"title":"Koop 4-ACO-MET - 4-ACO-MET te koop - Bestel 4-ACO-MET","description":"Bij het kopen kunt u 4-Aco-Met goedkoop kopen. Wij werken uitsluitend met A-kwaliteit producten. Koop 4-Aco-Met nu online 4-Aco-Met te koop","robots":{"index":"index","follow":"follow","max-snippet":"max-snippet:-1","max-image-preview":"max-image-preview:large","max-video-preview":"max-video-preview:-1"},"canonical":"https:\/\/rckopen.com\/el\/\u03c0\u03c1\u03bf\u03ca\u03cc\u03bd\/koop-4-aco-met\/","og_locale":"el_GR","og_type":"article","og_title":"Koop 4-ACO-MET - 4-ACO-MET te koop - Bestel 4-ACO-MET","og_description":"Bij het kopen kunt u 4-Aco-Met goedkoop kopen. Wij werken uitsluitend met A-kwaliteit producten. Koop 4-Aco-Met nu online 4-Aco-Met te koop","og_url":"https:\/\/rckopen.com\/el\/\u03c0\u03c1\u03bf\u03ca\u03cc\u03bd\/koop-4-aco-met\/","og_site_name":"RC Kopen","article_modified_time":"2025-01-31T04:53:51+00:00","og_image":[{"width":600,"height":600,"url":"https:\/\/rckopen.com\/wp-content\/uploads\/2023\/08\/4-ACO-MET.jpg","type":"image\/jpeg"}],"twitter_card":"summary_large_image","twitter_misc":{"\u0395\u03ba\u03c4\u03b9\u03bc\u03ce\u03bc\u03b5\u03bd\u03bf\u03c2 \u03c7\u03c1\u03cc\u03bd\u03bf\u03c2 \u03b1\u03bd\u03ac\u03b3\u03bd\u03c9\u03c3\u03b7\u03c2":"3 \u03bb\u03b5\u03c0\u03c4\u03ac"},"schema":{"@context":"https:\/\/schema.org","@graph":[{"@type":"WebPage","@id":"https:\/\/rckopen.com\/product\/koop-4-aco-met\/","url":"https:\/\/rckopen.com\/product\/koop-4-aco-met\/","name":"Koop 4-ACO-MET - 4-ACO-MET te koop - Bestel 4-ACO-MET","isPartOf":{"@id":"https:\/\/rckopen.com\/#website"},"primaryImageOfPage":{"@id":"https:\/\/rckopen.com\/product\/koop-4-aco-met\/#primaryimage"},"image":{"@id":"https:\/\/rckopen.com\/product\/koop-4-aco-met\/#primaryimage"},"thumbnailUrl":"https:\/\/rckopen.com\/wp-content\/uploads\/2023\/08\/4-ACO-MET.jpg","datePublished":"2023-08-17T11:54:31+00:00","dateModified":"2025-01-31T04:53:51+00:00","description":"Bij het kopen kunt u 4-Aco-Met goedkoop kopen. Wij werken uitsluitend met A-kwaliteit producten. Koop 4-Aco-Met nu online 4-Aco-Met te koop","breadcrumb":{"@id":"https:\/\/rckopen.com\/product\/koop-4-aco-met\/#breadcrumb"},"inLanguage":"el","potentialAction":[{"@type":"ReadAction","target":["https:\/\/rckopen.com\/product\/koop-4-aco-met\/"]}]},{"@type":"ImageObject","inLanguage":"el","@id":"https:\/\/rckopen.com\/product\/koop-4-aco-met\/#primaryimage","url":"https:\/\/rckopen.com\/wp-content\/uploads\/2023\/08\/4-ACO-MET.jpg","contentUrl":"https:\/\/rckopen.com\/wp-content\/uploads\/2023\/08\/4-ACO-MET.jpg","width":600,"height":600,"caption":"4-ACO-MET online kopen"},{"@type":"BreadcrumbList","@id":"https:\/\/rckopen.com\/product\/koop-4-aco-met\/#breadcrumb","itemListElement":[{"@type":"ListItem","position":1,"name":"Home","item":"https:\/\/rckopen.com\/"},{"@type":"ListItem","position":2,"name":"Shop","item":"https:\/\/rckopen.com\/shop\/"},{"@type":"ListItem","position":3,"name":"4-ACO-MET online kopen"}]},{"@type":"WebSite","@id":"https:\/\/rckopen.com\/#website","url":"https:\/\/rckopen.com\/","name":"RC Kopen","description":"Research Chemicals","potentialAction":[{"@type":"SearchAction","target":{"@type":"EntryPoint","urlTemplate":"https:\/\/rckopen.com\/?s={search_term_string}"},"query-input":{"@type":"PropertyValueSpecification","valueRequired":true,"valueName":"search_term_string"}}],"inLanguage":"el"}]}},"_links":{"self":[{"href":"https:\/\/rckopen.com\/el\/wp-json\/wp\/v2\/product\/6803","targetHints":{"allow":["GET"]}}],"collection":[{"href":"https:\/\/rckopen.com\/el\/wp-json\/wp\/v2\/product"}],"about":[{"href":"https:\/\/rckopen.com\/el\/wp-json\/wp\/v2\/types\/product"}],"replies":[{"embeddable":true,"href":"https:\/\/rckopen.com\/el\/wp-json\/wp\/v2\/comments?post=6803"}],"wp:featuredmedia":[{"embeddable":true,"href":"https:\/\/rckopen.com\/el\/wp-json\/wp\/v2\/media\/7662"}],"wp:attachment":[{"href":"https:\/\/rckopen.com\/el\/wp-json\/wp\/v2\/media?parent=6803"}],"wp:term":[{"taxonomy":"product_brand","embeddable":true,"href":"https:\/\/rckopen.com\/el\/wp-json\/wp\/v2\/product_brand?post=6803"},{"taxonomy":"product_cat","embeddable":true,"href":"https:\/\/rckopen.com\/el\/wp-json\/wp\/v2\/product_cat?post=6803"},{"taxonomy":"product_tag","embeddable":true,"href":"https:\/\/rckopen.com\/el\/wp-json\/wp\/v2\/product_tag?post=6803"}],"curies":[{"name":"wp","href":"https:\/\/api.w.org\/{rel}","templated":true}]}}