{"id":7771,"date":"2018-08-24T01:24:09","date_gmt":"2018-08-24T01:24:09","guid":{"rendered":"http:\/\/192.168.1.209\/greenfarm\/?page_id=13"},"modified":"2023-08-28T08:01:44","modified_gmt":"2023-08-28T08:01:44","slug":"over-ons","status":"publish","type":"page","link":"https:\/\/rckopen.com\/es\/acerca-de-nosotros\/","title":{"rendered":"Qui\u00e9nes somos"},"content":{"rendered":"<section class=\"wpb-content-wrapper\"><div class=\"vc_row wpb_row vc_row-fluid about-introduce\"><div class=\"wpb_column vc_column_container vc_col-sm-12\"><div class=\"vc_column-inner\"><div class=\"wpb_wrapper\">\n\t<div  class=\"wpb_single_image wpb_content_element vc_align_center\">\n\t\t\n\t\t<figure class=\"wpb_wrapper vc_figure\">\n\t\t\t<div class=\"vc_single_image-wrapper   vc_box_border_grey\"><\/div>\n\t\t<\/figure>\n\t<\/div>\n\n\t<div class=\"wpb_text_column wpb_content_element\" >\n\t\t<div class=\"wpb_wrapper\">\n\t\t\t<h3 style=\"text-align: justify;\">RC Kopen es una empresa registrada en Europa desde 2020.<\/h3>\n<p style=\"text-align: justify;\">RCKopen es una de las pocas empresas en l\u00ednea que suministra productos qu\u00edmicos de investigaci\u00f3n de alta pureza para la investigaci\u00f3n y el an\u00e1lisis en laboratorios individuales y\/o corporativos. Ofrecemos a nuestros clientes tanto los productos qu\u00edmicos de investigaci\u00f3n m\u00e1s demandados como los m\u00e1s raros, con una pureza de al menos 98%. Cada nuevo lote de productos pasa las pruebas de laboratorio y nos llega completo con la certificaci\u00f3n del an\u00e1lisis. De este modo, siempre sabemos que estamos suministrando a nuestros clientes productos qu\u00edmicos de una pureza excepcional.<\/p>\n<p style=\"text-align: justify;\">Gracias a nuestros esfuerzos, suministramos productos qu\u00edmicos de la m\u00e1xima calidad y pureza al precio m\u00e1s competitivo. Calidad consistente, rica experiencia en exportaci\u00f3n, bajo riesgo, servicio r\u00e1pido y corto plazo de entrega, todas estas ventajas ganan m\u00e1s y m\u00e1s clientes y alta cuota de mercado para nosotros.<\/p>\n<p style=\"text-align: justify;\">No somos la t\u00edpica empresa de compraventa. Nuestros precios son asequibles e iguales a los precios medios del mercado de productos qu\u00edmicos de investigaci\u00f3n. Comprometidos con la comodidad y satisfacci\u00f3n del cliente, siempre intentamos cumplir y superar sus expectativas y ofrecemos una amplia gama de opciones de pago y env\u00edo. Somos casi, si no el \u00fanico proveedor que garantiza el env\u00edo de paquetes a todo el mundo.<\/p>\n<p style=\"text-align: justify;\">Si surgen circunstancias inesperadas, nuestro equipo de Atenci\u00f3n al Cliente siempre le apoyar\u00e1 y encontrar\u00e1 la soluci\u00f3n m\u00e1s adecuada para cada situaci\u00f3n. Escuchamos a nuestros clientes y tenemos en cuenta todos sus comentarios y opiniones. Esto tambi\u00e9n nos ayuda a desarrollar el mercado, aportar nuevos productos y ofrecer cada vez m\u00e1s novedades a nuestros clientes.<\/p>\n<p style=\"text-align: justify;\">Hemos conseguido establecer una relaci\u00f3n a largo plazo con muchos clientes minoristas y mayoristas, cuyo n\u00famero no deja de crecer. La mayor\u00eda de las personas vuelven regularmente a nuestro sitio web porque saben que aqu\u00ed tienen una amplia gama de productos de calidad, opciones de pago flexibles, entrega r\u00e1pida y asegurada, proceso de pedido seguro y c\u00f3modo, servicio de atenci\u00f3n al cliente r\u00e1pido y eficaz. Sin embargo, \u00a1sabemos que siempre hay margen para la perfecci\u00f3n!<\/p>\n\n\t\t<\/div>\n\t<\/div>\n<div class=\"vc_empty_space\"   style=\"height: 32px\"><span class=\"vc_empty_space_inner\"><\/span><\/div><\/div><\/div><\/div><\/div><div class=\"vc_row wpb_row vc_row-fluid about-what-we-do\"><div class=\"wpb_column vc_column_container vc_col-sm-4\"><div class=\"vc_column-inner\"><div class=\"wpb_wrapper\">\n\t<div  class=\"wpb_single_image wpb_content_element vc_align_center\">\n\t\t\n\t\t<figure class=\"wpb_wrapper vc_figure\">\n\t\t\t<div class=\"vc_single_image-wrapper   vc_box_border_grey\"><\/div>\n\t\t<\/figure>\n\t<\/div>\n\n\t<div class=\"wpb_text_column wpb_content_element\" >\n\t\t<div class=\"wpb_wrapper\">\n\t\t\t<h4>\u00bfQu\u00e9 hacemos?<\/h4>\n<p>Como proveedor de confianza de productos qu\u00edmicos para investigaci\u00f3n, ofrecemos una amplia gama de compuestos de alta calidad para la investigaci\u00f3n cient\u00edfica. Nuestros productos se someten a rigurosas pruebas para garantizar su pureza y autenticidad, y respaldan la investigaci\u00f3n de vanguardia en diversos campos. Con nuestro compromiso con la integridad y la innovaci\u00f3n, somos su socio de confianza para el avance de los descubrimientos cient\u00edficos.<\/p>\n\n\t\t<\/div>\n\t<\/div>\n<\/div><\/div><\/div><div class=\"wpb_column vc_column_container vc_col-sm-4\"><div class=\"vc_column-inner\"><div class=\"wpb_wrapper\">\n\t<div  class=\"wpb_single_image wpb_content_element vc_align_center\">\n\t\t\n\t\t<figure class=\"wpb_wrapper vc_figure\">\n\t\t\t<div class=\"vc_single_image-wrapper   vc_box_border_grey\"><\/div>\n\t\t<\/figure>\n\t<\/div>\n\n\t<div class=\"wpb_text_column wpb_content_element\" >\n\t\t<div class=\"wpb_wrapper\">\n\t\t\t<h4>Nuestra misi\u00f3n<\/h4>\n<p>Nuestra misi\u00f3n como proveedores de productos qu\u00edmicos para la investigaci\u00f3n es facilitar el progreso cient\u00edfico proporcionando compuestos de calidad superior a investigadores de todo el mundo. Nos esforzamos por hacer posible la innovaci\u00f3n garantizando la autenticidad, pureza y fiabilidad de nuestros productos, lo que permite a los investigadores lograr grandes avances en diversos campos. Comprometidos con las pr\u00e1cticas \u00e9ticas y la excelencia, nos esforzamos por ser el catalizador de descubrimientos transformadores.<\/p>\n\n\t\t<\/div>\n\t<\/div>\n<\/div><\/div><\/div><div class=\"wpb_column vc_column_container vc_col-sm-4\"><div class=\"vc_column-inner\"><div class=\"wpb_wrapper\">\n\t<div  class=\"wpb_single_image wpb_content_element vc_align_center\">\n\t\t\n\t\t<figure class=\"wpb_wrapper vc_figure\">\n\t\t\t<div class=\"vc_single_image-wrapper   vc_box_border_grey\"><\/div>\n\t\t<\/figure>\n\t<\/div>\n\n\t<div class=\"wpb_text_column wpb_content_element\" >\n\t\t<div class=\"wpb_wrapper\">\n\t\t\t<h4>Historia<\/h4>\n<p>Con un legado de m\u00e1s de una d\u00e9cada, nos hemos convertido en un proveedor l\u00edder de productos qu\u00edmicos para la investigaci\u00f3n, proporcionando constantemente compuestos de \u00faltima generaci\u00f3n para la investigaci\u00f3n cient\u00edfica. Nuestra trayectoria est\u00e1 marcada por un compromiso inquebrantable con la calidad, el cumplimiento y la innovaci\u00f3n, que se traduce en asociaciones duraderas con investigadores de todo el mundo. Desde nuestros humildes comienzos hasta convertirnos en un nombre de confianza en el sector, nuestra historia es testimonio de nuestro compromiso con el avance de la investigaci\u00f3n y el conocimiento.<\/p>\n\n\t\t<\/div>\n\t<\/div>\n<\/div><\/div><\/div><\/div>\n<\/section>","protected":false},"excerpt":{"rendered":"RC Kopen is een bedrijf geregistreerd in Europa sinds 2020. RCKopen is een van de weinige online bedrijven die zeer zuivere onderzoekschemicali\u00ebn leveren voor individueel en\/of bedrijfslaboratoriumonderzoek en -analyse. Wij bieden onze klanten zowel de meest gevraagde als zeldzame onderzoekschemicali\u00ebn met een zuiverheid van minstens 98%. Elke nieuwe batch producten","protected":false},"author":1,"featured_media":0,"parent":0,"menu_order":0,"comment_status":"closed","ping_status":"closed","template":"page-templates\/about-page.php","meta":{"_joinchat":[],"footnotes":""},"class_list":["post-7771","page","type-page","status-publish","hentry"],"yoast_head":"<!-- This site is optimized with the Yoast SEO plugin v26.3 - https:\/\/yoast.com\/wordpress\/plugins\/seo\/ -->\n<title>Over ons - RC Kopen<\/title>\n<meta name=\"robots\" content=\"index, follow, max-snippet:-1, max-image-preview:large, max-video-preview:-1\" \/>\n<link rel=\"canonical\" href=\"https:\/\/rckopen.com\/es\/acerca-de-nosotros\/\" \/>\n<meta property=\"og:locale\" content=\"es_ES\" \/>\n<meta property=\"og:type\" content=\"article\" \/>\n<meta property=\"og:title\" content=\"Over ons - RC Kopen\" \/>\n<meta property=\"og:url\" content=\"https:\/\/rckopen.com\/es\/acerca-de-nosotros\/\" \/>\n<meta property=\"og:site_name\" content=\"RC Kopen\" \/>\n<meta property=\"article:modified_time\" content=\"2023-08-28T08:01:44+00:00\" \/>\n<meta name=\"twitter:card\" content=\"summary_large_image\" \/>\n<meta name=\"twitter:label1\" content=\"Tiempo de lectura\" \/>\n\t<meta name=\"twitter:data1\" content=\"3 minutos\" \/>\n<script type=\"application\/ld+json\" class=\"yoast-schema-graph\">{\"@context\":\"https:\/\/schema.org\",\"@graph\":[{\"@type\":\"WebPage\",\"@id\":\"https:\/\/rckopen.com\/over-ons\/\",\"url\":\"https:\/\/rckopen.com\/over-ons\/\",\"name\":\"Over ons - RC Kopen\",\"isPartOf\":{\"@id\":\"https:\/\/rckopen.com\/#website\"},\"datePublished\":\"2018-08-24T01:24:09+00:00\",\"dateModified\":\"2023-08-28T08:01:44+00:00\",\"breadcrumb\":{\"@id\":\"https:\/\/rckopen.com\/over-ons\/#breadcrumb\"},\"inLanguage\":\"es\",\"potentialAction\":[{\"@type\":\"ReadAction\",\"target\":[\"https:\/\/rckopen.com\/over-ons\/\"]}]},{\"@type\":\"BreadcrumbList\",\"@id\":\"https:\/\/rckopen.com\/over-ons\/#breadcrumb\",\"itemListElement\":[{\"@type\":\"ListItem\",\"position\":1,\"name\":\"Home\",\"item\":\"https:\/\/rckopen.com\/\"},{\"@type\":\"ListItem\",\"position\":2,\"name\":\"Over ons\"}]},{\"@type\":\"WebSite\",\"@id\":\"https:\/\/rckopen.com\/#website\",\"url\":\"https:\/\/rckopen.com\/\",\"name\":\"RC Kopen\",\"description\":\"Research Chemicals\",\"potentialAction\":[{\"@type\":\"SearchAction\",\"target\":{\"@type\":\"EntryPoint\",\"urlTemplate\":\"https:\/\/rckopen.com\/?s={search_term_string}\"},\"query-input\":{\"@type\":\"PropertyValueSpecification\",\"valueRequired\":true,\"valueName\":\"search_term_string\"}}],\"inLanguage\":\"es\"}]}<\/script>\n<!-- \/ Yoast SEO plugin. -->","yoast_head_json":{"title":"Over ons - RC Kopen","robots":{"index":"index","follow":"follow","max-snippet":"max-snippet:-1","max-image-preview":"max-image-preview:large","max-video-preview":"max-video-preview:-1"},"canonical":"https:\/\/rckopen.com\/es\/acerca-de-nosotros\/","og_locale":"es_ES","og_type":"article","og_title":"Over ons - RC Kopen","og_url":"https:\/\/rckopen.com\/es\/acerca-de-nosotros\/","og_site_name":"RC Kopen","article_modified_time":"2023-08-28T08:01:44+00:00","twitter_card":"summary_large_image","twitter_misc":{"Tiempo de lectura":"3 minutos"},"schema":{"@context":"https:\/\/schema.org","@graph":[{"@type":"WebPage","@id":"https:\/\/rckopen.com\/over-ons\/","url":"https:\/\/rckopen.com\/over-ons\/","name":"Over ons - RC Kopen","isPartOf":{"@id":"https:\/\/rckopen.com\/#website"},"datePublished":"2018-08-24T01:24:09+00:00","dateModified":"2023-08-28T08:01:44+00:00","breadcrumb":{"@id":"https:\/\/rckopen.com\/over-ons\/#breadcrumb"},"inLanguage":"es","potentialAction":[{"@type":"ReadAction","target":["https:\/\/rckopen.com\/over-ons\/"]}]},{"@type":"BreadcrumbList","@id":"https:\/\/rckopen.com\/over-ons\/#breadcrumb","itemListElement":[{"@type":"ListItem","position":1,"name":"Home","item":"https:\/\/rckopen.com\/"},{"@type":"ListItem","position":2,"name":"Over ons"}]},{"@type":"WebSite","@id":"https:\/\/rckopen.com\/#website","url":"https:\/\/rckopen.com\/","name":"RC Kopen","description":"Research Chemicals","potentialAction":[{"@type":"SearchAction","target":{"@type":"EntryPoint","urlTemplate":"https:\/\/rckopen.com\/?s={search_term_string}"},"query-input":{"@type":"PropertyValueSpecification","valueRequired":true,"valueName":"search_term_string"}}],"inLanguage":"es"}]}},"_links":{"self":[{"href":"https:\/\/rckopen.com\/es\/wp-json\/wp\/v2\/pages\/7771","targetHints":{"allow":["GET"]}}],"collection":[{"href":"https:\/\/rckopen.com\/es\/wp-json\/wp\/v2\/pages"}],"about":[{"href":"https:\/\/rckopen.com\/es\/wp-json\/wp\/v2\/types\/page"}],"author":[{"embeddable":true,"href":"https:\/\/rckopen.com\/es\/wp-json\/wp\/v2\/users\/1"}],"replies":[{"embeddable":true,"href":"https:\/\/rckopen.com\/es\/wp-json\/wp\/v2\/comments?post=7771"}],"version-history":[{"count":5,"href":"https:\/\/rckopen.com\/es\/wp-json\/wp\/v2\/pages\/7771\/revisions"}],"predecessor-version":[{"id":7947,"href":"https:\/\/rckopen.com\/es\/wp-json\/wp\/v2\/pages\/7771\/revisions\/7947"}],"wp:attachment":[{"href":"https:\/\/rckopen.com\/es\/wp-json\/wp\/v2\/media?parent=7771"}],"curies":[{"name":"wp","href":"https:\/\/api.w.org\/{rel}","templated":true}]}}