{"id":6229,"date":"2023-08-14T07:02:49","date_gmt":"2023-08-14T07:02:49","guid":{"rendered":"https:\/\/diligentplug.com\/chems\/?post_type=product&#038;p=6229"},"modified":"2025-02-03T06:55:14","modified_gmt":"2025-02-03T06:55:14","slug":"dmc-dimethocaine-freebase","status":"publish","type":"product","link":"https:\/\/rckopen.com\/es\/producto\/dmc-dimethocaine-freebase\/","title":{"rendered":"Comprar DMC (Dimethocaine) freebase en l\u00ednea"},"content":{"rendered":"<h2>Algemene informatie over Dimethocaine freebase online kopen<\/h2>\n<p><a href=\"https:\/\/rckopen.com\/es\/producto\/dmc-dimethocaine-freebase\/\">Comprar DMC Dimethocaine Freebase en l\u00ednea<\/a>La dimetoca\u00edna, conocida por el nombre qu\u00edmico 3-(dietilamino)-2,2-dimetil-1-propanocarboxilato, pertenece a la clase de compuestos conocidos como alcaloides trop\u00e1nicos.<a href=\"https:\/\/rckopen.com\/es\/producto\/meai\/\">.<\/a><\/p>\n<p>En cuanto a sus propiedades qu\u00edmicas, la dimetoca\u00edna suele presentarse en forma de polvo cristalino blanco. Es soluble en disolventes naturales como el metanol, pero menos soluble en agua.<a href=\"https:\/\/en.wikipedia.org\/w\/index.php?search=DMC+Dimethocaine&amp;title=Special%3ASearch&amp;ns0=1\">.<\/a><\/p>\n<p>Cuando se habla de Dimethocaine freebase, se hace referencia a la forma base pura del compuesto. Freebase se refiere a un producto qu\u00edmico de investigaci\u00f3n o combinaci\u00f3n en su forma b\u00e1sica sin sales u otros aditivos.<\/p>\n<p>En el caso de la dimetoca\u00edna, la forma de base libre suele tener una mayor potencia y suele utilizarse con fines recreativos. Puede vaporizarse o disolverse en un disolvente en otra forma de investigaci\u00f3n.<\/p>\n<h3>Composici\u00f3n qu\u00edmica de Dimethocaine freebase<\/h3>\n<p>La composici\u00f3n qu\u00edmica de <a href=\"https:\/\/en.wikipedia.org\/wiki\/DMC\">Dimethocaine<\/a> La base libre, tambi\u00e9n conocida como dimetoca\u00edna, se puede representar mediante la f\u00f3rmula molecular: C16H26N2O2. Los n\u00fameros despu\u00e9s de cada s\u00edmbolo de elemento indican la cantidad de \u00e1tomos de ese elemento presente en una mol\u00e9cula de base libre de dimetoca\u00edna.<\/p>\n<p>Por lo tanto, la base libre de Dimethocaine consta de diecis\u00e9is \u00e1tomos de carbono (C16), veintis\u00e9is \u00e1tomos de hidr\u00f3geno (H26), dos \u00e1tomos de nitr\u00f3geno (N2) y dos \u00e1tomos de ox\u00edgeno (O2).<\/p>\n<p>Es importante se\u00f1alar que la composici\u00f3n qu\u00edmica descrita aqu\u00ed representa la f\u00f3rmula emp\u00edrica, que da la proporci\u00f3n m\u00e1s simple de \u00e1tomos en el compuesto. La f\u00f3rmula emp\u00edrica no representa la disposici\u00f3n estructural de estos \u00e1tomos ni el patr\u00f3n de enlace espec\u00edfico.<\/p>\n<h3>Base libre de dimetoca\u00edna de alta calidad.<\/h3>\n<p><a href=\"https:\/\/rckopen.com\/es\/\">rckopen.com<\/a> tiene muchos a\u00f1os de experiencia en la industria del dise\u00f1o de productos qu\u00edmicos de investigaci\u00f3n, lo que nos permite garantizar la m\u00e1s alta calidad de estos productos qu\u00edmicos de investigaci\u00f3n. Comprar productos qu\u00edmicos de base libre de dimetoca\u00edna es f\u00e1cil y de m\u00e1xima calidad. El costo de la base libre de dimetoca\u00edna es relativamente bajo en comparaci\u00f3n con otras empresas. Los productos qu\u00edmicos de investigaci\u00f3n, incluida la base libre de dimetoca\u00edna, cumplen con todos los requisitos de seguridad. Los productos qu\u00edmicos de investigaci\u00f3n se distribuyen y almacenan con cuidado en un lugar fresco y seco. Todos los productos se controlan peri\u00f3dicamente para comprobar su calidad, pureza y seguridad. Nuestra base libre de dimetoca\u00edna es solo para fines de investigaci\u00f3n. Nuestros productos tienen un precio justo y usted puede comprar productos qu\u00edmicos de base libre de dimetoca\u00edna en l\u00ednea a precios muy econ\u00f3micos.<\/p>\n<h3>Producto qu\u00edmico de base libre de Dimethocaine probado en laboratorio con resultados.<\/h3>\n<p>Avanza de nuevo hacia la satisfacci\u00f3n global de sus clientes. Varias encuestas han demostrado que los clientes solicitan tantos datos como se espera antes de comprar productos qu\u00edmicos sint\u00e9ticos de investigaci\u00f3n. Adem\u00e1s, publicamos todas las consecuencias de laboratorio de cada producto qu\u00edmico de investigaci\u00f3n en un registro PDF.<\/p>\n<p>Nuestra base libre de Dimethocaine cumple sistem\u00e1ticamente con los ingredientes activos y es visible para todos.<\/p>\n<p>Distribuimos todas las consecuencias de laboratorio de cada producto qu\u00edmico de investigaci\u00f3n en un documento PDF.<\/p>\n<h3>Pedido seguro en Dimethocaine Freebase.<\/h3>\n<p>Los productos qu\u00edmicos de investigaci\u00f3n de dise\u00f1o de RC Buy son de excelente calidad y tienen un precio justo. Por eso, cuando solicitas tus productos qu\u00edmicos de investigaci\u00f3n en RC SHOP, te garantizamos que enviaremos tu solicitud a tu laboratorio de investigaci\u00f3n de forma r\u00e1pida y segura, ya que la venta de productos qu\u00edmicos de investigaci\u00f3n siempre est\u00e1 disponible en RC Buy.<\/p>\n<p>En RC Buy es f\u00e1cil pedir compuestos sint\u00e9ticos de investigaci\u00f3n con Bitcoin o transferencia bancaria. Enviamos los productos qu\u00edmicos de investigaci\u00f3n el mismo d\u00eda h\u00e1bil si el pago se recibe antes de las 3:00 p. m. CEST. \u00a1No enviamos art\u00edculos a personas menores de 18 a\u00f1os! Los gr\u00e1nulos de base libre de dimetoca\u00edna a la venta son solo para fines de investigaci\u00f3n.<\/p>\n<h3>Env\u00edo discreto de productos qu\u00edmicos de investigaci\u00f3n.<\/h3>\n<p>RC Kopen empaquetar\u00e1 su pedido de forma segura para garantizar un transporte adecuado. Adem\u00e1s, empacamos de forma absolutamente discreta y no se ve nada en el exterior de lo que podr\u00eda haber en el interior.<\/p>\n<p>Atenci\u00f3n: rckopen.com ofrece productos que no est\u00e1n destinados al consumo humano. Consumir este producto (involuntariamente) podr\u00eda tener graves consecuencias m\u00e9dicas<\/p>","protected":false},"excerpt":{"rendered":"<p>Nombre IUPAC: (3-diethylamino-2,2-dimethylpropyl)-4-aminobenzoate<\/p>\n<p>CAS # 94-15-5<\/p>\n<p>Otro nombre: Dimetaoca\u00edna o laroca\u00edna<\/p>\n<p>Forma: polvo<\/p>","protected":false},"featured_media":6252,"comment_status":"open","ping_status":"closed","template":"","meta":{"_joinchat":[]},"product_brand":[],"product_cat":[127],"product_tag":[],"class_list":{"0":"post-6229","1":"product","2":"type-product","3":"status-publish","4":"has-post-thumbnail","6":"product_cat-amfetamine","8":"first","9":"instock","10":"shipping-taxable","11":"purchasable","12":"product-type-variable"},"yoast_head":"<!-- This site is optimized with the Yoast SEO plugin v26.3 - https:\/\/yoast.com\/wordpress\/plugins\/seo\/ -->\n<title>DMC Dimethocaine Freebase online kopen - DMC te koop<\/title>\n<meta name=\"description\" content=\"DMC dimethocaine freebase online kopen in onze RC Kopen-winkel. Hier is de kans om DMC Dimethocaine Freebase te koop tegen goedkope prijzen.\" \/>\n<meta name=\"robots\" content=\"index, follow, max-snippet:-1, max-image-preview:large, max-video-preview:-1\" \/>\n<link rel=\"canonical\" href=\"https:\/\/rckopen.com\/es\/producto\/dmc-dimethocaine-freebase\/\" \/>\n<meta property=\"og:locale\" content=\"es_ES\" \/>\n<meta property=\"og:type\" content=\"article\" \/>\n<meta property=\"og:title\" content=\"DMC Dimethocaine Freebase online kopen - DMC te koop\" \/>\n<meta property=\"og:description\" content=\"DMC dimethocaine freebase online kopen in onze RC Kopen-winkel. Hier is de kans om DMC Dimethocaine Freebase te koop tegen goedkope prijzen.\" \/>\n<meta property=\"og:url\" content=\"https:\/\/rckopen.com\/es\/producto\/dmc-dimethocaine-freebase\/\" \/>\n<meta property=\"og:site_name\" content=\"RC Kopen\" \/>\n<meta property=\"article:modified_time\" content=\"2025-02-03T06:55:14+00:00\" \/>\n<meta property=\"og:image\" content=\"https:\/\/rckopen.com\/wp-content\/uploads\/2023\/08\/dmc-Dimethocaine-freebase.jpg\" \/>\n\t<meta property=\"og:image:width\" content=\"600\" \/>\n\t<meta property=\"og:image:height\" content=\"600\" \/>\n\t<meta property=\"og:image:type\" content=\"image\/jpeg\" \/>\n<meta name=\"twitter:card\" content=\"summary_large_image\" \/>\n<meta name=\"twitter:label1\" content=\"Tiempo de lectura\" \/>\n\t<meta name=\"twitter:data1\" content=\"3 minutos\" \/>\n<script type=\"application\/ld+json\" class=\"yoast-schema-graph\">{\"@context\":\"https:\/\/schema.org\",\"@graph\":[{\"@type\":\"WebPage\",\"@id\":\"https:\/\/rckopen.com\/product\/dmc-dimethocaine-freebase\/\",\"url\":\"https:\/\/rckopen.com\/product\/dmc-dimethocaine-freebase\/\",\"name\":\"DMC Dimethocaine Freebase online kopen - DMC te koop\",\"isPartOf\":{\"@id\":\"https:\/\/rckopen.com\/#website\"},\"primaryImageOfPage\":{\"@id\":\"https:\/\/rckopen.com\/product\/dmc-dimethocaine-freebase\/#primaryimage\"},\"image\":{\"@id\":\"https:\/\/rckopen.com\/product\/dmc-dimethocaine-freebase\/#primaryimage\"},\"thumbnailUrl\":\"https:\/\/rckopen.com\/wp-content\/uploads\/2023\/08\/dmc-Dimethocaine-freebase.jpg\",\"datePublished\":\"2023-08-14T07:02:49+00:00\",\"dateModified\":\"2025-02-03T06:55:14+00:00\",\"description\":\"DMC dimethocaine freebase online kopen in onze RC Kopen-winkel. Hier is de kans om DMC Dimethocaine Freebase te koop tegen goedkope prijzen.\",\"breadcrumb\":{\"@id\":\"https:\/\/rckopen.com\/product\/dmc-dimethocaine-freebase\/#breadcrumb\"},\"inLanguage\":\"es\",\"potentialAction\":[{\"@type\":\"ReadAction\",\"target\":[\"https:\/\/rckopen.com\/product\/dmc-dimethocaine-freebase\/\"]}]},{\"@type\":\"ImageObject\",\"inLanguage\":\"es\",\"@id\":\"https:\/\/rckopen.com\/product\/dmc-dimethocaine-freebase\/#primaryimage\",\"url\":\"https:\/\/rckopen.com\/wp-content\/uploads\/2023\/08\/dmc-Dimethocaine-freebase.jpg\",\"contentUrl\":\"https:\/\/rckopen.com\/wp-content\/uploads\/2023\/08\/dmc-Dimethocaine-freebase.jpg\",\"width\":600,\"height\":600,\"caption\":\"dmc-(Dimethocaine)-freebase online kopen\"},{\"@type\":\"BreadcrumbList\",\"@id\":\"https:\/\/rckopen.com\/product\/dmc-dimethocaine-freebase\/#breadcrumb\",\"itemListElement\":[{\"@type\":\"ListItem\",\"position\":1,\"name\":\"Home\",\"item\":\"https:\/\/rckopen.com\/\"},{\"@type\":\"ListItem\",\"position\":2,\"name\":\"Shop\",\"item\":\"https:\/\/rckopen.com\/shop\/\"},{\"@type\":\"ListItem\",\"position\":3,\"name\":\"DMC (Dimethocaine) freebase online kopen\"}]},{\"@type\":\"WebSite\",\"@id\":\"https:\/\/rckopen.com\/#website\",\"url\":\"https:\/\/rckopen.com\/\",\"name\":\"RC Kopen\",\"description\":\"Research Chemicals\",\"potentialAction\":[{\"@type\":\"SearchAction\",\"target\":{\"@type\":\"EntryPoint\",\"urlTemplate\":\"https:\/\/rckopen.com\/?s={search_term_string}\"},\"query-input\":{\"@type\":\"PropertyValueSpecification\",\"valueRequired\":true,\"valueName\":\"search_term_string\"}}],\"inLanguage\":\"es\"}]}<\/script>\n<!-- \/ Yoast SEO plugin. -->","yoast_head_json":{"title":"DMC Dimethocaine Freebase online kopen - DMC te koop","description":"DMC dimethocaine freebase online kopen in onze RC Kopen-winkel. Hier is de kans om DMC Dimethocaine Freebase te koop tegen goedkope prijzen.","robots":{"index":"index","follow":"follow","max-snippet":"max-snippet:-1","max-image-preview":"max-image-preview:large","max-video-preview":"max-video-preview:-1"},"canonical":"https:\/\/rckopen.com\/es\/producto\/dmc-dimethocaine-freebase\/","og_locale":"es_ES","og_type":"article","og_title":"DMC Dimethocaine Freebase online kopen - DMC te koop","og_description":"DMC dimethocaine freebase online kopen in onze RC Kopen-winkel. Hier is de kans om DMC Dimethocaine Freebase te koop tegen goedkope prijzen.","og_url":"https:\/\/rckopen.com\/es\/producto\/dmc-dimethocaine-freebase\/","og_site_name":"RC Kopen","article_modified_time":"2025-02-03T06:55:14+00:00","og_image":[{"width":600,"height":600,"url":"https:\/\/rckopen.com\/wp-content\/uploads\/2023\/08\/dmc-Dimethocaine-freebase.jpg","type":"image\/jpeg"}],"twitter_card":"summary_large_image","twitter_misc":{"Tiempo de lectura":"3 minutos"},"schema":{"@context":"https:\/\/schema.org","@graph":[{"@type":"WebPage","@id":"https:\/\/rckopen.com\/product\/dmc-dimethocaine-freebase\/","url":"https:\/\/rckopen.com\/product\/dmc-dimethocaine-freebase\/","name":"DMC Dimethocaine Freebase online kopen - DMC te koop","isPartOf":{"@id":"https:\/\/rckopen.com\/#website"},"primaryImageOfPage":{"@id":"https:\/\/rckopen.com\/product\/dmc-dimethocaine-freebase\/#primaryimage"},"image":{"@id":"https:\/\/rckopen.com\/product\/dmc-dimethocaine-freebase\/#primaryimage"},"thumbnailUrl":"https:\/\/rckopen.com\/wp-content\/uploads\/2023\/08\/dmc-Dimethocaine-freebase.jpg","datePublished":"2023-08-14T07:02:49+00:00","dateModified":"2025-02-03T06:55:14+00:00","description":"DMC dimethocaine freebase online kopen in onze RC Kopen-winkel. Hier is de kans om DMC Dimethocaine Freebase te koop tegen goedkope prijzen.","breadcrumb":{"@id":"https:\/\/rckopen.com\/product\/dmc-dimethocaine-freebase\/#breadcrumb"},"inLanguage":"es","potentialAction":[{"@type":"ReadAction","target":["https:\/\/rckopen.com\/product\/dmc-dimethocaine-freebase\/"]}]},{"@type":"ImageObject","inLanguage":"es","@id":"https:\/\/rckopen.com\/product\/dmc-dimethocaine-freebase\/#primaryimage","url":"https:\/\/rckopen.com\/wp-content\/uploads\/2023\/08\/dmc-Dimethocaine-freebase.jpg","contentUrl":"https:\/\/rckopen.com\/wp-content\/uploads\/2023\/08\/dmc-Dimethocaine-freebase.jpg","width":600,"height":600,"caption":"dmc-(Dimethocaine)-freebase online kopen"},{"@type":"BreadcrumbList","@id":"https:\/\/rckopen.com\/product\/dmc-dimethocaine-freebase\/#breadcrumb","itemListElement":[{"@type":"ListItem","position":1,"name":"Home","item":"https:\/\/rckopen.com\/"},{"@type":"ListItem","position":2,"name":"Shop","item":"https:\/\/rckopen.com\/shop\/"},{"@type":"ListItem","position":3,"name":"DMC (Dimethocaine) freebase online kopen"}]},{"@type":"WebSite","@id":"https:\/\/rckopen.com\/#website","url":"https:\/\/rckopen.com\/","name":"RC Kopen","description":"Research Chemicals","potentialAction":[{"@type":"SearchAction","target":{"@type":"EntryPoint","urlTemplate":"https:\/\/rckopen.com\/?s={search_term_string}"},"query-input":{"@type":"PropertyValueSpecification","valueRequired":true,"valueName":"search_term_string"}}],"inLanguage":"es"}]}},"_links":{"self":[{"href":"https:\/\/rckopen.com\/es\/wp-json\/wp\/v2\/product\/6229","targetHints":{"allow":["GET"]}}],"collection":[{"href":"https:\/\/rckopen.com\/es\/wp-json\/wp\/v2\/product"}],"about":[{"href":"https:\/\/rckopen.com\/es\/wp-json\/wp\/v2\/types\/product"}],"replies":[{"embeddable":true,"href":"https:\/\/rckopen.com\/es\/wp-json\/wp\/v2\/comments?post=6229"}],"wp:featuredmedia":[{"embeddable":true,"href":"https:\/\/rckopen.com\/es\/wp-json\/wp\/v2\/media\/6252"}],"wp:attachment":[{"href":"https:\/\/rckopen.com\/es\/wp-json\/wp\/v2\/media?parent=6229"}],"wp:term":[{"taxonomy":"product_brand","embeddable":true,"href":"https:\/\/rckopen.com\/es\/wp-json\/wp\/v2\/product_brand?post=6229"},{"taxonomy":"product_cat","embeddable":true,"href":"https:\/\/rckopen.com\/es\/wp-json\/wp\/v2\/product_cat?post=6229"},{"taxonomy":"product_tag","embeddable":true,"href":"https:\/\/rckopen.com\/es\/wp-json\/wp\/v2\/product_tag?post=6229"}],"curies":[{"name":"wp","href":"https:\/\/api.w.org\/{rel}","templated":true}]}}