{"id":6230,"date":"2023-08-14T07:12:58","date_gmt":"2023-08-14T07:12:58","guid":{"rendered":"https:\/\/diligentplug.com\/chems\/?post_type=product&#038;p=6230"},"modified":"2025-01-30T05:40:36","modified_gmt":"2025-01-30T05:40:36","slug":"3-mma-powder","status":"publish","type":"product","link":"https:\/\/rckopen.com\/es\/producto\/3-polvo-mma\/","title":{"rendered":"Comprar polvo de 3-MMA en l\u00ednea"},"content":{"rendered":"<h2>Algemene informatie over 3-MMA-poeder online kopen<\/h2>\n<p><a href=\"https:\/\/rckopen.com\/es\/producto\/3-polvo-mma\/\">Comprar polvo de 3-MMA en l\u00ednea<\/a>La 3-metoxi-4-metilanfetamina, conocida como 3-MMA, es una sustancia qu\u00edmica esencial de la clase de las catinonas. 3MMA, tambi\u00e9n llamada \u201cmetilmescalina\u201d, es una sustancia qu\u00edmica psicod\u00e9lica clasificada como anfetamina. La estructura qu\u00edmica se asemeja a la de la mescalina, un compuesto conocido, com\u00fan y muy buscado que se encuentra en determinadas plantas espinosas. Se cree que el 3MMA tiene una preferencia m\u00e1s marcada por el subtipo de receptor 5-HT2A. \u00bfComprar 3MMC o pedir 3MMC? Esto ya no es posible porque est\u00e1 prohibida la compra de 3-MMC. \u00bfReemplazar 3-MMC? <a href=\"https:\/\/rckopen.com\/es\/producto\/2-fma\/\">Haga clic aqu\u00ed.<\/a><\/p>\n<p>En cualquier caso, el sistema espec\u00edfico de actividad s\u00f3lo se observa parcialmente. Los efectos de la 3MMA pueden ser excepcionales y dependen de algunas variables, como las mediciones, la resistencia individual y los elementos naturales.<\/p>\n<h3>Composici\u00f3n qu\u00edmica del polvo de 3-MMA.<\/h3>\n<p>La composici\u00f3n qu\u00edmica de <a href=\"https:\/\/en.wikipedia.org\/wiki\/3-Methoxymethamphetamine\">Polvo de 3-MMA (3-metilmetanfetamina)<\/a> Puede representarse mediante la f\u00f3rmula molecular, C11H17N.<\/p>\n<p>Los n\u00fameros tras el s\u00edmbolo de cada elemento indican el n\u00famero de \u00e1tomos de ese elemento presentes en una mol\u00e9cula de 3-MMA.<\/p>\n<p>Esta estructura qu\u00edmica indica que la 3-MMA est\u00e1 compuesta por 11 \u00e1tomos de carbono (C11), 17 \u00e1tomos de hidr\u00f3geno (H17) y un \u00e1tomo de nitr\u00f3geno (N).<\/p>\n<p>La qu\u00edmica de la 3-MMA (3-metilmetanfetamina) en polvo incluye su estructura molecular y sus propiedades. Sin embargo, debido a la escasa informaci\u00f3n sobre la 3-MMA, incluidas sus propiedades qu\u00edmicas y m\u00e9todos de s\u00edntesis, es dif\u00edcil comprender plenamente la qu\u00edmica...<a href=\"https:\/\/en.wikipedia.org\/w\/index.php?search=3-MMA&amp;title=Special%3ASearch&amp;ns0=1\">.<\/a><\/p>\n<p>Por su nombre, la 3-MMA es probablemente un derivado de la metanfetamina, un miembro de la clase de compuestos anfetam\u00ednicos. La metanfetamina se caracteriza por un anillo de fenilo unido a un grupo amino (NH2) con un grupo metilo (CH3) en la posici\u00f3n 3 del anillo de fenilo.<\/p>\n<h3>Compre polvo 3-MMA de alta calidad en l\u00ednea.<\/h3>\n<p><a href=\"https:\/\/rckopen.com\/es\/\">RC KOPEN<\/a> RC SHOP tiene a\u00f1os de experiencia en la industria en el dise\u00f1o de productos qu\u00edmicos de investigaci\u00f3n, lo que nos permite garantizar la m\u00e1s alta calidad de estos productos qu\u00edmicos de investigaci\u00f3n. Comprar productos qu\u00edmicos 3-MMA en polvo es f\u00e1cil y tiene la m\u00e1xima calidad. El coste del polvo de 3-MMA es relativamente bajo en comparaci\u00f3n con otras empresas.<\/p>\n<p>Los productos qu\u00edmicos de investigaci\u00f3n, incluido el polvo de 3-MMA, cumplen todos los requisitos de seguridad. Los productos qu\u00edmicos de investigaci\u00f3n se distribuyen cuidadosamente y se almacenan en un lugar fresco y seco.<\/p>\n<p>Todos los productos son controlados regularmente en cuanto a calidad, pureza y seguridad. Nuestro Comprar 3-MMA en polvo es s\u00f3lo para fines de investigaci\u00f3n.<\/p>\n<p>Nuestros productos tienen un precio justo y puede comprar 3-MMA en polvo online a precios muy bajos.<\/p>\n<h3>Polvo de 3-MMA probado en laboratorio con resultados.<\/h3>\n<p>Avanza de nuevo hacia la satisfacci\u00f3n global de sus clientes. Varias encuestas han demostrado que los clientes solicitan tantos datos como se espera antes de comprar productos qu\u00edmicos sint\u00e9ticos de investigaci\u00f3n. Adem\u00e1s, publicamos todas las consecuencias de laboratorio de cada producto qu\u00edmico de investigaci\u00f3n en un registro PDF.<\/p>\n<p>Nuestro polvo 3-MMA cumple consistentemente con los ingredientes activos y puede ser visto por cualquier persona Polvo 3-MMA a la venta.<\/p>\n<p>Distribuimos todas las consecuencias de laboratorio de cada producto qu\u00edmico de investigaci\u00f3n en un documento PDF.<\/p>\n<h3>Pedido seguro en polvo 3-MMA.<\/h3>\n<p>Los productos qu\u00edmicos de investigaci\u00f3n de dise\u00f1o de RC BUY son de excelente calidad y tienen un precio justo. Por ello, te garantizamos que cuando solicites tus productos qu\u00edmicos de investigaci\u00f3n en RC SHOP, te entregaremos tu pedido en tu domicilio de forma r\u00e1pida y segura, ya que la venta de productos qu\u00edmicos de investigaci\u00f3n siempre est\u00e1 disponible en RCKOPEN.<\/p>\n<p>Solicitar compuestos de investigaci\u00f3n sint\u00e9ticos con Bitcoin o transferencia bancaria es f\u00e1cil en RC BUY.<\/p>\n<p>Enviamos los productos qu\u00edmicos de investigaci\u00f3n el mismo d\u00eda laborable si el pago se recibe antes de las 15:00 CEST.\u00a1No entregamos art\u00edculos a menores de 18 a\u00f1os!<\/p>\n<p>3-MMA en polvo para la venta es s\u00f3lo para fines de investigaci\u00f3n.<\/p>\n<h3>Env\u00edo discreto de productos qu\u00edmicos de investigaci\u00f3n.<\/h3>\n<p>RC KOPEN empaquetar\u00e1 su pedido de forma segura para garantizar un transporte adecuado. Adem\u00e1s, empacamos de forma absolutamente discreta y no se ve nada en el exterior de lo que podr\u00eda haber en el interior.<\/p>\n<p>Nota: rckopen.com ofrece productos que no est\u00e1n destinados al consumo humano. Consumir este producto (involuntariamente) podr\u00eda tener graves consecuencias m\u00e9dicas.<\/p>","protected":false},"excerpt":{"rendered":"<p>Nombre IUPAC:N-metil-1-(3-metilfenil)propan-2-amina<\/p>\n<p>CAS # 1419922-19-2<\/p>\n<p>Otro nombre:3-metil-metaanfetamina (3-Me-MA)<\/p>\n<p>Forma: Polvo<\/p>\n<p>An\u00e1lisis RMN: N\/A<\/p>","protected":false},"featured_media":6252,"comment_status":"open","ping_status":"closed","template":"","meta":{"_joinchat":[]},"product_brand":[],"product_cat":[127],"product_tag":[],"class_list":{"0":"post-6230","1":"product","2":"type-product","3":"status-publish","4":"has-post-thumbnail","6":"product_cat-amfetamine","8":"first","9":"instock","10":"shipping-taxable","11":"purchasable","12":"product-type-variable"},"yoast_head":"<!-- This site is optimized with the Yoast SEO plugin v26.3 - https:\/\/yoast.com\/wordpress\/plugins\/seo\/ -->\n<title>3-MMA-poeder online kopen- 3-MMA-poeder online te koop<\/title>\n<meta name=\"description\" content=\"Als u 3-MMA-poeder online wilt kopen, heeft RCKopen een hoogwaardig 3-MMA-poeder te koop. Wij helpen u 3-MMA-poeder online te kopen tegen goedkope tarieven.\" \/>\n<meta name=\"robots\" content=\"index, follow, max-snippet:-1, max-image-preview:large, max-video-preview:-1\" \/>\n<link rel=\"canonical\" href=\"https:\/\/rckopen.com\/es\/producto\/3-polvo-mma\/\" \/>\n<meta property=\"og:locale\" content=\"es_ES\" \/>\n<meta property=\"og:type\" content=\"article\" \/>\n<meta property=\"og:title\" content=\"3-MMA-poeder online kopen- 3-MMA-poeder online te koop\" \/>\n<meta property=\"og:description\" content=\"Als u 3-MMA-poeder online wilt kopen, heeft RCKopen een hoogwaardig 3-MMA-poeder te koop. Wij helpen u 3-MMA-poeder online te kopen tegen goedkope tarieven.\" \/>\n<meta property=\"og:url\" content=\"https:\/\/rckopen.com\/es\/producto\/3-polvo-mma\/\" \/>\n<meta property=\"og:site_name\" content=\"RC Kopen\" \/>\n<meta property=\"article:modified_time\" content=\"2025-01-30T05:40:36+00:00\" \/>\n<meta property=\"og:image\" content=\"https:\/\/rckopen.com\/wp-content\/uploads\/2023\/08\/dmc-Dimethocaine-freebase.jpg\" \/>\n\t<meta property=\"og:image:width\" content=\"600\" \/>\n\t<meta property=\"og:image:height\" content=\"600\" \/>\n\t<meta property=\"og:image:type\" content=\"image\/jpeg\" \/>\n<meta name=\"twitter:card\" content=\"summary_large_image\" \/>\n<meta name=\"twitter:label1\" content=\"Tiempo de lectura\" \/>\n\t<meta name=\"twitter:data1\" content=\"3 minutos\" \/>\n<script type=\"application\/ld+json\" class=\"yoast-schema-graph\">{\"@context\":\"https:\/\/schema.org\",\"@graph\":[{\"@type\":\"WebPage\",\"@id\":\"https:\/\/rckopen.com\/product\/3-mma-powder\/\",\"url\":\"https:\/\/rckopen.com\/product\/3-mma-powder\/\",\"name\":\"3-MMA-poeder online kopen- 3-MMA-poeder online te koop\",\"isPartOf\":{\"@id\":\"https:\/\/rckopen.com\/#website\"},\"primaryImageOfPage\":{\"@id\":\"https:\/\/rckopen.com\/product\/3-mma-powder\/#primaryimage\"},\"image\":{\"@id\":\"https:\/\/rckopen.com\/product\/3-mma-powder\/#primaryimage\"},\"thumbnailUrl\":\"https:\/\/rckopen.com\/wp-content\/uploads\/2023\/08\/dmc-Dimethocaine-freebase.jpg\",\"datePublished\":\"2023-08-14T07:12:58+00:00\",\"dateModified\":\"2025-01-30T05:40:36+00:00\",\"description\":\"Als u 3-MMA-poeder online wilt kopen, heeft RCKopen een hoogwaardig 3-MMA-poeder te koop. Wij helpen u 3-MMA-poeder online te kopen tegen goedkope tarieven.\",\"breadcrumb\":{\"@id\":\"https:\/\/rckopen.com\/product\/3-mma-powder\/#breadcrumb\"},\"inLanguage\":\"es\",\"potentialAction\":[{\"@type\":\"ReadAction\",\"target\":[\"https:\/\/rckopen.com\/product\/3-mma-powder\/\"]}]},{\"@type\":\"ImageObject\",\"inLanguage\":\"es\",\"@id\":\"https:\/\/rckopen.com\/product\/3-mma-powder\/#primaryimage\",\"url\":\"https:\/\/rckopen.com\/wp-content\/uploads\/2023\/08\/dmc-Dimethocaine-freebase.jpg\",\"contentUrl\":\"https:\/\/rckopen.com\/wp-content\/uploads\/2023\/08\/dmc-Dimethocaine-freebase.jpg\",\"width\":600,\"height\":600,\"caption\":\"dmc-(Dimethocaine)-freebase online kopen\"},{\"@type\":\"BreadcrumbList\",\"@id\":\"https:\/\/rckopen.com\/product\/3-mma-powder\/#breadcrumb\",\"itemListElement\":[{\"@type\":\"ListItem\",\"position\":1,\"name\":\"Home\",\"item\":\"https:\/\/rckopen.com\/\"},{\"@type\":\"ListItem\",\"position\":2,\"name\":\"Shop\",\"item\":\"https:\/\/rckopen.com\/shop\/\"},{\"@type\":\"ListItem\",\"position\":3,\"name\":\"3-MMA powder online kopen\"}]},{\"@type\":\"WebSite\",\"@id\":\"https:\/\/rckopen.com\/#website\",\"url\":\"https:\/\/rckopen.com\/\",\"name\":\"RC Kopen\",\"description\":\"Research Chemicals\",\"potentialAction\":[{\"@type\":\"SearchAction\",\"target\":{\"@type\":\"EntryPoint\",\"urlTemplate\":\"https:\/\/rckopen.com\/?s={search_term_string}\"},\"query-input\":{\"@type\":\"PropertyValueSpecification\",\"valueRequired\":true,\"valueName\":\"search_term_string\"}}],\"inLanguage\":\"es\"}]}<\/script>\n<!-- \/ Yoast SEO plugin. -->","yoast_head_json":{"title":"3-MMA-poeder online kopen- 3-MMA-poeder online te koop","description":"Als u 3-MMA-poeder online wilt kopen, heeft RCKopen een hoogwaardig 3-MMA-poeder te koop. Wij helpen u 3-MMA-poeder online te kopen tegen goedkope tarieven.","robots":{"index":"index","follow":"follow","max-snippet":"max-snippet:-1","max-image-preview":"max-image-preview:large","max-video-preview":"max-video-preview:-1"},"canonical":"https:\/\/rckopen.com\/es\/producto\/3-polvo-mma\/","og_locale":"es_ES","og_type":"article","og_title":"3-MMA-poeder online kopen- 3-MMA-poeder online te koop","og_description":"Als u 3-MMA-poeder online wilt kopen, heeft RCKopen een hoogwaardig 3-MMA-poeder te koop. Wij helpen u 3-MMA-poeder online te kopen tegen goedkope tarieven.","og_url":"https:\/\/rckopen.com\/es\/producto\/3-polvo-mma\/","og_site_name":"RC Kopen","article_modified_time":"2025-01-30T05:40:36+00:00","og_image":[{"width":600,"height":600,"url":"https:\/\/rckopen.com\/wp-content\/uploads\/2023\/08\/dmc-Dimethocaine-freebase.jpg","type":"image\/jpeg"}],"twitter_card":"summary_large_image","twitter_misc":{"Tiempo de lectura":"3 minutos"},"schema":{"@context":"https:\/\/schema.org","@graph":[{"@type":"WebPage","@id":"https:\/\/rckopen.com\/product\/3-mma-powder\/","url":"https:\/\/rckopen.com\/product\/3-mma-powder\/","name":"3-MMA-poeder online kopen- 3-MMA-poeder online te koop","isPartOf":{"@id":"https:\/\/rckopen.com\/#website"},"primaryImageOfPage":{"@id":"https:\/\/rckopen.com\/product\/3-mma-powder\/#primaryimage"},"image":{"@id":"https:\/\/rckopen.com\/product\/3-mma-powder\/#primaryimage"},"thumbnailUrl":"https:\/\/rckopen.com\/wp-content\/uploads\/2023\/08\/dmc-Dimethocaine-freebase.jpg","datePublished":"2023-08-14T07:12:58+00:00","dateModified":"2025-01-30T05:40:36+00:00","description":"Als u 3-MMA-poeder online wilt kopen, heeft RCKopen een hoogwaardig 3-MMA-poeder te koop. Wij helpen u 3-MMA-poeder online te kopen tegen goedkope tarieven.","breadcrumb":{"@id":"https:\/\/rckopen.com\/product\/3-mma-powder\/#breadcrumb"},"inLanguage":"es","potentialAction":[{"@type":"ReadAction","target":["https:\/\/rckopen.com\/product\/3-mma-powder\/"]}]},{"@type":"ImageObject","inLanguage":"es","@id":"https:\/\/rckopen.com\/product\/3-mma-powder\/#primaryimage","url":"https:\/\/rckopen.com\/wp-content\/uploads\/2023\/08\/dmc-Dimethocaine-freebase.jpg","contentUrl":"https:\/\/rckopen.com\/wp-content\/uploads\/2023\/08\/dmc-Dimethocaine-freebase.jpg","width":600,"height":600,"caption":"dmc-(Dimethocaine)-freebase online kopen"},{"@type":"BreadcrumbList","@id":"https:\/\/rckopen.com\/product\/3-mma-powder\/#breadcrumb","itemListElement":[{"@type":"ListItem","position":1,"name":"Home","item":"https:\/\/rckopen.com\/"},{"@type":"ListItem","position":2,"name":"Shop","item":"https:\/\/rckopen.com\/shop\/"},{"@type":"ListItem","position":3,"name":"3-MMA powder online kopen"}]},{"@type":"WebSite","@id":"https:\/\/rckopen.com\/#website","url":"https:\/\/rckopen.com\/","name":"RC Kopen","description":"Research Chemicals","potentialAction":[{"@type":"SearchAction","target":{"@type":"EntryPoint","urlTemplate":"https:\/\/rckopen.com\/?s={search_term_string}"},"query-input":{"@type":"PropertyValueSpecification","valueRequired":true,"valueName":"search_term_string"}}],"inLanguage":"es"}]}},"_links":{"self":[{"href":"https:\/\/rckopen.com\/es\/wp-json\/wp\/v2\/product\/6230","targetHints":{"allow":["GET"]}}],"collection":[{"href":"https:\/\/rckopen.com\/es\/wp-json\/wp\/v2\/product"}],"about":[{"href":"https:\/\/rckopen.com\/es\/wp-json\/wp\/v2\/types\/product"}],"replies":[{"embeddable":true,"href":"https:\/\/rckopen.com\/es\/wp-json\/wp\/v2\/comments?post=6230"}],"wp:featuredmedia":[{"embeddable":true,"href":"https:\/\/rckopen.com\/es\/wp-json\/wp\/v2\/media\/6252"}],"wp:attachment":[{"href":"https:\/\/rckopen.com\/es\/wp-json\/wp\/v2\/media?parent=6230"}],"wp:term":[{"taxonomy":"product_brand","embeddable":true,"href":"https:\/\/rckopen.com\/es\/wp-json\/wp\/v2\/product_brand?post=6230"},{"taxonomy":"product_cat","embeddable":true,"href":"https:\/\/rckopen.com\/es\/wp-json\/wp\/v2\/product_cat?post=6230"},{"taxonomy":"product_tag","embeddable":true,"href":"https:\/\/rckopen.com\/es\/wp-json\/wp\/v2\/product_tag?post=6230"}],"curies":[{"name":"wp","href":"https:\/\/api.w.org\/{rel}","templated":true}]}}