{"id":6231,"date":"2023-08-14T07:23:33","date_gmt":"2023-08-14T07:23:33","guid":{"rendered":"https:\/\/diligentplug.com\/chems\/?post_type=product&#038;p=6231"},"modified":"2025-02-04T05:46:50","modified_gmt":"2025-02-04T05:46:50","slug":"nm-2ai","status":"publish","type":"product","link":"https:\/\/rckopen.com\/es\/producto\/nm-2ai\/","title":{"rendered":"Comprar NM-2AI en l\u00ednea"},"content":{"rendered":"<h1>Informaci\u00f3n general sobre la compra de MEAI Crystal online<\/h1>\n<p>Compre NM-2AI en l\u00ednea, MEAI (5-metoxi-2-aminoindano) se sintetiz\u00f3 y descubri\u00f3 por primera vez en la d\u00e9cada de 1990.<\/p>\n<p>El MEAI Crystal, tambi\u00e9n conocido como 5-Metoxi-2-aminoindano, es un compuesto qu\u00edmico perteneciente a la clase de los aminoindanos. Como sustancia qu\u00edmica de investigaci\u00f3n, se ha estudiado por sus posibles efectos psicoactivos.<\/p>\n<p>El MEAI Crystal suele encontrarse en forma cristalina y normalmente se vende como producto qu\u00edmico de investigaci\u00f3n. Es importante se\u00f1alar que el MEAI Crystal y otros compuestos similares pueden tener efectos psicoactivos, pero sus mecanismos de acci\u00f3n espec\u00edficos y sus propiedades farmacol\u00f3gicas no se conocen del todo ni est\u00e1n bien documentados.<\/p>\n<h2>Composici\u00f3n qu\u00edmica del cristal MEAI<\/h2>\n<p>La composici\u00f3n qu\u00edmica del Cristal MEAI (5-Metoxi-2-aminoindano) puede describirse como sigue:F\u00f3rmula qu\u00edmica: C11H15NOM Peso molecular: 177,24 g\/mol<\/p>\n<p>El cristal de MEAI es un compuesto formado por 11 \u00e1tomos de carbono (C11), 15 \u00e1tomos de hidr\u00f3geno (H15), un \u00e1tomo de nitr\u00f3geno (N) y un \u00e1tomo de ox\u00edgeno (O). Consta de una estructura central de 2 aminoindano con un grupo metoxi (CH3O) unido en la posici\u00f3n 5 del anillo de indano. El grupo amino (NH2) se encuentra en la posici\u00f3n 2 del anillo de indano.<\/p>\n<p>En general, la composici\u00f3n qu\u00edmica del Cristal MEAI puede representarse mediante la f\u00f3rmula qu\u00edmica C11H15NO, que indica la disposici\u00f3n espec\u00edfica y el n\u00famero de \u00e1tomos del compuesto.<\/p>\n<h2>hoogwaardig MEAI-kristal online kopen.<\/h2>\n<p>RC SHOP lleva muchos a\u00f1os implicada en la industria de los productos qu\u00edmicos de investigaci\u00f3n, lo que nos permite garantizarle lo mejor de estos productos qu\u00edmicos de investigaci\u00f3n. Comprar MEAI Crystal es f\u00e1cil y tiene la m\u00e1xima calidad. La adquisici\u00f3n de MEAI Crystal es inferior a la de otras organizaciones.<\/p>\n<p>Los productos qu\u00edmicos de investigaci\u00f3n, incluido el Cristal MEAI, cumplen todos los requisitos de seguridad. Los productos qu\u00edmicos de investigaci\u00f3n se distribuyen cuidadosamente y se almacenan en un lugar excelente y seco.<\/p>\n<p>Todos los art\u00edculos se examinan sistem\u00e1ticamente para comprobar su calidad, seguridad y pureza.<\/p>\n<p>Nuestro Cristal MEAI es s\u00f3lo para fines de investigaci\u00f3n. Nuestros art\u00edculos tienen un precio justo y se puede comprar compuestos de investigaci\u00f3n MEAI Crystal en l\u00ednea a precios excepcionalmente modestos.<\/p>\n<h3>Cristal MEAI probado en laboratorio con resultados.<\/h3>\n<p>Avanza de nuevo hacia la satisfacci\u00f3n global de sus clientes. Varias encuestas han demostrado que los clientes solicitan tantos datos como se espera antes de comprar productos qu\u00edmicos sint\u00e9ticos de investigaci\u00f3n. Adem\u00e1s, publicamos todas las consecuencias de laboratorio de cada producto qu\u00edmico de investigaci\u00f3n en un registro PDF.<\/p>\n<p>Nuestro MEAI Crystal en l\u00ednea cumple sistem\u00e1ticamente los principios activos y puede ser visto por todos.<\/p>\n<p>Distribuimos todas las consecuencias de laboratorio de cada producto qu\u00edmico de investigaci\u00f3n en un documento PDF.<\/p>\n<h2>Pida MEAI Crystal en l\u00ednea de forma segura.<\/h2>\n<p>Los productos qu\u00edmicos de investigaci\u00f3n de dise\u00f1o de RC SHOP son de excelente calidad y tienen un precio justo. Por lo tanto, cuando usted solicita sus productos qu\u00edmicos de investigaci\u00f3n de RC SHOP, le garantizamos que vamos a entregar su solicitud a su casa de forma r\u00e1pida y segura, ya que las ventas de productos qu\u00edmicos de investigaci\u00f3n est\u00e1n siempre disponibles en RC SHOP.<\/p>\n<p>Solicitar conexiones de investigaci\u00f3n sint\u00e9tica con Bitcoin o transferencia bancaria es f\u00e1cil en RC SHOP.<\/p>\n<p>Enviamos los productos qu\u00edmicos de investigaci\u00f3n el mismo d\u00eda laborable si el pago se recibe antes de las 15:00 CEST.\u00a1No entregamos art\u00edculos a menores de 18 a\u00f1os!<\/p>\n<h3>El Cristal MEAI en venta es s\u00f3lo para fines de investigaci\u00f3n<a href=\"https:\/\/rckopen.com\/es\/producto\/nm-2ai\/\">.<\/a><\/h3>\n<p>Env\u00edo discreto de productos qu\u00edmicos de investigaci\u00f3n<a href=\"https:\/\/en.wikipedia.org\/w\/index.php?search=MEAI+Crystal&amp;title=Special%3ASearch&amp;ns0=1\">.<\/a><\/p>\n<p>RC SHOP empacar\u00e1 su pedido de forma segura para garantizar un transporte adecuado. Adem\u00e1s, lo empaquetamos de forma perfectamente discreta y en el exterior no se muestra nada de lo que podr\u00eda haber dentro. Comprar NM-2AI online.<\/p>\n<p>Nota: rckopen.com ofrece productos que no est\u00e1n destinados al consumo humano. Consumir este producto (involuntariamente) podr\u00eda tener graves consecuencias m\u00e9dicas<\/p>\n<h2><span style=\"font-size: 1rem;\">.<\/span><\/h2>","protected":false},"excerpt":{"rendered":"<p>Nombre IUPAC: 5-Metoxi-2-indanamina<\/p>\n<p>CAS # 73305-09-6<\/p>\n<p>Aspecto: cristales<\/p>\n<p>An\u00e1lisis RMN: C10H13NO<\/p>","protected":false},"featured_media":6265,"comment_status":"open","ping_status":"closed","template":"","meta":{"_joinchat":[]},"product_brand":[],"product_cat":[127],"product_tag":[],"class_list":{"0":"post-6231","1":"product","2":"type-product","3":"status-publish","4":"has-post-thumbnail","6":"product_cat-amfetamine","8":"first","9":"instock","10":"shipping-taxable","11":"purchasable","12":"product-type-variable"},"yoast_head":"<!-- This site is optimized with the Yoast SEO plugin v26.3 - https:\/\/yoast.com\/wordpress\/plugins\/seo\/ -->\n<title>Koop NM-2AI online - NM-2AI te kopen | RC Kopen<\/title>\n<meta name=\"description\" content=\"Our online Rc Kopen heeft de beste kwaliteit NM-2AI te koop. Als je NM-2AI online wilt kopen, kunnen we je van alle kanten helpen. Bestel vandaag nog!\" \/>\n<meta name=\"robots\" content=\"index, follow, max-snippet:-1, max-image-preview:large, max-video-preview:-1\" \/>\n<link rel=\"canonical\" href=\"https:\/\/rckopen.com\/es\/producto\/nm-2ai\/\" \/>\n<meta property=\"og:locale\" content=\"es_ES\" \/>\n<meta property=\"og:type\" content=\"article\" \/>\n<meta property=\"og:title\" content=\"Koop NM-2AI online - NM-2AI te kopen | RC Kopen\" \/>\n<meta property=\"og:description\" content=\"Our online Rc Kopen heeft de beste kwaliteit NM-2AI te koop. Als je NM-2AI online wilt kopen, kunnen we je van alle kanten helpen. Bestel vandaag nog!\" \/>\n<meta property=\"og:url\" content=\"https:\/\/rckopen.com\/es\/producto\/nm-2ai\/\" \/>\n<meta property=\"og:site_name\" content=\"RC Kopen\" \/>\n<meta property=\"article:modified_time\" content=\"2025-02-04T05:46:50+00:00\" \/>\n<meta property=\"og:image\" content=\"https:\/\/rckopen.com\/wp-content\/uploads\/2023\/08\/NM-2AI.jpg\" \/>\n\t<meta property=\"og:image:width\" content=\"600\" \/>\n\t<meta property=\"og:image:height\" content=\"600\" \/>\n\t<meta property=\"og:image:type\" content=\"image\/jpeg\" \/>\n<meta name=\"twitter:card\" content=\"summary_large_image\" \/>\n<meta name=\"twitter:label1\" content=\"Tiempo de lectura\" \/>\n\t<meta name=\"twitter:data1\" content=\"3 minutos\" \/>\n<script type=\"application\/ld+json\" class=\"yoast-schema-graph\">{\"@context\":\"https:\/\/schema.org\",\"@graph\":[{\"@type\":\"WebPage\",\"@id\":\"https:\/\/rckopen.com\/product\/nm-2ai\/\",\"url\":\"https:\/\/rckopen.com\/product\/nm-2ai\/\",\"name\":\"Koop NM-2AI online - NM-2AI te kopen | RC Kopen\",\"isPartOf\":{\"@id\":\"https:\/\/rckopen.com\/#website\"},\"primaryImageOfPage\":{\"@id\":\"https:\/\/rckopen.com\/product\/nm-2ai\/#primaryimage\"},\"image\":{\"@id\":\"https:\/\/rckopen.com\/product\/nm-2ai\/#primaryimage\"},\"thumbnailUrl\":\"https:\/\/rckopen.com\/wp-content\/uploads\/2023\/08\/NM-2AI.jpg\",\"datePublished\":\"2023-08-14T07:23:33+00:00\",\"dateModified\":\"2025-02-04T05:46:50+00:00\",\"description\":\"Our online Rc Kopen heeft de beste kwaliteit NM-2AI te koop. Als je NM-2AI online wilt kopen, kunnen we je van alle kanten helpen. Bestel vandaag nog!\",\"breadcrumb\":{\"@id\":\"https:\/\/rckopen.com\/product\/nm-2ai\/#breadcrumb\"},\"inLanguage\":\"es\",\"potentialAction\":[{\"@type\":\"ReadAction\",\"target\":[\"https:\/\/rckopen.com\/product\/nm-2ai\/\"]}]},{\"@type\":\"ImageObject\",\"inLanguage\":\"es\",\"@id\":\"https:\/\/rckopen.com\/product\/nm-2ai\/#primaryimage\",\"url\":\"https:\/\/rckopen.com\/wp-content\/uploads\/2023\/08\/NM-2AI.jpg\",\"contentUrl\":\"https:\/\/rckopen.com\/wp-content\/uploads\/2023\/08\/NM-2AI.jpg\",\"width\":600,\"height\":600,\"caption\":\"NM-2AI online kopen\"},{\"@type\":\"BreadcrumbList\",\"@id\":\"https:\/\/rckopen.com\/product\/nm-2ai\/#breadcrumb\",\"itemListElement\":[{\"@type\":\"ListItem\",\"position\":1,\"name\":\"Home\",\"item\":\"https:\/\/rckopen.com\/\"},{\"@type\":\"ListItem\",\"position\":2,\"name\":\"Shop\",\"item\":\"https:\/\/rckopen.com\/shop\/\"},{\"@type\":\"ListItem\",\"position\":3,\"name\":\"NM-2AI online kopen\"}]},{\"@type\":\"WebSite\",\"@id\":\"https:\/\/rckopen.com\/#website\",\"url\":\"https:\/\/rckopen.com\/\",\"name\":\"RC Kopen\",\"description\":\"Research Chemicals\",\"potentialAction\":[{\"@type\":\"SearchAction\",\"target\":{\"@type\":\"EntryPoint\",\"urlTemplate\":\"https:\/\/rckopen.com\/?s={search_term_string}\"},\"query-input\":{\"@type\":\"PropertyValueSpecification\",\"valueRequired\":true,\"valueName\":\"search_term_string\"}}],\"inLanguage\":\"es\"}]}<\/script>\n<!-- \/ Yoast SEO plugin. -->","yoast_head_json":{"title":"Koop NM-2AI online - NM-2AI te kopen | RC Kopen","description":"Our online Rc Kopen heeft de beste kwaliteit NM-2AI te koop. Als je NM-2AI online wilt kopen, kunnen we je van alle kanten helpen. Bestel vandaag nog!","robots":{"index":"index","follow":"follow","max-snippet":"max-snippet:-1","max-image-preview":"max-image-preview:large","max-video-preview":"max-video-preview:-1"},"canonical":"https:\/\/rckopen.com\/es\/producto\/nm-2ai\/","og_locale":"es_ES","og_type":"article","og_title":"Koop NM-2AI online - NM-2AI te kopen | RC Kopen","og_description":"Our online Rc Kopen heeft de beste kwaliteit NM-2AI te koop. Als je NM-2AI online wilt kopen, kunnen we je van alle kanten helpen. Bestel vandaag nog!","og_url":"https:\/\/rckopen.com\/es\/producto\/nm-2ai\/","og_site_name":"RC Kopen","article_modified_time":"2025-02-04T05:46:50+00:00","og_image":[{"width":600,"height":600,"url":"https:\/\/rckopen.com\/wp-content\/uploads\/2023\/08\/NM-2AI.jpg","type":"image\/jpeg"}],"twitter_card":"summary_large_image","twitter_misc":{"Tiempo de lectura":"3 minutos"},"schema":{"@context":"https:\/\/schema.org","@graph":[{"@type":"WebPage","@id":"https:\/\/rckopen.com\/product\/nm-2ai\/","url":"https:\/\/rckopen.com\/product\/nm-2ai\/","name":"Koop NM-2AI online - NM-2AI te kopen | RC Kopen","isPartOf":{"@id":"https:\/\/rckopen.com\/#website"},"primaryImageOfPage":{"@id":"https:\/\/rckopen.com\/product\/nm-2ai\/#primaryimage"},"image":{"@id":"https:\/\/rckopen.com\/product\/nm-2ai\/#primaryimage"},"thumbnailUrl":"https:\/\/rckopen.com\/wp-content\/uploads\/2023\/08\/NM-2AI.jpg","datePublished":"2023-08-14T07:23:33+00:00","dateModified":"2025-02-04T05:46:50+00:00","description":"Our online Rc Kopen heeft de beste kwaliteit NM-2AI te koop. Als je NM-2AI online wilt kopen, kunnen we je van alle kanten helpen. Bestel vandaag nog!","breadcrumb":{"@id":"https:\/\/rckopen.com\/product\/nm-2ai\/#breadcrumb"},"inLanguage":"es","potentialAction":[{"@type":"ReadAction","target":["https:\/\/rckopen.com\/product\/nm-2ai\/"]}]},{"@type":"ImageObject","inLanguage":"es","@id":"https:\/\/rckopen.com\/product\/nm-2ai\/#primaryimage","url":"https:\/\/rckopen.com\/wp-content\/uploads\/2023\/08\/NM-2AI.jpg","contentUrl":"https:\/\/rckopen.com\/wp-content\/uploads\/2023\/08\/NM-2AI.jpg","width":600,"height":600,"caption":"NM-2AI online kopen"},{"@type":"BreadcrumbList","@id":"https:\/\/rckopen.com\/product\/nm-2ai\/#breadcrumb","itemListElement":[{"@type":"ListItem","position":1,"name":"Home","item":"https:\/\/rckopen.com\/"},{"@type":"ListItem","position":2,"name":"Shop","item":"https:\/\/rckopen.com\/shop\/"},{"@type":"ListItem","position":3,"name":"NM-2AI online kopen"}]},{"@type":"WebSite","@id":"https:\/\/rckopen.com\/#website","url":"https:\/\/rckopen.com\/","name":"RC Kopen","description":"Research Chemicals","potentialAction":[{"@type":"SearchAction","target":{"@type":"EntryPoint","urlTemplate":"https:\/\/rckopen.com\/?s={search_term_string}"},"query-input":{"@type":"PropertyValueSpecification","valueRequired":true,"valueName":"search_term_string"}}],"inLanguage":"es"}]}},"_links":{"self":[{"href":"https:\/\/rckopen.com\/es\/wp-json\/wp\/v2\/product\/6231","targetHints":{"allow":["GET"]}}],"collection":[{"href":"https:\/\/rckopen.com\/es\/wp-json\/wp\/v2\/product"}],"about":[{"href":"https:\/\/rckopen.com\/es\/wp-json\/wp\/v2\/types\/product"}],"replies":[{"embeddable":true,"href":"https:\/\/rckopen.com\/es\/wp-json\/wp\/v2\/comments?post=6231"}],"wp:featuredmedia":[{"embeddable":true,"href":"https:\/\/rckopen.com\/es\/wp-json\/wp\/v2\/media\/6265"}],"wp:attachment":[{"href":"https:\/\/rckopen.com\/es\/wp-json\/wp\/v2\/media?parent=6231"}],"wp:term":[{"taxonomy":"product_brand","embeddable":true,"href":"https:\/\/rckopen.com\/es\/wp-json\/wp\/v2\/product_brand?post=6231"},{"taxonomy":"product_cat","embeddable":true,"href":"https:\/\/rckopen.com\/es\/wp-json\/wp\/v2\/product_cat?post=6231"},{"taxonomy":"product_tag","embeddable":true,"href":"https:\/\/rckopen.com\/es\/wp-json\/wp\/v2\/product_tag?post=6231"}],"curies":[{"name":"wp","href":"https:\/\/api.w.org\/{rel}","templated":true}]}}