{"id":6268,"date":"2023-08-14T08:42:07","date_gmt":"2023-08-14T08:42:07","guid":{"rendered":"https:\/\/diligentplug.com\/chems\/?post_type=product&#038;p=6268"},"modified":"2025-01-11T08:44:02","modified_gmt":"2025-01-11T08:44:02","slug":"4-fma","status":"publish","type":"product","link":"https:\/\/rckopen.com\/es\/producto\/4-fma\/","title":{"rendered":"4-FMA"},"content":{"rendered":"<h2>Informaci\u00f3n general 4-FMA<\/h2>\n<p><a href=\"https:\/\/rckopen.com\/es\/producto\/4-fma\/\">Comprar 4-FMA en l\u00ednea<\/a>Comprar 4-FMA online, 4-Fluorometanfetamina (4-FMA) es un nuevo estimulante entact\u00f3geno menos popular de la clase de las anfetaminas. La 4-FMA se relaciona artificialmente con la 4-FA y la metanfetamina. Se sabe poco sobre su farmacolog\u00eda. Sin embargo, probablemente produce sus resultados aumentando los niveles de dopamina, noradrenalina y serotonina en la mente.<\/p>\n<h3>La composici\u00f3n qu\u00edmica de 4-FMA<\/h3>\n<p>El producto qu\u00edmico de investigaci\u00f3n 4-FMA, 4-Fluorometanfetamina es un nuevo estimulante y compuesto entact\u00f3geno. Estas mol\u00e9culas contienen un n\u00facleo de fenetilamina conectado a un anillo de fenilo en el amino (NH-2) unido a R a trav\u00e9s de una cadena que contiene sustituci\u00f3n etil-extrametil.<\/p>\n<p>Esta forma contiene el \u00e1tomo de fl\u00faor en R-4 de su anillo fenilo de alfa-metilfenetilamina. 4-fluorometanfetamina, por lo que es un an\u00e1logo fluorado de la metanfetamina.<\/p>\n<h3>Farmacolog\u00eda de la 4-FMA<\/h3>\n<p><a href=\"https:\/\/en.wikipedia.org\/wiki\/4-Fluoromethamphetamine\">4-FMA<\/a> La 4-FMA est\u00e1 relacionada con la 4-FA y la metanfetamina. La 4-FMA libera una sustancia similar a la dopamina. Aumenta la funci\u00f3n cerebral a un nivel superior, lo que lleva a resultados refrescantes y excitantes. Efectos conocidos incluyen alta productividad y enfoque que mejora la concentraci\u00f3n como con 4-FA.<\/p>\n<p>El impacto de estas sustancias qu\u00edmicas de investigaci\u00f3n puede conducir a una mayor apreciaci\u00f3n musical y proporcionar una sensaci\u00f3n de conexi\u00f3n. Provoca sus efectos aumentando los niveles de dopamina, noradrenalina y serotonina en el cerebro, pero se sabe poco sobre su farmacolog\u00eda.<\/p>\n<p>Comprar 4-FMA online se descubri\u00f3 por primera vez en Jap\u00f3n en 2006 para estudiar la 2-fluoroanfetamina (2-FA), la 3-fluoroanfetamina (3-FA) y la 4-fluoroanfetamina 4-FA.<\/p>\n<p>Los resultados de la 4-FMA se describen como subjetivamente encontrados entre la 4-FA y la 4-FMP y son similares a los de otras anfetaminas que contienen anfetaminas, como el XTC.<\/p>\n<h3>Comprar 4-FMA de alta calidad<\/h3>\n<p><a href=\"https:\/\/rckopen.com\/es\/\">Rckopen.com<\/a> RC Kopen cuenta con muchos a\u00f1os de experiencia en la industria del dise\u00f1o qu\u00edmico de investigaci\u00f3n, lo que nos permite garantizar la pureza de nuestros productos. En este sitio web, ahora encontrar\u00e1 4-FMA en polvo en nuestra gama. Los productos qu\u00edmicos de investigaci\u00f3n, incluidos los productos qu\u00edmicos de investigaci\u00f3n 4-FMA, se transportan, almacenan y guardan cuidadosamente en condiciones excelentes y secas.<\/p>\n<p>Almacene este producto en buenas condiciones para mantener una calidad constante. Mantener una calidad constante es esencial para la calidad de su producto. Puede causar irritaci\u00f3n respiratoria.<\/p>\n<p>Todos los productos qu\u00edmicos de investigaci\u00f3n se someten a pruebas peri\u00f3dicas de calidad, pureza y seguridad. C\u00f3mprelos ahora a un precio razonable.<\/p>\n<p>Si te gusta el polvo y quieres cosas impresionantes? Si le gustan las cosas impresionantes, puede comprar productos qu\u00edmicos de investigaci\u00f3n a precios razonables en nuestro sitio web. Puede comprar productos qu\u00edmicos de investigaci\u00f3n a precios asequibles visitando nuestro sitio web. Usted puede comprar f\u00e1cilmente productos qu\u00edmicos de investigaci\u00f3n en l\u00ednea a precios razonables.<\/p>\n<p>Su producto se empaquetar\u00e1 de forma inteligente y se enviar\u00e1 gratuitamente. Compre su producto s\u00f3lo con fines de investigaci\u00f3n. Le garantizamos un buen servicio cuando nos haga un pedido. Le garantizamos un buen servicio.<\/p>\n<p>Todos los productos, incluidos los qu\u00edmicos de investigaci\u00f3n 4-FAM o 4-FA, tienen un precio justo.<\/p>\n<h3>4-FMA probado en laboratorio con resultados.<\/h3>\n<p>RC Kopen avanza hacia la satisfacci\u00f3n global de sus clientes. Varias encuestas han demostrado que los clientes solicitan tantos datos como se espera antes de comprar productos qu\u00edmicos sint\u00e9ticos de investigaci\u00f3n. Adem\u00e1s, publicamos todas las consecuencias de laboratorio de cada producto qu\u00edmico de investigaci\u00f3n en un registro PDF.<\/p>\n<p>Nuestra 4-FMA cumple sistem\u00e1ticamente los principios activos y es claramente visible para todos.<\/p>\n<p>Distribuimos todas las consecuencias de laboratorio de cada producto qu\u00edmico de investigaci\u00f3n en un documento PDF.<\/p>\n<h3>Pedidos seguros a 4-FMA.<\/h3>\n<p>Los productos qu\u00edmicos de investigaci\u00f3n de dise\u00f1o de RC Kopen son de excelente calidad y tienen un precio justo. Por lo tanto, le garantizamos que cuando solicite sus productos qu\u00edmicos de investigaci\u00f3n en RC Kopen, le entregaremos su pedido a domicilio de forma r\u00e1pida y segura, ya que la venta de productos qu\u00edmicos de investigaci\u00f3n est\u00e1 siempre disponible en RC Kopen.<\/p>\n<p>Solicitar compuestos sint\u00e9ticos de investigaci\u00f3n con Bitcoin o transferencia bancaria es f\u00e1cil en RC Kopen.<\/p>\n<p>Enviamos el polvo para productos qu\u00edmicos de investigaci\u00f3n el mismo d\u00eda laborable si el pago se recibe antes de las 15:00 CEST.<\/p>\n<p>No entregamos art\u00edculos a menores de 18 a\u00f1os.<a href=\"https:\/\/rckopen.com\/es\/producto\/2-fma\/\">!<\/a><\/p>\n<p>La venta de productos qu\u00edmicos de investigaci\u00f3n s\u00f3lo tiene fines de investigaci\u00f3n.<\/p>\n<h3>Env\u00edo discreto de productos qu\u00edmicos de investigaci\u00f3n<a href=\"https:\/\/en.wikipedia.org\/wiki\/4-Fluoromethamphetamine\">.<\/a><\/h3>\n<p>RC Buy embalar\u00e1 su pedido de forma segura para garantizar un transporte adecuado. Adem\u00e1s, embalamos perfectamente discreto, y nada se muestra en el exterior de lo que podr\u00eda ser insidevBuy 4-FMA en l\u00ednea.<\/p>","protected":false},"excerpt":{"rendered":"<p><strong>Nombre IUPAC: <\/strong>nombre 1-(4-Fluorofenil)-N-metilpropan-2-amina<\/p>\n<p><strong>CAS # <\/strong>52063-62-4<\/p>\n<p><strong>Otro nombre: <\/strong>4-Fluorometanfetamina<\/p>\n<p><strong>Apariencia: <\/strong>polvo<\/p>\n<p><strong>Forma: <\/strong>HCL<\/p>\n<p><strong>An\u00e1lisis por RMN: <\/strong>C10H14FN - HCl<\/p>","protected":false},"featured_media":6322,"comment_status":"open","ping_status":"closed","template":"","meta":{"_joinchat":[]},"product_brand":[],"product_cat":[127],"product_tag":[],"class_list":{"0":"post-6268","1":"product","2":"type-product","3":"status-publish","4":"has-post-thumbnail","6":"product_cat-amfetamine","8":"first","9":"instock","10":"shipping-taxable","11":"purchasable","12":"product-type-variable"},"yoast_head":"<!-- This site is optimized with the Yoast SEO plugin v26.3 - https:\/\/yoast.com\/wordpress\/plugins\/seo\/ -->\n<title>Koop 4-FMA online - 4-FMA te kopen - Bestel 4-FMA<\/title>\n<meta name=\"description\" content=\"Koop 4-FMA online, dan zijn wij de juiste keuze voor jou. Onze medewerkers zullen je helpen 4-FMA online te kopen tegen goedkope tarieven.\" \/>\n<meta name=\"robots\" content=\"index, follow, max-snippet:-1, max-image-preview:large, max-video-preview:-1\" \/>\n<link rel=\"canonical\" href=\"https:\/\/rckopen.com\/es\/producto\/4-fma\/\" \/>\n<meta property=\"og:locale\" content=\"es_ES\" \/>\n<meta property=\"og:type\" content=\"article\" \/>\n<meta property=\"og:title\" content=\"Koop 4-FMA online - 4-FMA te kopen - Bestel 4-FMA\" \/>\n<meta property=\"og:description\" content=\"Koop 4-FMA online, dan zijn wij de juiste keuze voor jou. Onze medewerkers zullen je helpen 4-FMA online te kopen tegen goedkope tarieven.\" \/>\n<meta property=\"og:url\" content=\"https:\/\/rckopen.com\/es\/producto\/4-fma\/\" \/>\n<meta property=\"og:site_name\" content=\"RC Kopen\" \/>\n<meta property=\"article:modified_time\" content=\"2025-01-11T08:44:02+00:00\" \/>\n<meta property=\"og:image\" content=\"https:\/\/rckopen.com\/wp-content\/uploads\/2023\/08\/4-FMA.jpg\" \/>\n\t<meta property=\"og:image:width\" content=\"600\" \/>\n\t<meta property=\"og:image:height\" content=\"600\" \/>\n\t<meta property=\"og:image:type\" content=\"image\/jpeg\" \/>\n<meta name=\"twitter:card\" content=\"summary_large_image\" \/>\n<meta name=\"twitter:label1\" content=\"Tiempo de lectura\" \/>\n\t<meta name=\"twitter:data1\" content=\"4 minutos\" \/>\n<script type=\"application\/ld+json\" class=\"yoast-schema-graph\">{\"@context\":\"https:\/\/schema.org\",\"@graph\":[{\"@type\":\"WebPage\",\"@id\":\"https:\/\/rckopen.com\/product\/4-fma\/\",\"url\":\"https:\/\/rckopen.com\/product\/4-fma\/\",\"name\":\"Koop 4-FMA online - 4-FMA te kopen - Bestel 4-FMA\",\"isPartOf\":{\"@id\":\"https:\/\/rckopen.com\/#website\"},\"primaryImageOfPage\":{\"@id\":\"https:\/\/rckopen.com\/product\/4-fma\/#primaryimage\"},\"image\":{\"@id\":\"https:\/\/rckopen.com\/product\/4-fma\/#primaryimage\"},\"thumbnailUrl\":\"https:\/\/rckopen.com\/wp-content\/uploads\/2023\/08\/4-FMA.jpg\",\"datePublished\":\"2023-08-14T08:42:07+00:00\",\"dateModified\":\"2025-01-11T08:44:02+00:00\",\"description\":\"Koop 4-FMA online, dan zijn wij de juiste keuze voor jou. Onze medewerkers zullen je helpen 4-FMA online te kopen tegen goedkope tarieven.\",\"breadcrumb\":{\"@id\":\"https:\/\/rckopen.com\/product\/4-fma\/#breadcrumb\"},\"inLanguage\":\"es\",\"potentialAction\":[{\"@type\":\"ReadAction\",\"target\":[\"https:\/\/rckopen.com\/product\/4-fma\/\"]}]},{\"@type\":\"ImageObject\",\"inLanguage\":\"es\",\"@id\":\"https:\/\/rckopen.com\/product\/4-fma\/#primaryimage\",\"url\":\"https:\/\/rckopen.com\/wp-content\/uploads\/2023\/08\/4-FMA.jpg\",\"contentUrl\":\"https:\/\/rckopen.com\/wp-content\/uploads\/2023\/08\/4-FMA.jpg\",\"width\":600,\"height\":600,\"caption\":\"Koop 4-FMA online\"},{\"@type\":\"BreadcrumbList\",\"@id\":\"https:\/\/rckopen.com\/product\/4-fma\/#breadcrumb\",\"itemListElement\":[{\"@type\":\"ListItem\",\"position\":1,\"name\":\"Home\",\"item\":\"https:\/\/rckopen.com\/\"},{\"@type\":\"ListItem\",\"position\":2,\"name\":\"Shop\",\"item\":\"https:\/\/rckopen.com\/shop\/\"},{\"@type\":\"ListItem\",\"position\":3,\"name\":\"4-FMA\"}]},{\"@type\":\"WebSite\",\"@id\":\"https:\/\/rckopen.com\/#website\",\"url\":\"https:\/\/rckopen.com\/\",\"name\":\"RC Kopen\",\"description\":\"Research Chemicals\",\"potentialAction\":[{\"@type\":\"SearchAction\",\"target\":{\"@type\":\"EntryPoint\",\"urlTemplate\":\"https:\/\/rckopen.com\/?s={search_term_string}\"},\"query-input\":{\"@type\":\"PropertyValueSpecification\",\"valueRequired\":true,\"valueName\":\"search_term_string\"}}],\"inLanguage\":\"es\"}]}<\/script>\n<!-- \/ Yoast SEO plugin. -->","yoast_head_json":{"title":"Koop 4-FMA online - 4-FMA te kopen - Bestel 4-FMA","description":"Koop 4-FMA online, dan zijn wij de juiste keuze voor jou. Onze medewerkers zullen je helpen 4-FMA online te kopen tegen goedkope tarieven.","robots":{"index":"index","follow":"follow","max-snippet":"max-snippet:-1","max-image-preview":"max-image-preview:large","max-video-preview":"max-video-preview:-1"},"canonical":"https:\/\/rckopen.com\/es\/producto\/4-fma\/","og_locale":"es_ES","og_type":"article","og_title":"Koop 4-FMA online - 4-FMA te kopen - Bestel 4-FMA","og_description":"Koop 4-FMA online, dan zijn wij de juiste keuze voor jou. Onze medewerkers zullen je helpen 4-FMA online te kopen tegen goedkope tarieven.","og_url":"https:\/\/rckopen.com\/es\/producto\/4-fma\/","og_site_name":"RC Kopen","article_modified_time":"2025-01-11T08:44:02+00:00","og_image":[{"width":600,"height":600,"url":"https:\/\/rckopen.com\/wp-content\/uploads\/2023\/08\/4-FMA.jpg","type":"image\/jpeg"}],"twitter_card":"summary_large_image","twitter_misc":{"Tiempo de lectura":"4 minutos"},"schema":{"@context":"https:\/\/schema.org","@graph":[{"@type":"WebPage","@id":"https:\/\/rckopen.com\/product\/4-fma\/","url":"https:\/\/rckopen.com\/product\/4-fma\/","name":"Koop 4-FMA online - 4-FMA te kopen - Bestel 4-FMA","isPartOf":{"@id":"https:\/\/rckopen.com\/#website"},"primaryImageOfPage":{"@id":"https:\/\/rckopen.com\/product\/4-fma\/#primaryimage"},"image":{"@id":"https:\/\/rckopen.com\/product\/4-fma\/#primaryimage"},"thumbnailUrl":"https:\/\/rckopen.com\/wp-content\/uploads\/2023\/08\/4-FMA.jpg","datePublished":"2023-08-14T08:42:07+00:00","dateModified":"2025-01-11T08:44:02+00:00","description":"Koop 4-FMA online, dan zijn wij de juiste keuze voor jou. Onze medewerkers zullen je helpen 4-FMA online te kopen tegen goedkope tarieven.","breadcrumb":{"@id":"https:\/\/rckopen.com\/product\/4-fma\/#breadcrumb"},"inLanguage":"es","potentialAction":[{"@type":"ReadAction","target":["https:\/\/rckopen.com\/product\/4-fma\/"]}]},{"@type":"ImageObject","inLanguage":"es","@id":"https:\/\/rckopen.com\/product\/4-fma\/#primaryimage","url":"https:\/\/rckopen.com\/wp-content\/uploads\/2023\/08\/4-FMA.jpg","contentUrl":"https:\/\/rckopen.com\/wp-content\/uploads\/2023\/08\/4-FMA.jpg","width":600,"height":600,"caption":"Koop 4-FMA online"},{"@type":"BreadcrumbList","@id":"https:\/\/rckopen.com\/product\/4-fma\/#breadcrumb","itemListElement":[{"@type":"ListItem","position":1,"name":"Home","item":"https:\/\/rckopen.com\/"},{"@type":"ListItem","position":2,"name":"Shop","item":"https:\/\/rckopen.com\/shop\/"},{"@type":"ListItem","position":3,"name":"4-FMA"}]},{"@type":"WebSite","@id":"https:\/\/rckopen.com\/#website","url":"https:\/\/rckopen.com\/","name":"RC Kopen","description":"Research Chemicals","potentialAction":[{"@type":"SearchAction","target":{"@type":"EntryPoint","urlTemplate":"https:\/\/rckopen.com\/?s={search_term_string}"},"query-input":{"@type":"PropertyValueSpecification","valueRequired":true,"valueName":"search_term_string"}}],"inLanguage":"es"}]}},"_links":{"self":[{"href":"https:\/\/rckopen.com\/es\/wp-json\/wp\/v2\/product\/6268","targetHints":{"allow":["GET"]}}],"collection":[{"href":"https:\/\/rckopen.com\/es\/wp-json\/wp\/v2\/product"}],"about":[{"href":"https:\/\/rckopen.com\/es\/wp-json\/wp\/v2\/types\/product"}],"replies":[{"embeddable":true,"href":"https:\/\/rckopen.com\/es\/wp-json\/wp\/v2\/comments?post=6268"}],"wp:featuredmedia":[{"embeddable":true,"href":"https:\/\/rckopen.com\/es\/wp-json\/wp\/v2\/media\/6322"}],"wp:attachment":[{"href":"https:\/\/rckopen.com\/es\/wp-json\/wp\/v2\/media?parent=6268"}],"wp:term":[{"taxonomy":"product_brand","embeddable":true,"href":"https:\/\/rckopen.com\/es\/wp-json\/wp\/v2\/product_brand?post=6268"},{"taxonomy":"product_cat","embeddable":true,"href":"https:\/\/rckopen.com\/es\/wp-json\/wp\/v2\/product_cat?post=6268"},{"taxonomy":"product_tag","embeddable":true,"href":"https:\/\/rckopen.com\/es\/wp-json\/wp\/v2\/product_tag?post=6268"}],"curies":[{"name":"wp","href":"https:\/\/api.w.org\/{rel}","templated":true}]}}