{"id":6269,"date":"2023-08-14T08:42:16","date_gmt":"2023-08-14T08:42:16","guid":{"rendered":"https:\/\/diligentplug.com\/chems\/?post_type=product&#038;p=6269"},"modified":"2025-01-31T05:15:11","modified_gmt":"2025-01-31T05:15:11","slug":"4-fea","status":"publish","type":"product","link":"https:\/\/rckopen.com\/es\/producto\/4-fea\/","title":{"rendered":"Comprar 4-FEA en l\u00ednea"},"content":{"rendered":"<h2>Comprar 4-FEA en l\u00ednea<\/h2>\n<p><a href=\"https:\/\/rckopen.com\/es\/producto\/4-fea\/\">Comprar 4-FEA<\/a>, Bij <a href=\"https:\/\/rckopen.com\/es\/\">Rckopen.com<\/a> \u00bfPuedes comprar 4-FMA confiable para fines de investigaci\u00f3n? La 4-FMA pertenece al subgrupo de las anfetaminas y tiene efectos similares al MDMA, incluyendo euforia, energ\u00eda y mayor empat\u00eda. La dosis de 4-FMA afecta la intensidad del estudio, y es recomendable comprarlo de un vendedor de buena reputaci\u00f3n como Funcaps para garantizar la calidad y el origen. Tenga en cuenta que el 4-FMA no est\u00e1 destinado al consumo humano y debe manipularse y almacenarse de forma segura.<\/p>\n<h1><strong>4 FMA<\/strong><\/h1>\n<p><a href=\"https:\/\/en.wikipedia.org\/wiki\/4-Fluoromethamphetamine\">4-FMA<\/a>, cuyo nombre cient\u00edfico es 4-fluorometanfetamina, es un subtipo de anfetamina. La primera venta oficial del 4 FMA fue en 2006 en Jap\u00f3n. Este producto qu\u00edmico de investigaci\u00f3n, al igual que los productos qu\u00edmicos de investigaci\u00f3n s\u00faper populares 2-FA y 3-FA, se ha vuelto cada vez m\u00e1s popular en los Pa\u00edses Bajos a lo largo de los a\u00f1os. Esta popularidad, que ha aumentado en los Pa\u00edses Bajos desde 2007, se debe tambi\u00e9n a los efectos estudiados. Si desea comprar 4 FMA para fines de investigaci\u00f3n, le recomendamos que lo haga a trav\u00e9s de un proveedor confiable como Funcaps. La raz\u00f3n de esto es que garantizamos tanto la calidad como el origen del material de investigaci\u00f3n adquirido. Adem\u00e1s, el efecto FMA order4 puede tener diferentes resultados en tu investigaci\u00f3n cuando lo compras de un vendedor no confiable, entonces no est\u00e1s seguro de qu\u00e9 contiene.<\/p>\n<div data-content-type=\"row\" data-appearance=\"contained\" data-element=\"main\">\n<div data-enable-parallax=\"0\" data-parallax-speed=\"0.5\" data-background-images=\"{}\" data-background-type=\"image\" data-video-loop=\"true\" data-video-play-only-visible=\"true\" data-video-lazy-load=\"true\" data-video-fallback-src=\"\" data-element=\"inner\" data-pb-style=\"SM2UFQT\">\n<div data-content-type=\"text\" data-appearance=\"default\" data-element=\"main\">\n<h2>FUNCIONAMIENTO 4-FMA<\/h2>\n<p>Se han realizado investigaciones sobre los efectos de la 4-Fluorometanfetamina. Los efectos de la 4 FMA var\u00edan de un estudio a otro, no hay dos estudios iguales, por supuesto. As\u00ed que la experiencia medida de la 4 FMA puede variar de un estudio a otro, pero el hilo com\u00fan es el siguiente: se dice que tiene un efecto similar a la MDMA aumentando las experiencias euf\u00f3ricas. Tambi\u00e9n se dice que da m\u00e1s energ\u00eda. El aumento de los sentimientos de felicidad y calidez, tambi\u00e9n llamado \"sensaci\u00f3n de abrazo\", est\u00e1 en consonancia con el aumento de la empat\u00eda experimentada. Tambi\u00e9n aumenta los sentimientos de uni\u00f3n y la necesidad de abrirse a los dem\u00e1s de forma verbal. Esto concuerda con otras investigaciones qu\u00edmicas probadas en un entorno controlado. \u00bfNo es \u00e9sta la investigaci\u00f3n que est\u00e1 buscando? Entonces eche un vistazo a otras sustancias qu\u00edmicas de investigaci\u00f3n populares, como las catinonas.<\/p>\n<p>Tenga en cuenta que toda la informaci\u00f3n sobre estos productos qu\u00edmicos de investigaci\u00f3n y los propios productos qu\u00edmicos de investigaci\u00f3n tienen \u00fanicamente fines educativos y de investigaci\u00f3n. Estos productos no son suplementos y no son aptos para el consumo humano.<\/p>\n<p>Adem\u00e1s, al tratarse de una anfetamina, la experiencia con 4-FMA puede provocar crujir de dientes y quitar el apetito. Las investigaciones tambi\u00e9n demuestran que el efecto de sobrecalentamiento es menos problem\u00e1tico que con otras anfetaminas conocidas. En lo que s\u00ed coinciden es en que, al igual que ocurre, por ejemplo, con XTC, la dosis de 4 FMA influye directamente en la intensidad con la que se \"absorbe\" la m\u00fasica en el cuerpo. Por \u00faltimo, pero no por ello menos importante, el estudio se\u00f1ala que el efecto emp\u00e1tico es m\u00e1s notable en las tres primeras horas, tras lo cual en la hora siguiente la 4 FMA tiene un efecto energ\u00e9tico. Todo esto puede tardar hasta una hora en notarse.<\/p>\n<p>Adem\u00e1s, seg\u00fan la investigaci\u00f3n y los usuarios que compartieron sus opiniones en l\u00ednea, el siguiente es un efecto secundario esperado: 4-FMA puede actuar entre cuatro y seis horas. Escenarios en los que se tom\u00f3 m\u00e1s despu\u00e9s de una dosis inicial condujo a un efecto notable de 24 horas. Tambi\u00e9n se observa que los efectos notables de la compra de 4-FEA son mucho en comparaci\u00f3n con las drogas prohibidas como la MDMA. Debe tenerse en cuenta que los efectos perceptibles pueden variar y variar\u00e1n de una situaci\u00f3n de investigaci\u00f3n a otra. Al igual que las personas, no hay dos estudios iguales.<\/p>\n<\/div>\n<\/div>\n<\/div>\n<div data-content-type=\"row\" data-appearance=\"contained\" data-element=\"main\">\n<div data-enable-parallax=\"0\" data-parallax-speed=\"0.5\" data-background-images=\"{}\" data-background-type=\"image\" data-video-loop=\"true\" data-video-play-only-visible=\"true\" data-video-lazy-load=\"true\" data-video-fallback-src=\"\" data-element=\"inner\" data-pb-style=\"PDUI88Q\">\n<div data-content-type=\"text\" data-appearance=\"default\" data-element=\"main\">\n<h2>DOSIFICACI\u00d3N 4-FMA<\/h2>\n<p>La medida en que los efectos de la 4 FMA son perceptibles est\u00e1 directamente relacionada con la dosis estudiada. Las dosis generalmente normales utilizadas para la investigaci\u00f3n se sit\u00faan entre 70 y 140 mg. Normalmente, la 4 FMA se presenta en forma de polvo de aspecto blanco. Este polvo tambi\u00e9n puede presentarse en forma de c\u00e1psula o gr\u00e1nulo. Una dosis m\u00e1s alta puede hacer que los resultados de la investigaci\u00f3n se noten a mayor altitud. En dosis altas, se dice que uno de los mayores efectos secundarios es el insomnio.<\/p>\n<\/div>\n<\/div>\n<\/div>\n<div data-content-type=\"row\" data-appearance=\"contained\" data-element=\"main\">\n<div data-enable-parallax=\"0\" data-parallax-speed=\"0.5\" data-background-images=\"{}\" data-background-type=\"image\" data-video-loop=\"true\" data-video-play-only-visible=\"true\" data-video-lazy-load=\"true\" data-video-fallback-src=\"\" data-element=\"inner\" data-pb-style=\"D1DX3KR\">\n<div data-content-type=\"text\" data-appearance=\"default\" data-element=\"main\">\n<h2>C\u00d3MO ENTREGAMOS<\/h2>\n<p>Todos nuestros paquetes se entregan a trav\u00e9s de DHL o PostNL. DHL para env\u00edos al extranjero y PostNL para env\u00edos nacionales. Si realiza el pedido antes de las 16.30 horas de un d\u00eda laborable, se env\u00eda el mismo d\u00eda. Adem\u00e1s, el embalaje se realiza con total discreci\u00f3n. As\u00ed, dentro de Holanda, tenemos cuatro opciones de entrega. A saber:<\/p>\n<ul>\n<li>Un env\u00edo normal, se trata de un pedido en un sobre en blanco sin remitente. El plazo de entrega es de uno a dos d\u00edas aproximadamente.<\/li>\n<li>Env\u00edo con seguimiento y localizaci\u00f3n, igual que el anterior s\u00f3lo que con seguimiento y localizaci\u00f3n<\/li>\n<li>Env\u00edo \"Horario especial\", este pedido con seguimiento y localizaci\u00f3n se entregar\u00e1 a una hora concreta<\/li>\n<li>Punto de recogida PostNL, aqu\u00ed puede elegir recoger su paquete en un punto de recogida PostNL cercano a su domicilio<\/li>\n<\/ul>\n<\/div>\n<\/div>\n<\/div>\n<div data-content-type=\"row\" data-appearance=\"contained\" data-element=\"main\">\n<div data-enable-parallax=\"0\" data-parallax-speed=\"0.5\" data-background-images=\"{}\" data-background-type=\"image\" data-video-loop=\"true\" data-video-play-only-visible=\"true\" data-video-lazy-load=\"true\" data-video-fallback-src=\"\" data-element=\"inner\" data-pb-style=\"P3WNWOB\">\n<div data-content-type=\"text\" data-appearance=\"default\" data-element=\"main\">\n<h2>RECOMENDACIONES DE SEGURIDAD EN TORNO A LAS INVESTIGACIONES 4 FMA<\/h2>\n<p>En caso de contacto de 4 FMA con los ojos: Aclarar cuidadosamente con agua durante al menos 10 a 15 minutos, quitar las lentes de contacto si es necesario. En caso de contacto con la piel: Aclarar con agua, si es posible tambi\u00e9n con jab\u00f3n. En caso de inhalaci\u00f3n: Respirar aire fresco y adoptar una posici\u00f3n que favorezca la respiraci\u00f3n.<a href=\"https:\/\/en.wikipedia.org\/w\/index.php?search=4-FEA&amp;title=Special%3ASearch&amp;ns0=1\">.<\/a><\/p>\n<p>No exponer 4-FMA a fuentes de calor. Almac\u00e9nelo en un ambiente seco a temperatura ambiente y gu\u00e1rdelo en un envase adecuado. Mant\u00e9ngalo fuera del alcance de los ni\u00f1os. La buena estabilidad de comprar 4-FEA en las condiciones anteriores puede durar hasta dos a\u00f1os<a href=\"https:\/\/rckopen.com\/es\/producto\/dmc-dimethocaine-freebase\/\">.<\/a><\/p>\n<\/div>\n<\/div>\n<\/div>","protected":false},"excerpt":{"rendered":"<p>Nombre IUPAC: N-etil-4-fluoro-\u03b1-metil-bencenoetanamina, monohidrocloruro<\/p>\n<p><strong>CAS # <\/strong>3823-31-2<\/p>\n<p><strong>Otro nombre: <\/strong>4-Fluoroetanfetamina (clorhidrato)<\/p>\n<p><strong>Apariencia: <\/strong>polvo<\/p>\n<p><strong>Forma: <\/strong>null<\/p>\n<p><strong>An\u00e1lisis por RMN: <\/strong>C11H16FN - HCl<\/p>","protected":false},"featured_media":6323,"comment_status":"open","ping_status":"closed","template":"","meta":{"_joinchat":[]},"product_brand":[],"product_cat":[127],"product_tag":[],"class_list":{"0":"post-6269","1":"product","2":"type-product","3":"status-publish","4":"has-post-thumbnail","6":"product_cat-amfetamine","8":"first","9":"instock","10":"shipping-taxable","11":"purchasable","12":"product-type-variable"},"yoast_head":"<!-- This site is optimized with the Yoast SEO plugin v26.3 - https:\/\/yoast.com\/wordpress\/plugins\/seo\/ -->\n<title>4-FEA online kopen - 4-FMA te koop<\/title>\n<meta name=\"description\" content=\"4-FEA online kopen, Als je 4-FEA uit onze RC kopen-winkel nog niet hebt geprobeerd, dan mis je veel. Wij helpen u 4-FEA te koop tegen goedkope tarieven te kopen.\" \/>\n<meta name=\"robots\" content=\"index, follow, max-snippet:-1, max-image-preview:large, max-video-preview:-1\" \/>\n<link rel=\"canonical\" href=\"https:\/\/rckopen.com\/es\/producto\/4-fea\/\" \/>\n<meta property=\"og:locale\" content=\"es_ES\" \/>\n<meta property=\"og:type\" content=\"article\" \/>\n<meta property=\"og:title\" content=\"4-FEA online kopen - 4-FMA te koop\" \/>\n<meta property=\"og:description\" content=\"4-FEA online kopen, Als je 4-FEA uit onze RC kopen-winkel nog niet hebt geprobeerd, dan mis je veel. Wij helpen u 4-FEA te koop tegen goedkope tarieven te kopen.\" \/>\n<meta property=\"og:url\" content=\"https:\/\/rckopen.com\/es\/producto\/4-fea\/\" \/>\n<meta property=\"og:site_name\" content=\"RC Kopen\" \/>\n<meta property=\"article:modified_time\" content=\"2025-01-31T05:15:11+00:00\" \/>\n<meta property=\"og:image\" content=\"https:\/\/rckopen.com\/wp-content\/uploads\/2023\/08\/4-FEA.jpg\" \/>\n\t<meta property=\"og:image:width\" content=\"600\" \/>\n\t<meta property=\"og:image:height\" content=\"600\" \/>\n\t<meta property=\"og:image:type\" content=\"image\/jpeg\" \/>\n<meta name=\"twitter:card\" content=\"summary_large_image\" \/>\n<meta name=\"twitter:label1\" content=\"Tiempo de lectura\" \/>\n\t<meta name=\"twitter:data1\" content=\"5 minutos\" \/>\n<script type=\"application\/ld+json\" class=\"yoast-schema-graph\">{\"@context\":\"https:\/\/schema.org\",\"@graph\":[{\"@type\":\"WebPage\",\"@id\":\"https:\/\/rckopen.com\/product\/4-fea\/\",\"url\":\"https:\/\/rckopen.com\/product\/4-fea\/\",\"name\":\"4-FEA online kopen - 4-FMA te koop\",\"isPartOf\":{\"@id\":\"https:\/\/rckopen.com\/#website\"},\"primaryImageOfPage\":{\"@id\":\"https:\/\/rckopen.com\/product\/4-fea\/#primaryimage\"},\"image\":{\"@id\":\"https:\/\/rckopen.com\/product\/4-fea\/#primaryimage\"},\"thumbnailUrl\":\"https:\/\/rckopen.com\/wp-content\/uploads\/2023\/08\/4-FEA.jpg\",\"datePublished\":\"2023-08-14T08:42:16+00:00\",\"dateModified\":\"2025-01-31T05:15:11+00:00\",\"description\":\"4-FEA online kopen, Als je 4-FEA uit onze RC kopen-winkel nog niet hebt geprobeerd, dan mis je veel. Wij helpen u 4-FEA te koop tegen goedkope tarieven te kopen.\",\"breadcrumb\":{\"@id\":\"https:\/\/rckopen.com\/product\/4-fea\/#breadcrumb\"},\"inLanguage\":\"es\",\"potentialAction\":[{\"@type\":\"ReadAction\",\"target\":[\"https:\/\/rckopen.com\/product\/4-fea\/\"]}]},{\"@type\":\"ImageObject\",\"inLanguage\":\"es\",\"@id\":\"https:\/\/rckopen.com\/product\/4-fea\/#primaryimage\",\"url\":\"https:\/\/rckopen.com\/wp-content\/uploads\/2023\/08\/4-FEA.jpg\",\"contentUrl\":\"https:\/\/rckopen.com\/wp-content\/uploads\/2023\/08\/4-FEA.jpg\",\"width\":600,\"height\":600,\"caption\":\"4-FEA online kopen\"},{\"@type\":\"BreadcrumbList\",\"@id\":\"https:\/\/rckopen.com\/product\/4-fea\/#breadcrumb\",\"itemListElement\":[{\"@type\":\"ListItem\",\"position\":1,\"name\":\"Home\",\"item\":\"https:\/\/rckopen.com\/\"},{\"@type\":\"ListItem\",\"position\":2,\"name\":\"Shop\",\"item\":\"https:\/\/rckopen.com\/shop\/\"},{\"@type\":\"ListItem\",\"position\":3,\"name\":\"4-FEA online kopen\"}]},{\"@type\":\"WebSite\",\"@id\":\"https:\/\/rckopen.com\/#website\",\"url\":\"https:\/\/rckopen.com\/\",\"name\":\"RC Kopen\",\"description\":\"Research Chemicals\",\"potentialAction\":[{\"@type\":\"SearchAction\",\"target\":{\"@type\":\"EntryPoint\",\"urlTemplate\":\"https:\/\/rckopen.com\/?s={search_term_string}\"},\"query-input\":{\"@type\":\"PropertyValueSpecification\",\"valueRequired\":true,\"valueName\":\"search_term_string\"}}],\"inLanguage\":\"es\"}]}<\/script>\n<!-- \/ Yoast SEO plugin. -->","yoast_head_json":{"title":"4-FEA online kopen - 4-FMA te koop","description":"4-FEA online kopen, Als je 4-FEA uit onze RC kopen-winkel nog niet hebt geprobeerd, dan mis je veel. Wij helpen u 4-FEA te koop tegen goedkope tarieven te kopen.","robots":{"index":"index","follow":"follow","max-snippet":"max-snippet:-1","max-image-preview":"max-image-preview:large","max-video-preview":"max-video-preview:-1"},"canonical":"https:\/\/rckopen.com\/es\/producto\/4-fea\/","og_locale":"es_ES","og_type":"article","og_title":"4-FEA online kopen - 4-FMA te koop","og_description":"4-FEA online kopen, Als je 4-FEA uit onze RC kopen-winkel nog niet hebt geprobeerd, dan mis je veel. Wij helpen u 4-FEA te koop tegen goedkope tarieven te kopen.","og_url":"https:\/\/rckopen.com\/es\/producto\/4-fea\/","og_site_name":"RC Kopen","article_modified_time":"2025-01-31T05:15:11+00:00","og_image":[{"width":600,"height":600,"url":"https:\/\/rckopen.com\/wp-content\/uploads\/2023\/08\/4-FEA.jpg","type":"image\/jpeg"}],"twitter_card":"summary_large_image","twitter_misc":{"Tiempo de lectura":"5 minutos"},"schema":{"@context":"https:\/\/schema.org","@graph":[{"@type":"WebPage","@id":"https:\/\/rckopen.com\/product\/4-fea\/","url":"https:\/\/rckopen.com\/product\/4-fea\/","name":"4-FEA online kopen - 4-FMA te koop","isPartOf":{"@id":"https:\/\/rckopen.com\/#website"},"primaryImageOfPage":{"@id":"https:\/\/rckopen.com\/product\/4-fea\/#primaryimage"},"image":{"@id":"https:\/\/rckopen.com\/product\/4-fea\/#primaryimage"},"thumbnailUrl":"https:\/\/rckopen.com\/wp-content\/uploads\/2023\/08\/4-FEA.jpg","datePublished":"2023-08-14T08:42:16+00:00","dateModified":"2025-01-31T05:15:11+00:00","description":"4-FEA online kopen, Als je 4-FEA uit onze RC kopen-winkel nog niet hebt geprobeerd, dan mis je veel. Wij helpen u 4-FEA te koop tegen goedkope tarieven te kopen.","breadcrumb":{"@id":"https:\/\/rckopen.com\/product\/4-fea\/#breadcrumb"},"inLanguage":"es","potentialAction":[{"@type":"ReadAction","target":["https:\/\/rckopen.com\/product\/4-fea\/"]}]},{"@type":"ImageObject","inLanguage":"es","@id":"https:\/\/rckopen.com\/product\/4-fea\/#primaryimage","url":"https:\/\/rckopen.com\/wp-content\/uploads\/2023\/08\/4-FEA.jpg","contentUrl":"https:\/\/rckopen.com\/wp-content\/uploads\/2023\/08\/4-FEA.jpg","width":600,"height":600,"caption":"4-FEA online kopen"},{"@type":"BreadcrumbList","@id":"https:\/\/rckopen.com\/product\/4-fea\/#breadcrumb","itemListElement":[{"@type":"ListItem","position":1,"name":"Home","item":"https:\/\/rckopen.com\/"},{"@type":"ListItem","position":2,"name":"Shop","item":"https:\/\/rckopen.com\/shop\/"},{"@type":"ListItem","position":3,"name":"4-FEA online kopen"}]},{"@type":"WebSite","@id":"https:\/\/rckopen.com\/#website","url":"https:\/\/rckopen.com\/","name":"RC Kopen","description":"Research Chemicals","potentialAction":[{"@type":"SearchAction","target":{"@type":"EntryPoint","urlTemplate":"https:\/\/rckopen.com\/?s={search_term_string}"},"query-input":{"@type":"PropertyValueSpecification","valueRequired":true,"valueName":"search_term_string"}}],"inLanguage":"es"}]}},"_links":{"self":[{"href":"https:\/\/rckopen.com\/es\/wp-json\/wp\/v2\/product\/6269","targetHints":{"allow":["GET"]}}],"collection":[{"href":"https:\/\/rckopen.com\/es\/wp-json\/wp\/v2\/product"}],"about":[{"href":"https:\/\/rckopen.com\/es\/wp-json\/wp\/v2\/types\/product"}],"replies":[{"embeddable":true,"href":"https:\/\/rckopen.com\/es\/wp-json\/wp\/v2\/comments?post=6269"}],"wp:featuredmedia":[{"embeddable":true,"href":"https:\/\/rckopen.com\/es\/wp-json\/wp\/v2\/media\/6323"}],"wp:attachment":[{"href":"https:\/\/rckopen.com\/es\/wp-json\/wp\/v2\/media?parent=6269"}],"wp:term":[{"taxonomy":"product_brand","embeddable":true,"href":"https:\/\/rckopen.com\/es\/wp-json\/wp\/v2\/product_brand?post=6269"},{"taxonomy":"product_cat","embeddable":true,"href":"https:\/\/rckopen.com\/es\/wp-json\/wp\/v2\/product_cat?post=6269"},{"taxonomy":"product_tag","embeddable":true,"href":"https:\/\/rckopen.com\/es\/wp-json\/wp\/v2\/product_tag?post=6269"}],"curies":[{"name":"wp","href":"https:\/\/api.w.org\/{rel}","templated":true}]}}