{"id":6272,"date":"2023-08-14T08:45:05","date_gmt":"2023-08-14T08:45:05","guid":{"rendered":"https:\/\/diligentplug.com\/chems\/?post_type=product&#038;p=6272"},"modified":"2025-02-06T06:34:26","modified_gmt":"2025-02-06T06:34:26","slug":"pyrazolam","status":"publish","type":"product","link":"https:\/\/rckopen.com\/es\/producto\/pirazolam\/","title":{"rendered":"Comprar pirazolam en l\u00ednea"},"content":{"rendered":"<h2>Comprar pirazolam en l\u00ednea<\/h2>\n<p>Excepcionalmente discreta entrega de las mejores. <a href=\"https:\/\/rckopen.com\/es\/producto\/pirazolam\/\">Pellets de pirazolam<\/a> (25x3mg).<\/p>\n<p>\u00a1La jornada laboral para las 19.30 horas es simplemente fant\u00e1stica!<\/p>\n<p>Advertencia: No compramos a nadie menor de 21 a\u00f1os.<\/p>\n<p>Este producto, Pellets de pirazolam (25x3 mg), puede ser nocivo y no es apto para el consumo. \u00bfTiene en cuenta que el incumplimiento de nuestras instrucciones de seguridad podr\u00eda acarrear graves riesgos para la salud? \u00bfEstar\u00eda usted interesado en nuestras normas de seguridad?<\/p>\n<h3>Comprar pirazolam en l\u00ednea<\/h3>\n<p>El pirazolam se introdujo por primera vez en 1976 y sali\u00f3 a la venta en 2016. Al igual que el bromazolam, el norflurazepam y el descloroetizolam, el pirazolam es qu\u00edmicamente similar a las benzodiazepinas. Vendemos pastillas de pirazolam en 25 unidades de 3 mg. Este producto es ideal para onderzoeksdoeleinden y definitivamente no es apto para el consumo. Antes de fabricarlo, era un ni\u00f1o y un ama de casa. Gracias por utilizar las pol\u00edticas de seguridad de nuestro sitio web. Enviamos todos nuestros productos a todos los Pa\u00edses Bajos. <a href=\"https:\/\/rckopen.com\/es\/\">RC Kopen<\/a><\/p>\n<h3>Eliminaci\u00f3n de pirazolam<\/h3>\n<p>Los pellets de pirazolam se envasan en bolsas de distintos colores y grosores:<br \/>\nOro = dos, P\u00farpura = cinco, Azul = diez, Negro = veinticinco, Plata = uno.<\/p>\n<p>Consulte el prospecto del paquete aqu\u00ed.<br \/>\nAqu\u00ed en V.I.B.<\/p>","protected":false},"excerpt":{"rendered":"<p><strong>Nombre IUPAC: <\/strong>8-Bromo-1-methyl-6-(pyridin-2-yl)-4H-[1,2,4]triazolo[4,3-a][1,4]benzodiazepine<\/p>\n<p><strong>CAS # <\/strong>39243-02-2<\/p>\n<p><strong>Apariencia: <\/strong>polvo<\/p>\n<p><strong>Forma: <\/strong>polvo<\/p>\n<p><strong>An\u00e1lisis por RMN: <\/strong>C16H12BrN5<\/p>","protected":false},"featured_media":6326,"comment_status":"open","ping_status":"closed","template":"","meta":{"_joinchat":[]},"product_brand":[],"product_cat":[128],"product_tag":[],"class_list":{"0":"post-6272","1":"product","2":"type-product","3":"status-publish","4":"has-post-thumbnail","6":"product_cat-benzodiazepinen","8":"first","9":"instock","10":"shipping-taxable","11":"purchasable","12":"product-type-variable"},"yoast_head":"<!-- This site is optimized with the Yoast SEO plugin v26.3 - https:\/\/yoast.com\/wordpress\/plugins\/seo\/ -->\n<title>Pyrazolam online kopen - Pyrazolam te koop | RC Kopen<\/title>\n<meta name=\"description\" content=\"Pyrazolam online kopen in onze vertrouwde RC Kopen-winkel. Hier is de kans om Pyrazolam te koop te kopen tegen goedkope prijzen. Plaats uw bestelling en ontvang uw product op tijd.\" \/>\n<meta name=\"robots\" content=\"index, follow, max-snippet:-1, max-image-preview:large, max-video-preview:-1\" \/>\n<link rel=\"canonical\" href=\"https:\/\/rckopen.com\/es\/producto\/pirazolam\/\" \/>\n<meta property=\"og:locale\" content=\"es_ES\" \/>\n<meta property=\"og:type\" content=\"article\" \/>\n<meta property=\"og:title\" content=\"Pyrazolam online kopen - Pyrazolam te koop | RC Kopen\" \/>\n<meta property=\"og:description\" content=\"Pyrazolam online kopen in onze vertrouwde RC Kopen-winkel. Hier is de kans om Pyrazolam te koop te kopen tegen goedkope prijzen. Plaats uw bestelling en ontvang uw product op tijd.\" \/>\n<meta property=\"og:url\" content=\"https:\/\/rckopen.com\/es\/producto\/pirazolam\/\" \/>\n<meta property=\"og:site_name\" content=\"RC Kopen\" \/>\n<meta property=\"article:modified_time\" content=\"2025-02-06T06:34:26+00:00\" \/>\n<meta property=\"og:image\" content=\"https:\/\/rckopen.com\/wp-content\/uploads\/2023\/08\/Pyrazolam.jpg\" \/>\n\t<meta property=\"og:image:width\" content=\"600\" \/>\n\t<meta property=\"og:image:height\" content=\"600\" \/>\n\t<meta property=\"og:image:type\" content=\"image\/jpeg\" \/>\n<meta name=\"twitter:card\" content=\"summary_large_image\" \/>\n<meta name=\"twitter:label1\" content=\"Tiempo de lectura\" \/>\n\t<meta name=\"twitter:data1\" content=\"1 minuto\" \/>\n<script type=\"application\/ld+json\" class=\"yoast-schema-graph\">{\"@context\":\"https:\/\/schema.org\",\"@graph\":[{\"@type\":\"WebPage\",\"@id\":\"https:\/\/rckopen.com\/product\/pyrazolam\/\",\"url\":\"https:\/\/rckopen.com\/product\/pyrazolam\/\",\"name\":\"Pyrazolam online kopen - Pyrazolam te koop | RC Kopen\",\"isPartOf\":{\"@id\":\"https:\/\/rckopen.com\/#website\"},\"primaryImageOfPage\":{\"@id\":\"https:\/\/rckopen.com\/product\/pyrazolam\/#primaryimage\"},\"image\":{\"@id\":\"https:\/\/rckopen.com\/product\/pyrazolam\/#primaryimage\"},\"thumbnailUrl\":\"https:\/\/rckopen.com\/wp-content\/uploads\/2023\/08\/Pyrazolam.jpg\",\"datePublished\":\"2023-08-14T08:45:05+00:00\",\"dateModified\":\"2025-02-06T06:34:26+00:00\",\"description\":\"Pyrazolam online kopen in onze vertrouwde RC Kopen-winkel. Hier is de kans om Pyrazolam te koop te kopen tegen goedkope prijzen. Plaats uw bestelling en ontvang uw product op tijd.\",\"breadcrumb\":{\"@id\":\"https:\/\/rckopen.com\/product\/pyrazolam\/#breadcrumb\"},\"inLanguage\":\"es\",\"potentialAction\":[{\"@type\":\"ReadAction\",\"target\":[\"https:\/\/rckopen.com\/product\/pyrazolam\/\"]}]},{\"@type\":\"ImageObject\",\"inLanguage\":\"es\",\"@id\":\"https:\/\/rckopen.com\/product\/pyrazolam\/#primaryimage\",\"url\":\"https:\/\/rckopen.com\/wp-content\/uploads\/2023\/08\/Pyrazolam.jpg\",\"contentUrl\":\"https:\/\/rckopen.com\/wp-content\/uploads\/2023\/08\/Pyrazolam.jpg\",\"width\":600,\"height\":600,\"caption\":\"Pyrazolam online kopen\"},{\"@type\":\"BreadcrumbList\",\"@id\":\"https:\/\/rckopen.com\/product\/pyrazolam\/#breadcrumb\",\"itemListElement\":[{\"@type\":\"ListItem\",\"position\":1,\"name\":\"Home\",\"item\":\"https:\/\/rckopen.com\/\"},{\"@type\":\"ListItem\",\"position\":2,\"name\":\"Shop\",\"item\":\"https:\/\/rckopen.com\/shop\/\"},{\"@type\":\"ListItem\",\"position\":3,\"name\":\"Pyrazolam online kopen\"}]},{\"@type\":\"WebSite\",\"@id\":\"https:\/\/rckopen.com\/#website\",\"url\":\"https:\/\/rckopen.com\/\",\"name\":\"RC Kopen\",\"description\":\"Research Chemicals\",\"potentialAction\":[{\"@type\":\"SearchAction\",\"target\":{\"@type\":\"EntryPoint\",\"urlTemplate\":\"https:\/\/rckopen.com\/?s={search_term_string}\"},\"query-input\":{\"@type\":\"PropertyValueSpecification\",\"valueRequired\":true,\"valueName\":\"search_term_string\"}}],\"inLanguage\":\"es\"}]}<\/script>\n<!-- \/ Yoast SEO plugin. -->","yoast_head_json":{"title":"Pyrazolam online kopen - Pyrazolam te koop | RC Kopen","description":"Pyrazolam online kopen in onze vertrouwde RC Kopen-winkel. Hier is de kans om Pyrazolam te koop te kopen tegen goedkope prijzen. Plaats uw bestelling en ontvang uw product op tijd.","robots":{"index":"index","follow":"follow","max-snippet":"max-snippet:-1","max-image-preview":"max-image-preview:large","max-video-preview":"max-video-preview:-1"},"canonical":"https:\/\/rckopen.com\/es\/producto\/pirazolam\/","og_locale":"es_ES","og_type":"article","og_title":"Pyrazolam online kopen - Pyrazolam te koop | RC Kopen","og_description":"Pyrazolam online kopen in onze vertrouwde RC Kopen-winkel. Hier is de kans om Pyrazolam te koop te kopen tegen goedkope prijzen. Plaats uw bestelling en ontvang uw product op tijd.","og_url":"https:\/\/rckopen.com\/es\/producto\/pirazolam\/","og_site_name":"RC Kopen","article_modified_time":"2025-02-06T06:34:26+00:00","og_image":[{"width":600,"height":600,"url":"https:\/\/rckopen.com\/wp-content\/uploads\/2023\/08\/Pyrazolam.jpg","type":"image\/jpeg"}],"twitter_card":"summary_large_image","twitter_misc":{"Tiempo de lectura":"1 minuto"},"schema":{"@context":"https:\/\/schema.org","@graph":[{"@type":"WebPage","@id":"https:\/\/rckopen.com\/product\/pyrazolam\/","url":"https:\/\/rckopen.com\/product\/pyrazolam\/","name":"Pyrazolam online kopen - Pyrazolam te koop | RC Kopen","isPartOf":{"@id":"https:\/\/rckopen.com\/#website"},"primaryImageOfPage":{"@id":"https:\/\/rckopen.com\/product\/pyrazolam\/#primaryimage"},"image":{"@id":"https:\/\/rckopen.com\/product\/pyrazolam\/#primaryimage"},"thumbnailUrl":"https:\/\/rckopen.com\/wp-content\/uploads\/2023\/08\/Pyrazolam.jpg","datePublished":"2023-08-14T08:45:05+00:00","dateModified":"2025-02-06T06:34:26+00:00","description":"Pyrazolam online kopen in onze vertrouwde RC Kopen-winkel. Hier is de kans om Pyrazolam te koop te kopen tegen goedkope prijzen. Plaats uw bestelling en ontvang uw product op tijd.","breadcrumb":{"@id":"https:\/\/rckopen.com\/product\/pyrazolam\/#breadcrumb"},"inLanguage":"es","potentialAction":[{"@type":"ReadAction","target":["https:\/\/rckopen.com\/product\/pyrazolam\/"]}]},{"@type":"ImageObject","inLanguage":"es","@id":"https:\/\/rckopen.com\/product\/pyrazolam\/#primaryimage","url":"https:\/\/rckopen.com\/wp-content\/uploads\/2023\/08\/Pyrazolam.jpg","contentUrl":"https:\/\/rckopen.com\/wp-content\/uploads\/2023\/08\/Pyrazolam.jpg","width":600,"height":600,"caption":"Pyrazolam online kopen"},{"@type":"BreadcrumbList","@id":"https:\/\/rckopen.com\/product\/pyrazolam\/#breadcrumb","itemListElement":[{"@type":"ListItem","position":1,"name":"Home","item":"https:\/\/rckopen.com\/"},{"@type":"ListItem","position":2,"name":"Shop","item":"https:\/\/rckopen.com\/shop\/"},{"@type":"ListItem","position":3,"name":"Pyrazolam online kopen"}]},{"@type":"WebSite","@id":"https:\/\/rckopen.com\/#website","url":"https:\/\/rckopen.com\/","name":"RC Kopen","description":"Research Chemicals","potentialAction":[{"@type":"SearchAction","target":{"@type":"EntryPoint","urlTemplate":"https:\/\/rckopen.com\/?s={search_term_string}"},"query-input":{"@type":"PropertyValueSpecification","valueRequired":true,"valueName":"search_term_string"}}],"inLanguage":"es"}]}},"_links":{"self":[{"href":"https:\/\/rckopen.com\/es\/wp-json\/wp\/v2\/product\/6272","targetHints":{"allow":["GET"]}}],"collection":[{"href":"https:\/\/rckopen.com\/es\/wp-json\/wp\/v2\/product"}],"about":[{"href":"https:\/\/rckopen.com\/es\/wp-json\/wp\/v2\/types\/product"}],"replies":[{"embeddable":true,"href":"https:\/\/rckopen.com\/es\/wp-json\/wp\/v2\/comments?post=6272"}],"wp:featuredmedia":[{"embeddable":true,"href":"https:\/\/rckopen.com\/es\/wp-json\/wp\/v2\/media\/6326"}],"wp:attachment":[{"href":"https:\/\/rckopen.com\/es\/wp-json\/wp\/v2\/media?parent=6272"}],"wp:term":[{"taxonomy":"product_brand","embeddable":true,"href":"https:\/\/rckopen.com\/es\/wp-json\/wp\/v2\/product_brand?post=6272"},{"taxonomy":"product_cat","embeddable":true,"href":"https:\/\/rckopen.com\/es\/wp-json\/wp\/v2\/product_cat?post=6272"},{"taxonomy":"product_tag","embeddable":true,"href":"https:\/\/rckopen.com\/es\/wp-json\/wp\/v2\/product_tag?post=6272"}],"curies":[{"name":"wp","href":"https:\/\/api.w.org\/{rel}","templated":true}]}}