{"id":6273,"date":"2023-08-14T08:46:02","date_gmt":"2023-08-14T08:46:02","guid":{"rendered":"https:\/\/diligentplug.com\/chems\/?post_type=product&#038;p=6273"},"modified":"2025-02-05T10:36:03","modified_gmt":"2025-02-05T10:36:03","slug":"bretazenil","status":"publish","type":"product","link":"https:\/\/rckopen.com\/es\/producto\/bretazenil\/","title":{"rendered":"Comprar Bretazenil en l\u00ednea"},"content":{"rendered":"<h2>Comprar Bretazenil en l\u00ednea<\/h2>\n<p>Alrededor de 1976, <a href=\"https:\/\/rckopen.com\/es\/producto\/bretazenil\/\">Bretazenil<\/a> Se introdujo en el mercado y estuvo en el mercado hasta 2016. En la clase de las benzodiazepinas, los gr\u00e1nulos de Bretazenil tambi\u00e9n se conocen como norflurazepam, pirazolam, flunitrazolam y descloroetizolam. Vendemos 10 gr\u00e1nulos de 2,5 mg y 25 gr\u00e1nulos de bromazolam de 3 mg.<\/p>\n<h3>\nApalancamiento con Bretazenil<\/h3>\n<p>Este producto no s\u00f3lo est\u00e1 recomendado para personas desfavorecidas, sino que tampoco se recomienda su consumo. Mant\u00e9ngalo alejado de las mascotas y los ni\u00f1os y lea las instrucciones de seguridad en nuestro sitio web antes de usarlo. Enviamos todos nuestros productos a todos los Pa\u00edses Bajos. <a href=\"https:\/\/rckopen.com\/es\/\">RC Shop<\/a><\/p>\n<h3>Origen del Bretazenil<\/h3>\n<p>Bretazenil se desarroll\u00f3 por primera vez en 1976 y pertenece al grupo Bretazenil. El bretazenil no es un medicamento registrado, mientras que las benzodiazepinas se utilizan generalmente como medicamentos. El bromazolam es una excepci\u00f3n.<\/p>","protected":false},"excerpt":{"rendered":"<p><strong>Nombre IUPAC: <\/strong>8-butil-8-bromo-11,12,13,13a-tetrahidro-9-oxo-9H-imidazo(1,5-a)-pirrolo(2,1-c)(1,4)benzodiazepina-1-carboxilato de terc-butilo<\/p>\n<p><strong>CAS # <\/strong>84379-13-5<\/p>\n<p><strong>Apariencia: <\/strong>polvo<\/p>\n<p><strong>An\u00e1lisis por RMN: <\/strong>C19H20BrN3O3<\/p>","protected":false},"featured_media":6327,"comment_status":"open","ping_status":"closed","template":"","meta":{"_joinchat":[]},"product_brand":[],"product_cat":[128],"product_tag":[],"class_list":{"0":"post-6273","1":"product","2":"type-product","3":"status-publish","4":"has-post-thumbnail","6":"product_cat-benzodiazepinen","8":"first","9":"instock","10":"shipping-taxable","11":"purchasable","12":"product-type-variable"},"yoast_head":"<!-- This site is optimized with the Yoast SEO plugin v26.3 - https:\/\/yoast.com\/wordpress\/plugins\/seo\/ -->\n<title>Koop Bretazenil online - Bretazenil te koop | RC Kopen<\/title>\n<meta name=\"description\" content=\"Wilt u Bretazenil online kopen tegen een redelijke prijs? Bezoek onze gerenommeerde online RC Kopen-winkel en koop vandaag nog bretazenil.\" \/>\n<meta name=\"robots\" content=\"index, follow, max-snippet:-1, max-image-preview:large, max-video-preview:-1\" \/>\n<link rel=\"canonical\" href=\"https:\/\/rckopen.com\/es\/producto\/bretazenil\/\" \/>\n<meta property=\"og:locale\" content=\"es_ES\" \/>\n<meta property=\"og:type\" content=\"article\" \/>\n<meta property=\"og:title\" content=\"Koop Bretazenil online - Bretazenil te koop | RC Kopen\" \/>\n<meta property=\"og:description\" content=\"Wilt u Bretazenil online kopen tegen een redelijke prijs? Bezoek onze gerenommeerde online RC Kopen-winkel en koop vandaag nog bretazenil.\" \/>\n<meta property=\"og:url\" content=\"https:\/\/rckopen.com\/es\/producto\/bretazenil\/\" \/>\n<meta property=\"og:site_name\" content=\"RC Kopen\" \/>\n<meta property=\"article:modified_time\" content=\"2025-02-05T10:36:03+00:00\" \/>\n<meta property=\"og:image\" content=\"https:\/\/rckopen.com\/wp-content\/uploads\/2023\/08\/Bretazenil.jpg\" \/>\n\t<meta property=\"og:image:width\" content=\"600\" \/>\n\t<meta property=\"og:image:height\" content=\"600\" \/>\n\t<meta property=\"og:image:type\" content=\"image\/jpeg\" \/>\n<meta name=\"twitter:card\" content=\"summary_large_image\" \/>\n<meta name=\"twitter:label1\" content=\"Tiempo de lectura\" \/>\n\t<meta name=\"twitter:data1\" content=\"1 minuto\" \/>\n<script type=\"application\/ld+json\" class=\"yoast-schema-graph\">{\"@context\":\"https:\/\/schema.org\",\"@graph\":[{\"@type\":\"WebPage\",\"@id\":\"https:\/\/rckopen.com\/product\/bretazenil\/\",\"url\":\"https:\/\/rckopen.com\/product\/bretazenil\/\",\"name\":\"Koop Bretazenil online - Bretazenil te koop | RC Kopen\",\"isPartOf\":{\"@id\":\"https:\/\/rckopen.com\/#website\"},\"primaryImageOfPage\":{\"@id\":\"https:\/\/rckopen.com\/product\/bretazenil\/#primaryimage\"},\"image\":{\"@id\":\"https:\/\/rckopen.com\/product\/bretazenil\/#primaryimage\"},\"thumbnailUrl\":\"https:\/\/rckopen.com\/wp-content\/uploads\/2023\/08\/Bretazenil.jpg\",\"datePublished\":\"2023-08-14T08:46:02+00:00\",\"dateModified\":\"2025-02-05T10:36:03+00:00\",\"description\":\"Wilt u Bretazenil online kopen tegen een redelijke prijs? Bezoek onze gerenommeerde online RC Kopen-winkel en koop vandaag nog bretazenil.\",\"breadcrumb\":{\"@id\":\"https:\/\/rckopen.com\/product\/bretazenil\/#breadcrumb\"},\"inLanguage\":\"es\",\"potentialAction\":[{\"@type\":\"ReadAction\",\"target\":[\"https:\/\/rckopen.com\/product\/bretazenil\/\"]}]},{\"@type\":\"ImageObject\",\"inLanguage\":\"es\",\"@id\":\"https:\/\/rckopen.com\/product\/bretazenil\/#primaryimage\",\"url\":\"https:\/\/rckopen.com\/wp-content\/uploads\/2023\/08\/Bretazenil.jpg\",\"contentUrl\":\"https:\/\/rckopen.com\/wp-content\/uploads\/2023\/08\/Bretazenil.jpg\",\"width\":600,\"height\":600,\"caption\":\"Bretazenil online kopen\"},{\"@type\":\"BreadcrumbList\",\"@id\":\"https:\/\/rckopen.com\/product\/bretazenil\/#breadcrumb\",\"itemListElement\":[{\"@type\":\"ListItem\",\"position\":1,\"name\":\"Home\",\"item\":\"https:\/\/rckopen.com\/\"},{\"@type\":\"ListItem\",\"position\":2,\"name\":\"Shop\",\"item\":\"https:\/\/rckopen.com\/shop\/\"},{\"@type\":\"ListItem\",\"position\":3,\"name\":\"Bretazenil online kopen\"}]},{\"@type\":\"WebSite\",\"@id\":\"https:\/\/rckopen.com\/#website\",\"url\":\"https:\/\/rckopen.com\/\",\"name\":\"RC Kopen\",\"description\":\"Research Chemicals\",\"potentialAction\":[{\"@type\":\"SearchAction\",\"target\":{\"@type\":\"EntryPoint\",\"urlTemplate\":\"https:\/\/rckopen.com\/?s={search_term_string}\"},\"query-input\":{\"@type\":\"PropertyValueSpecification\",\"valueRequired\":true,\"valueName\":\"search_term_string\"}}],\"inLanguage\":\"es\"}]}<\/script>\n<!-- \/ Yoast SEO plugin. -->","yoast_head_json":{"title":"Koop Bretazenil online - Bretazenil te koop | RC Kopen","description":"Wilt u Bretazenil online kopen tegen een redelijke prijs? Bezoek onze gerenommeerde online RC Kopen-winkel en koop vandaag nog bretazenil.","robots":{"index":"index","follow":"follow","max-snippet":"max-snippet:-1","max-image-preview":"max-image-preview:large","max-video-preview":"max-video-preview:-1"},"canonical":"https:\/\/rckopen.com\/es\/producto\/bretazenil\/","og_locale":"es_ES","og_type":"article","og_title":"Koop Bretazenil online - Bretazenil te koop | RC Kopen","og_description":"Wilt u Bretazenil online kopen tegen een redelijke prijs? Bezoek onze gerenommeerde online RC Kopen-winkel en koop vandaag nog bretazenil.","og_url":"https:\/\/rckopen.com\/es\/producto\/bretazenil\/","og_site_name":"RC Kopen","article_modified_time":"2025-02-05T10:36:03+00:00","og_image":[{"width":600,"height":600,"url":"https:\/\/rckopen.com\/wp-content\/uploads\/2023\/08\/Bretazenil.jpg","type":"image\/jpeg"}],"twitter_card":"summary_large_image","twitter_misc":{"Tiempo de lectura":"1 minuto"},"schema":{"@context":"https:\/\/schema.org","@graph":[{"@type":"WebPage","@id":"https:\/\/rckopen.com\/product\/bretazenil\/","url":"https:\/\/rckopen.com\/product\/bretazenil\/","name":"Koop Bretazenil online - Bretazenil te koop | RC Kopen","isPartOf":{"@id":"https:\/\/rckopen.com\/#website"},"primaryImageOfPage":{"@id":"https:\/\/rckopen.com\/product\/bretazenil\/#primaryimage"},"image":{"@id":"https:\/\/rckopen.com\/product\/bretazenil\/#primaryimage"},"thumbnailUrl":"https:\/\/rckopen.com\/wp-content\/uploads\/2023\/08\/Bretazenil.jpg","datePublished":"2023-08-14T08:46:02+00:00","dateModified":"2025-02-05T10:36:03+00:00","description":"Wilt u Bretazenil online kopen tegen een redelijke prijs? Bezoek onze gerenommeerde online RC Kopen-winkel en koop vandaag nog bretazenil.","breadcrumb":{"@id":"https:\/\/rckopen.com\/product\/bretazenil\/#breadcrumb"},"inLanguage":"es","potentialAction":[{"@type":"ReadAction","target":["https:\/\/rckopen.com\/product\/bretazenil\/"]}]},{"@type":"ImageObject","inLanguage":"es","@id":"https:\/\/rckopen.com\/product\/bretazenil\/#primaryimage","url":"https:\/\/rckopen.com\/wp-content\/uploads\/2023\/08\/Bretazenil.jpg","contentUrl":"https:\/\/rckopen.com\/wp-content\/uploads\/2023\/08\/Bretazenil.jpg","width":600,"height":600,"caption":"Bretazenil online kopen"},{"@type":"BreadcrumbList","@id":"https:\/\/rckopen.com\/product\/bretazenil\/#breadcrumb","itemListElement":[{"@type":"ListItem","position":1,"name":"Home","item":"https:\/\/rckopen.com\/"},{"@type":"ListItem","position":2,"name":"Shop","item":"https:\/\/rckopen.com\/shop\/"},{"@type":"ListItem","position":3,"name":"Bretazenil online kopen"}]},{"@type":"WebSite","@id":"https:\/\/rckopen.com\/#website","url":"https:\/\/rckopen.com\/","name":"RC Kopen","description":"Research Chemicals","potentialAction":[{"@type":"SearchAction","target":{"@type":"EntryPoint","urlTemplate":"https:\/\/rckopen.com\/?s={search_term_string}"},"query-input":{"@type":"PropertyValueSpecification","valueRequired":true,"valueName":"search_term_string"}}],"inLanguage":"es"}]}},"_links":{"self":[{"href":"https:\/\/rckopen.com\/es\/wp-json\/wp\/v2\/product\/6273","targetHints":{"allow":["GET"]}}],"collection":[{"href":"https:\/\/rckopen.com\/es\/wp-json\/wp\/v2\/product"}],"about":[{"href":"https:\/\/rckopen.com\/es\/wp-json\/wp\/v2\/types\/product"}],"replies":[{"embeddable":true,"href":"https:\/\/rckopen.com\/es\/wp-json\/wp\/v2\/comments?post=6273"}],"wp:featuredmedia":[{"embeddable":true,"href":"https:\/\/rckopen.com\/es\/wp-json\/wp\/v2\/media\/6327"}],"wp:attachment":[{"href":"https:\/\/rckopen.com\/es\/wp-json\/wp\/v2\/media?parent=6273"}],"wp:term":[{"taxonomy":"product_brand","embeddable":true,"href":"https:\/\/rckopen.com\/es\/wp-json\/wp\/v2\/product_brand?post=6273"},{"taxonomy":"product_cat","embeddable":true,"href":"https:\/\/rckopen.com\/es\/wp-json\/wp\/v2\/product_cat?post=6273"},{"taxonomy":"product_tag","embeddable":true,"href":"https:\/\/rckopen.com\/es\/wp-json\/wp\/v2\/product_tag?post=6273"}],"curies":[{"name":"wp","href":"https:\/\/api.w.org\/{rel}","templated":true}]}}