{"id":6336,"date":"2023-08-14T10:47:10","date_gmt":"2023-08-14T10:47:10","guid":{"rendered":"https:\/\/diligentplug.com\/chems\/?post_type=product&#038;p=6336"},"modified":"2025-02-03T07:19:30","modified_gmt":"2025-02-03T07:19:30","slug":"flubromazepam-hcl","status":"publish","type":"product","link":"https:\/\/rckopen.com\/es\/producto\/flubromazepam-hcl\/","title":{"rendered":"COMPRAR FLUBROMAZEPAM HCL EN L\u00cdNEA"},"content":{"rendered":"<h2>Algemene informatie over flubromazepam FLUBROMAZEPAM HCL ONLINE KOPEN<\/h2>\n<p><a href=\"https:\/\/rckopen.com\/es\/producto\/flubromazepam-hcl\/\">Comprar Flubromazepam Hcl en l\u00ednea<\/a> Es un derivado de la benzodiazepina que ha recibido atenci\u00f3n como sustancia qu\u00edmica de investigaci\u00f3n. Se present\u00f3 por primera vez en la d\u00e9cada de 1960 y sus propiedades farmacol\u00f3gicas han sido estudiadas hasta cierto punto.<\/p>\n<p>El flubromazepam est\u00e1 compuesto por \u00e1tomos de carbono (C), hidr\u00f3geno (H), bromo (Br), fl\u00faor (F), nitr\u00f3geno (N) y ox\u00edgeno (O) dispuestos en una estructura espec\u00edfica.<\/p>\n<p><a href=\"https:\/\/en.wikipedia.org\/wiki\/Flubromazepam\">Flubromazepam<\/a> Tiene una estructura qu\u00edmica similar a la de otras benzodiazepinas. El nombre qu\u00edmico es 7-bromo-5-(2-fluorofenil)-1,3-dihidro-1,4-benzodiazepin-2-ona. Act\u00faa principalmente como modulador alost\u00e9rico positivo del receptor GABA-A, potenciando los efectos inhibidores del GABA.<\/p>\n<p>El flubromazepam tiene efectos similares a los de otras benzodiacepinas. El flubromazepam es un compuesto muy potente y el rango t\u00edpico de uso es magro, medido normalmente en microgramos.<\/p>\n<p>Es importante se\u00f1alar que el uso de flubromazepam o de cualquier sustancia qu\u00edmica de investigaci\u00f3n no regulada conlleva riesgos significativos.<\/p>\n<h3>Composici\u00f3n qu\u00edmica del flubromazepam<\/h3>\n<p>La composici\u00f3n qu\u00edmica del flubromazepam, tambi\u00e9n conocido por su nombre IUPAC 7-bromo-5-(2-fluorofenil)-1,3-dihidro-1,4-benzodiazepin-2-ona, puede dividirse como sigue:<\/p>\n<p>- F\u00f3rmula molecular: C15H10BrFN2O<\/p>\n<p>- Peso molecular: 333,16 g\/mol<\/p>\n<p>La f\u00f3rmula molecular C15H10BrFN2O representa un compuesto qu\u00edmico formado por quince \u00e1tomos de carbono (C15), diez \u00e1tomos de hidr\u00f3geno (H10), un \u00e1tomo de bromo (Br), un \u00e1tomo de fl\u00faor (F), dos \u00e1tomos de nitr\u00f3geno (N2) y un \u00e1tomo de ox\u00edgeno ( O) Buy Flubromazepam Hcl.<\/p>\n<h3>He aqu\u00ed un resumen de los componentes qu\u00edmicos y sus funciones:<\/h3>\n<p>Benzodiazepina-2-on: es la estructura central del flubromazepam. Se trata de un sistema de anillo bic\u00edclico formado por cuatro \u00e1tomos de carbono, un \u00e1tomo de ox\u00edgeno y un \u00e1tomo de nitr\u00f3geno.<br \/>\n7-Bromo: Un \u00e1tomo de bromo est\u00e1 unido al 7\u00ba \u00e1tomo de carbono de la estructura benzodiazepina-2-on. El bromo es un elemento hal\u00f3geno.<br \/>\n5-(2-fluorofenilo): Indica un anillo de fenilo con un \u00e1tomo de fl\u00faor unido en la 2\u00aa posici\u00f3n (posici\u00f3n orto). El grupo fenilo est\u00e1 formado por un anillo de carbono de seis capas con enlaces simples y dobles alternados.<a href=\"https:\/\/safemedistore.com\/\">.<\/a><\/p>\n<p>La composici\u00f3n qu\u00edmica del flubromazepam refleja la disposici\u00f3n espec\u00edfica de \u00e1tomos y grupos funcionales, que contribuyen a sus efectos farmacol\u00f3gicos como derivado de la benzodiacepina.<\/p>\n<h3>Comprar Flubromazepam online de alta calidad.<\/h3>\n<p>RCKOPEN tiene muchos a\u00f1os de experiencia en la industria del dise\u00f1o de productos qu\u00edmicos de investigaci\u00f3n, lo que nos permite garantizar la m\u00e1s alta calidad de estos productos qu\u00edmicos de investigaci\u00f3n. Comprar flubromazepam es f\u00e1cil y de m\u00e1xima calidad. El costo del flubromazepam es relativamente bajo que el de otras compa\u00f1\u00edas. Los productos qu\u00edmicos de investigaci\u00f3n, incluido el flubromazepam, cumplen todos los requisitos de seguridad. Los productos qu\u00edmicos de investigaci\u00f3n se distribuyen con cuidado y se almacenan en un lugar fresco y seco.<\/p>\n<p>Todos los productos se someten a controles peri\u00f3dicos de calidad, pureza y seguridad. Es s\u00f3lo para fines de investigaci\u00f3n.<\/p>\n<p>Nuestros productos tienen un precio justo y se puede comprar el flubromazepam qu\u00edmica en l\u00ednea a precios muy bajos.<\/p>\n<h3>Flubromazepam probado en laboratorio con resultados.<\/h3>\n<p>Avanza de nuevo hacia la satisfacci\u00f3n global de sus clientes. Varias encuestas han demostrado que los clientes solicitan tantos datos como se espera antes de comprar productos qu\u00edmicos sint\u00e9ticos de investigaci\u00f3n. Adem\u00e1s, publicamos todas las consecuencias de laboratorio de cada producto qu\u00edmico de investigaci\u00f3n en un registro PDF.<\/p>\n<p>Nuestro flubromazepam comprar online cumple sistem\u00e1ticamente con los principios activos y puede ser visto por cualquier persona.<\/p>\n<h3>Distribuimos todas las consecuencias de laboratorio de cada producto qu\u00edmico de investigaci\u00f3n en un documento PDF.Pedido seguro en flubromazepam.<\/h3>\n<p><a href=\"https:\/\/rckopen.com\/es\/\">rckopen.com<\/a> Los productos qu\u00edmicos de investigaci\u00f3n de dise\u00f1o son de excelente calidad y tienen un precio justo. Por lo tanto, le garantizamos que cuando solicite sus productos qu\u00edmicos de investigaci\u00f3n a RC Kopen, transferiremos su solicitud a su laboratorio de investigaci\u00f3n de forma r\u00e1pida y segura, ya que las ventas de productos qu\u00edmicos de investigaci\u00f3n siempre est\u00e1n disponibles en RC Kopen.<\/p>\n<p>Solicitar compuestos sint\u00e9ticos de investigaci\u00f3n con Bitcoin o transferencia bancaria es f\u00e1cil en RC Kopen.<\/p>\n<p>Enviamos los productos qu\u00edmicos de investigaci\u00f3n el mismo d\u00eda laborable si el pago se recibe antes de las 15:00 CEST.<\/p>\n<p>No entregamos art\u00edculos a menores de 18 a\u00f1os.<\/p>\n<p>Flubromazepam para la venta es s\u00f3lo para fines de investigaci\u00f3n.<\/p>\n<h3>Env\u00edo discreto de productos qu\u00edmicos de investigaci\u00f3n.<\/h3>\n<p>RCKOPEN embalar\u00e1 su pedido de forma segura para garantizar un transporte adecuado. Adem\u00e1s, embalamos perfectamente discreto, y nada se muestra en el exterior de lo que podr\u00eda ser en el interior<a href=\"https:\/\/rckopen.com\/es\/\">.<\/a><\/p>","protected":false},"excerpt":{"rendered":"<p><strong>Nombre IUPAC:<\/strong><\/p>\n<p>7-Brom-5-(2-fluorphenyl)-1,3-dihydro-2H-1,4-benzodiazepin-2-one<\/p>\n<p><strong>CAS # <\/strong>2647-50-9<\/p>\n<p><strong>Forma: <\/strong>polvo<\/p>\n<p><strong>An\u00e1lisis por RMN: <\/strong>C15H10BrFN2O<\/p>","protected":false},"featured_media":6358,"comment_status":"open","ping_status":"closed","template":"","meta":{"_joinchat":[]},"product_brand":[],"product_cat":[128],"product_tag":[],"class_list":{"0":"post-6336","1":"product","2":"type-product","3":"status-publish","4":"has-post-thumbnail","6":"product_cat-benzodiazepinen","8":"first","9":"instock","10":"shipping-taxable","11":"purchasable","12":"product-type-variable"},"yoast_head":"<!-- This site is optimized with the Yoast SEO plugin v26.3 - https:\/\/yoast.com\/wordpress\/plugins\/seo\/ -->\n<title>Flubromazepam Hcl online kopen- Flubromazepam Hcl te koop<\/title>\n<meta name=\"description\" content=\"Flubromazepam Hcl online kopen in onze vertrouwde online winkel voor producten van topkwaliteit. Koop Flubromazepam Hcl eenvoudig en veilig te koop op ons platform voor ultieme klanttevredenheid. Bestel nu!\" \/>\n<meta name=\"robots\" content=\"index, follow, max-snippet:-1, max-image-preview:large, max-video-preview:-1\" \/>\n<link rel=\"canonical\" href=\"https:\/\/rckopen.com\/es\/producto\/flubromazepam-hcl\/\" \/>\n<meta property=\"og:locale\" content=\"es_ES\" \/>\n<meta property=\"og:type\" content=\"article\" \/>\n<meta property=\"og:title\" content=\"Flubromazepam Hcl online kopen- Flubromazepam Hcl te koop\" \/>\n<meta property=\"og:description\" content=\"Flubromazepam Hcl online kopen in onze vertrouwde online winkel voor producten van topkwaliteit. Koop Flubromazepam Hcl eenvoudig en veilig te koop op ons platform voor ultieme klanttevredenheid. Bestel nu!\" \/>\n<meta property=\"og:url\" content=\"https:\/\/rckopen.com\/es\/producto\/flubromazepam-hcl\/\" \/>\n<meta property=\"og:site_name\" content=\"RC Kopen\" \/>\n<meta property=\"article:modified_time\" content=\"2025-02-03T07:19:30+00:00\" \/>\n<meta property=\"og:image\" content=\"https:\/\/rckopen.com\/wp-content\/uploads\/2023\/08\/FLUBROMAZEPAM-HCL.jpg\" \/>\n\t<meta property=\"og:image:width\" content=\"600\" \/>\n\t<meta property=\"og:image:height\" content=\"600\" \/>\n\t<meta property=\"og:image:type\" content=\"image\/jpeg\" \/>\n<meta name=\"twitter:card\" content=\"summary_large_image\" \/>\n<meta name=\"twitter:label1\" content=\"Tiempo de lectura\" \/>\n\t<meta name=\"twitter:data1\" content=\"3 minutos\" \/>\n<script type=\"application\/ld+json\" class=\"yoast-schema-graph\">{\"@context\":\"https:\/\/schema.org\",\"@graph\":[{\"@type\":\"WebPage\",\"@id\":\"https:\/\/rckopen.com\/product\/flubromazepam-hcl\/\",\"url\":\"https:\/\/rckopen.com\/product\/flubromazepam-hcl\/\",\"name\":\"Flubromazepam Hcl online kopen- Flubromazepam Hcl te koop\",\"isPartOf\":{\"@id\":\"https:\/\/rckopen.com\/#website\"},\"primaryImageOfPage\":{\"@id\":\"https:\/\/rckopen.com\/product\/flubromazepam-hcl\/#primaryimage\"},\"image\":{\"@id\":\"https:\/\/rckopen.com\/product\/flubromazepam-hcl\/#primaryimage\"},\"thumbnailUrl\":\"https:\/\/rckopen.com\/wp-content\/uploads\/2023\/08\/FLUBROMAZEPAM-HCL.jpg\",\"datePublished\":\"2023-08-14T10:47:10+00:00\",\"dateModified\":\"2025-02-03T07:19:30+00:00\",\"description\":\"Flubromazepam Hcl online kopen in onze vertrouwde online winkel voor producten van topkwaliteit. Koop Flubromazepam Hcl eenvoudig en veilig te koop op ons platform voor ultieme klanttevredenheid. Bestel nu!\",\"breadcrumb\":{\"@id\":\"https:\/\/rckopen.com\/product\/flubromazepam-hcl\/#breadcrumb\"},\"inLanguage\":\"es\",\"potentialAction\":[{\"@type\":\"ReadAction\",\"target\":[\"https:\/\/rckopen.com\/product\/flubromazepam-hcl\/\"]}]},{\"@type\":\"ImageObject\",\"inLanguage\":\"es\",\"@id\":\"https:\/\/rckopen.com\/product\/flubromazepam-hcl\/#primaryimage\",\"url\":\"https:\/\/rckopen.com\/wp-content\/uploads\/2023\/08\/FLUBROMAZEPAM-HCL.jpg\",\"contentUrl\":\"https:\/\/rckopen.com\/wp-content\/uploads\/2023\/08\/FLUBROMAZEPAM-HCL.jpg\",\"width\":600,\"height\":600,\"caption\":\"FLUBROMAZEPAM-HCL ONLINE KOPEN\"},{\"@type\":\"BreadcrumbList\",\"@id\":\"https:\/\/rckopen.com\/product\/flubromazepam-hcl\/#breadcrumb\",\"itemListElement\":[{\"@type\":\"ListItem\",\"position\":1,\"name\":\"Home\",\"item\":\"https:\/\/rckopen.com\/\"},{\"@type\":\"ListItem\",\"position\":2,\"name\":\"Shop\",\"item\":\"https:\/\/rckopen.com\/shop\/\"},{\"@type\":\"ListItem\",\"position\":3,\"name\":\"FLUBROMAZEPAM HCL ONLINE KOPEN\"}]},{\"@type\":\"WebSite\",\"@id\":\"https:\/\/rckopen.com\/#website\",\"url\":\"https:\/\/rckopen.com\/\",\"name\":\"RC Kopen\",\"description\":\"Research Chemicals\",\"potentialAction\":[{\"@type\":\"SearchAction\",\"target\":{\"@type\":\"EntryPoint\",\"urlTemplate\":\"https:\/\/rckopen.com\/?s={search_term_string}\"},\"query-input\":{\"@type\":\"PropertyValueSpecification\",\"valueRequired\":true,\"valueName\":\"search_term_string\"}}],\"inLanguage\":\"es\"}]}<\/script>\n<!-- \/ Yoast SEO plugin. -->","yoast_head_json":{"title":"Flubromazepam Hcl online kopen- Flubromazepam Hcl te koop","description":"Flubromazepam Hcl online kopen in onze vertrouwde online winkel voor producten van topkwaliteit. Koop Flubromazepam Hcl eenvoudig en veilig te koop op ons platform voor ultieme klanttevredenheid. Bestel nu!","robots":{"index":"index","follow":"follow","max-snippet":"max-snippet:-1","max-image-preview":"max-image-preview:large","max-video-preview":"max-video-preview:-1"},"canonical":"https:\/\/rckopen.com\/es\/producto\/flubromazepam-hcl\/","og_locale":"es_ES","og_type":"article","og_title":"Flubromazepam Hcl online kopen- Flubromazepam Hcl te koop","og_description":"Flubromazepam Hcl online kopen in onze vertrouwde online winkel voor producten van topkwaliteit. Koop Flubromazepam Hcl eenvoudig en veilig te koop op ons platform voor ultieme klanttevredenheid. Bestel nu!","og_url":"https:\/\/rckopen.com\/es\/producto\/flubromazepam-hcl\/","og_site_name":"RC Kopen","article_modified_time":"2025-02-03T07:19:30+00:00","og_image":[{"width":600,"height":600,"url":"https:\/\/rckopen.com\/wp-content\/uploads\/2023\/08\/FLUBROMAZEPAM-HCL.jpg","type":"image\/jpeg"}],"twitter_card":"summary_large_image","twitter_misc":{"Tiempo de lectura":"3 minutos"},"schema":{"@context":"https:\/\/schema.org","@graph":[{"@type":"WebPage","@id":"https:\/\/rckopen.com\/product\/flubromazepam-hcl\/","url":"https:\/\/rckopen.com\/product\/flubromazepam-hcl\/","name":"Flubromazepam Hcl online kopen- Flubromazepam Hcl te koop","isPartOf":{"@id":"https:\/\/rckopen.com\/#website"},"primaryImageOfPage":{"@id":"https:\/\/rckopen.com\/product\/flubromazepam-hcl\/#primaryimage"},"image":{"@id":"https:\/\/rckopen.com\/product\/flubromazepam-hcl\/#primaryimage"},"thumbnailUrl":"https:\/\/rckopen.com\/wp-content\/uploads\/2023\/08\/FLUBROMAZEPAM-HCL.jpg","datePublished":"2023-08-14T10:47:10+00:00","dateModified":"2025-02-03T07:19:30+00:00","description":"Flubromazepam Hcl online kopen in onze vertrouwde online winkel voor producten van topkwaliteit. Koop Flubromazepam Hcl eenvoudig en veilig te koop op ons platform voor ultieme klanttevredenheid. Bestel nu!","breadcrumb":{"@id":"https:\/\/rckopen.com\/product\/flubromazepam-hcl\/#breadcrumb"},"inLanguage":"es","potentialAction":[{"@type":"ReadAction","target":["https:\/\/rckopen.com\/product\/flubromazepam-hcl\/"]}]},{"@type":"ImageObject","inLanguage":"es","@id":"https:\/\/rckopen.com\/product\/flubromazepam-hcl\/#primaryimage","url":"https:\/\/rckopen.com\/wp-content\/uploads\/2023\/08\/FLUBROMAZEPAM-HCL.jpg","contentUrl":"https:\/\/rckopen.com\/wp-content\/uploads\/2023\/08\/FLUBROMAZEPAM-HCL.jpg","width":600,"height":600,"caption":"FLUBROMAZEPAM-HCL ONLINE KOPEN"},{"@type":"BreadcrumbList","@id":"https:\/\/rckopen.com\/product\/flubromazepam-hcl\/#breadcrumb","itemListElement":[{"@type":"ListItem","position":1,"name":"Home","item":"https:\/\/rckopen.com\/"},{"@type":"ListItem","position":2,"name":"Shop","item":"https:\/\/rckopen.com\/shop\/"},{"@type":"ListItem","position":3,"name":"FLUBROMAZEPAM HCL ONLINE KOPEN"}]},{"@type":"WebSite","@id":"https:\/\/rckopen.com\/#website","url":"https:\/\/rckopen.com\/","name":"RC Kopen","description":"Research Chemicals","potentialAction":[{"@type":"SearchAction","target":{"@type":"EntryPoint","urlTemplate":"https:\/\/rckopen.com\/?s={search_term_string}"},"query-input":{"@type":"PropertyValueSpecification","valueRequired":true,"valueName":"search_term_string"}}],"inLanguage":"es"}]}},"_links":{"self":[{"href":"https:\/\/rckopen.com\/es\/wp-json\/wp\/v2\/product\/6336","targetHints":{"allow":["GET"]}}],"collection":[{"href":"https:\/\/rckopen.com\/es\/wp-json\/wp\/v2\/product"}],"about":[{"href":"https:\/\/rckopen.com\/es\/wp-json\/wp\/v2\/types\/product"}],"replies":[{"embeddable":true,"href":"https:\/\/rckopen.com\/es\/wp-json\/wp\/v2\/comments?post=6336"}],"wp:featuredmedia":[{"embeddable":true,"href":"https:\/\/rckopen.com\/es\/wp-json\/wp\/v2\/media\/6358"}],"wp:attachment":[{"href":"https:\/\/rckopen.com\/es\/wp-json\/wp\/v2\/media?parent=6336"}],"wp:term":[{"taxonomy":"product_brand","embeddable":true,"href":"https:\/\/rckopen.com\/es\/wp-json\/wp\/v2\/product_brand?post=6336"},{"taxonomy":"product_cat","embeddable":true,"href":"https:\/\/rckopen.com\/es\/wp-json\/wp\/v2\/product_cat?post=6336"},{"taxonomy":"product_tag","embeddable":true,"href":"https:\/\/rckopen.com\/es\/wp-json\/wp\/v2\/product_tag?post=6336"}],"curies":[{"name":"wp","href":"https:\/\/api.w.org\/{rel}","templated":true}]}}