{"id":6373,"date":"2023-08-14T13:15:09","date_gmt":"2023-08-14T13:15:09","guid":{"rendered":"https:\/\/diligentplug.com\/chems\/?post_type=product&#038;p=6373"},"modified":"2025-02-01T08:58:59","modified_gmt":"2025-02-01T08:58:59","slug":"6-apb-succinate","status":"publish","type":"product","link":"https:\/\/rckopen.com\/es\/producto\/6-apb-succinato\/","title":{"rendered":"Comprar 6-APB (succinato) en l\u00ednea"},"content":{"rendered":"<h2>Comprar 6-APB (succinato) en l\u00ednea<\/h2>\n<p><a href=\"https:\/\/rckopen.com\/es\/producto\/6-apb-succinato\/\">6-Opab (6-(2-aminopropil)benzofurano)<\/a> es un compuesto psicoactivo empat\u00f3geno de las clases benzofurano sustituido y fenetilamina sustituida. El 6-APB y otros compuestos a veces se denominan informalmente \u201cbenzofurona\u201d. Es similar en estructura al MDA, pero se diferencia en que el sistema de anillo 3,4-metilendioxifenilo est\u00e1 reemplazado por un anillo de benzofurano. El succinato de 6-APB tambi\u00e9n es el derivado de benzofurano insaturado de 6-APDB. Puede aparecer como un polvo granulado de color tostado.<a href=\"https:\/\/rckopen.com\/es\/producto\/5-dbfpv\/\">.<\/a><\/p>\n<p>El 6-APDB pertenece a la categor\u00eda de sustancias qu\u00edmicas de investigaci\u00f3n, a veces denominadas \u201cintoxicantes legales\u201d. Dado que el 6-APDB y otros benzofuranos sustituidos no est\u00e1n prohibidos expl\u00edcitamente en algunos pa\u00edses, a menudo son t\u00e9cnicamente legales, lo que contribuye a su popularidad. 6-APDB est\u00e1 disponible para su compra en <a href=\"https:\/\/rckopen.com\/es\/\">rckopen.com<\/a> ofrece productos que no est\u00e1n destinados al consumo humano. Si consume este producto (sin intenci\u00f3n), puede tener consecuencias m\u00e9dicas graves.<a href=\"https:\/\/en.wikipedia.org\/wiki\/6-APB\">.<\/a><\/p>","protected":false},"excerpt":{"rendered":"<p><strong>Nombre IUPAC: <\/strong>\u03b1-metil-6-benzofuranoetanamina, succinato<\/p>\n<p><strong>CAS # <\/strong>286834-84-2<\/p>\n<p><strong>Otro nombre: <\/strong>6-(2-Aminopropil)Benzofurano Benzo Furia<\/p>\n<p><strong>Apariencia: <\/strong>polvo marr\u00f3n<\/p>\n<p><strong>An\u00e1lisis por RMN: <\/strong>C11H13NO<\/p>","protected":false},"featured_media":6379,"comment_status":"open","ping_status":"closed","template":"","meta":{"_joinchat":[]},"product_brand":[],"product_cat":[151],"product_tag":[],"class_list":{"0":"post-6373","1":"product","2":"type-product","3":"status-publish","4":"has-post-thumbnail","6":"product_cat-benzofuranen","8":"first","9":"instock","10":"shipping-taxable","11":"purchasable","12":"product-type-variable"},"yoast_head":"<!-- This site is optimized with the Yoast SEO plugin v26.3 - https:\/\/yoast.com\/wordpress\/plugins\/seo\/ -->\n<title>6 APB - 6 APB-succinaat online kopen - 6 APB online te kopen<\/title>\n<meta name=\"description\" content=\"6 APB, 6 APB succinaat kopen tegen de beste prijzen bij de online Rckopen. Wij hebben 6 APB van hoge kwaliteit te koop en bieden een veilige levering.\" \/>\n<meta name=\"robots\" content=\"index, follow, max-snippet:-1, max-image-preview:large, max-video-preview:-1\" \/>\n<link rel=\"canonical\" href=\"https:\/\/rckopen.com\/es\/producto\/6-apb-succinato\/\" \/>\n<meta property=\"og:locale\" content=\"es_ES\" \/>\n<meta property=\"og:type\" content=\"article\" \/>\n<meta property=\"og:title\" content=\"6 APB - 6 APB-succinaat online kopen - 6 APB online te kopen\" \/>\n<meta property=\"og:description\" content=\"6 APB, 6 APB succinaat kopen tegen de beste prijzen bij de online Rckopen. Wij hebben 6 APB van hoge kwaliteit te koop en bieden een veilige levering.\" \/>\n<meta property=\"og:url\" content=\"https:\/\/rckopen.com\/es\/producto\/6-apb-succinato\/\" \/>\n<meta property=\"og:site_name\" content=\"RC Kopen\" \/>\n<meta property=\"article:modified_time\" content=\"2025-02-01T08:58:59+00:00\" \/>\n<meta property=\"og:image\" content=\"https:\/\/rckopen.com\/wp-content\/uploads\/2023\/08\/6-APB-succinate.jpg\" \/>\n\t<meta property=\"og:image:width\" content=\"600\" \/>\n\t<meta property=\"og:image:height\" content=\"600\" \/>\n\t<meta property=\"og:image:type\" content=\"image\/jpeg\" \/>\n<meta name=\"twitter:card\" content=\"summary_large_image\" \/>\n<meta name=\"twitter:label1\" content=\"Tiempo de lectura\" \/>\n\t<meta name=\"twitter:data1\" content=\"1 minuto\" \/>\n<script type=\"application\/ld+json\" class=\"yoast-schema-graph\">{\"@context\":\"https:\/\/schema.org\",\"@graph\":[{\"@type\":\"WebPage\",\"@id\":\"https:\/\/rckopen.com\/product\/6-apb-succinate\/\",\"url\":\"https:\/\/rckopen.com\/product\/6-apb-succinate\/\",\"name\":\"6 APB - 6 APB-succinaat online kopen - 6 APB online te kopen\",\"isPartOf\":{\"@id\":\"https:\/\/rckopen.com\/#website\"},\"primaryImageOfPage\":{\"@id\":\"https:\/\/rckopen.com\/product\/6-apb-succinate\/#primaryimage\"},\"image\":{\"@id\":\"https:\/\/rckopen.com\/product\/6-apb-succinate\/#primaryimage\"},\"thumbnailUrl\":\"https:\/\/rckopen.com\/wp-content\/uploads\/2023\/08\/6-APB-succinate.jpg\",\"datePublished\":\"2023-08-14T13:15:09+00:00\",\"dateModified\":\"2025-02-01T08:58:59+00:00\",\"description\":\"6 APB, 6 APB succinaat kopen tegen de beste prijzen bij de online Rckopen. Wij hebben 6 APB van hoge kwaliteit te koop en bieden een veilige levering.\",\"breadcrumb\":{\"@id\":\"https:\/\/rckopen.com\/product\/6-apb-succinate\/#breadcrumb\"},\"inLanguage\":\"es\",\"potentialAction\":[{\"@type\":\"ReadAction\",\"target\":[\"https:\/\/rckopen.com\/product\/6-apb-succinate\/\"]}]},{\"@type\":\"ImageObject\",\"inLanguage\":\"es\",\"@id\":\"https:\/\/rckopen.com\/product\/6-apb-succinate\/#primaryimage\",\"url\":\"https:\/\/rckopen.com\/wp-content\/uploads\/2023\/08\/6-APB-succinate.jpg\",\"contentUrl\":\"https:\/\/rckopen.com\/wp-content\/uploads\/2023\/08\/6-APB-succinate.jpg\",\"width\":600,\"height\":600,\"caption\":\"6-APB-(succinate) online kopen\"},{\"@type\":\"BreadcrumbList\",\"@id\":\"https:\/\/rckopen.com\/product\/6-apb-succinate\/#breadcrumb\",\"itemListElement\":[{\"@type\":\"ListItem\",\"position\":1,\"name\":\"Home\",\"item\":\"https:\/\/rckopen.com\/\"},{\"@type\":\"ListItem\",\"position\":2,\"name\":\"Shop\",\"item\":\"https:\/\/rckopen.com\/shop\/\"},{\"@type\":\"ListItem\",\"position\":3,\"name\":\"6-APB (succinate) Online Kopen\"}]},{\"@type\":\"WebSite\",\"@id\":\"https:\/\/rckopen.com\/#website\",\"url\":\"https:\/\/rckopen.com\/\",\"name\":\"RC Kopen\",\"description\":\"Research Chemicals\",\"potentialAction\":[{\"@type\":\"SearchAction\",\"target\":{\"@type\":\"EntryPoint\",\"urlTemplate\":\"https:\/\/rckopen.com\/?s={search_term_string}\"},\"query-input\":{\"@type\":\"PropertyValueSpecification\",\"valueRequired\":true,\"valueName\":\"search_term_string\"}}],\"inLanguage\":\"es\"}]}<\/script>\n<!-- \/ Yoast SEO plugin. -->","yoast_head_json":{"title":"6 APB - 6 APB-succinaat online kopen - 6 APB online te kopen","description":"6 APB, 6 APB succinaat kopen tegen de beste prijzen bij de online Rckopen. Wij hebben 6 APB van hoge kwaliteit te koop en bieden een veilige levering.","robots":{"index":"index","follow":"follow","max-snippet":"max-snippet:-1","max-image-preview":"max-image-preview:large","max-video-preview":"max-video-preview:-1"},"canonical":"https:\/\/rckopen.com\/es\/producto\/6-apb-succinato\/","og_locale":"es_ES","og_type":"article","og_title":"6 APB - 6 APB-succinaat online kopen - 6 APB online te kopen","og_description":"6 APB, 6 APB succinaat kopen tegen de beste prijzen bij de online Rckopen. Wij hebben 6 APB van hoge kwaliteit te koop en bieden een veilige levering.","og_url":"https:\/\/rckopen.com\/es\/producto\/6-apb-succinato\/","og_site_name":"RC Kopen","article_modified_time":"2025-02-01T08:58:59+00:00","og_image":[{"width":600,"height":600,"url":"https:\/\/rckopen.com\/wp-content\/uploads\/2023\/08\/6-APB-succinate.jpg","type":"image\/jpeg"}],"twitter_card":"summary_large_image","twitter_misc":{"Tiempo de lectura":"1 minuto"},"schema":{"@context":"https:\/\/schema.org","@graph":[{"@type":"WebPage","@id":"https:\/\/rckopen.com\/product\/6-apb-succinate\/","url":"https:\/\/rckopen.com\/product\/6-apb-succinate\/","name":"6 APB - 6 APB-succinaat online kopen - 6 APB online te kopen","isPartOf":{"@id":"https:\/\/rckopen.com\/#website"},"primaryImageOfPage":{"@id":"https:\/\/rckopen.com\/product\/6-apb-succinate\/#primaryimage"},"image":{"@id":"https:\/\/rckopen.com\/product\/6-apb-succinate\/#primaryimage"},"thumbnailUrl":"https:\/\/rckopen.com\/wp-content\/uploads\/2023\/08\/6-APB-succinate.jpg","datePublished":"2023-08-14T13:15:09+00:00","dateModified":"2025-02-01T08:58:59+00:00","description":"6 APB, 6 APB succinaat kopen tegen de beste prijzen bij de online Rckopen. Wij hebben 6 APB van hoge kwaliteit te koop en bieden een veilige levering.","breadcrumb":{"@id":"https:\/\/rckopen.com\/product\/6-apb-succinate\/#breadcrumb"},"inLanguage":"es","potentialAction":[{"@type":"ReadAction","target":["https:\/\/rckopen.com\/product\/6-apb-succinate\/"]}]},{"@type":"ImageObject","inLanguage":"es","@id":"https:\/\/rckopen.com\/product\/6-apb-succinate\/#primaryimage","url":"https:\/\/rckopen.com\/wp-content\/uploads\/2023\/08\/6-APB-succinate.jpg","contentUrl":"https:\/\/rckopen.com\/wp-content\/uploads\/2023\/08\/6-APB-succinate.jpg","width":600,"height":600,"caption":"6-APB-(succinate) online kopen"},{"@type":"BreadcrumbList","@id":"https:\/\/rckopen.com\/product\/6-apb-succinate\/#breadcrumb","itemListElement":[{"@type":"ListItem","position":1,"name":"Home","item":"https:\/\/rckopen.com\/"},{"@type":"ListItem","position":2,"name":"Shop","item":"https:\/\/rckopen.com\/shop\/"},{"@type":"ListItem","position":3,"name":"6-APB (succinate) Online Kopen"}]},{"@type":"WebSite","@id":"https:\/\/rckopen.com\/#website","url":"https:\/\/rckopen.com\/","name":"RC Kopen","description":"Research Chemicals","potentialAction":[{"@type":"SearchAction","target":{"@type":"EntryPoint","urlTemplate":"https:\/\/rckopen.com\/?s={search_term_string}"},"query-input":{"@type":"PropertyValueSpecification","valueRequired":true,"valueName":"search_term_string"}}],"inLanguage":"es"}]}},"_links":{"self":[{"href":"https:\/\/rckopen.com\/es\/wp-json\/wp\/v2\/product\/6373","targetHints":{"allow":["GET"]}}],"collection":[{"href":"https:\/\/rckopen.com\/es\/wp-json\/wp\/v2\/product"}],"about":[{"href":"https:\/\/rckopen.com\/es\/wp-json\/wp\/v2\/types\/product"}],"replies":[{"embeddable":true,"href":"https:\/\/rckopen.com\/es\/wp-json\/wp\/v2\/comments?post=6373"}],"wp:featuredmedia":[{"embeddable":true,"href":"https:\/\/rckopen.com\/es\/wp-json\/wp\/v2\/media\/6379"}],"wp:attachment":[{"href":"https:\/\/rckopen.com\/es\/wp-json\/wp\/v2\/media?parent=6373"}],"wp:term":[{"taxonomy":"product_brand","embeddable":true,"href":"https:\/\/rckopen.com\/es\/wp-json\/wp\/v2\/product_brand?post=6373"},{"taxonomy":"product_cat","embeddable":true,"href":"https:\/\/rckopen.com\/es\/wp-json\/wp\/v2\/product_cat?post=6373"},{"taxonomy":"product_tag","embeddable":true,"href":"https:\/\/rckopen.com\/es\/wp-json\/wp\/v2\/product_tag?post=6373"}],"curies":[{"name":"wp","href":"https:\/\/api.w.org\/{rel}","templated":true}]}}