{"id":6375,"date":"2023-08-14T13:21:19","date_gmt":"2023-08-14T13:21:19","guid":{"rendered":"https:\/\/diligentplug.com\/chems\/?post_type=product&#038;p=6375"},"modified":"2026-02-28T12:18:50","modified_gmt":"2026-02-28T12:18:50","slug":"1v-lsd-150mcg-blotters","status":"publish","type":"product","link":"https:\/\/rckopen.com\/es\/producto\/1v-lsd-150mcg-blotters\/","title":{"rendered":"Comprar Blotters de 1V-LSD 150 mcg en l\u00ednea"},"content":{"rendered":"<h2><b><span dir=\"auto\" style=\"vertical-align: inherit;\"><span dir=\"auto\" style=\"vertical-align: inherit;\">Buy 1V-LSD 150mcg Blotters Online \u2013 Premium Psychedelic Experience<\/span><\/span><\/b><\/h2>\n<h3><b><span dir=\"auto\" style=\"vertical-align: inherit;\"><span dir=\"auto\" style=\"vertical-align: inherit;\">\u00bfQu\u00e9 es 1V-LSD?<\/span><\/span><\/b><\/h3>\n<p><span style=\"font-weight: 400;\"><strong><a href=\"https:\/\/en.wikipedia.org\/wiki\/1V-LSD\"><span dir=\"auto\" style=\"vertical-align: inherit;\"><span dir=\"auto\" style=\"vertical-align: inherit;\">1V-LSD (dietilamida del \u00e1cido 1-valeril-lis\u00e9rgico)<\/span><\/span><\/a><\/strong><span dir=\"auto\" style=\"vertical-align: inherit;\"><span dir=\"auto\" style=\"vertical-align: inherit;\"> Es un psicod\u00e9lico novedoso, estrechamente relacionado con el LSD cl\u00e1sico, pero con propiedades \u00fanicas. Pertenece a la familia de las lisergamidas y ofrece una experiencia psicod\u00e9lica distintiva. Qu\u00edmicamente, el 1V-LSD tiene un grupo valerilo que influye en sus efectos. Comparado con el LSD, el 1V-LSD se describe a menudo como un viaje l\u00facido e introspectivo con profundas perspectivas cognitivas. Debido a esto, su popularidad dentro de la comunidad psicod\u00e9lica est\u00e1 creciendo r\u00e1pidamente.<\/span><\/span><\/span><\/p>\n<h3><b><span dir=\"auto\" style=\"vertical-align: inherit;\"><span dir=\"auto\" style=\"vertical-align: inherit;\">Entendiendo la dosis de 150 mcg<\/span><\/span><\/b><\/h3>\n<p><span style=\"font-weight: 400;\"><span dir=\"auto\" style=\"vertical-align: inherit;\"><span dir=\"auto\" style=\"vertical-align: inherit;\">Cada dosis contiene exactamente 150 microgramos de 1V-LSD, lo que crea una experiencia potente pero manejable. Esta dosis es ideal para usuarios experimentados que buscan im\u00e1genes v\u00edvidas, inspiraci\u00f3n creativa y perspectivas espirituales sin sentirse abrumados. Se recomienda a los principiantes comenzar lentamente. La seguridad es primordial: comience con una dosis baja, evite combinarla con otras sustancias y aseg\u00farese de que el entorno sea seguro.<\/span><\/span><\/span><\/p>\n<h3><b><span dir=\"auto\" style=\"vertical-align: inherit;\"><span dir=\"auto\" style=\"vertical-align: inherit;\">Beneficios de los secantes para 1V-LSD<\/span><\/span><\/b><\/h3>\n<p><span style=\"font-weight: 400;\"><span dir=\"auto\" style=\"vertical-align: inherit;\"><span dir=\"auto\" style=\"vertical-align: inherit;\">Los secantes son la presentaci\u00f3n preferida de 1V-LSD debido a su dosificaci\u00f3n precisa, facilidad de uso y portabilidad discreta. El formato de papel permite una r\u00e1pida absorci\u00f3n a trav\u00e9s de la mucosa oral, lo que garantiza una eficacia fiable. Los secantes son port\u00e1tiles y discretos, perfectos para quienes valoran la privacidad y la simplicidad.<\/span><\/span><\/span><\/p>\n<h3><b><span dir=\"auto\" style=\"vertical-align: inherit;\"><span dir=\"auto\" style=\"vertical-align: inherit;\">\u00bfD\u00f3nde comprar papel secante 1V-LSD 150mcg en l\u00ednea?<\/span><\/span><\/b><\/h3>\n<p><span style=\"font-weight: 400;\"><span dir=\"auto\" style=\"vertical-align: inherit;\"><span dir=\"auto\" style=\"vertical-align: inherit;\">Al comprar papel secante de 1V-LSD 150 mcg en l\u00ednea, es fundamental elegir vendedores de confianza. Ofrecen productos probados en laboratorio, or\u00edgenes transparentes y env\u00edos discretos. Verifique la autenticidad mediante los certificados de prueba de lote, el reconocible logotipo ST Design 1 y las opiniones positivas de los clientes. Tenga en cuenta las normativas locales, que pueden variar considerablemente. Inf\u00f3rmese bien antes de realizar su pedido. <a href=\"https:\/\/rckopen.com\/es\/\">Rckopen<\/a><\/span><\/span><\/span><\/p>\n<h3><b><span dir=\"auto\" style=\"vertical-align: inherit;\"><span dir=\"auto\" style=\"vertical-align: inherit;\">\u00bfC\u00f3mo comprar y utilizar papel secante 1V-LSD de forma segura?<\/span><\/span><\/b><\/h3>\n<p><span style=\"font-weight: 400;\"><span dir=\"auto\" style=\"vertical-align: inherit;\"><span dir=\"auto\" style=\"vertical-align: inherit;\">Utilice m\u00e9todos de pago seguros, como criptomonedas o plataformas de pago reconocidas, para proteger su privacidad. Siga siempre las instrucciones de dosificaci\u00f3n, comience con una dosis baja si no est\u00e1 familiarizado con el medicamento y \u00faselo en un entorno seguro y c\u00f3modo. Guarde los secantes en un lugar fresco, seco y oscuro para mantener su eficacia.<\/span><\/span><\/span><\/p>\n<h3><b><span dir=\"auto\" style=\"vertical-align: inherit;\"><span dir=\"auto\" style=\"vertical-align: inherit;\">Conclusi\u00f3n<\/span><\/span><\/b><\/h3>\n<p><span style=\"font-weight: 400;\"><span dir=\"auto\" style=\"vertical-align: inherit;\"><span dir=\"auto\" style=\"vertical-align: inherit;\">Los blotters de 1V-LSD de 150 mcg ofrecen una experiencia psicod\u00e9lica potente y de alta calidad en un envase pr\u00e1ctico y discreto. Perfectos para quienes buscan una alternativa al LSD tradicional con calidad y seguridad confiables. \u00bfQuieres comprar blotters de 1V-LSD de 150 mcg en l\u00ednea? Elige siempre proveedores confiables con productos probados y verificados a un precio competitivo.<\/span><\/span><\/span><\/p>\n<p><b><a href=\"https:\/\/rckopen.com\/es\/producto\/1v-lsd-150mcg-blotters\/\"><span dir=\"auto\" style=\"vertical-align: inherit;\"><span dir=\"auto\" style=\"vertical-align: inherit;\">Ready to explore? Order your 1V-LSD 150mcg blotters online<\/span><\/span><\/a><span dir=\"auto\" style=\"vertical-align: inherit;\"><span dir=\"auto\" style=\"vertical-align: inherit;\"> today from <\/span><span dir=\"auto\" style=\"vertical-align: inherit;\">\u00a1El m\u00e1s vendido y benef\u00edciate de un env\u00edo seguro, discreto y un gran precio!<\/span><\/span><\/b><\/p>","protected":false},"excerpt":{"rendered":"<p><strong><span dir=\"auto\" style=\"vertical-align: inherit;\"><span dir=\"auto\" style=\"vertical-align: inherit;\">Apariencia:<\/span><\/span><\/strong><span dir=\"auto\" style=\"vertical-align: inherit;\"><span dir=\"auto\" style=\"vertical-align: inherit;\"> papel secante<\/span><\/span><\/p>\n<p><strong><span dir=\"auto\" style=\"vertical-align: inherit;\"><span dir=\"auto\" style=\"vertical-align: inherit;\">Forma:<\/span><\/span><\/strong><span dir=\"auto\" style=\"vertical-align: inherit;\"><span dir=\"auto\" style=\"vertical-align: inherit;\"> papel secante<\/span><\/span><\/p>","protected":false},"featured_media":6381,"comment_status":"open","ping_status":"closed","template":"","meta":{"_joinchat":[]},"product_brand":[],"product_cat":[130],"product_tag":[],"class_list":{"0":"post-6375","1":"product","2":"type-product","3":"status-publish","4":"has-post-thumbnail","6":"product_cat-blotters","8":"first","9":"instock","10":"shipping-taxable","11":"purchasable","12":"product-type-variable"},"yoast_head":"<!-- This site is optimized with the Yoast SEO plugin v26.3 - https:\/\/yoast.com\/wordpress\/plugins\/seo\/ -->\n<title>1V-LSD-150MCG-blotters online kopen - 1V-LSD-150MCG kopen<\/title>\n<meta name=\"description\" content=\"1v-lsd-150mcg-blotters online kopen in onze vertrouwde online winkel voor producten van topkwaliteit. kopen 1v-lsd-150mcg-blotters eenvoudig en veilig te koop op ons platform voor ultieme klanttevredenheid. Bestel nu!\" \/>\n<meta name=\"robots\" content=\"index, follow, max-snippet:-1, max-image-preview:large, max-video-preview:-1\" \/>\n<link rel=\"canonical\" href=\"https:\/\/rckopen.com\/es\/producto\/1v-lsd-150mcg-blotters\/\" \/>\n<meta property=\"og:locale\" content=\"es_ES\" \/>\n<meta property=\"og:type\" content=\"article\" \/>\n<meta property=\"og:title\" content=\"1V-LSD-150MCG-blotters online kopen - 1V-LSD-150MCG kopen\" \/>\n<meta property=\"og:description\" content=\"1v-lsd-150mcg-blotters online kopen in onze vertrouwde online winkel voor producten van topkwaliteit. kopen 1v-lsd-150mcg-blotters eenvoudig en veilig te koop op ons platform voor ultieme klanttevredenheid. Bestel nu!\" \/>\n<meta property=\"og:url\" content=\"https:\/\/rckopen.com\/es\/producto\/1v-lsd-150mcg-blotters\/\" \/>\n<meta property=\"og:site_name\" content=\"RC Kopen\" \/>\n<meta property=\"article:modified_time\" content=\"2026-02-28T12:18:50+00:00\" \/>\n<meta property=\"og:image\" content=\"https:\/\/rckopen.com\/wp-content\/uploads\/2023\/08\/1V-LSD-150mcg-Blotters.jpg\" \/>\n\t<meta property=\"og:image:width\" content=\"600\" \/>\n\t<meta property=\"og:image:height\" content=\"600\" \/>\n\t<meta property=\"og:image:type\" content=\"image\/jpeg\" \/>\n<meta name=\"twitter:card\" content=\"summary_large_image\" \/>\n<meta name=\"twitter:label1\" content=\"Tiempo de lectura\" \/>\n\t<meta name=\"twitter:data1\" content=\"2 minutos\" \/>\n<script type=\"application\/ld+json\" class=\"yoast-schema-graph\">{\"@context\":\"https:\/\/schema.org\",\"@graph\":[{\"@type\":\"WebPage\",\"@id\":\"https:\/\/rckopen.com\/product\/1v-lsd-150mcg-blotters\/\",\"url\":\"https:\/\/rckopen.com\/product\/1v-lsd-150mcg-blotters\/\",\"name\":\"1V-LSD-150MCG-blotters online kopen - 1V-LSD-150MCG kopen\",\"isPartOf\":{\"@id\":\"https:\/\/rckopen.com\/#website\"},\"primaryImageOfPage\":{\"@id\":\"https:\/\/rckopen.com\/product\/1v-lsd-150mcg-blotters\/#primaryimage\"},\"image\":{\"@id\":\"https:\/\/rckopen.com\/product\/1v-lsd-150mcg-blotters\/#primaryimage\"},\"thumbnailUrl\":\"https:\/\/rckopen.com\/wp-content\/uploads\/2023\/08\/1V-LSD-150mcg-Blotters.jpg\",\"datePublished\":\"2023-08-14T13:21:19+00:00\",\"dateModified\":\"2026-02-28T12:18:50+00:00\",\"description\":\"1v-lsd-150mcg-blotters online kopen in onze vertrouwde online winkel voor producten van topkwaliteit. kopen 1v-lsd-150mcg-blotters eenvoudig en veilig te koop op ons platform voor ultieme klanttevredenheid. Bestel nu!\",\"breadcrumb\":{\"@id\":\"https:\/\/rckopen.com\/product\/1v-lsd-150mcg-blotters\/#breadcrumb\"},\"inLanguage\":\"es\",\"potentialAction\":[{\"@type\":\"ReadAction\",\"target\":[\"https:\/\/rckopen.com\/product\/1v-lsd-150mcg-blotters\/\"]}]},{\"@type\":\"ImageObject\",\"inLanguage\":\"es\",\"@id\":\"https:\/\/rckopen.com\/product\/1v-lsd-150mcg-blotters\/#primaryimage\",\"url\":\"https:\/\/rckopen.com\/wp-content\/uploads\/2023\/08\/1V-LSD-150mcg-Blotters.jpg\",\"contentUrl\":\"https:\/\/rckopen.com\/wp-content\/uploads\/2023\/08\/1V-LSD-150mcg-Blotters.jpg\",\"width\":600,\"height\":600,\"caption\":\"1V-LSD 150mcg Blotters Online Kopen\"},{\"@type\":\"BreadcrumbList\",\"@id\":\"https:\/\/rckopen.com\/product\/1v-lsd-150mcg-blotters\/#breadcrumb\",\"itemListElement\":[{\"@type\":\"ListItem\",\"position\":1,\"name\":\"Home\",\"item\":\"https:\/\/rckopen.com\/\"},{\"@type\":\"ListItem\",\"position\":2,\"name\":\"Shop\",\"item\":\"https:\/\/rckopen.com\/shop\/\"},{\"@type\":\"ListItem\",\"position\":3,\"name\":\"1V-LSD 150mcg Blotters Online Kopen\"}]},{\"@type\":\"WebSite\",\"@id\":\"https:\/\/rckopen.com\/#website\",\"url\":\"https:\/\/rckopen.com\/\",\"name\":\"RC Kopen\",\"description\":\"Research Chemicals\",\"potentialAction\":[{\"@type\":\"SearchAction\",\"target\":{\"@type\":\"EntryPoint\",\"urlTemplate\":\"https:\/\/rckopen.com\/?s={search_term_string}\"},\"query-input\":{\"@type\":\"PropertyValueSpecification\",\"valueRequired\":true,\"valueName\":\"search_term_string\"}}],\"inLanguage\":\"es\"}]}<\/script>\n<!-- \/ Yoast SEO plugin. -->","yoast_head_json":{"title":"1V-LSD-150MCG-blotters online kopen - 1V-LSD-150MCG kopen","description":"1v-lsd-150mcg-blotters online kopen in onze vertrouwde online winkel voor producten van topkwaliteit. kopen 1v-lsd-150mcg-blotters eenvoudig en veilig te koop op ons platform voor ultieme klanttevredenheid. Bestel nu!","robots":{"index":"index","follow":"follow","max-snippet":"max-snippet:-1","max-image-preview":"max-image-preview:large","max-video-preview":"max-video-preview:-1"},"canonical":"https:\/\/rckopen.com\/es\/producto\/1v-lsd-150mcg-blotters\/","og_locale":"es_ES","og_type":"article","og_title":"1V-LSD-150MCG-blotters online kopen - 1V-LSD-150MCG kopen","og_description":"1v-lsd-150mcg-blotters online kopen in onze vertrouwde online winkel voor producten van topkwaliteit. kopen 1v-lsd-150mcg-blotters eenvoudig en veilig te koop op ons platform voor ultieme klanttevredenheid. Bestel nu!","og_url":"https:\/\/rckopen.com\/es\/producto\/1v-lsd-150mcg-blotters\/","og_site_name":"RC Kopen","article_modified_time":"2026-02-28T12:18:50+00:00","og_image":[{"width":600,"height":600,"url":"https:\/\/rckopen.com\/wp-content\/uploads\/2023\/08\/1V-LSD-150mcg-Blotters.jpg","type":"image\/jpeg"}],"twitter_card":"summary_large_image","twitter_misc":{"Tiempo de lectura":"2 minutos"},"schema":{"@context":"https:\/\/schema.org","@graph":[{"@type":"WebPage","@id":"https:\/\/rckopen.com\/product\/1v-lsd-150mcg-blotters\/","url":"https:\/\/rckopen.com\/product\/1v-lsd-150mcg-blotters\/","name":"1V-LSD-150MCG-blotters online kopen - 1V-LSD-150MCG kopen","isPartOf":{"@id":"https:\/\/rckopen.com\/#website"},"primaryImageOfPage":{"@id":"https:\/\/rckopen.com\/product\/1v-lsd-150mcg-blotters\/#primaryimage"},"image":{"@id":"https:\/\/rckopen.com\/product\/1v-lsd-150mcg-blotters\/#primaryimage"},"thumbnailUrl":"https:\/\/rckopen.com\/wp-content\/uploads\/2023\/08\/1V-LSD-150mcg-Blotters.jpg","datePublished":"2023-08-14T13:21:19+00:00","dateModified":"2026-02-28T12:18:50+00:00","description":"1v-lsd-150mcg-blotters online kopen in onze vertrouwde online winkel voor producten van topkwaliteit. kopen 1v-lsd-150mcg-blotters eenvoudig en veilig te koop op ons platform voor ultieme klanttevredenheid. Bestel nu!","breadcrumb":{"@id":"https:\/\/rckopen.com\/product\/1v-lsd-150mcg-blotters\/#breadcrumb"},"inLanguage":"es","potentialAction":[{"@type":"ReadAction","target":["https:\/\/rckopen.com\/product\/1v-lsd-150mcg-blotters\/"]}]},{"@type":"ImageObject","inLanguage":"es","@id":"https:\/\/rckopen.com\/product\/1v-lsd-150mcg-blotters\/#primaryimage","url":"https:\/\/rckopen.com\/wp-content\/uploads\/2023\/08\/1V-LSD-150mcg-Blotters.jpg","contentUrl":"https:\/\/rckopen.com\/wp-content\/uploads\/2023\/08\/1V-LSD-150mcg-Blotters.jpg","width":600,"height":600,"caption":"1V-LSD 150mcg Blotters Online Kopen"},{"@type":"BreadcrumbList","@id":"https:\/\/rckopen.com\/product\/1v-lsd-150mcg-blotters\/#breadcrumb","itemListElement":[{"@type":"ListItem","position":1,"name":"Home","item":"https:\/\/rckopen.com\/"},{"@type":"ListItem","position":2,"name":"Shop","item":"https:\/\/rckopen.com\/shop\/"},{"@type":"ListItem","position":3,"name":"1V-LSD 150mcg Blotters Online Kopen"}]},{"@type":"WebSite","@id":"https:\/\/rckopen.com\/#website","url":"https:\/\/rckopen.com\/","name":"RC Kopen","description":"Research Chemicals","potentialAction":[{"@type":"SearchAction","target":{"@type":"EntryPoint","urlTemplate":"https:\/\/rckopen.com\/?s={search_term_string}"},"query-input":{"@type":"PropertyValueSpecification","valueRequired":true,"valueName":"search_term_string"}}],"inLanguage":"es"}]}},"_links":{"self":[{"href":"https:\/\/rckopen.com\/es\/wp-json\/wp\/v2\/product\/6375","targetHints":{"allow":["GET"]}}],"collection":[{"href":"https:\/\/rckopen.com\/es\/wp-json\/wp\/v2\/product"}],"about":[{"href":"https:\/\/rckopen.com\/es\/wp-json\/wp\/v2\/types\/product"}],"replies":[{"embeddable":true,"href":"https:\/\/rckopen.com\/es\/wp-json\/wp\/v2\/comments?post=6375"}],"wp:featuredmedia":[{"embeddable":true,"href":"https:\/\/rckopen.com\/es\/wp-json\/wp\/v2\/media\/6381"}],"wp:attachment":[{"href":"https:\/\/rckopen.com\/es\/wp-json\/wp\/v2\/media?parent=6375"}],"wp:term":[{"taxonomy":"product_brand","embeddable":true,"href":"https:\/\/rckopen.com\/es\/wp-json\/wp\/v2\/product_brand?post=6375"},{"taxonomy":"product_cat","embeddable":true,"href":"https:\/\/rckopen.com\/es\/wp-json\/wp\/v2\/product_cat?post=6375"},{"taxonomy":"product_tag","embeddable":true,"href":"https:\/\/rckopen.com\/es\/wp-json\/wp\/v2\/product_tag?post=6375"}],"curies":[{"name":"wp","href":"https:\/\/api.w.org\/{rel}","templated":true}]}}