{"id":6407,"date":"2023-08-15T05:59:12","date_gmt":"2023-08-15T05:59:12","guid":{"rendered":"https:\/\/diligentplug.com\/chems\/?post_type=product&#038;p=6407"},"modified":"2025-09-16T10:19:46","modified_gmt":"2025-09-16T10:19:46","slug":"5c-akb48","status":"publish","type":"product","link":"https:\/\/rckopen.com\/es\/producto\/5c-akb48\/","title":{"rendered":"Comprar 5C-AKB48 en l\u00ednea"},"content":{"rendered":"<h2>Was ist 5C-AKB48 online kopen<a href=\"https:\/\/en.wikipedia.org\/w\/index.php?search=+5C-AKB48+&amp;title=Special%3ASearch&amp;ns0=1\">?<\/a><\/h2>\n<p>El 5C-AKB48 es un cannabinoide sint\u00e9tico de la familia de las indazolcarboxamidas y es un 5-cloro-an\u00e1logo del 5F-AKB48 (a menudo denominado AKB48, 5F-APINACA o 5F-AKB48), el cannabinoide sint\u00e9tico m\u00e1s conocido.<a href=\"https:\/\/rckopen.com\/es\/producto\/4f-abinaca\/\">.<\/a><\/p>\n<p>El 5C-AKB48 tiene un efecto similar, aunque m\u00e1s fuerte, que el 5F-AKB48.<\/p>\n<h2>Propiedades qu\u00edmicas de 5C-AKB48<\/h2>\n<p>F\u00f3rmula qu\u00edmica: C23H30CIN3O<\/p>\n<p>Nombre completo: N-(adamantano-1-il)-1-(5-cloropentil)-1H-indazol-3-carboxamida<\/p>\n<p>Masa molar: 400,00 g\/mol<\/p>\n<p>Pureza: &gt;98%<\/p>\n<h3>\u00bfD\u00f3nde comprar 5C-AKB-48?<\/h3>\n<p>Aqu\u00ed en RC BUY ofrecemos la m\u00e1s alta calidad 5C-AKB48 se puede encontrar en el mercado. RC BUY es tambi\u00e9n una fuente de confianza N1 y ofrece el env\u00edo r\u00e1pido y discreto a varios pa\u00edses de todo el mundo.<\/p>\n<p>Debe tener al menos 18 a\u00f1os para comprar 5C-AKB48 y se aceptan las principales tarjetas de cr\u00e9dito y Bitcoin. Todos los productos, incluido el 5C-AKB48, est\u00e1n destinados exclusivamente a la investigaci\u00f3n y no al consumo humano.<\/p>\n<h3>Efectos negativos<\/h3>\n<p>La nocividad y los efectos sobre el bienestar a largo plazo del uso recreativo del 5F-AKB48 no parecen concentrarse en un contexto l\u00f3gico, y la medici\u00f3n espec\u00edfica de la sustancia t\u00f3xica no est\u00e1 clara. Esto se debe al hecho de que el 5F-AKB48 pr\u00e1cticamente no tiene experiencia de uso humano. Las pruebas narrativas de las personas que han probado el 5F-AKB48 dentro de la red demuestran que no parece haber efectos adversos para la salud atribuidos \u00fanicamente a este f\u00e1rmaco dif\u00edcil, de dosis bajas y sin otro uso y con moderaci\u00f3n (sin embargo, nada puede garantizarse plenamente). Los estudios aleatorizados han demostrado que la sobredosis causa molestias f\u00edsicas, como palpitaciones, mareos y sedaci\u00f3n, a dosis mucho m\u00e1s bajas que las dosis de alto riesgo, lo que suele provocar que el paciente experimente mucha tensi\u00f3n o se quede dormido.<\/p>\n<p>A menudo se ha sugerido que las personas con s\u00edntomas graves previos no deber\u00edan consumir estas sustancias, ya que potencian claramente el estado actual del cerebro y las emociones. Al igual que el THC, el consumo a largo plazo de cannabinoides manufacturados, incluido el 5F-AKB48, tambi\u00e9n puede aumentar la presentaci\u00f3n de conductas disfuncionales y psicosis, especialmente en personas vulnerables con factores de riesgo de locura (como antecedentes o antecedentes familiares de esquizofrenia).<\/p>\n<p>rckopen.com ofrece productos que no est\u00e1n destinados al consumo humano. Consumir este producto (involuntariamente) podr\u00eda tener graves consecuencias m\u00e9dicas.<\/p>","protected":false},"excerpt":{"rendered":"<p>Nombre IUPAC: N-(adamantan-1-il)-1-(5-cloropentil)-1H-indazol-3-carboxamida<br \/>\nCAS # 2160555-52-0<br \/>\nAn\u00e1lisis RMN: C23H30CIN3O<\/p>","protected":false},"featured_media":6423,"comment_status":"open","ping_status":"closed","template":"","meta":{"_joinchat":[]},"product_brand":[],"product_cat":[132],"product_tag":[185,186,187,189,188,191,190],"class_list":{"0":"post-6407","1":"product","2":"type-product","3":"status-publish","4":"has-post-thumbnail","6":"product_cat-cannabinoiden","7":"product_tag-4cn-adb","8":"product_tag-4cn-mdmb-pinaca-5c-apinaca","9":"product_tag-5c-akb48-5f-ab-pinaca-5f-adb-pinaca-5f-adb","10":"product_tag-5f-akb48-5f-cumyl-pinaca","11":"product_tag-5f-mdmb-pinaca-5f-amb-5f-apinaca","12":"product_tag-c-vloeistof","13":"product_tag-sgt-25","15":"first","16":"instock","17":"shipping-taxable","18":"purchasable","19":"product-type-variable"},"yoast_head":"<!-- This site is optimized with the Yoast SEO plugin v26.3 - https:\/\/yoast.com\/wordpress\/plugins\/seo\/ -->\n<title>5C-AKB48 online te koop - 5C-AKB48 online kopen<\/title>\n<meta name=\"description\" content=\"Onze online RC-koopwinkel heeft hoogwaardige 5C-AKB48 te koop. Als u bereid bent 5C-AKB48 online te kopen, laat het ons dan weten.\" \/>\n<meta name=\"robots\" content=\"index, follow, max-snippet:-1, max-image-preview:large, max-video-preview:-1\" \/>\n<link rel=\"canonical\" href=\"https:\/\/rckopen.com\/es\/producto\/5c-akb48\/\" \/>\n<meta property=\"og:locale\" content=\"es_ES\" \/>\n<meta property=\"og:type\" content=\"article\" \/>\n<meta property=\"og:title\" content=\"5C-AKB48 online te koop - 5C-AKB48 online kopen\" \/>\n<meta property=\"og:description\" content=\"Onze online RC-koopwinkel heeft hoogwaardige 5C-AKB48 te koop. Als u bereid bent 5C-AKB48 online te kopen, laat het ons dan weten.\" \/>\n<meta property=\"og:url\" content=\"https:\/\/rckopen.com\/es\/producto\/5c-akb48\/\" \/>\n<meta property=\"og:site_name\" content=\"RC Kopen\" \/>\n<meta property=\"article:modified_time\" content=\"2025-09-16T10:19:46+00:00\" \/>\n<meta property=\"og:image\" content=\"https:\/\/rckopen.com\/wp-content\/uploads\/2023\/08\/5C-AKB48.jpg\" \/>\n\t<meta property=\"og:image:width\" content=\"600\" \/>\n\t<meta property=\"og:image:height\" content=\"600\" \/>\n\t<meta property=\"og:image:type\" content=\"image\/jpeg\" \/>\n<meta name=\"twitter:card\" content=\"summary_large_image\" \/>\n<meta name=\"twitter:label1\" content=\"Tiempo de lectura\" \/>\n\t<meta name=\"twitter:data1\" content=\"2 minutos\" \/>\n<script type=\"application\/ld+json\" class=\"yoast-schema-graph\">{\"@context\":\"https:\/\/schema.org\",\"@graph\":[{\"@type\":\"WebPage\",\"@id\":\"https:\/\/rckopen.com\/product\/5c-akb48\/\",\"url\":\"https:\/\/rckopen.com\/product\/5c-akb48\/\",\"name\":\"5C-AKB48 online te koop - 5C-AKB48 online kopen\",\"isPartOf\":{\"@id\":\"https:\/\/rckopen.com\/#website\"},\"primaryImageOfPage\":{\"@id\":\"https:\/\/rckopen.com\/product\/5c-akb48\/#primaryimage\"},\"image\":{\"@id\":\"https:\/\/rckopen.com\/product\/5c-akb48\/#primaryimage\"},\"thumbnailUrl\":\"https:\/\/rckopen.com\/wp-content\/uploads\/2023\/08\/5C-AKB48.jpg\",\"datePublished\":\"2023-08-15T05:59:12+00:00\",\"dateModified\":\"2025-09-16T10:19:46+00:00\",\"description\":\"Onze online RC-koopwinkel heeft hoogwaardige 5C-AKB48 te koop. Als u bereid bent 5C-AKB48 online te kopen, laat het ons dan weten.\",\"breadcrumb\":{\"@id\":\"https:\/\/rckopen.com\/product\/5c-akb48\/#breadcrumb\"},\"inLanguage\":\"es\",\"potentialAction\":[{\"@type\":\"ReadAction\",\"target\":[\"https:\/\/rckopen.com\/product\/5c-akb48\/\"]}]},{\"@type\":\"ImageObject\",\"inLanguage\":\"es\",\"@id\":\"https:\/\/rckopen.com\/product\/5c-akb48\/#primaryimage\",\"url\":\"https:\/\/rckopen.com\/wp-content\/uploads\/2023\/08\/5C-AKB48.jpg\",\"contentUrl\":\"https:\/\/rckopen.com\/wp-content\/uploads\/2023\/08\/5C-AKB48.jpg\",\"width\":600,\"height\":600,\"caption\":\"5C-AKB48 online kopen\"},{\"@type\":\"BreadcrumbList\",\"@id\":\"https:\/\/rckopen.com\/product\/5c-akb48\/#breadcrumb\",\"itemListElement\":[{\"@type\":\"ListItem\",\"position\":1,\"name\":\"Home\",\"item\":\"https:\/\/rckopen.com\/\"},{\"@type\":\"ListItem\",\"position\":2,\"name\":\"Shop\",\"item\":\"https:\/\/rckopen.com\/shop\/\"},{\"@type\":\"ListItem\",\"position\":3,\"name\":\"5C-AKB48 online kopen\"}]},{\"@type\":\"WebSite\",\"@id\":\"https:\/\/rckopen.com\/#website\",\"url\":\"https:\/\/rckopen.com\/\",\"name\":\"RC Kopen\",\"description\":\"Research Chemicals\",\"potentialAction\":[{\"@type\":\"SearchAction\",\"target\":{\"@type\":\"EntryPoint\",\"urlTemplate\":\"https:\/\/rckopen.com\/?s={search_term_string}\"},\"query-input\":{\"@type\":\"PropertyValueSpecification\",\"valueRequired\":true,\"valueName\":\"search_term_string\"}}],\"inLanguage\":\"es\"}]}<\/script>\n<!-- \/ Yoast SEO plugin. -->","yoast_head_json":{"title":"5C-AKB48 online te koop - 5C-AKB48 online kopen","description":"Onze online RC-koopwinkel heeft hoogwaardige 5C-AKB48 te koop. Als u bereid bent 5C-AKB48 online te kopen, laat het ons dan weten.","robots":{"index":"index","follow":"follow","max-snippet":"max-snippet:-1","max-image-preview":"max-image-preview:large","max-video-preview":"max-video-preview:-1"},"canonical":"https:\/\/rckopen.com\/es\/producto\/5c-akb48\/","og_locale":"es_ES","og_type":"article","og_title":"5C-AKB48 online te koop - 5C-AKB48 online kopen","og_description":"Onze online RC-koopwinkel heeft hoogwaardige 5C-AKB48 te koop. Als u bereid bent 5C-AKB48 online te kopen, laat het ons dan weten.","og_url":"https:\/\/rckopen.com\/es\/producto\/5c-akb48\/","og_site_name":"RC Kopen","article_modified_time":"2025-09-16T10:19:46+00:00","og_image":[{"width":600,"height":600,"url":"https:\/\/rckopen.com\/wp-content\/uploads\/2023\/08\/5C-AKB48.jpg","type":"image\/jpeg"}],"twitter_card":"summary_large_image","twitter_misc":{"Tiempo de lectura":"2 minutos"},"schema":{"@context":"https:\/\/schema.org","@graph":[{"@type":"WebPage","@id":"https:\/\/rckopen.com\/product\/5c-akb48\/","url":"https:\/\/rckopen.com\/product\/5c-akb48\/","name":"5C-AKB48 online te koop - 5C-AKB48 online kopen","isPartOf":{"@id":"https:\/\/rckopen.com\/#website"},"primaryImageOfPage":{"@id":"https:\/\/rckopen.com\/product\/5c-akb48\/#primaryimage"},"image":{"@id":"https:\/\/rckopen.com\/product\/5c-akb48\/#primaryimage"},"thumbnailUrl":"https:\/\/rckopen.com\/wp-content\/uploads\/2023\/08\/5C-AKB48.jpg","datePublished":"2023-08-15T05:59:12+00:00","dateModified":"2025-09-16T10:19:46+00:00","description":"Onze online RC-koopwinkel heeft hoogwaardige 5C-AKB48 te koop. Als u bereid bent 5C-AKB48 online te kopen, laat het ons dan weten.","breadcrumb":{"@id":"https:\/\/rckopen.com\/product\/5c-akb48\/#breadcrumb"},"inLanguage":"es","potentialAction":[{"@type":"ReadAction","target":["https:\/\/rckopen.com\/product\/5c-akb48\/"]}]},{"@type":"ImageObject","inLanguage":"es","@id":"https:\/\/rckopen.com\/product\/5c-akb48\/#primaryimage","url":"https:\/\/rckopen.com\/wp-content\/uploads\/2023\/08\/5C-AKB48.jpg","contentUrl":"https:\/\/rckopen.com\/wp-content\/uploads\/2023\/08\/5C-AKB48.jpg","width":600,"height":600,"caption":"5C-AKB48 online kopen"},{"@type":"BreadcrumbList","@id":"https:\/\/rckopen.com\/product\/5c-akb48\/#breadcrumb","itemListElement":[{"@type":"ListItem","position":1,"name":"Home","item":"https:\/\/rckopen.com\/"},{"@type":"ListItem","position":2,"name":"Shop","item":"https:\/\/rckopen.com\/shop\/"},{"@type":"ListItem","position":3,"name":"5C-AKB48 online kopen"}]},{"@type":"WebSite","@id":"https:\/\/rckopen.com\/#website","url":"https:\/\/rckopen.com\/","name":"RC Kopen","description":"Research Chemicals","potentialAction":[{"@type":"SearchAction","target":{"@type":"EntryPoint","urlTemplate":"https:\/\/rckopen.com\/?s={search_term_string}"},"query-input":{"@type":"PropertyValueSpecification","valueRequired":true,"valueName":"search_term_string"}}],"inLanguage":"es"}]}},"_links":{"self":[{"href":"https:\/\/rckopen.com\/es\/wp-json\/wp\/v2\/product\/6407","targetHints":{"allow":["GET"]}}],"collection":[{"href":"https:\/\/rckopen.com\/es\/wp-json\/wp\/v2\/product"}],"about":[{"href":"https:\/\/rckopen.com\/es\/wp-json\/wp\/v2\/types\/product"}],"replies":[{"embeddable":true,"href":"https:\/\/rckopen.com\/es\/wp-json\/wp\/v2\/comments?post=6407"}],"wp:featuredmedia":[{"embeddable":true,"href":"https:\/\/rckopen.com\/es\/wp-json\/wp\/v2\/media\/6423"}],"wp:attachment":[{"href":"https:\/\/rckopen.com\/es\/wp-json\/wp\/v2\/media?parent=6407"}],"wp:term":[{"taxonomy":"product_brand","embeddable":true,"href":"https:\/\/rckopen.com\/es\/wp-json\/wp\/v2\/product_brand?post=6407"},{"taxonomy":"product_cat","embeddable":true,"href":"https:\/\/rckopen.com\/es\/wp-json\/wp\/v2\/product_cat?post=6407"},{"taxonomy":"product_tag","embeddable":true,"href":"https:\/\/rckopen.com\/es\/wp-json\/wp\/v2\/product_tag?post=6407"}],"curies":[{"name":"wp","href":"https:\/\/api.w.org\/{rel}","templated":true}]}}