{"id":6409,"date":"2023-08-15T06:12:28","date_gmt":"2023-08-15T06:12:28","guid":{"rendered":"https:\/\/diligentplug.com\/chems\/?post_type=product&#038;p=6409"},"modified":"2025-02-05T10:21:32","modified_gmt":"2025-02-05T10:21:32","slug":"7-abf","status":"publish","type":"product","link":"https:\/\/rckopen.com\/es\/producto\/7-abf\/","title":{"rendered":"Comprar 7-abf en l\u00ednea"},"content":{"rendered":"<h2>Comprar 7-abf en l\u00ednea<\/h2>\n<p>Detalles del producto 7-ABF es un cannabinoide sint\u00e9tico cuyo uso exclusivo es en investigaci\u00f3n.<\/p>\n<p>Declaraciones de peligros 7-ABF: <a href=\"https:\/\/rckopen.com\/es\/producto\/7-abf\/\">7-ABF<\/a> Puede irritar los ojos y las v\u00edas respiratorias. Est\u00e1 prohibido liberar sustancias de investigaci\u00f3n al medio ambiente.<\/p>\n<h3>Consejos de seguridad 7-ABF: En caso de contacto visual:<\/h3>\n<p>Si es posible, qu\u00edtese las lentillas y enjuague suavemente los ojos con agua durante al menos diez o quince minutos. Si ha habido contacto con la piel, enju\u00e1guela con agua y jab\u00f3n si puede. Por inhalaci\u00f3n: Busque aire fresco y col\u00f3quese de manera que le resulte m\u00e1s f\u00e1cil respirar. <a href=\"https:\/\/rckopen.com\/es\/\">RC Kopen<\/a><\/p>\n<p>Mantenga los productos qu\u00edmicos alejados de fuentes de calor, fuera del alcance de los ni\u00f1os, en envases adecuados y a temperatura ambiente en un entorno seco. En estas condiciones, la estabilidad del 7-ABF puede durar hasta dos a\u00f1os.<\/p>","protected":false},"excerpt":{"rendered":"<p><strong>Nombre IUPAC: <\/strong>2-(7-fluoro-1H-benzo[d]imidazol-2-il)anilina<\/p>\n<p><strong>Forma: <\/strong>polvo<\/p>","protected":false},"featured_media":6426,"comment_status":"open","ping_status":"closed","template":"","meta":{"_joinchat":[]},"product_brand":[],"product_cat":[132],"product_tag":[],"class_list":{"0":"post-6409","1":"product","2":"type-product","3":"status-publish","4":"has-post-thumbnail","6":"product_cat-cannabinoiden","8":"first","9":"instock","10":"shipping-taxable","11":"purchasable","12":"product-type-variable"},"yoast_head":"<!-- This site is optimized with the Yoast SEO plugin v26.3 - https:\/\/yoast.com\/wordpress\/plugins\/seo\/ -->\n<title>7-ABF te koop - Koop 7-ABF online | RC Kopen<\/title>\n<meta name=\"description\" content=\"U kunt nu 7-ABF te koop krijgen in onze topwinkel RC Kopen. Onze medewerkers zullen u helpen om 7-ABF online te kopen tegen de beste prijzen. Bestel 7-ABF vandaag nog online met wereldwijde verzending!\" \/>\n<meta name=\"robots\" content=\"index, follow, max-snippet:-1, max-image-preview:large, max-video-preview:-1\" \/>\n<link rel=\"canonical\" href=\"https:\/\/rckopen.com\/es\/producto\/7-abf\/\" \/>\n<meta property=\"og:locale\" content=\"es_ES\" \/>\n<meta property=\"og:type\" content=\"article\" \/>\n<meta property=\"og:title\" content=\"7-ABF te koop - Koop 7-ABF online | RC Kopen\" \/>\n<meta property=\"og:description\" content=\"U kunt nu 7-ABF te koop krijgen in onze topwinkel RC Kopen. Onze medewerkers zullen u helpen om 7-ABF online te kopen tegen de beste prijzen. Bestel 7-ABF vandaag nog online met wereldwijde verzending!\" \/>\n<meta property=\"og:url\" content=\"https:\/\/rckopen.com\/es\/producto\/7-abf\/\" \/>\n<meta property=\"og:site_name\" content=\"RC Kopen\" \/>\n<meta property=\"article:modified_time\" content=\"2025-02-05T10:21:32+00:00\" \/>\n<meta property=\"og:image\" content=\"https:\/\/rckopen.com\/wp-content\/uploads\/2023\/08\/7-abf.jpg\" \/>\n\t<meta property=\"og:image:width\" content=\"600\" \/>\n\t<meta property=\"og:image:height\" content=\"600\" \/>\n\t<meta property=\"og:image:type\" content=\"image\/jpeg\" \/>\n<meta name=\"twitter:card\" content=\"summary_large_image\" \/>\n<meta name=\"twitter:label1\" content=\"Tiempo de lectura\" \/>\n\t<meta name=\"twitter:data1\" content=\"1 minuto\" \/>\n<script type=\"application\/ld+json\" class=\"yoast-schema-graph\">{\"@context\":\"https:\/\/schema.org\",\"@graph\":[{\"@type\":\"WebPage\",\"@id\":\"https:\/\/rckopen.com\/product\/7-abf\/\",\"url\":\"https:\/\/rckopen.com\/product\/7-abf\/\",\"name\":\"7-ABF te koop - Koop 7-ABF online | RC Kopen\",\"isPartOf\":{\"@id\":\"https:\/\/rckopen.com\/#website\"},\"primaryImageOfPage\":{\"@id\":\"https:\/\/rckopen.com\/product\/7-abf\/#primaryimage\"},\"image\":{\"@id\":\"https:\/\/rckopen.com\/product\/7-abf\/#primaryimage\"},\"thumbnailUrl\":\"https:\/\/rckopen.com\/wp-content\/uploads\/2023\/08\/7-abf.jpg\",\"datePublished\":\"2023-08-15T06:12:28+00:00\",\"dateModified\":\"2025-02-05T10:21:32+00:00\",\"description\":\"U kunt nu 7-ABF te koop krijgen in onze topwinkel RC Kopen. Onze medewerkers zullen u helpen om 7-ABF online te kopen tegen de beste prijzen. Bestel 7-ABF vandaag nog online met wereldwijde verzending!\",\"breadcrumb\":{\"@id\":\"https:\/\/rckopen.com\/product\/7-abf\/#breadcrumb\"},\"inLanguage\":\"es\",\"potentialAction\":[{\"@type\":\"ReadAction\",\"target\":[\"https:\/\/rckopen.com\/product\/7-abf\/\"]}]},{\"@type\":\"ImageObject\",\"inLanguage\":\"es\",\"@id\":\"https:\/\/rckopen.com\/product\/7-abf\/#primaryimage\",\"url\":\"https:\/\/rckopen.com\/wp-content\/uploads\/2023\/08\/7-abf.jpg\",\"contentUrl\":\"https:\/\/rckopen.com\/wp-content\/uploads\/2023\/08\/7-abf.jpg\",\"width\":600,\"height\":600,\"caption\":\"7-abf online kopen\"},{\"@type\":\"BreadcrumbList\",\"@id\":\"https:\/\/rckopen.com\/product\/7-abf\/#breadcrumb\",\"itemListElement\":[{\"@type\":\"ListItem\",\"position\":1,\"name\":\"Home\",\"item\":\"https:\/\/rckopen.com\/\"},{\"@type\":\"ListItem\",\"position\":2,\"name\":\"Shop\",\"item\":\"https:\/\/rckopen.com\/shop\/\"},{\"@type\":\"ListItem\",\"position\":3,\"name\":\"7-abf Online Kopen\"}]},{\"@type\":\"WebSite\",\"@id\":\"https:\/\/rckopen.com\/#website\",\"url\":\"https:\/\/rckopen.com\/\",\"name\":\"RC Kopen\",\"description\":\"Research Chemicals\",\"potentialAction\":[{\"@type\":\"SearchAction\",\"target\":{\"@type\":\"EntryPoint\",\"urlTemplate\":\"https:\/\/rckopen.com\/?s={search_term_string}\"},\"query-input\":{\"@type\":\"PropertyValueSpecification\",\"valueRequired\":true,\"valueName\":\"search_term_string\"}}],\"inLanguage\":\"es\"}]}<\/script>\n<!-- \/ Yoast SEO plugin. -->","yoast_head_json":{"title":"7-ABF te koop - Koop 7-ABF online | RC Kopen","description":"U kunt nu 7-ABF te koop krijgen in onze topwinkel RC Kopen. Onze medewerkers zullen u helpen om 7-ABF online te kopen tegen de beste prijzen. Bestel 7-ABF vandaag nog online met wereldwijde verzending!","robots":{"index":"index","follow":"follow","max-snippet":"max-snippet:-1","max-image-preview":"max-image-preview:large","max-video-preview":"max-video-preview:-1"},"canonical":"https:\/\/rckopen.com\/es\/producto\/7-abf\/","og_locale":"es_ES","og_type":"article","og_title":"7-ABF te koop - Koop 7-ABF online | RC Kopen","og_description":"U kunt nu 7-ABF te koop krijgen in onze topwinkel RC Kopen. Onze medewerkers zullen u helpen om 7-ABF online te kopen tegen de beste prijzen. Bestel 7-ABF vandaag nog online met wereldwijde verzending!","og_url":"https:\/\/rckopen.com\/es\/producto\/7-abf\/","og_site_name":"RC Kopen","article_modified_time":"2025-02-05T10:21:32+00:00","og_image":[{"width":600,"height":600,"url":"https:\/\/rckopen.com\/wp-content\/uploads\/2023\/08\/7-abf.jpg","type":"image\/jpeg"}],"twitter_card":"summary_large_image","twitter_misc":{"Tiempo de lectura":"1 minuto"},"schema":{"@context":"https:\/\/schema.org","@graph":[{"@type":"WebPage","@id":"https:\/\/rckopen.com\/product\/7-abf\/","url":"https:\/\/rckopen.com\/product\/7-abf\/","name":"7-ABF te koop - Koop 7-ABF online | RC Kopen","isPartOf":{"@id":"https:\/\/rckopen.com\/#website"},"primaryImageOfPage":{"@id":"https:\/\/rckopen.com\/product\/7-abf\/#primaryimage"},"image":{"@id":"https:\/\/rckopen.com\/product\/7-abf\/#primaryimage"},"thumbnailUrl":"https:\/\/rckopen.com\/wp-content\/uploads\/2023\/08\/7-abf.jpg","datePublished":"2023-08-15T06:12:28+00:00","dateModified":"2025-02-05T10:21:32+00:00","description":"U kunt nu 7-ABF te koop krijgen in onze topwinkel RC Kopen. Onze medewerkers zullen u helpen om 7-ABF online te kopen tegen de beste prijzen. Bestel 7-ABF vandaag nog online met wereldwijde verzending!","breadcrumb":{"@id":"https:\/\/rckopen.com\/product\/7-abf\/#breadcrumb"},"inLanguage":"es","potentialAction":[{"@type":"ReadAction","target":["https:\/\/rckopen.com\/product\/7-abf\/"]}]},{"@type":"ImageObject","inLanguage":"es","@id":"https:\/\/rckopen.com\/product\/7-abf\/#primaryimage","url":"https:\/\/rckopen.com\/wp-content\/uploads\/2023\/08\/7-abf.jpg","contentUrl":"https:\/\/rckopen.com\/wp-content\/uploads\/2023\/08\/7-abf.jpg","width":600,"height":600,"caption":"7-abf online kopen"},{"@type":"BreadcrumbList","@id":"https:\/\/rckopen.com\/product\/7-abf\/#breadcrumb","itemListElement":[{"@type":"ListItem","position":1,"name":"Home","item":"https:\/\/rckopen.com\/"},{"@type":"ListItem","position":2,"name":"Shop","item":"https:\/\/rckopen.com\/shop\/"},{"@type":"ListItem","position":3,"name":"7-abf Online Kopen"}]},{"@type":"WebSite","@id":"https:\/\/rckopen.com\/#website","url":"https:\/\/rckopen.com\/","name":"RC Kopen","description":"Research Chemicals","potentialAction":[{"@type":"SearchAction","target":{"@type":"EntryPoint","urlTemplate":"https:\/\/rckopen.com\/?s={search_term_string}"},"query-input":{"@type":"PropertyValueSpecification","valueRequired":true,"valueName":"search_term_string"}}],"inLanguage":"es"}]}},"_links":{"self":[{"href":"https:\/\/rckopen.com\/es\/wp-json\/wp\/v2\/product\/6409","targetHints":{"allow":["GET"]}}],"collection":[{"href":"https:\/\/rckopen.com\/es\/wp-json\/wp\/v2\/product"}],"about":[{"href":"https:\/\/rckopen.com\/es\/wp-json\/wp\/v2\/types\/product"}],"replies":[{"embeddable":true,"href":"https:\/\/rckopen.com\/es\/wp-json\/wp\/v2\/comments?post=6409"}],"wp:featuredmedia":[{"embeddable":true,"href":"https:\/\/rckopen.com\/es\/wp-json\/wp\/v2\/media\/6426"}],"wp:attachment":[{"href":"https:\/\/rckopen.com\/es\/wp-json\/wp\/v2\/media?parent=6409"}],"wp:term":[{"taxonomy":"product_brand","embeddable":true,"href":"https:\/\/rckopen.com\/es\/wp-json\/wp\/v2\/product_brand?post=6409"},{"taxonomy":"product_cat","embeddable":true,"href":"https:\/\/rckopen.com\/es\/wp-json\/wp\/v2\/product_cat?post=6409"},{"taxonomy":"product_tag","embeddable":true,"href":"https:\/\/rckopen.com\/es\/wp-json\/wp\/v2\/product_tag?post=6409"}],"curies":[{"name":"wp","href":"https:\/\/api.w.org\/{rel}","templated":true}]}}