{"id":6414,"date":"2023-08-15T06:32:13","date_gmt":"2023-08-15T06:32:13","guid":{"rendered":"https:\/\/diligentplug.com\/chems\/?post_type=product&#038;p=6414"},"modified":"2025-02-04T04:20:17","modified_gmt":"2025-02-04T04:20:17","slug":"jwh-210","status":"publish","type":"product","link":"https:\/\/rckopen.com\/es\/producto\/jwh-210\/","title":{"rendered":"Comprar JWH-210 en l\u00ednea"},"content":{"rendered":"<h2>Informaci\u00f3n general sobre JWH-210<\/h2>\n<p><a href=\"https:\/\/rckopen.com\/es\/producto\/jwh-210\/\">Comprar JWH-210 en l\u00ednea<\/a>, JWH-210 es un cannabinoide sint\u00e9tico sintetizado por primera vez por John W. Huffman en 1993 como parte de su investigaci\u00f3n sobre cannabinoides. Pertenece a la familia del indol-3-carboxilato y act\u00faa como agonista completo en los receptores CB1 y CB2.<\/p>\n<p><a href=\"https:\/\/en.wikipedia.org\/wiki\/JWH-210\">JWH-210<\/a> A menudo se vende como una sustancia qu\u00edmica de investigaci\u00f3n con propiedades similares al THC (tetrahidrocannabinol y marihuana).<\/p>\n<p>El JWH-210 es un cannabinoide sint\u00e9tico clasificado como producto qu\u00edmico de investigaci\u00f3n. Las sustancias qu\u00edmicas de investigaci\u00f3n se utilizan en la investigaci\u00f3n cient\u00edfica para estudiar sus propiedades, efectos y posibles aplicaciones.<\/p>\n<p>A continuaci\u00f3n, se utiliz\u00f3 en varios estudios para investigar las propiedades farmacol\u00f3gicas de los cannabinoides sint\u00e9ticos, incluidos sus efectos sobre los receptores CB1 y CB2, sus usos potenciales y su toxicidad.<\/p>\n<p>Se ha demostrado que el JWH-210 tiene una mayor afinidad por el receptor CB1 que por el CB2. Cuando se une a estos receptores, activa las mismas v\u00edas de se\u00f1alizaci\u00f3n que los cannabinoides naturales, como la anandamida y el 2-araquidonoilglicerol.<\/p>\n<h3>Composici\u00f3n qu\u00edmica de JWH-210<\/h3>\n<p>El nombre qu\u00edmico del JWH-210 es (4-etilnaftaleno-1-il-(1-pentilindol-3-il)metanona), y su f\u00f3rmula molecular es C26H27NO. Pertenece a la familia de los indol-3-carboxilatos y es un cannabinoide sint\u00e9tico.<\/p>\n<p>El polvo JWH-210 suele venderse en forma pura o como soluci\u00f3n en un disolvente como la acetona o el etanol. Tiene un punto de ebullici\u00f3n de 510,9 \u00b0C a 760 mmHg y un punto de fusi\u00f3n de 139-140 \u00b0C.<\/p>\n<p>El JWH-210 es estructuralmente similar a otros cannabinoides sint\u00e9ticos, como el JWH-018 y el CP-47.497, pero tiene una estructura qu\u00edmica diferente debido a la presencia de un grupo etilo en la posici\u00f3n 4 del anillo de naftaleno. Se cree que esta modificaci\u00f3n mejora la potencia y la afinidad del JWH-210.<\/p>\n<h3>Compre online JWH-210 de alta calidad<\/h3>\n<p>Comprar JWH-210 en l\u00ednea tiene muchos a\u00f1os de experiencia en la industria del dise\u00f1o de productos qu\u00edmicos de investigaci\u00f3n, lo que nos permite garantizar la m\u00e1s alta calidad de estos productos qu\u00edmicos de investigaci\u00f3n. Comprar JWH-210 es f\u00e1cil y tiene m\u00e1xima calidad. El costo de JWH-210 es relativamente bajo que el de otras compa\u00f1\u00edas. Los productos qu\u00edmicos de investigaci\u00f3n, incluido el JWH-210, cumplen todos los requisitos de seguridad. Los productos qu\u00edmicos de investigaci\u00f3n se distribuyen con cuidado y se almacenan en un lugar fresco y seco.<\/p>\n<p>Todos los productos se someten a controles peri\u00f3dicos de calidad, pureza y seguridad. Conserve siempre el JWH-210 a temperatura ambiente y fuera del alcance de los ni\u00f1os y animales dom\u00e9sticos. Nuestro JWH-210 no est\u00e1 destinado al uso personal. Es s\u00f3lo para fines de investigaci\u00f3n.<\/p>\n<p>Nuestros productos tienen un precio justo y se puede comprar JWH-210 en l\u00ednea a precios muy baratos.<\/p>\n<h3>JWH-210 probado en laboratorio con resultados.<\/h3>\n<p>Avanza de nuevo hacia la satisfacci\u00f3n global de sus clientes. Varias encuestas han demostrado que los clientes solicitan tantos datos como se espera antes de comprar productos qu\u00edmicos sint\u00e9ticos de investigaci\u00f3n. Adem\u00e1s, publicamos todas las consecuencias de laboratorio de cada producto qu\u00edmico de investigaci\u00f3n en un registro PDF.<\/p>\n<p>Nuestro polvo JWH-210 cumple sistem\u00e1ticamente los principios activos y puede ser visto por todos.<\/p>\n<p>Distribuimos todas las consecuencias de laboratorio de cada producto qu\u00edmico de investigaci\u00f3n en un documento PDF.<\/p>\n<h3>Pedidos seguros en JWH-210.<\/h3>\n<p><a href=\"https:\/\/rckopen.com\/es\/\">RCKopen<\/a> Los productos qu\u00edmicos de investigaci\u00f3n de dise\u00f1o son de excelente calidad y tienen un precio justo. Por lo tanto, le garantizamos que le entregaremos su pedido a su domicilio de forma r\u00e1pida y segura cuando solicite sus productos qu\u00edmicos de investigaci\u00f3n en rckopen.com, ya que las ventas de productos qu\u00edmicos de investigaci\u00f3n siempre est\u00e1n disponibles en rckopen.com.<\/p>\n<p>Solicitar conexiones de investigaci\u00f3n sint\u00e9tica con Bitcoin o transferencia bancaria es f\u00e1cil en rckopen.com.<\/p>\n<p>Enviamos el polvo para productos qu\u00edmicos de investigaci\u00f3n el mismo d\u00eda laborable si el pago se recibe antes de las 15:00 CEST.<\/p>\n<p>No entregamos art\u00edculos a menores de 18 a\u00f1os.<\/p>\n<p>La venta de productos qu\u00edmicos de investigaci\u00f3n s\u00f3lo tiene fines de investigaci\u00f3n.<\/p>\n<h3>Env\u00edo discreto de productos qu\u00edmicos de investigaci\u00f3n.<\/h3>\n<p>rckopen.com embalar\u00e1 su pedido de forma segura para garantizar un transporte adecuado. Adem\u00e1s, embalamos perfectamente discreto, y nada se muestra en el exterior de lo que podr\u00eda ser en el interior<\/p>","protected":false},"excerpt":{"rendered":"<p><strong>Nombre IUPAC: <\/strong>(4-etil-1-naftalenil)(1-pentil-1H-indol-3-il)metanona<\/p>\n<p><strong>CAS # <\/strong>824959-81-1<\/p>\n<p><strong>Apariencia: <\/strong>polvo<\/p>\n<p><strong>Forma: <\/strong>hcl<\/p>\n<p><strong>An\u00e1lisis por RMN: <\/strong>C26H27NO<\/p>","protected":false},"featured_media":6430,"comment_status":"open","ping_status":"closed","template":"","meta":{"_joinchat":[]},"product_brand":[],"product_cat":[132],"product_tag":[],"class_list":{"0":"post-6414","1":"product","2":"type-product","3":"status-publish","4":"has-post-thumbnail","6":"product_cat-cannabinoiden","8":"first","9":"instock","10":"shipping-taxable","11":"purchasable","12":"product-type-variable"},"yoast_head":"<!-- This site is optimized with the Yoast SEO plugin v26.3 - https:\/\/yoast.com\/wordpress\/plugins\/seo\/ -->\n<title>JWH-210 online kopen - JWH-210 te koop<\/title>\n<meta name=\"description\" content=\"Wij zijn de toonaangevende winkel die JWH-210 te koop heeft. Als u JWH-210 online wilt kopen, neem dan onmiddellijk contact met ons op en laat de bestelling bezorgen. Bestel nu!\" \/>\n<meta name=\"robots\" content=\"index, follow, max-snippet:-1, max-image-preview:large, max-video-preview:-1\" \/>\n<link rel=\"canonical\" href=\"https:\/\/rckopen.com\/es\/producto\/jwh-210\/\" \/>\n<meta property=\"og:locale\" content=\"es_ES\" \/>\n<meta property=\"og:type\" content=\"article\" \/>\n<meta property=\"og:title\" content=\"JWH-210 online kopen - JWH-210 te koop\" \/>\n<meta property=\"og:description\" content=\"Wij zijn de toonaangevende winkel die JWH-210 te koop heeft. Als u JWH-210 online wilt kopen, neem dan onmiddellijk contact met ons op en laat de bestelling bezorgen. Bestel nu!\" \/>\n<meta property=\"og:url\" content=\"https:\/\/rckopen.com\/es\/producto\/jwh-210\/\" \/>\n<meta property=\"og:site_name\" content=\"RC Kopen\" \/>\n<meta property=\"article:modified_time\" content=\"2025-02-04T04:20:17+00:00\" \/>\n<meta property=\"og:image\" content=\"https:\/\/rckopen.com\/wp-content\/uploads\/2023\/08\/JWH-210.jpg\" \/>\n\t<meta property=\"og:image:width\" content=\"600\" \/>\n\t<meta property=\"og:image:height\" content=\"600\" \/>\n\t<meta property=\"og:image:type\" content=\"image\/jpeg\" \/>\n<meta name=\"twitter:card\" content=\"summary_large_image\" \/>\n<meta name=\"twitter:label1\" content=\"Tiempo de lectura\" \/>\n\t<meta name=\"twitter:data1\" content=\"3 minutos\" \/>\n<script type=\"application\/ld+json\" class=\"yoast-schema-graph\">{\"@context\":\"https:\/\/schema.org\",\"@graph\":[{\"@type\":\"WebPage\",\"@id\":\"https:\/\/rckopen.com\/product\/jwh-210\/\",\"url\":\"https:\/\/rckopen.com\/product\/jwh-210\/\",\"name\":\"JWH-210 online kopen - JWH-210 te koop\",\"isPartOf\":{\"@id\":\"https:\/\/rckopen.com\/#website\"},\"primaryImageOfPage\":{\"@id\":\"https:\/\/rckopen.com\/product\/jwh-210\/#primaryimage\"},\"image\":{\"@id\":\"https:\/\/rckopen.com\/product\/jwh-210\/#primaryimage\"},\"thumbnailUrl\":\"https:\/\/rckopen.com\/wp-content\/uploads\/2023\/08\/JWH-210.jpg\",\"datePublished\":\"2023-08-15T06:32:13+00:00\",\"dateModified\":\"2025-02-04T04:20:17+00:00\",\"description\":\"Wij zijn de toonaangevende winkel die JWH-210 te koop heeft. Als u JWH-210 online wilt kopen, neem dan onmiddellijk contact met ons op en laat de bestelling bezorgen. Bestel nu!\",\"breadcrumb\":{\"@id\":\"https:\/\/rckopen.com\/product\/jwh-210\/#breadcrumb\"},\"inLanguage\":\"es\",\"potentialAction\":[{\"@type\":\"ReadAction\",\"target\":[\"https:\/\/rckopen.com\/product\/jwh-210\/\"]}]},{\"@type\":\"ImageObject\",\"inLanguage\":\"es\",\"@id\":\"https:\/\/rckopen.com\/product\/jwh-210\/#primaryimage\",\"url\":\"https:\/\/rckopen.com\/wp-content\/uploads\/2023\/08\/JWH-210.jpg\",\"contentUrl\":\"https:\/\/rckopen.com\/wp-content\/uploads\/2023\/08\/JWH-210.jpg\",\"width\":600,\"height\":600,\"caption\":\"JWH-210 online kopen\"},{\"@type\":\"BreadcrumbList\",\"@id\":\"https:\/\/rckopen.com\/product\/jwh-210\/#breadcrumb\",\"itemListElement\":[{\"@type\":\"ListItem\",\"position\":1,\"name\":\"Home\",\"item\":\"https:\/\/rckopen.com\/\"},{\"@type\":\"ListItem\",\"position\":2,\"name\":\"Shop\",\"item\":\"https:\/\/rckopen.com\/shop\/\"},{\"@type\":\"ListItem\",\"position\":3,\"name\":\"JWH-210 online kopen\"}]},{\"@type\":\"WebSite\",\"@id\":\"https:\/\/rckopen.com\/#website\",\"url\":\"https:\/\/rckopen.com\/\",\"name\":\"RC Kopen\",\"description\":\"Research Chemicals\",\"potentialAction\":[{\"@type\":\"SearchAction\",\"target\":{\"@type\":\"EntryPoint\",\"urlTemplate\":\"https:\/\/rckopen.com\/?s={search_term_string}\"},\"query-input\":{\"@type\":\"PropertyValueSpecification\",\"valueRequired\":true,\"valueName\":\"search_term_string\"}}],\"inLanguage\":\"es\"}]}<\/script>\n<!-- \/ Yoast SEO plugin. -->","yoast_head_json":{"title":"JWH-210 online kopen - JWH-210 te koop","description":"Wij zijn de toonaangevende winkel die JWH-210 te koop heeft. Als u JWH-210 online wilt kopen, neem dan onmiddellijk contact met ons op en laat de bestelling bezorgen. Bestel nu!","robots":{"index":"index","follow":"follow","max-snippet":"max-snippet:-1","max-image-preview":"max-image-preview:large","max-video-preview":"max-video-preview:-1"},"canonical":"https:\/\/rckopen.com\/es\/producto\/jwh-210\/","og_locale":"es_ES","og_type":"article","og_title":"JWH-210 online kopen - JWH-210 te koop","og_description":"Wij zijn de toonaangevende winkel die JWH-210 te koop heeft. Als u JWH-210 online wilt kopen, neem dan onmiddellijk contact met ons op en laat de bestelling bezorgen. Bestel nu!","og_url":"https:\/\/rckopen.com\/es\/producto\/jwh-210\/","og_site_name":"RC Kopen","article_modified_time":"2025-02-04T04:20:17+00:00","og_image":[{"width":600,"height":600,"url":"https:\/\/rckopen.com\/wp-content\/uploads\/2023\/08\/JWH-210.jpg","type":"image\/jpeg"}],"twitter_card":"summary_large_image","twitter_misc":{"Tiempo de lectura":"3 minutos"},"schema":{"@context":"https:\/\/schema.org","@graph":[{"@type":"WebPage","@id":"https:\/\/rckopen.com\/product\/jwh-210\/","url":"https:\/\/rckopen.com\/product\/jwh-210\/","name":"JWH-210 online kopen - JWH-210 te koop","isPartOf":{"@id":"https:\/\/rckopen.com\/#website"},"primaryImageOfPage":{"@id":"https:\/\/rckopen.com\/product\/jwh-210\/#primaryimage"},"image":{"@id":"https:\/\/rckopen.com\/product\/jwh-210\/#primaryimage"},"thumbnailUrl":"https:\/\/rckopen.com\/wp-content\/uploads\/2023\/08\/JWH-210.jpg","datePublished":"2023-08-15T06:32:13+00:00","dateModified":"2025-02-04T04:20:17+00:00","description":"Wij zijn de toonaangevende winkel die JWH-210 te koop heeft. Als u JWH-210 online wilt kopen, neem dan onmiddellijk contact met ons op en laat de bestelling bezorgen. Bestel nu!","breadcrumb":{"@id":"https:\/\/rckopen.com\/product\/jwh-210\/#breadcrumb"},"inLanguage":"es","potentialAction":[{"@type":"ReadAction","target":["https:\/\/rckopen.com\/product\/jwh-210\/"]}]},{"@type":"ImageObject","inLanguage":"es","@id":"https:\/\/rckopen.com\/product\/jwh-210\/#primaryimage","url":"https:\/\/rckopen.com\/wp-content\/uploads\/2023\/08\/JWH-210.jpg","contentUrl":"https:\/\/rckopen.com\/wp-content\/uploads\/2023\/08\/JWH-210.jpg","width":600,"height":600,"caption":"JWH-210 online kopen"},{"@type":"BreadcrumbList","@id":"https:\/\/rckopen.com\/product\/jwh-210\/#breadcrumb","itemListElement":[{"@type":"ListItem","position":1,"name":"Home","item":"https:\/\/rckopen.com\/"},{"@type":"ListItem","position":2,"name":"Shop","item":"https:\/\/rckopen.com\/shop\/"},{"@type":"ListItem","position":3,"name":"JWH-210 online kopen"}]},{"@type":"WebSite","@id":"https:\/\/rckopen.com\/#website","url":"https:\/\/rckopen.com\/","name":"RC Kopen","description":"Research Chemicals","potentialAction":[{"@type":"SearchAction","target":{"@type":"EntryPoint","urlTemplate":"https:\/\/rckopen.com\/?s={search_term_string}"},"query-input":{"@type":"PropertyValueSpecification","valueRequired":true,"valueName":"search_term_string"}}],"inLanguage":"es"}]}},"_links":{"self":[{"href":"https:\/\/rckopen.com\/es\/wp-json\/wp\/v2\/product\/6414","targetHints":{"allow":["GET"]}}],"collection":[{"href":"https:\/\/rckopen.com\/es\/wp-json\/wp\/v2\/product"}],"about":[{"href":"https:\/\/rckopen.com\/es\/wp-json\/wp\/v2\/types\/product"}],"replies":[{"embeddable":true,"href":"https:\/\/rckopen.com\/es\/wp-json\/wp\/v2\/comments?post=6414"}],"wp:featuredmedia":[{"embeddable":true,"href":"https:\/\/rckopen.com\/es\/wp-json\/wp\/v2\/media\/6430"}],"wp:attachment":[{"href":"https:\/\/rckopen.com\/es\/wp-json\/wp\/v2\/media?parent=6414"}],"wp:term":[{"taxonomy":"product_brand","embeddable":true,"href":"https:\/\/rckopen.com\/es\/wp-json\/wp\/v2\/product_brand?post=6414"},{"taxonomy":"product_cat","embeddable":true,"href":"https:\/\/rckopen.com\/es\/wp-json\/wp\/v2\/product_cat?post=6414"},{"taxonomy":"product_tag","embeddable":true,"href":"https:\/\/rckopen.com\/es\/wp-json\/wp\/v2\/product_tag?post=6414"}],"curies":[{"name":"wp","href":"https:\/\/api.w.org\/{rel}","templated":true}]}}