{"id":6433,"date":"2023-08-15T08:01:55","date_gmt":"2023-08-15T08:01:55","guid":{"rendered":"https:\/\/diligentplug.com\/chems\/?post_type=product&#038;p=6433"},"modified":"2025-01-31T08:49:19","modified_gmt":"2025-01-31T08:49:19","slug":"4f-abinaca","status":"publish","type":"product","link":"https:\/\/rckopen.com\/es\/producto\/4f-abinaca\/","title":{"rendered":"Comprar 4F-ABINACA en l\u00ednea"},"content":{"rendered":"<h2><strong><span data-contrast=\"auto\">Was ist 4F-ADB Pulver Online Kopen?<\/span><\/strong><\/h2>\n<p><a href=\"https:\/\/rckopen.com\/es\/producto\/4f-abinaca\/\">4F-MDMB-BINACA<\/a> (tambi\u00e9n conocido como 4F-MDMB-BUTINACA o 4F-ADB) es un cannabinoide sint\u00e9tico basado en indazol de la familia indazol-3-carboxamida. Se utiliza como ingrediente activo en productos de cannabis sint\u00e9tico y se vende como droga de dise\u00f1o. Comprar 4F-Abinaca.<\/p>\n<p>Esto se debe a que este qu\u00edmico es muy fuerte. Siga cuidadosamente las reglas de seguridad para evitar la experimentaci\u00f3n excesiva. <a href=\"https:\/\/rckopen.com\/es\/\">RCKOpen.com<\/a><\/p>\n<h1>Comprar 4F-ADB<\/h1>\n<p>RC KOPEN vende 4F-ADB de la mejor calidad. El <a href=\"https:\/\/en.wikipedia.org\/wiki\/4F-MDMB-BINACA\">4F-ADB<\/a> que ofrecemos se suministra en forma de polvo. Debes tener al menos 18 a\u00f1os para comprar 4F-ADB con nosotros<a href=\"https:\/\/rckopen.com\/es\/categoria-de-productos\/cannabinoides\/\">.<\/a><\/p>\n<h2>Estatuto jur\u00eddico de los 4F-ADB<\/h2>\n<p>La 4F-ADB es actualmente desconocida en muchos pa\u00edses y, por lo tanto, legal en muchos lugares. Sin embargo, podr\u00eda considerarse un an\u00e1logo de la 5F-ADB, lo que podr\u00eda hacerla ilegal en pa\u00edses con leyes estrictas sobre an\u00e1logos, como Estados Unidos Comprar 4F-Abinaca.<\/p>\n<p>rckopen.com ofrece productos que no est\u00e1n destinados al consumo humano. Consumir este producto (involuntariamente) podr\u00eda tener graves consecuencias m\u00e9dicas.<\/p>","protected":false},"excerpt":{"rendered":"<p><strong>Nombre IUPAC: <\/strong>N-(1-adamantil)-1-(4-fluorobutil)indazol-3-carboxamida<\/p>\n<p><strong>Apariencia: <\/strong>polvo<\/p>\n<p><strong>An\u00e1lisis por RMN: <\/strong>C22H28FN3O<\/p>","protected":false},"featured_media":6454,"comment_status":"open","ping_status":"closed","template":"","meta":{"_joinchat":[]},"product_brand":[],"product_cat":[132],"product_tag":[],"class_list":{"0":"post-6433","1":"product","2":"type-product","3":"status-publish","4":"has-post-thumbnail","6":"product_cat-cannabinoiden","8":"first","9":"instock","10":"shipping-taxable","11":"purchasable","12":"product-type-variable"},"yoast_head":"<!-- This site is optimized with the Yoast SEO plugin v26.3 - https:\/\/yoast.com\/wordpress\/plugins\/seo\/ -->\n<title>4F-Abinaca online kopen - 4F-Abinaca te koop | RC Kopen<\/title>\n<meta name=\"description\" content=\"U kunt 4F-Abinaca te koop krijgen in onze winkel en zonder problemen bij u thuis krijgen. Wij helpen u om 4F-Abinaca online kopen. Bestel nu!\" \/>\n<meta name=\"robots\" content=\"index, follow, max-snippet:-1, max-image-preview:large, max-video-preview:-1\" \/>\n<link rel=\"canonical\" href=\"https:\/\/rckopen.com\/es\/producto\/4f-abinaca\/\" \/>\n<meta property=\"og:locale\" content=\"es_ES\" \/>\n<meta property=\"og:type\" content=\"article\" \/>\n<meta property=\"og:title\" content=\"4F-Abinaca online kopen - 4F-Abinaca te koop | RC Kopen\" \/>\n<meta property=\"og:description\" content=\"U kunt 4F-Abinaca te koop krijgen in onze winkel en zonder problemen bij u thuis krijgen. Wij helpen u om 4F-Abinaca online kopen. Bestel nu!\" \/>\n<meta property=\"og:url\" content=\"https:\/\/rckopen.com\/es\/producto\/4f-abinaca\/\" \/>\n<meta property=\"og:site_name\" content=\"RC Kopen\" \/>\n<meta property=\"article:modified_time\" content=\"2025-01-31T08:49:19+00:00\" \/>\n<meta property=\"og:image\" content=\"https:\/\/rckopen.com\/wp-content\/uploads\/2023\/08\/4F-ABINACA.jpg\" \/>\n\t<meta property=\"og:image:width\" content=\"600\" \/>\n\t<meta property=\"og:image:height\" content=\"600\" \/>\n\t<meta property=\"og:image:type\" content=\"image\/jpeg\" \/>\n<meta name=\"twitter:card\" content=\"summary_large_image\" \/>\n<meta name=\"twitter:label1\" content=\"Tiempo de lectura\" \/>\n\t<meta name=\"twitter:data1\" content=\"1 minuto\" \/>\n<script type=\"application\/ld+json\" class=\"yoast-schema-graph\">{\"@context\":\"https:\/\/schema.org\",\"@graph\":[{\"@type\":\"WebPage\",\"@id\":\"https:\/\/rckopen.com\/product\/4f-abinaca\/\",\"url\":\"https:\/\/rckopen.com\/product\/4f-abinaca\/\",\"name\":\"4F-Abinaca online kopen - 4F-Abinaca te koop | RC Kopen\",\"isPartOf\":{\"@id\":\"https:\/\/rckopen.com\/#website\"},\"primaryImageOfPage\":{\"@id\":\"https:\/\/rckopen.com\/product\/4f-abinaca\/#primaryimage\"},\"image\":{\"@id\":\"https:\/\/rckopen.com\/product\/4f-abinaca\/#primaryimage\"},\"thumbnailUrl\":\"https:\/\/rckopen.com\/wp-content\/uploads\/2023\/08\/4F-ABINACA.jpg\",\"datePublished\":\"2023-08-15T08:01:55+00:00\",\"dateModified\":\"2025-01-31T08:49:19+00:00\",\"description\":\"U kunt 4F-Abinaca te koop krijgen in onze winkel en zonder problemen bij u thuis krijgen. Wij helpen u om 4F-Abinaca online kopen. Bestel nu!\",\"breadcrumb\":{\"@id\":\"https:\/\/rckopen.com\/product\/4f-abinaca\/#breadcrumb\"},\"inLanguage\":\"es\",\"potentialAction\":[{\"@type\":\"ReadAction\",\"target\":[\"https:\/\/rckopen.com\/product\/4f-abinaca\/\"]}]},{\"@type\":\"ImageObject\",\"inLanguage\":\"es\",\"@id\":\"https:\/\/rckopen.com\/product\/4f-abinaca\/#primaryimage\",\"url\":\"https:\/\/rckopen.com\/wp-content\/uploads\/2023\/08\/4F-ABINACA.jpg\",\"contentUrl\":\"https:\/\/rckopen.com\/wp-content\/uploads\/2023\/08\/4F-ABINACA.jpg\",\"width\":600,\"height\":600,\"caption\":\"4F-ABINACA Online Kopen\"},{\"@type\":\"BreadcrumbList\",\"@id\":\"https:\/\/rckopen.com\/product\/4f-abinaca\/#breadcrumb\",\"itemListElement\":[{\"@type\":\"ListItem\",\"position\":1,\"name\":\"Home\",\"item\":\"https:\/\/rckopen.com\/\"},{\"@type\":\"ListItem\",\"position\":2,\"name\":\"Shop\",\"item\":\"https:\/\/rckopen.com\/shop\/\"},{\"@type\":\"ListItem\",\"position\":3,\"name\":\"4F-ABINACA Online Kopen\"}]},{\"@type\":\"WebSite\",\"@id\":\"https:\/\/rckopen.com\/#website\",\"url\":\"https:\/\/rckopen.com\/\",\"name\":\"RC Kopen\",\"description\":\"Research Chemicals\",\"potentialAction\":[{\"@type\":\"SearchAction\",\"target\":{\"@type\":\"EntryPoint\",\"urlTemplate\":\"https:\/\/rckopen.com\/?s={search_term_string}\"},\"query-input\":{\"@type\":\"PropertyValueSpecification\",\"valueRequired\":true,\"valueName\":\"search_term_string\"}}],\"inLanguage\":\"es\"}]}<\/script>\n<!-- \/ Yoast SEO plugin. -->","yoast_head_json":{"title":"4F-Abinaca online kopen - 4F-Abinaca te koop | RC Kopen","description":"U kunt 4F-Abinaca te koop krijgen in onze winkel en zonder problemen bij u thuis krijgen. Wij helpen u om 4F-Abinaca online kopen. Bestel nu!","robots":{"index":"index","follow":"follow","max-snippet":"max-snippet:-1","max-image-preview":"max-image-preview:large","max-video-preview":"max-video-preview:-1"},"canonical":"https:\/\/rckopen.com\/es\/producto\/4f-abinaca\/","og_locale":"es_ES","og_type":"article","og_title":"4F-Abinaca online kopen - 4F-Abinaca te koop | RC Kopen","og_description":"U kunt 4F-Abinaca te koop krijgen in onze winkel en zonder problemen bij u thuis krijgen. Wij helpen u om 4F-Abinaca online kopen. Bestel nu!","og_url":"https:\/\/rckopen.com\/es\/producto\/4f-abinaca\/","og_site_name":"RC Kopen","article_modified_time":"2025-01-31T08:49:19+00:00","og_image":[{"width":600,"height":600,"url":"https:\/\/rckopen.com\/wp-content\/uploads\/2023\/08\/4F-ABINACA.jpg","type":"image\/jpeg"}],"twitter_card":"summary_large_image","twitter_misc":{"Tiempo de lectura":"1 minuto"},"schema":{"@context":"https:\/\/schema.org","@graph":[{"@type":"WebPage","@id":"https:\/\/rckopen.com\/product\/4f-abinaca\/","url":"https:\/\/rckopen.com\/product\/4f-abinaca\/","name":"4F-Abinaca online kopen - 4F-Abinaca te koop | RC Kopen","isPartOf":{"@id":"https:\/\/rckopen.com\/#website"},"primaryImageOfPage":{"@id":"https:\/\/rckopen.com\/product\/4f-abinaca\/#primaryimage"},"image":{"@id":"https:\/\/rckopen.com\/product\/4f-abinaca\/#primaryimage"},"thumbnailUrl":"https:\/\/rckopen.com\/wp-content\/uploads\/2023\/08\/4F-ABINACA.jpg","datePublished":"2023-08-15T08:01:55+00:00","dateModified":"2025-01-31T08:49:19+00:00","description":"U kunt 4F-Abinaca te koop krijgen in onze winkel en zonder problemen bij u thuis krijgen. Wij helpen u om 4F-Abinaca online kopen. Bestel nu!","breadcrumb":{"@id":"https:\/\/rckopen.com\/product\/4f-abinaca\/#breadcrumb"},"inLanguage":"es","potentialAction":[{"@type":"ReadAction","target":["https:\/\/rckopen.com\/product\/4f-abinaca\/"]}]},{"@type":"ImageObject","inLanguage":"es","@id":"https:\/\/rckopen.com\/product\/4f-abinaca\/#primaryimage","url":"https:\/\/rckopen.com\/wp-content\/uploads\/2023\/08\/4F-ABINACA.jpg","contentUrl":"https:\/\/rckopen.com\/wp-content\/uploads\/2023\/08\/4F-ABINACA.jpg","width":600,"height":600,"caption":"4F-ABINACA Online Kopen"},{"@type":"BreadcrumbList","@id":"https:\/\/rckopen.com\/product\/4f-abinaca\/#breadcrumb","itemListElement":[{"@type":"ListItem","position":1,"name":"Home","item":"https:\/\/rckopen.com\/"},{"@type":"ListItem","position":2,"name":"Shop","item":"https:\/\/rckopen.com\/shop\/"},{"@type":"ListItem","position":3,"name":"4F-ABINACA Online Kopen"}]},{"@type":"WebSite","@id":"https:\/\/rckopen.com\/#website","url":"https:\/\/rckopen.com\/","name":"RC Kopen","description":"Research Chemicals","potentialAction":[{"@type":"SearchAction","target":{"@type":"EntryPoint","urlTemplate":"https:\/\/rckopen.com\/?s={search_term_string}"},"query-input":{"@type":"PropertyValueSpecification","valueRequired":true,"valueName":"search_term_string"}}],"inLanguage":"es"}]}},"_links":{"self":[{"href":"https:\/\/rckopen.com\/es\/wp-json\/wp\/v2\/product\/6433","targetHints":{"allow":["GET"]}}],"collection":[{"href":"https:\/\/rckopen.com\/es\/wp-json\/wp\/v2\/product"}],"about":[{"href":"https:\/\/rckopen.com\/es\/wp-json\/wp\/v2\/types\/product"}],"replies":[{"embeddable":true,"href":"https:\/\/rckopen.com\/es\/wp-json\/wp\/v2\/comments?post=6433"}],"wp:featuredmedia":[{"embeddable":true,"href":"https:\/\/rckopen.com\/es\/wp-json\/wp\/v2\/media\/6454"}],"wp:attachment":[{"href":"https:\/\/rckopen.com\/es\/wp-json\/wp\/v2\/media?parent=6433"}],"wp:term":[{"taxonomy":"product_brand","embeddable":true,"href":"https:\/\/rckopen.com\/es\/wp-json\/wp\/v2\/product_brand?post=6433"},{"taxonomy":"product_cat","embeddable":true,"href":"https:\/\/rckopen.com\/es\/wp-json\/wp\/v2\/product_cat?post=6433"},{"taxonomy":"product_tag","embeddable":true,"href":"https:\/\/rckopen.com\/es\/wp-json\/wp\/v2\/product_tag?post=6433"}],"curies":[{"name":"wp","href":"https:\/\/api.w.org\/{rel}","templated":true}]}}