{"id":6435,"date":"2023-08-15T08:07:11","date_gmt":"2023-08-15T08:07:11","guid":{"rendered":"https:\/\/diligentplug.com\/chems\/?post_type=product&#038;p=6435"},"modified":"2025-02-03T05:38:27","modified_gmt":"2025-02-03T05:38:27","slug":"avp","status":"publish","type":"product","link":"https:\/\/rckopen.com\/es\/producto\/avp\/","title":{"rendered":"AVP COMPRAR EN L\u00cdNEA"},"content":{"rendered":"<h1>COMPRAR AVP EN L\u00cdNEA INFORMACI\u00d3N SOBRE CRISTALES<\/h1>\n<p><a href=\"https:\/\/rckopen.com\/es\/producto\/avp\/\">Comprar AVP en l\u00ednea<\/a>Los cristales de AVP est\u00e1n disponibles \u00fanicamente para fines de investigaci\u00f3n. A menudo escuchamos la pregunta: Realmente me gustar\u00eda tener algo para investigar, pero no s\u00e9 si deber\u00eda comprar cristales AVP. Lo entendemos muy bien, pero no se sabe mucho al respecto. La AVP tambi\u00e9n es una sustancia producida por el organismo, que tiene su origen en el gen AVP. Una de sus funciones es reducir las inhibiciones sociales, despertar el deseo y ayudar a conectar con los dem\u00e1s. <a href=\"https:\/\/en.wikipedia.org\/wiki\/AVP\">AVP<\/a> KOPEN online .<\/p>\n<p>\u00bfEsto no es para usted? Entonces consulte aqu\u00ed nuestros otros productos qu\u00edmicos de investigaci\u00f3n.<\/p>\n<p>Puede causar irritaci\u00f3n respiratoria y ocular. Nunca vierta productos qu\u00edmicos de investigaci\u00f3n en el medio ambiente.<\/p>\n<h2>RECOMENDACIONES DE SEGURIDAD CRISTALES AVP:<\/h2>\n<p>EN CASO DE CONTACTO CON LOS OJOS: Aclarar suavemente con agua durante al menos 10 a 15 minutos, retirar las lentes de contacto si es necesario. EN CASO DE CONTACTO CON LA PIEL: Aclarar con agua, si es posible tambi\u00e9n con jab\u00f3n. EN CASO DE INHALACI\u00d3N: Respirar aire fresco y adoptar una posici\u00f3n que facilite la respiraci\u00f3n.<\/p>\n<p>No exponer el polvo a fuentes de calor. Conservar en un ambiente seco a temperatura ambiente y mantener en envases adecuados y fuera del alcance de los ni\u00f1os. La buena estabilidad del polvo en las condiciones mencionadas puede durar hasta 2 a\u00f1os.<a href=\"https:\/\/rckopen.com\/es\/producto\/a-pcyp\/\">.<\/a><\/p>\n<p><a href=\"https:\/\/rckopen.com\/es\/\">rckopen.com<\/a> ofrece productos que no est\u00e1n destinados al consumo humano. Si consume este producto (sin querer), puede tener consecuencias m\u00e9dicas graves. Comprar AVP en l\u00ednea<a href=\"https:\/\/chemswell.com\/product-category\/ecstacy\/\">.<\/a><\/p>","protected":false},"excerpt":{"rendered":"<p>Nombre IUPAC: Cristales AVP<\/p>\n<p>\u00bfBusca el lugar donde comprar cristales AVP de alta calidad para su investigaci\u00f3n? \u00a1Entonces ha llegado al lugar adecuado en rckopen! Entrega r\u00e1pida, alta calidad y una amplia gama: rckopen, \u00a1el especialista en diversi\u00f3n! <b>Los precios son por gramo, \u00a1los cristales son de calidad!<\/b><\/p>","protected":false},"featured_media":6455,"comment_status":"open","ping_status":"closed","template":"","meta":{"_joinchat":[]},"product_brand":[],"product_cat":[134],"product_tag":[],"class_list":{"0":"post-6435","1":"product","2":"type-product","3":"status-publish","4":"has-post-thumbnail","6":"product_cat-cathinon","8":"first","9":"instock","10":"shipping-taxable","11":"purchasable","12":"product-type-variable"},"yoast_head":"<!-- This site is optimized with the Yoast SEO plugin v26.3 - https:\/\/yoast.com\/wordpress\/plugins\/seo\/ -->\n<title>AVP online kopen - AVP te koop | AVP - RC Kopen<\/title>\n<meta name=\"description\" content=\"Onze online Rc Kopen winkel heeft de beste kwaliteit AVP te koop. Als u AVP online wilt kopen, kunnen wij u van alle kanten helpen. Bestel vandaag nog!\" \/>\n<meta name=\"robots\" content=\"index, follow, max-snippet:-1, max-image-preview:large, max-video-preview:-1\" \/>\n<link rel=\"canonical\" href=\"https:\/\/rckopen.com\/es\/producto\/avp\/\" \/>\n<meta property=\"og:locale\" content=\"es_ES\" \/>\n<meta property=\"og:type\" content=\"article\" \/>\n<meta property=\"og:title\" content=\"AVP online kopen - AVP te koop | AVP - RC Kopen\" \/>\n<meta property=\"og:description\" content=\"Onze online Rc Kopen winkel heeft de beste kwaliteit AVP te koop. Als u AVP online wilt kopen, kunnen wij u van alle kanten helpen. Bestel vandaag nog!\" \/>\n<meta property=\"og:url\" content=\"https:\/\/rckopen.com\/es\/producto\/avp\/\" \/>\n<meta property=\"og:site_name\" content=\"RC Kopen\" \/>\n<meta property=\"article:modified_time\" content=\"2025-02-03T05:38:27+00:00\" \/>\n<meta property=\"og:image\" content=\"https:\/\/rckopen.com\/wp-content\/uploads\/2023\/08\/AVP.jpg\" \/>\n\t<meta property=\"og:image:width\" content=\"600\" \/>\n\t<meta property=\"og:image:height\" content=\"600\" \/>\n\t<meta property=\"og:image:type\" content=\"image\/jpeg\" \/>\n<meta name=\"twitter:card\" content=\"summary_large_image\" \/>\n<meta name=\"twitter:label1\" content=\"Tiempo de lectura\" \/>\n\t<meta name=\"twitter:data1\" content=\"2 minutos\" \/>\n<script type=\"application\/ld+json\" class=\"yoast-schema-graph\">{\"@context\":\"https:\/\/schema.org\",\"@graph\":[{\"@type\":\"WebPage\",\"@id\":\"https:\/\/rckopen.com\/product\/avp\/\",\"url\":\"https:\/\/rckopen.com\/product\/avp\/\",\"name\":\"AVP online kopen - AVP te koop | AVP - RC Kopen\",\"isPartOf\":{\"@id\":\"https:\/\/rckopen.com\/#website\"},\"primaryImageOfPage\":{\"@id\":\"https:\/\/rckopen.com\/product\/avp\/#primaryimage\"},\"image\":{\"@id\":\"https:\/\/rckopen.com\/product\/avp\/#primaryimage\"},\"thumbnailUrl\":\"https:\/\/rckopen.com\/wp-content\/uploads\/2023\/08\/AVP.jpg\",\"datePublished\":\"2023-08-15T08:07:11+00:00\",\"dateModified\":\"2025-02-03T05:38:27+00:00\",\"description\":\"Onze online Rc Kopen winkel heeft de beste kwaliteit AVP te koop. Als u AVP online wilt kopen, kunnen wij u van alle kanten helpen. Bestel vandaag nog!\",\"breadcrumb\":{\"@id\":\"https:\/\/rckopen.com\/product\/avp\/#breadcrumb\"},\"inLanguage\":\"es\",\"potentialAction\":[{\"@type\":\"ReadAction\",\"target\":[\"https:\/\/rckopen.com\/product\/avp\/\"]}]},{\"@type\":\"ImageObject\",\"inLanguage\":\"es\",\"@id\":\"https:\/\/rckopen.com\/product\/avp\/#primaryimage\",\"url\":\"https:\/\/rckopen.com\/wp-content\/uploads\/2023\/08\/AVP.jpg\",\"contentUrl\":\"https:\/\/rckopen.com\/wp-content\/uploads\/2023\/08\/AVP.jpg\",\"width\":600,\"height\":600,\"caption\":\"AVP Online bestellen\"},{\"@type\":\"BreadcrumbList\",\"@id\":\"https:\/\/rckopen.com\/product\/avp\/#breadcrumb\",\"itemListElement\":[{\"@type\":\"ListItem\",\"position\":1,\"name\":\"Home\",\"item\":\"https:\/\/rckopen.com\/\"},{\"@type\":\"ListItem\",\"position\":2,\"name\":\"Shop\",\"item\":\"https:\/\/rckopen.com\/shop\/\"},{\"@type\":\"ListItem\",\"position\":3,\"name\":\"AVP ONLINE KOPEN\"}]},{\"@type\":\"WebSite\",\"@id\":\"https:\/\/rckopen.com\/#website\",\"url\":\"https:\/\/rckopen.com\/\",\"name\":\"RC Kopen\",\"description\":\"Research Chemicals\",\"potentialAction\":[{\"@type\":\"SearchAction\",\"target\":{\"@type\":\"EntryPoint\",\"urlTemplate\":\"https:\/\/rckopen.com\/?s={search_term_string}\"},\"query-input\":{\"@type\":\"PropertyValueSpecification\",\"valueRequired\":true,\"valueName\":\"search_term_string\"}}],\"inLanguage\":\"es\"}]}<\/script>\n<!-- \/ Yoast SEO plugin. -->","yoast_head_json":{"title":"AVP online kopen - AVP te koop | AVP - RC Kopen","description":"Onze online Rc Kopen winkel heeft de beste kwaliteit AVP te koop. Als u AVP online wilt kopen, kunnen wij u van alle kanten helpen. Bestel vandaag nog!","robots":{"index":"index","follow":"follow","max-snippet":"max-snippet:-1","max-image-preview":"max-image-preview:large","max-video-preview":"max-video-preview:-1"},"canonical":"https:\/\/rckopen.com\/es\/producto\/avp\/","og_locale":"es_ES","og_type":"article","og_title":"AVP online kopen - AVP te koop | AVP - RC Kopen","og_description":"Onze online Rc Kopen winkel heeft de beste kwaliteit AVP te koop. Als u AVP online wilt kopen, kunnen wij u van alle kanten helpen. Bestel vandaag nog!","og_url":"https:\/\/rckopen.com\/es\/producto\/avp\/","og_site_name":"RC Kopen","article_modified_time":"2025-02-03T05:38:27+00:00","og_image":[{"width":600,"height":600,"url":"https:\/\/rckopen.com\/wp-content\/uploads\/2023\/08\/AVP.jpg","type":"image\/jpeg"}],"twitter_card":"summary_large_image","twitter_misc":{"Tiempo de lectura":"2 minutos"},"schema":{"@context":"https:\/\/schema.org","@graph":[{"@type":"WebPage","@id":"https:\/\/rckopen.com\/product\/avp\/","url":"https:\/\/rckopen.com\/product\/avp\/","name":"AVP online kopen - AVP te koop | AVP - RC Kopen","isPartOf":{"@id":"https:\/\/rckopen.com\/#website"},"primaryImageOfPage":{"@id":"https:\/\/rckopen.com\/product\/avp\/#primaryimage"},"image":{"@id":"https:\/\/rckopen.com\/product\/avp\/#primaryimage"},"thumbnailUrl":"https:\/\/rckopen.com\/wp-content\/uploads\/2023\/08\/AVP.jpg","datePublished":"2023-08-15T08:07:11+00:00","dateModified":"2025-02-03T05:38:27+00:00","description":"Onze online Rc Kopen winkel heeft de beste kwaliteit AVP te koop. Als u AVP online wilt kopen, kunnen wij u van alle kanten helpen. Bestel vandaag nog!","breadcrumb":{"@id":"https:\/\/rckopen.com\/product\/avp\/#breadcrumb"},"inLanguage":"es","potentialAction":[{"@type":"ReadAction","target":["https:\/\/rckopen.com\/product\/avp\/"]}]},{"@type":"ImageObject","inLanguage":"es","@id":"https:\/\/rckopen.com\/product\/avp\/#primaryimage","url":"https:\/\/rckopen.com\/wp-content\/uploads\/2023\/08\/AVP.jpg","contentUrl":"https:\/\/rckopen.com\/wp-content\/uploads\/2023\/08\/AVP.jpg","width":600,"height":600,"caption":"AVP Online bestellen"},{"@type":"BreadcrumbList","@id":"https:\/\/rckopen.com\/product\/avp\/#breadcrumb","itemListElement":[{"@type":"ListItem","position":1,"name":"Home","item":"https:\/\/rckopen.com\/"},{"@type":"ListItem","position":2,"name":"Shop","item":"https:\/\/rckopen.com\/shop\/"},{"@type":"ListItem","position":3,"name":"AVP ONLINE KOPEN"}]},{"@type":"WebSite","@id":"https:\/\/rckopen.com\/#website","url":"https:\/\/rckopen.com\/","name":"RC Kopen","description":"Research Chemicals","potentialAction":[{"@type":"SearchAction","target":{"@type":"EntryPoint","urlTemplate":"https:\/\/rckopen.com\/?s={search_term_string}"},"query-input":{"@type":"PropertyValueSpecification","valueRequired":true,"valueName":"search_term_string"}}],"inLanguage":"es"}]}},"_links":{"self":[{"href":"https:\/\/rckopen.com\/es\/wp-json\/wp\/v2\/product\/6435","targetHints":{"allow":["GET"]}}],"collection":[{"href":"https:\/\/rckopen.com\/es\/wp-json\/wp\/v2\/product"}],"about":[{"href":"https:\/\/rckopen.com\/es\/wp-json\/wp\/v2\/types\/product"}],"replies":[{"embeddable":true,"href":"https:\/\/rckopen.com\/es\/wp-json\/wp\/v2\/comments?post=6435"}],"wp:featuredmedia":[{"embeddable":true,"href":"https:\/\/rckopen.com\/es\/wp-json\/wp\/v2\/media\/6455"}],"wp:attachment":[{"href":"https:\/\/rckopen.com\/es\/wp-json\/wp\/v2\/media?parent=6435"}],"wp:term":[{"taxonomy":"product_brand","embeddable":true,"href":"https:\/\/rckopen.com\/es\/wp-json\/wp\/v2\/product_brand?post=6435"},{"taxonomy":"product_cat","embeddable":true,"href":"https:\/\/rckopen.com\/es\/wp-json\/wp\/v2\/product_cat?post=6435"},{"taxonomy":"product_tag","embeddable":true,"href":"https:\/\/rckopen.com\/es\/wp-json\/wp\/v2\/product_tag?post=6435"}],"curies":[{"name":"wp","href":"https:\/\/api.w.org\/{rel}","templated":true}]}}