{"id":6444,"date":"2023-08-15T08:36:48","date_gmt":"2023-08-15T08:36:48","guid":{"rendered":"https:\/\/diligentplug.com\/chems\/?post_type=product&#038;p=6444"},"modified":"2025-02-03T05:21:26","modified_gmt":"2025-02-03T05:21:26","slug":"a-pihp-crystals","status":"publish","type":"product","link":"https:\/\/rckopen.com\/es\/producto\/unos-cristales-pihp\/","title":{"rendered":"Comprar cristales A-PiHP en l\u00ednea"},"content":{"rendered":"<h2>rckopen.com ofrece productos que no est\u00e1n destinados al consumo humano.<br \/>\nAlgemene informatie over A-PiHP\u00a0 kristallen<\/h2>\n<p><a href=\"https:\/\/rckopen.com\/es\/producto\/unos-cristales-pihp\/\">Achetez A-Pihp Crystal en ligne<\/a>El A-PiHP es un compuesto estimulante que pertenece al grupo de sustancias qu\u00edmicas catinona y pirovalerona y fue creado a finales de 2015. Es el resultado de la comprensi\u00f3n de la relaci\u00f3n cuantitativa estructura-actividad de los derivados de pirovalerona y catinona conocidos como NDRI (inhibidor de la recaptaci\u00f3n de noradrenalina-dopamina).<a href=\"https:\/\/rckopen.com\/es\/producto\/2-granulos-de-metil-ap-237-20mg\/\">.<\/a><\/p>\n<p>Esta vez, nuestro grupo fabric\u00f3 un compuesto muy espec\u00edfico con una parcialidad mucho mayor a la hora de restringir y suprimir el transportador de dopamina que el de norepinefrina. Se form\u00f3 la misma sustancia qu\u00edmica dependiente de la parcialidad, que puede dar una enorme gama de efectos. Tambi\u00e9n es posible que esta sustancia tenga poca parcialidad para el transportador de serotonina; pero para las cantidades que se esperan para una exploraci\u00f3n exitosa, \u00bfqui\u00e9n puede saltarse este impacto?<\/p>\n<p>Suponiendo que a\u00fan est\u00e9 considerando si debe comprar este producto qu\u00edmico, aqu\u00ed tiene datos que acabar\u00e1n por convencerle<a href=\"https:\/\/chemswell.com\/product-category\/crystal-meth\/\">.<\/a><\/p>\n<p>\u0391-PiHP es un sustituto completo de \u03b1-PVP y pentedrona y muestra efectos similares y, sorprendentemente, m\u00e1s avanzados seg\u00fan estudios estructurales. S\u00f3lo se requieren 5 mg de a-PiHP para una prueba exitosa; Sin embargo, generalmente se ampl\u00eda de forma segura hasta el m\u00e1ximo de 25 mg en la primera prueba de laboratorio. <a href=\"https:\/\/en.wikipedia.org\/wiki\/%CE%91-PHiP\">\u00a0A-Pihp<\/a> Comprar cristal en l\u00ednea.<\/p>\n<p>La duraci\u00f3n de la reacci\u00f3n qu\u00edmica en el centro de investigaci\u00f3n comienza entre 20 segundos y 5 minutos (dependiendo del equipo de laboratorio utilizado), con resultados globales que se introducen a los 15 minutos y permanecen estables durante m\u00e1s de una hora y media.<\/p>\n<h3>Composici\u00f3n qu\u00edmica de los cristales de A-PiHP<\/h3>\n<p>Los cristales de \u0391-PiHP, o \u03b1-Pirrolidinohexanofenona, son un compuesto de las clases qu\u00edmicas catinona sustituida y pirrolidina sustituida. El dise\u00f1o incluye hexanal unido a un anillo de fenilo en una posici\u00f3n y el nitr\u00f3geno de un anillo de pirrolidina en las dos posiciones.<\/p>\n<p>El \u0391-PHP es el hom\u00f3logo con una cadena m\u00e1s larga del \u03b1-PVP, con carbono adicional en la cadena lateral alqu\u00edlica. La ecuaci\u00f3n qu\u00edmica es C16H23NO y la masa molar es 245,366 g-mol-1.<\/p>\n<h3>Farmacolog\u00eda Cristales A-PiHP<\/h3>\n<p>El mecanismo de acci\u00f3n de la \u03b1-PHP no est\u00e1 claro. Adem\u00e1s de una duraci\u00f3n significativamente m\u00e1s limitada, es plausible que act\u00fae de forma similar a los productos qu\u00edmicos de investigaci\u00f3n de dise\u00f1o pentedrona y \u03b1-PVP, ambos potentes inhibidores de la recaptaci\u00f3n de noradrenalina-dopamina (NDRI). Sin embargo, todav\u00eda no se ha realizado ninguna investigaci\u00f3n significativa sobre la farmacolog\u00eda de este compuesto.<\/p>\n<p>Implica que podr\u00eda ayudar a los niveles de los neurotransmisores noradrenalina y dopamina en la mente al restringir y, hasta cierto punto, obstaculizar las prote\u00ednas de transporte que normalmente eliminan estas monoaminas de la hendidura sin\u00e1ptica. Permite que la dopamina y la noradrenalina se acumulen en el cerebelo, proporcionando efectos estimulantes y euforizantes.<\/p>\n<h3>Comprar cristales de A-PiHP de alta calidad<\/h3>\n<p><a href=\"https:\/\/rckopen.com\/es\/\">RC Kopen<\/a> poss\u00e8de de nombreuses ann\u00e9es d'exp\u00e9rience dans le secteur de la conception de produits chimiques de recherche, ce qui nous permet de garantir la plus haute qualit\u00e9 de ces produits chimiques de recherche. L'\u00e9quipe de recherche chimique vend des cristaux A-PiHP. Les produits chimiques de recherche, y compris les cristaux A-PiHP, r\u00e9pondent \u00e0 toutes les exigences de s\u00e9curit\u00e9. Les produits chimiques de recherche sont soigneusement distribu\u00e9s et stock\u00e9s dans un endroit frais et sec.<\/p>\n<p>Todos los productos se someten a controles peri\u00f3dicos de calidad, pureza y seguridad. Guarde siempre los cristales de A-PiHP a temperatura ambiente y fuera del alcance de ni\u00f1os y animales dom\u00e9sticos. Nuestros cristales de A-PiHP no est\u00e1n destinados al uso personal. Est\u00e1n destinados \u00fanicamente a fines de investigaci\u00f3n.<\/p>\n<p>No debe mezclarse con alcohol ni con productos qu\u00edmicos de investigaci\u00f3n cuando se examine este producto qu\u00edmico.<\/p>\n<p>Todos nuestros productos tienen un precio justo<\/p>\n<h3>Cristales de A-PiHP probados en laboratorio con resultados.<\/h3>\n<p>Remakes est\u00e1 comprometida con la satisfacci\u00f3n global de sus clientes. Varios estudios han demostrado que los clientes piden el m\u00e1ximo de datos posibles antes de comprar productos qu\u00edmicos sint\u00e9ticos de investigaci\u00f3n. Adem\u00e1s, publicamos todos los resultados de laboratorio de cada compuesto de investigaci\u00f3n en un archivo PDF.<\/p>\n<p>Nuestros cristales A-PiHP re\u00fanen sistem\u00e1ticamente los principios activos y son inmediatamente visibles para todo el mundo.<\/p>\n<p>Publicamos todos los resultados de laboratorio de cada investigaci\u00f3n qu\u00edmica en un documento PDF.<\/p>\n<h3>Pedidos seguros de cristales A-PiHP.<\/h3>\n<p>Los productos qu\u00edmicos de investigaci\u00f3n de dise\u00f1o de RC Kopen son de excelente calidad y tienen un precio justo. Por lo tanto, cuando solicite sus productos qu\u00edmicos de investigaci\u00f3n a RC Kopen, le garantizamos que le entregaremos su pedido en su domicilio de forma r\u00e1pida y segura, ya que la venta de productos qu\u00edmicos de investigaci\u00f3n est\u00e1 siempre disponible en RC Kopen.<\/p>\n<p>Solicitar productos qu\u00edmicos sint\u00e9ticos de investigaci\u00f3n con Bitcoin o transferencia bancaria es f\u00e1cil en RC Kopen.<\/p>\n<p>Enviamos los productos qu\u00edmicos de investigaci\u00f3n en polvo el mismo d\u00eda laborable si el pago se recibe antes de las 15.00 horas CEST.<\/p>\n<p>No entregamos art\u00edculos a menores de 18 a\u00f1os.<\/p>\n<p>Venta de productos qu\u00edmicos \u00fanicamente con fines de investigaci\u00f3n.<\/p>\n<h3>Env\u00edo discreto de productos qu\u00edmicos de investigaci\u00f3n.<\/h3>\n<p>RC Buy embalar\u00e1 su pedido de forma segura para garantizar un transporte adecuado. Adem\u00e1s, embalamos con perfecto sigilo, y ninguna se\u00f1al de lo que pueda haber dentro se mostrar\u00e1 en el exterior.<\/p>\n<h3>Precauciones<\/h3>\n<ul>\n<li>Compre cristales A-PiHP y el equipo de protecci\u00f3n personal adecuado, como gafas de seguridad y guantes. L\u00edmpielos y cu\u00eddelos adecuadamente. Siga sistemas seguros al manipular productos qu\u00edmicos para investigaci\u00f3n y no tome atajos.<\/li>\n<li>Si la sustancia qu\u00edmica del estudio entra en contacto con los ojos, enju\u00e1guelos bien y qu\u00edtese las lentes de contacto si esto es fundamental.<\/li>\n<li>Procure utilizar una mascarilla mientras utiliza estos productos qu\u00edmicos para que no puedan penetrar en usted mientras respira.<\/li>\n<li>Como indican los m\u00e9todos admitidos, debe manipular, almacenar y eliminar los materiales peligrosos de forma segura. Nunca los vierta en alcantarillas o canales Comprar A-Pihp Crystal .<\/li>\n<li>Almacene los productos qu\u00edmicos para investigaci\u00f3n de forma adecuada, tal y como indica su nombre. Los productos qu\u00edmicos inflamables deben almacenarse en un excelente cannabis seco, lejos de la intensidad y la luz del d\u00eda. Algunas sustancias sint\u00e9ticas, como los \u00e1cidos, deben almacenarse de forma independiente.<\/li>\n<li>RC Buy se ofrece con fines de investigaci\u00f3n; el consumo humano est\u00e1 estrictamente prohibido.<\/li>\n<\/ul>","protected":false},"excerpt":{"rendered":"<p><strong>Nombre IUPAC<\/strong>: 4-metil-1-fenil-2-(pirrolidin-1-il)pentano-1-on<\/p>\n<p>CAS # 2181620-71-1<\/p>\n<p><strong>Apariencia<\/strong>Cristales blanquecinos<\/p>\n<p><strong>An\u00e1lisis por RMN:<\/strong> C16H23NO<\/p>","protected":false},"featured_media":6464,"comment_status":"open","ping_status":"closed","template":"","meta":{"_joinchat":[]},"product_brand":[],"product_cat":[134],"product_tag":[],"class_list":{"0":"post-6444","1":"product","2":"type-product","3":"status-publish","4":"has-post-thumbnail","6":"product_cat-cathinon","8":"first","9":"instock","10":"shipping-taxable","11":"purchasable","12":"product-type-variable"},"yoast_head":"<!-- This site is optimized with the Yoast SEO plugin v26.3 - https:\/\/yoast.com\/wordpress\/plugins\/seo\/ -->\n<title>A-Pihp Crystal online kopen - A-PCYP te koop - RCKOPEN<\/title>\n<meta name=\"description\" content=\"A-Pihp Crystal online te kopen bij onze Rckopen. Wij hebben uitsluitend te maken met A-Pihp Crystal te koop tegen goedkope tarieven. Koop A-Pihp Crystal .\" \/>\n<meta name=\"robots\" content=\"index, follow, max-snippet:-1, max-image-preview:large, max-video-preview:-1\" \/>\n<link rel=\"canonical\" href=\"https:\/\/rckopen.com\/es\/producto\/unos-cristales-pihp\/\" \/>\n<meta property=\"og:locale\" content=\"es_ES\" \/>\n<meta property=\"og:type\" content=\"article\" \/>\n<meta property=\"og:title\" content=\"A-Pihp Crystal online kopen - A-PCYP te koop - RCKOPEN\" \/>\n<meta property=\"og:description\" content=\"A-Pihp Crystal online te kopen bij onze Rckopen. Wij hebben uitsluitend te maken met A-Pihp Crystal te koop tegen goedkope tarieven. Koop A-Pihp Crystal .\" \/>\n<meta property=\"og:url\" content=\"https:\/\/rckopen.com\/es\/producto\/unos-cristales-pihp\/\" \/>\n<meta property=\"og:site_name\" content=\"RC Kopen\" \/>\n<meta property=\"article:modified_time\" content=\"2025-02-03T05:21:26+00:00\" \/>\n<meta property=\"og:image\" content=\"https:\/\/rckopen.com\/wp-content\/uploads\/2023\/08\/A-PiHP-crystals.jpg\" \/>\n\t<meta property=\"og:image:width\" content=\"600\" \/>\n\t<meta property=\"og:image:height\" content=\"600\" \/>\n\t<meta property=\"og:image:type\" content=\"image\/jpeg\" \/>\n<meta name=\"twitter:card\" content=\"summary_large_image\" \/>\n<meta name=\"twitter:label1\" content=\"Tiempo de lectura\" \/>\n\t<meta name=\"twitter:data1\" content=\"5 minutos\" \/>\n<script type=\"application\/ld+json\" class=\"yoast-schema-graph\">{\"@context\":\"https:\/\/schema.org\",\"@graph\":[{\"@type\":\"WebPage\",\"@id\":\"https:\/\/rckopen.com\/product\/a-pihp-crystals\/\",\"url\":\"https:\/\/rckopen.com\/product\/a-pihp-crystals\/\",\"name\":\"A-Pihp Crystal online kopen - A-PCYP te koop - RCKOPEN\",\"isPartOf\":{\"@id\":\"https:\/\/rckopen.com\/#website\"},\"primaryImageOfPage\":{\"@id\":\"https:\/\/rckopen.com\/product\/a-pihp-crystals\/#primaryimage\"},\"image\":{\"@id\":\"https:\/\/rckopen.com\/product\/a-pihp-crystals\/#primaryimage\"},\"thumbnailUrl\":\"https:\/\/rckopen.com\/wp-content\/uploads\/2023\/08\/A-PiHP-crystals.jpg\",\"datePublished\":\"2023-08-15T08:36:48+00:00\",\"dateModified\":\"2025-02-03T05:21:26+00:00\",\"description\":\"A-Pihp Crystal online te kopen bij onze Rckopen. Wij hebben uitsluitend te maken met A-Pihp Crystal te koop tegen goedkope tarieven. Koop A-Pihp Crystal .\",\"breadcrumb\":{\"@id\":\"https:\/\/rckopen.com\/product\/a-pihp-crystals\/#breadcrumb\"},\"inLanguage\":\"es\",\"potentialAction\":[{\"@type\":\"ReadAction\",\"target\":[\"https:\/\/rckopen.com\/product\/a-pihp-crystals\/\"]}]},{\"@type\":\"ImageObject\",\"inLanguage\":\"es\",\"@id\":\"https:\/\/rckopen.com\/product\/a-pihp-crystals\/#primaryimage\",\"url\":\"https:\/\/rckopen.com\/wp-content\/uploads\/2023\/08\/A-PiHP-crystals.jpg\",\"contentUrl\":\"https:\/\/rckopen.com\/wp-content\/uploads\/2023\/08\/A-PiHP-crystals.jpg\",\"width\":600,\"height\":600,\"caption\":\"A-Pihp Crystal online kopen\"},{\"@type\":\"BreadcrumbList\",\"@id\":\"https:\/\/rckopen.com\/product\/a-pihp-crystals\/#breadcrumb\",\"itemListElement\":[{\"@type\":\"ListItem\",\"position\":1,\"name\":\"Home\",\"item\":\"https:\/\/rckopen.com\/\"},{\"@type\":\"ListItem\",\"position\":2,\"name\":\"Shop\",\"item\":\"https:\/\/rckopen.com\/shop\/\"},{\"@type\":\"ListItem\",\"position\":3,\"name\":\"A-PiHP crystals online kopen\"}]},{\"@type\":\"WebSite\",\"@id\":\"https:\/\/rckopen.com\/#website\",\"url\":\"https:\/\/rckopen.com\/\",\"name\":\"RC Kopen\",\"description\":\"Research Chemicals\",\"potentialAction\":[{\"@type\":\"SearchAction\",\"target\":{\"@type\":\"EntryPoint\",\"urlTemplate\":\"https:\/\/rckopen.com\/?s={search_term_string}\"},\"query-input\":{\"@type\":\"PropertyValueSpecification\",\"valueRequired\":true,\"valueName\":\"search_term_string\"}}],\"inLanguage\":\"es\"}]}<\/script>\n<!-- \/ Yoast SEO plugin. -->","yoast_head_json":{"title":"A-Pihp Crystal online kopen - A-PCYP te koop - RCKOPEN","description":"A-Pihp Crystal online te kopen bij onze Rckopen. Wij hebben uitsluitend te maken met A-Pihp Crystal te koop tegen goedkope tarieven. Koop A-Pihp Crystal .","robots":{"index":"index","follow":"follow","max-snippet":"max-snippet:-1","max-image-preview":"max-image-preview:large","max-video-preview":"max-video-preview:-1"},"canonical":"https:\/\/rckopen.com\/es\/producto\/unos-cristales-pihp\/","og_locale":"es_ES","og_type":"article","og_title":"A-Pihp Crystal online kopen - A-PCYP te koop - RCKOPEN","og_description":"A-Pihp Crystal online te kopen bij onze Rckopen. Wij hebben uitsluitend te maken met A-Pihp Crystal te koop tegen goedkope tarieven. Koop A-Pihp Crystal .","og_url":"https:\/\/rckopen.com\/es\/producto\/unos-cristales-pihp\/","og_site_name":"RC Kopen","article_modified_time":"2025-02-03T05:21:26+00:00","og_image":[{"width":600,"height":600,"url":"https:\/\/rckopen.com\/wp-content\/uploads\/2023\/08\/A-PiHP-crystals.jpg","type":"image\/jpeg"}],"twitter_card":"summary_large_image","twitter_misc":{"Tiempo de lectura":"5 minutos"},"schema":{"@context":"https:\/\/schema.org","@graph":[{"@type":"WebPage","@id":"https:\/\/rckopen.com\/product\/a-pihp-crystals\/","url":"https:\/\/rckopen.com\/product\/a-pihp-crystals\/","name":"A-Pihp Crystal online kopen - A-PCYP te koop - RCKOPEN","isPartOf":{"@id":"https:\/\/rckopen.com\/#website"},"primaryImageOfPage":{"@id":"https:\/\/rckopen.com\/product\/a-pihp-crystals\/#primaryimage"},"image":{"@id":"https:\/\/rckopen.com\/product\/a-pihp-crystals\/#primaryimage"},"thumbnailUrl":"https:\/\/rckopen.com\/wp-content\/uploads\/2023\/08\/A-PiHP-crystals.jpg","datePublished":"2023-08-15T08:36:48+00:00","dateModified":"2025-02-03T05:21:26+00:00","description":"A-Pihp Crystal online te kopen bij onze Rckopen. Wij hebben uitsluitend te maken met A-Pihp Crystal te koop tegen goedkope tarieven. Koop A-Pihp Crystal .","breadcrumb":{"@id":"https:\/\/rckopen.com\/product\/a-pihp-crystals\/#breadcrumb"},"inLanguage":"es","potentialAction":[{"@type":"ReadAction","target":["https:\/\/rckopen.com\/product\/a-pihp-crystals\/"]}]},{"@type":"ImageObject","inLanguage":"es","@id":"https:\/\/rckopen.com\/product\/a-pihp-crystals\/#primaryimage","url":"https:\/\/rckopen.com\/wp-content\/uploads\/2023\/08\/A-PiHP-crystals.jpg","contentUrl":"https:\/\/rckopen.com\/wp-content\/uploads\/2023\/08\/A-PiHP-crystals.jpg","width":600,"height":600,"caption":"A-Pihp Crystal online kopen"},{"@type":"BreadcrumbList","@id":"https:\/\/rckopen.com\/product\/a-pihp-crystals\/#breadcrumb","itemListElement":[{"@type":"ListItem","position":1,"name":"Home","item":"https:\/\/rckopen.com\/"},{"@type":"ListItem","position":2,"name":"Shop","item":"https:\/\/rckopen.com\/shop\/"},{"@type":"ListItem","position":3,"name":"A-PiHP crystals online kopen"}]},{"@type":"WebSite","@id":"https:\/\/rckopen.com\/#website","url":"https:\/\/rckopen.com\/","name":"RC Kopen","description":"Research Chemicals","potentialAction":[{"@type":"SearchAction","target":{"@type":"EntryPoint","urlTemplate":"https:\/\/rckopen.com\/?s={search_term_string}"},"query-input":{"@type":"PropertyValueSpecification","valueRequired":true,"valueName":"search_term_string"}}],"inLanguage":"es"}]}},"_links":{"self":[{"href":"https:\/\/rckopen.com\/es\/wp-json\/wp\/v2\/product\/6444","targetHints":{"allow":["GET"]}}],"collection":[{"href":"https:\/\/rckopen.com\/es\/wp-json\/wp\/v2\/product"}],"about":[{"href":"https:\/\/rckopen.com\/es\/wp-json\/wp\/v2\/types\/product"}],"replies":[{"embeddable":true,"href":"https:\/\/rckopen.com\/es\/wp-json\/wp\/v2\/comments?post=6444"}],"wp:featuredmedia":[{"embeddable":true,"href":"https:\/\/rckopen.com\/es\/wp-json\/wp\/v2\/media\/6464"}],"wp:attachment":[{"href":"https:\/\/rckopen.com\/es\/wp-json\/wp\/v2\/media?parent=6444"}],"wp:term":[{"taxonomy":"product_brand","embeddable":true,"href":"https:\/\/rckopen.com\/es\/wp-json\/wp\/v2\/product_brand?post=6444"},{"taxonomy":"product_cat","embeddable":true,"href":"https:\/\/rckopen.com\/es\/wp-json\/wp\/v2\/product_cat?post=6444"},{"taxonomy":"product_tag","embeddable":true,"href":"https:\/\/rckopen.com\/es\/wp-json\/wp\/v2\/product_tag?post=6444"}],"curies":[{"name":"wp","href":"https:\/\/api.w.org\/{rel}","templated":true}]}}