{"id":6449,"date":"2023-08-15T08:45:20","date_gmt":"2023-08-15T08:45:20","guid":{"rendered":"https:\/\/diligentplug.com\/chems\/?post_type=product&#038;p=6449"},"modified":"2025-02-03T10:40:44","modified_gmt":"2025-02-03T10:40:44","slug":"fluorexetamine-fxe","status":"publish","type":"product","link":"https:\/\/rckopen.com\/es\/producto\/fluorexetamine-fxe\/","title":{"rendered":"Comprar Fluorexetamina (FXE) en l\u00ednea"},"content":{"rendered":"<h2>rckopen.com ofrece productos que no est\u00e1n destinados al consumo humano.<br \/>\nGeneral information Fluorexetamine Online kopen<\/h2>\n<p><a href=\"https:\/\/rckopen.com\/es\/producto\/fluorexetamine-fxe\/\">Fluorexetamine<\/a>\u00a0(clorhidrato) es un est\u00e1ndar anal\u00edtico cient\u00edfico clasificado como arilciclohexilamina. Este art\u00edculo est\u00e1 previsto para investigaci\u00f3n y aplicaciones mensurables.<\/p>\n<p>La fluorexetamina es un agente de investigaci\u00f3n deportiva con efectos disociativos. Un agente de investigaci\u00f3n deportiva conocido como <a href=\"https:\/\/en.wikipedia.org\/wiki\/Fluoxetine\">Fluorexetamine<\/a> (3-Fluoro-2-Oxo-PCE, FXE) se ha vendido a trav\u00e9s de Internet desde aproximadamente 2017.<\/p>\n<p>Aunque existe desde hace alg\u00fan tiempo, sigue siendo poco com\u00fan. La fluorexetamina es un compuesto qu\u00edmico de la familia de las arilciclohexilaminas que se utiliza para la planificaci\u00f3n deportiva y sus efectos pueden ser muy disociativos. Sin embargo, ha estado disponible en Internet desde 2017 y su uso sigue siendo relativamente poco conocido.<\/p>\n<p>La situaci\u00f3n cambi\u00f3 en abril de 2022, cuando el reconocimiento algor\u00edtmico de la sustancia qu\u00edmica de b\u00fasqueda en Reddit hizo sonar las alarmas. Desde entonces, las notificaciones de fluorexetamina se han m\u00e1s que duplicado, alcanzando su pico en abril de 2022. No se han investigado las propiedades fisiol\u00f3gicas y toxicol\u00f3gicas de este compuesto. El uso de esta sustancia qu\u00edmica deber\u00eda tener fines de investigaci\u00f3n y medici\u00f3n, por as\u00ed decirlo. Tenga en cuenta que este producto no est\u00e1 destinado a uso humano ni veterinario.<\/p>\n<h3>Composici\u00f3n qu\u00edmica de la fluorexetamina<\/h3>\n<p>La fluorexetamina (3\u2032-fluoro-2-oxo-PCE, FXE) es una sustancia qu\u00edmica de investigaci\u00f3n de dise\u00f1o deportivo de la familia de las arilciclohexilaminas con efectos disociativos. Supuestamente se vende en l\u00ednea desde aproximadamente 2017. Sin embargo, se ha mantenido relativamente fuera de lo com\u00fan.<\/p>\n<p>Su ecuaci\u00f3n es C14H18FNO y su masa molar es 235,302 g-mol-1.<\/p>\n<h3>Farmacolog\u00eda de la fluorexetamina<\/h3>\n<p>La fluoxetina ejerce sus efectos impidiendo la recaptaci\u00f3n de serotonina en las neuronas serotonin\u00e9rgicas presin\u00e1pticas al interferir con la prote\u00edna transportadora de recaptaci\u00f3n ubicada en la terminal presin\u00e1ptica. La fluoxetina tambi\u00e9n act\u00faa suavemente sobre los receptores 5HT2A y 5HT2C.<\/p>\n<p>La fluoxetina se administra por v\u00eda oral, se une fuertemente a las prote\u00ednas plasm\u00e1ticas y tiene un gran volumen de absorci\u00f3n. La semivida de eliminaci\u00f3n de la fluoxetina es de aproximadamente 1 a 4 d\u00edas, mientras que la de su metabolito norfluoxetina dura de 7 a 15 d\u00edas. La fluoxetina tiene un perfil farmacocin\u00e9tico no lineal.<\/p>\n<h3>Comprar Fluorexetamina de alta calidad en l\u00ednea<\/h3>\n<p><a href=\"http:\/\/rckopen.com\/es\/\">RC Kopen<\/a> tiene muchos a\u00f1os de experiencia en la industria del dise\u00f1o de productos qu\u00edmicos de investigaci\u00f3n, lo que nos permite garantizar la m\u00e1s alta calidad de estos productos qu\u00edmicos de investigaci\u00f3n. El equipo de productos qu\u00edmicos de investigaci\u00f3n vende Fluorexetamina. Los productos qu\u00edmicos de investigaci\u00f3n, incluidas las Fluorexetaminas, cumplen con todos los requisitos de seguridad. Los productos qu\u00edmicos de investigaci\u00f3n se distribuyen y almacenan con cuidado en un lugar fresco y seco.<\/p>\n<p>Todos los productos se inspeccionan peri\u00f3dicamente para comprobar su calidad, pureza y seguridad. Mantenga siempre la Fluorexetamina a temperatura ambiente y fuera del alcance de los ni\u00f1os y las mascotas. Nuestra Fluorexetamina no est\u00e1 destinada al uso personal. Es solo para fines de investigaci\u00f3n.<\/p>\n<p>No debe mezclarse con alcohol ni con productos qu\u00edmicos de investigaci\u00f3n.<\/p>\n<p>Todos nuestros productos tienen un precio justo<\/p>\n<h3>El laboratorio hizo pruebas de fluorexetamina y obtuvo resultados.<\/h3>\n<p>Remakes avanza hacia la satisfacci\u00f3n general de sus clientes. Diferentes ex\u00e1menes han demostrado que los clientes solicitan tantos datos como se espera antes de comprar productos qu\u00edmicos sint\u00e9ticos de investigaci\u00f3n. Adem\u00e1s, publicamos todas las consecuencias de laboratorio de cada compuesto de examen en un registro PDF.<\/p>\n<p>Nuestro cristal de fluorexetamina responde consistentemente a los ingredientes activos y todos pueden verlo directamente.<\/p>\n<p>Distribuimos todas las consecuencias de laboratorio de cada producto qu\u00edmico de investigaci\u00f3n en un documento PDF.<\/p>\n<h3>Ordene Fluorexetamina de forma segura.<\/h3>\n<p>Los productos qu\u00edmicos de investigaci\u00f3n de dise\u00f1o de RC Kopen son de excelente calidad y tienen un coste justo. Por lo tanto, cuando solicite sus productos qu\u00edmicos de investigaci\u00f3n en RC Kopen, le garantizamos que le haremos llegar su pedido a casa de forma r\u00e1pida y segura, ya que la venta de productos qu\u00edmicos de investigaci\u00f3n est\u00e1 siempre disponible en RC Kopen.<\/p>\n<p>Solicitar compuestos sint\u00e9ticos de investigaci\u00f3n con Bitcoin o transferencia bancaria es sencillo en el RC Kopen.<\/p>\n<p>Enviamos los productos qu\u00edmicos de investigaci\u00f3n en polvo el mismo d\u00eda laborable si el pago se recibe antes de las 15:00 CEST.<\/p>\n<p>No suministramos art\u00edculos a menores de 18 a\u00f1os.<\/p>\n<p>La venta de productos qu\u00edmicos de investigaci\u00f3n s\u00f3lo tiene fines de investigaci\u00f3n.<\/p>\n<p>Env\u00edo discreto de productos qu\u00edmicos de investigaci\u00f3n.<\/p>\n<p>RC Kopen embalar\u00e1 su pedido de forma segura para garantizar un transporte adecuado. Adem\u00e1s, embalamos con perfecto sigilo, y ninguna se\u00f1al de lo que podr\u00eda haber dentro se mostrar\u00e1 en el exterior.<\/p>\n<h3>Precauciones<\/h3>\n<ul>\n<li>Compre equipo de protecci\u00f3n personal adecuado, como gafas y guantes. Limpiarlos y mantenerlos adecuadamente. Siga sistemas seguros al manipular productos qu\u00edmicos de investigaci\u00f3n y no tome atajos.<\/li>\n<li>Si el producto qu\u00edmico de investigaci\u00f3n entra en contacto con los ojos, enju\u00e1guelos bien y elimine las lentes de contacto si es fundamental.<\/li>\n<li>Intente utilizar una mascarilla mientras utiliza estos productos qu\u00edmicos para que no penetren en su interior al respirar.<\/li>\n<li>Como indican los m\u00e9todos admitidos, manipule, almacene y elimine los materiales peligrosos de forma segura. Nunca los vierta por alcantarillas o canales.<\/li>\n<li>Almacene los productos qu\u00edmicos de investigaci\u00f3n adecuadamente, tal y como se indica en sus nombres. Los productos qu\u00edmicos inflamables deben guardarse en un lugar seco y seco, alejado de la intensidad y la luz del d\u00eda. Algunos productos sint\u00e9ticos, como los \u00e1cidos, deben guardarse independientemente unos de otros.<\/li>\n<li>La compra de RC que se ofrece en rc est\u00e1 destinada a la investigaci\u00f3n; El consumo humano est\u00e1 estrictamente prohibido.<\/li>\n<\/ul>","protected":false},"excerpt":{"rendered":"<p><strong>Nombre IUPAC: <\/strong>2-(etilamino)-2-(3-fluorofenil)ciclohexan-1-ona<\/p>\n<p><strong>Otro nombre: <\/strong>FXE<\/p>\n<p><strong>Forma: <\/strong>cristal<\/p>\n<p><strong>An\u00e1lisis por RMN: <\/strong>C14H18FNO<\/p>","protected":false},"featured_media":6468,"comment_status":"open","ping_status":"closed","template":"","meta":{"_joinchat":[]},"product_brand":[],"product_cat":[137],"product_tag":[],"class_list":{"0":"post-6449","1":"product","2":"type-product","3":"status-publish","4":"has-post-thumbnail","6":"product_cat-dissociatieven","8":"first","9":"instock","10":"shipping-taxable","11":"purchasable","12":"product-type-variable"},"yoast_head":"<!-- This site is optimized with the Yoast SEO plugin v26.3 - https:\/\/yoast.com\/wordpress\/plugins\/seo\/ -->\n<title>Fluorexrtamine FXE te koop - Fluorexrtamine FXE online kopen<\/title>\n<meta name=\"description\" content=\"U kunt nu Fluorexrtamine FXE te koop krijgen in onze topwinkel RC Kopen. Onze medewerkers zullen u helpen om Fluorexrtamine FXE online te kopen tegen de beste prijzen. Bestel Fluorexrtamine FXE vandaag nog online met wereldwijde verzending!\" \/>\n<meta name=\"robots\" content=\"index, follow, max-snippet:-1, max-image-preview:large, max-video-preview:-1\" \/>\n<link rel=\"canonical\" href=\"https:\/\/rckopen.com\/es\/producto\/fluorexetamine-fxe\/\" \/>\n<meta property=\"og:locale\" content=\"es_ES\" \/>\n<meta property=\"og:type\" content=\"article\" \/>\n<meta property=\"og:title\" content=\"Fluorexrtamine FXE te koop - Fluorexrtamine FXE online kopen\" \/>\n<meta property=\"og:description\" content=\"U kunt nu Fluorexrtamine FXE te koop krijgen in onze topwinkel RC Kopen. Onze medewerkers zullen u helpen om Fluorexrtamine FXE online te kopen tegen de beste prijzen. Bestel Fluorexrtamine FXE vandaag nog online met wereldwijde verzending!\" \/>\n<meta property=\"og:url\" content=\"https:\/\/rckopen.com\/es\/producto\/fluorexetamine-fxe\/\" \/>\n<meta property=\"og:site_name\" content=\"RC Kopen\" \/>\n<meta property=\"article:modified_time\" content=\"2025-02-03T10:40:44+00:00\" \/>\n<meta property=\"og:image\" content=\"https:\/\/rckopen.com\/wp-content\/uploads\/2023\/08\/Fluorexetamine-FXE.jpg\" \/>\n\t<meta property=\"og:image:width\" content=\"600\" \/>\n\t<meta property=\"og:image:height\" content=\"600\" \/>\n\t<meta property=\"og:image:type\" content=\"image\/jpeg\" \/>\n<meta name=\"twitter:card\" content=\"summary_large_image\" \/>\n<meta name=\"twitter:label1\" content=\"Tiempo de lectura\" \/>\n\t<meta name=\"twitter:data1\" content=\"4 minutos\" \/>\n<script type=\"application\/ld+json\" class=\"yoast-schema-graph\">{\"@context\":\"https:\/\/schema.org\",\"@graph\":[{\"@type\":\"WebPage\",\"@id\":\"https:\/\/rckopen.com\/product\/fluorexetamine-fxe\/\",\"url\":\"https:\/\/rckopen.com\/product\/fluorexetamine-fxe\/\",\"name\":\"Fluorexrtamine FXE te koop - Fluorexrtamine FXE online kopen\",\"isPartOf\":{\"@id\":\"https:\/\/rckopen.com\/#website\"},\"primaryImageOfPage\":{\"@id\":\"https:\/\/rckopen.com\/product\/fluorexetamine-fxe\/#primaryimage\"},\"image\":{\"@id\":\"https:\/\/rckopen.com\/product\/fluorexetamine-fxe\/#primaryimage\"},\"thumbnailUrl\":\"https:\/\/rckopen.com\/wp-content\/uploads\/2023\/08\/Fluorexetamine-FXE.jpg\",\"datePublished\":\"2023-08-15T08:45:20+00:00\",\"dateModified\":\"2025-02-03T10:40:44+00:00\",\"description\":\"U kunt nu Fluorexrtamine FXE te koop krijgen in onze topwinkel RC Kopen. Onze medewerkers zullen u helpen om Fluorexrtamine FXE online te kopen tegen de beste prijzen. Bestel Fluorexrtamine FXE vandaag nog online met wereldwijde verzending!\",\"breadcrumb\":{\"@id\":\"https:\/\/rckopen.com\/product\/fluorexetamine-fxe\/#breadcrumb\"},\"inLanguage\":\"es\",\"potentialAction\":[{\"@type\":\"ReadAction\",\"target\":[\"https:\/\/rckopen.com\/product\/fluorexetamine-fxe\/\"]}]},{\"@type\":\"ImageObject\",\"inLanguage\":\"es\",\"@id\":\"https:\/\/rckopen.com\/product\/fluorexetamine-fxe\/#primaryimage\",\"url\":\"https:\/\/rckopen.com\/wp-content\/uploads\/2023\/08\/Fluorexetamine-FXE.jpg\",\"contentUrl\":\"https:\/\/rckopen.com\/wp-content\/uploads\/2023\/08\/Fluorexetamine-FXE.jpg\",\"width\":600,\"height\":600,\"caption\":\"Fluorexetamine-(FXE) online kopen\"},{\"@type\":\"BreadcrumbList\",\"@id\":\"https:\/\/rckopen.com\/product\/fluorexetamine-fxe\/#breadcrumb\",\"itemListElement\":[{\"@type\":\"ListItem\",\"position\":1,\"name\":\"Home\",\"item\":\"https:\/\/rckopen.com\/\"},{\"@type\":\"ListItem\",\"position\":2,\"name\":\"Shop\",\"item\":\"https:\/\/rckopen.com\/shop\/\"},{\"@type\":\"ListItem\",\"position\":3,\"name\":\"Fluorexetamine (FXE) Online kopen\"}]},{\"@type\":\"WebSite\",\"@id\":\"https:\/\/rckopen.com\/#website\",\"url\":\"https:\/\/rckopen.com\/\",\"name\":\"RC Kopen\",\"description\":\"Research Chemicals\",\"potentialAction\":[{\"@type\":\"SearchAction\",\"target\":{\"@type\":\"EntryPoint\",\"urlTemplate\":\"https:\/\/rckopen.com\/?s={search_term_string}\"},\"query-input\":{\"@type\":\"PropertyValueSpecification\",\"valueRequired\":true,\"valueName\":\"search_term_string\"}}],\"inLanguage\":\"es\"}]}<\/script>\n<!-- \/ Yoast SEO plugin. -->","yoast_head_json":{"title":"Fluorexrtamine FXE te koop - Fluorexrtamine FXE online kopen","description":"U kunt nu Fluorexrtamine FXE te koop krijgen in onze topwinkel RC Kopen. Onze medewerkers zullen u helpen om Fluorexrtamine FXE online te kopen tegen de beste prijzen. Bestel Fluorexrtamine FXE vandaag nog online met wereldwijde verzending!","robots":{"index":"index","follow":"follow","max-snippet":"max-snippet:-1","max-image-preview":"max-image-preview:large","max-video-preview":"max-video-preview:-1"},"canonical":"https:\/\/rckopen.com\/es\/producto\/fluorexetamine-fxe\/","og_locale":"es_ES","og_type":"article","og_title":"Fluorexrtamine FXE te koop - Fluorexrtamine FXE online kopen","og_description":"U kunt nu Fluorexrtamine FXE te koop krijgen in onze topwinkel RC Kopen. Onze medewerkers zullen u helpen om Fluorexrtamine FXE online te kopen tegen de beste prijzen. Bestel Fluorexrtamine FXE vandaag nog online met wereldwijde verzending!","og_url":"https:\/\/rckopen.com\/es\/producto\/fluorexetamine-fxe\/","og_site_name":"RC Kopen","article_modified_time":"2025-02-03T10:40:44+00:00","og_image":[{"width":600,"height":600,"url":"https:\/\/rckopen.com\/wp-content\/uploads\/2023\/08\/Fluorexetamine-FXE.jpg","type":"image\/jpeg"}],"twitter_card":"summary_large_image","twitter_misc":{"Tiempo de lectura":"4 minutos"},"schema":{"@context":"https:\/\/schema.org","@graph":[{"@type":"WebPage","@id":"https:\/\/rckopen.com\/product\/fluorexetamine-fxe\/","url":"https:\/\/rckopen.com\/product\/fluorexetamine-fxe\/","name":"Fluorexrtamine FXE te koop - Fluorexrtamine FXE online kopen","isPartOf":{"@id":"https:\/\/rckopen.com\/#website"},"primaryImageOfPage":{"@id":"https:\/\/rckopen.com\/product\/fluorexetamine-fxe\/#primaryimage"},"image":{"@id":"https:\/\/rckopen.com\/product\/fluorexetamine-fxe\/#primaryimage"},"thumbnailUrl":"https:\/\/rckopen.com\/wp-content\/uploads\/2023\/08\/Fluorexetamine-FXE.jpg","datePublished":"2023-08-15T08:45:20+00:00","dateModified":"2025-02-03T10:40:44+00:00","description":"U kunt nu Fluorexrtamine FXE te koop krijgen in onze topwinkel RC Kopen. Onze medewerkers zullen u helpen om Fluorexrtamine FXE online te kopen tegen de beste prijzen. Bestel Fluorexrtamine FXE vandaag nog online met wereldwijde verzending!","breadcrumb":{"@id":"https:\/\/rckopen.com\/product\/fluorexetamine-fxe\/#breadcrumb"},"inLanguage":"es","potentialAction":[{"@type":"ReadAction","target":["https:\/\/rckopen.com\/product\/fluorexetamine-fxe\/"]}]},{"@type":"ImageObject","inLanguage":"es","@id":"https:\/\/rckopen.com\/product\/fluorexetamine-fxe\/#primaryimage","url":"https:\/\/rckopen.com\/wp-content\/uploads\/2023\/08\/Fluorexetamine-FXE.jpg","contentUrl":"https:\/\/rckopen.com\/wp-content\/uploads\/2023\/08\/Fluorexetamine-FXE.jpg","width":600,"height":600,"caption":"Fluorexetamine-(FXE) online kopen"},{"@type":"BreadcrumbList","@id":"https:\/\/rckopen.com\/product\/fluorexetamine-fxe\/#breadcrumb","itemListElement":[{"@type":"ListItem","position":1,"name":"Home","item":"https:\/\/rckopen.com\/"},{"@type":"ListItem","position":2,"name":"Shop","item":"https:\/\/rckopen.com\/shop\/"},{"@type":"ListItem","position":3,"name":"Fluorexetamine (FXE) Online kopen"}]},{"@type":"WebSite","@id":"https:\/\/rckopen.com\/#website","url":"https:\/\/rckopen.com\/","name":"RC Kopen","description":"Research Chemicals","potentialAction":[{"@type":"SearchAction","target":{"@type":"EntryPoint","urlTemplate":"https:\/\/rckopen.com\/?s={search_term_string}"},"query-input":{"@type":"PropertyValueSpecification","valueRequired":true,"valueName":"search_term_string"}}],"inLanguage":"es"}]}},"_links":{"self":[{"href":"https:\/\/rckopen.com\/es\/wp-json\/wp\/v2\/product\/6449","targetHints":{"allow":["GET"]}}],"collection":[{"href":"https:\/\/rckopen.com\/es\/wp-json\/wp\/v2\/product"}],"about":[{"href":"https:\/\/rckopen.com\/es\/wp-json\/wp\/v2\/types\/product"}],"replies":[{"embeddable":true,"href":"https:\/\/rckopen.com\/es\/wp-json\/wp\/v2\/comments?post=6449"}],"wp:featuredmedia":[{"embeddable":true,"href":"https:\/\/rckopen.com\/es\/wp-json\/wp\/v2\/media\/6468"}],"wp:attachment":[{"href":"https:\/\/rckopen.com\/es\/wp-json\/wp\/v2\/media?parent=6449"}],"wp:term":[{"taxonomy":"product_brand","embeddable":true,"href":"https:\/\/rckopen.com\/es\/wp-json\/wp\/v2\/product_brand?post=6449"},{"taxonomy":"product_cat","embeddable":true,"href":"https:\/\/rckopen.com\/es\/wp-json\/wp\/v2\/product_cat?post=6449"},{"taxonomy":"product_tag","embeddable":true,"href":"https:\/\/rckopen.com\/es\/wp-json\/wp\/v2\/product_tag?post=6449"}],"curies":[{"name":"wp","href":"https:\/\/api.w.org\/{rel}","templated":true}]}}