{"id":6472,"date":"2023-08-16T05:09:26","date_gmt":"2023-08-16T05:09:26","guid":{"rendered":"https:\/\/diligentplug.com\/chems\/?post_type=product&#038;p=6472"},"modified":"2025-02-05T10:15:04","modified_gmt":"2025-02-05T10:15:04","slug":"3d-mxe","status":"publish","type":"product","link":"https:\/\/rckopen.com\/es\/producto\/3d-mxe\/","title":{"rendered":"Comprar 3D-MXE en l\u00ednea"},"content":{"rendered":"<h2>Comprar 3D-MXE en l\u00ednea<\/h2>\n<p><a href=\"https:\/\/rckopen.com\/es\/producto\/3d-mxe\/\">3D-MXE<\/a>, tambi\u00e9n conocido como 3-FA, se deriva de varios an\u00e1logos fluorados, incluidos 2-FMA, 2-FEA, 2-FA y 4-FMA. Vendemos 3-FA en polvo, con un peso de 0,75 gramos cada uno. Este producto no s\u00f3lo est\u00e1 recomendado para personas desfavorecidas, sino que tampoco se recomienda su consumo. Mant\u00e9ngalo alejado de mascotas y ni\u00f1os y lea las instrucciones de seguridad en nuestro sitio web antes de usarlo.<\/p>\n<h3>Embalaje 3D-MXE<\/h3>\n<p>3D-MXE se presenta en bolsas de distintos colores y estilos:<br \/>\nOro = dos, P\u00farpura = cinco, Azul = diez, Negro = veinticinco, Plata = uno. <a href=\"https:\/\/rckopen.com\/es\/\">RC Shop<\/a><\/p>\n<h3>Enviamos todos nuestros productos a todos los Pa\u00edses Bajos.<\/h3>\n<p>Consulte el prospecto del paquete aqu\u00ed.<br \/>\nVea la informaci\u00f3n qu\u00edmica aqu\u00ed.<br \/>\nAqu\u00ed en V.I.B.<\/p>\n<p>N\u00famero CAS: 1626-71-7<\/p>\n<p>&nbsp;<\/p>","protected":false},"excerpt":{"rendered":"<p><strong>Nombre IUPAC: <\/strong>2-(etilamino)-2-(3-metilfenil)ciclohexanona hcl<\/p>\n<p><strong>Otro nombre: <\/strong>DMXE<\/p>\n<p><strong>Apariencia: <\/strong>polvo<\/p>\n<p><strong>Forma: <\/strong>HCL<\/p>","protected":false},"featured_media":6483,"comment_status":"open","ping_status":"closed","template":"","meta":{"_joinchat":[]},"product_brand":[],"product_cat":[137],"product_tag":[],"class_list":{"0":"post-6472","1":"product","2":"type-product","3":"status-publish","4":"has-post-thumbnail","6":"product_cat-dissociatieven","8":"first","9":"instock","10":"shipping-taxable","11":"purchasable","12":"product-type-variable"},"yoast_head":"<!-- This site is optimized with the Yoast SEO plugin v26.3 - https:\/\/yoast.com\/wordpress\/plugins\/seo\/ -->\n<title>3D-MXE online kopen - 3D-MXE te koop | RC Kopen<\/title>\n<meta name=\"description\" content=\"RC Kopen is de beste plaats om 3D-MXE online te kopen. Wij zijn beschikbaar met 3D-MXE te koop tegen de beste prijzen. Ontvang de beste prijs met geweldige aanbiedingen. Boek nu uw bestelling!\" \/>\n<meta name=\"robots\" content=\"index, follow, max-snippet:-1, max-image-preview:large, max-video-preview:-1\" \/>\n<link rel=\"canonical\" href=\"https:\/\/rckopen.com\/es\/producto\/3d-mxe\/\" \/>\n<meta property=\"og:locale\" content=\"es_ES\" \/>\n<meta property=\"og:type\" content=\"article\" \/>\n<meta property=\"og:title\" content=\"3D-MXE online kopen - 3D-MXE te koop | RC Kopen\" \/>\n<meta property=\"og:description\" content=\"RC Kopen is de beste plaats om 3D-MXE online te kopen. Wij zijn beschikbaar met 3D-MXE te koop tegen de beste prijzen. Ontvang de beste prijs met geweldige aanbiedingen. Boek nu uw bestelling!\" \/>\n<meta property=\"og:url\" content=\"https:\/\/rckopen.com\/es\/producto\/3d-mxe\/\" \/>\n<meta property=\"og:site_name\" content=\"RC Kopen\" \/>\n<meta property=\"article:modified_time\" content=\"2025-02-05T10:15:04+00:00\" \/>\n<meta property=\"og:image\" content=\"https:\/\/rckopen.com\/wp-content\/uploads\/2023\/08\/3D-MXE.jpg\" \/>\n\t<meta property=\"og:image:width\" content=\"600\" \/>\n\t<meta property=\"og:image:height\" content=\"600\" \/>\n\t<meta property=\"og:image:type\" content=\"image\/jpeg\" \/>\n<meta name=\"twitter:card\" content=\"summary_large_image\" \/>\n<meta name=\"twitter:label1\" content=\"Tiempo de lectura\" \/>\n\t<meta name=\"twitter:data1\" content=\"1 minuto\" \/>\n<script type=\"application\/ld+json\" class=\"yoast-schema-graph\">{\"@context\":\"https:\/\/schema.org\",\"@graph\":[{\"@type\":\"WebPage\",\"@id\":\"https:\/\/rckopen.com\/product\/3d-mxe\/\",\"url\":\"https:\/\/rckopen.com\/product\/3d-mxe\/\",\"name\":\"3D-MXE online kopen - 3D-MXE te koop | RC Kopen\",\"isPartOf\":{\"@id\":\"https:\/\/rckopen.com\/#website\"},\"primaryImageOfPage\":{\"@id\":\"https:\/\/rckopen.com\/product\/3d-mxe\/#primaryimage\"},\"image\":{\"@id\":\"https:\/\/rckopen.com\/product\/3d-mxe\/#primaryimage\"},\"thumbnailUrl\":\"https:\/\/rckopen.com\/wp-content\/uploads\/2023\/08\/3D-MXE.jpg\",\"datePublished\":\"2023-08-16T05:09:26+00:00\",\"dateModified\":\"2025-02-05T10:15:04+00:00\",\"description\":\"RC Kopen is de beste plaats om 3D-MXE online te kopen. Wij zijn beschikbaar met 3D-MXE te koop tegen de beste prijzen. Ontvang de beste prijs met geweldige aanbiedingen. Boek nu uw bestelling!\",\"breadcrumb\":{\"@id\":\"https:\/\/rckopen.com\/product\/3d-mxe\/#breadcrumb\"},\"inLanguage\":\"es\",\"potentialAction\":[{\"@type\":\"ReadAction\",\"target\":[\"https:\/\/rckopen.com\/product\/3d-mxe\/\"]}]},{\"@type\":\"ImageObject\",\"inLanguage\":\"es\",\"@id\":\"https:\/\/rckopen.com\/product\/3d-mxe\/#primaryimage\",\"url\":\"https:\/\/rckopen.com\/wp-content\/uploads\/2023\/08\/3D-MXE.jpg\",\"contentUrl\":\"https:\/\/rckopen.com\/wp-content\/uploads\/2023\/08\/3D-MXE.jpg\",\"width\":600,\"height\":600,\"caption\":\"3D-MXE online kopen\"},{\"@type\":\"BreadcrumbList\",\"@id\":\"https:\/\/rckopen.com\/product\/3d-mxe\/#breadcrumb\",\"itemListElement\":[{\"@type\":\"ListItem\",\"position\":1,\"name\":\"Home\",\"item\":\"https:\/\/rckopen.com\/\"},{\"@type\":\"ListItem\",\"position\":2,\"name\":\"Shop\",\"item\":\"https:\/\/rckopen.com\/shop\/\"},{\"@type\":\"ListItem\",\"position\":3,\"name\":\"3D-MXE online kopen\"}]},{\"@type\":\"WebSite\",\"@id\":\"https:\/\/rckopen.com\/#website\",\"url\":\"https:\/\/rckopen.com\/\",\"name\":\"RC Kopen\",\"description\":\"Research Chemicals\",\"potentialAction\":[{\"@type\":\"SearchAction\",\"target\":{\"@type\":\"EntryPoint\",\"urlTemplate\":\"https:\/\/rckopen.com\/?s={search_term_string}\"},\"query-input\":{\"@type\":\"PropertyValueSpecification\",\"valueRequired\":true,\"valueName\":\"search_term_string\"}}],\"inLanguage\":\"es\"}]}<\/script>\n<!-- \/ Yoast SEO plugin. -->","yoast_head_json":{"title":"3D-MXE online kopen - 3D-MXE te koop | RC Kopen","description":"RC Kopen is de beste plaats om 3D-MXE online te kopen. Wij zijn beschikbaar met 3D-MXE te koop tegen de beste prijzen. Ontvang de beste prijs met geweldige aanbiedingen. Boek nu uw bestelling!","robots":{"index":"index","follow":"follow","max-snippet":"max-snippet:-1","max-image-preview":"max-image-preview:large","max-video-preview":"max-video-preview:-1"},"canonical":"https:\/\/rckopen.com\/es\/producto\/3d-mxe\/","og_locale":"es_ES","og_type":"article","og_title":"3D-MXE online kopen - 3D-MXE te koop | RC Kopen","og_description":"RC Kopen is de beste plaats om 3D-MXE online te kopen. Wij zijn beschikbaar met 3D-MXE te koop tegen de beste prijzen. Ontvang de beste prijs met geweldige aanbiedingen. Boek nu uw bestelling!","og_url":"https:\/\/rckopen.com\/es\/producto\/3d-mxe\/","og_site_name":"RC Kopen","article_modified_time":"2025-02-05T10:15:04+00:00","og_image":[{"width":600,"height":600,"url":"https:\/\/rckopen.com\/wp-content\/uploads\/2023\/08\/3D-MXE.jpg","type":"image\/jpeg"}],"twitter_card":"summary_large_image","twitter_misc":{"Tiempo de lectura":"1 minuto"},"schema":{"@context":"https:\/\/schema.org","@graph":[{"@type":"WebPage","@id":"https:\/\/rckopen.com\/product\/3d-mxe\/","url":"https:\/\/rckopen.com\/product\/3d-mxe\/","name":"3D-MXE online kopen - 3D-MXE te koop | RC Kopen","isPartOf":{"@id":"https:\/\/rckopen.com\/#website"},"primaryImageOfPage":{"@id":"https:\/\/rckopen.com\/product\/3d-mxe\/#primaryimage"},"image":{"@id":"https:\/\/rckopen.com\/product\/3d-mxe\/#primaryimage"},"thumbnailUrl":"https:\/\/rckopen.com\/wp-content\/uploads\/2023\/08\/3D-MXE.jpg","datePublished":"2023-08-16T05:09:26+00:00","dateModified":"2025-02-05T10:15:04+00:00","description":"RC Kopen is de beste plaats om 3D-MXE online te kopen. Wij zijn beschikbaar met 3D-MXE te koop tegen de beste prijzen. Ontvang de beste prijs met geweldige aanbiedingen. Boek nu uw bestelling!","breadcrumb":{"@id":"https:\/\/rckopen.com\/product\/3d-mxe\/#breadcrumb"},"inLanguage":"es","potentialAction":[{"@type":"ReadAction","target":["https:\/\/rckopen.com\/product\/3d-mxe\/"]}]},{"@type":"ImageObject","inLanguage":"es","@id":"https:\/\/rckopen.com\/product\/3d-mxe\/#primaryimage","url":"https:\/\/rckopen.com\/wp-content\/uploads\/2023\/08\/3D-MXE.jpg","contentUrl":"https:\/\/rckopen.com\/wp-content\/uploads\/2023\/08\/3D-MXE.jpg","width":600,"height":600,"caption":"3D-MXE online kopen"},{"@type":"BreadcrumbList","@id":"https:\/\/rckopen.com\/product\/3d-mxe\/#breadcrumb","itemListElement":[{"@type":"ListItem","position":1,"name":"Home","item":"https:\/\/rckopen.com\/"},{"@type":"ListItem","position":2,"name":"Shop","item":"https:\/\/rckopen.com\/shop\/"},{"@type":"ListItem","position":3,"name":"3D-MXE online kopen"}]},{"@type":"WebSite","@id":"https:\/\/rckopen.com\/#website","url":"https:\/\/rckopen.com\/","name":"RC Kopen","description":"Research Chemicals","potentialAction":[{"@type":"SearchAction","target":{"@type":"EntryPoint","urlTemplate":"https:\/\/rckopen.com\/?s={search_term_string}"},"query-input":{"@type":"PropertyValueSpecification","valueRequired":true,"valueName":"search_term_string"}}],"inLanguage":"es"}]}},"_links":{"self":[{"href":"https:\/\/rckopen.com\/es\/wp-json\/wp\/v2\/product\/6472","targetHints":{"allow":["GET"]}}],"collection":[{"href":"https:\/\/rckopen.com\/es\/wp-json\/wp\/v2\/product"}],"about":[{"href":"https:\/\/rckopen.com\/es\/wp-json\/wp\/v2\/types\/product"}],"replies":[{"embeddable":true,"href":"https:\/\/rckopen.com\/es\/wp-json\/wp\/v2\/comments?post=6472"}],"wp:featuredmedia":[{"embeddable":true,"href":"https:\/\/rckopen.com\/es\/wp-json\/wp\/v2\/media\/6483"}],"wp:attachment":[{"href":"https:\/\/rckopen.com\/es\/wp-json\/wp\/v2\/media?parent=6472"}],"wp:term":[{"taxonomy":"product_brand","embeddable":true,"href":"https:\/\/rckopen.com\/es\/wp-json\/wp\/v2\/product_brand?post=6472"},{"taxonomy":"product_cat","embeddable":true,"href":"https:\/\/rckopen.com\/es\/wp-json\/wp\/v2\/product_cat?post=6472"},{"taxonomy":"product_tag","embeddable":true,"href":"https:\/\/rckopen.com\/es\/wp-json\/wp\/v2\/product_tag?post=6472"}],"curies":[{"name":"wp","href":"https:\/\/api.w.org\/{rel}","templated":true}]}}